{"id":2778,"date":"2024-11-12T09:59:42","date_gmt":"2024-11-12T09:59:42","guid":{"rendered":"https:\/\/vapestornado.com\/?page_id=2778"},"modified":"2024-11-12T09:59:43","modified_gmt":"2024-11-12T09:59:43","slug":"privacy-policy-for-vapestornado","status":"publish","type":"page","link":"https:\/\/vapestornado.com\/ro\/privacy-policy-for-vapestornado\/","title":{"rendered":"Politica de confiden\u021bialitate pentru vapestornado"},"content":{"rendered":"<p>La vapestornado, acord\u0103m prioritate protec\u021biei \u0219i confiden\u021bialit\u0103\u021bii informa\u021biilor dumneavoastr\u0103 personale. Aceast\u0103 Politic\u0103 de confiden\u021bialitate explic\u0103 modul \u00een care colect\u0103m, utiliz\u0103m \u0219i protej\u0103m informa\u021biile pe care le furniza\u021bi \u00een timp ce utiliza\u021bi site-ul nostru web, vapestornado.com.<\/p>\n\n\n\n<p><strong>Colectarea informa\u021biilor<\/strong><\/p>\n\n\n\n<p>C\u00e2nd vizita\u021bi site-ul nostru web, putem colecta urm\u0103toarele tipuri de informa\u021bii:<\/p>\n\n\n\n<ul class=\"wp-block-list\">\n<li><strong>Informa\u021bii personale<\/strong>: Acestea includ detalii precum numele dvs., adresa de e-mail \u0219i informa\u021biile de contact, pe care le furniza\u021bi atunci c\u00e2nd face\u021bi o achizi\u021bie sau ne contacta\u021bi.<\/li>\n\n\n\n<li><strong>Informa\u021bii despre navigare \u0219i dispozitiv<\/strong>: Colect\u0103m informa\u021bii despre comportamentul dvs. de navigare \u0219i dispozitiv prin cookie-uri \u0219i tehnologii similare pentru a v\u0103 \u00eembun\u0103t\u0103\u021bi experien\u021ba de utilizator.<\/li>\n\n\n\n<li><strong>Alte informa\u021bii<\/strong>: Orice detalii suplimentare pe care le \u00eemp\u0103rt\u0103\u0219i\u021bi voluntar cu noi.<\/li>\n<\/ul>\n\n\n\n<p><strong>Utilizarea informa\u021biilor<\/strong><\/p>\n\n\n\n<p>Folosim informa\u021biile pe care le colect\u0103m \u00een scopuri precum:<\/p>\n\n\n\n<ul class=\"wp-block-list\">\n<li><strong>Notific\u0103ri privind comenzile<\/strong>: C\u00e2nd plasa\u021bi o comand\u0103, vom folosi adresa de e-mail furnizat\u0103 pentru a trimite actualiz\u0103ri importante, cum ar fi confirm\u0103ri de comand\u0103, notific\u0103ri de expediere \u0219i alte comunic\u0103ri legate de comand\u0103.<\/li>\n\n\n\n<li><strong>Comunic\u0103ri de marketing<\/strong>: Prin plasarea unei comenzi pe site-ul nostru, sunte\u021bi de acord s\u0103 primi\u021bi e-mailuri periodice de marketing cu informa\u021bii despre produse noi, oferte speciale, promo\u021bii \u0219i evenimente. V\u0103 pute\u021bi dezabona oric\u00e2nd urm\u00e2nd instruc\u021biunile furnizate \u00een fiecare e-mail.<\/li>\n\n\n\n<li><strong>Comunicarea cu clien\u021bii<\/strong>: V\u0103 putem contacta cu privire la comenzile dvs., \u00eentreb\u0103ri \u0219i actualiz\u0103ri promo\u021bionale.<\/li>\n\n\n\n<li><strong>\u00cembun\u0103t\u0103\u021birea site-ului web<\/strong>: Folosim date pentru a ne \u00eembun\u0103t\u0103\u021bi site-ul web \u0219i serviciile pe baza feedback-ului \u0219i interac\u021biunilor utilizatorilor.<\/li>\n\n\n\n<li><strong>Securitate \u0219i prevenirea fraudei<\/strong>: Utiliz\u0103m informa\u021biile dvs. pentru a ne ajuta s\u0103 securiz\u0103m site-ul \u0219i s\u0103 prevenim activit\u0103\u021bile frauduloase.<\/li>\n<\/ul>\n\n\n\n<p><strong>Partajarea informa\u021biilor<\/strong><\/p>\n\n\n\n<p>Nu vindem \u0219i nu partaj\u0103m informa\u021biile dvs. personale cu ter\u021be p\u0103r\u021bi f\u0103r\u0103 consim\u021b\u0103m\u00e2ntul dvs., cu excep\u021bia cazurilor \u00een care este necesar pentru a v\u0103 \u00eendeplini solicit\u0103rile (de exemplu, partajarea cu partenerii de transport) sau conform cerin\u021belor legale.<\/p>\n\n\n\n<p><strong>Securitatea datelor<\/strong><\/p>\n\n\n\n<p>Utiliz\u0103m m\u0103suri de securitate standard \u00een industrie, inclusiv criptarea, tehnologia Secure Socket Layer (SSL) \u0219i evalu\u0103ri regulate de securitate, pentru a v\u0103 proteja informa\u021biile personale.<\/p>\n\n\n\n<p><strong>Drepturile dumneavoastr\u0103<\/strong><\/p>\n\n\n\n<p>Ave\u021bi dreptul de a accesa, actualiza sau \u0219terge informa\u021biile dvs. personale \u00een orice moment. De asemenea, pute\u021bi renun\u021ba la comunic\u0103rile de marketing f\u0103c\u00e2nd clic pe linkul \u201edezabonare\u201d din e-mailurile noastre.<\/p>\n\n\n\n<p><strong>Actualiz\u0103ri ale politicii<\/strong><\/p>\n\n\n\n<p>Aceast\u0103 politic\u0103 de confiden\u021bialitate poate fi actualizat\u0103 periodic pentru a reflecta modific\u0103rile din practicile noastre sau cerin\u021bele legale. V\u0103 recomand\u0103m s\u0103 revizui\u021bi periodic aceast\u0103 politic\u0103.<\/p>\n\n\n\n<p>Prin utilizarea site-ului nostru web, sunte\u021bi de acord cu termenii prezenta\u021bi \u00een aceast\u0103 politic\u0103 de confiden\u021bialitate. Pentru orice \u00eentreb\u0103ri sau nel\u0103muriri cu privire la practicile noastre de confiden\u021bialitate, v\u0103 rug\u0103m s\u0103 ne contacta\u021bi la <a>info@vapestornado.com<\/a>.<\/p>\n\n\n\n<p>V\u0103 mul\u021bumim c\u0103 a\u021bi ales vapestornado pentru nevoile dvs. de vape de unic\u0103 folosin\u021b\u0103.<\/p>","protected":false},"excerpt":{"rendered":"<p>La vapestornado, acord\u0103m prioritate protec\u021biei \u0219i confiden\u021bialit\u0103\u021bii informa\u021biilor dvs. personale. Aceast\u0103 politic\u0103 de confiden\u021bialitate explic\u0103 modul \u00een care colect\u0103m, utiliz\u0103m \u0219i protej\u0103m informa\u021biile pe care le furniza\u021bi \u00een timp ce utiliza\u021bi site-ul nostru web, vapestornado.com. Colectarea informa\u021biilor C\u00e2nd vizita\u021bi site-ul nostru web, putem colecta urm\u0103toarele tipuri de informa\u021bii: Utilizarea informa\u021biilor Folosim informa\u021biile pe care le colect\u0103m [\u2026]<\/p>","protected":false},"author":1,"featured_media":0,"parent":0,"menu_order":0,"comment_status":"closed","ping_status":"closed","template":"","meta":{"_acf_changed":false,"_uag_custom_page_level_css":"","_lmt_disableupdate":"","_lmt_disable":"","_monsterinsights_skip_tracking":false,"_monsterinsights_sitenote_active":false,"_monsterinsights_sitenote_note":"","_monsterinsights_sitenote_category":0,"site-sidebar-layout":"default","site-content-layout":"","ast-site-content-layout":"default","site-content-style":"default","site-sidebar-style":"default","ast-global-header-display":"","ast-banner-title-visibility":"","ast-main-header-display":"","ast-hfb-above-header-display":"","ast-hfb-below-header-display":"","ast-hfb-mobile-header-display":"","site-post-title":"","ast-breadcrumbs-content":"","ast-featured-img":"","footer-sml-layout":"","ast-disable-related-posts":"","theme-transparent-header-meta":"","adv-header-id-meta":"","stick-header-meta":"","header-above-stick-meta":"","header-main-stick-meta":"","header-below-stick-meta":"","astra-migrate-meta-layouts":"set","ast-page-background-enabled":"default","ast-page-background-meta":{"desktop":{"background-color":"","background-image":"","background-repeat":"repeat","background-position":"center center","background-size":"auto","background-attachment":"scroll","background-type":"","background-media":"","overlay-type":"","overlay-color":"","overlay-opacity":"","overlay-gradient":""},"tablet":{"background-color":"","background-image":"","background-repeat":"repeat","background-position":"center center","background-size":"auto","background-attachment":"scroll","background-type":"","background-media":"","overlay-type":"","overlay-color":"","overlay-opacity":"","overlay-gradient":""},"mobile":{"background-color":"","background-image":"","background-repeat":"repeat","background-position":"center center","background-size":"auto","background-attachment":"scroll","background-type":"","background-media":"","overlay-type":"","overlay-color":"","overlay-opacity":"","overlay-gradient":""}},"ast-content-background-meta":{"desktop":{"background-color":"var(--ast-global-color-5)","background-image":"","background-repeat":"repeat","background-position":"center center","background-size":"auto","background-attachment":"scroll","background-type":"","background-media":"","overlay-type":"","overlay-color":"","overlay-opacity":"","overlay-gradient":""},"tablet":{"background-color":"var(--ast-global-color-5)","background-image":"","background-repeat":"repeat","background-position":"center center","background-size":"auto","background-attachment":"scroll","background-type":"","background-media":"","overlay-type":"","overlay-color":"","overlay-opacity":"","overlay-gradient":""},"mobile":{"background-color":"var(--ast-global-color-5)","background-image":"","background-repeat":"repeat","background-position":"center center","background-size":"auto","background-attachment":"scroll","background-type":"","background-media":"","overlay-type":"","overlay-color":"","overlay-opacity":"","overlay-gradient":""}},"_joinchat":[],"footnotes":""},"class_list":["post-2778","page","type-page","status-publish","hentry"],"acf":[],"uagb_featured_image_src":{"full":false,"thumbnail":false,"medium":false,"medium_large":false,"large":false,"1536x1536":false,"2048x2048":false,"trp-custom-language-flag":false,"woocommerce_thumbnail":false,"woocommerce_single":false,"woocommerce_gallery_thumbnail":false},"uagb_author_info":{"display_name":"yannazhan@gmail.com","author_link":"https:\/\/vapestornado.com\/ro\/author\/yannazhangmail-com\/"},"uagb_comment_info":0,"uagb_excerpt":"At vapestornado, we prioritize the protection and confidentiality of your personal information. This Privacy Policy explains how we collect, use, and protect the information you provide while using our website, vapestornado.com. Information Collection When you visit our website, we may collect the following types of information: Use of Information We use the information we collect&hellip;","_links":{"self":[{"href":"https:\/\/vapestornado.com\/ro\/wp-json\/wp\/v2\/pages\/2778","targetHints":{"allow":["GET"]}}],"collection":[{"href":"https:\/\/vapestornado.com\/ro\/wp-json\/wp\/v2\/pages"}],"about":[{"href":"https:\/\/vapestornado.com\/ro\/wp-json\/wp\/v2\/types\/page"}],"author":[{"embeddable":true,"href":"https:\/\/vapestornado.com\/ro\/wp-json\/wp\/v2\/users\/1"}],"replies":[{"embeddable":true,"href":"https:\/\/vapestornado.com\/ro\/wp-json\/wp\/v2\/comments?post=2778"}],"version-history":[{"count":1,"href":"https:\/\/vapestornado.com\/ro\/wp-json\/wp\/v2\/pages\/2778\/revisions"}],"predecessor-version":[{"id":2779,"href":"https:\/\/vapestornado.com\/ro\/wp-json\/wp\/v2\/pages\/2778\/revisions\/2779"}],"wp:attachment":[{"href":"https:\/\/vapestornado.com\/ro\/wp-json\/wp\/v2\/media?parent=2778"}],"curies":[{"name":"wp","href":"https:\/\/api.w.org\/{rel}","templated":true}]}}