{"id":2776,"date":"2024-11-12T09:55:46","date_gmt":"2024-11-12T09:55:46","guid":{"rendered":"https:\/\/vapestornado.com\/?page_id=2776"},"modified":"2024-11-12T09:55:48","modified_gmt":"2024-11-12T09:55:48","slug":"terms-conditions","status":"publish","type":"page","link":"https:\/\/vapestornado.com\/ro\/terms-conditions\/","title":{"rendered":"Termeni \u0219i condi\u021bii"},"content":{"rendered":"<p>Bun venit la vapestornado! Prin accesarea \u0219i utilizarea site-ului nostru, sunte\u021bi de acord s\u0103 respecta\u021bi urm\u0103torii termeni \u0219i condi\u021bii, \u00eempreun\u0103 cu legile aplicabile. Dac\u0103 nu sunte\u021bi de acord cu ace\u0219ti termeni, v\u0103 rug\u0103m s\u0103 nu utiliza\u021bi site-ul nostru. Prin efectuarea unei achizi\u021bii pe site-ul nostru, sunte\u021bi de acord cu Termenii.<\/p>\n\n\n\n<p><strong>Comenzi Interna\u021bionale<\/strong><\/p>\n\n\n\n<p>vapestornado are sediul \u00een Hong Kong \u0219i opereaz\u0103 la nivel global. Clien\u021bii care fac cump\u0103r\u0103turi de la noi \u0219i solicit\u0103 livrarea \u00een \u021b\u0103ri din afara Hong Kong-ului sunt considera\u021bi clien\u021bi interna\u021bionali. V\u0103 rug\u0103m s\u0103 v\u0103 asigura\u021bi c\u0103 \u00een\u021belege\u021bi reglement\u0103rile din \u021bara dumneavoastr\u0103 privind de\u021binerea, importul, exportul \u0219i utilizarea produselor de vaporizare \u00eenainte de a face o achizi\u021bie. Politici suplimentare pentru anumite \u021b\u0103ri sunt descrise \u00een politicile noastre de Livrare, Retururi \u0219i Garan\u021bie.<\/p>\n\n\n\n<p><strong>Drepturi de autor<\/strong><\/p>\n\n\n\n<p>Tot con\u021binutul de pe acest site, inclusiv textul, grafica \u0219i codul, este protejat de drepturi de autor ca o lucrare colectiv\u0103, conform legilor \u00een vigoare. Aceast\u0103 lucrare colectiv\u0103 include lucr\u0103ri licen\u021biate c\u0103tre vapestornado. Drepturi de autor 2022, vapestornado. Toate drepturile rezervate. Pute\u021bi copia electronic \u0219i imprima por\u021biuni din acest site exclusiv \u00een scopul de a plasa o comand\u0103 la vapestornado sau de a achizi\u021biona produse vapestornado. Orice alt\u0103 utilizare, inclusiv reproducerea, distribuirea, afi\u0219area sau transmiterea con\u021binutului site-ului, este strict interzis\u0103 f\u0103r\u0103 permisiunea expres\u0103 a vapestornado Inc.<\/p>\n\n\n\n<p><strong>M\u0103rci \u00eenregistrate<\/strong><\/p>\n\n\n\n<p>Toate m\u0103rcile comerciale, m\u0103rcile de servicii \u0219i denumirile comerciale utilizate pe site sunt m\u0103rci comerciale sau m\u0103rci \u00eenregistrate ale vapestornado.<\/p>\n\n\n\n<p><strong>Declinarea garan\u021biei<\/strong><\/p>\n\n\n\n<p>Site-ul nostru, materialele \u0219i produsele furnizate sunt oferite \u201eca atare\u201d, f\u0103r\u0103 garan\u021bii de niciun fel, fie exprese, fie implicite. vapestornado \u00ee\u0219i declin\u0103 toate garan\u021biile, inclusiv cele de vandabilitate, de adecvare pentru un anumit scop \u0219i de ne\u00eenc\u0103lcare. Nu garant\u0103m c\u0103 func\u021biile site-ului vor fi ne\u00eentrerupte sau f\u0103r\u0103 erori, sau c\u0103 orice defec\u021biuni vor fi corectate. De asemenea, nu garant\u0103m acurate\u021bea, actualitatea sau fiabilitatea materialelor de pe site.<\/p>\n\n\n\n<p><strong>Limitarea r\u0103spunderii<\/strong><\/p>\n\n\n\n<p>vapestornado nu va fi responsabil\u0103 pentru daune speciale sau consecven\u021be rezultate din utilizarea materialelor de pe acest site sau din performan\u021ba produselor, chiar dac\u0103 a fost informat\u0103 cu privire la posibilitatea unor astfel de daune. Anumite jurisdic\u021bii nu permit limit\u0103ri ale garan\u021biilor sau excluderi ale r\u0103spunderii pentru daunele consecven\u021be, prin urmare, aceste limit\u0103ri ar putea s\u0103 nu se aplice \u00een cazul dumneavoastr\u0103.<\/p>\n\n\n\n<p><strong>\u00cencetare<\/strong><\/p>\n\n\n\n<p>Ace\u0219ti termeni \u0219i condi\u021bii vi se aplic\u0103 \u00een momentul \u00een care accesa\u021bi site-ul sau finaliza\u021bi orice proces de \u00eenregistrare sau cump\u0103r\u0103turi. vapestornado poate rezilia ace\u0219ti termeni \u0219i condi\u021bii, sau orice parte a acestora, f\u0103r\u0103 notificare, \u00een orice moment \u0219i din orice motiv. Anumite prevederi, inclusiv cele privind Drepturile de autor, M\u0103rcile comerciale, Declinarea responsabilit\u0103\u021bii, Limitarea r\u0103spunderii, Desp\u0103gubirea \u0219i Diverse, vor r\u0103m\u00e2ne \u00een vigoare \u0219i dup\u0103 \u00eencetare.<\/p>\n\n\n\n<p><strong>Notificare<\/strong><\/p>\n\n\n\n<p>vapestornado v\u0103 poate trimite o notificare prin e-mail, printr-un anun\u021b general pe site sau prin alte metode fiabile, folosind informa\u021biile de contact pe care le-a\u021bi furnizat.<\/p>\n\n\n\n<p><strong>Diverse<\/strong><\/p>\n\n\n\n<p>Utilizarea de c\u0103tre dumneavoastr\u0103 a acestui site este guvernat\u0103 de legile din Hong Kong, f\u0103r\u0103 a \u021bine cont de prevederile privind alegerea legii aplicabile. Orice proceduri legale legate de acest site vor avea loc \u00een instan\u021bele din Hong Kong. Orice reclama\u021bii legate de site trebuie depuse \u00een termen de un an de la apari\u021bia acestora. Neaplicarea de c\u0103tre vapestornado a oric\u0103rei prevederi a acestor termeni nu constituie o renun\u021bare la drepturi. vapestornado poate cesiona drepturile \u0219i obliga\u021biile sale conform acestui Acord f\u0103r\u0103 notificare.<\/p>\n\n\n\n<p><strong>Utilizarea site-ului<\/strong><\/p>\n\n\n\n<p>H\u0103r\u021buirea sub orice form\u0103 pe site este interzis\u0103. Nu ave\u021bi voie s\u0103 \u00eenc\u0103rca\u021bi con\u021binut inacceptabil sau s\u0103 solicita\u021bi servicii comerciale de la al\u021bii. vapestornado \u00ee\u0219i rezerv\u0103 dreptul de a bloca sau de a elimina con\u021binutul neadecvat, la discre\u021bia sa.<\/p>\n\n\n\n<p><strong>Declinarea responsabilit\u0103\u021bii privind participarea<\/strong><\/p>\n\n\n\n<p>vapestornado nu este responsabil\u0103 pentru con\u021binutul generat de utilizatori pe site. Ac\u021bion\u0103m ca un canal de distribu\u021bie \u0219i ne rezerv\u0103m dreptul de a elimina orice material inacceptabil.<\/p>\n\n\n\n<p><strong>Utilizarea produselor<\/strong><\/p>\n\n\n\n<p>vapestornado nu face nicio afirma\u021bie privind eficacitatea produselor noastre pentru o utilizare specific\u0103. Prin achizi\u021bionarea produselor noastre, sunte\u021bi de acord s\u0103 le utiliza\u021bi pe propriul risc. Produsele cu nicotin\u0103 sunt destinate exclusiv utiliz\u0103rii de c\u0103tre adul\u021bi. V\u0103 rug\u0103m s\u0103 consulta\u021bi un medic \u00eenainte de a utiliza produse cu nicotin\u0103.<\/p>\n\n\n\n<p><strong>Desp\u0103gubiri<\/strong><\/p>\n\n\n\n<p>Sunte\u021bi de acord s\u0103 desp\u0103gubi\u021bi vapestornado \u0219i furnizorii s\u0103i de servicii pentru orice pierderi, cheltuieli, v\u0103t\u0103m\u0103ri, daune \u0219i costuri rezultate din orice \u00eenc\u0103lcare a acestor termeni sau activit\u0103\u021bi legate de contul dumneavoastr\u0103.<\/p>\n\n\n\n<p><strong>Linkuri c\u0103tre ter\u021bi<\/strong><\/p>\n\n\n\n<p>vapestornado poate include linkuri c\u0103tre site-uri ter\u021be pentru comoditatea vizitatorilor. Nu avem control asupra acestor site-uri \u0219i nu suntem responsabili pentru practicile lor.<\/p>\n\n\n\n<p><strong>Declinarea responsabilit\u0103\u021bii pentru produse<\/strong><\/p>\n\n\n\n<p>Anumite produse pot avea declin\u0103ri de responsabilitate specifice referitoare la eligibilitatea pentru schimburi sau ramburs\u0103ri. V\u0103 rug\u0103m s\u0103 citi\u021bi toate declin\u0103rile de responsabilitate ale produselor \u00eenainte de a le achizi\u021biona. Prin acceptarea Termenilor \u0219i Condi\u021biilor noastre la finalizarea comenzii, confirma\u021bi c\u0103 a\u021bi citit \u0219i a\u021bi \u00een\u021beles toate declin\u0103rile de responsabilitate ale produselor.<\/p>\n\n\n\n<p>V\u0103 mul\u021bumim c\u0103 a\u021bi ales vapestornado!<\/p>","protected":false},"excerpt":{"rendered":"<p>Welcome to vapestornado! By accessing and using our website, you agree to comply with the following terms and conditions, along with applicable laws. If you do not agree with these terms, please do not use our site. By making a purchase on our website, you agree to the Terms &amp; Conditions below, as well as [&hellip;]<\/p>","protected":false},"author":1,"featured_media":0,"parent":0,"menu_order":0,"comment_status":"closed","ping_status":"closed","template":"","meta":{"_acf_changed":false,"_uag_custom_page_level_css":"","_lmt_disableupdate":"","_lmt_disable":"","_monsterinsights_skip_tracking":false,"_monsterinsights_sitenote_active":false,"_monsterinsights_sitenote_note":"","_monsterinsights_sitenote_category":0,"site-sidebar-layout":"default","site-content-layout":"","ast-site-content-layout":"default","site-content-style":"default","site-sidebar-style":"default","ast-global-header-display":"","ast-banner-title-visibility":"","ast-main-header-display":"","ast-hfb-above-header-display":"","ast-hfb-below-header-display":"","ast-hfb-mobile-header-display":"","site-post-title":"","ast-breadcrumbs-content":"","ast-featured-img":"","footer-sml-layout":"","ast-disable-related-posts":"","theme-transparent-header-meta":"","adv-header-id-meta":"","stick-header-meta":"","header-above-stick-meta":"","header-main-stick-meta":"","header-below-stick-meta":"","astra-migrate-meta-layouts":"set","ast-page-background-enabled":"default","ast-page-background-meta":{"desktop":{"background-color":"","background-image":"","background-repeat":"repeat","background-position":"center center","background-size":"auto","background-attachment":"scroll","background-type":"","background-media":"","overlay-type":"","overlay-color":"","overlay-opacity":"","overlay-gradient":""},"tablet":{"background-color":"","background-image":"","background-repeat":"repeat","background-position":"center center","background-size":"auto","background-attachment":"scroll","background-type":"","background-media":"","overlay-type":"","overlay-color":"","overlay-opacity":"","overlay-gradient":""},"mobile":{"background-color":"","background-image":"","background-repeat":"repeat","background-position":"center center","background-size":"auto","background-attachment":"scroll","background-type":"","background-media":"","overlay-type":"","overlay-color":"","overlay-opacity":"","overlay-gradient":""}},"ast-content-background-meta":{"desktop":{"background-color":"var(--ast-global-color-5)","background-image":"","background-repeat":"repeat","background-position":"center center","background-size":"auto","background-attachment":"scroll","background-type":"","background-media":"","overlay-type":"","overlay-color":"","overlay-opacity":"","overlay-gradient":""},"tablet":{"background-color":"var(--ast-global-color-5)","background-image":"","background-repeat":"repeat","background-position":"center center","background-size":"auto","background-attachment":"scroll","background-type":"","background-media":"","overlay-type":"","overlay-color":"","overlay-opacity":"","overlay-gradient":""},"mobile":{"background-color":"var(--ast-global-color-5)","background-image":"","background-repeat":"repeat","background-position":"center center","background-size":"auto","background-attachment":"scroll","background-type":"","background-media":"","overlay-type":"","overlay-color":"","overlay-opacity":"","overlay-gradient":""}},"_joinchat":[],"footnotes":""},"class_list":["post-2776","page","type-page","status-publish","hentry"],"acf":[],"uagb_featured_image_src":{"full":false,"thumbnail":false,"medium":false,"medium_large":false,"large":false,"1536x1536":false,"2048x2048":false,"trp-custom-language-flag":false,"woocommerce_thumbnail":false,"woocommerce_single":false,"woocommerce_gallery_thumbnail":false},"uagb_author_info":{"display_name":"yannazhan@gmail.com","author_link":"https:\/\/vapestornado.com\/ro\/author\/yannazhangmail-com\/"},"uagb_comment_info":0,"uagb_excerpt":"Welcome to vapestornado! By accessing and using our website, you agree to comply with the following terms and conditions, along with applicable laws. If you do not agree with these terms, please do not use our site. By making a purchase on our website, you agree to the Terms &amp; Conditions below, as well as&hellip;","_links":{"self":[{"href":"https:\/\/vapestornado.com\/ro\/wp-json\/wp\/v2\/pages\/2776","targetHints":{"allow":["GET"]}}],"collection":[{"href":"https:\/\/vapestornado.com\/ro\/wp-json\/wp\/v2\/pages"}],"about":[{"href":"https:\/\/vapestornado.com\/ro\/wp-json\/wp\/v2\/types\/page"}],"author":[{"embeddable":true,"href":"https:\/\/vapestornado.com\/ro\/wp-json\/wp\/v2\/users\/1"}],"replies":[{"embeddable":true,"href":"https:\/\/vapestornado.com\/ro\/wp-json\/wp\/v2\/comments?post=2776"}],"version-history":[{"count":1,"href":"https:\/\/vapestornado.com\/ro\/wp-json\/wp\/v2\/pages\/2776\/revisions"}],"predecessor-version":[{"id":2777,"href":"https:\/\/vapestornado.com\/ro\/wp-json\/wp\/v2\/pages\/2776\/revisions\/2777"}],"wp:attachment":[{"href":"https:\/\/vapestornado.com\/ro\/wp-json\/wp\/v2\/media?parent=2776"}],"curies":[{"name":"wp","href":"https:\/\/api.w.org\/{rel}","templated":true}]}}