{"id":2769,"date":"2024-11-12T09:44:18","date_gmt":"2024-11-12T09:44:18","guid":{"rendered":"https:\/\/vapestornado.com\/?page_id=2769"},"modified":"2024-11-12T09:45:01","modified_gmt":"2024-11-12T09:45:01","slug":"refund-policy","status":"publish","type":"page","link":"https:\/\/vapestornado.com\/ro\/refund-policy\/","title":{"rendered":"Politica de rambursare"},"content":{"rendered":"<p>V\u0103 mul\u021bumim c\u0103 a\u021bi f\u0103cut cump\u0103r\u0103turi cu vapestornado. V\u0103 rug\u0103m s\u0103 consulta\u021bi cu aten\u021bie politica noastr\u0103 de rambursare:<\/p>\n\n\n\n<p><strong>Solicit\u0103ri de rambursare \u00een 24 de ore:<\/strong><br>Pute\u021bi solicita o rambursare \u00een termen de 24 de ore de la plasarea comenzii. Contacta\u021bi-ne imediat pentru a primi o rambursare complet\u0103.<\/p>\n\n\n\n<p><strong>Solicit\u0103ri de rambursare dup\u0103 24 de ore:<\/strong><br>Pentru comenzile plasate cu mai mult de 24 de ore \u00een urm\u0103, o rambursare complet\u0103 poate s\u0103 nu fie posibil\u0103, deoarece comenzile sunt de obicei preg\u0103tite pentru vam\u0103. \u00cen aceste cazuri, putem oferi o rambursare par\u021bial\u0103 de p\u00e2n\u0103 la 50% din valoarea comenzii, din cauza costului de rechemare a pachetului.<\/p>\n\n\n\n<p><strong>Nicio rambursare dup\u0103 expediere:<\/strong><br>Odat\u0103 ce pachetul dumneavoastr\u0103 a fost expediat \u0219i a fost emis un num\u0103r de urm\u0103rire, nu ve\u021bi mai fi eligibil pentru o rambursare.<\/p>\n\n\n\n<p><strong>Asigurare \u0219i probleme vamale:<\/strong><br>Toate pachetele sunt asigurate. Dac\u0103 pachetul dumneavoastr\u0103 este re\u021binut de vam\u0103 \u0219i nu este eliberat, vom emite o rambursare complet\u0103.<\/p>\n\n\n\n<p><strong>Adres\u0103 incorect\u0103 sau probleme de livrare:<\/strong><br>Dac\u0103 un pachet nu poate fi livrat din cauza unei adrese incorecte sau a altor probleme legate de client, clientul este responsabil pentru costul reexpedierii.<\/p>\n\n\n\n<p>Pentru orice \u00eentreb\u0103ri sau nel\u0103muriri cu privire la politica noastr\u0103 de rambursare, v\u0103 rug\u0103m s\u0103 contacta\u021bi echipa noastr\u0103 de asisten\u021b\u0103 clien\u021bi la vapestornado.<\/p>\n\n\n\n<p><\/p>","protected":false},"excerpt":{"rendered":"<p>V\u0103 mul\u021bumim c\u0103 face\u021bi cump\u0103r\u0103turi cu vapestornado. V\u0103 rug\u0103m s\u0103 analiza\u021bi cu aten\u021bie politica noastr\u0103 de rambursare: Solicit\u0103ri de rambursare \u00een 24 de ore: Pute\u021bi solicita o rambursare \u00een termen de 24 de ore de la plasarea comenzii. Contacta\u021bi-ne imediat pentru a primi o rambursare complet\u0103. Solicit\u0103ri de rambursare dup\u0103 24 de ore: Pentru comenzile plasate cu mai mult de 24 de ore \u00een urm\u0103, o rambursare complet\u0103 poate s\u0103 nu fie posibil\u0103 [...]<\/p>","protected":false},"author":1,"featured_media":0,"parent":0,"menu_order":0,"comment_status":"closed","ping_status":"closed","template":"","meta":{"_acf_changed":false,"_uag_custom_page_level_css":"","_lmt_disableupdate":"","_lmt_disable":"","_monsterinsights_skip_tracking":false,"_monsterinsights_sitenote_active":false,"_monsterinsights_sitenote_note":"","_monsterinsights_sitenote_category":0,"site-sidebar-layout":"default","site-content-layout":"","ast-site-content-layout":"default","site-content-style":"default","site-sidebar-style":"default","ast-global-header-display":"","ast-banner-title-visibility":"","ast-main-header-display":"","ast-hfb-above-header-display":"","ast-hfb-below-header-display":"","ast-hfb-mobile-header-display":"","site-post-title":"","ast-breadcrumbs-content":"","ast-featured-img":"","footer-sml-layout":"","ast-disable-related-posts":"","theme-transparent-header-meta":"","adv-header-id-meta":"","stick-header-meta":"","header-above-stick-meta":"","header-main-stick-meta":"","header-below-stick-meta":"","astra-migrate-meta-layouts":"set","ast-page-background-enabled":"default","ast-page-background-meta":{"desktop":{"background-color":"","background-image":"","background-repeat":"repeat","background-position":"center center","background-size":"auto","background-attachment":"scroll","background-type":"","background-media":"","overlay-type":"","overlay-color":"","overlay-opacity":"","overlay-gradient":""},"tablet":{"background-color":"","background-image":"","background-repeat":"repeat","background-position":"center center","background-size":"auto","background-attachment":"scroll","background-type":"","background-media":"","overlay-type":"","overlay-color":"","overlay-opacity":"","overlay-gradient":""},"mobile":{"background-color":"","background-image":"","background-repeat":"repeat","background-position":"center center","background-size":"auto","background-attachment":"scroll","background-type":"","background-media":"","overlay-type":"","overlay-color":"","overlay-opacity":"","overlay-gradient":""}},"ast-content-background-meta":{"desktop":{"background-color":"var(--ast-global-color-5)","background-image":"","background-repeat":"repeat","background-position":"center center","background-size":"auto","background-attachment":"scroll","background-type":"","background-media":"","overlay-type":"","overlay-color":"","overlay-opacity":"","overlay-gradient":""},"tablet":{"background-color":"var(--ast-global-color-5)","background-image":"","background-repeat":"repeat","background-position":"center center","background-size":"auto","background-attachment":"scroll","background-type":"","background-media":"","overlay-type":"","overlay-color":"","overlay-opacity":"","overlay-gradient":""},"mobile":{"background-color":"var(--ast-global-color-5)","background-image":"","background-repeat":"repeat","background-position":"center center","background-size":"auto","background-attachment":"scroll","background-type":"","background-media":"","overlay-type":"","overlay-color":"","overlay-opacity":"","overlay-gradient":""}},"_joinchat":[],"footnotes":""},"class_list":["post-2769","page","type-page","status-publish","hentry"],"acf":[],"uagb_featured_image_src":{"full":false,"thumbnail":false,"medium":false,"medium_large":false,"large":false,"1536x1536":false,"2048x2048":false,"trp-custom-language-flag":false,"woocommerce_thumbnail":false,"woocommerce_single":false,"woocommerce_gallery_thumbnail":false},"uagb_author_info":{"display_name":"yannazhan@gmail.com","author_link":"https:\/\/vapestornado.com\/ro\/author\/yannazhangmail-com\/"},"uagb_comment_info":0,"uagb_excerpt":"Thank you for shopping with vapestornado. Please review our refund policy carefully: Refund Requests Within 24 Hours:You may request a refund within 24 hours of placing your order. Contact us promptly to receive a full refund. Refund Requests After 24 Hours:For orders placed more than 24 hours ago, a full refund may not be possible&hellip;","_links":{"self":[{"href":"https:\/\/vapestornado.com\/ro\/wp-json\/wp\/v2\/pages\/2769","targetHints":{"allow":["GET"]}}],"collection":[{"href":"https:\/\/vapestornado.com\/ro\/wp-json\/wp\/v2\/pages"}],"about":[{"href":"https:\/\/vapestornado.com\/ro\/wp-json\/wp\/v2\/types\/page"}],"author":[{"embeddable":true,"href":"https:\/\/vapestornado.com\/ro\/wp-json\/wp\/v2\/users\/1"}],"replies":[{"embeddable":true,"href":"https:\/\/vapestornado.com\/ro\/wp-json\/wp\/v2\/comments?post=2769"}],"version-history":[{"count":2,"href":"https:\/\/vapestornado.com\/ro\/wp-json\/wp\/v2\/pages\/2769\/revisions"}],"predecessor-version":[{"id":2771,"href":"https:\/\/vapestornado.com\/ro\/wp-json\/wp\/v2\/pages\/2769\/revisions\/2771"}],"wp:attachment":[{"href":"https:\/\/vapestornado.com\/ro\/wp-json\/wp\/v2\/media?parent=2769"}],"curies":[{"name":"wp","href":"https:\/\/api.w.org\/{rel}","templated":true}]}}