{"id":4822,"date":"2026-01-22T08:52:40","date_gmt":"2026-01-22T08:52:40","guid":{"rendered":"https:\/\/vapestornado.com\/?post_type=product&#038;p=4822"},"modified":"2026-01-22T09:13:50","modified_gmt":"2026-01-22T09:13:50","slug":"vozol-neon-45000-puffs-45k-adjustable-ice-level-disposable-vape-pod","status":"publish","type":"product","link":"https:\/\/vapestornado.com\/pt\/product\/vozol-neon-45000-puffs-45k-adjustable-ice-level-disposable-vape-pod\/","title":{"rendered":"Vozol Neon 45000 Puffs 45k N\u00edvel de Gelo Ajust\u00e1vel Vape Descart\u00e1vel Pod"},"content":{"rendered":"<h1 data-start=\"0\" data-end=\"87\">Pod de cigarro descart\u00e1vel Vozol Neon 45000 Puffs com gelo ajust\u00e1vel<\/h1>\n<p data-start=\"63\" data-end=\"414\">O <strong data-start=\"67\" data-end=\"93\">Vozol Neon 45000 Puffs<\/strong> \u00e9 concebido para utilizadores que desejam longa dura\u00e7\u00e3o, controlo claro e sabor est\u00e1vel desde o primeiro ao \u00faltimo puff. Projetado como um <strong data-start=\"217\" data-end=\"249\">cigarro descart\u00e1vel de alta qualidade<\/strong>, oferece at\u00e9 <strong data-start=\"269\" data-end=\"285\">45.000 tragos<\/strong> com sistema recarreg\u00e1vel, tornando-o uma op\u00e7\u00e3o fi\u00e1vel para utilizadores frequentes e compradores por grosso que focam no valor e desempenho.<\/p>\n<p data-start=\"416\" data-end=\"786\">Alimentado por uma <strong data-start=\"429\" data-end=\"468\">Bateria recarreg\u00e1vel Tipo C de 1000mAh<\/strong>, o <strong data-start=\"474\" data-end=\"492\">Vozol Neon 45K<\/strong> garante que o l\u00edquido eletr\u00f3nico seja totalmente utilizado, sem desperd\u00edcio. O <strong data-start=\"554\" data-end=\"574\">Vape com ecr\u00e3<\/strong> mostra os n\u00edveis de bateria e l\u00edquido eletr\u00f3nico em tempo real, ajudando os utilizadores a gerir o uso sem adivinha\u00e7\u00f5es. Combinado com a bobina de malha Vozol e a tecnologia de sabor S.i.L.C, cada puff mant\u00e9m-se consistente, suave e cheio de corpo.<\/p>\n<p data-start=\"788\" data-end=\"1345\">Como um <strong data-start=\"794\" data-end=\"828\">Cigarro descart\u00e1vel ajust\u00e1vel com gelo<\/strong>, o Vozol Neon 45000 permite aos utilizadores ajustar o n\u00edvel de arrefecimento para corresponder a diferentes perfis de sabor e prefer\u00eancias pessoais. Com 20ml de l\u00edquido eletr\u00f3nico pr\u00e9-carregado, for\u00e7a de nicotina 2%, e um corpo estilo pod moderno, este <strong data-start=\"1037\" data-end=\"1060\">Pod de cigarro descart\u00e1vel<\/strong> equilibra desempenho forte com conforto di\u00e1rio. Para distribuidores e retalhistas, os produtos de vaping Vozol s\u00e3o conhecidos pela qualidade est\u00e1vel, forte reconhecimento de marca e procura repetida.<br data-start=\"1235\" data-end=\"1238\" \/><strong data-start=\"1238\" data-end=\"1251\">Encomende agora<\/strong> e garanta um descart\u00e1vel duradouro, equipado com visor, que atende \u00e0s expectativas do mercado atual.<\/p>\n<p><strong><span style=\"color: #ff0000;\">Adicione o WhatsApp da Amy para uma resposta r\u00e1pida e cup\u00e3o de vape!<\/span><\/strong><\/p>\n<p><img fetchpriority=\"high\" decoding=\"async\" class=\"size-full wp-image-2932\" src=\"https:\/\/vapestornado.com\/wp-content\/uploads\/2024\/12\/Vape-Wholesale.jpg\" alt=\"Vape Atacado\" width=\"229\" height=\"300\" \/><\/p>\n<h3><a href=\"https:\/\/wa.me\/8617776015835\" target=\"_blank\" rel=\"noopener\"><span style=\"color: #ff0000;\"><strong>WhatsApp: +86 17776015835<\/strong><\/span><\/a><\/h3>\n<p>&nbsp;<\/p>\n<h2><strong>Caracter\u00edsticas do Produto Vozol Neon 45000 Puffs<\/strong><\/h2>\n<ul data-start=\"1939\" data-end=\"2435\">\n<li data-start=\"1939\" data-end=\"2042\">\n<p data-start=\"1941\" data-end=\"2042\"><strong data-start=\"1941\" data-end=\"1966\">Capacidade de 45.000 Puff:<\/strong> Projetado para uso prolongado, reduzindo o custo de substitui\u00e7\u00e3o para vaporizadores frequentes.<\/p>\n<\/li>\n<li data-start=\"2043\" data-end=\"2145\">\n<p data-start=\"2045\" data-end=\"2145\"><strong data-start=\"2045\" data-end=\"2078\">Bateria Recarreg\u00e1vel de 1000mAh:<\/strong> Carregamento r\u00e1pido Type-C garante uso completo de todo o e-l\u00edquido pr\u00e9-preenchido.<\/p>\n<\/li>\n<li data-start=\"2146\" data-end=\"2238\">\n<p data-start=\"2148\" data-end=\"2238\"><strong data-start=\"2148\" data-end=\"2173\">Ecr\u00e3 Inteligente:<\/strong> Mostra claramente os n\u00edveis de bateria e \u00f3leo para melhor controlo de utiliza\u00e7\u00e3o.<\/p>\n<\/li>\n<li data-start=\"2239\" data-end=\"2337\">\n<p data-start=\"2241\" data-end=\"2337\"><strong data-start=\"2241\" data-end=\"2266\">N\u00edvel de Gelo Ajust\u00e1vel:<\/strong> Permite aos utilizadores personalizar a intensidade do arrefecimento sem trocar de dispositivos.<\/p>\n<\/li>\n<li data-start=\"2338\" data-end=\"2435\">\n<p data-start=\"2340\" data-end=\"2435\"><strong data-start=\"2340\" data-end=\"2365\">Tecnologia de resist\u00eancia de malha:<\/strong> Proporciona aquecimento uniforme, vapor suave e sa\u00edda de sabor consistente.<\/p>\n<\/li>\n<\/ul>\n<figure id=\"attachment_4816\" aria-describedby=\"caption-attachment-4816\" style=\"width: 284px\" class=\"wp-caption alignnone\"><img decoding=\"async\" class=\"size-medium wp-image-4816\" src=\"https:\/\/vapestornado.com\/wp-content\/uploads\/2026\/01\/Vozol-45K-45000-Puff-Disposable-Vape-Pod-Wholesale-1-284x300.webp\" alt=\"Vozol 45K Vape Descart\u00e1vel 45000 Puff Venda por grosso\" width=\"284\" height=\"300\" srcset=\"https:\/\/vapestornado.com\/wp-content\/uploads\/2026\/01\/Vozol-45K-45000-Puff-Disposable-Vape-Pod-Wholesale-1-284x300.webp 284w, https:\/\/vapestornado.com\/wp-content\/uploads\/2026\/01\/Vozol-45K-45000-Puff-Disposable-Vape-Pod-Wholesale-1-971x1024.webp 971w, https:\/\/vapestornado.com\/wp-content\/uploads\/2026\/01\/Vozol-45K-45000-Puff-Disposable-Vape-Pod-Wholesale-1-768x810.webp 768w, https:\/\/vapestornado.com\/wp-content\/uploads\/2026\/01\/Vozol-45K-45000-Puff-Disposable-Vape-Pod-Wholesale-1-1456x1536.webp 1456w, https:\/\/vapestornado.com\/wp-content\/uploads\/2026\/01\/Vozol-45K-45000-Puff-Disposable-Vape-Pod-Wholesale-1-11x12.webp 11w, https:\/\/vapestornado.com\/wp-content\/uploads\/2026\/01\/Vozol-45K-45000-Puff-Disposable-Vape-Pod-Wholesale-1-600x633.webp 600w, https:\/\/vapestornado.com\/wp-content\/uploads\/2026\/01\/Vozol-45K-45000-Puff-Disposable-Vape-Pod-Wholesale-1.webp 1500w\" sizes=\"(max-width: 284px) 100vw, 284px\" \/><figcaption id=\"caption-attachment-4816\" class=\"wp-caption-text\">Vozol 45K Vape Descart\u00e1vel 45000 Puff Venda por grosso<\/figcaption><\/figure>\n<div><\/div>\n<h2 class=\"product-title\"><strong>Lista de Sabores do Vozol Neon 45000 Puff<\/strong><\/h2>\n<p>1. Cherry de Framboesa e Lima<br \/>\n2. Hortel\u00e3 de Framboesa<br \/>\n3. Gelo de Framboesa Azul<br \/>\n4.Mirtilo e Melancia<br \/>\n5. Cola de Cereja<br \/>\n6. Cereja Strazz<br \/>\n7. Framboesa Congelada<br \/>\n8. Fruta do Drag\u00e3o, Banana e Cereja<br \/>\n9. Morango Congelado<br \/>\n10. Gelo de Uva<br \/>\n11. Para\u00edso de Anan\u00e1s Havaiano<br \/>\n12. Love 777<br \/>\n13. Lichia, Laranja e Fruta da Paix\u00e3o<br \/>\n14. Donzela<br \/>\n15. Manga com Gelo<br \/>\n16.Miami Mint<br \/>\n17.Mixed Berries<br \/>\n18.P\u00eassego Ice<br \/>\n19.Ma\u00e7\u00e3 Azeda Ice<br \/>\n20.Manga Azeda Abacaxi<br \/>\n21.Morango Banana<br \/>\n22.margarita de morango<br \/>\n23.vzbull<br \/>\n24.Melancia Ice<br \/>\n25.Melancia Razz Rancher<br \/>\n26.Melancia P\u00eassego Azedo<\/p>\n<div class=\"flex-shrink-0 flex flex-col relative items-end\">\n<div class=\"pt-0\">\n<div class=\"gizmo-bot-avatar flex h-8 w-8 items-center justify-center overflow-hidden rounded-full\">\n<div class=\"relative p-1 rounded-sm flex items-center justify-center bg-token-main-surface-primary text-token-text-primary h-8 w-8\">\n<h2 data-start=\"1200\" data-end=\"1487\">Vapes Tornado \u2013 Sua loja de vapor por atacado online para vaporizadores populares<\/h2>\n<p data-start=\"72\" data-end=\"396\"><strong data-start=\"72\" data-end=\"89\">Vapes Tornado<\/strong> \u00e9 uma loja de vapor por atacado online com foco na Europa, fornecendo uma gama cuidadosamente selecionada de <strong data-start=\"178\" data-end=\"195\">vaporizadores populares<\/strong> para compradores profissionais. Trabalhamos com retalhistas, distribuidores e lojas online em toda a UE que necessitam de fornecimento est\u00e1vel, informa\u00e7\u00f5es claras sobre o produto e marcas que os clientes j\u00e1 reconhecem e confiam.<\/p>\n<p data-start=\"398\" data-end=\"687\">Trabalhamos com nomes de confian\u00e7a como <strong data-start=\"247\" data-end=\"352\">Vape Elf Bar, Vape WASPE, <a href=\"https:\/\/vapestornado.com\/pt\/product\/uzy-150k-puffs-6-in-1-flavor-switch-disposable-vape-pen-wholesale\/\">UZY Vape<\/a>, Bang Vape, Razz Bar Vape, <a href=\"https:\/\/vapestornado.com\/pt\/product\/randm-12000-puffs-fumot-digital-disposable-vape-wholesale-price\/\">Fumot VAPE<\/a>, <a href=\"https:\/\/vapestornado.com\/pt\/product\/original-wga-ultra-35k-35000-puff-rechargeable-crystal-disposable-nicotine-vape-best-discount-price\/\">WGA VAPE<\/a>, <a href=\"https:\/\/vapestornado.com\/pt\/product\/vozol-gear-shisha-25k-25000-puffs-best-dtl-disposable-vape-hookah-cheap-price\/\">VOZOL BAR VAPE<\/a>,\u00a0e Stag Bar Vape<\/strong>, escolhidos pela qualidade consistente e forte procura no mercado europeu.<\/p>\n<h4 data-start=\"1080\" data-end=\"1120\">Constru\u00eddo para Compradores por Atacado Europeus<\/h4>\n<p data-start=\"1121\" data-end=\"1189\">Vapes Tornado \u00e9 estruturado em torno das necessidades reais dos grossistas da UE:<\/p>\n<ul data-start=\"1190\" data-end=\"1400\">\n<li data-start=\"1190\" data-end=\"1239\">\n<p data-start=\"1192\" data-end=\"1239\">Pre\u00e7os de atacado competitivos para encomendas em grande quantidade<\/p>\n<\/li>\n<li data-start=\"1240\" data-end=\"1289\">\n<p data-start=\"1242\" data-end=\"1289\">Descri\u00e7\u00f5es e especifica\u00e7\u00f5es claras do produto<\/p>\n<\/li>\n<li data-start=\"1290\" data-end=\"1330\">\n<p data-start=\"1292\" data-end=\"1330\">Log\u00edstica r\u00e1pida e fi\u00e1vel orientada para a UE<\/p>\n<\/li>\n<li data-start=\"1331\" data-end=\"1400\">\n<p data-start=\"1333\" data-end=\"1400\">Um cat\u00e1logo focado em <strong data-start=\"1356\" data-end=\"1373\">vaporizadores populares<\/strong>, n\u00e3o SKUs excessivamente saturados<\/p>\n<\/li>\n<\/ul>\n<h2 data-start=\"2064\" data-end=\"2115\">Perguntas Frequentes sobre o Vape Descart\u00e1vel Vozol Neon 45000 Puffs<\/h2>\n<p data-start=\"2720\" data-end=\"2871\"><strong data-start=\"2720\" data-end=\"2767\">Este Neon 45000 \u00e9 um produto Vozol genu\u00edno?<\/strong><br data-start=\"2767\" data-end=\"2770\" \/>Sim, o Vozol Neon 45000 Puffs \u00e9 um vape aut\u00eantico Vozol com marca e especifica\u00e7\u00f5es oficiais.<\/p>\n<p data-start=\"2873\" data-end=\"3008\"><strong data-start=\"2873\" data-end=\"2915\">Quanto tempo dura o Vozol Neon 45K?<\/strong><br data-start=\"2915\" data-end=\"2918\" \/>O uso depende dos h\u00e1bitos, mas a capacidade de 45.000 puffs \u00e9 projetada para uso di\u00e1rio a longo prazo.<\/p>\n<p data-start=\"3010\" data-end=\"3133\"><strong data-start=\"3010\" data-end=\"3048\">Posso recarregar o Vozol Neon 45000?<\/strong><br data-start=\"3048\" data-end=\"3051\" \/>Sim, possui uma bateria recarreg\u00e1vel Type-C para consumir completamente o l\u00edquido de 20ml.<\/p>\n<p data-start=\"3135\" data-end=\"3256\"><strong data-start=\"3135\" data-end=\"3174\">Qual a concentra\u00e7\u00e3o de nicotina que utiliza?<\/strong><br data-start=\"3174\" data-end=\"3177\" \/>Este modelo vem com uma concentra\u00e7\u00e3o de nicotina 2% (20mg\/ml) para satisfa\u00e7\u00e3o equilibrada.<\/p>\n<p data-start=\"3258\" data-end=\"3368\"><strong data-start=\"3258\" data-end=\"3298\">Como posso saber quando est\u00e1 a acabar?<\/strong><br data-start=\"3298\" data-end=\"3301\" \/>A tela incorporada exibe os n\u00edveis de bateria e de e-l\u00edquido em tempo real.<\/p>\n<\/div>\n<\/div>\n<\/div>\n<\/div>","protected":false},"excerpt":{"rendered":"<div class=\"flex max-w-full flex-col grow\">\n<div class=\"min-h-8 text-message relative flex w-full flex-col items-end gap-2 text-start break-words whitespace-normal [.text-message+&amp;]:mt-1\" dir=\"auto\" data-message-author-role=\"assistant\" data-message-id=\"2a9d6edf-5b3a-41c0-afc9-caef2e4c2c3b\" data-message-model-slug=\"gpt-5-2\">\n<div class=\"flex w-full flex-col gap-1 empty:hidden first:pt-[1px]\">\n<div class=\"markdown prose dark:prose-invert w-full break-words light markdown-new-styling\">\n<p data-start=\"3612\" data-end=\"3673\">O cigarro descart\u00e1vel Vozol Neon 45000 Puffs \u00e9 concebido para utilizadores que exigem desempenho duradouro e sa\u00edda de sabor est\u00e1vel. Com uma bateria recarreg\u00e1vel potente, visor inteligente e n\u00edvel de gelo ajust\u00e1vel, oferece uma vaporiza\u00e7\u00e3o controlada, suave e com sabor consistente. Projetado com tecnologia de bobina de malha Vozol, proporciona qualidade fi\u00e1vel num formato de cigarro descart\u00e1vel elegante e de alta gama.<\/p>\n<\/div>\n<\/div>\n<\/div>\n<\/div>\n<p><strong>Adicione o whatsapp da Amy para obter resposta certa e pre\u00e7o de desconto!<\/strong><\/p>\n<p><img fetchpriority=\"high\" decoding=\"async\" class=\"size-full wp-image-2932\" src=\"https:\/\/vapestornado.com\/wp-content\/uploads\/2024\/12\/Vape-Wholesale.jpg\" alt=\"Vape Atacado\" width=\"229\" height=\"300\" \/><\/p>\n<h3><a href=\"https:\/\/wa.me\/8617776015835\"><span style=\"color: #ff0000;\"><strong>WhatsApp: +86 17776015835<\/strong><\/span><\/a><\/h3>","protected":false},"featured_media":4820,"comment_status":"open","ping_status":"closed","template":"","meta":{"_acf_changed":false,"_uag_custom_page_level_css":"","_lmt_disableupdate":"no","_lmt_disable":"","_monsterinsights_skip_tracking":false,"_monsterinsights_sitenote_active":false,"_monsterinsights_sitenote_note":"","_monsterinsights_sitenote_category":0,"site-sidebar-layout":"default","site-content-layout":"","ast-site-content-layout":"default","site-content-style":"default","site-sidebar-style":"default","ast-global-header-display":"","ast-banner-title-visibility":"","ast-main-header-display":"","ast-hfb-above-header-display":"","ast-hfb-below-header-display":"","ast-hfb-mobile-header-display":"","site-post-title":"","ast-breadcrumbs-content":"","ast-featured-img":"","footer-sml-layout":"","ast-disable-related-posts":"","theme-transparent-header-meta":"default","adv-header-id-meta":"","stick-header-meta":"","header-above-stick-meta":"","header-main-stick-meta":"","header-below-stick-meta":"","astra-migrate-meta-layouts":"set","ast-page-background-enabled":"default","ast-page-background-meta":{"desktop":{"background-color":"","background-image":"","background-repeat":"repeat","background-position":"center center","background-size":"auto","background-attachment":"scroll","background-type":"","background-media":"","overlay-type":"","overlay-color":"","overlay-opacity":"","overlay-gradient":""},"tablet":{"background-color":"","background-image":"","background-repeat":"repeat","background-position":"center center","background-size":"auto","background-attachment":"scroll","background-type":"","background-media":"","overlay-type":"","overlay-color":"","overlay-opacity":"","overlay-gradient":""},"mobile":{"background-color":"","background-image":"","background-repeat":"repeat","background-position":"center center","background-size":"auto","background-attachment":"scroll","background-type":"","background-media":"","overlay-type":"","overlay-color":"","overlay-opacity":"","overlay-gradient":""}},"ast-content-background-meta":{"desktop":{"background-color":"var(--ast-global-color-5)","background-image":"","background-repeat":"repeat","background-position":"center center","background-size":"auto","background-attachment":"scroll","background-type":"","background-media":"","overlay-type":"","overlay-color":"","overlay-opacity":"","overlay-gradient":""},"tablet":{"background-color":"var(--ast-global-color-5)","background-image":"","background-repeat":"repeat","background-position":"center center","background-size":"auto","background-attachment":"scroll","background-type":"","background-media":"","overlay-type":"","overlay-color":"","overlay-opacity":"","overlay-gradient":""},"mobile":{"background-color":"var(--ast-global-color-5)","background-image":"","background-repeat":"repeat","background-position":"center center","background-size":"auto","background-attachment":"scroll","background-type":"","background-media":"","overlay-type":"","overlay-color":"","overlay-opacity":"","overlay-gradient":""}},"_joinchat":[]},"product_brand":[],"product_cat":[265,149,150,151,152,153,143,492,146,57],"product_tag":[554,555,550,556,549,513,93,269,552,553,220],"class_list":{"0":"post-4822","1":"product","2":"type-product","3":"status-publish","4":"has-post-thumbnail","6":"product_cat-45000-puff","7":"product_cat-buy-disposable-vapes-in-austria","8":"product_cat-buy-disposable-vapes-in-belgium","9":"product_cat-buy-disposable-vapes-in-france","10":"product_cat-buy-disposable-vapes-in-cermany","11":"product_cat-buy-disposable-vapes-in-italy","12":"product_cat-dual-mesh-disposable-vapes","13":"product_cat-eu-warehouse","14":"product_cat-rechargeable-disposable-vapes","15":"product_cat-vozol-vape","16":"product_tag-adjustable-ice-disposable-vape","17":"product_tag-disposable-vape-pod","18":"product_tag-disposable-vape-with-screen","19":"product_tag-high-quanlity-disposable-vape","20":"product_tag-vape-cheap-price","21":"product_tag-vape-discount-price","22":"product_tag-vape-wholesale","23":"product_tag-vape-with-screen","24":"product_tag-vozol-neon-45000-puffs","25":"product_tag-vozol-neon-45k","26":"product_tag-vozol-vape","27":"desktop-align-left","28":"tablet-align-left","29":"mobile-align-left","31":"first","32":"instock","33":"sale","34":"shipping-taxable","35":"purchasable","36":"product-type-simple"},"acf":[],"uagb_featured_image_src":{"full":["https:\/\/vapestornado.com\/wp-content\/uploads\/2026\/01\/Vozol-45000-Puff-Disposable-Vape-Box-Wholesale.webp",800,800,false],"thumbnail":["https:\/\/vapestornado.com\/wp-content\/uploads\/2026\/01\/Vozol-45000-Puff-Disposable-Vape-Box-Wholesale-150x150.webp",150,150,true],"medium":["https:\/\/vapestornado.com\/wp-content\/uploads\/2026\/01\/Vozol-45000-Puff-Disposable-Vape-Box-Wholesale-300x300.webp",300,300,true],"medium_large":["https:\/\/vapestornado.com\/wp-content\/uploads\/2026\/01\/Vozol-45000-Puff-Disposable-Vape-Box-Wholesale-768x768.webp",768,768,true],"large":["https:\/\/vapestornado.com\/wp-content\/uploads\/2026\/01\/Vozol-45000-Puff-Disposable-Vape-Box-Wholesale.webp",800,800,false],"1536x1536":["https:\/\/vapestornado.com\/wp-content\/uploads\/2026\/01\/Vozol-45000-Puff-Disposable-Vape-Box-Wholesale.webp",800,800,false],"2048x2048":["https:\/\/vapestornado.com\/wp-content\/uploads\/2026\/01\/Vozol-45000-Puff-Disposable-Vape-Box-Wholesale.webp",800,800,false],"trp-custom-language-flag":["https:\/\/vapestornado.com\/wp-content\/uploads\/2026\/01\/Vozol-45000-Puff-Disposable-Vape-Box-Wholesale-12x12.webp",12,12,true],"woocommerce_thumbnail":["https:\/\/vapestornado.com\/wp-content\/uploads\/2026\/01\/Vozol-45000-Puff-Disposable-Vape-Box-Wholesale-300x300.webp",300,300,true],"woocommerce_single":["https:\/\/vapestornado.com\/wp-content\/uploads\/2026\/01\/Vozol-45000-Puff-Disposable-Vape-Box-Wholesale-600x600.webp",600,600,true],"woocommerce_gallery_thumbnail":["https:\/\/vapestornado.com\/wp-content\/uploads\/2026\/01\/Vozol-45000-Puff-Disposable-Vape-Box-Wholesale-100x100.webp",100,100,true]},"uagb_author_info":{"display_name":"ESAMY","author_link":"https:\/\/vapestornado.com\/pt\/author\/"},"uagb_comment_info":0,"uagb_excerpt":"The Vozol Neon 45000 Puffs disposable vape pod is built for users who demand long-lasting performance and stable flavour output. With a powerful rechargeable battery, smart screen display, and adjustable ice level, it delivers controlled, smooth vaping with consistent taste. Designed with Vozol mesh coil technology, it offers reliable quality in a sleek, high-end disposable&hellip;","_links":{"self":[{"href":"https:\/\/vapestornado.com\/pt\/wp-json\/wp\/v2\/product\/4822","targetHints":{"allow":["GET"]}}],"collection":[{"href":"https:\/\/vapestornado.com\/pt\/wp-json\/wp\/v2\/product"}],"about":[{"href":"https:\/\/vapestornado.com\/pt\/wp-json\/wp\/v2\/types\/product"}],"replies":[{"embeddable":true,"href":"https:\/\/vapestornado.com\/pt\/wp-json\/wp\/v2\/comments?post=4822"}],"wp:featuredmedia":[{"embeddable":true,"href":"https:\/\/vapestornado.com\/pt\/wp-json\/wp\/v2\/media\/4820"}],"wp:attachment":[{"href":"https:\/\/vapestornado.com\/pt\/wp-json\/wp\/v2\/media?parent=4822"}],"wp:term":[{"taxonomy":"product_brand","embeddable":true,"href":"https:\/\/vapestornado.com\/pt\/wp-json\/wp\/v2\/product_brand?post=4822"},{"taxonomy":"product_cat","embeddable":true,"href":"https:\/\/vapestornado.com\/pt\/wp-json\/wp\/v2\/product_cat?post=4822"},{"taxonomy":"product_tag","embeddable":true,"href":"https:\/\/vapestornado.com\/pt\/wp-json\/wp\/v2\/product_tag?post=4822"}],"curies":[{"name":"wp","href":"https:\/\/api.w.org\/{rel}","templated":true}]}}