{"id":4795,"date":"2026-01-13T03:09:18","date_gmt":"2026-01-13T03:09:18","guid":{"rendered":"https:\/\/vapestornado.com\/?post_type=product&#038;p=4795"},"modified":"2026-01-13T03:17:55","modified_gmt":"2026-01-13T03:17:55","slug":"al-fakher-crown-bar-15k-ice-adjust-disposable-shisha-hookah-wholesale-netherlands","status":"publish","type":"product","link":"https:\/\/vapestornado.com\/pt\/product\/al-fakher-crown-bar-15k-ice-adjust-disposable-shisha-hookah-wholesale-netherlands\/","title":{"rendered":"Al Fakher Crown Bar 15K Ice Adjust Disposable Shisha Hookah Atacado Portugal"},"content":{"rendered":"<h1 data-start=\"0\" data-end=\"87\">Al Fakher Mega Max 40K Puffs Crown Bar E Shisha Descart\u00e1vel Hookah com Fluxo de Ar Ajust\u00e1vel<\/h1>\n<p data-start=\"107\" data-end=\"502\">A Crown Bar 15K Ice Adjust da Al Fakher foi concebida para o mercado grossista europeu que exige controlo de sabor, longa dura\u00e7\u00e3o e qualidade fi\u00e1vel a <strong data-start=\"259\" data-end=\"274\">pre\u00e7o barato<\/strong>. Projetado para <strong data-start=\"289\" data-end=\"316\">Cigarros Electr\u00f3nicos Descart\u00e1veis<\/strong> retalhistas e <strong data-start=\"331\" data-end=\"368\">Vapes Descart\u00e1veis Atacado Portugal<\/strong> distribuidores, este modelo oferece at\u00e9 <strong data-start=\"409\" data-end=\"440\">15.000 bafos suaves e est\u00e1veis<\/strong> com a precis\u00e3o de sabor e constru\u00e7\u00e3o premium assinatura da Al Fakher.<\/p>\n<p data-start=\"504\" data-end=\"842\">Ao contr\u00e1rio dos descart\u00e1veis padr\u00e3o, o <strong data-start=\"537\" data-end=\"568\">sistema Crown Bar Ice Adjust<\/strong> permite aos utilizadores controlar a intensidade do arrefecimento, permitindo a cada cliente escolher uma baforada forte de gelo ou uma mais suave e quente. Isto torna o <strong data-start=\"703\" data-end=\"730\">Al Fakher Crown Bar 15K<\/strong> mais f\u00e1cil de vender a diferentes prefer\u00eancias de utilizador, aumentando as compras repetidas e reduzindo sabores de baixa rotatividade.<\/p>\n<p data-start=\"844\" data-end=\"1140\">Alimentado por um <strong data-start=\"858\" data-end=\"889\">bateria recarreg\u00e1vel de 850mAh<\/strong> e preenchido com <strong data-start=\"906\" data-end=\"926\">22ml de e-l\u00edquido<\/strong>, o <strong data-start=\"932\" data-end=\"960\">Al Fakher Ice Adjust 15K<\/strong> mant\u00e9m uma produ\u00e7\u00e3o consistente desde o primeiro bafor at\u00e9 ao \u00faltimo. O <strong data-start=\"1026\" data-end=\"1044\">bobina de malha de 0,6\u03a9<\/strong> garante vapor limpo, sabor forte e desempenho est\u00e1vel, mesmo durante uso di\u00e1rio prolongado.<\/p>\n<p data-start=\"1142\" data-end=\"1446\">Integrado <strong data-start=\"1153\" data-end=\"1171\">ecr\u00e3 digital<\/strong> mostra os n\u00edveis de bateria e l\u00edquido, dando confian\u00e7a aos clientes e reduzindo devolu\u00e7\u00f5es do dispositivo. Com <strong data-start=\"1272\" data-end=\"1293\">45 sabores comprovados<\/strong>, o <strong data-start=\"1299\" data-end=\"1312\">Crown Bar<\/strong> linha apoia uma forte rota\u00e7\u00e3o no retalho e ajuda as lojas a construir uma categoria de best-sellers fi\u00e1vel em <strong data-start=\"1411\" data-end=\"1438\">Cigarros Electr\u00f3nicos Descart\u00e1veis<\/strong> .<\/p>\n<p data-start=\"1448\" data-end=\"1645\">Se estiver a adquirir <strong data-start=\"1468\" data-end=\"1505\">Vapes Descart\u00e1veis Atacado Portugal<\/strong>\u00a0a um pre\u00e7o competitivo com sabores de r\u00e1pida rotatividade, o <strong data-start=\"1559\" data-end=\"1597\">Al Fakher Crown Bar 15K Ice Ajuste<\/strong> \u00e9 uma escolha segura e de alta rotatividade para a sua loja.<\/p>\n<p><strong><span style=\"color: #ff0000;\">Adicione o WhatsApp da Amy para uma resposta r\u00e1pida e cup\u00e3o de vape!<\/span><\/strong><\/p>\n<p><img fetchpriority=\"high\" decoding=\"async\" class=\"size-full wp-image-2932\" src=\"https:\/\/vapestornado.com\/wp-content\/uploads\/2024\/12\/Vape-Wholesale.jpg\" alt=\"Vape Atacado\" width=\"229\" height=\"300\" \/><\/p>\n<h3><a href=\"https:\/\/wa.me\/8617776015835\" target=\"_blank\" rel=\"noopener\"><span style=\"color: #ff0000;\"><strong>WhatsApp: +86 17776015835<\/strong><\/span><\/a><\/h3>\n<p>&nbsp;<\/p>\n<h2><strong>Recursos do Produto Al Fakher Crown Bar 15K<\/strong><\/h2>\n<ul>\n<li data-start=\"1701\" data-end=\"1810\">\n<p data-start=\"1703\" data-end=\"1810\"><strong data-start=\"1703\" data-end=\"1719\">15.000 baforadas<\/strong> \u2013 Oferece desempenho duradouro que mant\u00e9m os clientes a vaporizar durante semanas com um \u00fanico dispositivo.<\/p>\n<\/li>\n<li data-start=\"1811\" data-end=\"1909\">\n<p data-start=\"1813\" data-end=\"1909\"><strong data-start=\"1813\" data-end=\"1830\">E-L\u00edquido de 22ml<\/strong> \u2013 Grande capacidade de l\u00edquido garante sabor est\u00e1vel sem substitui\u00e7\u00f5es frequentes.<\/p>\n<\/li>\n<li data-start=\"1910\" data-end=\"1991\">\n<p data-start=\"1912\" data-end=\"1991\"><strong data-start=\"1912\" data-end=\"1930\">Bobina de Malha de 0,6\u03a9<\/strong> \u2013 Produz vapor suave e sabor preciso em cada tragada.<\/p>\n<\/li>\n<li data-start=\"1992\" data-end=\"2075\">\n<p data-start=\"1994\" data-end=\"2075\"><strong data-start=\"1994\" data-end=\"2011\">0,5% Nicotina<\/strong> \u2013 Oferece uma sensa\u00e7\u00e3o de nicotina leve e suave, adequada para uso di\u00e1rio.<\/p>\n<\/li>\n<li data-start=\"2076\" data-end=\"2164\">\n<p data-start=\"2078\" data-end=\"2164\"><strong data-start=\"2078\" data-end=\"2096\">Bateria de 850mAh<\/strong> \u2013 Fornece energia confi\u00e1vel durante toda a vida \u00fatil do dispositivo.<\/p>\n<\/li>\n<li data-start=\"2165\" data-end=\"2229\">\n<p data-start=\"2167\" data-end=\"2229\"><strong data-start=\"2167\" data-end=\"2185\">Carregamento USB-C<\/strong> \u2013 Permite uma recarga mais r\u00e1pida e est\u00e1vel.<\/p>\n<\/li>\n<li data-start=\"2230\" data-end=\"2319\">\n<p data-start=\"2232\" data-end=\"2319\"><strong data-start=\"2232\" data-end=\"2254\">Controlo de Ajuste de Gelo<\/strong> \u2013 Permite aos utilizadores definir o n\u00edvel de arrefecimento preferido para cada inala\u00e7\u00e3o.<\/p>\n<\/li>\n<li data-start=\"2320\" data-end=\"2395\">\n<p data-start=\"2322\" data-end=\"2395\"><strong data-start=\"2322\" data-end=\"2340\">Ecr\u00e3 Digital<\/strong> \u2013 Mostra os n\u00edveis de bateria e de l\u00edquido em tempo real.<\/p>\n<\/li>\n<li data-start=\"2396\" data-end=\"2474\">\n<p data-start=\"2398\" data-end=\"2474\"><strong data-start=\"2398\" data-end=\"2417\">Constru\u00e7\u00e3o Crown Bar<\/strong> \u2013 Design premium do corpo melhora a durabilidade e o fluxo de ar.<\/p>\n<\/li>\n<li data-start=\"2475\" data-end=\"2543\">\n<p data-start=\"2477\" data-end=\"2543\"><strong data-start=\"2477\" data-end=\"2491\">45 Sabores<\/strong> \u2013 Apoia uma forte rota\u00e7\u00e3o no retalho e vendas repetidas.<\/p>\n<\/li>\n<\/ul>\n<figure id=\"attachment_4791\" aria-describedby=\"caption-attachment-4791\" style=\"width: 300px\" class=\"wp-caption alignnone\"><img decoding=\"async\" class=\"size-medium wp-image-4791\" src=\"https:\/\/vapestornado.com\/wp-content\/uploads\/2026\/01\/Al-Fakher-Crown-Bar-Ice-Adjust-15K-15000-Puff-300x300.webp\" alt=\"Al Fakher Crown Bar Ice Adjust 15K 15000 Puffs\" width=\"300\" height=\"300\" srcset=\"https:\/\/vapestornado.com\/wp-content\/uploads\/2026\/01\/Al-Fakher-Crown-Bar-Ice-Adjust-15K-15000-Puff-300x300.webp 300w, https:\/\/vapestornado.com\/wp-content\/uploads\/2026\/01\/Al-Fakher-Crown-Bar-Ice-Adjust-15K-15000-Puff-150x150.webp 150w, https:\/\/vapestornado.com\/wp-content\/uploads\/2026\/01\/Al-Fakher-Crown-Bar-Ice-Adjust-15K-15000-Puff-768x768.webp 768w, https:\/\/vapestornado.com\/wp-content\/uploads\/2026\/01\/Al-Fakher-Crown-Bar-Ice-Adjust-15K-15000-Puff-12x12.webp 12w, https:\/\/vapestornado.com\/wp-content\/uploads\/2026\/01\/Al-Fakher-Crown-Bar-Ice-Adjust-15K-15000-Puff-600x600.webp 600w, https:\/\/vapestornado.com\/wp-content\/uploads\/2026\/01\/Al-Fakher-Crown-Bar-Ice-Adjust-15K-15000-Puff-100x100.webp 100w, https:\/\/vapestornado.com\/wp-content\/uploads\/2026\/01\/Al-Fakher-Crown-Bar-Ice-Adjust-15K-15000-Puff.webp 800w\" sizes=\"(max-width: 300px) 100vw, 300px\" \/><figcaption id=\"caption-attachment-4791\" class=\"wp-caption-text\">Al Fakher Crown Bar Ice Adjust 15K 15000 Puffs<\/figcaption><\/figure>\n<div>\n<div class=\"mceTemp\"><\/div>\n<\/div>\n<h2 class=\"product-title\"><strong>Lista de Sabores do Crown Bar 15K<\/strong><\/h2>\n<p>1 Blue Berry<br \/>\n2 Gelo de Framboesa<br \/>\n3 Gelo de Groselha Preta<br \/>\n4 Hortel\u00e3 de Groselha Preta<br \/>\n5 Explos\u00e3o de Raspberry Azul<br \/>\n6 Limonada de Raspberry Azul<br \/>\n7 Cereja de Mirtilo<br \/>\n8 Goma de Mirtilo<br \/>\n9 Limonada de Mirtilo<br \/>\n10 Mirtilo com Hortel\u00e3<br \/>\n11 Mirtilo e Framboesa<br \/>\n12 Framboesa Azeda de Mirtilo<br \/>\n13 Festa de Cereja<br \/>\n14 Espumante de Cereja<br \/>\n15 Gelo de Cereja<br \/>\n16 Manga Fresca<br \/>\n17 Fusion Pop<br \/>\n18 Uva<br \/>\n19 Uva com Framboesa<br \/>\n20 Uva com Hortel\u00e3<br \/>\n21 Goma de Hortel\u00e3<br \/>\n22 Hubba<br \/>\n23 Azul Gelo<br \/>\n24 Lim\u00e3o e Lima<br \/>\n25 Espumante de Lim\u00e3o, Lima e Cereja<br \/>\n26 Lim\u00e3o com Hortel\u00e3<br \/>\n27 Gelo Luxuriante<br \/>\n28 Amor M\u00e1gico<br \/>\n29 Manga e Abacaxi<br \/>\n30 Mentol<br \/>\n31 Menta<br \/>\n32 Frutos Silvestres Misturados<br \/>\n33 Laranja Menta<br \/>\n34 P\u00eassego Gelo<br \/>\n35 Abacaxi Gelo<br \/>\n36 Sonho Espacial<br \/>\n37 Hortel\u00e3<br \/>\n38 Morango Cereja<br \/>\n39 Ponche de Morango<br \/>\n40 Sonho de Ver\u00e3o<br \/>\n41 Duas Ma\u00e7\u00e3s<br \/>\n42 Melancia Cereja<br \/>\n43 Melancia Kiwi<br \/>\n44 Melancia Lima<br \/>\n45 Melancia Abacaxi<\/p>\n<h2 data-start=\"2951\" data-end=\"2994\"><strong data-start=\"2954\" data-end=\"2994\">Por que os Atacadistas Escolhem o Crown Bar 15K<\/strong><\/h2>\n<p data-start=\"2996\" data-end=\"3213\">O <strong data-start=\"3000\" data-end=\"3028\">Al Fakher Ice Adjust 15K<\/strong> combina <strong data-start=\"3038\" data-end=\"3086\">longa dura\u00e7\u00e3o da inala\u00e7\u00e3o, controlo de gelo e confian\u00e7a na marca<\/strong> num produto descart\u00e1vel, oferecendo aos retalhistas um produto que vende rapidamente, entrega qualidade consistente e fideliza os clientes.<\/p>\n<p data-start=\"3215\" data-end=\"3339\">Encomende agora e garanta um <strong data-start=\"3238\" data-end=\"3253\">pre\u00e7o barato<\/strong> on <strong data-start=\"3257\" data-end=\"3284\">Al Fakher Crown Bar 15K<\/strong> para o seu <strong data-start=\"3294\" data-end=\"3331\">Vapes Descart\u00e1veis Atacado Portugal<\/strong> fornecimento.<\/p>\n<p>&nbsp;<\/p>\n<div class=\"flex-shrink-0 flex flex-col relative items-end\">\n<div class=\"pt-0\">\n<div class=\"gizmo-bot-avatar flex h-8 w-8 items-center justify-center overflow-hidden rounded-full\">\n<div class=\"relative p-1 rounded-sm flex items-center justify-center bg-token-main-surface-primary text-token-text-primary h-8 w-8\">\n<h2 data-start=\"1200\" data-end=\"1487\">Vapes Tornado \u2013 Sua loja de vapor por atacado online para vaporizadores populares<\/h2>\n<p data-start=\"72\" data-end=\"396\"><strong data-start=\"72\" data-end=\"89\">Vapes Tornado<\/strong> \u00e9 uma loja de vapor por atacado online com foco na Europa, fornecendo uma gama cuidadosamente selecionada de <strong data-start=\"178\" data-end=\"195\">vaporizadores populares<\/strong> para compradores profissionais. Trabalhamos com retalhistas, distribuidores e lojas online em toda a UE que necessitam de fornecimento est\u00e1vel, informa\u00e7\u00f5es claras sobre o produto e marcas que os clientes j\u00e1 reconhecem e confiam.<\/p>\n<p data-start=\"398\" data-end=\"687\">Trabalhamos com nomes de confian\u00e7a como <strong data-start=\"247\" data-end=\"352\">Vape Elf Bar, Vape WASPE, <a href=\"https:\/\/vapestornado.com\/pt\/product\/uzy-150k-puffs-6-in-1-flavor-switch-disposable-vape-pen-wholesale\/\">UZY Vape<\/a>, Bang Vape, Razz Bar Vape, <a href=\"https:\/\/vapestornado.com\/pt\/product\/randm-12000-puffs-fumot-digital-disposable-vape-wholesale-price\/\">Fumot VAPE<\/a>, <a href=\"https:\/\/vapestornado.com\/pt\/product\/original-wga-ultra-35k-35000-puff-rechargeable-crystal-disposable-nicotine-vape-best-discount-price\/\">WGA VAPE<\/a>, <a href=\"https:\/\/vapestornado.com\/pt\/product\/vozol-gear-shisha-25k-25000-puffs-best-dtl-disposable-vape-hookah-cheap-price\/\">VOZOL BAR VAPE<\/a>,\u00a0e Stag Bar Vape<\/strong>, escolhidos pela qualidade consistente e forte procura no mercado europeu.<\/p>\n<h4 data-start=\"1080\" data-end=\"1120\">Constru\u00eddo para Compradores por Atacado Europeus<\/h4>\n<p data-start=\"1121\" data-end=\"1189\">Vapes Tornado \u00e9 estruturado em torno das necessidades reais dos grossistas da UE:<\/p>\n<ul data-start=\"1190\" data-end=\"1400\">\n<li data-start=\"1190\" data-end=\"1239\">\n<p data-start=\"1192\" data-end=\"1239\">Pre\u00e7os de atacado competitivos para encomendas em grande quantidade<\/p>\n<\/li>\n<li data-start=\"1240\" data-end=\"1289\">\n<p data-start=\"1242\" data-end=\"1289\">Descri\u00e7\u00f5es e especifica\u00e7\u00f5es claras do produto<\/p>\n<\/li>\n<li data-start=\"1290\" data-end=\"1330\">\n<p data-start=\"1292\" data-end=\"1330\">Log\u00edstica r\u00e1pida e fi\u00e1vel orientada para a UE<\/p>\n<\/li>\n<li data-start=\"1331\" data-end=\"1400\">\n<p data-start=\"1333\" data-end=\"1400\">Um cat\u00e1logo focado em <strong data-start=\"1356\" data-end=\"1373\">vaporizadores populares<\/strong>, n\u00e3o SKUs excessivamente saturados<\/p>\n<\/li>\n<\/ul>\n<h2 data-start=\"2064\" data-end=\"2115\">Perguntas Frequentes sobre o Vape Descart\u00e1vel Al Fakher Crown Bar 15K<\/h2>\n<p data-start=\"3359\" data-end=\"3484\"><strong data-start=\"3359\" data-end=\"3413\">1. Quanto tempo dura o Al Fakher Crown Bar 15K?<\/strong><br data-start=\"3413\" data-end=\"3416\" \/>Com at\u00e9 15.000 inala\u00e7\u00f5es, pode durar semanas dependendo do uso di\u00e1rio.<\/p>\n<p data-start=\"3486\" data-end=\"3605\"><strong data-start=\"3486\" data-end=\"3532\">2. Os clientes podem ajustar o n\u00edvel de arrefecimento?<\/strong><br data-start=\"3532\" data-end=\"3535\" \/>Sim, o sistema Ice Adjust permite aos utilizadores escolher qu\u00e3o frio cada baforada se sente.<\/p>\n<p data-start=\"3607\" data-end=\"3700\"><strong data-start=\"3607\" data-end=\"3642\">3. A bateria \u00e9 recarreg\u00e1vel?<\/strong><br data-start=\"3642\" data-end=\"3645\" \/>Sim, possui uma bateria de 850mAh com carregamento r\u00e1pido USB-C.<\/p>\n<p data-start=\"3702\" data-end=\"3807\"><strong data-start=\"3702\" data-end=\"3744\">4. Qual a for\u00e7a de nicotina que utiliza?<\/strong><br data-start=\"3744\" data-end=\"3747\" \/>O dispositivo vem com nicotina 0,5% para uma experi\u00eancia suave e leve.<\/p>\n<p data-start=\"3809\" data-end=\"3972\"><strong data-start=\"3809\" data-end=\"3857\">5. Isto \u00e9 adequado para venda por grosso em Portugal?<\/strong><br data-start=\"3857\" data-end=\"3860\" \/>Sim, \u00e9 projetado para <strong data-start=\"3884\" data-end=\"3921\">Vapes Descart\u00e1veis Atacado Portugal<\/strong> com forte apelo ao retalho e sabores de r\u00e1pida rotatividade.<\/p>\n<\/div>\n<\/div>\n<\/div>\n<\/div>","protected":false},"excerpt":{"rendered":"<p data-start=\"4393\" data-end=\"4476\"><strong data-start=\"4393\" data-end=\"4474\">AL Fakher Crown Bar 15K Ice Adjust \u2013 Cigarros Electr\u00f3nicos Descart\u00e1veis Atacado Portugal<\/strong><\/p>\n<p data-start=\"4480\" data-end=\"4550\"><strong data-start=\"4480\" data-end=\"4548\">Al Fakher Ice Adjust 15K Crown Bar | 15.000 bafos a pre\u00e7o acess\u00edvel<\/strong><\/p>\n<p data-start=\"4554\" data-end=\"4622\" data-is-last-node=\"\"><strong data-start=\"4554\" data-end=\"4622\" data-is-last-node=\"\">Crown Bar 15K Vape Descart\u00e1vel \u2013 Controlo de Gelo &amp; Fornecimento em Massa Europa<\/strong><\/p>\n<p><strong>Adicione o whatsapp da Amy para obter resposta certa e pre\u00e7o de desconto!<\/strong><\/p>\n<p><img fetchpriority=\"high\" decoding=\"async\" class=\"size-full wp-image-2932\" src=\"https:\/\/vapestornado.com\/wp-content\/uploads\/2024\/12\/Vape-Wholesale.jpg\" alt=\"Vape Atacado\" width=\"229\" height=\"300\" \/><\/p>\n<h3><a href=\"https:\/\/wa.me\/8617776015835\"><span style=\"color: #ff0000;\"><strong>WhatsApp: +86 17776015835<\/strong><\/span><\/a><\/h3>","protected":false},"featured_media":4790,"comment_status":"open","ping_status":"closed","template":"","meta":{"_acf_changed":false,"_uag_custom_page_level_css":"","_lmt_disableupdate":"no","_lmt_disable":"","_monsterinsights_skip_tracking":false,"_monsterinsights_sitenote_active":false,"_monsterinsights_sitenote_note":"","_monsterinsights_sitenote_category":0,"site-sidebar-layout":"default","site-content-layout":"","ast-site-content-layout":"default","site-content-style":"default","site-sidebar-style":"default","ast-global-header-display":"","ast-banner-title-visibility":"","ast-main-header-display":"","ast-hfb-above-header-display":"","ast-hfb-below-header-display":"","ast-hfb-mobile-header-display":"","site-post-title":"","ast-breadcrumbs-content":"","ast-featured-img":"","footer-sml-layout":"","ast-disable-related-posts":"","theme-transparent-header-meta":"default","adv-header-id-meta":"","stick-header-meta":"","header-above-stick-meta":"","header-main-stick-meta":"","header-below-stick-meta":"","astra-migrate-meta-layouts":"set","ast-page-background-enabled":"default","ast-page-background-meta":{"desktop":{"background-color":"","background-image":"","background-repeat":"repeat","background-position":"center center","background-size":"auto","background-attachment":"scroll","background-type":"","background-media":"","overlay-type":"","overlay-color":"","overlay-opacity":"","overlay-gradient":""},"tablet":{"background-color":"","background-image":"","background-repeat":"repeat","background-position":"center center","background-size":"auto","background-attachment":"scroll","background-type":"","background-media":"","overlay-type":"","overlay-color":"","overlay-opacity":"","overlay-gradient":""},"mobile":{"background-color":"","background-image":"","background-repeat":"repeat","background-position":"center center","background-size":"auto","background-attachment":"scroll","background-type":"","background-media":"","overlay-type":"","overlay-color":"","overlay-opacity":"","overlay-gradient":""}},"ast-content-background-meta":{"desktop":{"background-color":"var(--ast-global-color-5)","background-image":"","background-repeat":"repeat","background-position":"center center","background-size":"auto","background-attachment":"scroll","background-type":"","background-media":"","overlay-type":"","overlay-color":"","overlay-opacity":"","overlay-gradient":""},"tablet":{"background-color":"var(--ast-global-color-5)","background-image":"","background-repeat":"repeat","background-position":"center center","background-size":"auto","background-attachment":"scroll","background-type":"","background-media":"","overlay-type":"","overlay-color":"","overlay-opacity":"","overlay-gradient":""},"mobile":{"background-color":"var(--ast-global-color-5)","background-image":"","background-repeat":"repeat","background-position":"center center","background-size":"auto","background-attachment":"scroll","background-type":"","background-media":"","overlay-type":"","overlay-color":"","overlay-opacity":"","overlay-gradient":""}},"_joinchat":[]},"product_brand":[],"product_cat":[71,531,140,150,152,156,158,142,146,147],"product_tag":[541,542,317,540,538,291,539,513,512],"class_list":{"0":"post-4795","1":"product","2":"type-product","3":"status-publish","4":"has-post-thumbnail","6":"product_cat-15000-puff","7":"product_cat-al-fakher-crown-bar","8":"product_cat-big-puffs-disposable-vapes","9":"product_cat-buy-disposable-vapes-in-belgium","10":"product_cat-buy-disposable-vapes-in-cermany","11":"product_cat-buy-disposable-vapes-in-poland","12":"product_cat-buy-disposable-vapes-in-spain","13":"product_cat-digital-box-disposable-vapes","14":"product_cat-rechargeable-disposable-vapes","15":"product_cat-shisha-hookah-disposable-vapes","16":"product_tag-al-fakher-15k-ice-adjust","17":"product_tag-al-fakher-15k-sound-adjust","18":"product_tag-al-fakher-crown-bar","19":"product_tag-al-fakher-crown-bar-15k","20":"product_tag-disposable-e-shisha","21":"product_tag-disposable-shisha-hookah","22":"product_tag-hookah-shisha","23":"product_tag-vape-discount-price","24":"product_tag-vape-wholesale-distributor","25":"desktop-align-left","26":"tablet-align-left","27":"mobile-align-left","29":"first","30":"instock","31":"sale","32":"shipping-taxable","33":"purchasable","34":"product-type-simple"},"acf":[],"uagb_featured_image_src":{"full":["https:\/\/vapestornado.com\/wp-content\/uploads\/2026\/01\/Al-Fakher-Crown-Bar-15K-Ice-Adjust-Disposable-Vape-Wholesale.webp",800,800,false],"thumbnail":["https:\/\/vapestornado.com\/wp-content\/uploads\/2026\/01\/Al-Fakher-Crown-Bar-15K-Ice-Adjust-Disposable-Vape-Wholesale-150x150.webp",150,150,true],"medium":["https:\/\/vapestornado.com\/wp-content\/uploads\/2026\/01\/Al-Fakher-Crown-Bar-15K-Ice-Adjust-Disposable-Vape-Wholesale-300x300.webp",300,300,true],"medium_large":["https:\/\/vapestornado.com\/wp-content\/uploads\/2026\/01\/Al-Fakher-Crown-Bar-15K-Ice-Adjust-Disposable-Vape-Wholesale-768x768.webp",768,768,true],"large":["https:\/\/vapestornado.com\/wp-content\/uploads\/2026\/01\/Al-Fakher-Crown-Bar-15K-Ice-Adjust-Disposable-Vape-Wholesale.webp",800,800,false],"1536x1536":["https:\/\/vapestornado.com\/wp-content\/uploads\/2026\/01\/Al-Fakher-Crown-Bar-15K-Ice-Adjust-Disposable-Vape-Wholesale.webp",800,800,false],"2048x2048":["https:\/\/vapestornado.com\/wp-content\/uploads\/2026\/01\/Al-Fakher-Crown-Bar-15K-Ice-Adjust-Disposable-Vape-Wholesale.webp",800,800,false],"trp-custom-language-flag":["https:\/\/vapestornado.com\/wp-content\/uploads\/2026\/01\/Al-Fakher-Crown-Bar-15K-Ice-Adjust-Disposable-Vape-Wholesale-12x12.webp",12,12,true],"woocommerce_thumbnail":["https:\/\/vapestornado.com\/wp-content\/uploads\/2026\/01\/Al-Fakher-Crown-Bar-15K-Ice-Adjust-Disposable-Vape-Wholesale-300x300.webp",300,300,true],"woocommerce_single":["https:\/\/vapestornado.com\/wp-content\/uploads\/2026\/01\/Al-Fakher-Crown-Bar-15K-Ice-Adjust-Disposable-Vape-Wholesale-600x600.webp",600,600,true],"woocommerce_gallery_thumbnail":["https:\/\/vapestornado.com\/wp-content\/uploads\/2026\/01\/Al-Fakher-Crown-Bar-15K-Ice-Adjust-Disposable-Vape-Wholesale-100x100.webp",100,100,true]},"uagb_author_info":{"display_name":"ESAMY","author_link":"https:\/\/vapestornado.com\/pt\/author\/"},"uagb_comment_info":0,"uagb_excerpt":"AL Fakher Crown Bar 15K Ice Adjust \u2013 Wholesale Disposable E Cigarettes France Al Fakher Ice Adjust 15K Crown Bar | 15,000 Puffs at Cheap Price Crown Bar 15K Disposable Vape \u2013 Ice Control &amp; Bulk Supply Europe Add Amy's whatsapp to get right reply and discount price! WhatsApp: +86 17776015835","_links":{"self":[{"href":"https:\/\/vapestornado.com\/pt\/wp-json\/wp\/v2\/product\/4795","targetHints":{"allow":["GET"]}}],"collection":[{"href":"https:\/\/vapestornado.com\/pt\/wp-json\/wp\/v2\/product"}],"about":[{"href":"https:\/\/vapestornado.com\/pt\/wp-json\/wp\/v2\/types\/product"}],"replies":[{"embeddable":true,"href":"https:\/\/vapestornado.com\/pt\/wp-json\/wp\/v2\/comments?post=4795"}],"wp:featuredmedia":[{"embeddable":true,"href":"https:\/\/vapestornado.com\/pt\/wp-json\/wp\/v2\/media\/4790"}],"wp:attachment":[{"href":"https:\/\/vapestornado.com\/pt\/wp-json\/wp\/v2\/media?parent=4795"}],"wp:term":[{"taxonomy":"product_brand","embeddable":true,"href":"https:\/\/vapestornado.com\/pt\/wp-json\/wp\/v2\/product_brand?post=4795"},{"taxonomy":"product_cat","embeddable":true,"href":"https:\/\/vapestornado.com\/pt\/wp-json\/wp\/v2\/product_cat?post=4795"},{"taxonomy":"product_tag","embeddable":true,"href":"https:\/\/vapestornado.com\/pt\/wp-json\/wp\/v2\/product_tag?post=4795"}],"curies":[{"name":"wp","href":"https:\/\/api.w.org\/{rel}","templated":true}]}}