{"id":4788,"date":"2026-01-09T08:31:41","date_gmt":"2026-01-09T08:31:41","guid":{"rendered":"https:\/\/vapestornado.com\/?post_type=product&#038;p=4788"},"modified":"2026-01-09T08:59:59","modified_gmt":"2026-01-09T08:59:59","slug":"al-fakher-60k-ehose-x-disposable-vape-crown-bar-60000-puffs-shisha-hookah-low-price","status":"publish","type":"product","link":"https:\/\/vapestornado.com\/pt\/product\/al-fakher-60k-ehose-x-disposable-vape-crown-bar-60000-puffs-shisha-hookah-low-price\/","title":{"rendered":"Al Fakher 60k EHose X Vape Descart\u00e1vel Crown Bar 60000 Fumos Hookah Baixa Pre\u00e7o"},"content":{"rendered":"<h1 data-start=\"0\" data-end=\"87\">Al Fakher Mega Max 40K Puffs Crown Bar E Shisha Descart\u00e1vel Hookah com Fluxo de Ar Ajust\u00e1vel<\/h1>\n<p data-start=\"233\" data-end=\"642\">O <strong data-start=\"237\" data-end=\"289\">Al Fakher 60K E-Hose X Vape Descart\u00e1vel Crown Bar<\/strong> foi projetado para compradores que exigem fiabilidade a longo prazo, forte produ\u00e7\u00e3o de sabor e vapor ao n\u00edvel de shisha num formato descart\u00e1vel. Projetado para <strong data-start=\"431\" data-end=\"480\">distribui\u00e7\u00e3o a retalho e por atacado de alto volume<\/strong>, este modelo oferece at\u00e9 <strong data-start=\"508\" data-end=\"524\">60.000 puffs<\/strong> com desempenho est\u00e1vel, tornando-se um dos mais rent\u00e1veis <strong data-start=\"591\" data-end=\"627\">vapes de hookah descart\u00e1veis de grandes bafos<\/strong> no mercado.<\/p>\n<p data-start=\"644\" data-end=\"998\">Constru\u00eddo em torno de um enorme <strong data-start=\"667\" data-end=\"694\">reservat\u00f3rio de e-l\u00edquido de 50ml<\/strong> e <strong data-start=\"701\" data-end=\"736\">bobina de malha de alto desempenho de 0,6\u03a9<\/strong>, o <strong data-start=\"742\" data-end=\"769\">Al Fakher CRYSTAL 60000<\/strong> mant\u00e9m vapor denso e sabor limpo desde a primeira inala\u00e7\u00e3o at\u00e9 \u00e0 \u00faltima. Ao contr\u00e1rio dos descart\u00e1veis de curta dura\u00e7\u00e3o que desaparecem rapidamente, este sistema \u00e9 ajustado para uma entrega consistente, o que \u00e9 essencial para vendas repetidas e reten\u00e7\u00e3o de clientes.<\/p>\n<p data-start=\"1000\" data-end=\"1348\">O dispositivo suporta <strong data-start=\"1020\" data-end=\"1040\">modo de vaporiza\u00e7\u00e3o dupla<\/strong>, permitindo aos utilizadores alternar entre <strong data-start=\"1075\" data-end=\"1099\">DTL (direto para o pulm\u00e3o)<\/strong> para sess\u00f5es de shisha com muita nuvem e <strong data-start=\"1136\" data-end=\"1159\">MTL (boca-a-pulm\u00e3o)<\/strong> para uma puxada mais controlada. Esta flexibilidade torna o <strong data-start=\"1215\" data-end=\"1250\">Al Fakher Crown Bar Crystal 60K<\/strong> adequado tanto para f\u00e3s de narguil\u00e9 quanto para utilizadores regulares de vaporizadores descart\u00e1veis, aumentando o seu alcance comercial.<\/p>\n<p data-start=\"1350\" data-end=\"1704\">A <strong data-start=\"1352\" data-end=\"1384\">bateria recarreg\u00e1vel integrada de 1000mAh<\/strong> combinado com <strong data-start=\"1397\" data-end=\"1421\">carregamento r\u00e1pido Tipo-C<\/strong> mant\u00e9m o dispositivo a funcionar sem tempo de inatividade. O <strong data-start=\"1478\" data-end=\"1503\">visor digital inteligente<\/strong> mostra n\u00edveis de bateria e e-l\u00edquido em tempo real, reduzindo a frustra\u00e7\u00e3o do utilizador e melhorando a perce\u00e7\u00e3o da qualidade do produto \u2014 um fator importante nos mercados competitivos de <strong data-start=\"1652\" data-end=\"1688\">Vapes descart\u00e1veis por atacado em Portugal<\/strong> e na UE.<\/p>\n<p data-start=\"1706\" data-end=\"1900\">Para grossistas \u00e0 procura de <strong data-start=\"1734\" data-end=\"1787\">pre\u00e7o baixo, elevado n\u00famero de baforadas e forte apelo de marca<\/strong>, o <strong data-start=\"1793\" data-end=\"1819\">Al Fakher 60K E-Hose X<\/strong> oferece uma combina\u00e7\u00e3o equilibrada de desempenho, durabilidade e estabilidade de vendas.<\/p>\n<p><strong><span style=\"color: #ff0000;\">Adicione o WhatsApp da Amy para uma resposta r\u00e1pida e cup\u00e3o de vape!<\/span><\/strong><\/p>\n<p><img fetchpriority=\"high\" decoding=\"async\" class=\"size-full wp-image-2932\" src=\"https:\/\/vapestornado.com\/wp-content\/uploads\/2024\/12\/Vape-Wholesale.jpg\" alt=\"Vape Atacado\" width=\"229\" height=\"300\" \/><\/p>\n<h3><a href=\"https:\/\/wa.me\/8617776015835\" target=\"_blank\" rel=\"noopener\"><span style=\"color: #ff0000;\"><strong>WhatsApp: +86 17776015835<\/strong><\/span><\/a><\/h3>\n<p>&nbsp;<\/p>\n<h2><strong>Caracter\u00edsticas do Produto Al Fakher 60k Puffs<\/strong><\/h2>\n<ul>\n<li data-start=\"1956\" data-end=\"2043\">\n<p data-start=\"1958\" data-end=\"2043\"><strong data-start=\"1958\" data-end=\"1975\">60.000 baforadas:<\/strong> Projetado para uso prolongado sem queda precoce de vapor ou sabor.<\/p>\n<\/li>\n<li data-start=\"2044\" data-end=\"2151\">\n<p data-start=\"2046\" data-end=\"2151\"><strong data-start=\"2046\" data-end=\"2073\">Capacidade de e-l\u00edquido de 50ml:<\/strong> Tanque interno grande reduz a frequ\u00eancia de substitui\u00e7\u00e3o e aumenta o valor para o utilizador.<\/p>\n<\/li>\n<li data-start=\"2152\" data-end=\"2230\">\n<p data-start=\"2154\" data-end=\"2230\"><strong data-start=\"2154\" data-end=\"2175\">Modo de Vaporiza\u00e7\u00e3o Dual:<\/strong> Suporta tanto DTL quanto MTL para maior atratividade para os clientes.<\/p>\n<\/li>\n<li data-start=\"2231\" data-end=\"2323\">\n<p data-start=\"2233\" data-end=\"2323\"><strong data-start=\"2233\" data-end=\"2252\">Bobina de Malha de 0,6\u03a9:<\/strong> Proporciona fluxo de ar suave, nuvens espessas e sabor consistente.<\/p>\n<\/li>\n<li data-start=\"2324\" data-end=\"2406\">\n<p data-start=\"2326\" data-end=\"2406\"><strong data-start=\"2326\" data-end=\"2346\">Bateria de 1000mAh:<\/strong> Sistema de energia recarreg\u00e1vel projetado para uso di\u00e1rio intensivo.<\/p>\n<\/li>\n<li data-start=\"2407\" data-end=\"2492\">\n<p data-start=\"2409\" data-end=\"2492\"><strong data-start=\"2409\" data-end=\"2429\">Carregamento Tipo-C:<\/strong> Recarregamento mais r\u00e1pido e est\u00e1vel com compatibilidade moderna.<\/p>\n<\/li>\n<li data-start=\"2493\" data-end=\"2582\">\n<p data-start=\"2495\" data-end=\"2582\"><strong data-start=\"2495\" data-end=\"2521\">Display Digital Inteligente:<\/strong> Mostra os n\u00edveis de bateria e l\u00edquido para uso confi\u00e1vel no dia a dia.<\/p>\n<\/li>\n<li data-start=\"2583\" data-end=\"2666\">\n<p data-start=\"2585\" data-end=\"2666\"><strong data-start=\"2585\" data-end=\"2614\">For\u00e7a de Nicotina de 6mg\/ml:<\/strong> Entrega equilibrada, desenhada para vaping ao estilo shisha.<\/p>\n<\/li>\n<\/ul>\n<div>\n<figure id=\"attachment_4783\" aria-describedby=\"caption-attachment-4783\" style=\"width: 300px\" class=\"wp-caption alignnone\"><img decoding=\"async\" class=\"size-medium wp-image-4783\" src=\"https:\/\/vapestornado.com\/wp-content\/uploads\/2026\/01\/AL-Fakher-60k-Crown-Bar-EHOSE-X-60000-Puff-Disposable-Vape-300x300.webp\" alt=\"Al Fakher 60k Crown Bar EHOSE X Vape Descart\u00e1vel com 60000 Puffs\" width=\"300\" height=\"300\" srcset=\"https:\/\/vapestornado.com\/wp-content\/uploads\/2026\/01\/AL-Fakher-60k-Crown-Bar-EHOSE-X-60000-Puff-Disposable-Vape-300x300.webp 300w, https:\/\/vapestornado.com\/wp-content\/uploads\/2026\/01\/AL-Fakher-60k-Crown-Bar-EHOSE-X-60000-Puff-Disposable-Vape-150x150.webp 150w, https:\/\/vapestornado.com\/wp-content\/uploads\/2026\/01\/AL-Fakher-60k-Crown-Bar-EHOSE-X-60000-Puff-Disposable-Vape-768x768.webp 768w, https:\/\/vapestornado.com\/wp-content\/uploads\/2026\/01\/AL-Fakher-60k-Crown-Bar-EHOSE-X-60000-Puff-Disposable-Vape-12x12.webp 12w, https:\/\/vapestornado.com\/wp-content\/uploads\/2026\/01\/AL-Fakher-60k-Crown-Bar-EHOSE-X-60000-Puff-Disposable-Vape-600x600.webp 600w, https:\/\/vapestornado.com\/wp-content\/uploads\/2026\/01\/AL-Fakher-60k-Crown-Bar-EHOSE-X-60000-Puff-Disposable-Vape-100x100.webp 100w, https:\/\/vapestornado.com\/wp-content\/uploads\/2026\/01\/AL-Fakher-60k-Crown-Bar-EHOSE-X-60000-Puff-Disposable-Vape.webp 800w\" sizes=\"(max-width: 300px) 100vw, 300px\" \/><figcaption id=\"caption-attachment-4783\" class=\"wp-caption-text\">Al Fakher 60k Crown Bar EHOSE X Vape Descart\u00e1vel com 60000 Puffs<\/figcaption><\/figure>\n<\/div>\n<h2 class=\"product-title\"><strong>Lista de Sabores do Al Fakher 60k EHose X Vape<\/strong><\/h2>\n<p>1 Blue Berry<br \/>\n2 Gelo de Framboesa<br \/>\n3 Gelo de Groselha Preta<br \/>\n4 Hortel\u00e3 de Groselha Preta<br \/>\n5 Explos\u00e3o de Raspberry Azul<br \/>\n6 Limonada de Raspberry Azul<br \/>\n7 Cereja de Mirtilo<br \/>\n8 Goma de Mirtilo<br \/>\n9 Limonada de Mirtilo<br \/>\n10 Mirtilo com Hortel\u00e3<br \/>\n11 Mirtilo e Framboesa<br \/>\n12 Framboesa Azeda de Mirtilo<br \/>\n13 Festa de Cereja<br \/>\n14 Espumante de Cereja<br \/>\n15 Gelo de Cereja<br \/>\n16 Manga Fresca<br \/>\n17 Fusion Pop<br \/>\n18 Uva<br \/>\n19 Uva com Framboesa<br \/>\n20 Uva com Hortel\u00e3<br \/>\n21 Goma de Hortel\u00e3<br \/>\n22 Hubba<br \/>\n23 Azul Gelo<br \/>\n24 Lim\u00e3o e Lima<br \/>\n25 Espumante de Lim\u00e3o, Lima e Cereja<br \/>\n26 Lim\u00e3o com Hortel\u00e3<br \/>\n27 Gelo Luxuriante<br \/>\n28 Amor M\u00e1gico<br \/>\n29 Manga e Abacaxi<br \/>\n30 Mentol<br \/>\n31 Menta<br \/>\n32 Frutos Silvestres Misturados<br \/>\n33 Laranja Menta<br \/>\n34 P\u00eassego Gelo<br \/>\n35 Abacaxi Gelo<br \/>\n36 Sonho Espacial<br \/>\n37 Hortel\u00e3<br \/>\n38 Morango Cereja<br \/>\n39 Ponche de Morango<br \/>\n40 Sonho de Ver\u00e3o<br \/>\n41 Duas Ma\u00e7\u00e3s<br \/>\n42 Melancia Cereja<br \/>\n43 Melancia Kiwi<br \/>\n44 Melancia Lima<br \/>\n45 Melancia Abacaxi<\/p>\n<div class=\"flex-shrink-0 flex flex-col relative items-end\">\n<div class=\"pt-0\">\n<div class=\"gizmo-bot-avatar flex h-8 w-8 items-center justify-center overflow-hidden rounded-full\">\n<div class=\"relative p-1 rounded-sm flex items-center justify-center bg-token-main-surface-primary text-token-text-primary h-8 w-8\">\n<h2 data-start=\"1200\" data-end=\"1487\">Vapes Tornado \u2013 Sua loja de vapor por atacado online para vaporizadores populares<\/h2>\n<p data-start=\"72\" data-end=\"396\"><strong data-start=\"72\" data-end=\"89\">Vapes Tornado<\/strong> \u00e9 uma loja de vapor por atacado online com foco na Europa, fornecendo uma gama cuidadosamente selecionada de <strong data-start=\"178\" data-end=\"195\">vaporizadores populares<\/strong> para compradores profissionais. Trabalhamos com retalhistas, distribuidores e lojas online em toda a UE que necessitam de fornecimento est\u00e1vel, informa\u00e7\u00f5es claras sobre o produto e marcas que os clientes j\u00e1 reconhecem e confiam.<\/p>\n<p data-start=\"398\" data-end=\"687\">Trabalhamos com nomes de confian\u00e7a como <strong data-start=\"247\" data-end=\"352\">Vape Elf Bar, Vape WASPE, <a href=\"https:\/\/vapestornado.com\/pt\/product\/uzy-150k-puffs-6-in-1-flavor-switch-disposable-vape-pen-wholesale\/\">UZY Vape<\/a>, Bang Vape, Razz Bar Vape, <a href=\"https:\/\/vapestornado.com\/pt\/product\/randm-12000-puffs-fumot-digital-disposable-vape-wholesale-price\/\">Fumot VAPE<\/a>, <a href=\"https:\/\/vapestornado.com\/pt\/product\/original-wga-ultra-35k-35000-puff-rechargeable-crystal-disposable-nicotine-vape-best-discount-price\/\">WGA VAPE<\/a>, <a href=\"https:\/\/vapestornado.com\/pt\/product\/vozol-gear-shisha-25k-25000-puffs-best-dtl-disposable-vape-hookah-cheap-price\/\">VOZOL BAR VAPE<\/a>,\u00a0e Stag Bar Vape<\/strong>, escolhidos pela qualidade consistente e forte procura no mercado europeu.<\/p>\n<h4 data-start=\"1080\" data-end=\"1120\">Constru\u00eddo para Compradores por Atacado Europeus<\/h4>\n<p data-start=\"1121\" data-end=\"1189\">Vapes Tornado \u00e9 estruturado em torno das necessidades reais dos grossistas da UE:<\/p>\n<ul data-start=\"1190\" data-end=\"1400\">\n<li data-start=\"1190\" data-end=\"1239\">\n<p data-start=\"1192\" data-end=\"1239\">Pre\u00e7os de atacado competitivos para encomendas em grande quantidade<\/p>\n<\/li>\n<li data-start=\"1240\" data-end=\"1289\">\n<p data-start=\"1242\" data-end=\"1289\">Descri\u00e7\u00f5es e especifica\u00e7\u00f5es claras do produto<\/p>\n<\/li>\n<li data-start=\"1290\" data-end=\"1330\">\n<p data-start=\"1292\" data-end=\"1330\">Log\u00edstica r\u00e1pida e fi\u00e1vel orientada para a UE<\/p>\n<\/li>\n<li data-start=\"1331\" data-end=\"1400\">\n<p data-start=\"1333\" data-end=\"1400\">Um cat\u00e1logo focado em <strong data-start=\"1356\" data-end=\"1373\">vaporizadores populares<\/strong>, n\u00e3o SKUs excessivamente saturados<\/p>\n<\/li>\n<\/ul>\n<h2 data-start=\"2064\" data-end=\"2115\">Perguntas Frequentes sobre o Vape Descart\u00e1vel Al Fakher 60k EHose X<\/h2>\n<p data-start=\"3387\" data-end=\"3541\"><strong data-start=\"3387\" data-end=\"3441\">1. Para quem \u00e9 destinado o Al Fakher 60K E-Hose X?<\/strong><br data-start=\"3441\" data-end=\"3444\" \/>Foi desenvolvido para amantes de shisha e utilizadores de descart\u00e1veis de alto volume que desejam desempenho duradouro.<\/p>\n<p data-start=\"3543\" data-end=\"3668\"><strong data-start=\"3543\" data-end=\"3587\">2. Os utilizadores podem alternar entre DTL e MTL?<\/strong><br data-start=\"3587\" data-end=\"3590\" \/>Sim, o modo de vaping duplo permite ambos os estilos de inala\u00e7\u00e3o direta e de boca para pulm\u00e3o.<\/p>\n<p data-start=\"3670\" data-end=\"3796\"><strong data-start=\"3670\" data-end=\"3708\">3. Quanto tempo dura a bateria?<\/strong><br data-start=\"3708\" data-end=\"3711\" \/>A bateria de 1000mAh suporta uso di\u00e1rio prolongado e pode ser carregada rapidamente com Type-C.<\/p>\n<p data-start=\"3798\" data-end=\"3944\"><strong data-start=\"3798\" data-end=\"3857\">4. O sabor mant\u00e9m-se consistente ao longo de 60.000 tragos?<\/strong><br data-start=\"3857\" data-end=\"3860\" \/>A resist\u00eancia de malha e o sistema de 50ml de e-l\u00edquido ajudam a manter um sabor e vapor est\u00e1veis.<\/p>\n<p data-start=\"3946\" data-end=\"4135\"><strong data-start=\"3946\" data-end=\"4028\">5. Este modelo \u00e9 adequado para vendas por grosso de vapes descart\u00e1veis nos mercados de Portugal e UE?<\/strong><br data-start=\"4028\" data-end=\"4031\" \/>Sim, \u00e9 projetado para distribui\u00e7\u00e3o em grande escala com desempenho fi\u00e1vel e forte reconhecimento de marca.<\/p>\n<\/div>\n<\/div>\n<\/div>\n<\/div>","protected":false},"excerpt":{"rendered":"<p data-start=\"4645\" data-end=\"4728\"><strong data-start=\"0\" data-end=\"26\" data-is-only-node=\"\">Al Fakher 60K E-Hose X<\/strong> oferece at\u00e9 <strong data-start=\"42\" data-end=\"58\">60.000 puffs<\/strong> com vapor suave ao estilo shisha, <strong data-start=\"91\" data-end=\"111\">modo de vaporiza\u00e7\u00e3o dupla<\/strong>, e um potente <strong data-start=\"128\" data-end=\"160\">bateria recarreg\u00e1vel integrada de 1000mAh<\/strong>. Constru\u00eddo para vendas de alto volume, este <strong data-start=\"196\" data-end=\"223\">Crown Bar Crystal 60000<\/strong> oferece sabor forte, longa dura\u00e7\u00e3o e <strong data-start=\"261\" data-end=\"300\">vape descart\u00e1vel de baixo pre\u00e7o por atacado<\/strong> em toda a Europa.<\/p>\n<p><strong>Adicione o whatsapp da Amy para obter resposta certa e pre\u00e7o de desconto!<\/strong><\/p>\n<p><img fetchpriority=\"high\" decoding=\"async\" class=\"size-full wp-image-2932\" src=\"https:\/\/vapestornado.com\/wp-content\/uploads\/2024\/12\/Vape-Wholesale.jpg\" alt=\"Vape Atacado\" width=\"229\" height=\"300\" \/><\/p>\n<h3><a href=\"https:\/\/wa.me\/8617776015835\"><span style=\"color: #ff0000;\"><strong>WhatsApp: +86 17776015835<\/strong><\/span><\/a><\/h3>","protected":false},"featured_media":4784,"comment_status":"open","ping_status":"closed","template":"","meta":{"_acf_changed":false,"_uag_custom_page_level_css":"","_lmt_disableupdate":"no","_lmt_disable":"","_monsterinsights_skip_tracking":false,"_monsterinsights_sitenote_active":false,"_monsterinsights_sitenote_note":"","_monsterinsights_sitenote_category":0,"site-sidebar-layout":"default","site-content-layout":"","ast-site-content-layout":"default","site-content-style":"default","site-sidebar-style":"default","ast-global-header-display":"","ast-banner-title-visibility":"","ast-main-header-display":"","ast-hfb-above-header-display":"","ast-hfb-below-header-display":"","ast-hfb-mobile-header-display":"","site-post-title":"","ast-breadcrumbs-content":"","ast-featured-img":"","footer-sml-layout":"","ast-disable-related-posts":"","theme-transparent-header-meta":"default","adv-header-id-meta":"","stick-header-meta":"","header-above-stick-meta":"","header-main-stick-meta":"","header-below-stick-meta":"","astra-migrate-meta-layouts":"set","ast-page-background-enabled":"default","ast-page-background-meta":{"desktop":{"background-color":"","background-image":"","background-repeat":"repeat","background-position":"center center","background-size":"auto","background-attachment":"scroll","background-type":"","background-media":"","overlay-type":"","overlay-color":"","overlay-opacity":"","overlay-gradient":""},"tablet":{"background-color":"","background-image":"","background-repeat":"repeat","background-position":"center center","background-size":"auto","background-attachment":"scroll","background-type":"","background-media":"","overlay-type":"","overlay-color":"","overlay-opacity":"","overlay-gradient":""},"mobile":{"background-color":"","background-image":"","background-repeat":"repeat","background-position":"center center","background-size":"auto","background-attachment":"scroll","background-type":"","background-media":"","overlay-type":"","overlay-color":"","overlay-opacity":"","overlay-gradient":""}},"ast-content-background-meta":{"desktop":{"background-color":"var(--ast-global-color-5)","background-image":"","background-repeat":"repeat","background-position":"center center","background-size":"auto","background-attachment":"scroll","background-type":"","background-media":"","overlay-type":"","overlay-color":"","overlay-opacity":"","overlay-gradient":""},"tablet":{"background-color":"var(--ast-global-color-5)","background-image":"","background-repeat":"repeat","background-position":"center center","background-size":"auto","background-attachment":"scroll","background-type":"","background-media":"","overlay-type":"","overlay-color":"","overlay-opacity":"","overlay-gradient":""},"mobile":{"background-color":"var(--ast-global-color-5)","background-image":"","background-repeat":"repeat","background-position":"center center","background-size":"auto","background-attachment":"scroll","background-type":"","background-media":"","overlay-type":"","overlay-color":"","overlay-opacity":"","overlay-gradient":""}},"_joinchat":[]},"product_brand":[],"product_cat":[343,531,140,150,152,156,158,142,146,147],"product_tag":[537,536,317,538,291,539,513,512],"class_list":{"0":"post-4788","1":"product","2":"type-product","3":"status-publish","4":"has-post-thumbnail","6":"product_cat-60000-puff","7":"product_cat-al-fakher-crown-bar","8":"product_cat-big-puffs-disposable-vapes","9":"product_cat-buy-disposable-vapes-in-belgium","10":"product_cat-buy-disposable-vapes-in-cermany","11":"product_cat-buy-disposable-vapes-in-poland","12":"product_cat-buy-disposable-vapes-in-spain","13":"product_cat-digital-box-disposable-vapes","14":"product_cat-rechargeable-disposable-vapes","15":"product_cat-shisha-hookah-disposable-vapes","16":"product_tag-al-fakher-60000","17":"product_tag-al-fakher-60k-ehose-x","18":"product_tag-al-fakher-crown-bar","19":"product_tag-disposable-e-shisha","20":"product_tag-disposable-shisha-hookah","21":"product_tag-hookah-shisha","22":"product_tag-vape-discount-price","23":"product_tag-vape-wholesale-distributor","24":"desktop-align-left","25":"tablet-align-left","26":"mobile-align-left","28":"first","29":"instock","30":"sale","31":"shipping-taxable","32":"purchasable","33":"product-type-simple"},"acf":[],"uagb_featured_image_src":{"full":["https:\/\/vapestornado.com\/wp-content\/uploads\/2026\/01\/AL-Fakher-Crown-Bar-EHOSE-X-60K-Disposable-Vape.webp",800,800,false],"thumbnail":["https:\/\/vapestornado.com\/wp-content\/uploads\/2026\/01\/AL-Fakher-Crown-Bar-EHOSE-X-60K-Disposable-Vape-150x150.webp",150,150,true],"medium":["https:\/\/vapestornado.com\/wp-content\/uploads\/2026\/01\/AL-Fakher-Crown-Bar-EHOSE-X-60K-Disposable-Vape-300x300.webp",300,300,true],"medium_large":["https:\/\/vapestornado.com\/wp-content\/uploads\/2026\/01\/AL-Fakher-Crown-Bar-EHOSE-X-60K-Disposable-Vape-768x768.webp",768,768,true],"large":["https:\/\/vapestornado.com\/wp-content\/uploads\/2026\/01\/AL-Fakher-Crown-Bar-EHOSE-X-60K-Disposable-Vape.webp",800,800,false],"1536x1536":["https:\/\/vapestornado.com\/wp-content\/uploads\/2026\/01\/AL-Fakher-Crown-Bar-EHOSE-X-60K-Disposable-Vape.webp",800,800,false],"2048x2048":["https:\/\/vapestornado.com\/wp-content\/uploads\/2026\/01\/AL-Fakher-Crown-Bar-EHOSE-X-60K-Disposable-Vape.webp",800,800,false],"trp-custom-language-flag":["https:\/\/vapestornado.com\/wp-content\/uploads\/2026\/01\/AL-Fakher-Crown-Bar-EHOSE-X-60K-Disposable-Vape-12x12.webp",12,12,true],"woocommerce_thumbnail":["https:\/\/vapestornado.com\/wp-content\/uploads\/2026\/01\/AL-Fakher-Crown-Bar-EHOSE-X-60K-Disposable-Vape-300x300.webp",300,300,true],"woocommerce_single":["https:\/\/vapestornado.com\/wp-content\/uploads\/2026\/01\/AL-Fakher-Crown-Bar-EHOSE-X-60K-Disposable-Vape-600x600.webp",600,600,true],"woocommerce_gallery_thumbnail":["https:\/\/vapestornado.com\/wp-content\/uploads\/2026\/01\/AL-Fakher-Crown-Bar-EHOSE-X-60K-Disposable-Vape-100x100.webp",100,100,true]},"uagb_author_info":{"display_name":"ESAMY","author_link":"https:\/\/vapestornado.com\/pt\/author\/"},"uagb_comment_info":0,"uagb_excerpt":"Al Fakher 60K E-Hose X delivers up to 60,000 puffs with smooth shisha-style vapor, dual vaping mode, and a powerful 1000mAh rechargeable battery. Built for high-volume sales, this Crown Bar Crystal 60000 offers strong flavor, long life, and low-price disposable vape wholesale across Europe. Add Amy's whatsapp to get right reply and discount price! WhatsApp:&hellip;","_links":{"self":[{"href":"https:\/\/vapestornado.com\/pt\/wp-json\/wp\/v2\/product\/4788","targetHints":{"allow":["GET"]}}],"collection":[{"href":"https:\/\/vapestornado.com\/pt\/wp-json\/wp\/v2\/product"}],"about":[{"href":"https:\/\/vapestornado.com\/pt\/wp-json\/wp\/v2\/types\/product"}],"replies":[{"embeddable":true,"href":"https:\/\/vapestornado.com\/pt\/wp-json\/wp\/v2\/comments?post=4788"}],"wp:featuredmedia":[{"embeddable":true,"href":"https:\/\/vapestornado.com\/pt\/wp-json\/wp\/v2\/media\/4784"}],"wp:attachment":[{"href":"https:\/\/vapestornado.com\/pt\/wp-json\/wp\/v2\/media?parent=4788"}],"wp:term":[{"taxonomy":"product_brand","embeddable":true,"href":"https:\/\/vapestornado.com\/pt\/wp-json\/wp\/v2\/product_brand?post=4788"},{"taxonomy":"product_cat","embeddable":true,"href":"https:\/\/vapestornado.com\/pt\/wp-json\/wp\/v2\/product_cat?post=4788"},{"taxonomy":"product_tag","embeddable":true,"href":"https:\/\/vapestornado.com\/pt\/wp-json\/wp\/v2\/product_tag?post=4788"}],"curies":[{"name":"wp","href":"https:\/\/api.w.org\/{rel}","templated":true}]}}