{"id":4781,"date":"2026-01-07T09:28:57","date_gmt":"2026-01-07T09:28:57","guid":{"rendered":"https:\/\/vapestornado.com\/?post_type=product&#038;p=4781"},"modified":"2026-01-07T09:59:16","modified_gmt":"2026-01-07T09:59:16","slug":"al-fakher-mega-max-40k-puffs-crown-bar-disposable-e-shisha-hookah-vape-adjustable-airflow","status":"publish","type":"product","link":"https:\/\/vapestornado.com\/pt\/product\/al-fakher-mega-max-40k-puffs-crown-bar-disposable-e-shisha-hookah-vape-adjustable-airflow\/","title":{"rendered":"Al Fakher Mega Max 40K Puffs Crown Bar Dispositivo E Shisha Descart\u00e1vel com Fluxo de Ar Ajust\u00e1vel"},"content":{"rendered":"<h1 data-start=\"0\" data-end=\"87\">Al Fakher Mega Max 40K Puffs Crown Bar E Shisha Descart\u00e1vel Hookah com Fluxo de Ar Ajust\u00e1vel<\/h1>\n<p data-start=\"207\" data-end=\"581\">Projetado para utilizadores de alto volume e mercados de atacado, o <strong data-start=\"262\" data-end=\"288\">Al Fakher Mega Max 40K<\/strong> representa a pr\u00f3xima evolu\u00e7\u00e3o do desempenho de e-shisha descart\u00e1vel. Com at\u00e9 <strong data-start=\"366\" data-end=\"382\">40.000 puffs<\/strong>, fluxo de ar ajust\u00e1vel, e a assinatura de engenharia de sabores da Al Fakher, este dispositivo posiciona-se como uma solu\u00e7\u00e3o premium mas pr\u00e1tica para distribuidores na UE que procuram estabilidade de rotatividade e forte procura de repeti\u00e7\u00e3o.<\/p>\n<p data-start=\"583\" data-end=\"1045\">Como parte da <strong data-start=\"598\" data-end=\"621\">Barra de Charuto Al Fakher Crown<\/strong> linha, o Mega Max 40000 foi desenhado para fornecer uma produ\u00e7\u00e3o consistente ao longo de todo o seu ciclo de vida. A combina\u00e7\u00e3o de um <strong data-start=\"738\" data-end=\"756\">resist\u00eancia de malha dupla<\/strong>, <strong data-start=\"758\" data-end=\"785\">l\u00edquido eletr\u00f3nico pr\u00e9-carregado de 20ml<\/strong>, e um <strong data-start=\"793\" data-end=\"824\">bateria recarreg\u00e1vel de 850mAh<\/strong> garante densidade de vapor confi\u00e1vel e clareza de sabor desde o primeiro puxo at\u00e9 ao \u00faltimo. Isto torna-o especialmente adequado para clientes que fazem a transi\u00e7\u00e3o de sistemas tradicionais de hookah ou de e-shisha reutiliz\u00e1veis para formatos descart\u00e1veis.<\/p>\n<p data-start=\"1047\" data-end=\"1332\">O <strong data-start=\"1051\" data-end=\"1080\">sistema de fluxo de ar ajust\u00e1vel<\/strong> permite aos utilizadores ajustar finamente a sua inspira\u00e7\u00e3o, alternando entre uma puxada mais apertada ao estilo hookah e uma mais aberta e arejada. Esta flexibilidade amplia o seu apelo a diferentes prefer\u00eancias de vaping, ajudando retalhistas a cobrir mais perfis de clientes com um \u00fanico SKU.<\/p>\n<p data-start=\"1334\" data-end=\"1686\">Para compradores de atacado, o Al Fakher Mega Max 40K oferece o que mais importa: branding reconhec\u00edvel, controle da for\u00e7a de nicotina, carregamento moderno Type-C, e uma qualidade de constru\u00e7\u00e3o que reflete fiabilidade a longo prazo, em vez de novidade de curto prazo. Posicionado como um <strong data-start=\"1589\" data-end=\"1620\">pre\u00e7o de atacado competitivo<\/strong>, \u00e9 um forte concorrente na categoria de e-shisha descart\u00e1vel na UE.<\/p>\n<h2 data-start=\"2768\" data-end=\"2821\">Por que escolher o Al Fakher Mega Max 40000 para Atacado?<\/h2>\n<p data-start=\"2823\" data-end=\"3237\">O <strong data-start=\"2827\" data-end=\"2855\">Al Fakher Mega Max 40000<\/strong> \u00e9 projetado para consist\u00eancia, n\u00e3o truques. Aproveita a confian\u00e7a na marca global Al Fakher enquanto atende \u00e0s expectativas dos distribuidores da UE que priorizam fiabilidade, posicionamento legal e venda previs\u00edvel. O seu formato descart\u00e1vel de shisha eletr\u00f3nica, fluxo de ar ajust\u00e1vel e longa dura\u00e7\u00e3o de tragos fazem dele uma adi\u00e7\u00e3o forte tanto para canais de retalho focados em vaping quanto em shisha.<\/p>\n<p><strong><span style=\"color: #ff0000;\">Adicione o WhatsApp da Amy para uma resposta r\u00e1pida e cup\u00e3o de vape!<\/span><\/strong><\/p>\n<p><img fetchpriority=\"high\" decoding=\"async\" class=\"size-full wp-image-2932\" src=\"https:\/\/vapestornado.com\/wp-content\/uploads\/2024\/12\/Vape-Wholesale.jpg\" alt=\"Vape Atacado\" width=\"229\" height=\"300\" \/><\/p>\n<h3><a href=\"https:\/\/wa.me\/8617776015835\" target=\"_blank\" rel=\"noopener\"><span style=\"color: #ff0000;\"><strong>WhatsApp: +86 17776015835<\/strong><\/span><\/a><\/h3>\n<p>&nbsp;<\/p>\n<h2><strong>Recursos do Produto Al Fakher Mega Max 40K Puffs<\/strong><\/h2>\n<ul>\n<li data-start=\"113\" data-end=\"228\">\n<p data-start=\"115\" data-end=\"228\"><strong data-start=\"115\" data-end=\"139\">Capacidade de 40.000 tragos<\/strong> \u2013 Oferece desempenho de vaping DTL prolongado, concebido para uso frequente a longo prazo.<\/p>\n<\/li>\n<li data-start=\"229\" data-end=\"361\">\n<p data-start=\"231\" data-end=\"361\"><strong data-start=\"231\" data-end=\"258\">Estilo de Shisha Hookah DTL<\/strong> \u2013 Otimizado para inala\u00e7\u00f5es diretas ao pulm\u00e3o, produzindo nuvens densas semelhantes \u00e0s sess\u00f5es tradicionais de shisha.<\/p>\n<\/li>\n<li data-start=\"362\" data-end=\"476\">\n<p data-start=\"364\" data-end=\"476\"><strong data-start=\"364\" data-end=\"393\">Tecnologia de Bobina de Malha Dupla<\/strong> \u2013 Garante aquecimento uniforme e sa\u00edda de sabor est\u00e1vel desde o primeiro at\u00e9 ao \u00faltimo trago.<\/p>\n<\/li>\n<li data-start=\"477\" data-end=\"605\">\n<p data-start=\"479\" data-end=\"605\"><strong data-start=\"479\" data-end=\"508\">Sistema de fluxo de ar ajust\u00e1vel<\/strong> \u2013 Permite aos utilizadores ajustar a resist\u00eancia \u00e0 inspira\u00e7\u00e3o para uma inala\u00e7\u00e3o personalizada ao estilo DTL ou shisha.<\/p>\n<\/li>\n<li data-start=\"606\" data-end=\"729\">\n<p data-start=\"608\" data-end=\"729\"><strong data-start=\"608\" data-end=\"636\">E-l\u00edquido pr\u00e9-carregado de 20ml<\/strong> \u2013 Grande capacidade de e-l\u00edquido reduz a frequ\u00eancia de substitui\u00e7\u00e3o e suporta sess\u00f5es de vaping prolongadas.<\/p>\n<\/li>\n<li data-start=\"730\" data-end=\"841\">\n<p data-start=\"732\" data-end=\"841\"><strong data-start=\"732\" data-end=\"757\">For\u00e7a de Nicotina 0,6%<\/strong> \u2013 Proporciona uma entrega de nicotina suave e controlada, adequada para uso di\u00e1rio prolongado.<\/p>\n<\/li>\n<li data-start=\"842\" data-end=\"945\">\n<p data-start=\"844\" data-end=\"945\"><strong data-start=\"844\" data-end=\"875\">Bateria Recarreg\u00e1vel de 850mAh<\/strong> \u2013 Fornece pot\u00eancia consistente ao longo de todo o ciclo de 40K tragos.<\/p>\n<\/li>\n<li data-start=\"946\" data-end=\"1051\">\n<p data-start=\"948\" data-end=\"1051\"><strong data-start=\"948\" data-end=\"976\">Carregamento r\u00e1pido via USB Tipo-C<\/strong> \u2013 Permite recarga r\u00e1pida e conveniente com compatibilidade com dispositivos modernos.<\/p>\n<\/li>\n<li data-start=\"1052\" data-end=\"1148\">\n<p data-start=\"1054\" data-end=\"1148\"><strong data-start=\"1054\" data-end=\"1076\">Tela de Exibi\u00e7\u00e3o LED<\/strong> \u2013 Mostra claramente os n\u00edveis de bateria e de e-l\u00edquido para melhor controlo de uso.<\/p>\n<\/li>\n<li data-start=\"1149\" data-end=\"1259\">\n<p data-start=\"1151\" data-end=\"1259\"><strong data-start=\"1151\" data-end=\"1176\">Corpo de alum\u00ednio premium<\/strong> \u2013 Combina durabilidade com um acabamento ergon\u00f3mico de alta qualidade para portabilidade di\u00e1ria.<\/p>\n<\/li>\n<\/ul>\n<figure id=\"attachment_4777\" aria-describedby=\"caption-attachment-4777\" style=\"width: 300px\" class=\"wp-caption alignnone\"><img decoding=\"async\" class=\"size-medium wp-image-4777\" src=\"https:\/\/vapestornado.com\/wp-content\/uploads\/2026\/01\/Al-Fakher-Mega-Max-40K-40000-Puff-Vape-Wholesale-Spain-300x300.webp\" alt=\"Al Fakher Mega Max 40K 40000 Puffs Vape Atacado Portugal\" width=\"300\" height=\"300\" srcset=\"https:\/\/vapestornado.com\/wp-content\/uploads\/2026\/01\/Al-Fakher-Mega-Max-40K-40000-Puff-Vape-Wholesale-Spain-300x300.webp 300w, https:\/\/vapestornado.com\/wp-content\/uploads\/2026\/01\/Al-Fakher-Mega-Max-40K-40000-Puff-Vape-Wholesale-Spain-150x150.webp 150w, https:\/\/vapestornado.com\/wp-content\/uploads\/2026\/01\/Al-Fakher-Mega-Max-40K-40000-Puff-Vape-Wholesale-Spain-768x768.webp 768w, https:\/\/vapestornado.com\/wp-content\/uploads\/2026\/01\/Al-Fakher-Mega-Max-40K-40000-Puff-Vape-Wholesale-Spain-12x12.webp 12w, https:\/\/vapestornado.com\/wp-content\/uploads\/2026\/01\/Al-Fakher-Mega-Max-40K-40000-Puff-Vape-Wholesale-Spain-600x600.webp 600w, https:\/\/vapestornado.com\/wp-content\/uploads\/2026\/01\/Al-Fakher-Mega-Max-40K-40000-Puff-Vape-Wholesale-Spain-100x100.webp 100w, https:\/\/vapestornado.com\/wp-content\/uploads\/2026\/01\/Al-Fakher-Mega-Max-40K-40000-Puff-Vape-Wholesale-Spain.webp 800w\" sizes=\"(max-width: 300px) 100vw, 300px\" \/><figcaption id=\"caption-attachment-4777\" class=\"wp-caption-text\">Al Fakher Mega Max 40K 40000 Puffs Vape Atacado Portugal<\/figcaption><\/figure>\n<p>&nbsp;<\/p>\n<div><\/div>\n<h2 class=\"product-title\"><strong>Lista de Sabores do Al Fakher Mega Max 40K Puff<\/strong><\/h2>\n<p>1 Blue Berry<br \/>\n2 Gelo de Framboesa<br \/>\n3 Gelo de Groselha Preta<br \/>\n4 Hortel\u00e3 de Groselha Preta<br \/>\n5 Explos\u00e3o de Raspberry Azul<br \/>\n6 Limonada de Raspberry Azul<br \/>\n7 Cereja de Mirtilo<br \/>\n8 Goma de Mirtilo<br \/>\n9 Limonada de Mirtilo<br \/>\n10 Mirtilo com Hortel\u00e3<br \/>\n11 Mirtilo e Framboesa<br \/>\n12 Framboesa Azeda de Mirtilo<br \/>\n13 Festa de Cereja<br \/>\n14 Espumante de Cereja<br \/>\n15 Gelo de Cereja<br \/>\n16 Manga Fresca<br \/>\n17 Fusion Pop<br \/>\n18 Uva<br \/>\n19 Uva com Framboesa<br \/>\n20 Uva com Hortel\u00e3<br \/>\n21 Goma de Hortel\u00e3<br \/>\n22 Hubba<br \/>\n23 Azul Gelo<br \/>\n24 Lim\u00e3o e Lima<br \/>\n25 Espumante de Lim\u00e3o, Lima e Cereja<br \/>\n26 Lim\u00e3o com Hortel\u00e3<br \/>\n27 Gelo Luxuriante<br \/>\n28 Amor M\u00e1gico<br \/>\n29 Manga e Abacaxi<br \/>\n30 Mentol<br \/>\n31 Menta<br \/>\n32 Frutos Silvestres Misturados<br \/>\n33 Laranja Menta<br \/>\n34 P\u00eassego Gelo<br \/>\n35 Abacaxi Gelo<br \/>\n36 Sonho Espacial<br \/>\n37 Hortel\u00e3<br \/>\n38 Morango Cereja<br \/>\n39 Ponche de Morango<br \/>\n40 Sonho de Ver\u00e3o<br \/>\n41 Duas Ma\u00e7\u00e3s<br \/>\n42 Melancia Cereja<br \/>\n43 Melancia Kiwi<br \/>\n44 Melancia Lima<br \/>\n45 Melancia Abacaxi<\/p>\n<div class=\"flex-shrink-0 flex flex-col relative items-end\">\n<div class=\"pt-0\">\n<div class=\"gizmo-bot-avatar flex h-8 w-8 items-center justify-center overflow-hidden rounded-full\">\n<div class=\"relative p-1 rounded-sm flex items-center justify-center bg-token-main-surface-primary text-token-text-primary h-8 w-8\">\n<h2 data-start=\"1200\" data-end=\"1487\">Vapes Tornado \u2013 Sua loja de vapor por atacado online para vaporizadores populares<\/h2>\n<p data-start=\"72\" data-end=\"396\"><strong data-start=\"72\" data-end=\"89\">Vapes Tornado<\/strong> \u00e9 uma loja de vapor por atacado online com foco na Europa, fornecendo uma gama cuidadosamente selecionada de <strong data-start=\"178\" data-end=\"195\">vaporizadores populares<\/strong> para compradores profissionais. Trabalhamos com retalhistas, distribuidores e lojas online em toda a UE que necessitam de fornecimento est\u00e1vel, informa\u00e7\u00f5es claras sobre o produto e marcas que os clientes j\u00e1 reconhecem e confiam.<\/p>\n<p data-start=\"398\" data-end=\"687\">Trabalhamos com nomes de confian\u00e7a como <strong data-start=\"307\" data-end=\"362\"><a href=\"https:\/\/vapestornado.com\/pt\/product\/randm-12000-puffs-fumot-digital-disposable-vape-wholesale-price\/\">Fumot VAPE<\/a>, <a href=\"https:\/\/vapestornado.com\/pt\/product\/original-wga-ultra-35k-35000-puff-rechargeable-crystal-disposable-nicotine-vape-best-discount-price\/\">WGA VAPE<\/a>, <\/strong><strong data-start=\"307\" data-end=\"362\"><a href=\"https:\/\/vapestornado.com\/pt\/product\/vozol-gear-shisha-25k-25000-puffs-best-dtl-disposable-vape-hookah-cheap-price\/\">VOZOL BAR VAPE<\/a>,<\/strong><strong data-start=\"247\" data-end=\"352\">\u00a0Vape Elf Bar, Vape WASPE, <a href=\"https:\/\/vapestornado.com\/pt\/product\/uzy-150k-puffs-6-in-1-flavor-switch-disposable-vape-pen-wholesale\/\">UZY Vape<\/a>, Vape Bang, Razz Bar Vape, e Stag Bar Vape<\/strong>, escolhidos pela qualidade consistente e forte procura no mercado europeu.<\/p>\n<h4 data-start=\"1080\" data-end=\"1120\">Constru\u00eddo para Compradores por Atacado Europeus<\/h4>\n<p data-start=\"1121\" data-end=\"1189\">Vapes Tornado \u00e9 estruturado em torno das necessidades reais dos grossistas da UE:<\/p>\n<ul data-start=\"1190\" data-end=\"1400\">\n<li data-start=\"1190\" data-end=\"1239\">\n<p data-start=\"1192\" data-end=\"1239\">Pre\u00e7os de atacado competitivos para encomendas em grande quantidade<\/p>\n<\/li>\n<li data-start=\"1240\" data-end=\"1289\">\n<p data-start=\"1242\" data-end=\"1289\">Descri\u00e7\u00f5es e especifica\u00e7\u00f5es claras do produto<\/p>\n<\/li>\n<li data-start=\"1290\" data-end=\"1330\">\n<p data-start=\"1292\" data-end=\"1330\">Log\u00edstica r\u00e1pida e fi\u00e1vel orientada para a UE<\/p>\n<\/li>\n<li data-start=\"1331\" data-end=\"1400\">\n<p data-start=\"1333\" data-end=\"1400\">Um cat\u00e1logo focado em <strong data-start=\"1356\" data-end=\"1373\">vaporizadores populares<\/strong>, n\u00e3o SKUs excessivamente saturados<\/p>\n<\/li>\n<\/ul>\n<h2 data-start=\"2064\" data-end=\"2115\">Perguntas Frequentes sobre o Vape Descart\u00e1vel Al Fakher Mega Max 40000<\/h2>\n<p data-start=\"3278\" data-end=\"3451\"><strong data-start=\"3278\" data-end=\"3343\">1. Quanto tempo dura o Al Fakher Mega Max 40K na utiliza\u00e7\u00e3o real?<\/strong><br data-start=\"3343\" data-end=\"3346\" \/>O uso depende dos h\u00e1bitos individuais, mas a maioria dos utilizadores relata desempenho de v\u00e1rias semanas sob uso di\u00e1rio regular.<\/p>\n<p data-start=\"3453\" data-end=\"3579\"><strong data-start=\"3453\" data-end=\"3497\">2. A circula\u00e7\u00e3o de ar \u00e9 ajust\u00e1vel durante o uso?<\/strong><br data-start=\"3497\" data-end=\"3500\" \/>Sim, a circula\u00e7\u00e3o de ar ajust\u00e1vel permite aos utilizadores modificar a resist\u00eancia \u00e0 inspira\u00e7\u00e3o a qualquer momento.<\/p>\n<p data-start=\"3581\" data-end=\"3678\"><strong data-start=\"3581\" data-end=\"3615\">3. O dispositivo \u00e9 recarreg\u00e1vel?<\/strong><br data-start=\"3615\" data-end=\"3618\" \/>Sim, possui uma bateria de 850mAh com carregamento USB Tipo-C.<\/p>\n<p data-start=\"3680\" data-end=\"3856\"><strong data-start=\"3680\" data-end=\"3744\">4. O que diferencia este dos vapes descart\u00e1veis padr\u00e3o?<\/strong><br data-start=\"3744\" data-end=\"3747\" \/>O seu design de shisha eletr\u00f3nica, grande capacidade de e-l\u00edquido e controlo de fluxo de ar distinguem-no dos descart\u00e1veis b\u00e1sicos.<\/p>\n<p data-start=\"3858\" data-end=\"4007\"><strong data-start=\"3858\" data-end=\"3912\">5. \u00c9 adequado para distribui\u00e7\u00e3o por atacado na UE?<\/strong><br data-start=\"3912\" data-end=\"3915\" \/>Sim, \u00e9 concebido para mercados da UE e normalmente fornecido a pre\u00e7o de atacado para encomendas em grande quantidade.<\/p>\n<\/div>\n<\/div>\n<\/div>\n<\/div>","protected":false},"excerpt":{"rendered":"<p data-start=\"4472\" data-end=\"4562\"><strong data-start=\"4472\" data-end=\"4560\">Al Fakher Mega Max 40K E Shisha Descart\u00e1vel com Fluxo de Ar Ajust\u00e1vel \u2013 Pronto para Atacado<\/strong><\/p>\n<p data-start=\"4566\" data-end=\"4641\"><strong data-start=\"4566\" data-end=\"4639\">Al Fakher Crown Bar Mega Max 40000 Puffs Hookah Vape para Atacado na UE<\/strong><\/p>\n<p data-start=\"4645\" data-end=\"4728\"><strong data-start=\"4645\" data-end=\"4728\">Mega Max 40K por Al Fakher \u2013 E Shisha Descart\u00e1vel de Longa Dura\u00e7\u00e3o a Pre\u00e7o de Atacado<\/strong><\/p>\n<p><strong>Adicione o whatsapp da Amy para obter resposta certa e pre\u00e7o de desconto!<\/strong><\/p>\n<p><img fetchpriority=\"high\" decoding=\"async\" class=\"size-full wp-image-2932\" src=\"https:\/\/vapestornado.com\/wp-content\/uploads\/2024\/12\/Vape-Wholesale.jpg\" alt=\"Vape Atacado\" width=\"229\" height=\"300\" \/><\/p>\n<h3><a href=\"https:\/\/wa.me\/8617776015835\"><span style=\"color: #ff0000;\"><strong>WhatsApp: +86 17776015835<\/strong><\/span><\/a><\/h3>","protected":false},"featured_media":4776,"comment_status":"open","ping_status":"closed","template":"","meta":{"_acf_changed":false,"_uag_custom_page_level_css":"","_lmt_disableupdate":"no","_lmt_disable":"","_monsterinsights_skip_tracking":false,"_monsterinsights_sitenote_active":false,"_monsterinsights_sitenote_note":"","_monsterinsights_sitenote_category":0,"site-sidebar-layout":"default","site-content-layout":"","ast-site-content-layout":"default","site-content-style":"default","site-sidebar-style":"default","ast-global-header-display":"","ast-banner-title-visibility":"","ast-main-header-display":"","ast-hfb-above-header-display":"","ast-hfb-below-header-display":"","ast-hfb-mobile-header-display":"","site-post-title":"","ast-breadcrumbs-content":"","ast-featured-img":"","footer-sml-layout":"","ast-disable-related-posts":"","theme-transparent-header-meta":"default","adv-header-id-meta":"","stick-header-meta":"","header-above-stick-meta":"","header-main-stick-meta":"","header-below-stick-meta":"","astra-migrate-meta-layouts":"set","ast-page-background-enabled":"default","ast-page-background-meta":{"desktop":{"background-color":"","background-image":"","background-repeat":"repeat","background-position":"center center","background-size":"auto","background-attachment":"scroll","background-type":"","background-media":"","overlay-type":"","overlay-color":"","overlay-opacity":"","overlay-gradient":""},"tablet":{"background-color":"","background-image":"","background-repeat":"repeat","background-position":"center center","background-size":"auto","background-attachment":"scroll","background-type":"","background-media":"","overlay-type":"","overlay-color":"","overlay-opacity":"","overlay-gradient":""},"mobile":{"background-color":"","background-image":"","background-repeat":"repeat","background-position":"center center","background-size":"auto","background-attachment":"scroll","background-type":"","background-media":"","overlay-type":"","overlay-color":"","overlay-opacity":"","overlay-gradient":""}},"ast-content-background-meta":{"desktop":{"background-color":"var(--ast-global-color-5)","background-image":"","background-repeat":"repeat","background-position":"center center","background-size":"auto","background-attachment":"scroll","background-type":"","background-media":"","overlay-type":"","overlay-color":"","overlay-opacity":"","overlay-gradient":""},"tablet":{"background-color":"var(--ast-global-color-5)","background-image":"","background-repeat":"repeat","background-position":"center center","background-size":"auto","background-attachment":"scroll","background-type":"","background-media":"","overlay-type":"","overlay-color":"","overlay-opacity":"","overlay-gradient":""},"mobile":{"background-color":"var(--ast-global-color-5)","background-image":"","background-repeat":"repeat","background-position":"center center","background-size":"auto","background-attachment":"scroll","background-type":"","background-media":"","overlay-type":"","overlay-color":"","overlay-opacity":"","overlay-gradient":""}},"_joinchat":[]},"product_brand":[],"product_cat":[65,531,140,150,156,158,141,142,146,147],"product_tag":[533,534,535,532,355,287,513,512],"class_list":{"0":"post-4781","1":"product","2":"type-product","3":"status-publish","4":"has-post-thumbnail","6":"product_cat-40000-puff","7":"product_cat-al-fakher-crown-bar","8":"product_cat-big-puffs-disposable-vapes","9":"product_cat-buy-disposable-vapes-in-belgium","10":"product_cat-buy-disposable-vapes-in-poland","11":"product_cat-buy-disposable-vapes-in-spain","12":"product_cat-crystal-disposable-vapes","13":"product_cat-digital-box-disposable-vapes","14":"product_cat-rechargeable-disposable-vapes","15":"product_cat-shisha-hookah-disposable-vapes","16":"product_tag-al-fakher-crown-bar-mega-max","17":"product_tag-al-fakher-crown-bar-mega-max-40000-puffs","18":"product_tag-al-fakher-crown-bar-mega-max-40k","19":"product_tag-al-fakher-mega-max-40k","20":"product_tag-big-puff-vape","21":"product_tag-disposable-vape-pen","22":"product_tag-vape-discount-price","23":"product_tag-vape-wholesale-distributor","24":"desktop-align-left","25":"tablet-align-left","26":"mobile-align-left","28":"first","29":"instock","30":"sale","31":"shipping-taxable","32":"purchasable","33":"product-type-simple"},"acf":[],"uagb_featured_image_src":{"full":["https:\/\/vapestornado.com\/wp-content\/uploads\/2026\/01\/Al-Fakher-Mega-Max-40K-40000-Puff-Disposable-Vapor.webp",800,800,false],"thumbnail":["https:\/\/vapestornado.com\/wp-content\/uploads\/2026\/01\/Al-Fakher-Mega-Max-40K-40000-Puff-Disposable-Vapor-150x150.webp",150,150,true],"medium":["https:\/\/vapestornado.com\/wp-content\/uploads\/2026\/01\/Al-Fakher-Mega-Max-40K-40000-Puff-Disposable-Vapor-300x300.webp",300,300,true],"medium_large":["https:\/\/vapestornado.com\/wp-content\/uploads\/2026\/01\/Al-Fakher-Mega-Max-40K-40000-Puff-Disposable-Vapor-768x768.webp",768,768,true],"large":["https:\/\/vapestornado.com\/wp-content\/uploads\/2026\/01\/Al-Fakher-Mega-Max-40K-40000-Puff-Disposable-Vapor.webp",800,800,false],"1536x1536":["https:\/\/vapestornado.com\/wp-content\/uploads\/2026\/01\/Al-Fakher-Mega-Max-40K-40000-Puff-Disposable-Vapor.webp",800,800,false],"2048x2048":["https:\/\/vapestornado.com\/wp-content\/uploads\/2026\/01\/Al-Fakher-Mega-Max-40K-40000-Puff-Disposable-Vapor.webp",800,800,false],"trp-custom-language-flag":["https:\/\/vapestornado.com\/wp-content\/uploads\/2026\/01\/Al-Fakher-Mega-Max-40K-40000-Puff-Disposable-Vapor-12x12.webp",12,12,true],"woocommerce_thumbnail":["https:\/\/vapestornado.com\/wp-content\/uploads\/2026\/01\/Al-Fakher-Mega-Max-40K-40000-Puff-Disposable-Vapor-300x300.webp",300,300,true],"woocommerce_single":["https:\/\/vapestornado.com\/wp-content\/uploads\/2026\/01\/Al-Fakher-Mega-Max-40K-40000-Puff-Disposable-Vapor-600x600.webp",600,600,true],"woocommerce_gallery_thumbnail":["https:\/\/vapestornado.com\/wp-content\/uploads\/2026\/01\/Al-Fakher-Mega-Max-40K-40000-Puff-Disposable-Vapor-100x100.webp",100,100,true]},"uagb_author_info":{"display_name":"ESAMY","author_link":"https:\/\/vapestornado.com\/pt\/author\/"},"uagb_comment_info":0,"uagb_excerpt":"Al Fakher Mega Max 40K Disposable E Shisha with Adjustable Airflow \u2013 Wholesale Ready Al Fakher Crown Bar Mega Max 40000 Puffs Hookah Vape for EU Wholesale Mega Max 40K by Al Fakher \u2013 Long-Lasting Disposable E Shisha at Wholesale Price Add Amy's whatsapp to get right reply and discount price! WhatsApp: +86 17776015835","_links":{"self":[{"href":"https:\/\/vapestornado.com\/pt\/wp-json\/wp\/v2\/product\/4781","targetHints":{"allow":["GET"]}}],"collection":[{"href":"https:\/\/vapestornado.com\/pt\/wp-json\/wp\/v2\/product"}],"about":[{"href":"https:\/\/vapestornado.com\/pt\/wp-json\/wp\/v2\/types\/product"}],"replies":[{"embeddable":true,"href":"https:\/\/vapestornado.com\/pt\/wp-json\/wp\/v2\/comments?post=4781"}],"wp:featuredmedia":[{"embeddable":true,"href":"https:\/\/vapestornado.com\/pt\/wp-json\/wp\/v2\/media\/4776"}],"wp:attachment":[{"href":"https:\/\/vapestornado.com\/pt\/wp-json\/wp\/v2\/media?parent=4781"}],"wp:term":[{"taxonomy":"product_brand","embeddable":true,"href":"https:\/\/vapestornado.com\/pt\/wp-json\/wp\/v2\/product_brand?post=4781"},{"taxonomy":"product_cat","embeddable":true,"href":"https:\/\/vapestornado.com\/pt\/wp-json\/wp\/v2\/product_cat?post=4781"},{"taxonomy":"product_tag","embeddable":true,"href":"https:\/\/vapestornado.com\/pt\/wp-json\/wp\/v2\/product_tag?post=4781"}],"curies":[{"name":"wp","href":"https:\/\/api.w.org\/{rel}","templated":true}]}}