{"id":4772,"date":"2026-01-06T07:32:26","date_gmt":"2026-01-06T07:32:26","guid":{"rendered":"https:\/\/vapestornado.com\/?post_type=product&#038;p=4772"},"modified":"2026-01-06T08:25:40","modified_gmt":"2026-01-06T08:25:40","slug":"al-fakher-crystal-8k-v2-8000-puffs-disposable-vape-dual-vaping-mode","status":"publish","type":"product","link":"https:\/\/vapestornado.com\/pt\/product\/al-fakher-crystal-8k-v2-8000-puffs-disposable-vape-dual-vaping-mode\/","title":{"rendered":"Al Fakher CRYSTAL 8k V2 8000 Puffs Vape Descart\u00e1vel Modo de Vaping Dual"},"content":{"rendered":"<h1 data-start=\"0\" data-end=\"87\">Al Fakher CRYSTAL 8K V2 8000 Puffs Vape Descart\u00e1vel \u2013 Modo de Vaping Dual<\/h1>\n<p data-start=\"249\" data-end=\"723\">O <strong data-start=\"253\" data-end=\"280\">Al Fakher CRYSTAL 8K V2<\/strong> \u00e9 projetado para grossistas que valorizam credibilidade de marca, entrega de sabor consistente e rotatividade confi\u00e1vel. Como parte da <strong data-start=\"409\" data-end=\"432\">Barra de Charuto Al Fakher Crown<\/strong> linha, este modelo foca na estabilidade em vez de truques, tornando-se uma op\u00e7\u00e3o segura e comprovada para o mercado de descart\u00e1veis na UE. Com um corpo de estilo cristal refinado, aquecimento por malha de bobina e <strong data-start=\"618\" data-end=\"638\">modo de vaporiza\u00e7\u00e3o dupla<\/strong>, oferece uma experi\u00eancia controlada e repet\u00edvel desde o primeiro ao \u00faltimo puff.<\/p>\n<p data-start=\"725\" data-end=\"1103\">Ao contr\u00e1rio de modelos de alto puff oversized como <strong data-start=\"767\" data-end=\"787\">Airmez Fox 80000<\/strong>, o <strong data-start=\"793\" data-end=\"830\">Al Fakher Crown Bar Crystal 8000 V2<\/strong> destina-se a utilizadores que preferem uma inala\u00e7\u00e3o mais leve e fiabilidade di\u00e1ria. A baixa <strong data-start=\"902\" data-end=\"939\">for\u00e7a de nicotina de 0,5% (0,5mg\/ml)<\/strong> atende \u00e0 procura de clientes que desejam satisfa\u00e7\u00e3o suave sem aspereza, enquanto a <strong data-start=\"1025\" data-end=\"1051\">capacidade de e-l\u00edquido de 18ml<\/strong> suporta uso prolongado sem substitui\u00e7\u00e3o frequente.<\/p>\n<p data-start=\"1105\" data-end=\"1509\">O desempenho do sabor mant\u00e9m-se consistente gra\u00e7as a um sistema de malha de bobina atualizado, produzindo aquecimento uniforme e uma puxada suave em configura\u00e7\u00f5es MTL e DTL. O <strong data-start=\"1263\" data-end=\"1283\">modo de vaporiza\u00e7\u00e3o dupla<\/strong> permite aos utilizadores alterar os estilos de desenho com base na prefer\u00eancia, expandindo o apelo entre diferentes h\u00e1bitos de utilizador. <strong data-start=\"1401\" data-end=\"1432\">bateria recarreg\u00e1vel de 850mAh<\/strong> e <strong data-start=\"1437\" data-end=\"1456\">carregamento Tipo-C<\/strong>, o dispositivo mant\u00e9m uma sa\u00edda est\u00e1vel at\u00e9 ao esgotamento.<\/p>\n<p data-start=\"1511\" data-end=\"1833\">Com <strong data-start=\"1516\" data-end=\"1538\">45 op\u00e7\u00f5es de sabores<\/strong>, o <strong data-start=\"1544\" data-end=\"1571\">Al Fakher CRYSTAL 8k V2<\/strong> \u00e9 ideal para rota\u00e7\u00e3o de sabores, visibilidade na prateleira e compras repetidas. Fornecido a granel com <strong data-start=\"1666\" data-end=\"1688\">200 unidades por caixote<\/strong>, \u00e9 muito adequado para <strong data-start=\"1712\" data-end=\"1750\">Vapes Descart\u00e1veis Atacado Portugal<\/strong> compradores \u00e0 procura de uma marca forte a um <strong data-start=\"1790\" data-end=\"1805\">pre\u00e7o barato<\/strong> com fiabilidade a longo prazo.<\/p>\n<p><strong><span style=\"color: #ff0000;\">Adicione o WhatsApp da Amy para uma resposta r\u00e1pida e cup\u00e3o de vape!<\/span><\/strong><\/p>\n<p><img fetchpriority=\"high\" decoding=\"async\" class=\"size-full wp-image-2932\" src=\"https:\/\/vapestornado.com\/wp-content\/uploads\/2024\/12\/Vape-Wholesale.jpg\" alt=\"Vape Atacado\" width=\"229\" height=\"300\" \/><\/p>\n<h3><a href=\"https:\/\/wa.me\/8617776015835\" target=\"_blank\" rel=\"noopener\"><span style=\"color: #ff0000;\"><strong>WhatsApp: +86 17776015835<\/strong><\/span><\/a><\/h3>\n<p>&nbsp;<\/p>\n<h2><strong>Recursos do Produto Al Fakher CRYSTAL 8k V2 Puffs<\/strong><\/h2>\n<div>\n<ul>\n<li data-start=\"0\" data-end=\"138\">\n<p data-start=\"2\" data-end=\"138\"><strong data-start=\"2\" data-end=\"31\" data-is-only-node=\"\">At\u00e9 8.000\u201312.000 Puffs:<\/strong> Projetado para oferecer desempenho duradouro, reduzindo a necessidade de substitui\u00e7\u00f5es frequentes para os utilizadores finais.<\/p>\n<\/li>\n<li data-start=\"140\" data-end=\"263\">\n<p data-start=\"142\" data-end=\"263\"><strong data-start=\"142\" data-end=\"163\" data-is-only-node=\"\">Modo de Vaporiza\u00e7\u00e3o Dual:<\/strong> Suporta estilos MTL e DTL, permitindo aos utilizadores ajustar a puxada de acordo com a sua prefer\u00eancia pessoal.<\/p>\n<\/li>\n<li data-start=\"265\" data-end=\"392\">\n<p data-start=\"267\" data-end=\"392\"><strong data-start=\"267\" data-end=\"298\" data-is-only-node=\"\">0,5% Baixa Pot\u00eancia de Nicotina:<\/strong> Proporciona uma sensa\u00e7\u00e3o mais leve e suave, adequada para clientes que procuram um consumo controlado de nicotina.<\/p>\n<\/li>\n<li data-start=\"394\" data-end=\"502\">\n<p data-start=\"396\" data-end=\"502\"><strong data-start=\"396\" data-end=\"423\" data-is-only-node=\"\">Capacidade de L\u00edquido Electr\u00f3nico de 18ml:<\/strong> Garante uma sa\u00edda de sabor consistente ao longo de toda a vida \u00fatil do dispositivo.<\/p>\n<\/li>\n<li data-start=\"504\" data-end=\"615\">\n<p data-start=\"506\" data-end=\"615\"><strong data-start=\"506\" data-end=\"535\" data-is-only-node=\"\">Sistema de Aquecimento de Malha:<\/strong> Proporciona aquecimento uniforme para uma produ\u00e7\u00e3o de vapor est\u00e1vel e sabor limpo e preciso.<\/p>\n<\/li>\n<li data-start=\"617\" data-end=\"737\">\n<p data-start=\"619\" data-end=\"737\"><strong data-start=\"619\" data-end=\"651\" data-is-only-node=\"\">Bateria Recarreg\u00e1vel de 850mAh:<\/strong> Oferece pot\u00eancia fi\u00e1vel desde o primeiro puxo at\u00e9 ao \u00faltimo, sem perda de desempenho.<\/p>\n<\/li>\n<li data-start=\"739\" data-end=\"828\">\n<p data-start=\"741\" data-end=\"828\"><strong data-start=\"741\" data-end=\"766\" data-is-only-node=\"\">Porta de Carregamento Tipo-C:<\/strong> Permite recarregamento r\u00e1pido, conveniente e amplamente compat\u00edvel.<\/p>\n<\/li>\n<li data-start=\"830\" data-end=\"942\">\n<p data-start=\"832\" data-end=\"942\"><strong data-start=\"832\" data-end=\"854\" data-is-only-node=\"\">45 Op\u00e7\u00f5es de Sabores:<\/strong> Suporta rota\u00e7\u00e3o de sabores forte e compras repetidas nos mercados de retalho e atacado.<\/p>\n<\/li>\n<li data-start=\"944\" data-end=\"1050\">\n<p data-start=\"946\" data-end=\"1050\"><strong data-start=\"946\" data-end=\"976\" data-is-only-node=\"\">Design de Corpo Estilo Cristal:<\/strong> Combina est\u00e9tica premium com durabilidade pr\u00e1tica para uso di\u00e1rio.<\/p>\n<\/li>\n<li data-start=\"1052\" data-end=\"1160\" data-is-last-node=\"\">\n<p data-start=\"1054\" data-end=\"1160\" data-is-last-node=\"\"><strong data-start=\"1054\" data-end=\"1095\" data-is-only-node=\"\">Embalagem de Caixote Atacado (200 unidades):<\/strong> Otimizadas para distribui\u00e7\u00e3o e log\u00edstica eficientes na UE.<\/p>\n<\/li>\n<\/ul>\n<\/div>\n<div>\n<figure id=\"attachment_4766\" aria-describedby=\"caption-attachment-4766\" style=\"width: 300px\" class=\"wp-caption alignnone\"><img decoding=\"async\" class=\"size-medium wp-image-4766\" src=\"https:\/\/vapestornado.com\/wp-content\/uploads\/2026\/01\/Al-Fakher-Crown-Bar-Crystal-8000-Disposable-Wholesale-Price-300x300.webp\" alt=\"Pre\u00e7o Atacado de Venda por Grosso do Bar Cristal Al Fakher Crown 8000\" width=\"300\" height=\"300\" srcset=\"https:\/\/vapestornado.com\/wp-content\/uploads\/2026\/01\/Al-Fakher-Crown-Bar-Crystal-8000-Disposable-Wholesale-Price-300x300.webp 300w, https:\/\/vapestornado.com\/wp-content\/uploads\/2026\/01\/Al-Fakher-Crown-Bar-Crystal-8000-Disposable-Wholesale-Price-150x150.webp 150w, https:\/\/vapestornado.com\/wp-content\/uploads\/2026\/01\/Al-Fakher-Crown-Bar-Crystal-8000-Disposable-Wholesale-Price-768x768.webp 768w, https:\/\/vapestornado.com\/wp-content\/uploads\/2026\/01\/Al-Fakher-Crown-Bar-Crystal-8000-Disposable-Wholesale-Price-12x12.webp 12w, https:\/\/vapestornado.com\/wp-content\/uploads\/2026\/01\/Al-Fakher-Crown-Bar-Crystal-8000-Disposable-Wholesale-Price-600x600.webp 600w, https:\/\/vapestornado.com\/wp-content\/uploads\/2026\/01\/Al-Fakher-Crown-Bar-Crystal-8000-Disposable-Wholesale-Price-100x100.webp 100w, https:\/\/vapestornado.com\/wp-content\/uploads\/2026\/01\/Al-Fakher-Crown-Bar-Crystal-8000-Disposable-Wholesale-Price.webp 800w\" sizes=\"(max-width: 300px) 100vw, 300px\" \/><figcaption id=\"caption-attachment-4766\" class=\"wp-caption-text\">Pre\u00e7o Atacado de Venda por Grosso do Bar Cristal Al Fakher Crown 8000<\/figcaption><\/figure>\n<\/div>\n<div>\n<figure id=\"attachment_4771\" aria-describedby=\"caption-attachment-4771\" style=\"width: 289px\" class=\"wp-caption alignnone\"><img decoding=\"async\" class=\"size-medium wp-image-4771\" src=\"https:\/\/vapestornado.com\/wp-content\/uploads\/2026\/01\/Al-Fakher-Crystal-8k-Disposable-Vapes-289x300.jpg\" alt=\"Vapes Descart\u00e1veis Al Fakher Crystal 8k V2\" width=\"289\" height=\"300\" srcset=\"https:\/\/vapestornado.com\/wp-content\/uploads\/2026\/01\/Al-Fakher-Crystal-8k-Disposable-Vapes-289x300.jpg 289w, https:\/\/vapestornado.com\/wp-content\/uploads\/2026\/01\/Al-Fakher-Crystal-8k-Disposable-Vapes-987x1024.jpg 987w, https:\/\/vapestornado.com\/wp-content\/uploads\/2026\/01\/Al-Fakher-Crystal-8k-Disposable-Vapes-768x797.jpg 768w, https:\/\/vapestornado.com\/wp-content\/uploads\/2026\/01\/Al-Fakher-Crystal-8k-Disposable-Vapes-12x12.jpg 12w, https:\/\/vapestornado.com\/wp-content\/uploads\/2026\/01\/Al-Fakher-Crystal-8k-Disposable-Vapes-600x623.jpg 600w, https:\/\/vapestornado.com\/wp-content\/uploads\/2026\/01\/Al-Fakher-Crystal-8k-Disposable-Vapes.jpg 1411w\" sizes=\"(max-width: 289px) 100vw, 289px\" \/><figcaption id=\"caption-attachment-4771\" class=\"wp-caption-text\">Vapes Descart\u00e1veis Al Fakher Crystal 8k V2<\/figcaption><\/figure>\n<\/div>\n<h2 class=\"product-title\"><strong>Lista de Sabores Puff CRISTAL 8k V2 Al Fakher<\/strong><\/h2>\n<p>1 Blue Berry<br \/>\n2 Gelo de Framboesa<br \/>\n3 Gelo de Groselha Preta<br \/>\n4 Hortel\u00e3 de Groselha Preta<br \/>\n5 Explos\u00e3o de Raspberry Azul<br \/>\n6 Limonada de Raspberry Azul<br \/>\n7 Cereja de Mirtilo<br \/>\n8 Goma de Mirtilo<br \/>\n9 Limonada de Mirtilo<br \/>\n10 Mirtilo com Hortel\u00e3<br \/>\n11 Mirtilo e Framboesa<br \/>\n12 Framboesa Azeda de Mirtilo<br \/>\n13 Festa de Cereja<br \/>\n14 Espumante de Cereja<br \/>\n15 Gelo de Cereja<br \/>\n16 Manga Fresca<br \/>\n17 Fusion Pop<br \/>\n18 Uva<br \/>\n19 Uva com Framboesa<br \/>\n20 Uva com Hortel\u00e3<br \/>\n21 Goma de Hortel\u00e3<br \/>\n22 Hubba<br \/>\n23 Azul Gelo<br \/>\n24 Lim\u00e3o e Lima<br \/>\n25 Espumante de Lim\u00e3o, Lima e Cereja<br \/>\n26 Lim\u00e3o com Hortel\u00e3<br \/>\n27 Gelo Luxuriante<br \/>\n28 Amor M\u00e1gico<br \/>\n29 Manga e Abacaxi<br \/>\n30 Mentol<br \/>\n31 Menta<br \/>\n32 Frutos Silvestres Misturados<br \/>\n33 Laranja Menta<br \/>\n34 P\u00eassego Gelo<br \/>\n35 Abacaxi Gelo<br \/>\n36 Sonho Espacial<br \/>\n37 Hortel\u00e3<br \/>\n38 Morango Cereja<br \/>\n39 Ponche de Morango<br \/>\n40 Sonho de Ver\u00e3o<br \/>\n41 Duas Ma\u00e7\u00e3s<br \/>\n42 Melancia Cereja<br \/>\n43 Melancia Kiwi<br \/>\n44 Melancia Lima<br \/>\n45 Melancia Abacaxi<\/p>\n<div class=\"flex-shrink-0 flex flex-col relative items-end\">\n<div class=\"pt-0\">\n<div class=\"gizmo-bot-avatar flex h-8 w-8 items-center justify-center overflow-hidden rounded-full\">\n<div class=\"relative p-1 rounded-sm flex items-center justify-center bg-token-main-surface-primary text-token-text-primary h-8 w-8\">\n<h2 data-start=\"1200\" data-end=\"1487\">Vapes Tornado \u2013 Sua loja de vapor por atacado online para vaporizadores populares<\/h2>\n<p data-start=\"72\" data-end=\"396\"><strong data-start=\"72\" data-end=\"89\">Vapes Tornado<\/strong> \u00e9 uma loja de vapor por atacado online com foco na Europa, fornecendo uma gama cuidadosamente selecionada de <strong data-start=\"178\" data-end=\"195\">vaporizadores populares<\/strong> para compradores profissionais. Trabalhamos com retalhistas, distribuidores e lojas online em toda a UE que necessitam de fornecimento est\u00e1vel, informa\u00e7\u00f5es claras sobre o produto e marcas que os clientes j\u00e1 reconhecem e confiam.<\/p>\n<p data-start=\"398\" data-end=\"687\">Trabalhamos com nomes de confian\u00e7a como <strong data-start=\"307\" data-end=\"362\"><a href=\"https:\/\/vapestornado.com\/pt\/product\/randm-12000-puffs-fumot-digital-disposable-vape-wholesale-price\/\">Fumot VAPE<\/a>, <a href=\"https:\/\/vapestornado.com\/pt\/product\/original-wga-ultra-35k-35000-puff-rechargeable-crystal-disposable-nicotine-vape-best-discount-price\/\">WGA VAPE<\/a>, <\/strong><strong data-start=\"307\" data-end=\"362\"><a href=\"https:\/\/vapestornado.com\/pt\/product\/vozol-gear-shisha-25k-25000-puffs-best-dtl-disposable-vape-hookah-cheap-price\/\">VOZOL BAR VAPE<\/a>,<\/strong><strong data-start=\"247\" data-end=\"352\">\u00a0Vape Elf Bar, Vape WASPE, <a href=\"https:\/\/vapestornado.com\/pt\/product\/uzy-150k-puffs-6-in-1-flavor-switch-disposable-vape-pen-wholesale\/\">UZY Vape<\/a>, Vape Bang, Razz Bar Vape, e Stag Bar Vape<\/strong>, escolhidos pela qualidade consistente e forte procura no mercado europeu.<\/p>\n<h4 data-start=\"1080\" data-end=\"1120\">Constru\u00eddo para Compradores por Atacado Europeus<\/h4>\n<p data-start=\"1121\" data-end=\"1189\">Vapes Tornado \u00e9 estruturado em torno das necessidades reais dos grossistas da UE:<\/p>\n<ul data-start=\"1190\" data-end=\"1400\">\n<li data-start=\"1190\" data-end=\"1239\">\n<p data-start=\"1192\" data-end=\"1239\">Pre\u00e7os de atacado competitivos para encomendas em grande quantidade<\/p>\n<\/li>\n<li data-start=\"1240\" data-end=\"1289\">\n<p data-start=\"1242\" data-end=\"1289\">Descri\u00e7\u00f5es e especifica\u00e7\u00f5es claras do produto<\/p>\n<\/li>\n<li data-start=\"1290\" data-end=\"1330\">\n<p data-start=\"1292\" data-end=\"1330\">Log\u00edstica r\u00e1pida e fi\u00e1vel orientada para a UE<\/p>\n<\/li>\n<li data-start=\"1331\" data-end=\"1400\">\n<p data-start=\"1333\" data-end=\"1400\">Um cat\u00e1logo focado em <strong data-start=\"1356\" data-end=\"1373\">vaporizadores populares<\/strong>, n\u00e3o SKUs excessivamente saturados<\/p>\n<\/li>\n<\/ul>\n<h2 data-start=\"2064\" data-end=\"2115\">Perguntas Frequentes sobre o Vape Descart\u00e1vel Al Fakher CRYSTAL 8000 V2<\/h2>\n<p data-start=\"3467\" data-end=\"3658\"><strong data-start=\"3467\" data-end=\"3546\">1. O que torna o Al Fakher CRYSTAL 8K V2 diferente de outros descart\u00e1veis?<\/strong><br data-start=\"3546\" data-end=\"3549\" \/>Foca na estabilidade do sabor, baixa concentra\u00e7\u00e3o de nicotina e modo de vaporiza\u00e7\u00e3o dupla, em vez de contagens extremas de tragos.<\/p>\n<p data-start=\"3660\" data-end=\"3780\"><strong data-start=\"3660\" data-end=\"3721\">2. O Al Fakher Crown Bar Crystal 8K V2 \u00e9 recarreg\u00e1vel?<\/strong><br data-start=\"3721\" data-end=\"3724\" \/>Sim, possui uma bateria de 850mAh com carregamento Type-C.<\/p>\n<p data-start=\"3782\" data-end=\"3917\"><strong data-start=\"3782\" data-end=\"3825\">3. Para quem este produto \u00e9 mais adequado?<\/strong><br data-start=\"3825\" data-end=\"3828\" \/>Utilizadores que desejam sabor suave, ingest\u00e3o de nicotina mais leve e desempenho di\u00e1rio consistente.<\/p>\n<p data-start=\"3919\" data-end=\"4102\"><strong data-start=\"3919\" data-end=\"3989\">4. Como se compara a dispositivos de alta inala\u00e7\u00e3o, como o Airmez Fox 80000?<\/strong><br data-start=\"3989\" data-end=\"3992\" \/>O Crystal 8K V2 prioriza o controlo e a precis\u00e3o do sabor, enquanto os modelos de alta inala\u00e7\u00e3o focam na durabilidade prolongada.<\/p>\n<p data-start=\"4104\" data-end=\"4265\"><strong data-start=\"4104\" data-end=\"4166\">5. Este produto \u00e9 adequado para distribui\u00e7\u00e3o por grosso na UE?<\/strong><br data-start=\"4166\" data-end=\"4169\" \/>Sim, \u00e9 embalado em caixas a granel e popular para <strong data-start=\"4219\" data-end=\"4257\">Vapes Descart\u00e1veis Atacado Portugal<\/strong> fornecimento.<\/p>\n<\/div>\n<\/div>\n<\/div>\n<\/div>","protected":false},"excerpt":{"rendered":"<p data-start=\"1873\" data-end=\"1964\"><strong data-start=\"1873\" data-end=\"1964\">Al Fakher Crown Bar Crystal 8K V2 \u2013 Vape Descart\u00e1vel de Desempenho Est\u00e1vel para Atacado na UE<\/strong><\/p>\n<p data-start=\"1968\" data-end=\"2039\"><strong data-start=\"1968\" data-end=\"2039\">Al Fakher CRYSTAL 8K V2 com Modo de Vaping Dual e Baixo Teor de Nicotina<\/strong><\/p>\n<p data-start=\"2043\" data-end=\"2136\"><strong data-start=\"2043\" data-end=\"2136\">Crystal 8K V2 da Al Fakher \u2013 Vape Descart\u00e1vel Confi\u00e1vel com 8000 Puffs a Pre\u00e7o Atacadista Competitivo<\/strong><\/p>\n<p><strong>Adicione o whatsapp da Amy para obter resposta certa e pre\u00e7o de desconto!<\/strong><\/p>\n<p><img fetchpriority=\"high\" decoding=\"async\" class=\"size-full wp-image-2932\" src=\"https:\/\/vapestornado.com\/wp-content\/uploads\/2024\/12\/Vape-Wholesale.jpg\" alt=\"Vape Atacado\" width=\"229\" height=\"300\" \/><\/p>\n<h3><a href=\"https:\/\/wa.me\/8617776015835\"><span style=\"color: #ff0000;\"><strong>WhatsApp: +86 17776015835<\/strong><\/span><\/a><\/h3>","protected":false},"featured_media":4770,"comment_status":"open","ping_status":"closed","template":"","meta":{"_acf_changed":false,"_uag_custom_page_level_css":"","_lmt_disableupdate":"no","_lmt_disable":"","_monsterinsights_skip_tracking":false,"_monsterinsights_sitenote_active":false,"_monsterinsights_sitenote_note":"","_monsterinsights_sitenote_category":0,"site-sidebar-layout":"default","site-content-layout":"","ast-site-content-layout":"default","site-content-style":"default","site-sidebar-style":"default","ast-global-header-display":"","ast-banner-title-visibility":"","ast-main-header-display":"","ast-hfb-above-header-display":"","ast-hfb-below-header-display":"","ast-hfb-mobile-header-display":"","site-post-title":"","ast-breadcrumbs-content":"","ast-featured-img":"","footer-sml-layout":"","ast-disable-related-posts":"","theme-transparent-header-meta":"default","adv-header-id-meta":"","stick-header-meta":"","header-above-stick-meta":"","header-main-stick-meta":"","header-below-stick-meta":"","astra-migrate-meta-layouts":"set","ast-page-background-enabled":"default","ast-page-background-meta":{"desktop":{"background-color":"","background-image":"","background-repeat":"repeat","background-position":"center center","background-size":"auto","background-attachment":"scroll","background-type":"","background-media":"","overlay-type":"","overlay-color":"","overlay-opacity":"","overlay-gradient":""},"tablet":{"background-color":"","background-image":"","background-repeat":"repeat","background-position":"center center","background-size":"auto","background-attachment":"scroll","background-type":"","background-media":"","overlay-type":"","overlay-color":"","overlay-opacity":"","overlay-gradient":""},"mobile":{"background-color":"","background-image":"","background-repeat":"repeat","background-position":"center center","background-size":"auto","background-attachment":"scroll","background-type":"","background-media":"","overlay-type":"","overlay-color":"","overlay-opacity":"","overlay-gradient":""}},"ast-content-background-meta":{"desktop":{"background-color":"var(--ast-global-color-5)","background-image":"","background-repeat":"repeat","background-position":"center center","background-size":"auto","background-attachment":"scroll","background-type":"","background-media":"","overlay-type":"","overlay-color":"","overlay-opacity":"","overlay-gradient":""},"tablet":{"background-color":"var(--ast-global-color-5)","background-image":"","background-repeat":"repeat","background-position":"center center","background-size":"auto","background-attachment":"scroll","background-type":"","background-media":"","overlay-type":"","overlay-color":"","overlay-opacity":"","overlay-gradient":""},"mobile":{"background-color":"var(--ast-global-color-5)","background-image":"","background-repeat":"repeat","background-position":"center center","background-size":"auto","background-attachment":"scroll","background-type":"","background-media":"","overlay-type":"","overlay-color":"","overlay-opacity":"","overlay-gradient":""}},"_joinchat":[]},"product_brand":[],"product_cat":[140,149,156,158,141,142,146,147],"product_tag":[529,530,528,355,287,513,512],"class_list":{"0":"post-4772","1":"product","2":"type-product","3":"status-publish","4":"has-post-thumbnail","6":"product_cat-big-puffs-disposable-vapes","7":"product_cat-buy-disposable-vapes-in-austria","8":"product_cat-buy-disposable-vapes-in-poland","9":"product_cat-buy-disposable-vapes-in-spain","10":"product_cat-crystal-disposable-vapes","11":"product_cat-digital-box-disposable-vapes","12":"product_cat-rechargeable-disposable-vapes","13":"product_cat-shisha-hookah-disposable-vapes","14":"product_tag-al-fakher-8k-v2","15":"product_tag-al-fakher-crystal-8000-v2","16":"product_tag-al-fakher-crystal-8k-v2","17":"product_tag-big-puff-vape","18":"product_tag-disposable-vape-pen","19":"product_tag-vape-discount-price","20":"product_tag-vape-wholesale-distributor","21":"desktop-align-left","22":"tablet-align-left","23":"mobile-align-left","25":"first","26":"instock","27":"sale","28":"shipping-taxable","29":"purchasable","30":"product-type-simple"},"acf":[],"uagb_featured_image_src":{"full":["https:\/\/vapestornado.com\/wp-content\/uploads\/2026\/01\/Al-Fakher-Disposable-Vapes-Best-Price.webp",800,800,false],"thumbnail":["https:\/\/vapestornado.com\/wp-content\/uploads\/2026\/01\/Al-Fakher-Disposable-Vapes-Best-Price-150x150.webp",150,150,true],"medium":["https:\/\/vapestornado.com\/wp-content\/uploads\/2026\/01\/Al-Fakher-Disposable-Vapes-Best-Price-300x300.webp",300,300,true],"medium_large":["https:\/\/vapestornado.com\/wp-content\/uploads\/2026\/01\/Al-Fakher-Disposable-Vapes-Best-Price-768x768.webp",768,768,true],"large":["https:\/\/vapestornado.com\/wp-content\/uploads\/2026\/01\/Al-Fakher-Disposable-Vapes-Best-Price.webp",800,800,false],"1536x1536":["https:\/\/vapestornado.com\/wp-content\/uploads\/2026\/01\/Al-Fakher-Disposable-Vapes-Best-Price.webp",800,800,false],"2048x2048":["https:\/\/vapestornado.com\/wp-content\/uploads\/2026\/01\/Al-Fakher-Disposable-Vapes-Best-Price.webp",800,800,false],"trp-custom-language-flag":["https:\/\/vapestornado.com\/wp-content\/uploads\/2026\/01\/Al-Fakher-Disposable-Vapes-Best-Price-12x12.webp",12,12,true],"woocommerce_thumbnail":["https:\/\/vapestornado.com\/wp-content\/uploads\/2026\/01\/Al-Fakher-Disposable-Vapes-Best-Price-300x300.webp",300,300,true],"woocommerce_single":["https:\/\/vapestornado.com\/wp-content\/uploads\/2026\/01\/Al-Fakher-Disposable-Vapes-Best-Price-600x600.webp",600,600,true],"woocommerce_gallery_thumbnail":["https:\/\/vapestornado.com\/wp-content\/uploads\/2026\/01\/Al-Fakher-Disposable-Vapes-Best-Price-100x100.webp",100,100,true]},"uagb_author_info":{"display_name":"ESAMY","author_link":"https:\/\/vapestornado.com\/pt\/author\/"},"uagb_comment_info":0,"uagb_excerpt":"Al Fakher Crown Bar Crystal 8K V2 \u2013 Stable Performance Disposable Vape for EU Wholesale Al Fakher CRYSTAL 8K V2 with Dual Vaping Mode &amp; Low Nicotine Output Crystal 8K V2 by Al Fakher \u2013 Reliable 8000 Puff Disposable at Competitive Wholesale Price Add Amy's whatsapp to get right reply and discount price! WhatsApp: +86&hellip;","_links":{"self":[{"href":"https:\/\/vapestornado.com\/pt\/wp-json\/wp\/v2\/product\/4772","targetHints":{"allow":["GET"]}}],"collection":[{"href":"https:\/\/vapestornado.com\/pt\/wp-json\/wp\/v2\/product"}],"about":[{"href":"https:\/\/vapestornado.com\/pt\/wp-json\/wp\/v2\/types\/product"}],"replies":[{"embeddable":true,"href":"https:\/\/vapestornado.com\/pt\/wp-json\/wp\/v2\/comments?post=4772"}],"wp:featuredmedia":[{"embeddable":true,"href":"https:\/\/vapestornado.com\/pt\/wp-json\/wp\/v2\/media\/4770"}],"wp:attachment":[{"href":"https:\/\/vapestornado.com\/pt\/wp-json\/wp\/v2\/media?parent=4772"}],"wp:term":[{"taxonomy":"product_brand","embeddable":true,"href":"https:\/\/vapestornado.com\/pt\/wp-json\/wp\/v2\/product_brand?post=4772"},{"taxonomy":"product_cat","embeddable":true,"href":"https:\/\/vapestornado.com\/pt\/wp-json\/wp\/v2\/product_cat?post=4772"},{"taxonomy":"product_tag","embeddable":true,"href":"https:\/\/vapestornado.com\/pt\/wp-json\/wp\/v2\/product_tag?post=4772"}],"curies":[{"name":"wp","href":"https:\/\/api.w.org\/{rel}","templated":true}]}}