{"id":4703,"date":"2025-12-19T06:50:39","date_gmt":"2025-12-19T06:50:39","guid":{"rendered":"https:\/\/vapestornado.com\/?post_type=product&#038;p=4703"},"modified":"2025-12-19T07:56:00","modified_gmt":"2025-12-19T07:56:00","slug":"bang-box-200k-200000-puff-disposable-vape-pen-wholesale-price-8-flavor-adjustable","status":"publish","type":"product","link":"https:\/\/vapestornado.com\/pt\/product\/bang-box-200k-200000-puff-disposable-vape-pen-wholesale-price-8-flavor-adjustable\/","title":{"rendered":"Bang Box 200k 200000 Puffs Vape Descart\u00e1vel Pre\u00e7o por Atacado 8 Sabores Ajust\u00e1veis"},"content":{"rendered":"<h2 data-pm-slice=\"1 1 []\">Bang Box 200k 200000 Puff Vape Descart\u00e1vel Pre\u00e7o por Atacado \u2014 8 Sabores Ajust\u00e1veis<\/h2>\n<p data-start=\"88\" data-end=\"695\">O <strong data-start=\"92\" data-end=\"109\">Bang Box 200k<\/strong> (tamb\u00e9m conhecido como <strong data-start=\"128\" data-end=\"152\">Bang Box 200000 puffs<\/strong>) \u00e9 um dispositivo de alta capacidade <strong data-start=\"173\" data-end=\"196\">caneta de vape descart\u00e1vel<\/strong> constru\u00eddo para adultos que desejam um dispositivo que possa funcionar por um per\u00edodo prolongado sem o ciclo constante de substitui\u00e7\u00f5es. Combina um alvo de puffs muito grande com uma <strong data-start=\"358\" data-end=\"374\">reservat\u00f3rio de e-l\u00edquido de 40ml<\/strong> , um <strong data-start=\"388\" data-end=\"401\">resist\u00eancia de malha<\/strong> n\u00facleo para sa\u00edda est\u00e1vel, e uma <strong data-start=\"433\" data-end=\"443\">850mAh<\/strong> bateria projetada para manter o dispositivo utiliz\u00e1vel durante sess\u00f5es longas. O principal diferencial, no entanto, \u00e9 o sistema de sabores: em vez de comprar m\u00faltiplos dispositivos para rotacionar os sabores, este modelo \u00e9 vendido em torno de <strong data-start=\"642\" data-end=\"665\">8 op\u00e7\u00f5es de sabor ajust\u00e1veis<\/strong> op\u00e7\u00f5es dentro de uma \u00fanica unidade.<\/p>\n<p data-start=\"697\" data-end=\"1165\">A confian\u00e7a, nesta categoria, vem de saber se o hardware corresponde \u00e0 promessa. Uma afirma\u00e7\u00e3o de \u201c200k\u201d sem l\u00edquido suficiente ou uma bobina desenhada para uso prolongado rapidamente parece marketing. Aqui, o <strong data-start=\"884\" data-end=\"892\">40ml<\/strong> capacidade \u00e9 a verdadeira base, e o <strong data-start=\"934\" data-end=\"947\">resist\u00eancia de malha<\/strong> \u00e9 a escolha pr\u00e1tica para aquecimento uniforme e entrega de sabor consistente. O tamanho da bateria tamb\u00e9m importa: <strong data-start=\"1056\" data-end=\"1066\">850mAh<\/strong> destina-se a suportar uso prolongado, para que a experi\u00eancia n\u00e3o diminua cedo apenas por falta de energia.<\/p>\n<p data-start=\"1167\" data-end=\"1741\">O conceito de sabor tamb\u00e9m \u00e9 mais funcional do que parece. Com <strong data-start=\"1232\" data-end=\"1255\">8 op\u00e7\u00f5es de sabor ajust\u00e1veis<\/strong>, o dispositivo \u00e9 direcionado para pessoas que se cansam de um \u00fanico perfil ap\u00f3s um ou dois dias. Em vez de terminar um dispositivo inteiro com um sabor, os utilizadores podem alternar entre perfis dependendo da hora do dia\u2014algo mais limpo como hortel\u00e3 quando quer algo crocante, ou uma mistura de fruta\/doce quando deseja mais do\u00e7ura. Para os grossistas, isto \u00e9 mais f\u00e1cil de vender porque reduz o risco de \u201csabor errado\u201d: os clientes t\u00eam variedade dentro de um dispositivo, o que pode melhorar a satisfa\u00e7\u00e3o e os pedidos repetidos.<\/p>\n<p data-start=\"1743\" data-end=\"2146\">Do ponto de vista grossista, o <strong data-start=\"1777\" data-end=\"1796\">pre\u00e7o de atacado<\/strong> apelo n\u00e3o se resume apenas ao custo por unidade. Trata-se do que pode prometer com confian\u00e7a no balc\u00e3o: longa dura\u00e7\u00e3o, forte variedade de sabores e um sistema de bobinas que mant\u00e9m o desempenho est\u00e1vel. Isto faz do Bang Box 200k uma op\u00e7\u00e3o forte para retalhistas que procuram um produto de destaque que pare\u00e7a premium na utiliza\u00e7\u00e3o, mas que ainda se enquadre numa compra orientada ao valor.<\/p>\n<p><strong><span style=\"color: #ff0000;\">Adicione o WhatsApp da Amy para uma resposta r\u00e1pida e cup\u00e3o de vape!<\/span><\/strong><\/p>\n<p><img fetchpriority=\"high\" decoding=\"async\" class=\"size-full wp-image-2932\" src=\"https:\/\/vapestornado.com\/wp-content\/uploads\/2024\/12\/Vape-Wholesale.jpg\" alt=\"Vape Atacado\" width=\"229\" height=\"300\" \/><\/p>\n<h3><a href=\"https:\/\/wa.me\/8617776015835\" target=\"_blank\" rel=\"noopener\"><span style=\"color: #ff0000;\"><strong>WhatsApp: +86 17776015835<\/strong><\/span><\/a><\/h3>\n<h2 class=\"product-title\"><strong>Lista de Sabores do Bang Box 200000 Puff<\/strong><\/h2>\n<ol data-start=\"2433\" data-end=\"3152\">\n<li data-start=\"2433\" data-end=\"2499\">\n<p data-start=\"2436\" data-end=\"2499\">Gelo de Mirtilo \/ Melancia com Mirtilo \/ Framboesa \/ Lim\u00e3o Lima<\/p>\n<\/li>\n<li data-start=\"2500\" data-end=\"2567\">\n<p data-start=\"2503\" data-end=\"2567\">Gelo de Melancia \/ Goma de Mascar de Melancia \/ Gelo de Cereja \/ Goma de Mascar<\/p>\n<\/li>\n<li data-start=\"2568\" data-end=\"2632\">\n<p data-start=\"2571\" data-end=\"2632\">Gelo de Hortel\u00e3 \/ Gelo de Mirtilo e Framboesa \/ Gelo de Uva \/ Doce Nerd<\/p>\n<\/li>\n<li data-start=\"2633\" data-end=\"2703\">\n<p data-start=\"2636\" data-end=\"2703\">Triplo Mel\u00e3o \/ Love 66 \/ Maracuj\u00e1 \/ Abacaxi com Coco Gelo<\/p>\n<\/li>\n<li data-start=\"2704\" data-end=\"2779\">\n<p data-start=\"2707\" data-end=\"2779\">Ma\u00e7\u00e3 Dupla \/ Ma\u00e7\u00e3 Azeda com Framboesa \/ Gelo de Amora \/ Abacaxi com P\u00eassego<\/p>\n<\/li>\n<li data-start=\"2780\" data-end=\"2854\">\n<p data-start=\"2783\" data-end=\"2854\">Gelo de Morango \/ Morango com Kiwi \/ Gelo de Mirtilo Azul \/ Limonada Rosa<\/p>\n<\/li>\n<li data-start=\"2855\" data-end=\"2925\">\n<p data-start=\"2858\" data-end=\"2925\">Cola de Cereja \/ Cereja com Mirtilo \/ Arando \/ Morango com Framboesa<\/p>\n<\/li>\n<li data-start=\"2926\" data-end=\"3000\">\n<p data-start=\"2929\" data-end=\"3000\">Gelo de Abacaxi \/ Manga Azeda com Abacaxi \/ Gelo de P\u00eassego \/ Abacaxi com Lim\u00e3o<\/p>\n<\/li>\n<li data-start=\"3001\" data-end=\"3076\">\n<p data-start=\"3004\" data-end=\"3076\">Gelo de Drag\u00e3o Preto \/ Pitaya com Morango \/ Frutos Vermelhos Triplo \/ Cereja com Arando<\/p>\n<\/li>\n<li data-start=\"3077\" data-end=\"3152\">\n<p data-start=\"3081\" data-end=\"3152\">Triple Manga \/ Manga Fruta da Paix\u00e3o \/ Gelo de Abacaxi \/ Morango Manga<\/p>\n<\/li>\n<\/ol>\n<p><strong>Estes conjuntos cobrem as prefer\u00eancias principais do mercado europeu: hortel\u00e3 gelada, fruta mista, notas doces de caramelos, e alguns perfis mais ricos como combina\u00e7\u00f5es de cola e fruta do drag\u00e3o.<\/strong><\/p>\n<div class=\"flex-shrink-0 flex flex-col relative items-end\">\n<div class=\"pt-0\">\n<div class=\"gizmo-bot-avatar flex h-8 w-8 items-center justify-center overflow-hidden rounded-full\">\n<div class=\"relative p-1 rounded-sm flex items-center justify-center bg-token-main-surface-primary text-token-text-primary h-8 w-8\">\n<p data-start=\"4971\" data-end=\"5180\">\n<\/div>\n<h2><strong>Bang Box 200k Caracter\u00edsticas principais do produto de vaporizador descart\u00e1vel<\/strong><\/h2>\n<div class=\"relative p-1 rounded-sm flex items-center justify-center bg-token-main-surface-primary text-token-text-primary h-8 w-8\">\n<table>\n<thead>\n<tr>\n<th>Recurso<\/th>\n<th>Especifica\u00e7\u00e3o<\/th>\n<th>Explica\u00e7\u00e3o<\/th>\n<\/tr>\n<\/thead>\n<tbody>\n<tr>\n<td>Capacidade de Puffs<\/td>\n<td>200.000 tragos<\/td>\n<td>Projetado para uso prolongado ao longo de um longo per\u00edodo; a contagem real de tragos varia dependendo do comprimento da inspira\u00e7\u00e3o e da frequ\u00eancia de uso.<\/td>\n<\/tr>\n<tr>\n<td>Capacidade da bateria<\/td>\n<td>850mAh<\/td>\n<td>Fornece pot\u00eancia suficiente para suportar ciclos de uso longos e manter uma sa\u00edda est\u00e1vel durante sess\u00f5es prolongadas.<\/td>\n<\/tr>\n<tr>\n<td>Capacidade de E-l\u00edquido<\/td>\n<td>40ml<\/td>\n<td>Grande volume de e-l\u00edquido ajuda a garantir que o dispositivo possa fornecer sabor de forma consistente ao longo de sua vida \u00fatil.<\/td>\n<\/tr>\n<tr>\n<td>Tipo de bobina<\/td>\n<td>Bobina de malha<\/td>\n<td>Estrutura de malha permite aquecimento mais uniforme, apoiando uma produ\u00e7\u00e3o de vapor mais suave e sabor consistente durante uso prolongado.<\/td>\n<\/tr>\n<tr>\n<td>Sistema de Sabor<\/td>\n<td>8 Sabores ajust\u00e1veis<\/td>\n<td>Permite aos utilizadores alternar entre m\u00faltiplos perfis de sabor dentro de um \u00fanico dispositivo, reduzindo a fadiga de sabor durante uso a longo prazo.<\/td>\n<\/tr>\n<tr>\n<td>Op\u00e7\u00f5es de Sabor<\/td>\n<td>Conjuntos de 10 sabores (4 sabores por conjunto)<\/td>\n<td>Cada conjunto oferece uma mistura equilibrada de perfis frutados, gelados e doces para corresponder \u00e0s prefer\u00eancias de gosto comuns na Europa.<\/td>\n<\/tr>\n<tr>\n<td>Tipo de Dispositivo<\/td>\n<td>Caneta Vape Descart\u00e1vel<\/td>\n<td>Pr\u00e9-preenchido e pronto a usar, sem necessidade de reabastecimento ou substitui\u00e7\u00e3o de bobina.<\/td>\n<\/tr>\n<tr>\n<td>Estilo de uso<\/td>\n<td>Duradouro<\/td>\n<td>Constru\u00eddo para utilizadores que preferem menos substitui\u00e7\u00f5es e intervalos mais longos entre trocas de dispositivo.<\/td>\n<\/tr>\n<tr>\n<td>Mercado-alvo<\/td>\n<td>Utilizadores adultos e fornecimento por atacado<\/td>\n<td>Adequado para vendas a retalho e compras em grande quantidade a pre\u00e7os de atacado.<\/td>\n<\/tr>\n<\/tbody>\n<\/table>\n<figure id=\"attachment_4699\" aria-describedby=\"caption-attachment-4699\" style=\"width: 263px\" class=\"wp-caption alignnone\"><img decoding=\"async\" class=\"size-medium wp-image-4699\" src=\"https:\/\/vapestornado.com\/wp-content\/uploads\/2025\/12\/Bang-Box-200k-200000-Puffs-Disposable-Vape-Shop-Online-263x300.webp\" alt=\"Bang Box 200k 200000 Tragadas Vape descart\u00e1vel Loja online\" width=\"263\" height=\"300\" srcset=\"https:\/\/vapestornado.com\/wp-content\/uploads\/2025\/12\/Bang-Box-200k-200000-Puffs-Disposable-Vape-Shop-Online-263x300.webp 263w, https:\/\/vapestornado.com\/wp-content\/uploads\/2025\/12\/Bang-Box-200k-200000-Puffs-Disposable-Vape-Shop-Online-768x875.webp 768w, https:\/\/vapestornado.com\/wp-content\/uploads\/2025\/12\/Bang-Box-200k-200000-Puffs-Disposable-Vape-Shop-Online-11x12.webp 11w, https:\/\/vapestornado.com\/wp-content\/uploads\/2025\/12\/Bang-Box-200k-200000-Puffs-Disposable-Vape-Shop-Online-600x683.webp 600w, https:\/\/vapestornado.com\/wp-content\/uploads\/2025\/12\/Bang-Box-200k-200000-Puffs-Disposable-Vape-Shop-Online.webp 800w\" sizes=\"(max-width: 263px) 100vw, 263px\" \/><figcaption id=\"caption-attachment-4699\" class=\"wp-caption-text\">Bang Box 200k 200000 Tragadas Vape descart\u00e1vel Loja online<\/figcaption><\/figure>\n<figure id=\"attachment_4697\" aria-describedby=\"caption-attachment-4697\" style=\"width: 300px\" class=\"wp-caption alignnone\"><img decoding=\"async\" class=\"size-medium wp-image-4697\" src=\"https:\/\/vapestornado.com\/wp-content\/uploads\/2025\/12\/Bang-Box-200k-200000-Puffs-Disposable-Vape-Long-Lasting-300x218.webp\" alt=\"Bang Box 200k 200000 Puffs Vape Descart\u00e1vel de Longa Dura\u00e7\u00e3o\" width=\"300\" height=\"218\" srcset=\"https:\/\/vapestornado.com\/wp-content\/uploads\/2025\/12\/Bang-Box-200k-200000-Puffs-Disposable-Vape-Long-Lasting-300x218.webp 300w, https:\/\/vapestornado.com\/wp-content\/uploads\/2025\/12\/Bang-Box-200k-200000-Puffs-Disposable-Vape-Long-Lasting-1024x744.webp 1024w, https:\/\/vapestornado.com\/wp-content\/uploads\/2025\/12\/Bang-Box-200k-200000-Puffs-Disposable-Vape-Long-Lasting-768x558.webp 768w, https:\/\/vapestornado.com\/wp-content\/uploads\/2025\/12\/Bang-Box-200k-200000-Puffs-Disposable-Vape-Long-Lasting-1536x1117.webp 1536w, https:\/\/vapestornado.com\/wp-content\/uploads\/2025\/12\/Bang-Box-200k-200000-Puffs-Disposable-Vape-Long-Lasting-2048x1489.webp 2048w, https:\/\/vapestornado.com\/wp-content\/uploads\/2025\/12\/Bang-Box-200k-200000-Puffs-Disposable-Vape-Long-Lasting-18x12.webp 18w, https:\/\/vapestornado.com\/wp-content\/uploads\/2025\/12\/Bang-Box-200k-200000-Puffs-Disposable-Vape-Long-Lasting-600x436.webp 600w\" sizes=\"(max-width: 300px) 100vw, 300px\" \/><figcaption id=\"caption-attachment-4697\" class=\"wp-caption-text\">Bang Box 200k 200000 Puffs Vape Descart\u00e1vel de Longa Dura\u00e7\u00e3o<\/figcaption><\/figure>\n<h2 data-start=\"1200\" data-end=\"1487\">Vapes Tornado \u2013 A sua loja online de vape por atacado com as principais marcas de vape<\/h2>\n<p data-start=\"1200\" data-end=\"1487\"><strong data-start=\"141\" data-end=\"177\">Loja Online de Fumos Vapes Tornado<\/strong> \u00e9 a sua fonte de confian\u00e7a para <strong data-start=\"205\" data-end=\"270\">vapes descart\u00e1veis premium e cigarros eletr\u00f3nicos por atacado na Europa<\/strong>. Apresentamos marcas mais vendidas como <strong data-start=\"307\" data-end=\"362\"><a href=\"https:\/\/vapestornado.com\/pt\/product\/randm-12000-puffs-fumot-digital-disposable-vape-wholesale-price\/\">Fumot VAPE<\/a>, <a href=\"https:\/\/vapestornado.com\/pt\/product\/original-wga-ultra-35k-35000-puff-rechargeable-crystal-disposable-nicotine-vape-best-discount-price\/\">WGA VAPE<\/a>, <\/strong><strong data-start=\"307\" data-end=\"362\"><a href=\"https:\/\/vapestornado.com\/pt\/product\/vozol-gear-shisha-25k-25000-puffs-best-dtl-disposable-vape-hookah-cheap-price\/\">VOZOL BAR VAPE<\/a>, \u00a0 Bang Vape<\/strong>, e mais, garantindo qualidade e variedade para cada cliente. Quer seja um vaporizador individual ou um comprador por atacado, entregamos <strong data-start=\"481\" data-end=\"550\">dispositivos de alto desempenho, designs elegantes e pre\u00e7os competitivos<\/strong> para atender \u00e0s suas necessidades.<\/p>\n<h2 data-start=\"2064\" data-end=\"2115\">Perguntas Frequentes sobre WASPE 150K Vape Descart\u00e1vel de 150000 Puffs<\/h2>\n<p data-start=\"4211\" data-end=\"4399\"><strong data-start=\"4211\" data-end=\"4264\">1) \u00c9 o \"Bang Box 200000 puffs\" um n\u00famero garantido?<\/strong><br data-start=\"4264\" data-end=\"4267\" \/>N\u00e3o. A contagem de puffs depende do comprimento da tragada, da frequ\u00eancia com que vaporizas e do estilo de uso. \u00c9 uma reivindica\u00e7\u00e3o m\u00e1xima, n\u00e3o um resultado fixo para todos os utilizadores.<\/p>\n<p data-start=\"4401\" data-end=\"4622\"><strong data-start=\"4401\" data-end=\"4457\">2) O que significa na pr\u00e1tica \"8 sabores ajust\u00e1veis\"?<\/strong><br data-start=\"4457\" data-end=\"4460\" \/>Significa que o dispositivo foi constru\u00eddo para permitir aos utilizadores alternar entre m\u00faltiplos perfis de sabor dentro de uma \u00fanica unidade (vendida como conjuntos de sabores), reduzindo a fadiga de sabor durante uso prolongado.<\/p>\n<p data-start=\"4624\" data-end=\"4844\"><strong data-start=\"4624\" data-end=\"4688\">3) Por que importa uma bobina de malha num vape descart\u00e1vel de longa dura\u00e7\u00e3o?<\/strong><br data-start=\"4688\" data-end=\"4691\" \/>As bobinas de malha s\u00e3o usadas para um aquecimento mais uniforme, o que ajuda a manter o sabor e a produ\u00e7\u00e3o de vapor mais constantes ao longo de um uso prolongado, em compara\u00e7\u00e3o com estruturas de bobina mais simples.<\/p>\n<p data-start=\"4846\" data-end=\"4969\"><strong data-start=\"4846\" data-end=\"4883\">4) Qual \u00e9 a capacidade de e-juice que possui?<\/strong><br data-start=\"4883\" data-end=\"4886\" \/>Est\u00e1 especificado como <strong data-start=\"4904\" data-end=\"4912\">40ml<\/strong>, que \u00e9 a base pr\u00e1tica que suporta uma longa dura\u00e7\u00e3o de uso.<\/p>\n<p data-start=\"4971\" data-end=\"5180\"><strong data-start=\"4971\" data-end=\"5030\">5) Isto \u00e9 principalmente para utilizadores finais ou compradores por atacado?<\/strong><br data-start=\"5030\" data-end=\"5033\" \/>Ambos. Os utilizadores finais beneficiam de uso duradouro e variedade; os compradores por atacado obt\u00eam um produto principal claro e f\u00e1cil de vender a um pre\u00e7o competitivo. <strong data-start=\"5160\" data-end=\"5179\">pre\u00e7o de atacado<\/strong>.<\/p>\n<\/div>\n<\/div>\n<\/div>\n<\/div>","protected":false},"excerpt":{"rendered":"<p data-start=\"3411\" data-end=\"3490\">O <strong data-start=\"35\" data-end=\"52\">Bang Box 200k<\/strong> \u00e9 uma caneta de vape descart\u00e1vel de longa dura\u00e7\u00e3o, concebida para uso prolongado e flexibilidade de sabor. Ela oferece at\u00e9 <strong data-start=\"160\" data-end=\"176\">200000 puffs<\/strong>, apresenta uma <strong data-start=\"189\" data-end=\"214\">capacidade de e-l\u00edquido de 40ml<\/strong>, um <strong data-start=\"219\" data-end=\"237\">bateria de 850mAh<\/strong>, e um <strong data-start=\"245\" data-end=\"258\">resist\u00eancia de malha<\/strong> para uma sa\u00edda de vapor est\u00e1vel. Com <strong data-start=\"290\" data-end=\"313\">8 op\u00e7\u00f5es de sabor ajust\u00e1veis<\/strong> numa s\u00f3 dispositivo, oferece variedade sem substitui\u00e7\u00f5es frequentes, tornando-se uma escolha pr\u00e1tica para utilizadores adultos e uma op\u00e7\u00e3o forte para posicionamento de pre\u00e7o por atacado.<\/p>\n<p><strong>Adicione o whatsapp da Amy para obter resposta certa e pre\u00e7o de desconto!<\/strong><\/p>\n<p><img fetchpriority=\"high\" decoding=\"async\" class=\"size-full wp-image-2932\" src=\"https:\/\/vapestornado.com\/wp-content\/uploads\/2024\/12\/Vape-Wholesale.jpg\" alt=\"Vape Atacado\" width=\"229\" height=\"300\" \/><\/p>\n<h3><a href=\"https:\/\/wa.me\/8617776015835\"><span style=\"color: #ff0000;\"><strong>WhatsApp: +86 17776015835<\/strong><\/span><\/a><\/h3>","protected":false},"featured_media":4696,"comment_status":"open","ping_status":"closed","template":"","meta":{"_acf_changed":false,"_uag_custom_page_level_css":"","_lmt_disableupdate":"no","_lmt_disable":"","_monsterinsights_skip_tracking":false,"_monsterinsights_sitenote_active":false,"_monsterinsights_sitenote_note":"","_monsterinsights_sitenote_category":0,"site-sidebar-layout":"default","site-content-layout":"","ast-site-content-layout":"default","site-content-style":"default","site-sidebar-style":"default","ast-global-header-display":"","ast-banner-title-visibility":"","ast-main-header-display":"","ast-hfb-above-header-display":"","ast-hfb-below-header-display":"","ast-hfb-mobile-header-display":"","site-post-title":"","ast-breadcrumbs-content":"","ast-featured-img":"","footer-sml-layout":"","ast-disable-related-posts":"","theme-transparent-header-meta":"default","adv-header-id-meta":"","stick-header-meta":"","header-above-stick-meta":"","header-main-stick-meta":"","header-below-stick-meta":"","astra-migrate-meta-layouts":"set","ast-page-background-enabled":"default","ast-page-background-meta":{"desktop":{"background-color":"","background-image":"","background-repeat":"repeat","background-position":"center center","background-size":"auto","background-attachment":"scroll","background-type":"","background-media":"","overlay-type":"","overlay-color":"","overlay-opacity":"","overlay-gradient":""},"tablet":{"background-color":"","background-image":"","background-repeat":"repeat","background-position":"center center","background-size":"auto","background-attachment":"scroll","background-type":"","background-media":"","overlay-type":"","overlay-color":"","overlay-opacity":"","overlay-gradient":""},"mobile":{"background-color":"","background-image":"","background-repeat":"repeat","background-position":"center center","background-size":"auto","background-attachment":"scroll","background-type":"","background-media":"","overlay-type":"","overlay-color":"","overlay-opacity":"","overlay-gradient":""}},"ast-content-background-meta":{"desktop":{"background-color":"var(--ast-global-color-5)","background-image":"","background-repeat":"repeat","background-position":"center center","background-size":"auto","background-attachment":"scroll","background-type":"","background-media":"","overlay-type":"","overlay-color":"","overlay-opacity":"","overlay-gradient":""},"tablet":{"background-color":"var(--ast-global-color-5)","background-image":"","background-repeat":"repeat","background-position":"center center","background-size":"auto","background-attachment":"scroll","background-type":"","background-media":"","overlay-type":"","overlay-color":"","overlay-opacity":"","overlay-gradient":""},"mobile":{"background-color":"var(--ast-global-color-5)","background-image":"","background-repeat":"repeat","background-position":"center center","background-size":"auto","background-attachment":"scroll","background-type":"","background-media":"","overlay-type":"","overlay-color":"","overlay-opacity":"","overlay-gradient":""}},"_joinchat":[]},"product_brand":[],"product_cat":[64,151,152,153,154,142,144,146],"product_tag":[500,499,387,287,498,390,393,386],"class_list":{"0":"post-4703","1":"product","2":"type-product","3":"status-publish","4":"has-post-thumbnail","6":"product_cat-bangbox-vape","7":"product_cat-buy-disposable-vapes-in-france","8":"product_cat-buy-disposable-vapes-in-cermany","9":"product_cat-buy-disposable-vapes-in-italy","10":"product_cat-buy-disposable-vapes-in-netherlands","11":"product_cat-digital-box-disposable-vapes","12":"product_cat-low-nicotine-disposable-vapes","13":"product_cat-rechargeable-disposable-vapes","14":"product_tag-200k-puff-vape","15":"product_tag-bang-box-200k","16":"product_tag-cigarette-vapor","17":"product_tag-disposable-vape-pen","18":"product_tag-long-lasting-vape","19":"product_tag-online-vape-shop","20":"product_tag-vape-cartridge","21":"product_tag-vape-pen","22":"desktop-align-left","23":"tablet-align-left","24":"mobile-align-left","26":"first","27":"instock","28":"sale","29":"shipping-taxable","30":"purchasable","31":"product-type-simple"},"acf":[],"uagb_featured_image_src":{"full":["https:\/\/vapestornado.com\/wp-content\/uploads\/2025\/12\/Bang-Box-200k-200000-Puffs-Disposable-Vape-Box-Wholesale-Price.webp",1000,1000,false],"thumbnail":["https:\/\/vapestornado.com\/wp-content\/uploads\/2025\/12\/Bang-Box-200k-200000-Puffs-Disposable-Vape-Box-Wholesale-Price-150x150.webp",150,150,true],"medium":["https:\/\/vapestornado.com\/wp-content\/uploads\/2025\/12\/Bang-Box-200k-200000-Puffs-Disposable-Vape-Box-Wholesale-Price-300x300.webp",300,300,true],"medium_large":["https:\/\/vapestornado.com\/wp-content\/uploads\/2025\/12\/Bang-Box-200k-200000-Puffs-Disposable-Vape-Box-Wholesale-Price-768x768.webp",768,768,true],"large":["https:\/\/vapestornado.com\/wp-content\/uploads\/2025\/12\/Bang-Box-200k-200000-Puffs-Disposable-Vape-Box-Wholesale-Price.webp",1000,1000,false],"1536x1536":["https:\/\/vapestornado.com\/wp-content\/uploads\/2025\/12\/Bang-Box-200k-200000-Puffs-Disposable-Vape-Box-Wholesale-Price.webp",1000,1000,false],"2048x2048":["https:\/\/vapestornado.com\/wp-content\/uploads\/2025\/12\/Bang-Box-200k-200000-Puffs-Disposable-Vape-Box-Wholesale-Price.webp",1000,1000,false],"trp-custom-language-flag":["https:\/\/vapestornado.com\/wp-content\/uploads\/2025\/12\/Bang-Box-200k-200000-Puffs-Disposable-Vape-Box-Wholesale-Price-12x12.webp",12,12,true],"woocommerce_thumbnail":["https:\/\/vapestornado.com\/wp-content\/uploads\/2025\/12\/Bang-Box-200k-200000-Puffs-Disposable-Vape-Box-Wholesale-Price-300x300.webp",300,300,true],"woocommerce_single":["https:\/\/vapestornado.com\/wp-content\/uploads\/2025\/12\/Bang-Box-200k-200000-Puffs-Disposable-Vape-Box-Wholesale-Price-600x600.webp",600,600,true],"woocommerce_gallery_thumbnail":["https:\/\/vapestornado.com\/wp-content\/uploads\/2025\/12\/Bang-Box-200k-200000-Puffs-Disposable-Vape-Box-Wholesale-Price-100x100.webp",100,100,true]},"uagb_author_info":{"display_name":"ESAMY","author_link":"https:\/\/vapestornado.com\/pt\/author\/"},"uagb_comment_info":0,"uagb_excerpt":"The Bang Box 200k is a long lasting disposable vape pen designed for extended use and flavour flexibility. It delivers up to 200000 puffs, features a 40ml e-juice capacity, an 850mAh battery, and a mesh coil for stable vapour output. With 8 adjustable flavor options in one device, it offers variety without frequent replacements, making&hellip;","_links":{"self":[{"href":"https:\/\/vapestornado.com\/pt\/wp-json\/wp\/v2\/product\/4703","targetHints":{"allow":["GET"]}}],"collection":[{"href":"https:\/\/vapestornado.com\/pt\/wp-json\/wp\/v2\/product"}],"about":[{"href":"https:\/\/vapestornado.com\/pt\/wp-json\/wp\/v2\/types\/product"}],"replies":[{"embeddable":true,"href":"https:\/\/vapestornado.com\/pt\/wp-json\/wp\/v2\/comments?post=4703"}],"wp:featuredmedia":[{"embeddable":true,"href":"https:\/\/vapestornado.com\/pt\/wp-json\/wp\/v2\/media\/4696"}],"wp:attachment":[{"href":"https:\/\/vapestornado.com\/pt\/wp-json\/wp\/v2\/media?parent=4703"}],"wp:term":[{"taxonomy":"product_brand","embeddable":true,"href":"https:\/\/vapestornado.com\/pt\/wp-json\/wp\/v2\/product_brand?post=4703"},{"taxonomy":"product_cat","embeddable":true,"href":"https:\/\/vapestornado.com\/pt\/wp-json\/wp\/v2\/product_cat?post=4703"},{"taxonomy":"product_tag","embeddable":true,"href":"https:\/\/vapestornado.com\/pt\/wp-json\/wp\/v2\/product_tag?post=4703"}],"curies":[{"name":"wp","href":"https:\/\/api.w.org\/{rel}","templated":true}]}}