{"id":4702,"date":"2025-12-19T06:49:15","date_gmt":"2025-12-19T06:49:15","guid":{"rendered":"https:\/\/vapestornado.com\/?post_type=product&#038;p=4702"},"modified":"2025-12-22T09:50:48","modified_gmt":"2025-12-22T09:50:48","slug":"okso-120k-120000-puffs-6-in-1-multiple-flavors-screen-digital-display-disposable-vaper","status":"publish","type":"product","link":"https:\/\/vapestornado.com\/pt\/product\/okso-120k-120000-puffs-6-in-1-multiple-flavors-screen-digital-display-disposable-vaper\/","title":{"rendered":"OKSO 120k 120000 Puffs 6 em 1 M\u00faltiplos Sabores Ecr\u00e3 Digital Descart\u00e1vel Vaporizador"},"content":{"rendered":"<h2 data-pm-slice=\"1 1 []\">OKSO 120k 120000 Puffs 6 em 1 M\u00faltiplos Sabores Ecr\u00e3 Digital Descart\u00e1vel Vaporizador<\/h2>\n<p data-start=\"84\" data-end=\"483\">O <strong data-start=\"88\" data-end=\"106\">OKSO 120k Puffs<\/strong> (tamb\u00e9m conhecido como <strong data-start=\"122\" data-end=\"143\">OKSO 120000 Puffs<\/strong>) \u00e9 um dispositivo de alta capacidade <strong data-start=\"164\" data-end=\"184\">Vaper descart\u00e1vel<\/strong> projetado para utilizadores adultos que desejam longa dura\u00e7\u00e3o, feedback claro do dispositivo e flexibilidade de sabor numa unidade s\u00f3lida. Este modelo \u00e9 constru\u00eddo em torno de um <strong data-start=\"331\" data-end=\"364\">sistema de m\u00faltiplos sabores 6 em 1<\/strong>, uma <strong data-start=\"368\" data-end=\"387\">ecr\u00e3 digital<\/strong>, e uma disposi\u00e7\u00e3o interna estruturada que suporta uso prolongado sem depender de promessas vagas.<\/p>\n<p data-start=\"485\" data-end=\"734\">Em vez de focar na apar\u00eancia ou tend\u00eancias, o OKSO 120k \u00e9 desenhado com base em como as pessoas realmente usam um dispositivo de alto puff ao longo do tempo: uso di\u00e1rio frequente, mudan\u00e7as nas prefer\u00eancias de sabor e a necessidade de entender o que o dispositivo est\u00e1 a fazer a qualquer momento.<\/p>\n<h3 data-start=\"741\" data-end=\"772\">Por que este dispositivo de vaping OKSO 120K est\u00e1 a tornar-se popular?<\/h3>\n<p data-start=\"774\" data-end=\"930\">\u00a0Um dispositivo classificado em <strong data-start=\"871\" data-end=\"887\">120000 baforadas<\/strong> precisa de mais do que um grande n\u00famero na caixa. O vape OKSO 120000 puff faz com que os elementos trabalhem juntos para tornar o desempenho mais previs\u00edvel, o que \u00e9 a base da confian\u00e7a do utilizador a longo prazo.<\/p>\n<ul data-start=\"932\" data-end=\"1451\">\n<li data-start=\"932\" data-end=\"1111\">\n<p data-start=\"934\" data-end=\"1111\"><strong data-start=\"934\" data-end=\"977\">Sistema de bobina de malha tripla (Bobina de malha \u00d73):<\/strong> m\u00faltiplos n\u00facleos de malha ajudam a distribuir o calor de forma mais uniforme \u00e0 medida que o l\u00edquido \u00e9 consumido, o que suporta uma produ\u00e7\u00e3o de vapor mais constante durante uso prolongado.<\/p>\n<\/li>\n<li data-start=\"1112\" data-end=\"1258\">\n<p data-start=\"1114\" data-end=\"1258\"><strong data-start=\"1114\" data-end=\"1152\">Tr\u00eas c\u00e2maras de e-l\u00edquido (20ml \u00d73):<\/strong> o volume do l\u00edquido \u00e9 dividido para suportar uma entrega consistente, em vez de depender de um tanque grande \u00fanico.<\/p>\n<\/li>\n<li data-start=\"1259\" data-end=\"1451\">\n<p data-start=\"1261\" data-end=\"1451\"><strong data-start=\"1261\" data-end=\"1301\">Bateria de 850mAh com visor digital:<\/strong> a capacidade da bateria \u00e9 compat\u00edvel com o uso di\u00e1rio regular, enquanto o <strong data-start=\"1366\" data-end=\"1385\">Ecr\u00e3 digital<\/strong> mostra o estado do dispositivo em tempo real, reduzindo a incerteza para o utilizador.<\/p>\n<\/li>\n<li data-start=\"1696\" data-end=\"1852\">\n<p data-start=\"1698\" data-end=\"1852\"><strong data-start=\"1698\" data-end=\"1733\">Sistema de sabor ajust\u00e1vel 6 em 1<\/strong> permite aos utilizadores alternar entre op\u00e7\u00f5es de sabor dentro de um \u00fanico dispositivo, ajudando a evitar fadiga de sabor durante uso prolongado.<\/p>\n<\/li>\n<li data-start=\"1853\" data-end=\"1964\">\n<p data-start=\"1855\" data-end=\"1964\"><strong data-start=\"1855\" data-end=\"1874\">Ecr\u00e3 digital<\/strong> fornece feedback vis\u00edvel em vez de depender de suposi\u00e7\u00f5es quando a intensidade do vapor muda.<\/p>\n<\/li>\n<li data-start=\"1965\" data-end=\"2065\">\n<p data-start=\"1967\" data-end=\"2065\"><strong data-start=\"1967\" data-end=\"1989\">Alta capacidade de inala\u00e7\u00e3o<\/strong> reduz a frequ\u00eancia de substitui\u00e7\u00e3o necess\u00e1ria, o que \u00e9 importante para utilizadores regulares.<\/p>\n<\/li>\n<\/ul>\n<p>Para retalhistas e distribuidores, estes mesmos pontos tornam o dispositivo mais f\u00e1cil de explicar, mais f\u00e1cil de suportar e adequado para <strong data-start=\"2188\" data-end=\"2210\">Fornecedor Atacadista<\/strong> canais que competem em <strong data-start=\"2236\" data-end=\"2251\">Pre\u00e7o Barato<\/strong> sem sacrificar a credibilidade.<\/p>\n<p><strong><span style=\"color: #ff0000;\">Adicione o WhatsApp da Amy para uma resposta r\u00e1pida e cup\u00e3o de vape!<\/span><\/strong><\/p>\n<p><img fetchpriority=\"high\" decoding=\"async\" class=\"size-full wp-image-2932\" src=\"https:\/\/vapestornado.com\/wp-content\/uploads\/2024\/12\/Vape-Wholesale.jpg\" alt=\"Vape Atacado\" width=\"229\" height=\"300\" \/><\/p>\n<h3><a href=\"https:\/\/wa.me\/8617776015835\" target=\"_blank\" rel=\"noopener\"><span style=\"color: #ff0000;\"><strong>WhatsApp: +86 17776015835<\/strong><\/span><\/a><\/h3>\n<p>&nbsp;<\/p>\n<h2><strong>OKSO 120k 120000 Caracter\u00edsticas do Produto de Puffs<\/strong><\/h2>\n<table>\n<thead>\n<tr>\n<th>Recurso<\/th>\n<th>Especifica\u00e7\u00e3o<\/th>\n<th>Descri\u00e7\u00e3o<\/th>\n<\/tr>\n<\/thead>\n<tbody>\n<tr>\n<td>Marca<\/td>\n<td>OKSO<\/td>\n<td>Marca de vaporizadores estabelecida focada em dispositivos descart\u00e1veis de alta capacidade.<\/td>\n<\/tr>\n<tr>\n<td>Capacidade de Puffs<\/td>\n<td>At\u00e9 120000 baforadas<\/td>\n<td>Projetado para uso prolongado; a contagem real de baforadas varia conforme o comprimento da tragada e os h\u00e1bitos de uso.<\/td>\n<\/tr>\n<tr>\n<td>Estrutura da Bobina<\/td>\n<td>Bobina de Malha \u00d73<\/td>\n<td>V\u00e1rios n\u00facleos de malha ajudam a distribuir o calor de forma uniforme para uma sa\u00edda de vapor mais est\u00e1vel ao longo do tempo.<\/td>\n<\/tr>\n<tr>\n<td>Capacidade de E-l\u00edquido<\/td>\n<td>20ml \u00d73<\/td>\n<td>C\u00e2maras de l\u00edquido divididas suportam uma entrega consistente durante ciclos de uso prolongados.<\/td>\n<\/tr>\n<tr>\n<td>Op\u00e7\u00f5es de Nicotina<\/td>\n<td>2% \/ 5%<\/td>\n<td>Duas op\u00e7\u00f5es de intensidade para atender \u00e0s prefer\u00eancias de diferentes adultos (dependente do mercado).<\/td>\n<\/tr>\n<tr>\n<td>Capacidade da bateria<\/td>\n<td>850mAh<\/td>\n<td>Suporta uso di\u00e1rio regular e sa\u00edda est\u00e1vel durante sess\u00f5es prolongadas.<\/td>\n<\/tr>\n<tr>\n<td>Ecr\u00e3<\/td>\n<td>Ecr\u00e3 digital<\/td>\n<td>Mostra claramente o estado do dispositivo, reduzindo a incerteza durante o uso.<\/td>\n<\/tr>\n<tr>\n<td>Sistema de Sabor<\/td>\n<td>Sabor Ajust\u00e1vel 6 em 1<\/td>\n<td>Permite alternar entre m\u00faltiplas combina\u00e7\u00f5es de sabores dentro de um \u00fanico dispositivo.<\/td>\n<\/tr>\n<tr>\n<td>Peso do Produto<\/td>\n<td>166g<\/td>\n<td>Constru\u00e7\u00e3o s\u00f3lida projetada para uso de alta capacidade.<\/td>\n<\/tr>\n<tr>\n<td>Tamanho do Produto<\/td>\n<td>51 \u00d7 51 \u00d7 131mm<\/td>\n<td>Compacto para a sua capacidade, acomodando a estrutura interna.<\/td>\n<\/tr>\n<\/tbody>\n<\/table>\n<figure id=\"attachment_4705\" aria-describedby=\"caption-attachment-4705\" style=\"width: 300px\" class=\"wp-caption alignnone\"><img decoding=\"async\" class=\"size-medium wp-image-4705\" src=\"https:\/\/vapestornado.com\/wp-content\/uploads\/2025\/12\/OKSO-120K-120000-Puff-Disposable-Vape-POD-300x300.webp\" alt=\"OKSO 120K Vape Descart\u00e1vel de 120000 Baforadas POD\" width=\"300\" height=\"300\" srcset=\"https:\/\/vapestornado.com\/wp-content\/uploads\/2025\/12\/OKSO-120K-120000-Puff-Disposable-Vape-POD-300x300.webp 300w, https:\/\/vapestornado.com\/wp-content\/uploads\/2025\/12\/OKSO-120K-120000-Puff-Disposable-Vape-POD-150x150.webp 150w, https:\/\/vapestornado.com\/wp-content\/uploads\/2025\/12\/OKSO-120K-120000-Puff-Disposable-Vape-POD-768x768.webp 768w, https:\/\/vapestornado.com\/wp-content\/uploads\/2025\/12\/OKSO-120K-120000-Puff-Disposable-Vape-POD-12x12.webp 12w, https:\/\/vapestornado.com\/wp-content\/uploads\/2025\/12\/OKSO-120K-120000-Puff-Disposable-Vape-POD-600x600.webp 600w, https:\/\/vapestornado.com\/wp-content\/uploads\/2025\/12\/OKSO-120K-120000-Puff-Disposable-Vape-POD-100x100.webp 100w, https:\/\/vapestornado.com\/wp-content\/uploads\/2025\/12\/OKSO-120K-120000-Puff-Disposable-Vape-POD.webp 800w\" sizes=\"(max-width: 300px) 100vw, 300px\" \/><figcaption id=\"caption-attachment-4705\" class=\"wp-caption-text\">OKSO 120K Vape Descart\u00e1vel de 120000 Baforadas POD<\/figcaption><\/figure>\n<h2 class=\"product-title\"><strong>Lista de Sabores Puff Puff 120k 120000 OKSO<\/strong><\/h2>\n<p data-start=\"2550\" data-end=\"2736\">Cada dispositivo OKSO 120k inclui <strong data-start=\"4483\" data-end=\"4502\">10 conjuntos de sabores<\/strong>, e cada conjunto cont\u00e9m <strong data-start=\"4526\" data-end=\"4545\">3 sabores base<\/strong> e 3 sabores combinados que podem ser usados individualmente ou como combina\u00e7\u00f5es emparelhadas. Esta estrutura permite troca de sabores sem trocar de dispositivos e cobre perfis de fruta, gelo, caramelos, bebida e misturados, comumente preferidos nos mercados europeus.<\/p>\n<p data-start=\"238\" data-end=\"252\">1. Morango Gelo \/ Gelo Lush \/ Mamba<br data-start=\"290\" data-end=\"293\" \/>Morango Gelo + Gelo Lush \/ Mamba + Morango Gelo \/ Gelo Lush + Mamba<\/p>\n<p data-start=\"369\" data-end=\"383\">2. Urso de Goma de Morango \/ Abacaxi Gelo \/ Limonada Blue Razz<br data-start=\"446\" data-end=\"449\" \/>Urso de Goma de Morango + Abacaxi Gelo \/ Urso de Goma de Morango + Limonada Blue Razz \/ Limonada Blue Razz + Abacaxi Gelo<\/p>\n<p data-start=\"575\" data-end=\"589\">3. Blue Razz \/ Lim\u00e3o Lima \/ Gelo de Cereja<br data-start=\"629\" data-end=\"632\" \/>Blue Razz + Gelo de Cereja \/ Blue Razz + Lim\u00e3o Lima \/ Lim\u00e3o Lima + Gelo de Cereja<\/p>\n<p data-start=\"712\" data-end=\"726\">4. Kiwi Maracuj\u00e1 Guava \/ Fruta do Drag\u00e3o Gelo \/ Mirtilo Gelo<br data-start=\"790\" data-end=\"793\" \/>Kiwi Maracuj\u00e1 Guava + Mirtilo Gelo \/ Kiwi Maracuj\u00e1 Guava + Fruta do Drag\u00e3o Gelo \/ Fruta do Drag\u00e3o Gelo + Mirtilo Gelo<\/p>\n<p data-start=\"921\" data-end=\"935\">5. Duas Ma\u00e7\u00e3s \/ Fanta \/ Red Bull<br data-start=\"968\" data-end=\"971\" \/>Duas Ma\u00e7\u00e3s + Red Bull \/ Duas Ma\u00e7\u00e3s + Fanta \/ Fanta + Red Bull<\/p>\n<p data-start=\"1037\" data-end=\"1051\">6. Ma\u00e7\u00e3 Azeda Laranja \/ Groselha Preta \/ Uva Gelo<br data-start=\"1101\" data-end=\"1104\" \/>Ma\u00e7\u00e3 Azeda Laranja + Uva Gelo \/ Ma\u00e7\u00e3 Azeda Laranja + Groselha Preta \/ Groselha Preta + Uva Gelo<\/p>\n<p data-start=\"1204\" data-end=\"1218\">7. Morango Melancia \/ Manga Gelo \/ P\u00eassego Gelo<br data-start=\"1268\" data-end=\"1271\" \/>Morango Melancia + P\u00eassego Gelo \/ Morango Melancia + Manga Gelo \/ Manga Gelo + P\u00eassego Gelo<\/p>\n<p data-start=\"1371\" data-end=\"1385\">8. Morango Framboesa \/ Fruta Kiwi \/ Manga de Morango<br data-start=\"1442\" data-end=\"1445\" \/>Morango Framboesa + Manga de Morango \/ Morango Framboesa + Fruta Kiwi \/ Fruta Kiwi + Manga de Morango<\/p>\n<p data-start=\"1559\" data-end=\"1573\">9. Morango Kiwi \/ Hortel\u00e3 Refrescante \/ Gelo de Mirtilo e P\u00eassego<br data-start=\"1627\" data-end=\"1630\" \/>Morango Kiwi + Gelo de Mirtilo e P\u00eassego \/ Morango Kiwi + Hortel\u00e3 Refrescante \/ Hortel\u00e3 Refrescante + Gelo de Mirtilo e P\u00eassego<\/p>\n<p data-start=\"1738\" data-end=\"1753\">10. P\u00earas de Ma\u00e7\u00e3 \/ Frutos Vermelhos Mistos \/ Morango com Rom\u00e3<br data-start=\"1810\" data-end=\"1813\" \/>P\u00earas de Ma\u00e7\u00e3 + Morango com Rom\u00e3 \/ P\u00earas de Ma\u00e7\u00e3 + Frutos Vermelhos Mistos \/ Frutos Vermelhos Mistos + P\u00earas de Ma\u00e7\u00e3<\/p>\n<div class=\"flex-shrink-0 flex flex-col relative items-end\">\n<div class=\"pt-0\">\n<div class=\"gizmo-bot-avatar flex h-8 w-8 items-center justify-center overflow-hidden rounded-full\">\n<div class=\"relative p-1 rounded-sm flex items-center justify-center bg-token-main-surface-primary text-token-text-primary h-8 w-8\">\n<h2 data-start=\"1200\" data-end=\"1487\">Vapes Tornado \u2013 A sua loja online de vape por atacado com as principais marcas de vape<\/h2>\n<p data-start=\"1200\" data-end=\"1487\"><strong data-start=\"141\" data-end=\"177\">Loja Online de Fumos Vapes Tornado<\/strong> \u00e9 a sua fonte de confian\u00e7a para <strong data-start=\"205\" data-end=\"270\">vapes descart\u00e1veis premium e cigarros eletr\u00f3nicos por atacado na Europa<\/strong>. Apresentamos marcas mais vendidas como <strong data-start=\"307\" data-end=\"362\"><a href=\"https:\/\/vapestornado.com\/pt\/product\/randm-12000-puffs-fumot-digital-disposable-vape-wholesale-price\/\">Fumot VAPE<\/a>, <a href=\"https:\/\/vapestornado.com\/pt\/product\/original-wga-ultra-35k-35000-puff-rechargeable-crystal-disposable-nicotine-vape-best-discount-price\/\">WGA VAPE<\/a>, <\/strong><strong data-start=\"307\" data-end=\"362\"><a href=\"https:\/\/vapestornado.com\/pt\/product\/vozol-gear-shisha-25k-25000-puffs-best-dtl-disposable-vape-hookah-cheap-price\/\">VOZOL BAR VAPE<\/a>, \u00a0 Bang Vape<\/strong>, e mais, garantindo qualidade e variedade para cada cliente. Quer seja um vaporizador individual ou um comprador por atacado, entregamos <strong data-start=\"481\" data-end=\"550\">dispositivos de alto desempenho, designs elegantes e pre\u00e7os competitivos<\/strong> para atender \u00e0s suas necessidades.<\/p>\n<h2 data-start=\"2064\" data-end=\"2115\">Perguntas Frequentes sobre OKSO 120k Vape Descart\u00e1vel de 120000 Puff<\/h2>\n<p data-start=\"5010\" data-end=\"5178\"><strong data-start=\"5010\" data-end=\"5059\">1) A garantia de 120000 tragos \u00e9 para todos os utilizadores?<\/strong><br data-start=\"5059\" data-end=\"5062\" \/>N\u00e3o. A contagem de tragos depende do comprimento da inspira\u00e7\u00e3o, frequ\u00eancia e estilo de uso individual. Representa uma meta de design m\u00e1xima.<\/p>\n<p data-start=\"5180\" data-end=\"5363\"><strong data-start=\"5180\" data-end=\"5227\">2) O que significa sabor ajust\u00e1vel 6 em 1?<\/strong><br data-start=\"5227\" data-end=\"5230\" \/>Significa que um dispositivo permite alternar entre v\u00e1rias op\u00e7\u00f5es e combina\u00e7\u00f5es de sabores, ajudando a reduzir a fadiga de sabor durante uso prolongado.<\/p>\n<p data-start=\"5365\" data-end=\"5536\"><strong data-start=\"5365\" data-end=\"5414\">3) Por que este dispositivo usa tr\u00eas bobinas de malha?<\/strong><br data-start=\"5414\" data-end=\"5417\" \/>O uso de m\u00faltiplas bobinas de malha ajuda a distribuir o calor de forma mais uniforme, apoiando uma produ\u00e7\u00e3o de vapor consistente durante uso prolongado.<\/p>\n<p data-start=\"5538\" data-end=\"5709\"><strong data-start=\"5538\" data-end=\"5592\">4) Que informa\u00e7\u00e3o mostra o ecr\u00e3 digital?<\/strong><br data-start=\"5592\" data-end=\"5595\" \/>O ecr\u00e3 fornece o estado vis\u00edvel do dispositivo para que os utilizadores possam entender melhor as mudan\u00e7as de desempenho em vez de adivinhar.<\/p>\n<p data-start=\"5711\" data-end=\"5913\"><strong data-start=\"5711\" data-end=\"5766\">5) Este produto \u00e9 adequado para compra por atacado?<\/strong><br data-start=\"5766\" data-end=\"5769\" \/>Sim. O conjunto de funcionalidades, o design de desempenho est\u00e1vel e a estrutura de pre\u00e7os tornam-no adequado para <strong data-start=\"5861\" data-end=\"5883\">Fornecedor Atacadista<\/strong> distribui\u00e7\u00e3o e pedidos em grande quantidade.<\/p>\n<p data-start=\"5915\" data-end=\"6067\" data-is-last-node=\"\" data-is-only-node=\"\">Se desejar, tamb\u00e9m posso preparar uma <strong data-start=\"5949\" data-end=\"5974\">lista B2B resumida<\/strong>, uma <strong data-start=\"5978\" data-end=\"6007\">ficha t\u00e9cnica apenas para especifica\u00e7\u00f5es<\/strong>, ou uma <strong data-start=\"6014\" data-end=\"6041\">vers\u00e3o espec\u00edfica para o mercado<\/strong> para diferentes regi\u00f5es da UE.<\/p>\n<\/div>\n<\/div>\n<\/div>\n<\/div>","protected":false},"excerpt":{"rendered":"<p data-start=\"3411\" data-end=\"3490\">O <strong data-start=\"35\" data-end=\"53\">OKSO 120k Puffs<\/strong> \u00e9 um dispositivo de alta capacidade <strong data-start=\"73\" data-end=\"93\">Vaper descart\u00e1vel<\/strong> entregando at\u00e9 <strong data-start=\"111\" data-end=\"127\">120000 baforadas<\/strong> com um\/uma <strong data-start=\"135\" data-end=\"161\">6 em 1 m\u00faltiplo sabor<\/strong> sistema ajust\u00e1vel. Possui um <strong data-start=\"195\" data-end=\"214\">ecr\u00e3 digital<\/strong>, <strong data-start=\"216\" data-end=\"237\">bobinas de malha tripla<\/strong>, <strong data-start=\"239\" data-end=\"269\">capacidade de e-l\u00edquido de 20ml \u00d7 3<\/strong>, e um <strong data-start=\"278\" data-end=\"296\">bateria de 850mAh<\/strong> para desempenho est\u00e1vel e de longo prazo. Projetado para utilizadores adultos e fornecimento por atacado, o <strong data-start=\"383\" data-end=\"427\">E-cig descart\u00e1vel OKSO 120000 Puffs<\/strong>\u00a0oferece controlo pr\u00e1tico de sabor numa <strong data-start=\"466\" data-end=\"481\">pre\u00e7o barato<\/strong>, com a op\u00e7\u00e3o de <strong data-start=\"502\" data-end=\"516\">comprar online<\/strong> de um fornecedor de atacado confi\u00e1vel.<\/p>\n<p><strong>Adicione o whatsapp da Amy para obter resposta certa e pre\u00e7o de desconto!<\/strong><\/p>\n<p><img fetchpriority=\"high\" decoding=\"async\" class=\"size-full wp-image-2932\" src=\"https:\/\/vapestornado.com\/wp-content\/uploads\/2024\/12\/Vape-Wholesale.jpg\" alt=\"Vape Atacado\" width=\"229\" height=\"300\" \/><\/p>\n<h3><a href=\"https:\/\/wa.me\/8617776015835\"><span style=\"color: #ff0000;\"><strong>WhatsApp: +86 17776015835<\/strong><\/span><\/a><\/h3>","protected":false},"featured_media":4707,"comment_status":"open","ping_status":"closed","template":"","meta":{"_acf_changed":false,"_uag_custom_page_level_css":"","_lmt_disableupdate":"no","_lmt_disable":"","_monsterinsights_skip_tracking":false,"_monsterinsights_sitenote_active":false,"_monsterinsights_sitenote_note":"","_monsterinsights_sitenote_category":0,"site-sidebar-layout":"default","site-content-layout":"","ast-site-content-layout":"default","site-content-style":"default","site-sidebar-style":"default","ast-global-header-display":"","ast-banner-title-visibility":"","ast-main-header-display":"","ast-hfb-above-header-display":"","ast-hfb-below-header-display":"","ast-hfb-mobile-header-display":"","site-post-title":"","ast-breadcrumbs-content":"","ast-featured-img":"","footer-sml-layout":"","ast-disable-related-posts":"","theme-transparent-header-meta":"default","adv-header-id-meta":"","stick-header-meta":"","header-above-stick-meta":"","header-main-stick-meta":"","header-below-stick-meta":"","astra-migrate-meta-layouts":"set","ast-page-background-enabled":"default","ast-page-background-meta":{"desktop":{"background-color":"","background-image":"","background-repeat":"repeat","background-position":"center center","background-size":"auto","background-attachment":"scroll","background-type":"","background-media":"","overlay-type":"","overlay-color":"","overlay-opacity":"","overlay-gradient":""},"tablet":{"background-color":"","background-image":"","background-repeat":"repeat","background-position":"center center","background-size":"auto","background-attachment":"scroll","background-type":"","background-media":"","overlay-type":"","overlay-color":"","overlay-opacity":"","overlay-gradient":""},"mobile":{"background-color":"","background-image":"","background-repeat":"repeat","background-position":"center center","background-size":"auto","background-attachment":"scroll","background-type":"","background-media":"","overlay-type":"","overlay-color":"","overlay-opacity":"","overlay-gradient":""}},"ast-content-background-meta":{"desktop":{"background-color":"var(--ast-global-color-5)","background-image":"","background-repeat":"repeat","background-position":"center center","background-size":"auto","background-attachment":"scroll","background-type":"","background-media":"","overlay-type":"","overlay-color":"","overlay-opacity":"","overlay-gradient":""},"tablet":{"background-color":"var(--ast-global-color-5)","background-image":"","background-repeat":"repeat","background-position":"center center","background-size":"auto","background-attachment":"scroll","background-type":"","background-media":"","overlay-type":"","overlay-color":"","overlay-opacity":"","overlay-gradient":""},"mobile":{"background-color":"var(--ast-global-color-5)","background-image":"","background-repeat":"repeat","background-position":"center center","background-size":"auto","background-attachment":"scroll","background-type":"","background-media":"","overlay-type":"","overlay-color":"","overlay-opacity":"","overlay-gradient":""}},"_joinchat":[]},"product_brand":[],"product_cat":[347,153,158,142,144,146,60],"product_tag":[387,287,503,502,501,393],"class_list":{"0":"post-4702","1":"product","2":"type-product","3":"status-publish","4":"has-post-thumbnail","6":"product_cat-120000-puff","7":"product_cat-buy-disposable-vapes-in-italy","8":"product_cat-buy-disposable-vapes-in-spain","9":"product_cat-digital-box-disposable-vapes","10":"product_cat-low-nicotine-disposable-vapes","11":"product_cat-rechargeable-disposable-vapes","12":"product_cat-waspe-fihp-vape","13":"product_tag-cigarette-vapor","14":"product_tag-disposable-vape-pen","15":"product_tag-multi-flavor-disposable-vape","16":"product_tag-okso-120000-puff","17":"product_tag-okso-120k","18":"product_tag-vape-cartridge","19":"desktop-align-left","20":"tablet-align-left","21":"mobile-align-left","23":"first","24":"instock","25":"sale","26":"shipping-taxable","27":"purchasable","28":"product-type-simple"},"acf":[],"uagb_featured_image_src":{"full":["https:\/\/vapestornado.com\/wp-content\/uploads\/2025\/12\/OKSO-120K-120000-Puff-Disposable-Vaper.webp",800,800,false],"thumbnail":["https:\/\/vapestornado.com\/wp-content\/uploads\/2025\/12\/OKSO-120K-120000-Puff-Disposable-Vaper-150x150.webp",150,150,true],"medium":["https:\/\/vapestornado.com\/wp-content\/uploads\/2025\/12\/OKSO-120K-120000-Puff-Disposable-Vaper-300x300.webp",300,300,true],"medium_large":["https:\/\/vapestornado.com\/wp-content\/uploads\/2025\/12\/OKSO-120K-120000-Puff-Disposable-Vaper-768x768.webp",768,768,true],"large":["https:\/\/vapestornado.com\/wp-content\/uploads\/2025\/12\/OKSO-120K-120000-Puff-Disposable-Vaper.webp",800,800,false],"1536x1536":["https:\/\/vapestornado.com\/wp-content\/uploads\/2025\/12\/OKSO-120K-120000-Puff-Disposable-Vaper.webp",800,800,false],"2048x2048":["https:\/\/vapestornado.com\/wp-content\/uploads\/2025\/12\/OKSO-120K-120000-Puff-Disposable-Vaper.webp",800,800,false],"trp-custom-language-flag":["https:\/\/vapestornado.com\/wp-content\/uploads\/2025\/12\/OKSO-120K-120000-Puff-Disposable-Vaper-12x12.webp",12,12,true],"woocommerce_thumbnail":["https:\/\/vapestornado.com\/wp-content\/uploads\/2025\/12\/OKSO-120K-120000-Puff-Disposable-Vaper-300x300.webp",300,300,true],"woocommerce_single":["https:\/\/vapestornado.com\/wp-content\/uploads\/2025\/12\/OKSO-120K-120000-Puff-Disposable-Vaper-600x600.webp",600,600,true],"woocommerce_gallery_thumbnail":["https:\/\/vapestornado.com\/wp-content\/uploads\/2025\/12\/OKSO-120K-120000-Puff-Disposable-Vaper-100x100.webp",100,100,true]},"uagb_author_info":{"display_name":"ESAMY","author_link":"https:\/\/vapestornado.com\/pt\/author\/"},"uagb_comment_info":0,"uagb_excerpt":"The OKSO 120k Puff is a high-capacity Disposable Vaper delivering up to 120000 puffs with a 6 in 1 multiple flavor adjustable system. It features a digital display, triple mesh coils, 20ml \u00d7 3 e-liquid capacity, and an 850mAh battery for stable, long-term performance. Designed for adult users and wholesale supply, the OKSO 120000 Puffs&hellip;","_links":{"self":[{"href":"https:\/\/vapestornado.com\/pt\/wp-json\/wp\/v2\/product\/4702","targetHints":{"allow":["GET"]}}],"collection":[{"href":"https:\/\/vapestornado.com\/pt\/wp-json\/wp\/v2\/product"}],"about":[{"href":"https:\/\/vapestornado.com\/pt\/wp-json\/wp\/v2\/types\/product"}],"replies":[{"embeddable":true,"href":"https:\/\/vapestornado.com\/pt\/wp-json\/wp\/v2\/comments?post=4702"}],"wp:featuredmedia":[{"embeddable":true,"href":"https:\/\/vapestornado.com\/pt\/wp-json\/wp\/v2\/media\/4707"}],"wp:attachment":[{"href":"https:\/\/vapestornado.com\/pt\/wp-json\/wp\/v2\/media?parent=4702"}],"wp:term":[{"taxonomy":"product_brand","embeddable":true,"href":"https:\/\/vapestornado.com\/pt\/wp-json\/wp\/v2\/product_brand?post=4702"},{"taxonomy":"product_cat","embeddable":true,"href":"https:\/\/vapestornado.com\/pt\/wp-json\/wp\/v2\/product_cat?post=4702"},{"taxonomy":"product_tag","embeddable":true,"href":"https:\/\/vapestornado.com\/pt\/wp-json\/wp\/v2\/product_tag?post=4702"}],"curies":[{"name":"wp","href":"https:\/\/api.w.org\/{rel}","templated":true}]}}