{"id":4603,"date":"2025-11-28T07:57:59","date_gmt":"2025-11-28T07:57:59","guid":{"rendered":"https:\/\/vapestornado.com\/?post_type=product&#038;p=4603"},"modified":"2025-11-28T08:20:23","modified_gmt":"2025-11-28T08:20:23","slug":"airmez-fox-80000-puffs-2-in-1-best-80k-vape-wholesale-eu-warehouse","status":"publish","type":"product","link":"https:\/\/vapestornado.com\/pt\/product\/airmez-fox-80000-puffs-2-in-1-best-80k-vape-wholesale-eu-warehouse\/","title":{"rendered":"Airmez Fox 80000 Puffs 2 em 1 Melhor Vape de 80k Atacado Armaz\u00e9m da UE"},"content":{"rendered":"<h2 data-pm-slice=\"1 1 []\">Airmez Fox 80000 Puffs 2-em-1 Crystal Vape Descart\u00e1vel Armaz\u00e9m da UE Grossista<\/h2>\n<p data-start=\"663\" data-end=\"1062\">O <strong data-start=\"667\" data-end=\"693\">Airmez Fox 80000 Puffs<\/strong> \u00e9 um dispositivo compacto, de alta capacidade <strong data-start=\"722\" data-end=\"755\">vape descart\u00e1vel de duplo sabor<\/strong> concebido para retalhistas europeus que procuram uma unidade fi\u00e1vel, de longa dura\u00e7\u00e3o e com um forte apelo de sabor. Este sistema 2-em-1 d\u00e1 aos utilizadores acesso instant\u00e2neo a dois perfis de sabor diferentes dentro de um \u00fanico dispositivo, tornando o <strong data-start=\"966\" data-end=\"984\">Airmez Fox 80k<\/strong> uma excelente escolha para clientes que desejam variedade sem trocar de dispositivo.<\/p>\n<p data-start=\"1064\" data-end=\"1435\">Cada dispositivo \u00e9 pr\u00e9-cheio com <strong data-start=\"1094\" data-end=\"1114\">30ml de e-l\u00edquido<\/strong> (15ml por sabor) e alimentado por uma <strong data-start=\"1151\" data-end=\"1189\">Bateria recarreg\u00e1vel Type-C de 650mAh<\/strong>, fornecendo um output consistente adequado para todo o ciclo de 80.000 puffs. O <strong data-start=\"1267\" data-end=\"1285\">resist\u00eancia de malha de 1.0\u03a9<\/strong> produz vapor suave, entrega est\u00e1vel de impacto na garganta e desempenho de sabor fi\u00e1vel que se alinha bem com as prefer\u00eancias do consumidor nos principais mercados da UE.<\/p>\n<p data-start=\"1437\" data-end=\"1897\">Um visor LED brilhante fornece o estado da bateria e do e-l\u00edquido em tempo real, reduzindo a incerteza e melhorando a satisfa\u00e7\u00e3o do utilizador. Os retalhistas beneficiam de vendas repetidas constantes e manuseamento simplificado do invent\u00e1rio, especialmente com o movimento r\u00e1pido do nosso <strong data-start=\"1680\" data-end=\"1701\">Armaz\u00e9m da UE de Vape<\/strong>. Gra\u00e7as ao seu acabamento em estilo cristal, o Airmez Fox 80000 tamb\u00e9m se destaca visualmente, atraindo compradores adultos mais jovens com idades entre os 25 e os 35 anos que procuram um dispositivo com aspeto premium dentro da categoria de 80k puffs.<\/p>\n<p data-start=\"1899\" data-end=\"2203\">Para grossistas, o Airmez Fox 80k encaixa perfeitamente nas gamas de produtos de alto puff existentes e serve como um forte SKU de gama m\u00e9dia-premium no <strong data-start=\"2032\" data-end=\"2048\">vape de cristal<\/strong> segmento. O formato de sabor duplo, o grande tamanho do tanque e a longa vida \u00fatil tornam-no uma das op\u00e7\u00f5es de compra a granel mais pr\u00e1ticas na classe de 80.000 puffs.<\/p>\n<p data-start=\"666\" data-end=\"1235\"><strong style=\"font-size: 16px;\"><span style=\"color: #ff0000;\">Adicione o WhatsApp da Amy para obter uma resposta imediata e um pre\u00e7o com desconto!<\/span><\/strong><\/p>\n<p><img fetchpriority=\"high\" decoding=\"async\" class=\"size-full wp-image-2932\" src=\"https:\/\/vapestornado.com\/wp-content\/uploads\/2024\/12\/Vape-Wholesale.jpg\" alt=\"Vape Atacado\" width=\"229\" height=\"300\" \/><\/p>\n<h3><a href=\"https:\/\/wa.me\/8617776015835\" target=\"_blank\" rel=\"noopener\"><span style=\"color: #ff0000;\"><strong>WhatsApp: +86 17776015835<\/strong><\/span><\/a><\/h3>\n<p>&nbsp;<\/p>\n<h2><strong>Lista de Sabores de Vapes Dispos\u00e1veis AIRMEZ FOX 120000 Puffs<\/strong><\/h2>\n<ul>\n<li data-start=\"2691\" data-end=\"2752\">\n<p data-start=\"2693\" data-end=\"2752\"><strong data-start=\"2693\" data-end=\"2715\">Interruptor de sabor duplo<\/strong> com dois sabores em cada dispositivo.<\/p>\n<\/li>\n<li data-start=\"2753\" data-end=\"2814\">\n<p data-start=\"2755\" data-end=\"2814\"><strong data-start=\"2755\" data-end=\"2777\">At\u00e9 80.000 baforadas<\/strong> para uso prolongado e de baixa manuten\u00e7\u00e3o.<\/p>\n<\/li>\n<li data-start=\"2815\" data-end=\"2862\">\n<p data-start=\"2817\" data-end=\"2862\"><strong data-start=\"2817\" data-end=\"2840\">Capacidade total de 30ml<\/strong> (15ml por sabor).<\/p>\n<\/li>\n<li data-start=\"2863\" data-end=\"2926\">\n<p data-start=\"2865\" data-end=\"2926\"><strong data-start=\"2865\" data-end=\"2883\">resist\u00eancia de malha de 1.0\u03a9<\/strong> para entrega de sabor forte e consistente.<\/p>\n<\/li>\n<li data-start=\"2927\" data-end=\"2984\">\n<p data-start=\"2929\" data-end=\"2984\"><strong data-start=\"2929\" data-end=\"2955\">Carregamento Type-C de 650mAh<\/strong> para manter uma sa\u00edda est\u00e1vel.<\/p>\n<\/li>\n<li data-start=\"2985\" data-end=\"3040\">\n<p data-start=\"2987\" data-end=\"3040\"><strong data-start=\"2987\" data-end=\"3012\">Indicadores de ecr\u00e3 LED<\/strong> para bateria e e-l\u00edquido.<\/p>\n<\/li>\n<li data-start=\"3041\" data-end=\"3100\">\n<p data-start=\"3043\" data-end=\"3100\"><strong data-start=\"3043\" data-end=\"3072\">Design de corpo em estilo cristal<\/strong> para apelo premium na prateleira.<\/p>\n<\/li>\n<li data-start=\"3101\" data-end=\"3165\">\n<p data-start=\"3103\" data-end=\"3165\"><strong data-start=\"3103\" data-end=\"3132\">Disponibilidade em armaz\u00e9m na UE<\/strong> para atendimento r\u00e1pido de atacado.<\/p>\n<\/li>\n<\/ul>\n<figure id=\"attachment_4605\" aria-describedby=\"caption-attachment-4605\" style=\"width: 800px\" class=\"wp-caption alignnone\"><img decoding=\"async\" class=\"wp-image-4605 size-full\" src=\"https:\/\/vapestornado.com\/wp-content\/uploads\/2025\/11\/Airmez-FOX-2IN1-80K-Dual-Flavors-Disposable-Vapor.webp\" alt=\"Airmez FOX 2IN1 80K Vape descart\u00e1vel de sabores duplos\" width=\"800\" height=\"800\" srcset=\"https:\/\/vapestornado.com\/wp-content\/uploads\/2025\/11\/Airmez-FOX-2IN1-80K-Dual-Flavors-Disposable-Vapor.webp 800w, https:\/\/vapestornado.com\/wp-content\/uploads\/2025\/11\/Airmez-FOX-2IN1-80K-Dual-Flavors-Disposable-Vapor-300x300.webp 300w, https:\/\/vapestornado.com\/wp-content\/uploads\/2025\/11\/Airmez-FOX-2IN1-80K-Dual-Flavors-Disposable-Vapor-150x150.webp 150w, https:\/\/vapestornado.com\/wp-content\/uploads\/2025\/11\/Airmez-FOX-2IN1-80K-Dual-Flavors-Disposable-Vapor-768x768.webp 768w, https:\/\/vapestornado.com\/wp-content\/uploads\/2025\/11\/Airmez-FOX-2IN1-80K-Dual-Flavors-Disposable-Vapor-12x12.webp 12w, https:\/\/vapestornado.com\/wp-content\/uploads\/2025\/11\/Airmez-FOX-2IN1-80K-Dual-Flavors-Disposable-Vapor-600x600.webp 600w, https:\/\/vapestornado.com\/wp-content\/uploads\/2025\/11\/Airmez-FOX-2IN1-80K-Dual-Flavors-Disposable-Vapor-100x100.webp 100w\" sizes=\"(max-width: 800px) 100vw, 800px\" \/><figcaption id=\"caption-attachment-4605\" class=\"wp-caption-text\">Airmez FOX 2IN1 80K Vape descart\u00e1vel de sabores duplos<\/figcaption><\/figure>\n<h2><strong>O que faz o Airmez Fox 80000 baforadas destacar-se?<\/strong><\/h2>\n<ol data-start=\"2243\" data-end=\"2640\">\n<li data-start=\"2243\" data-end=\"2296\">\n<p data-start=\"2246\" data-end=\"2296\"><strong data-start=\"2246\" data-end=\"2294\">Morango Melancia \/ Morango Framboesa<\/strong><\/p>\n<\/li>\n<li data-start=\"2297\" data-end=\"2336\">\n<p data-start=\"2300\" data-end=\"2336\"><strong data-start=\"2300\" data-end=\"2334\">Limonada Blue Razz \/ Blue Razz<\/strong><\/p>\n<\/li>\n<li data-start=\"2337\" data-end=\"2384\">\n<p data-start=\"2340\" data-end=\"2384\"><strong data-start=\"2340\" data-end=\"2382\">Mirtilo no gelo \/ Mirtilo Framboesa<\/strong><\/p>\n<\/li>\n<li data-start=\"2385\" data-end=\"2426\">\n<p data-start=\"2388\" data-end=\"2426\"><strong data-start=\"2388\" data-end=\"2424\">Morango Kiwi \/ Gelo de Morango<\/strong><\/p>\n<\/li>\n<li data-start=\"2427\" data-end=\"2473\">\n<p data-start=\"2430\" data-end=\"2473\"><strong data-start=\"2430\" data-end=\"2471\">Gelo de Melancia \/ Framboesa com Melancia<\/strong><\/p>\n<\/li>\n<li data-start=\"2474\" data-end=\"2510\">\n<p data-start=\"2477\" data-end=\"2510\"><strong data-start=\"2477\" data-end=\"2508\">Limonada de Frutas Silvestres \/ Lim\u00e3o e Lima<\/strong><\/p>\n<\/li>\n<li data-start=\"2511\" data-end=\"2544\">\n<p data-start=\"2514\" data-end=\"2544\"><strong data-start=\"2514\" data-end=\"2542\">Fruta Tropical \/ Love 66<\/strong><\/p>\n<\/li>\n<li data-start=\"2545\" data-end=\"2577\">\n<p data-start=\"2548\" data-end=\"2577\"><strong data-start=\"2548\" data-end=\"2575\">Gelo de P\u00eassego \/ Manga com P\u00eassego<\/strong><\/p>\n<\/li>\n<li data-start=\"2578\" data-end=\"2610\">\n<p data-start=\"2581\" data-end=\"2610\"><strong data-start=\"2581\" data-end=\"2608\">Frutas Vermelhas Mistas \/ Dr Blue<\/strong><\/p>\n<\/li>\n<li data-start=\"2611\" data-end=\"2640\">\n<p data-start=\"2615\" data-end=\"2640\"><strong data-start=\"2615\" data-end=\"2640\">Gelo de Uva \/ Gelo Preto<\/strong><\/p>\n<\/li>\n<\/ol>\n<h3 data-start=\"168\" data-end=\"239\"><strong data-start=\"172\" data-end=\"239\">Airmez Fox 80K vs Airmez Fox 120K \u2014 Qual \u00e9 o Adequado ao Seu Mercado?<\/strong><\/h3>\n<p data-start=\"241\" data-end=\"1149\">Ao comparar o <strong data-start=\"260\" data-end=\"278\">Airmez Fox 80K<\/strong> com o <strong data-start=\"288\" data-end=\"307\">Airmez Fox 120K<\/strong>, a principal diferen\u00e7a reside na capacidade de puff e na flexibilidade de sabor. <strong data-start=\"380\" data-end=\"398\">Airmez Fox 80K<\/strong> \u00e9 feito para compradores que desejam um <em data-start=\"430\" data-end=\"470\">vape descart\u00e1vel compacto, com duplo sabor<\/em> com 30ml de e-l\u00edquido total e um sabor n\u00edtido de malha de bobina, tornando-o ideal para pedidos de atacado de alta rotatividade direcionados a lojas de conveni\u00eancia de movimento r\u00e1pido. Por outro lado, <strong data-start=\"636\" data-end=\"655\">Airmez Fox 120K<\/strong> oferece uma contagem de puffs muito maior com uma configura\u00e7\u00e3o de m\u00faltiplos sabores e um compartimento de e-l\u00edquido maior, proporcionando aos usu\u00e1rios de sess\u00f5es longas mais variedade e resist\u00eancia. Ambos usam um sistema recarreg\u00e1vel Type-C e display LED, mas o <strong data-start=\"862\" data-end=\"912\">80K foca na performance eficiente do dia a dia<\/strong>, enquanto o <strong data-start=\"924\" data-end=\"1019\">120K \u00e9 projetado para clientes que desejam uma sess\u00e3o prolongada e premium com mais profundidade de sabor<\/strong>. Para compradores por atacado, a escolha \u00e9 simples: <strong data-start=\"1065\" data-end=\"1100\">Airmez Fox 80K para vendas em volume<\/strong>, <strong data-start=\"1102\" data-end=\"1148\"><a href=\"https:\/\/vapestornado.com\/pt\/product\/airmez-fox-120000-puffs-4-flavour-big-puff-disposable-vape-pen-shop-eu-warehouse\/\">Airmez Fox 120K<\/a> para margens de venda adicional premium<\/strong>.<\/p>\n<h2>Por que escolher a Vapestornado para comprar vaporizadores descart\u00e1veis online?<\/h2>\n<div class=\"flex-shrink-0 flex flex-col relative items-end\">\n<div class=\"pt-0\">\n<div class=\"gizmo-bot-avatar flex h-8 w-8 items-center justify-center overflow-hidden rounded-full\">\n<div class=\"relative p-1 rounded-sm flex items-center justify-center bg-token-main-surface-primary text-token-text-primary h-8 w-8\">\n<p data-start=\"136\" data-end=\"686\">Escolher <strong data-start=\"145\" data-end=\"161\">Vapestornado<\/strong> como sua fonte confi\u00e1vel para o <strong data-start=\"193\" data-end=\"227\">Elf Bar Moon Night 40000 Puffs<\/strong> significa fazer parceria com um fornecedor que realmente entende as exig\u00eancias de atacadistas e retalhistas em Portugal. Priorizamos <strong data-start=\"343\" data-end=\"409\">expedi\u00e7\u00e3o r\u00e1pida, invent\u00e1rio verificado e fornecimento est\u00e1vel a longo prazo<\/strong>, garantindo que voc\u00ea nunca enfrente interrup\u00e7\u00f5es de estoque\u2014especialmente para itens de alto volume como o <a href=\"https:\/\/vapestornado.com\/pt\/product\/airmez-140k-puff-6-in-1-flavor-disposable-vape-wholesale-disposable-vape-pen-eu-warehouse\/\">Airmez 140k 6 em 1 ,<\/a>\u00a0<a href=\"https:\/\/vapestornado.com\/pt\/product\/bang-legend-150000-puffs-6-in-1-flavor-newest-disposable-vape\/\">HiFancy Space 50000, Bang Legend 150k <\/a>Todos os produtos s\u00e3o adquiridos de canais certificados, oferecendo a voc\u00ea <strong data-start=\"582\" data-end=\"651\">qualidade aut\u00eantica, desempenho consistente de sabor e confiabilidade<\/strong> que atende \u00e0s expectativas do mercado da UE.<\/p>\n<\/div>\n<h2>Perguntas Frequentes sobre Airmez Fox 80000 Puff Bar<\/h2>\n<div class=\"relative p-1 rounded-sm flex items-center justify-center bg-token-main-surface-primary text-token-text-primary h-8 w-8\">\n<p data-start=\"3200\" data-end=\"3383\"><strong data-start=\"3200\" data-end=\"3262\">1. Como posso trocar de sabores no Airmez Fox 80000 Puffs?<\/strong><br data-start=\"3262\" data-end=\"3265\" \/>O dispositivo utiliza um sistema simples de duplo canal\u2014os utilizadores trocam de sabores atrav\u00e9s do seletor superior sem reiniciar o dispositivo.<\/p>\n<p data-start=\"3385\" data-end=\"3533\"><strong data-start=\"3385\" data-end=\"3438\">2. Quanto tempo dura normalmente o Airmez Fox 80k?<\/strong><br data-start=\"3438\" data-end=\"3441\" \/>A sua capacidade de 80.000 puffs proporciona um ciclo de uso prolongado, dependendo dos h\u00e1bitos individuais de vaping.<\/p>\n<p data-start=\"3535\" data-end=\"3651\"><strong data-start=\"3535\" data-end=\"3587\">3. O Airmez Fox 80000 suporta recarga?<\/strong><br data-start=\"3587\" data-end=\"3590\" \/>Sim, inclui uma porta de carregamento Type-C e uma bateria de 650mAh.<\/p>\n<p data-start=\"3653\" data-end=\"3769\"><strong data-start=\"3653\" data-end=\"3703\">4. Que informa\u00e7\u00f5es mostra o ecr\u00e3 LED?<\/strong><br data-start=\"3703\" data-end=\"3706\" \/>N\u00edvel de bateria e l\u00edquido restante para ambos os compartimentos de sabor.<\/p>\n<p data-start=\"3771\" data-end=\"3934\"><strong data-start=\"3771\" data-end=\"3834\">5. O Airmez Fox 80k pode ser enviado a partir do armaz\u00e9m da UE?<\/strong><br data-start=\"3834\" data-end=\"3837\" \/>Sim, os grossistas podem receber uma entrega r\u00e1pida e fiscalmente eficiente atrav\u00e9s do nosso <strong data-start=\"3912\" data-end=\"3933\">Armaz\u00e9m da UE de Vape<\/strong>.<\/p>\n<\/div>\n<\/div>\n<\/div>\n<\/div>","protected":false},"excerpt":{"rendered":"<article class=\"text-token-text-primary w-full focus:outline-none [--shadow-height:45px] has-data-writing-block:pointer-events-none has-data-writing-block:-mt-(--shadow-height) has-data-writing-block:pt-(--shadow-height) [&amp;:has([data-writing-block])&gt;*]:pointer-events-auto [content-visibility:auto] supports-[content-visibility:auto]:[contain-intrinsic-size:auto_100lvh] scroll-mt-[calc(var(--header-height)+min(200px,max(70px,20svh)))]\" dir=\"auto\" tabindex=\"-1\" data-turn-id=\"86ca9d92-7a10-4e6b-bda0-15f9df36adca\" data-testid=\"conversation-turn-120\" data-scroll-anchor=\"true\" data-turn=\"assistant\">\n<div class=\"text-base my-auto mx-auto pb-10 [--thread-content-margin:--spacing(4)] thread-sm:[--thread-content-margin:--spacing(6)] thread-lg:[--thread-content-margin:--spacing(16)] px-(--thread-content-margin)\">\n<div class=\"[--thread-content-max-width:40rem] thread-lg:[--thread-content-max-width:48rem] mx-auto max-w-(--thread-content-max-width) flex-1 group\/turn-messages focus-visible:outline-hidden relative flex w-full min-w-0 flex-col agent-turn\" tabindex=\"-1\">\n<div class=\"flex max-w-full flex-col grow\">\n<div class=\"min-h-8 text-message relative flex w-full flex-col items-end gap-2 text-start break-words whitespace-normal [.text-message+&amp;]:mt-1\" dir=\"auto\" data-message-author-role=\"assistant\" data-message-id=\"43b070d6-bf28-4fbe-8049-1032a61ea3ac\" data-message-model-slug=\"gpt-5\">\n<div class=\"flex w-full flex-col gap-1 empty:hidden first:pt-[1px]\">\n<div class=\"markdown prose dark:prose-invert w-full break-words light markdown-new-styling\">\n<article class=\"text-token-text-primary w-full focus:outline-none [--shadow-height:45px] has-data-writing-block:pointer-events-none has-data-writing-block:-mt-(--shadow-height) has-data-writing-block:pt-(--shadow-height) [&amp;:has([data-writing-block])&gt;*]:pointer-events-auto [content-visibility:auto] supports-[content-visibility:auto]:[contain-intrinsic-size:auto_100lvh] scroll-mt-[calc(var(--header-height)+min(200px,max(70px,20svh)))]\" dir=\"auto\" tabindex=\"-1\" data-turn-id=\"4d6f00b8-d41a-438b-8912-05a895842882\" data-testid=\"conversation-turn-130\" data-scroll-anchor=\"true\" data-turn=\"assistant\">\n<div class=\"text-base my-auto mx-auto pb-10 [--thread-content-margin:--spacing(4)] thread-sm:[--thread-content-margin:--spacing(6)] thread-lg:[--thread-content-margin:--spacing(16)] px-(--thread-content-margin)\">\n<div class=\"[--thread-content-max-width:40rem] thread-lg:[--thread-content-max-width:48rem] mx-auto max-w-(--thread-content-max-width) flex-1 group\/turn-messages focus-visible:outline-hidden relative flex w-full min-w-0 flex-col agent-turn\" tabindex=\"-1\">\n<div class=\"flex max-w-full flex-col grow\">\n<div class=\"min-h-8 text-message relative flex w-full flex-col items-end gap-2 text-start break-words whitespace-normal [.text-message+&amp;]:mt-1\" dir=\"auto\" data-message-author-role=\"assistant\" data-message-id=\"f3c520bf-c043-4392-87ea-b3bf1b3ae6d3\" data-message-model-slug=\"gpt-5-1\">\n<div class=\"flex w-full flex-col gap-1 empty:hidden first:pt-[1px]\">\n<div class=\"markdown prose dark:prose-invert w-full break-words light markdown-new-styling\">\n<p>Airmez Fox 80000 Puffs 2-em-1 Crystal Vape \u2013 Melhor Pre\u00e7o Grossista de 80k do Armaz\u00e9m da UE<br \/>\nAirmez Fox 80k Vape Descart\u00e1vel com Sabor Duplo \u2013 Compra em Grande Quantidade Dispon\u00edvel na Europa<br \/>\nAirmez Fox 80000 Puffs Caneta Descart\u00e1vel de Cristal com Sabor Duplo \u2013 Stock no Armaz\u00e9m da UE<\/p>\n<\/div>\n<\/div>\n<\/div>\n<\/div>\n<\/div>\n<\/div>\n<\/article>\n<\/div>\n<\/div>\n<\/div>\n<\/div>\n<\/div>\n<\/div>\n<\/article>\n<p><img fetchpriority=\"high\" decoding=\"async\" class=\"size-full wp-image-2932\" src=\"https:\/\/vapestornado.com\/wp-content\/uploads\/2024\/12\/Vape-Wholesale.jpg\" alt=\"Vape Atacado\" width=\"229\" height=\"300\" \/><\/p>\n<h3><a href=\"https:\/\/wa.me\/8617776015835\"><span style=\"color: #ff0000;\"><strong>WhatsApp: +86 17776015835<\/strong><\/span><\/a><\/h3>\n<p>&nbsp;<\/p>","protected":false},"featured_media":4604,"comment_status":"open","ping_status":"closed","template":"","meta":{"_acf_changed":false,"_uag_custom_page_level_css":"","_lmt_disableupdate":"no","_lmt_disable":"","_monsterinsights_skip_tracking":false,"_monsterinsights_sitenote_active":false,"_monsterinsights_sitenote_note":"","_monsterinsights_sitenote_category":0,"site-sidebar-layout":"default","site-content-layout":"","ast-site-content-layout":"default","site-content-style":"default","site-sidebar-style":"default","ast-global-header-display":"","ast-banner-title-visibility":"","ast-main-header-display":"","ast-hfb-above-header-display":"","ast-hfb-below-header-display":"","ast-hfb-mobile-header-display":"","site-post-title":"","ast-breadcrumbs-content":"","ast-featured-img":"","footer-sml-layout":"","ast-disable-related-posts":"","theme-transparent-header-meta":"default","adv-header-id-meta":"","stick-header-meta":"","header-above-stick-meta":"","header-main-stick-meta":"","header-below-stick-meta":"","astra-migrate-meta-layouts":"set","ast-page-background-enabled":"default","ast-page-background-meta":{"desktop":{"background-color":"","background-image":"","background-repeat":"repeat","background-position":"center center","background-size":"auto","background-attachment":"scroll","background-type":"","background-media":"","overlay-type":"","overlay-color":"","overlay-opacity":"","overlay-gradient":""},"tablet":{"background-color":"","background-image":"","background-repeat":"repeat","background-position":"center center","background-size":"auto","background-attachment":"scroll","background-type":"","background-media":"","overlay-type":"","overlay-color":"","overlay-opacity":"","overlay-gradient":""},"mobile":{"background-color":"","background-image":"","background-repeat":"repeat","background-position":"center center","background-size":"auto","background-attachment":"scroll","background-type":"","background-media":"","overlay-type":"","overlay-color":"","overlay-opacity":"","overlay-gradient":""}},"ast-content-background-meta":{"desktop":{"background-color":"var(--ast-global-color-5)","background-image":"","background-repeat":"repeat","background-position":"center center","background-size":"auto","background-attachment":"scroll","background-type":"","background-media":"","overlay-type":"","overlay-color":"","overlay-opacity":"","overlay-gradient":""},"tablet":{"background-color":"var(--ast-global-color-5)","background-image":"","background-repeat":"repeat","background-position":"center center","background-size":"auto","background-attachment":"scroll","background-type":"","background-media":"","overlay-type":"","overlay-color":"","overlay-opacity":"","overlay-gradient":""},"mobile":{"background-color":"var(--ast-global-color-5)","background-image":"","background-repeat":"repeat","background-position":"center center","background-size":"auto","background-attachment":"scroll","background-type":"","background-media":"","overlay-type":"","overlay-color":"","overlay-opacity":"","overlay-gradient":""}},"_joinchat":{"telephone":"17776015835"}},"product_brand":[],"product_cat":[149,150,151,152,144],"product_tag":[460,458,459,105,446,436,451,455],"class_list":{"0":"post-4603","1":"product","2":"type-product","3":"status-publish","4":"has-post-thumbnail","6":"product_cat-buy-disposable-vapes-in-austria","7":"product_cat-buy-disposable-vapes-in-belgium","8":"product_cat-buy-disposable-vapes-in-france","9":"product_cat-buy-disposable-vapes-in-cermany","10":"product_cat-low-nicotine-disposable-vapes","11":"product_tag-80k-puff-vape","12":"product_tag-airmez-fox-80000","13":"product_tag-airmez-fox-80k","14":"product_tag-digital-disposable-vape","15":"product_tag-disposable-vape-kit","16":"product_tag-shop-vape-online","17":"product_tag-vape-free-shipping","18":"product_tag-vape-pen-eu-warehouse","19":"desktop-align-left","20":"tablet-align-left","21":"mobile-align-left","23":"first","24":"instock","25":"sale","26":"shipping-taxable","27":"purchasable","28":"product-type-simple"},"acf":[],"uagb_featured_image_src":{"full":["https:\/\/vapestornado.com\/wp-content\/uploads\/2025\/11\/80K-Puffs-Double-Taste-LED-Display-Disposable-Vape-Airmez.webp",800,800,false],"thumbnail":["https:\/\/vapestornado.com\/wp-content\/uploads\/2025\/11\/80K-Puffs-Double-Taste-LED-Display-Disposable-Vape-Airmez-150x150.webp",150,150,true],"medium":["https:\/\/vapestornado.com\/wp-content\/uploads\/2025\/11\/80K-Puffs-Double-Taste-LED-Display-Disposable-Vape-Airmez-300x300.webp",300,300,true],"medium_large":["https:\/\/vapestornado.com\/wp-content\/uploads\/2025\/11\/80K-Puffs-Double-Taste-LED-Display-Disposable-Vape-Airmez-768x768.webp",768,768,true],"large":["https:\/\/vapestornado.com\/wp-content\/uploads\/2025\/11\/80K-Puffs-Double-Taste-LED-Display-Disposable-Vape-Airmez.webp",800,800,false],"1536x1536":["https:\/\/vapestornado.com\/wp-content\/uploads\/2025\/11\/80K-Puffs-Double-Taste-LED-Display-Disposable-Vape-Airmez.webp",800,800,false],"2048x2048":["https:\/\/vapestornado.com\/wp-content\/uploads\/2025\/11\/80K-Puffs-Double-Taste-LED-Display-Disposable-Vape-Airmez.webp",800,800,false],"trp-custom-language-flag":["https:\/\/vapestornado.com\/wp-content\/uploads\/2025\/11\/80K-Puffs-Double-Taste-LED-Display-Disposable-Vape-Airmez-12x12.webp",12,12,true],"woocommerce_thumbnail":["https:\/\/vapestornado.com\/wp-content\/uploads\/2025\/11\/80K-Puffs-Double-Taste-LED-Display-Disposable-Vape-Airmez-300x300.webp",300,300,true],"woocommerce_single":["https:\/\/vapestornado.com\/wp-content\/uploads\/2025\/11\/80K-Puffs-Double-Taste-LED-Display-Disposable-Vape-Airmez-600x600.webp",600,600,true],"woocommerce_gallery_thumbnail":["https:\/\/vapestornado.com\/wp-content\/uploads\/2025\/11\/80K-Puffs-Double-Taste-LED-Display-Disposable-Vape-Airmez-100x100.webp",100,100,true]},"uagb_author_info":{"display_name":"ESAMY","author_link":"https:\/\/vapestornado.com\/pt\/author\/"},"uagb_comment_info":0,"uagb_excerpt":"Airmez Fox 80000 Puffs 2-in-1 Crystal Vape \u2013 Best 80k Wholesale from EU Warehouse Airmez Fox 80k Dual Flavor Disposable Vape \u2013 Bulk Buy Ready in Europe Airmez Fox 80000 Puffs Double Flavor Crystal Disposable Pen \u2013 EU Warehouse Stock WhatsApp: +86 17776015835 &nbsp;","_links":{"self":[{"href":"https:\/\/vapestornado.com\/pt\/wp-json\/wp\/v2\/product\/4603","targetHints":{"allow":["GET"]}}],"collection":[{"href":"https:\/\/vapestornado.com\/pt\/wp-json\/wp\/v2\/product"}],"about":[{"href":"https:\/\/vapestornado.com\/pt\/wp-json\/wp\/v2\/types\/product"}],"replies":[{"embeddable":true,"href":"https:\/\/vapestornado.com\/pt\/wp-json\/wp\/v2\/comments?post=4603"}],"wp:featuredmedia":[{"embeddable":true,"href":"https:\/\/vapestornado.com\/pt\/wp-json\/wp\/v2\/media\/4604"}],"wp:attachment":[{"href":"https:\/\/vapestornado.com\/pt\/wp-json\/wp\/v2\/media?parent=4603"}],"wp:term":[{"taxonomy":"product_brand","embeddable":true,"href":"https:\/\/vapestornado.com\/pt\/wp-json\/wp\/v2\/product_brand?post=4603"},{"taxonomy":"product_cat","embeddable":true,"href":"https:\/\/vapestornado.com\/pt\/wp-json\/wp\/v2\/product_cat?post=4603"},{"taxonomy":"product_tag","embeddable":true,"href":"https:\/\/vapestornado.com\/pt\/wp-json\/wp\/v2\/product_tag?post=4603"}],"curies":[{"name":"wp","href":"https:\/\/api.w.org\/{rel}","templated":true}]}}