{"id":4588,"date":"2025-11-24T09:07:52","date_gmt":"2025-11-24T09:07:52","guid":{"rendered":"https:\/\/vapestornado.com\/?post_type=product&#038;p=4588"},"modified":"2025-11-24T09:18:30","modified_gmt":"2025-11-24T09:18:30","slug":"hifancy-space-50000-puff-50k-disposable-screen-vape-bulk-buy-cheap-price-online","status":"publish","type":"product","link":"https:\/\/vapestornado.com\/pt\/product\/hifancy-space-50000-puff-50k-disposable-screen-vape-bulk-buy-cheap-price-online\/","title":{"rendered":"HIFANCY SPACE 50000 Puff 50k Vape Descart\u00e1vel em Stock Compra em Massa Pre\u00e7o Barato Online"},"content":{"rendered":"<h2 data-pm-slice=\"1 1 []\">Vape de Tela Descart\u00e1vel HIFANCY SPACE 50000 Puffs \u2013 Armaz\u00e9m na UE para Atacado<\/h2>\n<p data-start=\"636\" data-end=\"1141\">O <strong data-start=\"640\" data-end=\"663\">HIFANCY SPACE 50000<\/strong> \u00e9 criado para compradores que desejam volume est\u00e1vel, sabor forte e reposi\u00e7\u00e3o r\u00e1pida atrav\u00e9s de envio confi\u00e1vel do armaz\u00e9m na UE. Este dispositivo oferece o equil\u00edbrio que os atacadistas procuram: corpo compacto, exibi\u00e7\u00e3o clara e uma <strong data-start=\"891\" data-end=\"909\">classe de 50k puffs<\/strong> avalia\u00e7\u00e3o que se adapta ao uso di\u00e1rio cont\u00ednuo. O <strong data-start=\"953\" data-end=\"992\">bateria de carregamento r\u00e1pido Type-C de 650mAh<\/strong>, juntamente com uma <strong data-start=\"1008\" data-end=\"1028\">sistema de bobina de malha<\/strong>, oferece desempenho repet\u00edvel a cada puxada, tornando-o uma escolha confi\u00e1vel para lojas de retalho e distribuidores.<\/p>\n<p data-start=\"1143\" data-end=\"1568\">Com um <strong data-start=\"1150\" data-end=\"1173\">Tanque pr\u00e9-preenchido de 30mL<\/strong> e op\u00e7\u00f5es em <strong data-start=\"1189\" data-end=\"1225\">for\u00e7as de nicotina 2%, 3% e 5%<\/strong> (dependente da regi\u00e3o), o HIFANCY SPACE 50k atende \u00e0s prefer\u00eancias do segmento masculino europeu de 25 a 35 anos\u2014consistente, forte e direto. A <strong data-start=\"1369\" data-end=\"1389\">interface de tela<\/strong> ajuda os utilizadores a monitorizar a energia e o uso, reduzindo confus\u00e3o e aumentando a satisfa\u00e7\u00e3o do cliente, especialmente para novos compradores que preferem um Kit de Vape Descart\u00e1vel simples e dur\u00e1vel.<\/p>\n<p data-start=\"1570\" data-end=\"1918\">\u00c0 medida que a procura por vape descart\u00e1vel por atacado continua a crescer, o <strong data-start=\"1629\" data-end=\"1652\">HIFANCY SPACE 50000<\/strong> posiciona-se como um produto de alto valor com uma faixa de pre\u00e7o competitiva e capacidade de fornecimento constante. Se j\u00e1 tiver stock <strong data-start=\"1776\" data-end=\"1797\">HiFancy Dream 45k<\/strong>, este novo modelo encaixa perfeitamente como a atualiza\u00e7\u00e3o mais potente de 50 mil baforadas para clientes que desejam uma utiliza\u00e7\u00e3o mais longa e um dispositivo mais inteligente.<\/p>\n<p data-start=\"666\" data-end=\"1235\"><strong style=\"font-size: 16px;\"><span style=\"color: #ff0000;\">Adicione o WhatsApp da Amy para obter uma resposta imediata e um pre\u00e7o com desconto!<\/span><\/strong><\/p>\n<p><img fetchpriority=\"high\" decoding=\"async\" class=\"size-full wp-image-2932\" src=\"https:\/\/vapestornado.com\/wp-content\/uploads\/2024\/12\/Vape-Wholesale.jpg\" alt=\"Vape Atacado\" width=\"229\" height=\"300\" \/><\/p>\n<h3><a href=\"https:\/\/wa.me\/8617776015835\" target=\"_blank\" rel=\"noopener\"><span style=\"color: #ff0000;\"><strong>WhatsApp: +86 17776015835<\/strong><\/span><\/a><\/h3>\n<p>&nbsp;<\/p>\n<h2><strong>O que faz o HIFANCY SPACE 50000 Baforada de Vape Descart\u00e1vel destacar-se?<\/strong><\/h2>\n<ul data-start=\"2287\" data-end=\"2712\">\n<li data-start=\"2287\" data-end=\"2351\">\n<p data-start=\"2289\" data-end=\"2351\"><strong data-start=\"2289\" data-end=\"2317\">Classe de 50.000 baforadas<\/strong> projetado para uso de longa dura\u00e7\u00e3o.<\/p>\n<\/li>\n<li data-start=\"2352\" data-end=\"2426\">\n<p data-start=\"2354\" data-end=\"2426\"><strong data-start=\"2354\" data-end=\"2381\">Capacidade pr\u00e9-carregada de 30mL<\/strong>, n\u00e3o recarreg\u00e1vel para desempenho sem vazamentos.<\/p>\n<\/li>\n<li data-start=\"2427\" data-end=\"2497\">\n<p data-start=\"2429\" data-end=\"2497\"><strong data-start=\"2429\" data-end=\"2447\">bateria de 650mAh<\/strong> com carregamento r\u00e1pido Type-C (aproximadamente 30 minutos).<\/p>\n<\/li>\n<li data-start=\"2498\" data-end=\"2563\">\n<p data-start=\"2500\" data-end=\"2563\"><strong data-start=\"2500\" data-end=\"2521\">Aquecimento por malha de bobina<\/strong> para sabor uniforme e n\u00e9voa suave.<\/p>\n<\/li>\n<li data-start=\"2564\" data-end=\"2633\">\n<p data-start=\"2566\" data-end=\"2633\"><strong data-start=\"2566\" data-end=\"2596\">M\u00faltiplas concentra\u00e7\u00f5es de nicotina<\/strong> para atender aos requisitos regionais da UE.<\/p>\n<\/li>\n<li data-start=\"2634\" data-end=\"2712\">\n<p data-start=\"2636\" data-end=\"2712\"><strong data-start=\"2636\" data-end=\"2666\">Embalagem de atacado de 10 pe\u00e7as<\/strong>, suportada por <strong data-start=\"2681\" data-end=\"2711\">Envio r\u00e1pido do Armaz\u00e9m da UE<\/strong>.<\/p>\n<\/li>\n<\/ul>\n<figure id=\"attachment_4583\" aria-describedby=\"caption-attachment-4583\" style=\"width: 300px\" class=\"wp-caption alignnone\"><img decoding=\"async\" class=\"size-medium wp-image-4583\" src=\"https:\/\/vapestornado.com\/wp-content\/uploads\/2025\/11\/HIFANCY-50k-50000-Puff-Disposable-Vape-Pod-300x300.webp\" alt=\"HIFANCY 50k Vape Descart\u00e1vel de 50000 Baforadas\" width=\"300\" height=\"300\" srcset=\"https:\/\/vapestornado.com\/wp-content\/uploads\/2025\/11\/HIFANCY-50k-50000-Puff-Disposable-Vape-Pod-300x300.webp 300w, https:\/\/vapestornado.com\/wp-content\/uploads\/2025\/11\/HIFANCY-50k-50000-Puff-Disposable-Vape-Pod-150x150.webp 150w, https:\/\/vapestornado.com\/wp-content\/uploads\/2025\/11\/HIFANCY-50k-50000-Puff-Disposable-Vape-Pod-768x768.webp 768w, https:\/\/vapestornado.com\/wp-content\/uploads\/2025\/11\/HIFANCY-50k-50000-Puff-Disposable-Vape-Pod-12x12.webp 12w, https:\/\/vapestornado.com\/wp-content\/uploads\/2025\/11\/HIFANCY-50k-50000-Puff-Disposable-Vape-Pod-600x600.webp 600w, https:\/\/vapestornado.com\/wp-content\/uploads\/2025\/11\/HIFANCY-50k-50000-Puff-Disposable-Vape-Pod-100x100.webp 100w, https:\/\/vapestornado.com\/wp-content\/uploads\/2025\/11\/HIFANCY-50k-50000-Puff-Disposable-Vape-Pod.webp 800w\" sizes=\"(max-width: 300px) 100vw, 300px\" \/><figcaption id=\"caption-attachment-4583\" class=\"wp-caption-text\">HIFANCY 50k Vape Descart\u00e1vel de 50000 Baforadas<\/figcaption><\/figure>\n<h2><strong>Lista de Sabores do Vape Descart\u00e1vel HIFANCY SPACE 50000 Baforadas<\/strong><\/h2>\n<ol data-start=\"1965\" data-end=\"2239\">\n<li data-start=\"1965\" data-end=\"2017\">\n<p data-start=\"1968\" data-end=\"2017\">Lady Killa (Mirtilo + Manga + Menta de Framboesa)<\/p>\n<\/li>\n<li data-start=\"2018\" data-end=\"2034\">\n<p data-start=\"2021\" data-end=\"2034\">Frutos Silvestres Mistos<\/p>\n<\/li>\n<li data-start=\"2035\" data-end=\"2060\">\n<p data-start=\"2038\" data-end=\"2060\">Melancia Framboesa<\/p>\n<\/li>\n<li data-start=\"2061\" data-end=\"2081\">\n<p data-start=\"2064\" data-end=\"2081\">Morango Kiwi<\/p>\n<\/li>\n<li data-start=\"2082\" data-end=\"2094\">\n<p data-start=\"2085\" data-end=\"2094\">Amor 66<\/p>\n<\/li>\n<li data-start=\"2095\" data-end=\"2121\">\n<p data-start=\"2098\" data-end=\"2121\">P\u00eassego Manga Anan\u00e1s<\/p>\n<\/li>\n<li data-start=\"2122\" data-end=\"2172\">\n<p data-start=\"2125\" data-end=\"2172\">Sexo na Praia (Laranja + P\u00eassego + Rum de Frutos Vermelhos)<\/p>\n<\/li>\n<li data-start=\"2173\" data-end=\"2202\">\n<p data-start=\"2176\" data-end=\"2202\">Kiwi Maracuj\u00e1 Goiaba<\/p>\n<\/li>\n<li data-start=\"2203\" data-end=\"2219\">\n<p data-start=\"2206\" data-end=\"2219\">Explos\u00e3o de Uva<\/p>\n<\/li>\n<li data-start=\"2220\" data-end=\"2239\">\n<p data-start=\"2224\" data-end=\"2239\">Blueberry Ice (Mirtilo Gelo)<\/p>\n<\/li>\n<\/ol>\n<h2>Por que escolher a Vapestornado para comprar vaporizadores descart\u00e1veis online?<\/h2>\n<div class=\"flex-shrink-0 flex flex-col relative items-end\">\n<div class=\"pt-0\">\n<div class=\"gizmo-bot-avatar flex h-8 w-8 items-center justify-center overflow-hidden rounded-full\">\n<div class=\"relative p-1 rounded-sm flex items-center justify-center bg-token-main-surface-primary text-token-text-primary h-8 w-8\">\n<p data-start=\"648\" data-end=\"799\">Escolher <strong data-start=\"189\" data-end=\"205\">Vapestornado<\/strong> como seu fornecedor de <strong data-start=\"227\" data-end=\"261\">Elf Bar Moon Night 40000 Puffs<\/strong> significa garantir um parceiro que compreende as necessidades de grossistas e retalhistas baseados na UE. Focamos em entrega r\u00e1pida, stock verificado e fornecimento est\u00e1vel a longo prazo\u2014fatores-chave para neg\u00f3cios que vendem produtos de alto volume como o <strong data-start=\"489\" data-end=\"515\">Elf Bar Moon Night 40K<\/strong>. Cada lote \u00e9 adquirido diretamente de canais certificados, garantindo produtos aut\u00eanticos, forte consist\u00eancia de sabor e qualidade confi\u00e1vel que atendem \u00e0s expectativas dos compradores da UE.<\/p>\n<p data-start=\"559\" data-end=\"933\" data-is-last-node=\"\" data-is-only-node=\"\">Tamb\u00e9m temos alguns outros vapes descart\u00e1veis populares com ecr\u00e3, como <a href=\"https:\/\/vapestornado.com\/pt\/product\/uzy-150k-puffs-6-in-1-flavor-switch-disposable-vape-pen-wholesale\/\">Vape de troca de sabor UZY 150K Puff<\/a>, <a href=\"https:\/\/vapestornado.com\/pt\/product\/vozol-rave-40k-40000-puffs-disposable-vape-smart-screen-5-nicotine\/\">VOZOL RAVE 40K Vape Descart\u00e1vel<\/a>, <a href=\"https:\/\/vapestornado.com\/pt\/product\/waspe-150k-150000-puff-6-in-1-disposable-vape-pen-cartridge-best-wholesale-price-in-poland\/\">WASPE 150K Puffs 6 em 1<\/a>, e mais.<\/p>\n<p data-start=\"559\" data-end=\"933\" data-is-last-node=\"\" data-is-only-node=\"\">\n<\/div>\n<h2>PERGUNTAS FREQUENTES sobre HIFANCY SPACE 50000 Baforadas<\/h2>\n<div class=\"relative p-1 rounded-sm flex items-center justify-center bg-token-main-surface-primary text-token-text-primary h-8 w-8\">\n<p data-start=\"2756\" data-end=\"2893\"><strong data-start=\"2756\" data-end=\"2804\">1. Pode levar vapes descart\u00e1veis num avi\u00e3o?<\/strong><br data-start=\"2804\" data-end=\"2807\" \/>Sim, mas devem ir na bagagem de m\u00e3o, n\u00e3o na bagagem despachada, e as regras variam consoante a companhia a\u00e9rea.<\/p>\n<p data-start=\"2895\" data-end=\"3074\"><strong data-start=\"2895\" data-end=\"2931\">2. Como funcionam os vapes descart\u00e1veis?<\/strong><br data-start=\"2931\" data-end=\"2934\" \/>Um vape descart\u00e1vel usa um tanque pr\u00e9-preenchido, uma bateria e um sistema de malha de bobina para aquecer o l\u00edquido e criar vapor sem necessidade de manuten\u00e7\u00e3o.<\/p>\n<p data-start=\"3076\" data-end=\"3224\"><strong data-start=\"3076\" data-end=\"3139\">3. Como usar um vape descart\u00e1vel como o HIFANCY SPACE 50k?<\/strong><br data-start=\"3139\" data-end=\"3142\" \/>Basta remover a embalagem e inalar; o chipset inteligente ativa-se automaticamente.<\/p>\n<p data-start=\"3226\" data-end=\"3398\"><strong data-start=\"3226\" data-end=\"3272\">4. Onde comprar vapes descart\u00e1veis em Portugal?<\/strong><br data-start=\"3272\" data-end=\"3275\" \/>A maioria dos compradores adquire em lojas de vaping licenciadas ou fornecedores por atacado que oferecem <strong data-start=\"3346\" data-end=\"3376\">Envio r\u00e1pido do Armaz\u00e9m da UE<\/strong> para entrega mais r\u00e1pida.<\/p>\n<p data-start=\"3400\" data-end=\"3578\"><strong data-start=\"3400\" data-end=\"3476\">5. Vapes descart\u00e1veis de alta capacidade como o HIFANCY SPACE 50000 valem a pena?<\/strong><br data-start=\"3476\" data-end=\"3479\" \/>Para utilizadores que desejam um longo tempo de uso e uma sa\u00edda de sabor est\u00e1vel, um dispositivo de 50k oferece excelente rela\u00e7\u00e3o qualidade-pre\u00e7o.<\/p>\n<\/div>\n<\/div>\n<\/div>\n<\/div>","protected":false},"excerpt":{"rendered":"<article class=\"text-token-text-primary w-full focus:outline-none [--shadow-height:45px] has-data-writing-block:pointer-events-none has-data-writing-block:-mt-(--shadow-height) has-data-writing-block:pt-(--shadow-height) [&amp;:has([data-writing-block])&gt;*]:pointer-events-auto [content-visibility:auto] supports-[content-visibility:auto]:[contain-intrinsic-size:auto_100lvh] scroll-mt-[calc(var(--header-height)+min(200px,max(70px,20svh)))]\" dir=\"auto\" tabindex=\"-1\" data-turn-id=\"86ca9d92-7a10-4e6b-bda0-15f9df36adca\" data-testid=\"conversation-turn-120\" data-scroll-anchor=\"true\" data-turn=\"assistant\">\n<div class=\"text-base my-auto mx-auto pb-10 [--thread-content-margin:--spacing(4)] thread-sm:[--thread-content-margin:--spacing(6)] thread-lg:[--thread-content-margin:--spacing(16)] px-(--thread-content-margin)\">\n<div class=\"[--thread-content-max-width:40rem] thread-lg:[--thread-content-max-width:48rem] mx-auto max-w-(--thread-content-max-width) flex-1 group\/turn-messages focus-visible:outline-hidden relative flex w-full min-w-0 flex-col agent-turn\" tabindex=\"-1\">\n<div class=\"flex max-w-full flex-col grow\">\n<div class=\"min-h-8 text-message relative flex w-full flex-col items-end gap-2 text-start break-words whitespace-normal [.text-message+&amp;]:mt-1\" dir=\"auto\" data-message-author-role=\"assistant\" data-message-id=\"43b070d6-bf28-4fbe-8049-1032a61ea3ac\" data-message-model-slug=\"gpt-5\">\n<div class=\"flex w-full flex-col gap-1 empty:hidden first:pt-[1px]\">\n<div class=\"markdown prose dark:prose-invert w-full break-words light markdown-new-styling\">\n<article class=\"text-token-text-primary w-full focus:outline-none [--shadow-height:45px] has-data-writing-block:pointer-events-none has-data-writing-block:-mt-(--shadow-height) has-data-writing-block:pt-(--shadow-height) [&amp;:has([data-writing-block])&gt;*]:pointer-events-auto [content-visibility:auto] supports-[content-visibility:auto]:[contain-intrinsic-size:auto_100lvh] scroll-mt-[calc(var(--header-height)+min(200px,max(70px,20svh)))]\" dir=\"auto\" tabindex=\"-1\" data-turn-id=\"4d6f00b8-d41a-438b-8912-05a895842882\" data-testid=\"conversation-turn-130\" data-scroll-anchor=\"true\" data-turn=\"assistant\">\n<div class=\"text-base my-auto mx-auto pb-10 [--thread-content-margin:--spacing(4)] thread-sm:[--thread-content-margin:--spacing(6)] thread-lg:[--thread-content-margin:--spacing(16)] px-(--thread-content-margin)\">\n<div class=\"[--thread-content-max-width:40rem] thread-lg:[--thread-content-max-width:48rem] mx-auto max-w-(--thread-content-max-width) flex-1 group\/turn-messages focus-visible:outline-hidden relative flex w-full min-w-0 flex-col agent-turn\" tabindex=\"-1\">\n<div class=\"flex max-w-full flex-col grow\">\n<div class=\"min-h-8 text-message relative flex w-full flex-col items-end gap-2 text-start break-words whitespace-normal [.text-message+&amp;]:mt-1\" dir=\"auto\" data-message-author-role=\"assistant\" data-message-id=\"f3c520bf-c043-4392-87ea-b3bf1b3ae6d3\" data-message-model-slug=\"gpt-5-1\">\n<div class=\"flex w-full flex-col gap-1 empty:hidden first:pt-[1px]\">\n<div class=\"markdown prose dark:prose-invert w-full break-words light markdown-new-styling\">\n<p data-start=\"280\" data-end=\"360\"><strong data-start=\"280\" data-end=\"358\">HIFANCY SPACE 50000 Screen Vape \u2013 Kit Descart\u00e1vel de 50k com Envio R\u00e1pido para a UE<\/strong><\/p>\n<p data-start=\"364\" data-end=\"456\"><strong data-start=\"364\" data-end=\"454\">Kit de Vape Descart\u00e1vel HIFANCY SPACE 50k para Compradores por Atacado \u2013 Sabor Intenso, Pre\u00e7o Baixo<\/strong><\/p>\n<p data-start=\"460\" data-end=\"550\"><strong data-start=\"460\" data-end=\"550\">Compra em Grande Quantidade HIFANCY SPACE 50000 Puffs \u2013 Armaz\u00e9m na UE com Entrega R\u00e1pida, Atacado Barato<\/strong><\/p>\n<\/div>\n<\/div>\n<\/div>\n<\/div>\n<\/div>\n<\/div>\n<\/article>\n<div class=\"pointer-events-none h-px w-px\" aria-hidden=\"true\" data-edge=\"true\"><\/div>\n<\/div>\n<\/div>\n<\/div>\n<\/div>\n<\/div>\n<\/div>\n<\/article>\n<p><img fetchpriority=\"high\" decoding=\"async\" class=\"size-full wp-image-2932\" src=\"https:\/\/vapestornado.com\/wp-content\/uploads\/2024\/12\/Vape-Wholesale.jpg\" alt=\"Vape Atacado\" width=\"229\" height=\"300\" \/><\/p>\n<h3><a href=\"https:\/\/wa.me\/8617776015835\"><span style=\"color: #ff0000;\"><strong>WhatsApp: +86 17776015835<\/strong><\/span><\/a><\/h3>\n<p>&nbsp;<\/p>","protected":false},"featured_media":4584,"comment_status":"open","ping_status":"closed","template":"","meta":{"_acf_changed":false,"_uag_custom_page_level_css":"","_lmt_disableupdate":"no","_lmt_disable":"","_monsterinsights_skip_tracking":false,"_monsterinsights_sitenote_active":false,"_monsterinsights_sitenote_note":"","_monsterinsights_sitenote_category":0,"site-sidebar-layout":"default","site-content-layout":"","ast-site-content-layout":"default","site-content-style":"default","site-sidebar-style":"default","ast-global-header-display":"","ast-banner-title-visibility":"","ast-main-header-display":"","ast-hfb-above-header-display":"","ast-hfb-below-header-display":"","ast-hfb-mobile-header-display":"","site-post-title":"","ast-breadcrumbs-content":"","ast-featured-img":"","footer-sml-layout":"","ast-disable-related-posts":"","theme-transparent-header-meta":"default","adv-header-id-meta":"","stick-header-meta":"","header-above-stick-meta":"","header-main-stick-meta":"","header-below-stick-meta":"","astra-migrate-meta-layouts":"set","ast-page-background-enabled":"default","ast-page-background-meta":{"desktop":{"background-color":"","background-image":"","background-repeat":"repeat","background-position":"center center","background-size":"auto","background-attachment":"scroll","background-type":"","background-media":"","overlay-type":"","overlay-color":"","overlay-opacity":"","overlay-gradient":""},"tablet":{"background-color":"","background-image":"","background-repeat":"repeat","background-position":"center center","background-size":"auto","background-attachment":"scroll","background-type":"","background-media":"","overlay-type":"","overlay-color":"","overlay-opacity":"","overlay-gradient":""},"mobile":{"background-color":"","background-image":"","background-repeat":"repeat","background-position":"center center","background-size":"auto","background-attachment":"scroll","background-type":"","background-media":"","overlay-type":"","overlay-color":"","overlay-opacity":"","overlay-gradient":""}},"ast-content-background-meta":{"desktop":{"background-color":"var(--ast-global-color-5)","background-image":"","background-repeat":"repeat","background-position":"center center","background-size":"auto","background-attachment":"scroll","background-type":"","background-media":"","overlay-type":"","overlay-color":"","overlay-opacity":"","overlay-gradient":""},"tablet":{"background-color":"var(--ast-global-color-5)","background-image":"","background-repeat":"repeat","background-position":"center center","background-size":"auto","background-attachment":"scroll","background-type":"","background-media":"","overlay-type":"","overlay-color":"","overlay-opacity":"","overlay-gradient":""},"mobile":{"background-color":"var(--ast-global-color-5)","background-image":"","background-repeat":"repeat","background-position":"center center","background-size":"auto","background-attachment":"scroll","background-type":"","background-media":"","overlay-type":"","overlay-color":"","overlay-opacity":"","overlay-gradient":""}},"_joinchat":{"telephone":"17776015835"}},"product_brand":[],"product_cat":[192,149,150,151,157,146],"product_tag":[105,446,447,448,436,268,445],"class_list":{"0":"post-4588","1":"product","2":"type-product","3":"status-publish","4":"has-post-thumbnail","6":"product_cat-50000-puff","7":"product_cat-buy-disposable-vapes-in-austria","8":"product_cat-buy-disposable-vapes-in-belgium","9":"product_cat-buy-disposable-vapes-in-france","10":"product_cat-buy-disposable-vapes-in-portugal","11":"product_cat-rechargeable-disposable-vapes","12":"product_tag-digital-disposable-vape","13":"product_tag-disposable-vape-kit","14":"product_tag-hifancy-space-50000","15":"product_tag-hifancy-space-50k","16":"product_tag-shop-vape-online","17":"product_tag-touch-screen-vape","18":"product_tag-vape-eu-warehouse-fast-shipping","19":"desktop-align-left","20":"tablet-align-left","21":"mobile-align-left","23":"first","24":"instock","25":"sale","26":"shipping-taxable","27":"purchasable","28":"product-type-simple"},"acf":[],"uagb_featured_image_src":{"full":["https:\/\/vapestornado.com\/wp-content\/uploads\/2025\/11\/HIFANCY-50000-50k-Puff-Disposable-Vape-Wholesale.webp",800,800,false],"thumbnail":["https:\/\/vapestornado.com\/wp-content\/uploads\/2025\/11\/HIFANCY-50000-50k-Puff-Disposable-Vape-Wholesale-150x150.webp",150,150,true],"medium":["https:\/\/vapestornado.com\/wp-content\/uploads\/2025\/11\/HIFANCY-50000-50k-Puff-Disposable-Vape-Wholesale-300x300.webp",300,300,true],"medium_large":["https:\/\/vapestornado.com\/wp-content\/uploads\/2025\/11\/HIFANCY-50000-50k-Puff-Disposable-Vape-Wholesale-768x768.webp",768,768,true],"large":["https:\/\/vapestornado.com\/wp-content\/uploads\/2025\/11\/HIFANCY-50000-50k-Puff-Disposable-Vape-Wholesale.webp",800,800,false],"1536x1536":["https:\/\/vapestornado.com\/wp-content\/uploads\/2025\/11\/HIFANCY-50000-50k-Puff-Disposable-Vape-Wholesale.webp",800,800,false],"2048x2048":["https:\/\/vapestornado.com\/wp-content\/uploads\/2025\/11\/HIFANCY-50000-50k-Puff-Disposable-Vape-Wholesale.webp",800,800,false],"trp-custom-language-flag":["https:\/\/vapestornado.com\/wp-content\/uploads\/2025\/11\/HIFANCY-50000-50k-Puff-Disposable-Vape-Wholesale-12x12.webp",12,12,true],"woocommerce_thumbnail":["https:\/\/vapestornado.com\/wp-content\/uploads\/2025\/11\/HIFANCY-50000-50k-Puff-Disposable-Vape-Wholesale-300x300.webp",300,300,true],"woocommerce_single":["https:\/\/vapestornado.com\/wp-content\/uploads\/2025\/11\/HIFANCY-50000-50k-Puff-Disposable-Vape-Wholesale-600x600.webp",600,600,true],"woocommerce_gallery_thumbnail":["https:\/\/vapestornado.com\/wp-content\/uploads\/2025\/11\/HIFANCY-50000-50k-Puff-Disposable-Vape-Wholesale-100x100.webp",100,100,true]},"uagb_author_info":{"display_name":"ESAMY","author_link":"https:\/\/vapestornado.com\/pt\/author\/"},"uagb_comment_info":0,"uagb_excerpt":"HIFANCY SPACE 50000 Screen Vape \u2013 50k Disposable Kit with EU Fast Shipping HIFANCY SPACE 50k Disposable Vape Kit for Wholesale Buyers \u2013 Strong Flavour, Low Price Bulk Buy HIFANCY SPACE 50000 Puffs \u2013 EU Warehouse Fast Delivery, Cheap Wholesale WhatsApp: +86 17776015835 &nbsp;","_links":{"self":[{"href":"https:\/\/vapestornado.com\/pt\/wp-json\/wp\/v2\/product\/4588","targetHints":{"allow":["GET"]}}],"collection":[{"href":"https:\/\/vapestornado.com\/pt\/wp-json\/wp\/v2\/product"}],"about":[{"href":"https:\/\/vapestornado.com\/pt\/wp-json\/wp\/v2\/types\/product"}],"replies":[{"embeddable":true,"href":"https:\/\/vapestornado.com\/pt\/wp-json\/wp\/v2\/comments?post=4588"}],"wp:featuredmedia":[{"embeddable":true,"href":"https:\/\/vapestornado.com\/pt\/wp-json\/wp\/v2\/media\/4584"}],"wp:attachment":[{"href":"https:\/\/vapestornado.com\/pt\/wp-json\/wp\/v2\/media?parent=4588"}],"wp:term":[{"taxonomy":"product_brand","embeddable":true,"href":"https:\/\/vapestornado.com\/pt\/wp-json\/wp\/v2\/product_brand?post=4588"},{"taxonomy":"product_cat","embeddable":true,"href":"https:\/\/vapestornado.com\/pt\/wp-json\/wp\/v2\/product_cat?post=4588"},{"taxonomy":"product_tag","embeddable":true,"href":"https:\/\/vapestornado.com\/pt\/wp-json\/wp\/v2\/product_tag?post=4588"}],"curies":[{"name":"wp","href":"https:\/\/api.w.org\/{rel}","templated":true}]}}