{"id":4559,"date":"2025-11-18T06:36:49","date_gmt":"2025-11-18T06:36:49","guid":{"rendered":"https:\/\/vapestornado.com\/?post_type=product&#038;p=4559"},"modified":"2025-11-17T09:46:46","modified_gmt":"2025-11-17T09:46:46","slug":"elf-bar-moon-night-40000-puffs-disposable-vape-germany-wholesale","status":"publish","type":"product","link":"https:\/\/vapestornado.com\/pt\/product\/elf-bar-moon-night-40000-puffs-disposable-vape-germany-wholesale\/","title":{"rendered":"Elf Bar Moon Night 40000 Puffs Vape Descart\u00e1vel Portugal Atacado"},"content":{"rendered":"<h2 data-pm-slice=\"1 1 []\">Elf Bar Moon Night 40000 Puffs \u2013 Vape Descart\u00e1vel de Alta Demanda no Atacado em Portugal<\/h2>\n<p data-start=\"88\" data-end=\"570\">O <strong data-start=\"92\" data-end=\"120\">Elf Bar Moon Night 40000<\/strong> \u00e9 projetado para compradores da UE que procuram durabilidade, sabor intenso, clareza e uma inspira\u00e7\u00e3o limpa durante todo o dia. Com uma quantidade massiva <strong data-start=\"234\" data-end=\"249\">40000 baforadas<\/strong>, este <strong data-start=\"256\" data-end=\"282\">Elf Bar Moon Night 40k<\/strong> atende perfeitamente ao segmento de consumidores e \u00e9 agora uma op\u00e7\u00e3o de alto desempenho para <strong data-start=\"374\" data-end=\"400\">Vape Portugal Atacado<\/strong> distribuidores. Seu corpo compacto, sistema de bateria confi\u00e1vel e sa\u00edda de vapor suave fazem dele uma escolha ideal para retalhistas que procuram produtos descart\u00e1veis est\u00e1veis e de alta rotatividade.<\/p>\n<p data-start=\"572\" data-end=\"1277\">Isto <strong data-start=\"577\" data-end=\"608\">Vape Descart\u00e1vel 40000 Puffs<\/strong> associa-se a uma quantidade generosa <em data-start=\"626\" data-end=\"650\">capacidade de 20ml de e-l\u00edquido<\/em> com uma sensa\u00e7\u00e3o de garganta de nicotina salgada consistente, oferecendo desempenho compar\u00e1vel a kits recarreg\u00e1veis premium \u2014 mas sem manuten\u00e7\u00e3o. O dispositivo vem pr\u00e9-carregado e foi constru\u00eddo com equil\u00edbrio ergon\u00f4mico, tornando-o confort\u00e1vel para sess\u00f5es longas, seja em casa, no trabalho ou em movimento. O <strong data-start=\"921\" data-end=\"935\">Elfbar 40k<\/strong> tamb\u00e9m mant\u00e9m a uniformidade do sabor do in\u00edcio ao fim, garantindo que os utilizadores da UE desfrutem de um sabor limpo e intenso, sem notas queimadas. Para grossistas em Portugal, Fran\u00e7a, Pa\u00edses Baixos, B\u00e9lgica e mercados adjacentes da UE, o <strong data-start=\"1146\" data-end=\"1174\">Elf Bar Moon Night 40k<\/strong>\u00a0oferece forte potencial de vendas gra\u00e7as \u00e0 sua constru\u00e7\u00e3o simples e \u00e0 linha de sabores atraente.<\/p>\n<p data-start=\"666\" data-end=\"1235\"><strong style=\"font-size: 16px;\"><span style=\"color: #ff0000;\">Adicione o WhatsApp da Amy para obter uma resposta imediata e um pre\u00e7o com desconto!<\/span><\/strong><\/p>\n<p><img fetchpriority=\"high\" decoding=\"async\" class=\"size-full wp-image-2932\" src=\"https:\/\/vapestornado.com\/wp-content\/uploads\/2024\/12\/Vape-Wholesale.jpg\" alt=\"Vape Atacado\" width=\"229\" height=\"300\" \/><\/p>\n<h3><a href=\"https:\/\/wa.me\/8617776015835\" target=\"_blank\" rel=\"noopener\"><span style=\"color: #ff0000;\"><strong>WhatsApp: +86 17776015835<\/strong><\/span><\/a><\/h3>\n<p>&nbsp;<\/p>\n<h2><strong>O que faz o Vape Descart\u00e1vel Elf Bar Moon Night 40000 destacar-se?<\/strong><\/h2>\n<ul>\n<li data-start=\"1335\" data-end=\"1367\">\n<p data-start=\"1337\" data-end=\"1367\"><strong data-start=\"1337\" data-end=\"1352\">Contagem de Puffs:<\/strong> 40.000 puffs<\/p>\n<\/li>\n<li data-start=\"1368\" data-end=\"1400\">\n<p data-start=\"1370\" data-end=\"1400\"><strong data-start=\"1370\" data-end=\"1392\">Capacidade de E-L\u00edquido:<\/strong> ~20ml<\/p>\n<\/li>\n<li data-start=\"1401\" data-end=\"1430\">\n<p data-start=\"1403\" data-end=\"1430\"><strong data-start=\"1403\" data-end=\"1425\">Teor de Nicotina:<\/strong> 5%<\/p>\n<\/li>\n<li data-start=\"1431\" data-end=\"1469\">\n<p data-start=\"1433\" data-end=\"1469\"><strong data-start=\"1433\" data-end=\"1445\">Bateria:<\/strong> Pr\u00e9-carregado, de longa dura\u00e7\u00e3o<\/p>\n<\/li>\n<li data-start=\"1470\" data-end=\"1516\">\n<p data-start=\"1472\" data-end=\"1516\"><strong data-start=\"1472\" data-end=\"1483\">Design:<\/strong> Empunhadura compacta, corpo leve<\/p>\n<\/li>\n<li data-start=\"1517\" data-end=\"1561\">\n<p data-start=\"1519\" data-end=\"1561\"><strong data-start=\"1519\" data-end=\"1534\">Ativa\u00e7\u00e3o:<\/strong> Ativado ao puxar, sem configura\u00e7\u00e3o<\/p>\n<\/li>\n<li data-start=\"1562\" data-end=\"1623\">\n<p data-start=\"1564\" data-end=\"1623\"><strong data-start=\"1564\" data-end=\"1580\">Desempenho:<\/strong> Emiss\u00e3o de vapor est\u00e1vel, golpe na garganta equilibrado<\/p>\n<\/li>\n<\/ul>\n<figure id=\"attachment_4558\" aria-describedby=\"caption-attachment-4558\" style=\"width: 300px\" class=\"wp-caption alignnone\"><img decoding=\"async\" class=\"size-medium wp-image-4558\" src=\"https:\/\/vapestornado.com\/wp-content\/uploads\/2025\/11\/ELFBAR-Moon-Night-40k-Puffs-Disposable-Vape-Box-300x300.webp\" alt=\"Caixa de Vape Descart\u00e1vel ELF BAR Moon Night 40k Puffs\" width=\"300\" height=\"300\" srcset=\"https:\/\/vapestornado.com\/wp-content\/uploads\/2025\/11\/ELFBAR-Moon-Night-40k-Puffs-Disposable-Vape-Box-300x300.webp 300w, https:\/\/vapestornado.com\/wp-content\/uploads\/2025\/11\/ELFBAR-Moon-Night-40k-Puffs-Disposable-Vape-Box-150x150.webp 150w, https:\/\/vapestornado.com\/wp-content\/uploads\/2025\/11\/ELFBAR-Moon-Night-40k-Puffs-Disposable-Vape-Box-768x768.webp 768w, https:\/\/vapestornado.com\/wp-content\/uploads\/2025\/11\/ELFBAR-Moon-Night-40k-Puffs-Disposable-Vape-Box-12x12.webp 12w, https:\/\/vapestornado.com\/wp-content\/uploads\/2025\/11\/ELFBAR-Moon-Night-40k-Puffs-Disposable-Vape-Box-600x600.webp 600w, https:\/\/vapestornado.com\/wp-content\/uploads\/2025\/11\/ELFBAR-Moon-Night-40k-Puffs-Disposable-Vape-Box-100x100.webp 100w, https:\/\/vapestornado.com\/wp-content\/uploads\/2025\/11\/ELFBAR-Moon-Night-40k-Puffs-Disposable-Vape-Box.webp 800w\" sizes=\"(max-width: 300px) 100vw, 300px\" \/><figcaption id=\"caption-attachment-4558\" class=\"wp-caption-text\">Caixa de Vape Descart\u00e1vel ELF BAR Moon Night 40k Puffs<\/figcaption><\/figure>\n<h2 class=\"product-title\"><strong>Lista de Sabores dos Vaporizadores Descart\u00e1veis Elf Bar Moon Night 40000 Puffs<\/strong><\/h2>\n<ol data-start=\"1663\" data-end=\"1879\">\n<li data-start=\"1663\" data-end=\"1682\">\n<p data-start=\"1666\" data-end=\"1682\">Gelo de Melancia<\/p>\n<\/li>\n<li data-start=\"1683\" data-end=\"1698\">\n<p data-start=\"1686\" data-end=\"1698\">Menta Miami<\/p>\n<\/li>\n<li data-start=\"1699\" data-end=\"1715\">\n<p data-start=\"1702\" data-end=\"1715\">Grape Slush<\/p>\n<\/li>\n<li data-start=\"1716\" data-end=\"1741\">\n<p data-start=\"1719\" data-end=\"1741\">Manga Azeda com Abacaxi<\/p>\n<\/li>\n<li data-start=\"1742\" data-end=\"1768\">\n<p data-start=\"1745\" data-end=\"1768\">Raspberry Peach Lemon<\/p>\n<\/li>\n<li data-start=\"1769\" data-end=\"1783\">\n<p data-start=\"1772\" data-end=\"1783\">Compota de P\u00eassego<\/p>\n<\/li>\n<li data-start=\"1784\" data-end=\"1813\">\n<p data-start=\"1787\" data-end=\"1813\">\u00c1gua de Cereja Congelada com Melancia<\/p>\n<\/li>\n<li data-start=\"1814\" data-end=\"1831\">\n<p data-start=\"1817\" data-end=\"1831\">Dupla Ma\u00e7\u00e3<\/p>\n<\/li>\n<li data-start=\"1832\" data-end=\"1851\">\n<p data-start=\"1835\" data-end=\"1851\">Razz de Mirtilo<\/p>\n<\/li>\n<li data-start=\"1852\" data-end=\"1879\">\n<p data-start=\"1856\" data-end=\"1879\">Morango Melancia<\/p>\n<\/li>\n<\/ol>\n<p>&nbsp;<\/p>\n<h2>Por que escolher a Vapestornado para compra em massa do Elf Bar Moon Night 40000 Puffs?<\/h2>\n<div class=\"flex-shrink-0 flex flex-col relative items-end\">\n<div class=\"pt-0\">\n<div class=\"gizmo-bot-avatar flex h-8 w-8 items-center justify-center overflow-hidden rounded-full\">\n<div class=\"relative p-1 rounded-sm flex items-center justify-center bg-token-main-surface-primary text-token-text-primary h-8 w-8\">\n<p data-start=\"648\" data-end=\"799\">Escolher <strong data-start=\"189\" data-end=\"205\">Vapestornado<\/strong> como seu fornecedor de <strong data-start=\"227\" data-end=\"261\">Elf Bar Moon Night 40000 Puffs<\/strong> significa garantir um parceiro que compreende as necessidades de grossistas e retalhistas baseados na UE. Focamos em entrega r\u00e1pida, stock verificado e fornecimento est\u00e1vel a longo prazo\u2014fatores-chave para neg\u00f3cios que vendem produtos de alto volume como o <strong data-start=\"489\" data-end=\"515\">Elf Bar Moon Night 40K<\/strong>. Cada lote \u00e9 adquirido diretamente de canais certificados, garantindo produtos aut\u00eanticos, forte consist\u00eancia de sabor e qualidade confi\u00e1vel que atendem \u00e0s expectativas dos compradores da UE.<\/p>\n<p data-start=\"559\" data-end=\"933\" data-is-last-node=\"\" data-is-only-node=\"\">Tamb\u00e9m temos alguns outros vapes descart\u00e1veis populares com ecr\u00e3, como <a href=\"https:\/\/vapestornado.com\/pt\/product\/uzy-150k-puffs-6-in-1-flavor-switch-disposable-vape-pen-wholesale\/\">Vape de troca de sabor UZY 150K Puff<\/a>, <a href=\"https:\/\/vapestornado.com\/pt\/product\/vozol-rave-40k-40000-puffs-disposable-vape-smart-screen-5-nicotine\/\">VOZOL RAVE 40K Vape Descart\u00e1vel<\/a>, <a href=\"https:\/\/vapestornado.com\/pt\/product\/waspe-150k-150000-puff-6-in-1-disposable-vape-pen-cartridge-best-wholesale-price-in-poland\/\">WASPE 150K Puffs 6 em 1<\/a>, e mais.<\/p>\n<\/div>\n<div class=\"relative p-1 rounded-sm flex items-center justify-center bg-token-main-surface-primary text-token-text-primary h-8 w-8\">\n<h2>Perguntas Frequentes Sobre o Elf Bar Moon Night 40000<\/h2>\n<p data-start=\"1928\" data-end=\"2074\"><strong data-start=\"1928\" data-end=\"1986\">1. O Elf Bar Moon Night 40000 necessita de carregamento?<\/strong><br data-start=\"1986\" data-end=\"1989\" \/>N\u00e3o. Vem pr\u00e9-carregado e dura toda a sua capacidade de tragos sem carregamento adicional.<\/p>\n<p data-start=\"2076\" data-end=\"2257\"><strong data-start=\"2076\" data-end=\"2134\">2. A capacidade de 20ml de e-l\u00edquido \u00e9 suficiente para 40K tragos?<\/strong><br data-start=\"2134\" data-end=\"2137\" \/>Sim. A bobina otimizada garante vaporiza\u00e7\u00e3o lenta e eficiente para corresponder \u00e0 vida \u00fatil completa de <strong data-start=\"2228\" data-end=\"2256\">Elf Bar Moon Night 40000<\/strong>.<\/p>\n<p data-start=\"2259\" data-end=\"2429\"><strong data-start=\"2259\" data-end=\"2320\">3. Este produto \u00e9 adequado para encomendas por atacado em Portugal?<\/strong><br data-start=\"2320\" data-end=\"2323\" \/>Com certeza. Est\u00e1 bem alinhado com <strong data-start=\"2355\" data-end=\"2381\">Vape Portugal Atacado<\/strong> a procura devido \u00e0 sua longa dura\u00e7\u00e3o e qualidade est\u00e1vel.<\/p>\n<p data-start=\"2431\" data-end=\"2555\"><strong data-start=\"2431\" data-end=\"2484\">4. Como se mant\u00e9m o desempenho do sabor ao longo do tempo?<\/strong><br data-start=\"2484\" data-end=\"2487\" \/>Os sabores permanecem consistentes, sem sabor a queimado, mesmo para utilizadores intensivos.<\/p>\n<p data-start=\"2557\" data-end=\"2724\"><strong data-start=\"2557\" data-end=\"2612\">5. O Elf Bar Moon Night 40k \u00e9 adequado para principiantes?<\/strong><br data-start=\"2612\" data-end=\"2615\" \/>Sim. \u00c9 um <strong data-start=\"2635\" data-end=\"2666\">Vape Descart\u00e1vel 40000 Puffs<\/strong> com ativa\u00e7\u00e3o de inala\u00e7\u00e3o \u2014 ideal para novos utilizadores e experientes.<\/p>\n<\/div>\n<\/div>\n<\/div>\n<\/div>","protected":false},"excerpt":{"rendered":"<article class=\"text-token-text-primary w-full focus:outline-none [--shadow-height:45px] has-data-writing-block:pointer-events-none has-data-writing-block:-mt-(--shadow-height) has-data-writing-block:pt-(--shadow-height) [&amp;:has([data-writing-block])&gt;*]:pointer-events-auto [content-visibility:auto] supports-[content-visibility:auto]:[contain-intrinsic-size:auto_100lvh] scroll-mt-[calc(var(--header-height)+min(200px,max(70px,20svh)))]\" dir=\"auto\" tabindex=\"-1\" data-turn-id=\"86ca9d92-7a10-4e6b-bda0-15f9df36adca\" data-testid=\"conversation-turn-120\" data-scroll-anchor=\"true\" data-turn=\"assistant\">\n<div class=\"text-base my-auto mx-auto pb-10 [--thread-content-margin:--spacing(4)] thread-sm:[--thread-content-margin:--spacing(6)] thread-lg:[--thread-content-margin:--spacing(16)] px-(--thread-content-margin)\">\n<div class=\"[--thread-content-max-width:40rem] thread-lg:[--thread-content-max-width:48rem] mx-auto max-w-(--thread-content-max-width) flex-1 group\/turn-messages focus-visible:outline-hidden relative flex w-full min-w-0 flex-col agent-turn\" tabindex=\"-1\">\n<div class=\"flex max-w-full flex-col grow\">\n<div class=\"min-h-8 text-message relative flex w-full flex-col items-end gap-2 text-start break-words whitespace-normal [.text-message+&amp;]:mt-1\" dir=\"auto\" data-message-author-role=\"assistant\" data-message-id=\"43b070d6-bf28-4fbe-8049-1032a61ea3ac\" data-message-model-slug=\"gpt-5\">\n<div class=\"flex w-full flex-col gap-1 empty:hidden first:pt-[1px]\">\n<div class=\"markdown prose dark:prose-invert w-full break-words light markdown-new-styling\">\n<article class=\"text-token-text-primary w-full focus:outline-none [--shadow-height:45px] has-data-writing-block:pointer-events-none has-data-writing-block:-mt-(--shadow-height) has-data-writing-block:pt-(--shadow-height) [&amp;:has([data-writing-block])&gt;*]:pointer-events-auto [content-visibility:auto] supports-[content-visibility:auto]:[contain-intrinsic-size:auto_100lvh] scroll-mt-[calc(var(--header-height)+min(200px,max(70px,20svh)))]\" dir=\"auto\" tabindex=\"-1\" data-turn-id=\"4d6f00b8-d41a-438b-8912-05a895842882\" data-testid=\"conversation-turn-130\" data-scroll-anchor=\"true\" data-turn=\"assistant\">\n<div class=\"text-base my-auto mx-auto pb-10 [--thread-content-margin:--spacing(4)] thread-sm:[--thread-content-margin:--spacing(6)] thread-lg:[--thread-content-margin:--spacing(16)] px-(--thread-content-margin)\">\n<div class=\"[--thread-content-max-width:40rem] thread-lg:[--thread-content-max-width:48rem] mx-auto max-w-(--thread-content-max-width) flex-1 group\/turn-messages focus-visible:outline-hidden relative flex w-full min-w-0 flex-col agent-turn\" tabindex=\"-1\">\n<div class=\"flex max-w-full flex-col grow\">\n<div class=\"min-h-8 text-message relative flex w-full flex-col items-end gap-2 text-start break-words whitespace-normal [.text-message+&amp;]:mt-1\" dir=\"auto\" data-message-author-role=\"assistant\" data-message-id=\"f3c520bf-c043-4392-87ea-b3bf1b3ae6d3\" data-message-model-slug=\"gpt-5-1\">\n<div class=\"flex w-full flex-col gap-1 empty:hidden first:pt-[1px]\">\n<div class=\"markdown prose dark:prose-invert w-full break-words light markdown-new-styling\">\n<p data-start=\"2992\" data-end=\"3094\"><strong data-start=\"2992\" data-end=\"3092\">Elf Bar Moon Night 40K Portugal Atacado \u2013 Vape Descart\u00e1vel de Alta Qualidade com 40000 Puffs para Retalhistas da UE<\/strong><\/p>\n<p data-start=\"3098\" data-end=\"3187\"><strong data-start=\"3098\" data-end=\"3185\">Compre Elfbar 40k Online \u2013 Sabor Intenso, Capacidade de L\u00edquido de 20ml e Desempenho de Longa Dura\u00e7\u00e3o<\/strong><\/p>\n<p data-start=\"3191\" data-end=\"3285\" data-is-last-node=\"\"><strong data-start=\"3191\" data-end=\"3285\" data-is-last-node=\"\">Dispositivo Elf Bar Moon Night 40000 Puff \u2013 Vape Descart\u00e1vel Mais Vendido com Alto N\u00famero de Puffs para Lojas de Vape da UE<\/strong><\/p>\n<\/div>\n<\/div>\n<\/div>\n<\/div>\n<\/div>\n<\/div>\n<\/article>\n<div class=\"pointer-events-none h-px w-px\" aria-hidden=\"true\" data-edge=\"true\"><\/div>\n<\/div>\n<\/div>\n<\/div>\n<\/div>\n<\/div>\n<\/div>\n<\/article>\n<p><img fetchpriority=\"high\" decoding=\"async\" class=\"size-full wp-image-2932\" src=\"https:\/\/vapestornado.com\/wp-content\/uploads\/2024\/12\/Vape-Wholesale.jpg\" alt=\"Vape Atacado\" width=\"229\" height=\"300\" \/><\/p>\n<h3><a href=\"https:\/\/wa.me\/8617776015835\"><span style=\"color: #ff0000;\"><strong>WhatsApp: +86 17776015835<\/strong><\/span><\/a><\/h3>\n<p>&nbsp;<\/p>","protected":false},"featured_media":4554,"comment_status":"open","ping_status":"closed","template":"","meta":{"_acf_changed":false,"_uag_custom_page_level_css":"","_lmt_disableupdate":"no","_lmt_disable":"","_monsterinsights_skip_tracking":false,"_monsterinsights_sitenote_active":false,"_monsterinsights_sitenote_note":"","_monsterinsights_sitenote_category":0,"site-sidebar-layout":"default","site-content-layout":"","ast-site-content-layout":"default","site-content-style":"default","site-sidebar-style":"default","ast-global-header-display":"","ast-banner-title-visibility":"","ast-main-header-display":"","ast-hfb-above-header-display":"","ast-hfb-below-header-display":"","ast-hfb-mobile-header-display":"","site-post-title":"","ast-breadcrumbs-content":"","ast-featured-img":"","footer-sml-layout":"","ast-disable-related-posts":"","theme-transparent-header-meta":"default","adv-header-id-meta":"","stick-header-meta":"","header-above-stick-meta":"","header-main-stick-meta":"","header-below-stick-meta":"","astra-migrate-meta-layouts":"set","ast-page-background-enabled":"default","ast-page-background-meta":{"desktop":{"background-color":"","background-image":"","background-repeat":"repeat","background-position":"center center","background-size":"auto","background-attachment":"scroll","background-type":"","background-media":"","overlay-type":"","overlay-color":"","overlay-opacity":"","overlay-gradient":""},"tablet":{"background-color":"","background-image":"","background-repeat":"repeat","background-position":"center center","background-size":"auto","background-attachment":"scroll","background-type":"","background-media":"","overlay-type":"","overlay-color":"","overlay-opacity":"","overlay-gradient":""},"mobile":{"background-color":"","background-image":"","background-repeat":"repeat","background-position":"center center","background-size":"auto","background-attachment":"scroll","background-type":"","background-media":"","overlay-type":"","overlay-color":"","overlay-opacity":"","overlay-gradient":""}},"ast-content-background-meta":{"desktop":{"background-color":"var(--ast-global-color-5)","background-image":"","background-repeat":"repeat","background-position":"center center","background-size":"auto","background-attachment":"scroll","background-type":"","background-media":"","overlay-type":"","overlay-color":"","overlay-opacity":"","overlay-gradient":""},"tablet":{"background-color":"var(--ast-global-color-5)","background-image":"","background-repeat":"repeat","background-position":"center center","background-size":"auto","background-attachment":"scroll","background-type":"","background-media":"","overlay-type":"","overlay-color":"","overlay-opacity":"","overlay-gradient":""},"mobile":{"background-color":"var(--ast-global-color-5)","background-image":"","background-repeat":"repeat","background-position":"center center","background-size":"auto","background-attachment":"scroll","background-type":"","background-media":"","overlay-type":"","overlay-color":"","overlay-opacity":"","overlay-gradient":""}},"_joinchat":{"telephone":"17776015835"}},"product_brand":[],"product_cat":[65,149,150,156,143,254,357,146],"product_tag":[105,437,438,436,435,439,301],"class_list":{"0":"post-4559","1":"product","2":"type-product","3":"status-publish","4":"has-post-thumbnail","6":"product_cat-40000-puff","7":"product_cat-buy-disposable-vapes-in-austria","8":"product_cat-buy-disposable-vapes-in-belgium","9":"product_cat-buy-disposable-vapes-in-poland","10":"product_cat-dual-mesh-disposable-vapes","11":"product_cat-elf-bar-vape","12":"product_cat-flavor-adjustable-vape","13":"product_cat-rechargeable-disposable-vapes","14":"product_tag-digital-disposable-vape","15":"product_tag-elf-bar-moon-night-40000","16":"product_tag-elfbar-moon-night-40k","17":"product_tag-shop-vape-online","18":"product_tag-vape-eu-wholesale","19":"product_tag-vape-germany-wholesale","20":"product_tag-vapor-wholesale","21":"desktop-align-left","22":"tablet-align-left","23":"mobile-align-left","25":"first","26":"instock","27":"sale","28":"shipping-taxable","29":"purchasable","30":"product-type-simple"},"acf":[],"uagb_featured_image_src":{"full":["https:\/\/vapestornado.com\/wp-content\/uploads\/2025\/11\/Elf-Bar-Moon-Night-40000-Puffs-Best-Price.webp",800,800,false],"thumbnail":["https:\/\/vapestornado.com\/wp-content\/uploads\/2025\/11\/Elf-Bar-Moon-Night-40000-Puffs-Best-Price-150x150.webp",150,150,true],"medium":["https:\/\/vapestornado.com\/wp-content\/uploads\/2025\/11\/Elf-Bar-Moon-Night-40000-Puffs-Best-Price-300x300.webp",300,300,true],"medium_large":["https:\/\/vapestornado.com\/wp-content\/uploads\/2025\/11\/Elf-Bar-Moon-Night-40000-Puffs-Best-Price-768x768.webp",768,768,true],"large":["https:\/\/vapestornado.com\/wp-content\/uploads\/2025\/11\/Elf-Bar-Moon-Night-40000-Puffs-Best-Price.webp",800,800,false],"1536x1536":["https:\/\/vapestornado.com\/wp-content\/uploads\/2025\/11\/Elf-Bar-Moon-Night-40000-Puffs-Best-Price.webp",800,800,false],"2048x2048":["https:\/\/vapestornado.com\/wp-content\/uploads\/2025\/11\/Elf-Bar-Moon-Night-40000-Puffs-Best-Price.webp",800,800,false],"trp-custom-language-flag":["https:\/\/vapestornado.com\/wp-content\/uploads\/2025\/11\/Elf-Bar-Moon-Night-40000-Puffs-Best-Price-12x12.webp",12,12,true],"woocommerce_thumbnail":["https:\/\/vapestornado.com\/wp-content\/uploads\/2025\/11\/Elf-Bar-Moon-Night-40000-Puffs-Best-Price-300x300.webp",300,300,true],"woocommerce_single":["https:\/\/vapestornado.com\/wp-content\/uploads\/2025\/11\/Elf-Bar-Moon-Night-40000-Puffs-Best-Price-600x600.webp",600,600,true],"woocommerce_gallery_thumbnail":["https:\/\/vapestornado.com\/wp-content\/uploads\/2025\/11\/Elf-Bar-Moon-Night-40000-Puffs-Best-Price-100x100.webp",100,100,true]},"uagb_author_info":{"display_name":"ESAMY","author_link":"https:\/\/vapestornado.com\/pt\/author\/"},"uagb_comment_info":0,"uagb_excerpt":"Elf Bar Moon Night 40K Germany Wholesale \u2013 High-End 40000 Puffs Disposable Vape for EU Retailers Buy Elfbar 40k Online \u2013 Strong Flavor, 20ml Liquid Capacity &amp; Long-Life Performance Elf Bar Moon Night 40000 Puff Device \u2013 Best-Selling High-Puff Disposable for EU Vape Shops WhatsApp: +86 17776015835 &nbsp;","_links":{"self":[{"href":"https:\/\/vapestornado.com\/pt\/wp-json\/wp\/v2\/product\/4559","targetHints":{"allow":["GET"]}}],"collection":[{"href":"https:\/\/vapestornado.com\/pt\/wp-json\/wp\/v2\/product"}],"about":[{"href":"https:\/\/vapestornado.com\/pt\/wp-json\/wp\/v2\/types\/product"}],"replies":[{"embeddable":true,"href":"https:\/\/vapestornado.com\/pt\/wp-json\/wp\/v2\/comments?post=4559"}],"wp:featuredmedia":[{"embeddable":true,"href":"https:\/\/vapestornado.com\/pt\/wp-json\/wp\/v2\/media\/4554"}],"wp:attachment":[{"href":"https:\/\/vapestornado.com\/pt\/wp-json\/wp\/v2\/media?parent=4559"}],"wp:term":[{"taxonomy":"product_brand","embeddable":true,"href":"https:\/\/vapestornado.com\/pt\/wp-json\/wp\/v2\/product_brand?post=4559"},{"taxonomy":"product_cat","embeddable":true,"href":"https:\/\/vapestornado.com\/pt\/wp-json\/wp\/v2\/product_cat?post=4559"},{"taxonomy":"product_tag","embeddable":true,"href":"https:\/\/vapestornado.com\/pt\/wp-json\/wp\/v2\/product_tag?post=4559"}],"curies":[{"name":"wp","href":"https:\/\/api.w.org\/{rel}","templated":true}]}}