{"id":4537,"date":"2025-11-13T08:50:19","date_gmt":"2025-11-13T08:50:19","guid":{"rendered":"https:\/\/vapestornado.com\/?post_type=product&#038;p=4537"},"modified":"2025-11-13T09:14:06","modified_gmt":"2025-11-13T09:14:06","slug":"uzy-bang-digital-15k-puff-monkey-vape-pen-eu-warehouse-fast-shipping","status":"publish","type":"product","link":"https:\/\/vapestornado.com\/pt\/product\/uzy-bang-digital-15k-puff-monkey-vape-pen-eu-warehouse-fast-shipping\/","title":{"rendered":"UZY Bang Digital 15K Puffs 15000 Monkey Vape Pen Armaz\u00e9m da UE Envio R\u00e1pido"},"content":{"rendered":"<h2 data-pm-slice=\"1 1 []\">UZY Bang Digital 15K Puff \u2013 Pot\u00eancia Compacta, Sabor Premium, Entrega R\u00e1pida na UE<\/h2>\n<p data-start=\"90\" data-end=\"703\">O <strong data-start=\"94\" data-end=\"118\">UZY Bang Digital 15K<\/strong> redefine o que um compacto <strong data-start=\"144\" data-end=\"171\">vape digital descart\u00e1vel<\/strong> pode oferecer. Com uma <strong data-start=\"190\" data-end=\"222\">capacidade de 15000 puffs<\/strong> e <strong data-start=\"227\" data-end=\"254\">25ml de e-l\u00edquido pr\u00e9-cheio<\/strong>, este modelo combina um desempenho duradouro com uma produ\u00e7\u00e3o de vapor suave e consistente. Projetado para vapers que exigem tanto resist\u00eancia quanto sabor, o <strong data-start=\"406\" data-end=\"423\">UZY 15K Puffs<\/strong> apresenta um <strong data-start=\"435\" data-end=\"453\">resist\u00eancia de malha de 1.0\u03a9<\/strong> para nuvens densas e sabor puro em cada vaporiza\u00e7\u00e3o. A sua <strong data-start=\"506\" data-end=\"544\">bateria recarreg\u00e1vel Type-C de 850mAh<\/strong> garante energia para todo o dia com recarga r\u00e1pida e eficiente \u2014 tornando-o ideal tanto para utilizadores di\u00e1rios quanto para compradores grossistas que procuram fiabilidade em encomendas em grande quantidade.<\/p>\n<p data-start=\"705\" data-end=\"1168\">Isto <strong data-start=\"710\" data-end=\"735\">vape descart\u00e1vel inteligente<\/strong> destaca-se com um <strong data-start=\"754\" data-end=\"777\">visor LED digital<\/strong> que monitoriza a dura\u00e7\u00e3o da bateria e os n\u00edveis de e-l\u00edquido em tempo real \u2014 uma funcionalidade raramente encontrada em vapes compactos. As <strong data-start=\"883\" data-end=\"930\">op\u00e7\u00f5es de nicotina ajust\u00e1veis (0%, 2%, 3%, 5%)<\/strong> tornam-no perfeito para todas as prefer\u00eancias, desde utilizadores sem nicotina at\u00e9 aqueles que apreciam um impacto mais forte na garganta. Compacto mas potente, este <strong data-start=\"1057\" data-end=\"1080\">UZY Digital 15K Puff<\/strong> cabe facilmente no seu bolso, oferecendo um desempenho compar\u00e1vel ao de dispositivos maiores.<\/p>\n<p data-start=\"1170\" data-end=\"1516\">Com stock dispon\u00edvel no nosso <strong data-start=\"1198\" data-end=\"1214\">armaz\u00e9m da UE<\/strong> e <strong data-start=\"1219\" data-end=\"1296\">envio r\u00e1pido para pa\u00edses como Fran\u00e7a, Alemanha, Espanha, It\u00e1lia e Pol\u00f3nia<\/strong>, o <strong data-start=\"1302\" data-end=\"1331\">UZY Bang Digital 15K Puff<\/strong> \u00e9 a sua escolha principal para vendas grossistas e a retalho de alta margem. \u00c9 um descart\u00e1vel recarreg\u00e1vel ecol\u00f3gico \u2014 reduzindo res\u00edduos enquanto oferece conveni\u00eancia incompar\u00e1vel e sabor de qualidade.<\/p>\n<p data-start=\"666\" data-end=\"1235\"><strong style=\"font-size: 16px;\"><span style=\"color: #ff0000;\">Adicione o WhatsApp da Amy para obter uma resposta imediata e um pre\u00e7o com desconto!<\/span><\/strong><\/p>\n<p><img fetchpriority=\"high\" decoding=\"async\" class=\"size-full wp-image-2932\" src=\"https:\/\/vapestornado.com\/wp-content\/uploads\/2024\/12\/Vape-Wholesale.jpg\" alt=\"Vape Atacado\" width=\"229\" height=\"300\" \/><\/p>\n<h3><a href=\"https:\/\/wa.me\/8617776015835\" target=\"_blank\" rel=\"noopener\"><span style=\"color: #ff0000;\"><strong>WhatsApp: +86 17776015835<\/strong><\/span><\/a><\/h3>\n<p>&nbsp;<\/p>\n<h2><strong>Caracter\u00edsticas principais do Produto UZY Bang Digital 15K Bar<\/strong><\/h2>\n<ul>\n<li data-start=\"1573\" data-end=\"1606\">\n<p data-start=\"1575\" data-end=\"1606\"><strong data-start=\"1575\" data-end=\"1585\">Puffs:<\/strong> At\u00e9 15.000 baforadas<\/p>\n<\/li>\n<li data-start=\"1607\" data-end=\"1655\">\n<p data-start=\"1609\" data-end=\"1655\"><strong data-start=\"1609\" data-end=\"1631\">Capacidade do E-l\u00edquido:<\/strong> 25ml de sal nic premium<\/p>\n<\/li>\n<li data-start=\"1656\" data-end=\"1699\">\n<p data-start=\"1658\" data-end=\"1699\"><strong data-start=\"1658\" data-end=\"1670\">Bateria:<\/strong> 850mAh recarreg\u00e1vel Type-C<\/p>\n<\/li>\n<li data-start=\"1700\" data-end=\"1744\">\n<p data-start=\"1702\" data-end=\"1744\"><strong data-start=\"1702\" data-end=\"1711\">Resist\u00eancia:<\/strong> Bobina de malha de 1.0\u03a9 para nuvens ricas<\/p>\n<\/li>\n<li data-start=\"1745\" data-end=\"1804\">\n<p data-start=\"1747\" data-end=\"1804\"><strong data-start=\"1747\" data-end=\"1759\">Ecr\u00e3:<\/strong> Ecr\u00e3 digital LED (n\u00edvel de bateria e de l\u00edquido)<\/p>\n<\/li>\n<li data-start=\"1805\" data-end=\"1846\">\n<p data-start=\"1807\" data-end=\"1846\"><strong data-start=\"1807\" data-end=\"1829\">Teor de Nicotina:<\/strong> 0%, 2%, 3%, 5%<\/p>\n<\/li>\n<li data-start=\"1847\" data-end=\"1888\">\n<p data-start=\"1849\" data-end=\"1888\"><strong data-start=\"1849\" data-end=\"1867\">Porta de carregamento:<\/strong> carregamento r\u00e1pido Type-C<\/p>\n<\/li>\n<li data-start=\"1889\" data-end=\"1945\">\n<p data-start=\"1891\" data-end=\"1945\"><strong data-start=\"1891\" data-end=\"1905\">Armaz\u00e9m:<\/strong> Stock na UE, entrega r\u00e1pida por toda a Europa<\/p>\n<\/li>\n<\/ul>\n<figure id=\"attachment_4531\" aria-describedby=\"caption-attachment-4531\" style=\"width: 300px\" class=\"wp-caption alignnone\"><img decoding=\"async\" class=\"size-medium wp-image-4531\" src=\"https:\/\/vapestornado.com\/wp-content\/uploads\/2025\/11\/Original-Uzy-Bang-Digital-15000-Puff-15k-Disposable-E-Cigs-300x300.webp\" alt=\"Cigarros eletr\u00f3nicos descart\u00e1veis originais Uzy Bang Digital 15000 baforadas 15k\" width=\"300\" height=\"300\" srcset=\"https:\/\/vapestornado.com\/wp-content\/uploads\/2025\/11\/Original-Uzy-Bang-Digital-15000-Puff-15k-Disposable-E-Cigs-300x300.webp 300w, https:\/\/vapestornado.com\/wp-content\/uploads\/2025\/11\/Original-Uzy-Bang-Digital-15000-Puff-15k-Disposable-E-Cigs-150x150.webp 150w, https:\/\/vapestornado.com\/wp-content\/uploads\/2025\/11\/Original-Uzy-Bang-Digital-15000-Puff-15k-Disposable-E-Cigs-768x768.webp 768w, https:\/\/vapestornado.com\/wp-content\/uploads\/2025\/11\/Original-Uzy-Bang-Digital-15000-Puff-15k-Disposable-E-Cigs-12x12.webp 12w, https:\/\/vapestornado.com\/wp-content\/uploads\/2025\/11\/Original-Uzy-Bang-Digital-15000-Puff-15k-Disposable-E-Cigs-600x600.webp 600w, https:\/\/vapestornado.com\/wp-content\/uploads\/2025\/11\/Original-Uzy-Bang-Digital-15000-Puff-15k-Disposable-E-Cigs-100x100.webp 100w, https:\/\/vapestornado.com\/wp-content\/uploads\/2025\/11\/Original-Uzy-Bang-Digital-15000-Puff-15k-Disposable-E-Cigs.webp 800w\" sizes=\"(max-width: 300px) 100vw, 300px\" \/><figcaption id=\"caption-attachment-4531\" class=\"wp-caption-text\">Cigarros eletr\u00f3nicos descart\u00e1veis originais Uzy Bang Digital 15000 baforadas 15k<\/figcaption><\/figure>\n<h2 class=\"product-title\"><strong>Lista de sabores de vaporizadores descart\u00e1veis UZY Bang Digital 15K<\/strong><\/h2>\n<p>1. Morango Melancia<br \/>\n2. Mirtilo com gelo<br \/>\n3. P\u00eassego Manga Abacaxi<br \/>\n4. Gelo de uva<br \/>\n5. Melancia com gelo<br \/>\n6. P\u00eassego com gelo<br \/>\n7. Morango Kiwi<br \/>\n8. Mirtilo e Framboesa<br \/>\n9. Kiwi Fruta da Paix\u00e3o<br \/>\n10.M R Azul<br \/>\n11.Triple M manga gelo<br \/>\n12.Energia vermelha gelo<\/p>\n<h3 data-start=\"2251\" data-end=\"2296\"><strong data-start=\"2255\" data-end=\"2296\">Por que escolher UZY Bang Digital 15K Puff?<\/strong><\/h3>\n<ul data-start=\"2297\" data-end=\"2680\">\n<li data-start=\"2297\" data-end=\"2373\">\n<p data-start=\"2299\" data-end=\"2373\"><strong data-start=\"2299\" data-end=\"2328\">Desempenho duradouro:<\/strong> 15.000 baforadas para sess\u00f5es de vaping prolongadas.<\/p>\n<\/li>\n<li data-start=\"2374\" data-end=\"2447\">\n<p data-start=\"2376\" data-end=\"2447\"><strong data-start=\"2376\" data-end=\"2407\">Op\u00e7\u00f5es vers\u00e1teis de nicotina:<\/strong> Escolha entre 0\u20135% para controlo total.<\/p>\n<\/li>\n<li data-start=\"2448\" data-end=\"2528\">\n<p data-start=\"2450\" data-end=\"2528\"><strong data-start=\"2450\" data-end=\"2480\">Conveni\u00eancia do ecr\u00e3 inteligente:<\/strong> Mantenha-se informado sobre os n\u00edveis de bateria e de l\u00edquido.<\/p>\n<\/li>\n<li data-start=\"2529\" data-end=\"2601\">\n<p data-start=\"2531\" data-end=\"2601\"><strong data-start=\"2531\" data-end=\"2550\">Stock baseado na UE:<\/strong> Entrega r\u00e1pida e fi\u00e1vel para revendedores europeus.<\/p>\n<\/li>\n<li data-start=\"2602\" data-end=\"2680\">\n<p data-start=\"2604\" data-end=\"2680\"><strong data-start=\"2604\" data-end=\"2629\">Design ecol\u00f3gico:<\/strong> Sistema recarreg\u00e1vel reduz o desperd\u00edcio ambiental.<\/p>\n<\/li>\n<\/ul>\n<h3 data-start=\"2687\" data-end=\"2754\"><strong data-start=\"2691\" data-end=\"2754\">Compara\u00e7\u00e3o: UZY Bang Digital 15K vs Dispositivos descart\u00e1veis tradicionais<\/strong><\/h3>\n<p data-start=\"2755\" data-end=\"3026\">Ao contr\u00e1rio das barras padr\u00e3o de 5K\u20138K baforadas, o <strong data-start=\"2792\" data-end=\"2815\">UZYDigital 15K Puff<\/strong> oferece o triplo da dura\u00e7\u00e3o e controlo de vaping mais inteligente. O ecr\u00e3 LED e a carga Type-C tornam-no muito mais pr\u00e1tico para uso a longo prazo, enquanto a bobina de malha garante que cada baforada saiba fresca at\u00e9 ao final.<\/p>\n<p>&nbsp;<\/p>\n<h2>Por que escolher Vapestornado para compra em massa de UZY Bang Digital 15K Puffs?<\/h2>\n<div class=\"flex-shrink-0 flex flex-col relative items-end\">\n<div class=\"pt-0\">\n<div class=\"gizmo-bot-avatar flex h-8 w-8 items-center justify-center overflow-hidden rounded-full\">\n<div class=\"relative p-1 rounded-sm flex items-center justify-center bg-token-main-surface-primary text-token-text-primary h-8 w-8\">\n<p>At\u00a0<strong>Vapes Tornado<\/strong>, orgulhamo-nos de oferecer\u00a0<strong>produtos de vaping premium a pre\u00e7os imbat\u00edveis<\/strong>\u00a0Aqui est\u00e1 o motivo pelo qual deve comprar connosco:<\/p>\n<p data-start=\"235\" data-end=\"360\"><strong data-start=\"235\" data-end=\"261\">Melhores ofertas por atacado<\/strong> \u2013 Aproveite <strong data-start=\"270\" data-end=\"297\">pre\u00e7os de atacado com margem elevada<\/strong> destinados a revendedores, distribuidores de vaporizadores e lojas de retalho.<\/p>\n<p data-start=\"362\" data-end=\"513\"><strong data-start=\"362\" data-end=\"400\">\u2714 Envio r\u00e1pido e seguro em todo o mundo<\/strong> \u2013 Garantimos <strong data-start=\"413\" data-end=\"443\">entrega r\u00e1pida e rastre\u00e1vel<\/strong> por toda a Europa e al\u00e9m, para que o seu stock chegue em seguran\u00e7a e a tempo.<\/p>\n<p data-start=\"515\" data-end=\"646\"><strong data-start=\"515\" data-end=\"542\">\u2714 Produtos genu\u00ednos 100%<\/strong> \u2013 Cada <strong data-start=\"551\" data-end=\"578\">vaporizador WASPE Triple 60000<\/strong> que vendemos \u00e9 <strong data-start=\"590\" data-end=\"625\">aut\u00eantico e certificado de f\u00e1brica<\/strong>, nunca imita\u00e7\u00f5es.<\/p>\n<p data-start=\"648\" data-end=\"799\"><strong data-start=\"648\" data-end=\"676\">\u2714 Equipa de apoio dedicada<\/strong> \u2013 Precisa de ajuda? Os nossos <strong data-start=\"694\" data-end=\"733\">especialistas em vaporizadores est\u00e3o dispon\u00edveis 24\/7<\/strong>, prontos a responder \u00e0s suas perguntas e a ajudar com os pedidos a qualquer hora.<\/p>\n<p>&nbsp;<\/p>\n<p data-start=\"559\" data-end=\"933\" data-is-last-node=\"\" data-is-only-node=\"\">Tamb\u00e9m temos alguns outros vapes descart\u00e1veis populares com ecr\u00e3, como <a href=\"https:\/\/vapestornado.com\/pt\/product\/uzy-150k-puffs-6-in-1-flavor-switch-disposable-vape-pen-wholesale\/\">Vape de troca de sabor UZY 150K Puff<\/a>, <a href=\"https:\/\/vapestornado.com\/pt\/product\/vozol-rave-40k-40000-puffs-disposable-vape-smart-screen-5-nicotine\/\">VOZOL RAVE 40K Vape Descart\u00e1vel<\/a>, <a href=\"https:\/\/vapestornado.com\/pt\/product\/waspe-150k-150000-puff-6-in-1-disposable-vape-pen-cartridge-best-wholesale-price-in-poland\/\">WASPE 150K Puffs 6 em 1<\/a>, e mais.<\/p>\n<\/div>\n<div class=\"relative p-1 rounded-sm flex items-center justify-center bg-token-main-surface-primary text-token-text-primary h-8 w-8\">\n<h2>Perguntas Frequentes Sobre UZY Bang Digital 15K Puffs<\/h2>\n<p data-start=\"3074\" data-end=\"3210\"><strong data-start=\"3074\" data-end=\"3125\">1. Quanto tempo dura o UZY Bang Digital 15K?<\/strong><br data-start=\"3125\" data-end=\"3128\" \/>Oferece at\u00e9 15.000 tragos, dependendo da frequ\u00eancia de vaporiza\u00e7\u00e3o e da dura\u00e7\u00e3o de cada tragada.<\/p>\n<p data-start=\"3212\" data-end=\"3329\"><strong data-start=\"3212\" data-end=\"3255\">2. O UZY Digital 15K \u00e9 recarreg\u00e1vel?<\/strong><br data-start=\"3255\" data-end=\"3258\" \/>Sim, possui uma bateria integrada de 850mAh com carregamento r\u00e1pido Type-C.<\/p>\n<p data-start=\"3331\" data-end=\"3452\"><strong data-start=\"3331\" data-end=\"3369\">3. Quantos sabores est\u00e3o dispon\u00edveis?<\/strong><br data-start=\"3369\" data-end=\"3372\" \/>Existem 12 sabores \u00fanicos, variando de misturas frutadas a variedades de gelo refrescante.<\/p>\n<p data-start=\"3454\" data-end=\"3579\"><strong data-start=\"3454\" data-end=\"3499\">4. Ele mostra os n\u00edveis de bateria e de l\u00edquido?<\/strong><br data-start=\"3499\" data-end=\"3502\" \/>Sim, a tela digital LED exibe o status em tempo real da bateria e do e-l\u00edquido.<\/p>\n<p data-start=\"3581\" data-end=\"3743\"><strong data-start=\"3581\" data-end=\"3615\">5. Onde posso compr\u00e1-lo em grande quantidade?<\/strong><br data-start=\"3615\" data-end=\"3618\" \/>Pedidos por atacado s\u00e3o enviados diretamente de nossa <strong data-start=\"3658\" data-end=\"3674\">armaz\u00e9m da UE<\/strong>, garantindo <strong data-start=\"3685\" data-end=\"3726\">entrega r\u00e1pida e pre\u00e7os competitivos<\/strong> em toda a Europa.<\/p>\n<\/div>\n<\/div>\n<\/div>\n<\/div>","protected":false},"excerpt":{"rendered":"<article class=\"text-token-text-primary w-full focus:outline-none [--shadow-height:45px] has-data-writing-block:pointer-events-none has-data-writing-block:-mt-(--shadow-height) has-data-writing-block:pt-(--shadow-height) [&amp;:has([data-writing-block])&gt;*]:pointer-events-auto [content-visibility:auto] supports-[content-visibility:auto]:[contain-intrinsic-size:auto_100lvh] scroll-mt-[calc(var(--header-height)+min(200px,max(70px,20svh)))]\" dir=\"auto\" tabindex=\"-1\" data-turn-id=\"86ca9d92-7a10-4e6b-bda0-15f9df36adca\" data-testid=\"conversation-turn-120\" data-scroll-anchor=\"true\" data-turn=\"assistant\">\n<div class=\"text-base my-auto mx-auto pb-10 [--thread-content-margin:--spacing(4)] thread-sm:[--thread-content-margin:--spacing(6)] thread-lg:[--thread-content-margin:--spacing(16)] px-(--thread-content-margin)\">\n<div class=\"[--thread-content-max-width:40rem] thread-lg:[--thread-content-max-width:48rem] mx-auto max-w-(--thread-content-max-width) flex-1 group\/turn-messages focus-visible:outline-hidden relative flex w-full min-w-0 flex-col agent-turn\" tabindex=\"-1\">\n<div class=\"flex max-w-full flex-col grow\">\n<div class=\"min-h-8 text-message relative flex w-full flex-col items-end gap-2 text-start break-words whitespace-normal [.text-message+&amp;]:mt-1\" dir=\"auto\" data-message-author-role=\"assistant\" data-message-id=\"43b070d6-bf28-4fbe-8049-1032a61ea3ac\" data-message-model-slug=\"gpt-5\">\n<div class=\"flex w-full flex-col gap-1 empty:hidden first:pt-[1px]\">\n<div class=\"markdown prose dark:prose-invert w-full break-words light markdown-new-styling\">\n<p data-start=\"4043\" data-end=\"4133\"><strong data-start=\"4043\" data-end=\"4131\">UZY Bang Digital 15K Puff \u2013 Cigarro eletr\u00f4nico descart\u00e1vel inteligente com ecr\u00e3 LED e envio r\u00e1pido na UE<\/strong><\/p>\n<p data-start=\"4137\" data-end=\"4227\"><strong data-start=\"4137\" data-end=\"4225\">Compre UZY Digital 15K Vape Pen \u2013 15000 Tragados Recarreg\u00e1vel Descart\u00e1vel a Pre\u00e7o por Atacado<\/strong><\/p>\n<p data-start=\"4231\" data-end=\"4308\" data-is-last-node=\"\"><strong data-start=\"4231\" data-end=\"4308\" data-is-last-node=\"\">Stock no armaz\u00e9m da UE: UZY 15K Puffs Vape com Ecr\u00e3 Inteligente e Entrega R\u00e1pida<\/strong><\/p>\n<\/div>\n<\/div>\n<\/div>\n<\/div>\n<\/div>\n<\/div>\n<\/article>\n<p><img fetchpriority=\"high\" decoding=\"async\" class=\"size-full wp-image-2932\" src=\"https:\/\/vapestornado.com\/wp-content\/uploads\/2024\/12\/Vape-Wholesale.jpg\" alt=\"Vape Atacado\" width=\"229\" height=\"300\" \/><\/p>\n<h3><a href=\"https:\/\/wa.me\/8617776015835\"><span style=\"color: #ff0000;\"><strong>WhatsApp: +86 17776015835<\/strong><\/span><\/a><\/h3>\n<p>&nbsp;<\/p>","protected":false},"featured_media":4532,"comment_status":"open","ping_status":"closed","template":"","meta":{"_acf_changed":false,"_uag_custom_page_level_css":"","_lmt_disableupdate":"no","_lmt_disable":"","_monsterinsights_skip_tracking":false,"_monsterinsights_sitenote_active":false,"_monsterinsights_sitenote_note":"","_monsterinsights_sitenote_category":0,"site-sidebar-layout":"default","site-content-layout":"","ast-site-content-layout":"default","site-content-style":"default","site-sidebar-style":"default","ast-global-header-display":"","ast-banner-title-visibility":"","ast-main-header-display":"","ast-hfb-above-header-display":"","ast-hfb-below-header-display":"","ast-hfb-mobile-header-display":"","site-post-title":"","ast-breadcrumbs-content":"","ast-featured-img":"","footer-sml-layout":"","ast-disable-related-posts":"","theme-transparent-header-meta":"default","adv-header-id-meta":"","stick-header-meta":"","header-above-stick-meta":"","header-main-stick-meta":"","header-below-stick-meta":"","astra-migrate-meta-layouts":"set","ast-page-background-enabled":"default","ast-page-background-meta":{"desktop":{"background-color":"","background-image":"","background-repeat":"repeat","background-position":"center center","background-size":"auto","background-attachment":"scroll","background-type":"","background-media":"","overlay-type":"","overlay-color":"","overlay-opacity":"","overlay-gradient":""},"tablet":{"background-color":"","background-image":"","background-repeat":"repeat","background-position":"center center","background-size":"auto","background-attachment":"scroll","background-type":"","background-media":"","overlay-type":"","overlay-color":"","overlay-opacity":"","overlay-gradient":""},"mobile":{"background-color":"","background-image":"","background-repeat":"repeat","background-position":"center center","background-size":"auto","background-attachment":"scroll","background-type":"","background-media":"","overlay-type":"","overlay-color":"","overlay-opacity":"","overlay-gradient":""}},"ast-content-background-meta":{"desktop":{"background-color":"var(--ast-global-color-5)","background-image":"","background-repeat":"repeat","background-position":"center center","background-size":"auto","background-attachment":"scroll","background-type":"","background-media":"","overlay-type":"","overlay-color":"","overlay-opacity":"","overlay-gradient":""},"tablet":{"background-color":"var(--ast-global-color-5)","background-image":"","background-repeat":"repeat","background-position":"center center","background-size":"auto","background-attachment":"scroll","background-type":"","background-media":"","overlay-type":"","overlay-color":"","overlay-opacity":"","overlay-gradient":""},"mobile":{"background-color":"var(--ast-global-color-5)","background-image":"","background-repeat":"repeat","background-position":"center center","background-size":"auto","background-attachment":"scroll","background-type":"","background-media":"","overlay-type":"","overlay-color":"","overlay-opacity":"","overlay-gradient":""}},"_joinchat":{"telephone":"17776015835"}},"product_brand":[],"product_cat":[71,152,154,156,158,142,357,144,356],"product_tag":[105,406,427,94,428,429,301],"class_list":{"0":"post-4537","1":"product","2":"type-product","3":"status-publish","4":"has-post-thumbnail","6":"product_cat-15000-puff","7":"product_cat-buy-disposable-vapes-in-cermany","8":"product_cat-buy-disposable-vapes-in-netherlands","9":"product_cat-buy-disposable-vapes-in-poland","10":"product_cat-buy-disposable-vapes-in-spain","11":"product_cat-digital-box-disposable-vapes","12":"product_cat-flavor-adjustable-vape","13":"product_cat-low-nicotine-disposable-vapes","14":"product_cat-uzy-vape","15":"product_tag-digital-disposable-vape","16":"product_tag-disposable-vape-fast-shipping","17":"product_tag-multi-flaovr-vape","18":"product_tag-rechargeable-disposable-vape","19":"product_tag-uzy-bang-digital-15k","20":"product_tag-vape-eu-warehouse","21":"product_tag-vapor-wholesale","22":"desktop-align-left","23":"tablet-align-left","24":"mobile-align-left","26":"first","27":"instock","28":"sale","29":"shipping-taxable","30":"purchasable","31":"product-type-simple"},"acf":[],"uagb_featured_image_src":{"full":["https:\/\/vapestornado.com\/wp-content\/uploads\/2025\/11\/UZY-Bang-Digital-15K-Puff-Monkey-Vape-Pen.webp",800,800,false],"thumbnail":["https:\/\/vapestornado.com\/wp-content\/uploads\/2025\/11\/UZY-Bang-Digital-15K-Puff-Monkey-Vape-Pen-150x150.webp",150,150,true],"medium":["https:\/\/vapestornado.com\/wp-content\/uploads\/2025\/11\/UZY-Bang-Digital-15K-Puff-Monkey-Vape-Pen-300x300.webp",300,300,true],"medium_large":["https:\/\/vapestornado.com\/wp-content\/uploads\/2025\/11\/UZY-Bang-Digital-15K-Puff-Monkey-Vape-Pen-768x768.webp",768,768,true],"large":["https:\/\/vapestornado.com\/wp-content\/uploads\/2025\/11\/UZY-Bang-Digital-15K-Puff-Monkey-Vape-Pen.webp",800,800,false],"1536x1536":["https:\/\/vapestornado.com\/wp-content\/uploads\/2025\/11\/UZY-Bang-Digital-15K-Puff-Monkey-Vape-Pen.webp",800,800,false],"2048x2048":["https:\/\/vapestornado.com\/wp-content\/uploads\/2025\/11\/UZY-Bang-Digital-15K-Puff-Monkey-Vape-Pen.webp",800,800,false],"trp-custom-language-flag":["https:\/\/vapestornado.com\/wp-content\/uploads\/2025\/11\/UZY-Bang-Digital-15K-Puff-Monkey-Vape-Pen-12x12.webp",12,12,true],"woocommerce_thumbnail":["https:\/\/vapestornado.com\/wp-content\/uploads\/2025\/11\/UZY-Bang-Digital-15K-Puff-Monkey-Vape-Pen-300x300.webp",300,300,true],"woocommerce_single":["https:\/\/vapestornado.com\/wp-content\/uploads\/2025\/11\/UZY-Bang-Digital-15K-Puff-Monkey-Vape-Pen-600x600.webp",600,600,true],"woocommerce_gallery_thumbnail":["https:\/\/vapestornado.com\/wp-content\/uploads\/2025\/11\/UZY-Bang-Digital-15K-Puff-Monkey-Vape-Pen-100x100.webp",100,100,true]},"uagb_author_info":{"display_name":"ESAMY","author_link":"https:\/\/vapestornado.com\/pt\/author\/"},"uagb_comment_info":1,"uagb_excerpt":"UZY Bang Digital 15K Puff \u2013 Smart Disposable Vape with LED Screen &amp; EU Fast Shipping Buy UZY Digital 15K Vape Pen \u2013 15000 Puffs Rechargeable Disposable at Wholesale Price EU Warehouse Stock: UZY 15K Puffs Vape with Smart Display &amp; Fast Delivery WhatsApp: +86 17776015835 &nbsp;","_links":{"self":[{"href":"https:\/\/vapestornado.com\/pt\/wp-json\/wp\/v2\/product\/4537","targetHints":{"allow":["GET"]}}],"collection":[{"href":"https:\/\/vapestornado.com\/pt\/wp-json\/wp\/v2\/product"}],"about":[{"href":"https:\/\/vapestornado.com\/pt\/wp-json\/wp\/v2\/types\/product"}],"replies":[{"embeddable":true,"href":"https:\/\/vapestornado.com\/pt\/wp-json\/wp\/v2\/comments?post=4537"}],"wp:featuredmedia":[{"embeddable":true,"href":"https:\/\/vapestornado.com\/pt\/wp-json\/wp\/v2\/media\/4532"}],"wp:attachment":[{"href":"https:\/\/vapestornado.com\/pt\/wp-json\/wp\/v2\/media?parent=4537"}],"wp:term":[{"taxonomy":"product_brand","embeddable":true,"href":"https:\/\/vapestornado.com\/pt\/wp-json\/wp\/v2\/product_brand?post=4537"},{"taxonomy":"product_cat","embeddable":true,"href":"https:\/\/vapestornado.com\/pt\/wp-json\/wp\/v2\/product_cat?post=4537"},{"taxonomy":"product_tag","embeddable":true,"href":"https:\/\/vapestornado.com\/pt\/wp-json\/wp\/v2\/product_tag?post=4537"}],"curies":[{"name":"wp","href":"https:\/\/api.w.org\/{rel}","templated":true}]}}