{"id":4529,"date":"2025-11-12T03:26:29","date_gmt":"2025-11-12T03:26:29","guid":{"rendered":"https:\/\/vapestornado.com\/?post_type=product&#038;p=4529"},"modified":"2025-11-12T04:00:35","modified_gmt":"2025-11-12T04:00:35","slug":"uzy-150k-puffs-6-in-1-flavor-switch-disposable-vape-pen-wholesale","status":"publish","type":"product","link":"https:\/\/vapestornado.com\/pt\/product\/uzy-150k-puffs-6-in-1-flavor-switch-disposable-vape-pen-wholesale\/","title":{"rendered":"UZY 150K Puffs 6 em 1 Troca de Sabor Vape Pen Dispens\u00e1vel Atacado"},"content":{"rendered":"<h2 data-pm-slice=\"1 1 []\">UZY 150K Puffs Vape Dispens\u00e1vel 6 em 1 Troca de Sabor \u2013 Constru\u00eddo para Pot\u00eancia, Estilo e Lucro por Atacado<\/h2>\n<p data-start=\"120\" data-end=\"663\">O <strong data-start=\"124\" data-end=\"162\">UZY 150K Puffs Vape Dispens\u00e1vel<\/strong> redefine resist\u00eancia e versatilidade para o mercado de vaping de hoje. Projetado com um <strong data-start=\"244\" data-end=\"275\">sistema de troca de sabor 6 em 1<\/strong>, este <strong data-start=\"282\" data-end=\"319\">Vape Dispens\u00e1vel Troca de Sabor<\/strong> permite aos utilizadores mudar instantaneamente entre seis combina\u00e7\u00f5es \u00fanicas com um simples clique \u2014 de <strong data-start=\"401\" data-end=\"418\">Blueberry Ice (Mirtilo Gelo)<\/strong> to <strong data-start=\"422\" data-end=\"437\">P\u00eassego Lim\u00e3o<\/strong>, cada puff oferece clareza e frescura. Projetado para <strong data-start=\"496\" data-end=\"518\">Compra por Atacado de Vape Pen<\/strong> compradores na Europa, o <strong data-start=\"541\" data-end=\"560\">UZY 150000 Puff<\/strong> oferece longevidade e estilo incompar\u00e1veis que se encaixam no estilo de vida de consumidores jovens e ativos com idades entre 25 e 35 anos.<\/p>\n<p data-start=\"665\" data-end=\"1277\">Com um <strong data-start=\"672\" data-end=\"705\">capacidade massiva de 150.000 puffs<\/strong>, uma <strong data-start=\"709\" data-end=\"740\">bateria recarreg\u00e1vel de 650mAh<\/strong>, e um <strong data-start=\"748\" data-end=\"777\">porta de carregamento r\u00e1pido Tipo-C<\/strong>, o UZY 150K Puffs garante vaping ininterrupto por semanas. O seu <strong data-start=\"842\" data-end=\"867\">bobina de malha qu\u00e1drupla (1,0\u03a9)<\/strong> e <strong data-start=\"872\" data-end=\"899\">reservat\u00f3rio de e-l\u00edquido de 64ml<\/strong> proporciona vapor denso e consist\u00eancia de sabor pura. O <strong data-start=\"953\" data-end=\"973\">ecr\u00e3 LED inteligente<\/strong> mostra claramente a dura\u00e7\u00e3o da bateria, modo de tragada e n\u00edveis de e-l\u00edquido, enquanto o <strong data-start=\"1044\" data-end=\"1082\">inv\u00f3lucro transparente inspirado em cristal<\/strong> e o design gr\u00e1fico ousado de macaco fazem-no destacar-se em qualquer linha. Dispon\u00edvel em <strong data-start=\"1160\" data-end=\"1190\">0%, 2%, 3% e 5%<\/strong> for\u00e7as, atende tanto a vapores casuais quanto a experientes que procuram op\u00e7\u00f5es flex\u00edveis.<\/p>\n<p data-start=\"1279\" data-end=\"1604\">Perfeito para <strong data-start=\"1291\" data-end=\"1331\">Distribuidores e grossistas de vaping em Portugal<\/strong>, o <strong data-start=\"1337\" data-end=\"1367\">UZY 150K Puffs Vape 6 em 1<\/strong> combina estilo, desempenho e variedade de sabores numa unidade de alta margem e venda r\u00e1pida. De <strong data-start=\"1460\" data-end=\"1480\">Portugal a Espanha<\/strong>, \u00e9 a solu\u00e7\u00e3o de <strong data-start=\"1497\" data-end=\"1530\">vape descart\u00e1vel por atacado<\/strong> para retalhistas que procuram qualidade, design e demanda tudo numa s\u00f3 solu\u00e7\u00e3o.<\/p>\n<p data-start=\"666\" data-end=\"1235\"><strong style=\"font-size: 16px;\"><span style=\"color: #ff0000;\">Adicione o WhatsApp da Amy para obter uma resposta imediata e um pre\u00e7o com desconto!<\/span><\/strong><\/p>\n<p><img fetchpriority=\"high\" decoding=\"async\" class=\"size-full wp-image-2932\" src=\"https:\/\/vapestornado.com\/wp-content\/uploads\/2024\/12\/Vape-Wholesale.jpg\" alt=\"Vape Atacado\" width=\"229\" height=\"300\" \/><\/p>\n<h3><a href=\"https:\/\/wa.me\/8617776015835\" target=\"_blank\" rel=\"noopener\"><span style=\"color: #ff0000;\"><strong>WhatsApp: +86 17776015835<\/strong><\/span><\/a><\/h3>\n<p>&nbsp;<\/p>\n<h2><strong>Caracter\u00edsticas principais do UZY 150K Puff Bar<\/strong><\/h2>\n<ul>\n<li data-start=\"1639\" data-end=\"1696\">\n<p data-start=\"1641\" data-end=\"1696\">Capacidade de Vaporiza\u00e7\u00f5es: <strong data-start=\"1656\" data-end=\"1694\">150.000 tragadas (Ultra duradouro)<\/strong><\/p>\n<\/li>\n<li data-start=\"1697\" data-end=\"1745\">\n<p data-start=\"1699\" data-end=\"1745\">Modo de Sabor: <strong data-start=\"1712\" data-end=\"1743\">Sistema de troca de sabores 6 em 1<\/strong><\/p>\n<\/li>\n<li data-start=\"1746\" data-end=\"1786\">\n<p data-start=\"1748\" data-end=\"1786\">Tipo de Resist\u00eancia: <strong data-start=\"1759\" data-end=\"1784\">Bobina de malha qu\u00e1drupla (1,0\u03a9)<\/strong><\/p>\n<\/li>\n<li data-start=\"1787\" data-end=\"1832\">\n<p data-start=\"1789\" data-end=\"1832\">Volume de e-l\u00edquido: <strong data-start=\"1806\" data-end=\"1830\">Tanque pr\u00e9-preenchido de 64ml<\/strong><\/p>\n<\/li>\n<li data-start=\"1833\" data-end=\"1874\">\n<p data-start=\"1835\" data-end=\"1874\">For\u00e7as de Nicotina: <strong data-start=\"1854\" data-end=\"1872\">0%, 2%, 3%, 5%<\/strong><\/p>\n<\/li>\n<li data-start=\"1875\" data-end=\"1928\">\n<p data-start=\"1877\" data-end=\"1928\">Bateria: <strong data-start=\"1886\" data-end=\"1926\">650mAh Recarreg\u00e1vel, Carregamento Tipo-C<\/strong><\/p>\n<\/li>\n<li data-start=\"1929\" data-end=\"1990\">\n<p data-start=\"1931\" data-end=\"1990\">Ecr\u00e3: <strong data-start=\"1940\" data-end=\"1988\">Ecr\u00e3 LED Inteligente (Indicador de Bateria e Sumos)<\/strong><\/p>\n<\/li>\n<li data-start=\"1991\" data-end=\"2047\">\n<p data-start=\"1993\" data-end=\"2047\">Design: <strong data-start=\"2001\" data-end=\"2045\">Corpo Transparente de Cristal, Gr\u00e1fico de Macaco<\/strong><\/p>\n<\/li>\n<li data-start=\"2048\" data-end=\"2077\">\n<p data-start=\"2050\" data-end=\"2077\">Peso: <strong data-start=\"2058\" data-end=\"2075\">120g por unidade<\/strong><\/p>\n<\/li>\n<li data-start=\"2078\" data-end=\"2133\">\n<p data-start=\"2080\" data-end=\"2133\">Embalagem: <strong data-start=\"2091\" data-end=\"2131\">10 pe\u00e7as\/caixa, 120 pe\u00e7as\/embalagem (G.W. 18kg)<\/strong><\/p>\n<\/li>\n<\/ul>\n<figure id=\"attachment_4523\" aria-describedby=\"caption-attachment-4523\" style=\"width: 300px\" class=\"wp-caption alignnone\"><img decoding=\"async\" class=\"size-medium wp-image-4523\" src=\"https:\/\/vapestornado.com\/wp-content\/uploads\/2025\/11\/UZY-150K-High-Puff-6-in-1-Monkey-Vape-300x300.webp\" alt=\"UZY 150K High Puff Macaco Vape 6 em 1\" width=\"300\" height=\"300\" srcset=\"https:\/\/vapestornado.com\/wp-content\/uploads\/2025\/11\/UZY-150K-High-Puff-6-in-1-Monkey-Vape-300x300.webp 300w, https:\/\/vapestornado.com\/wp-content\/uploads\/2025\/11\/UZY-150K-High-Puff-6-in-1-Monkey-Vape-150x150.webp 150w, https:\/\/vapestornado.com\/wp-content\/uploads\/2025\/11\/UZY-150K-High-Puff-6-in-1-Monkey-Vape-768x768.webp 768w, https:\/\/vapestornado.com\/wp-content\/uploads\/2025\/11\/UZY-150K-High-Puff-6-in-1-Monkey-Vape-12x12.webp 12w, https:\/\/vapestornado.com\/wp-content\/uploads\/2025\/11\/UZY-150K-High-Puff-6-in-1-Monkey-Vape-600x600.webp 600w, https:\/\/vapestornado.com\/wp-content\/uploads\/2025\/11\/UZY-150K-High-Puff-6-in-1-Monkey-Vape-100x100.webp 100w, https:\/\/vapestornado.com\/wp-content\/uploads\/2025\/11\/UZY-150K-High-Puff-6-in-1-Monkey-Vape.webp 800w\" sizes=\"(max-width: 300px) 100vw, 300px\" \/><figcaption id=\"caption-attachment-4523\" class=\"wp-caption-text\">UZY 150K High Puff Macaco Vape 6 em 1<\/figcaption><\/figure>\n<h2 class=\"product-title\"><strong>UZY 150K 150000 Puffs Disposables Lista de Sabores de Vaporizadores<\/strong><\/h2>\n<article class=\"w-full text-token-text-primary focus-visible:outline-2 focus-visible:outline-offset-[-4px]\" dir=\"auto\" data-testid=\"conversation-turn-32\" data-scroll-anchor=\"false\">\n<div class=\"m-auto text-base py-[18px] px-6\">\n<div class=\"mx-auto flex flex-1 text-base gap-4 md:gap-5 lg:gap-6 md:max-w-3xl lg:max-w-[40rem] xl:max-w-[48rem]\">\n<div class=\"group\/conversation-turn relative flex w-full min-w-0 flex-col @xs\/thread:px-0 @sm\/thread:px-1.5 @md\/thread:px-4\">\n<div class=\"flex-col gap-1 md:gap-3\">\n<div class=\"flex max-w-full flex-col flex-grow\">\n<div class=\"min-h-8 text-message flex w-full flex-col items-end gap-2 whitespace-normal break-words text-start [.text-message+&amp;]:mt-5\" dir=\"auto\" data-message-author-role=\"user\" data-message-id=\"ffac41ca-1db4-431b-873a-32c4052956f1\">\n<div class=\"flex w-full flex-col gap-1 empty:hidden items-end rtl:items-start\">\n<div class=\"relative max-w-[var(--user-chat-width,70%)] rounded-3xl bg-token-message-surface px-5 py-2.5\">\n<div class=\"absolute bottom-0 right-full top-0 -mr-3.5 hidden pr-5 pt-2 [.group\/conversation-turn:hover_&amp;]:flex\">\n<div class=\"flex\">\n<article class=\"w-full text-token-text-primary focus-visible:outline-2 focus-visible:outline-offset-[-4px]\" dir=\"auto\" data-testid=\"conversation-turn-39\" data-scroll-anchor=\"true\">\n<div class=\"m-auto text-base py-[18px] px-6\">\n<div class=\"mx-auto flex flex-1 text-base gap-4 md:gap-5 lg:gap-6 md:max-w-3xl lg:max-w-[40rem] xl:max-w-[48rem]\">\n<div class=\"group\/conversation-turn relative flex w-full min-w-0 flex-col agent-turn @xs\/thread:px-0 @sm\/thread:px-1.5 @md\/thread:px-4\">\n<div class=\"flex-col gap-1 md:gap-3\">\n<div class=\"flex max-w-full flex-col flex-grow\">\n<div class=\"min-h-8 text-message flex w-full flex-col items-end gap-2 whitespace-normal break-words text-start [.text-message+&amp;]:mt-5\" dir=\"auto\" data-message-author-role=\"assistant\" data-message-id=\"55a23854-ec57-48dd-bd4f-6118f43d6241\" data-message-model-slug=\"gpt-4o\">\n<div class=\"flex w-full flex-col gap-1 empty:hidden first:pt-[3px]\">\n<div class=\"markdown prose w-full break-words dark:prose-invert light\">\n<ol data-start=\"2191\" data-end=\"2733\">\n<li data-start=\"2191\" data-end=\"2253\">\n<p data-start=\"2194\" data-end=\"2253\">Melancia Gelada \/ Morango Mamba \/ Morango Melancia<\/p>\n<\/li>\n<li data-start=\"2254\" data-end=\"2313\">\n<p data-start=\"2257\" data-end=\"2313\">Mirtilo Gelado \/ Lim\u00e3o Framboesa \/ Chiclete de Melancia<\/p>\n<\/li>\n<li data-start=\"2314\" data-end=\"2368\">\n<p data-start=\"2317\" data-end=\"2368\">Morango Kiwi \/ Mirtilo Coco \/ Frutos Silvestres Mistos<\/p>\n<\/li>\n<li data-start=\"2369\" data-end=\"2420\">\n<p data-start=\"2372\" data-end=\"2420\">Uva Gelada \/ Manga P\u00eassego \/ Mirtilo Melancia<\/p>\n<\/li>\n<li data-start=\"2421\" data-end=\"2477\">\n<p data-start=\"2424\" data-end=\"2477\">Mirtilo Framboesa \/ Mel\u00e3o Triplo \/ Morango com Gelo<\/p>\n<\/li>\n<li data-start=\"2478\" data-end=\"2527\">\n<p data-start=\"2481\" data-end=\"2527\">Morango Kiwi \/ Mirtilo com Gelo \/ Cereja com Gelo<\/p>\n<\/li>\n<li data-start=\"2528\" data-end=\"2581\">\n<p data-start=\"2531\" data-end=\"2581\">Kiwi Maracuj\u00e1 Guava \/ P\u00eassego Lim\u00e3o \/ Love 66<\/p>\n<\/li>\n<li data-start=\"2582\" data-end=\"2644\">\n<p data-start=\"2585\" data-end=\"2644\">Fruta do Drag\u00e3o Morango \/ Red Bull \/ Framboesa Melancia<\/p>\n<\/li>\n<li data-start=\"2645\" data-end=\"2686\">\n<p data-start=\"2648\" data-end=\"2686\">P\u00eassego com Gelo \/ Duas Ma\u00e7\u00e3s \/ Triplo Manga<\/p>\n<\/li>\n<li data-start=\"2687\" data-end=\"2733\">\n<p data-start=\"2691\" data-end=\"2733\">Frutos Vermelhos Mistos \/ Cereja Efervescente \/ P\u00eassego Lim\u00e3o<\/p>\n<\/li>\n<\/ol>\n<p data-start=\"2735\" data-end=\"2978\">Cada interruptor oferece uma nova explos\u00e3o de sabor, proporcionando aos utilizadores a liberdade de desfrutar de m\u00faltiplos perfis a partir de um \u00fanico dispositivo \u2014 uma das principais raz\u00f5es pela qual <strong data-start=\"2869\" data-end=\"2887\">UZY 150K Puffs<\/strong> tornou-se um dos <strong data-start=\"2910\" data-end=\"2942\">vaporizadores descart\u00e1veis mais vendidos<\/strong> no mercado grossista europeu.<\/p>\n<p>&nbsp;<\/p>\n<\/div>\n<\/div>\n<\/div>\n<\/div>\n<\/div>\n<\/div>\n<\/div>\n<\/div>\n<\/article>\n<\/div>\n<\/div>\n<\/div>\n<\/div>\n<\/div>\n<\/div>\n<\/div>\n<\/div>\n<\/div>\n<\/div>\n<\/article>\n<h2>Por que escolher a Vapestornado para compra em massa de UZY 150K Puffs?<\/h2>\n<div class=\"flex-shrink-0 flex flex-col relative items-end\">\n<div class=\"pt-0\">\n<div class=\"gizmo-bot-avatar flex h-8 w-8 items-center justify-center overflow-hidden rounded-full\">\n<div class=\"relative p-1 rounded-sm flex items-center justify-center bg-token-main-surface-primary text-token-text-primary h-8 w-8\">\n<p>At\u00a0<strong>VapeTornado<\/strong>, orgulhamo-nos de oferecer\u00a0<strong>produtos de vaping premium a pre\u00e7os imbat\u00edveis<\/strong>\u00a0Aqui est\u00e1 o motivo pelo qual deve comprar connosco:<\/p>\n<p data-start=\"235\" data-end=\"360\"><strong data-start=\"235\" data-end=\"261\">Melhores ofertas por atacado<\/strong> \u2013 Aproveite <strong data-start=\"270\" data-end=\"297\">pre\u00e7os de atacado com margem elevada<\/strong> destinados a revendedores, distribuidores de vaporizadores e lojas de retalho.<\/p>\n<p data-start=\"362\" data-end=\"513\"><strong data-start=\"362\" data-end=\"400\">\u2714 Envio r\u00e1pido e seguro em todo o mundo<\/strong> \u2013 Garantimos <strong data-start=\"413\" data-end=\"443\">entrega r\u00e1pida e rastre\u00e1vel<\/strong> por toda a Europa e al\u00e9m, para que o seu stock chegue em seguran\u00e7a e a tempo.<\/p>\n<p data-start=\"515\" data-end=\"646\"><strong data-start=\"515\" data-end=\"542\">\u2714 Produtos genu\u00ednos 100%<\/strong> \u2013 Cada <strong data-start=\"551\" data-end=\"578\">vaporizador WASPE Triple 60000<\/strong> que vendemos \u00e9 <strong data-start=\"590\" data-end=\"625\">aut\u00eantico e certificado de f\u00e1brica<\/strong>, nunca imita\u00e7\u00f5es.<\/p>\n<p data-start=\"648\" data-end=\"799\"><strong data-start=\"648\" data-end=\"676\">\u2714 Equipa de apoio dedicada<\/strong> \u2013 Precisa de ajuda? Os nossos <strong data-start=\"694\" data-end=\"733\">especialistas em vaporizadores est\u00e3o dispon\u00edveis 24\/7<\/strong>, prontos a responder \u00e0s suas perguntas e a ajudar com os pedidos a qualquer hora.<\/p>\n<p>&nbsp;<\/p>\n<p data-start=\"559\" data-end=\"933\" data-is-last-node=\"\" data-is-only-node=\"\">Tamb\u00e9m temos alguns outros vapes descart\u00e1veis populares com ecr\u00e3, como <a href=\"https:\/\/vapestornado.com\/pt\/product\/aivono-avn-150k-puff-150000-8-in-1-0-nicotine-free-disposable-vape-pen-kit-wholesale\/\">AIVONO 150K 150000<\/a>, <a href=\"https:\/\/vapestornado.com\/pt\/product\/vozol-rave-40k-40000-puffs-disposable-vape-smart-screen-5-nicotine\/\">VOZOL RAVE 40K Vape Descart\u00e1vel<\/a>, <a href=\"https:\/\/vapestornado.com\/pt\/product\/waspe-150k-150000-puff-6-in-1-disposable-vape-pen-cartridge-best-wholesale-price-in-poland\/\">WASPE 150K Puffs 6 em 1<\/a>, e mais.<\/p>\n<\/div>\n<div class=\"relative p-1 rounded-sm flex items-center justify-center bg-token-main-surface-primary text-token-text-primary h-8 w-8\">\n<h2>PERGUNTAS FREQUENTES Sobre UZY 150K Puffs<\/h2>\n<p data-start=\"3047\" data-end=\"3210\"><strong data-start=\"3047\" data-end=\"3111\">1. Quantos sabores est\u00e3o inclu\u00eddos no vape UZY 150K Puffs?<\/strong><br data-start=\"3111\" data-end=\"3114\" \/>Cada dispositivo inclui 10 sabores diferentes <strong data-start=\"3135\" data-end=\"3159\">6 sabores troc\u00e1veis<\/strong>, oferecendo experi\u00eancias de sabor diversificadas num s\u00f3 vape.<\/p>\n<p data-start=\"3212\" data-end=\"3335\"><strong data-start=\"3212\" data-end=\"3248\">2. O UZY 150K \u00e9 recarreg\u00e1vel?<\/strong><br data-start=\"3248\" data-end=\"3251\" \/>Sim, possui um\/uma <strong data-start=\"3270\" data-end=\"3308\">bateria recarreg\u00e1vel Type-C de 650mAh<\/strong> para m\u00e1xima conveni\u00eancia.<\/p>\n<p data-start=\"3337\" data-end=\"3486\"><strong data-start=\"3337\" data-end=\"3390\">3. O vape UZY 150000 Puff cont\u00e9m nicotina?<\/strong><br data-start=\"3390\" data-end=\"3393\" \/>Pode escolher entre <strong data-start=\"3413\" data-end=\"3449\">n\u00edveis de nicotina 0%, 2%, 3% ou 5%<\/strong>, tornando-o adequado para todos os utilizadores.<\/p>\n<p data-start=\"3488\" data-end=\"3667\"><strong data-start=\"3488\" data-end=\"3542\">4. O que torna o UZY 150K adequado para atacado?<\/strong><br data-start=\"3542\" data-end=\"3545\" \/>O seu <strong data-start=\"3549\" data-end=\"3607\">alto n\u00famero de puffs, constru\u00e7\u00e3o robusta e design multi-sabor<\/strong> tornando-o ideal para <strong data-start=\"3626\" data-end=\"3664\">Distribuidores de cigarros eletr\u00f3nicos por atacado em Portugal<\/strong>.<\/p>\n<p data-start=\"3669\" data-end=\"3837\"><strong data-start=\"3669\" data-end=\"3711\">5. Como ajuda o ecr\u00e3 LED os utilizadores?<\/strong><br data-start=\"3711\" data-end=\"3714\" \/>O <strong data-start=\"3718\" data-end=\"3739\">visor LED inteligente<\/strong> mostra em tempo real <strong data-start=\"3756\" data-end=\"3807\">n\u00edvel de bateria, n\u00edvel de e-l\u00edquido e modo de sabor ativo<\/strong>, simplificando cada sess\u00e3o.<\/p>\n<\/div>\n<\/div>\n<\/div>\n<\/div>","protected":false},"excerpt":{"rendered":"<article class=\"text-token-text-primary w-full focus:outline-none [--shadow-height:45px] has-data-writing-block:pointer-events-none has-data-writing-block:-mt-(--shadow-height) has-data-writing-block:pt-(--shadow-height) [&amp;:has([data-writing-block])&gt;*]:pointer-events-auto [content-visibility:auto] supports-[content-visibility:auto]:[contain-intrinsic-size:auto_100lvh] scroll-mt-[calc(var(--header-height)+min(200px,max(70px,20svh)))]\" dir=\"auto\" tabindex=\"-1\" data-turn-id=\"86ca9d92-7a10-4e6b-bda0-15f9df36adca\" data-testid=\"conversation-turn-120\" data-scroll-anchor=\"true\" data-turn=\"assistant\">\n<div class=\"text-base my-auto mx-auto pb-10 [--thread-content-margin:--spacing(4)] thread-sm:[--thread-content-margin:--spacing(6)] thread-lg:[--thread-content-margin:--spacing(16)] px-(--thread-content-margin)\">\n<div class=\"[--thread-content-max-width:40rem] thread-lg:[--thread-content-max-width:48rem] mx-auto max-w-(--thread-content-max-width) flex-1 group\/turn-messages focus-visible:outline-hidden relative flex w-full min-w-0 flex-col agent-turn\" tabindex=\"-1\">\n<div class=\"flex max-w-full flex-col grow\">\n<div class=\"min-h-8 text-message relative flex w-full flex-col items-end gap-2 text-start break-words whitespace-normal [.text-message+&amp;]:mt-1\" dir=\"auto\" data-message-author-role=\"assistant\" data-message-id=\"43b070d6-bf28-4fbe-8049-1032a61ea3ac\" data-message-model-slug=\"gpt-5\">\n<div class=\"flex w-full flex-col gap-1 empty:hidden first:pt-[1px]\">\n<div class=\"markdown prose dark:prose-invert w-full break-words light markdown-new-styling\">\n<ul>\n<li data-start=\"4119\" data-end=\"4207\">\n<p data-start=\"4122\" data-end=\"4207\"><strong data-start=\"4122\" data-end=\"4205\">UZY 150K Puffs 6 em 1 Troca de Sabor Vape Pen Dispens\u00e1vel \u2013 Atacado na UE<\/strong><\/p>\n<\/li>\n<li data-start=\"4208\" data-end=\"4294\">\n<p data-start=\"4211\" data-end=\"4294\"><strong data-start=\"4211\" data-end=\"4292\">Atacado UZY 150000 Puff Vape Pen \u2013 6 Sabores, Tela Inteligente, Recarreg\u00e1vel Tipo-C<\/strong><\/p>\n<\/li>\n<li data-start=\"4295\" data-end=\"4386\" data-is-last-node=\"\">\n<p data-start=\"4298\" data-end=\"4386\" data-is-last-node=\"\"><strong data-start=\"4298\" data-end=\"4386\" data-is-last-node=\"\">UZY 150K Puffs Vape Dispens\u00e1vel Multi-Sabor \u2013 Sabor Completo em Stock<\/strong><\/p>\n<\/li>\n<\/ul>\n<\/div>\n<\/div>\n<\/div>\n<\/div>\n<\/div>\n<\/div>\n<\/article>\n<p><img fetchpriority=\"high\" decoding=\"async\" class=\"size-full wp-image-2932\" src=\"https:\/\/vapestornado.com\/wp-content\/uploads\/2024\/12\/Vape-Wholesale.jpg\" alt=\"Vape Atacado\" width=\"229\" height=\"300\" \/><\/p>\n<h3><a href=\"https:\/\/wa.me\/8617776015835\"><span style=\"color: #ff0000;\"><strong>WhatsApp: +86 17776015835<\/strong><\/span><\/a><\/h3>\n<p>&nbsp;<\/p>","protected":false},"featured_media":4526,"comment_status":"open","ping_status":"closed","template":"","meta":{"_acf_changed":false,"_uag_custom_page_level_css":"","_lmt_disableupdate":"no","_lmt_disable":"","_monsterinsights_skip_tracking":false,"_monsterinsights_sitenote_active":false,"_monsterinsights_sitenote_note":"","_monsterinsights_sitenote_category":0,"site-sidebar-layout":"default","site-content-layout":"","ast-site-content-layout":"default","site-content-style":"default","site-sidebar-style":"default","ast-global-header-display":"","ast-banner-title-visibility":"","ast-main-header-display":"","ast-hfb-above-header-display":"","ast-hfb-below-header-display":"","ast-hfb-mobile-header-display":"","site-post-title":"","ast-breadcrumbs-content":"","ast-featured-img":"","footer-sml-layout":"","ast-disable-related-posts":"","theme-transparent-header-meta":"default","adv-header-id-meta":"","stick-header-meta":"","header-above-stick-meta":"","header-main-stick-meta":"","header-below-stick-meta":"","astra-migrate-meta-layouts":"set","ast-page-background-enabled":"default","ast-page-background-meta":{"desktop":{"background-color":"","background-image":"","background-repeat":"repeat","background-position":"center center","background-size":"auto","background-attachment":"scroll","background-type":"","background-media":"","overlay-type":"","overlay-color":"","overlay-opacity":"","overlay-gradient":""},"tablet":{"background-color":"","background-image":"","background-repeat":"repeat","background-position":"center center","background-size":"auto","background-attachment":"scroll","background-type":"","background-media":"","overlay-type":"","overlay-color":"","overlay-opacity":"","overlay-gradient":""},"mobile":{"background-color":"","background-image":"","background-repeat":"repeat","background-position":"center center","background-size":"auto","background-attachment":"scroll","background-type":"","background-media":"","overlay-type":"","overlay-color":"","overlay-opacity":"","overlay-gradient":""}},"ast-content-background-meta":{"desktop":{"background-color":"var(--ast-global-color-5)","background-image":"","background-repeat":"repeat","background-position":"center center","background-size":"auto","background-attachment":"scroll","background-type":"","background-media":"","overlay-type":"","overlay-color":"","overlay-opacity":"","overlay-gradient":""},"tablet":{"background-color":"var(--ast-global-color-5)","background-image":"","background-repeat":"repeat","background-position":"center center","background-size":"auto","background-attachment":"scroll","background-type":"","background-media":"","overlay-type":"","overlay-color":"","overlay-opacity":"","overlay-gradient":""},"mobile":{"background-color":"var(--ast-global-color-5)","background-image":"","background-repeat":"repeat","background-position":"center center","background-size":"auto","background-attachment":"scroll","background-type":"","background-media":"","overlay-type":"","overlay-color":"","overlay-opacity":"","overlay-gradient":""}},"_joinchat":{"telephone":"17776015835"}},"product_brand":[],"product_cat":[394,150,156,158,159,142,357,144,356],"product_tag":[105,426,427,94,425,301],"class_list":{"0":"post-4529","1":"product","2":"type-product","3":"status-publish","4":"has-post-thumbnail","6":"product_cat-150000-puff","7":"product_cat-buy-disposable-vapes-in-belgium","8":"product_cat-buy-disposable-vapes-in-poland","9":"product_cat-buy-disposable-vapes-in-spain","10":"product_cat-buy-disposable-vapes-in-sweden","11":"product_cat-digital-box-disposable-vapes","12":"product_cat-flavor-adjustable-vape","13":"product_cat-low-nicotine-disposable-vapes","14":"product_cat-uzy-vape","15":"product_tag-digital-disposable-vape","16":"product_tag-flavor-switch-disposable-vape","17":"product_tag-multi-flaovr-vape","18":"product_tag-rechargeable-disposable-vape","19":"product_tag-uzy-150k-puffs","20":"product_tag-vapor-wholesale","21":"desktop-align-left","22":"tablet-align-left","23":"mobile-align-left","25":"first","26":"instock","27":"sale","28":"shipping-taxable","29":"purchasable","30":"product-type-simple"},"acf":[],"uagb_featured_image_src":{"full":["https:\/\/vapestornado.com\/wp-content\/uploads\/2025\/11\/UZY-150000-Puffs-Rechargeable-Vape-with-Smart-Screen.webp",800,800,false],"thumbnail":["https:\/\/vapestornado.com\/wp-content\/uploads\/2025\/11\/UZY-150000-Puffs-Rechargeable-Vape-with-Smart-Screen-150x150.webp",150,150,true],"medium":["https:\/\/vapestornado.com\/wp-content\/uploads\/2025\/11\/UZY-150000-Puffs-Rechargeable-Vape-with-Smart-Screen-300x300.webp",300,300,true],"medium_large":["https:\/\/vapestornado.com\/wp-content\/uploads\/2025\/11\/UZY-150000-Puffs-Rechargeable-Vape-with-Smart-Screen-768x768.webp",768,768,true],"large":["https:\/\/vapestornado.com\/wp-content\/uploads\/2025\/11\/UZY-150000-Puffs-Rechargeable-Vape-with-Smart-Screen.webp",800,800,false],"1536x1536":["https:\/\/vapestornado.com\/wp-content\/uploads\/2025\/11\/UZY-150000-Puffs-Rechargeable-Vape-with-Smart-Screen.webp",800,800,false],"2048x2048":["https:\/\/vapestornado.com\/wp-content\/uploads\/2025\/11\/UZY-150000-Puffs-Rechargeable-Vape-with-Smart-Screen.webp",800,800,false],"trp-custom-language-flag":["https:\/\/vapestornado.com\/wp-content\/uploads\/2025\/11\/UZY-150000-Puffs-Rechargeable-Vape-with-Smart-Screen-12x12.webp",12,12,true],"woocommerce_thumbnail":["https:\/\/vapestornado.com\/wp-content\/uploads\/2025\/11\/UZY-150000-Puffs-Rechargeable-Vape-with-Smart-Screen-300x300.webp",300,300,true],"woocommerce_single":["https:\/\/vapestornado.com\/wp-content\/uploads\/2025\/11\/UZY-150000-Puffs-Rechargeable-Vape-with-Smart-Screen-600x600.webp",600,600,true],"woocommerce_gallery_thumbnail":["https:\/\/vapestornado.com\/wp-content\/uploads\/2025\/11\/UZY-150000-Puffs-Rechargeable-Vape-with-Smart-Screen-100x100.webp",100,100,true]},"uagb_author_info":{"display_name":"ESAMY","author_link":"https:\/\/vapestornado.com\/pt\/author\/"},"uagb_comment_info":1,"uagb_excerpt":"UZY 150K Puffs 6 in 1 Flavor Switch Disposable Vape Pen \u2013 EU Wholesale Wholesale UZY 150000 Puff Vape Pen \u2013 6 Flavors, Smart Screen, Type-C Rechargeable UZY 150K Puffs Multi-Flavor Disposable Vape\u00a0 Pen\u00a0 Full Flavor in Stock WhatsApp: +86 17776015835 &nbsp;","_links":{"self":[{"href":"https:\/\/vapestornado.com\/pt\/wp-json\/wp\/v2\/product\/4529","targetHints":{"allow":["GET"]}}],"collection":[{"href":"https:\/\/vapestornado.com\/pt\/wp-json\/wp\/v2\/product"}],"about":[{"href":"https:\/\/vapestornado.com\/pt\/wp-json\/wp\/v2\/types\/product"}],"replies":[{"embeddable":true,"href":"https:\/\/vapestornado.com\/pt\/wp-json\/wp\/v2\/comments?post=4529"}],"wp:featuredmedia":[{"embeddable":true,"href":"https:\/\/vapestornado.com\/pt\/wp-json\/wp\/v2\/media\/4526"}],"wp:attachment":[{"href":"https:\/\/vapestornado.com\/pt\/wp-json\/wp\/v2\/media?parent=4529"}],"wp:term":[{"taxonomy":"product_brand","embeddable":true,"href":"https:\/\/vapestornado.com\/pt\/wp-json\/wp\/v2\/product_brand?post=4529"},{"taxonomy":"product_cat","embeddable":true,"href":"https:\/\/vapestornado.com\/pt\/wp-json\/wp\/v2\/product_cat?post=4529"},{"taxonomy":"product_tag","embeddable":true,"href":"https:\/\/vapestornado.com\/pt\/wp-json\/wp\/v2\/product_tag?post=4529"}],"curies":[{"name":"wp","href":"https:\/\/api.w.org\/{rel}","templated":true}]}}