{"id":4507,"date":"2025-11-01T09:04:49","date_gmt":"2025-11-01T09:04:49","guid":{"rendered":"https:\/\/vapestornado.com\/?post_type=product&#038;p=4507"},"modified":"2025-11-06T08:20:36","modified_gmt":"2025-11-06T08:20:36","slug":"aivono-avn-150k-puff-150000-8-in-1-0-nicotine-free-disposable-vape-pen-kit-wholesale","status":"publish","type":"product","link":"https:\/\/vapestornado.com\/pt\/product\/aivono-avn-150k-puff-150000-8-in-1-0-nicotine-free-disposable-vape-pen-kit-wholesale\/","title":{"rendered":"AIVONO AVN 150K Puffs 150000 8 em 1 Vape Descart\u00e1vel Sem Nicotina Kit Atacado"},"content":{"rendered":"<h1 data-pm-slice=\"1 1 []\">Kit de Vape Descart\u00e1vel Sem Nicotina AIVONO AVN 150K Puff Atacado \u2013 Pot\u00eancia M\u00e1xima 8 em 1<\/h1>\n<p data-start=\"110\" data-end=\"659\">O <strong data-start=\"114\" data-end=\"162\">Kit de Vape Descart\u00e1vel AIVONO AVN 150K Puff<\/strong> \u00e9 uma nova estrela no mercado de vapes descart\u00e1veis, que combina desempenho, sabor e liberdade \u2014 tudo num dispositivo. <strong data-start=\"250\" data-end=\"273\">at\u00e9 150.000 puffs<\/strong>, esta pr\u00f3xima gera\u00e7\u00e3o <strong data-start=\"296\" data-end=\"329\">de vape descart\u00e1vel sem nicotina<\/strong> redefine o prazer duradouro. Alimentado por um <strong data-start=\"378\" data-end=\"409\">bateria recarreg\u00e1vel de 850mAh<\/strong> e <strong data-start=\"416\" data-end=\"445\">sistema de bobina de malha 4 \u00d7 1.2\u03a9<\/strong>, oferece vapor puro e suave com sa\u00edda est\u00e1vel. O seu <strong data-start=\"502\" data-end=\"522\">Ecr\u00e3 inteligente LED<\/strong> fornece atualiza\u00e7\u00f5es em tempo real sobre o modo de pot\u00eancia e sabor, enquanto o <strong data-start=\"583\" data-end=\"605\">carregamento r\u00e1pido Type-C<\/strong> garante que nunca ficar\u00e1 muito tempo \u00e0 espera entre sess\u00f5es.<\/p>\n<p data-start=\"661\" data-end=\"1153\">Perfeito para distribui\u00e7\u00e3o por atacado, o <strong data-start=\"701\" data-end=\"720\">AIVONO AVN 150K<\/strong> oferece <strong data-start=\"728\" data-end=\"746\">8 modos de sabor<\/strong> \u2014 quatro sabores \u00fanicos e quatro combina\u00e7\u00f5es de fus\u00e3o \u2014 todos embalados no interior <strong data-start=\"811\" data-end=\"839\">58ml de e-l\u00edquido premium<\/strong>. Isto significa que cada tragada permanece rica e consistente, tornando-se ideal para vaporizadores que procuram uma <strong data-start=\"977\" data-end=\"1017\">vape descart\u00e1vel limpo e sem nicotina<\/strong> op\u00e7\u00e3o. Projetado para compradores em massa, \u00e9 um <strong data-start=\"1059\" data-end=\"1082\">produto de alta margem<\/strong> com procura comprovada em <strong data-start=\"1105\" data-end=\"1150\">Portugal, Espanha, Fran\u00e7a, Pol\u00f3nia, It\u00e1lia e na maioria dos pa\u00edses da UE.<\/strong><\/p>\n<p data-start=\"666\" data-end=\"1235\"><strong style=\"font-size: 16px;\"><span style=\"color: #ff0000;\">Adicione o WhatsApp da Amy para obter uma resposta imediata e um pre\u00e7o com desconto!<\/span><\/strong><\/p>\n<p><img fetchpriority=\"high\" decoding=\"async\" class=\"size-full wp-image-2932\" src=\"https:\/\/vapestornado.com\/wp-content\/uploads\/2024\/12\/Vape-Wholesale.jpg\" alt=\"Vape Atacado\" width=\"229\" height=\"300\" \/><\/p>\n<h3><a href=\"https:\/\/wa.me\/8617776015835\" target=\"_blank\" rel=\"noopener\"><span style=\"color: #ff0000;\"><strong>WhatsApp: +86 17776015835<\/strong><\/span><\/a><\/h3>\n<p>&nbsp;<\/p>\n<h2><strong>Recursos principais do produto AIVONO AVN 150K Puff<\/strong><\/h2>\n<ul>\n<li data-start=\"1177\" data-end=\"1213\">\n<p data-start=\"1179\" data-end=\"1213\">Capacidade de Vaporiza\u00e7\u00f5es: <strong data-start=\"1194\" data-end=\"1211\">150.000 tragadas<\/strong><\/p>\n<\/li>\n<li data-start=\"1214\" data-end=\"1243\">\n<p data-start=\"1216\" data-end=\"1243\">Volume de E-l\u00edquido: <strong data-start=\"1233\" data-end=\"1241\">58ml<\/strong><\/p>\n<\/li>\n<li data-start=\"1244\" data-end=\"1295\">\n<p data-start=\"1246\" data-end=\"1295\">Nicotina: <strong data-start=\"1255\" data-end=\"1293\">0% 2% 5% (Vape descart\u00e1vel sem nicotina)<\/strong><\/p>\n<\/li>\n<li data-start=\"1296\" data-end=\"1339\">\n<p data-start=\"1298\" data-end=\"1339\">Bateria: <strong data-start=\"1307\" data-end=\"1337\">850mAh Recarreg\u00e1vel Tipo-C<\/strong><\/p>\n<\/li>\n<li data-start=\"1340\" data-end=\"1387\">\n<p data-start=\"1342\" data-end=\"1387\">Resist\u00eancia: <strong data-start=\"1348\" data-end=\"1385\">4 \u00d7 1,2\u03a9 Bobina de malha para vapor rico<\/strong><\/p>\n<\/li>\n<li data-start=\"1388\" data-end=\"1446\">\n<p data-start=\"1390\" data-end=\"1446\">Ecr\u00e3: <strong data-start=\"1399\" data-end=\"1444\">Ecr\u00e3 LED inteligente para modos de pot\u00eancia e sabor<\/strong><\/p>\n<\/li>\n<li data-start=\"1447\" data-end=\"1493\">\n<p data-start=\"1449\" data-end=\"1493\">Design: <strong data-start=\"1457\" data-end=\"1491\">Sistema de cartucho de sabor 8-em-1<\/strong><\/p>\n<\/li>\n<li data-start=\"1494\" data-end=\"1552\">\n<p data-start=\"1496\" data-end=\"1552\">Ideal para: <strong data-start=\"1507\" data-end=\"1550\">Compradores por grosso e distribuidores de vaporizadores da UE<\/strong><\/p>\n<\/li>\n<\/ul>\n<h2 class=\"product-title\"><strong>Lista de sabores de pods descart\u00e1veis AIVONO AVN 150K Puffs<\/strong><\/h2>\n<article class=\"w-full text-token-text-primary focus-visible:outline-2 focus-visible:outline-offset-[-4px]\" dir=\"auto\" data-testid=\"conversation-turn-32\" data-scroll-anchor=\"false\">\n<div class=\"m-auto text-base py-[18px] px-6\">\n<div class=\"mx-auto flex flex-1 text-base gap-4 md:gap-5 lg:gap-6 md:max-w-3xl lg:max-w-[40rem] xl:max-w-[48rem]\">\n<div class=\"group\/conversation-turn relative flex w-full min-w-0 flex-col @xs\/thread:px-0 @sm\/thread:px-1.5 @md\/thread:px-4\">\n<div class=\"flex-col gap-1 md:gap-3\">\n<div class=\"flex max-w-full flex-col flex-grow\">\n<div class=\"min-h-8 text-message flex w-full flex-col items-end gap-2 whitespace-normal break-words text-start [.text-message+&amp;]:mt-5\" dir=\"auto\" data-message-author-role=\"user\" data-message-id=\"ffac41ca-1db4-431b-873a-32c4052956f1\">\n<div class=\"flex w-full flex-col gap-1 empty:hidden items-end rtl:items-start\">\n<div class=\"relative max-w-[var(--user-chat-width,70%)] rounded-3xl bg-token-message-surface px-5 py-2.5\">\n<div class=\"absolute bottom-0 right-full top-0 -mr-3.5 hidden pr-5 pt-2 [.group\/conversation-turn:hover_&amp;]:flex\">\n<div class=\"flex\">\n<article class=\"w-full text-token-text-primary focus-visible:outline-2 focus-visible:outline-offset-[-4px]\" dir=\"auto\" data-testid=\"conversation-turn-39\" data-scroll-anchor=\"true\">\n<div class=\"m-auto text-base py-[18px] px-6\">\n<div class=\"mx-auto flex flex-1 text-base gap-4 md:gap-5 lg:gap-6 md:max-w-3xl lg:max-w-[40rem] xl:max-w-[48rem]\">\n<div class=\"group\/conversation-turn relative flex w-full min-w-0 flex-col agent-turn @xs\/thread:px-0 @sm\/thread:px-1.5 @md\/thread:px-4\">\n<div class=\"flex-col gap-1 md:gap-3\">\n<div class=\"flex max-w-full flex-col flex-grow\">\n<div class=\"min-h-8 text-message flex w-full flex-col items-end gap-2 whitespace-normal break-words text-start [.text-message+&amp;]:mt-5\" dir=\"auto\" data-message-author-role=\"assistant\" data-message-id=\"55a23854-ec57-48dd-bd4f-6118f43d6241\" data-message-model-slug=\"gpt-4o\">\n<div class=\"flex w-full flex-col gap-1 empty:hidden first:pt-[3px]\">\n<div class=\"markdown prose w-full break-words dark:prose-invert light\">\n<ol data-start=\"1596\" data-end=\"2226\">\n<li data-start=\"1596\" data-end=\"1664\">\n<p data-start=\"1599\" data-end=\"1664\">Morango Ice + Melancia Ice + P\u00eassego Ice + Maracuj\u00e1 Ice<\/p>\n<\/li>\n<li data-start=\"1665\" data-end=\"1730\">\n<p data-start=\"1668\" data-end=\"1730\">Morango Ice + Mirtilo Ice + Uva Ice + Ma\u00e7\u00e3 Verde Ice<\/p>\n<\/li>\n<li data-start=\"1731\" data-end=\"1782\">\n<p data-start=\"1734\" data-end=\"1782\">Morango Ice + Manga + Abacaxi + Gelado<\/p>\n<\/li>\n<li data-start=\"1783\" data-end=\"1853\">\n<p data-start=\"1786\" data-end=\"1853\">Mirtilo Ice + Framboesa Lim\u00e3o Ice + Chiclete de Melancia + Hortel\u00e3<\/p>\n<\/li>\n<li data-start=\"1854\" data-end=\"1897\">\n<p data-start=\"1857\" data-end=\"1897\">Melancia + Framboesa + Cereja + Cola<\/p>\n<\/li>\n<li data-start=\"1898\" data-end=\"1959\">\n<p data-start=\"1901\" data-end=\"1959\">Uva Ice + Manga P\u00eassego + Melancia Ice + Mirtilo Ice<\/p>\n<\/li>\n<li data-start=\"1960\" data-end=\"2021\">\n<p data-start=\"1963\" data-end=\"2021\">Kiwi Morango + Coco Mirtilo + Ameixa Mista + Manga<\/p>\n<\/li>\n<li data-start=\"2022\" data-end=\"2083\">\n<p data-start=\"2025\" data-end=\"2083\">Banana Ice + Morango Ice + Melancia Ice + Lim\u00e3o Ice<\/p>\n<\/li>\n<li data-start=\"2084\" data-end=\"2159\">\n<p data-start=\"2087\" data-end=\"2159\">Morango Ice + Abacaxi Coco Ice + Manga Ice + Maracuj\u00e1 Ice<\/p>\n<\/li>\n<li data-start=\"2160\" data-end=\"2226\">\n<p data-start=\"2164\" data-end=\"2226\">Abacaxi Coco + Lim\u00e3o Ice + Mirtilo Ice + Bebida Energ\u00e9tica<\/p>\n<\/li>\n<\/ol>\n<p>O <strong data-start=\"2232\" data-end=\"2245\">Puff 150K<\/strong> redefine o desempenho descart\u00e1vel \u2014 sem recargas, sem nicotina, sem compromissos. Ideal para <strong data-start=\"2331\" data-end=\"2344\">atacado<\/strong> e <strong data-start=\"2349\" data-end=\"2367\">revendedores de vaporizadores<\/strong> em toda a Europa procurando um <strong data-start=\"2392\" data-end=\"2421\">kit de vaporizador descart\u00e1vel barato<\/strong> que combina estilo, sabor e sustentabilidade.<\/p>\n<figure id=\"attachment_4518\" aria-describedby=\"caption-attachment-4518\" style=\"width: 800px\" class=\"wp-caption alignnone\"><img decoding=\"async\" class=\"wp-image-4518 size-full\" src=\"https:\/\/vapestornado.com\/wp-content\/uploads\/2025\/11\/AIVONO-AVN-150k-150000-Puffs-Disposable-Vape-Pod-Rechargeable.webp\" alt=\"Vape descart\u00e1vel AIVONO AVN 150k 150000 Puffs com pod recarreg\u00e1vel\" width=\"800\" height=\"800\" srcset=\"https:\/\/vapestornado.com\/wp-content\/uploads\/2025\/11\/AIVONO-AVN-150k-150000-Puffs-Disposable-Vape-Pod-Rechargeable.webp 800w, https:\/\/vapestornado.com\/wp-content\/uploads\/2025\/11\/AIVONO-AVN-150k-150000-Puffs-Disposable-Vape-Pod-Rechargeable-300x300.webp 300w, https:\/\/vapestornado.com\/wp-content\/uploads\/2025\/11\/AIVONO-AVN-150k-150000-Puffs-Disposable-Vape-Pod-Rechargeable-150x150.webp 150w, https:\/\/vapestornado.com\/wp-content\/uploads\/2025\/11\/AIVONO-AVN-150k-150000-Puffs-Disposable-Vape-Pod-Rechargeable-768x768.webp 768w, https:\/\/vapestornado.com\/wp-content\/uploads\/2025\/11\/AIVONO-AVN-150k-150000-Puffs-Disposable-Vape-Pod-Rechargeable-12x12.webp 12w, https:\/\/vapestornado.com\/wp-content\/uploads\/2025\/11\/AIVONO-AVN-150k-150000-Puffs-Disposable-Vape-Pod-Rechargeable-600x600.webp 600w, https:\/\/vapestornado.com\/wp-content\/uploads\/2025\/11\/AIVONO-AVN-150k-150000-Puffs-Disposable-Vape-Pod-Rechargeable-100x100.webp 100w\" sizes=\"(max-width: 800px) 100vw, 800px\" \/><figcaption id=\"caption-attachment-4518\" class=\"wp-caption-text\">Vape descart\u00e1vel AIVONO AVN 150k 150000 Puffs com pod recarreg\u00e1vel<\/figcaption><\/figure>\n<\/div>\n<\/div>\n<\/div>\n<\/div>\n<\/div>\n<\/div>\n<\/div>\n<\/div>\n<\/article>\n<\/div>\n<\/div>\n<\/div>\n<\/div>\n<\/div>\n<\/div>\n<\/div>\n<\/div>\n<\/div>\n<\/div>\n<\/article>\n<h2>Por que escolher a Vapestornado para compra em massa do AIVONO AVN 150K Puff?<\/h2>\n<div class=\"flex-shrink-0 flex flex-col relative items-end\">\n<div class=\"pt-0\">\n<div class=\"gizmo-bot-avatar flex h-8 w-8 items-center justify-center overflow-hidden rounded-full\">\n<div class=\"relative p-1 rounded-sm flex items-center justify-center bg-token-main-surface-primary text-token-text-primary h-8 w-8\">\n<p>At\u00a0<strong>VapeTornado<\/strong>, orgulhamo-nos de oferecer\u00a0<strong>produtos de vaping premium a pre\u00e7os imbat\u00edveis<\/strong>\u2014e o Waspe Aiviou 3 em 1 60000 puffs n\u00e3o \u00e9 exce\u00e7\u00e3o! Eis porque deve comprar connosco:<\/p>\n<p><strong>Melhores Pre\u00e7os Grossistas<\/strong>\u00a0\u2013 Oferecemos\u00a0<strong>pre\u00e7os competitivos a granel<\/strong><span style=\"font-size: 16px;\">, tornando-nos a melhor escolha para revendedores e lojas de vape.<\/span><\/p>\n<p><strong>R\u00e1pido<\/strong>\u00a0\u2013 Receba a sua encomenda entregue\u00a0<strong>de forma r\u00e1pida e segura<\/strong>, com op\u00e7\u00f5es de envio para todo o mundo.<br \/>\n<strong>Produtos Aut\u00eanticos 100%<\/strong>\u00a0\u2013 Sem imita\u00e7\u00f5es\u2014apenas\u00a0<strong>Descart\u00e1veis genu\u00ednos WASPE Triple<\/strong>\u00a0com qualidade verificada.<br \/>\n<strong>Excelente Apoio ao Cliente<\/strong>\u00a0\u2013 Tem perguntas? Os nossos\u00a0<strong>especialistas em vape<\/strong> est\u00e3o prontos para o ajudar 24\/7.<\/p>\n<p><strong>N\u00e3o espere \u2014 encomende j\u00e1 o seu Waspe Aiviou 3 em 1 60000 puffs da VapeTornado e desfrute da m\u00e1xima satisfa\u00e7\u00e3o de vaporiza\u00e7\u00e3o!<\/strong><\/p>\n<p data-start=\"559\" data-end=\"933\" data-is-last-node=\"\" data-is-only-node=\"\">Tamb\u00e9m temos alguns outros vapes populares com ecr\u00e3 como <a href=\"https:\/\/vapestornado.com\/pt\/product\/mesii-couple-50k-disposable-shisha-hookah-50000-puffs-vape-with-digital-display\/\">Mesii casal 50000<\/a>, <a href=\"https:\/\/vapestornado.com\/pt\/product\/vopk-cool-9000-puffs-disposable-vapes-bar-puff-9k\/\">VOPK 9000 Puff Vape Descart\u00e1vel<\/a>, <a href=\"https:\/\/vapestornado.com\/pt\/product\/bang-beach-22000-20k-puff-disposable-vape-pen-with-screen-reddit-hot\/\">Bang Praia 22000<\/a>, e mais.<\/p>\n<\/div>\n<div class=\"relative p-1 rounded-sm flex items-center justify-center bg-token-main-surface-primary text-token-text-primary h-8 w-8\">\n<h2>Perguntas Frequentes sobre o AIM 150K Puff<\/h2>\n<p data-start=\"2521\" data-end=\"2673\"><strong data-start=\"2521\" data-end=\"2572\">1. Quanto tempo dura o AIVONO AVN 150K Puff?<\/strong><br data-start=\"2572\" data-end=\"2575\" \/>Cada kit fornece at\u00e9 <strong data-start=\"2599\" data-end=\"2616\">150.000 tragos<\/strong>, suportado por uma bateria recarreg\u00e1vel para uso prolongado.<\/p>\n<p data-start=\"2675\" data-end=\"2823\"><strong data-start=\"2675\" data-end=\"2719\">2. O AIVONO AVN 150K \u00e9 livre de nicotina?<\/strong><br data-start=\"2719\" data-end=\"2722\" \/>Sim, \u00e9 um <strong data-start=\"2734\" data-end=\"2767\">vape descart\u00e1vel sem nicotina<\/strong>, perfeito para quem deseja sabor sem depend\u00eancia.<\/p>\n<p data-start=\"2825\" data-end=\"2945\"><strong data-start=\"2825\" data-end=\"2867\">3. Posso recarregar o AIVONO AVN 150K?<\/strong><br data-start=\"2867\" data-end=\"2870\" \/>Com certeza. Possui uma <strong data-start=\"2896\" data-end=\"2911\">Tipo-C<\/strong> para recarga r\u00e1pida e confi\u00e1vel.<\/p>\n<p data-start=\"2947\" data-end=\"3176\"><strong data-start=\"2947\" data-end=\"3011\">4. O que torna o AIVONO AVN 150K ideal para compradores por atacado?<\/strong><br data-start=\"3011\" data-end=\"3014\" \/>O seu <strong data-start=\"3018\" data-end=\"3042\">Sistema de sabores 8-em-1<\/strong>, <strong data-start=\"3044\" data-end=\"3063\">Contagem de tragos de 150K<\/strong>e <strong data-start=\"3069\" data-end=\"3089\">Pre\u00e7o acess\u00edvel<\/strong> tornando-o ideal para <strong data-start=\"3108\" data-end=\"3127\">distribuidores na UE<\/strong> que procuram produtos de alta demanda e baixa manuten\u00e7\u00e3o.<\/p>\n<p data-start=\"3178\" data-end=\"3404\"><strong data-start=\"3178\" data-end=\"3238\">5. Como se compara aos vaporizadores regulares de 20K ou 40K baforadas?<\/strong><br data-start=\"3238\" data-end=\"3241\" \/>O AIVONO AVN 150K oferece <strong data-start=\"3268\" data-end=\"3291\">tripla capacidade<\/strong>, <strong data-start=\"3293\" data-end=\"3320\">v\u00e1rias op\u00e7\u00f5es de sabores<\/strong>e <strong data-start=\"3326\" data-end=\"3342\">sem nicotina<\/strong>, tornando-o mais limpo e mais econ\u00f3mico a longo prazo.<\/p>\n<\/div>\n<\/div>\n<\/div>\n<\/div>","protected":false},"excerpt":{"rendered":"<article class=\"text-token-text-primary w-full focus:outline-none [--shadow-height:45px] has-data-writing-block:pointer-events-none has-data-writing-block:-mt-(--shadow-height) has-data-writing-block:pt-(--shadow-height) [&amp;:has([data-writing-block])&gt;*]:pointer-events-auto [content-visibility:auto] supports-[content-visibility:auto]:[contain-intrinsic-size:auto_100lvh] scroll-mt-[calc(var(--header-height)+min(200px,max(70px,20svh)))]\" dir=\"auto\" tabindex=\"-1\" data-turn-id=\"86ca9d92-7a10-4e6b-bda0-15f9df36adca\" data-testid=\"conversation-turn-120\" data-scroll-anchor=\"true\" data-turn=\"assistant\">\n<div class=\"text-base my-auto mx-auto pb-10 [--thread-content-margin:--spacing(4)] thread-sm:[--thread-content-margin:--spacing(6)] thread-lg:[--thread-content-margin:--spacing(16)] px-(--thread-content-margin)\">\n<div class=\"[--thread-content-max-width:40rem] thread-lg:[--thread-content-max-width:48rem] mx-auto max-w-(--thread-content-max-width) flex-1 group\/turn-messages focus-visible:outline-hidden relative flex w-full min-w-0 flex-col agent-turn\" tabindex=\"-1\">\n<div class=\"flex max-w-full flex-col grow\">\n<div class=\"min-h-8 text-message relative flex w-full flex-col items-end gap-2 text-start break-words whitespace-normal [.text-message+&amp;]:mt-1\" dir=\"auto\" data-message-author-role=\"assistant\" data-message-id=\"43b070d6-bf28-4fbe-8049-1032a61ea3ac\" data-message-model-slug=\"gpt-5\">\n<div class=\"flex w-full flex-col gap-1 empty:hidden first:pt-[1px]\">\n<div class=\"markdown prose dark:prose-invert w-full break-words light markdown-new-styling\">\n<p data-start=\"3706\" data-end=\"3787\"><strong data-start=\"3706\" data-end=\"3785\">Kit de Vape Sem Nicotina AIVONO AVN 150K Puffs \u2013 Pot\u00eancia 8 em 1 para Atacado na UE<\/strong><\/p>\n<p data-start=\"3791\" data-end=\"3865\"><strong data-start=\"3791\" data-end=\"3863\">Puff 150K da AIVONO \u2013 Vape Descart\u00e1vel de Longa Dura\u00e7\u00e3o Sem Nicotina<\/strong><\/p>\n<p data-start=\"3869\" data-end=\"3952\" data-is-last-node=\"\"><strong data-start=\"3869\" data-end=\"3952\" data-is-last-node=\"\">AIVONO AVN 150K Vape Atacado: Vape Descart\u00e1vel 8 em 1 Sem Nicotina para o Mercado da UE<\/strong><\/p>\n<\/div>\n<\/div>\n<\/div>\n<\/div>\n<\/div>\n<\/div>\n<\/article>\n<p><img fetchpriority=\"high\" decoding=\"async\" class=\"size-full wp-image-2932\" src=\"https:\/\/vapestornado.com\/wp-content\/uploads\/2024\/12\/Vape-Wholesale.jpg\" alt=\"Vape Atacado\" width=\"229\" height=\"300\" \/><\/p>\n<h3><a href=\"https:\/\/wa.me\/8617776015835\"><span style=\"color: #ff0000;\"><strong>WhatsApp: +86 17776015835<\/strong><\/span><\/a><\/h3>\n<p>&nbsp;<\/p>","protected":false},"featured_media":4514,"comment_status":"open","ping_status":"closed","template":"","meta":{"_acf_changed":false,"_uag_custom_page_level_css":"","_lmt_disableupdate":"no","_lmt_disable":"","_monsterinsights_skip_tracking":false,"_monsterinsights_sitenote_active":false,"_monsterinsights_sitenote_note":"","_monsterinsights_sitenote_category":0,"site-sidebar-layout":"default","site-content-layout":"","ast-site-content-layout":"default","site-content-style":"default","site-sidebar-style":"default","ast-global-header-display":"","ast-banner-title-visibility":"","ast-main-header-display":"","ast-hfb-above-header-display":"","ast-hfb-below-header-display":"","ast-hfb-mobile-header-display":"","site-post-title":"","ast-breadcrumbs-content":"","ast-featured-img":"","footer-sml-layout":"","ast-disable-related-posts":"","theme-transparent-header-meta":"default","adv-header-id-meta":"","stick-header-meta":"","header-above-stick-meta":"","header-main-stick-meta":"","header-below-stick-meta":"","astra-migrate-meta-layouts":"set","ast-page-background-enabled":"default","ast-page-background-meta":{"desktop":{"background-color":"","background-image":"","background-repeat":"repeat","background-position":"center center","background-size":"auto","background-attachment":"scroll","background-type":"","background-media":"","overlay-type":"","overlay-color":"","overlay-opacity":"","overlay-gradient":""},"tablet":{"background-color":"","background-image":"","background-repeat":"repeat","background-position":"center center","background-size":"auto","background-attachment":"scroll","background-type":"","background-media":"","overlay-type":"","overlay-color":"","overlay-opacity":"","overlay-gradient":""},"mobile":{"background-color":"","background-image":"","background-repeat":"repeat","background-position":"center center","background-size":"auto","background-attachment":"scroll","background-type":"","background-media":"","overlay-type":"","overlay-color":"","overlay-opacity":"","overlay-gradient":""}},"ast-content-background-meta":{"desktop":{"background-color":"var(--ast-global-color-5)","background-image":"","background-repeat":"repeat","background-position":"center center","background-size":"auto","background-attachment":"scroll","background-type":"","background-media":"","overlay-type":"","overlay-color":"","overlay-opacity":"","overlay-gradient":""},"tablet":{"background-color":"var(--ast-global-color-5)","background-image":"","background-repeat":"repeat","background-position":"center center","background-size":"auto","background-attachment":"scroll","background-type":"","background-media":"","overlay-type":"","overlay-color":"","overlay-opacity":"","overlay-gradient":""},"mobile":{"background-color":"var(--ast-global-color-5)","background-image":"","background-repeat":"repeat","background-position":"center center","background-size":"auto","background-attachment":"scroll","background-type":"","background-media":"","overlay-type":"","overlay-color":"","overlay-opacity":"","overlay-gradient":""}},"_joinchat":{"telephone":"17776015835"}},"product_brand":[],"product_cat":[176,152,153,156,142,357,144],"product_tag":[245,423,422,105,424,94,301],"class_list":{"0":"post-4507","1":"product","2":"type-product","3":"status-publish","4":"has-post-thumbnail","6":"product_cat-aivono-vape","7":"product_cat-buy-disposable-vapes-in-cermany","8":"product_cat-buy-disposable-vapes-in-italy","9":"product_cat-buy-disposable-vapes-in-poland","10":"product_cat-digital-box-disposable-vapes","11":"product_cat-flavor-adjustable-vape","12":"product_cat-low-nicotine-disposable-vapes","13":"product_tag-0-nicotine-disposable-vape","14":"product_tag-aivono-150000-puffs","15":"product_tag-aivono-avn-150k","16":"product_tag-digital-disposable-vape","17":"product_tag-nicotine-free-disposable-vape","18":"product_tag-rechargeable-disposable-vape","19":"product_tag-vapor-wholesale","20":"desktop-align-left","21":"tablet-align-left","22":"mobile-align-left","24":"first","25":"instock","26":"sale","27":"shipping-taxable","28":"purchasable","29":"product-type-simple"},"acf":[],"uagb_featured_image_src":{"full":["https:\/\/vapestornado.com\/wp-content\/uploads\/2025\/11\/AIM-AVN-150k-150000-Puffs-Disposable-Vape-Wholesale.webp",800,800,false],"thumbnail":["https:\/\/vapestornado.com\/wp-content\/uploads\/2025\/11\/AIM-AVN-150k-150000-Puffs-Disposable-Vape-Wholesale-150x150.webp",150,150,true],"medium":["https:\/\/vapestornado.com\/wp-content\/uploads\/2025\/11\/AIM-AVN-150k-150000-Puffs-Disposable-Vape-Wholesale-300x300.webp",300,300,true],"medium_large":["https:\/\/vapestornado.com\/wp-content\/uploads\/2025\/11\/AIM-AVN-150k-150000-Puffs-Disposable-Vape-Wholesale-768x768.webp",768,768,true],"large":["https:\/\/vapestornado.com\/wp-content\/uploads\/2025\/11\/AIM-AVN-150k-150000-Puffs-Disposable-Vape-Wholesale.webp",800,800,false],"1536x1536":["https:\/\/vapestornado.com\/wp-content\/uploads\/2025\/11\/AIM-AVN-150k-150000-Puffs-Disposable-Vape-Wholesale.webp",800,800,false],"2048x2048":["https:\/\/vapestornado.com\/wp-content\/uploads\/2025\/11\/AIM-AVN-150k-150000-Puffs-Disposable-Vape-Wholesale.webp",800,800,false],"trp-custom-language-flag":["https:\/\/vapestornado.com\/wp-content\/uploads\/2025\/11\/AIM-AVN-150k-150000-Puffs-Disposable-Vape-Wholesale-12x12.webp",12,12,true],"woocommerce_thumbnail":["https:\/\/vapestornado.com\/wp-content\/uploads\/2025\/11\/AIM-AVN-150k-150000-Puffs-Disposable-Vape-Wholesale-300x300.webp",300,300,true],"woocommerce_single":["https:\/\/vapestornado.com\/wp-content\/uploads\/2025\/11\/AIM-AVN-150k-150000-Puffs-Disposable-Vape-Wholesale-600x600.webp",600,600,true],"woocommerce_gallery_thumbnail":["https:\/\/vapestornado.com\/wp-content\/uploads\/2025\/11\/AIM-AVN-150k-150000-Puffs-Disposable-Vape-Wholesale-100x100.webp",100,100,true]},"uagb_author_info":{"display_name":"ESAMY","author_link":"https:\/\/vapestornado.com\/pt\/author\/"},"uagb_comment_info":1,"uagb_excerpt":"AIVONO AVN 150K Puff Nicotine Free Vape Kit \u2013 8-in-1 Power for EU Wholesale Puff 150K by AIVONO \u2013 Long-Lasting Nicotine Free Disposable Vape Pen AIVONO AVN 150K Vape Wholesale: 8-in-1 0 Nicotine Disposable Vape for EU Market WhatsApp: +86 17776015835 &nbsp;","_links":{"self":[{"href":"https:\/\/vapestornado.com\/pt\/wp-json\/wp\/v2\/product\/4507","targetHints":{"allow":["GET"]}}],"collection":[{"href":"https:\/\/vapestornado.com\/pt\/wp-json\/wp\/v2\/product"}],"about":[{"href":"https:\/\/vapestornado.com\/pt\/wp-json\/wp\/v2\/types\/product"}],"replies":[{"embeddable":true,"href":"https:\/\/vapestornado.com\/pt\/wp-json\/wp\/v2\/comments?post=4507"}],"wp:featuredmedia":[{"embeddable":true,"href":"https:\/\/vapestornado.com\/pt\/wp-json\/wp\/v2\/media\/4514"}],"wp:attachment":[{"href":"https:\/\/vapestornado.com\/pt\/wp-json\/wp\/v2\/media?parent=4507"}],"wp:term":[{"taxonomy":"product_brand","embeddable":true,"href":"https:\/\/vapestornado.com\/pt\/wp-json\/wp\/v2\/product_brand?post=4507"},{"taxonomy":"product_cat","embeddable":true,"href":"https:\/\/vapestornado.com\/pt\/wp-json\/wp\/v2\/product_cat?post=4507"},{"taxonomy":"product_tag","embeddable":true,"href":"https:\/\/vapestornado.com\/pt\/wp-json\/wp\/v2\/product_tag?post=4507"}],"curies":[{"name":"wp","href":"https:\/\/api.w.org\/{rel}","templated":true}]}}