{"id":4493,"date":"2025-10-31T07:01:50","date_gmt":"2025-10-31T07:01:50","guid":{"rendered":"https:\/\/vapestornado.com\/?post_type=product&#038;p=4493"},"modified":"2025-10-31T07:43:27","modified_gmt":"2025-10-31T07:43:27","slug":"jnr-ragegorilla-55000-puffs-55k-vape-disposables-42ml-2-nicotine-wholesale-price","status":"publish","type":"product","link":"https:\/\/vapestornado.com\/pt\/product\/jnr-ragegorilla-55000-puffs-55k-vape-disposables-42ml-2-nicotine-wholesale-price\/","title":{"rendered":"JNR RageGorilla 55000 Puffs 55k Vape Dispos\u00edveis 42ml Pre\u00e7o por Atacado de Nicotina 2%"},"content":{"rendered":"<h2 data-pm-slice=\"1 1 []\">JNR 55000 Puffs RageGorilla Vape Descart\u00e1vel \u2013 Tanque Grande de 42ml, Melhor Vendedor na UE<\/h2>\n<p data-start=\"454\" data-end=\"886\">O <strong data-start=\"458\" data-end=\"505\">JNR RageGorilla 55000 Puffs Vape Descart\u00e1vel<\/strong> \u00e9 feito para vaporizadores s\u00e9rios que desejam desempenho, pot\u00eancia e sabor premium. Projetado com uma <strong data-start=\"598\" data-end=\"624\">capacidade de e-l\u00edquido de 42ml<\/strong>, <strong data-start=\"626\" data-end=\"640\">nicotina 2%<\/strong>, e um <strong data-start=\"648\" data-end=\"666\">resist\u00eancia de malha dupla<\/strong>, oferece uma sensa\u00e7\u00e3o densa e saborosa a cada inala\u00e7\u00e3o. Com <strong data-start=\"720\" data-end=\"758\">Bateria recarreg\u00e1vel de 950mAh com Type-C<\/strong> e <strong data-start=\"765\" data-end=\"785\">ecr\u00e3 LED inteligente<\/strong>, os utilizadores podem facilmente monitorizar os n\u00edveis de bateria e de e-l\u00edquido\u2014perfeito para uso prolongado e sem adivinha\u00e7\u00f5es.<\/p>\n<p data-start=\"888\" data-end=\"1283\">Como uma das <strong data-start=\"902\" data-end=\"947\">vaporizadores descart\u00e1veis de baixo nicotina mais populares<\/strong> no mercado da UE, o <strong data-start=\"970\" data-end=\"981\">JNR 55K<\/strong> combina inova\u00e7\u00e3o e qualidade, atraindo especialmente jovens utilizadores europeus que exigem tanto funcionalidade quanto estilo. O corpo duradouro e o fluxo de ar suave fazem dele uma excelente escolha para retalhistas e grossistas \u00e0 procura de <strong data-start=\"1202\" data-end=\"1243\">alternativas Crystal Vape mais vendidas<\/strong> a um <strong data-start=\"1249\" data-end=\"1280\">pre\u00e7o de atacado competitivo<\/strong>.<\/p>\n<p data-start=\"1285\" data-end=\"1643\">Dispon\u00edvel em <strong data-start=\"1298\" data-end=\"1317\">20 sabores ricos<\/strong>, desde misturas frutadas como <strong data-start=\"1343\" data-end=\"1365\">(1) Gelado de Morango<\/strong>, <strong data-start=\"1367\" data-end=\"1386\">(2) Cola de Cereja<\/strong>, para <strong data-start=\"1391\" data-end=\"1412\">(20) Cereja e Frutos Vermelhos<\/strong>, cada tragada do <strong data-start=\"1432\" data-end=\"1455\">JNR RageGorilla 55K<\/strong> \u00e9 criado para satisfa\u00e7\u00e3o e sabor suave. \u00c9 um <strong data-start=\"1509\" data-end=\"1531\">vaporizador de alta capacidade<\/strong> que atende \u00e0s exig\u00eancias modernas\u2014confi\u00e1vel, recarreg\u00e1vel e pronto para oferecer desempenho em milhares de tragadas.<\/p>\n<p data-start=\"1645\" data-end=\"1888\">Compradores por grosso em toda a Europa podem confiar na consist\u00eancia e valor deste modelo. Para retalhistas na UE, o <strong data-start=\"1744\" data-end=\"1775\">JNR RageGorilla 55000 Puffs<\/strong> destaca-se como um <strong data-start=\"1792\" data-end=\"1826\">vape de nicotina baixa, de longa dura\u00e7\u00e3o<\/strong> ideal para clientes do dia a dia e vaporizadores orientados por tend\u00eancias.<\/p>\n<p><strong><span style=\"color: #ff0000;\">Adicione o WhatsApp da Amy para uma resposta r\u00e1pida e cup\u00e3o de vape!<\/span><\/strong><\/p>\n<p><img fetchpriority=\"high\" decoding=\"async\" class=\"size-full wp-image-2932\" src=\"https:\/\/vapestornado.com\/wp-content\/uploads\/2024\/12\/Vape-Wholesale.jpg\" alt=\"Vape Atacado\" width=\"229\" height=\"300\" \/><\/p>\n<h3><a href=\"https:\/\/wa.me\/8617776015835\" target=\"_blank\" rel=\"noopener\"><span style=\"color: #ff0000;\"><strong>WhatsApp: +86 17776015835<\/strong><\/span><\/a><\/h3>\n<p>&nbsp;<\/p>\n<h2><strong>Recursos do Produto JNR RageGorilla 55000 Tragadas<\/strong><\/h2>\n<ul>\n<li data-start=\"1944\" data-end=\"1964\">\n<p data-start=\"1946\" data-end=\"1964\"><strong data-start=\"1946\" data-end=\"1956\">Puffs:<\/strong> 55000<\/p>\n<\/li>\n<li data-start=\"1965\" data-end=\"1993\">\n<p data-start=\"1967\" data-end=\"1993\"><strong data-start=\"1967\" data-end=\"1988\">N\u00edvel de Nicotina:<\/strong> 2%<\/p>\n<\/li>\n<li data-start=\"1994\" data-end=\"2025\">\n<p data-start=\"1996\" data-end=\"2025\"><strong data-start=\"1996\" data-end=\"2018\">Capacidade do E-l\u00edquido:<\/strong> 42ml<\/p>\n<\/li>\n<li data-start=\"2026\" data-end=\"2069\">\n<p data-start=\"2028\" data-end=\"2069\"><strong data-start=\"2028\" data-end=\"2040\">Bateria:<\/strong> 950mAh Recarreg\u00e1vel Tipo-C<\/p>\n<\/li>\n<li data-start=\"2070\" data-end=\"2124\">\n<p data-start=\"2072\" data-end=\"2124\"><strong data-start=\"2072\" data-end=\"2084\">Ecr\u00e3:<\/strong> Ecr\u00e3 LED Inteligente (Bateria + L\u00edquido)<\/p>\n<\/li>\n<li data-start=\"2125\" data-end=\"2168\">\n<p data-start=\"2127\" data-end=\"2168\"><strong data-start=\"2127\" data-end=\"2136\">Resist\u00eancia:<\/strong> Bobina de Malha Dupla para vapor rico<\/p>\n<\/li>\n<li data-start=\"2169\" data-end=\"2203\">\n<p data-start=\"2171\" data-end=\"2203\"><strong data-start=\"2171\" data-end=\"2183\">Sabores:<\/strong> 20 op\u00e7\u00f5es \u00fanicas<\/p>\n<p><figure id=\"attachment_4489\" aria-describedby=\"caption-attachment-4489\" style=\"width: 800px\" class=\"wp-caption alignnone\"><img decoding=\"async\" class=\"wp-image-4489 size-full\" src=\"https:\/\/vapestornado.com\/wp-content\/uploads\/2025\/10\/JNR-RageGorilla-55000Puffs-42ml-E-liquid.webp\" alt=\"JNR RageGorilla 55000Puffs 42ml E-l\u00edquido\" width=\"800\" height=\"449\" srcset=\"https:\/\/vapestornado.com\/wp-content\/uploads\/2025\/10\/JNR-RageGorilla-55000Puffs-42ml-E-liquid.webp 800w, https:\/\/vapestornado.com\/wp-content\/uploads\/2025\/10\/JNR-RageGorilla-55000Puffs-42ml-E-liquid-300x168.webp 300w, https:\/\/vapestornado.com\/wp-content\/uploads\/2025\/10\/JNR-RageGorilla-55000Puffs-42ml-E-liquid-768x431.webp 768w, https:\/\/vapestornado.com\/wp-content\/uploads\/2025\/10\/JNR-RageGorilla-55000Puffs-42ml-E-liquid-18x10.webp 18w, https:\/\/vapestornado.com\/wp-content\/uploads\/2025\/10\/JNR-RageGorilla-55000Puffs-42ml-E-liquid-600x337.webp 600w\" sizes=\"(max-width: 800px) 100vw, 800px\" \/><figcaption id=\"caption-attachment-4489\" class=\"wp-caption-text\">JNR RageGorilla 55000Puffs 42ml E-l\u00edquido<\/figcaption><\/figure><\/li>\n<\/ul>\n<div class=\"mceTemp\"><\/div>\n<h2 class=\"product-title\"><strong>JNR RageGorilla 55000 Puffs Vape Descart\u00e1vel Lista de Sabores<\/strong><\/h2>\n<p>1. Morango com Gelo<br \/>\n2. Cola de Cereja<br \/>\n3. Gelo de Melancia<br \/>\n4. Blue Razz Cereja<br \/>\n5.Morango Kiwi<br \/>\n6. Mirtilo Framboesa Cereja<br \/>\n7. Gelo de Melancia com Morango<br \/>\n8. Kiwi Melancia com Gelo<br \/>\n9. Frutos Vermelhos Mistos<br \/>\n10. P\u00eassegos Juicy<br \/>\n11. Gelo de Mirtilo<br \/>\n12. Mirtilo Framboesa Azeda<br \/>\n13. P\u00eassego Branco Razz<br \/>\n14. Manga Fruta da Paix\u00e3o<br \/>\n15. P\u00eassego Manga Melancia<br \/>\n16. Pastilha El\u00e1stica de Melancia<br \/>\n17. Banana com Morango<br \/>\n18. Duplo Ma\u00e7\u00e3<br \/>\n19. Kiwi P\u00eassego Goiaba<br \/>\n20. Cereja Baga<\/p>\n<figure id=\"attachment_4491\" aria-describedby=\"caption-attachment-4491\" style=\"width: 800px\" class=\"wp-caption alignnone\"><img decoding=\"async\" class=\"wp-image-4491 size-full\" src=\"https:\/\/vapestornado.com\/wp-content\/uploads\/2025\/10\/Puff-JNR-RageGorilla-55K-55000-Puffs.webp\" alt=\"Puff JNR RageGorilla 55K 55000 Puffs\" width=\"800\" height=\"450\" srcset=\"https:\/\/vapestornado.com\/wp-content\/uploads\/2025\/10\/Puff-JNR-RageGorilla-55K-55000-Puffs.webp 800w, https:\/\/vapestornado.com\/wp-content\/uploads\/2025\/10\/Puff-JNR-RageGorilla-55K-55000-Puffs-300x169.webp 300w, https:\/\/vapestornado.com\/wp-content\/uploads\/2025\/10\/Puff-JNR-RageGorilla-55K-55000-Puffs-768x432.webp 768w, https:\/\/vapestornado.com\/wp-content\/uploads\/2025\/10\/Puff-JNR-RageGorilla-55K-55000-Puffs-18x10.webp 18w, https:\/\/vapestornado.com\/wp-content\/uploads\/2025\/10\/Puff-JNR-RageGorilla-55K-55000-Puffs-600x338.webp 600w\" sizes=\"(max-width: 800px) 100vw, 800px\" \/><figcaption id=\"caption-attachment-4491\" class=\"wp-caption-text\">Puff JNR RageGorilla 55K 55000 Puffs<\/figcaption><\/figure>\n<div class=\"flex-shrink-0 flex flex-col relative items-end\">\n<div class=\"pt-0\">\n<div class=\"gizmo-bot-avatar flex h-8 w-8 items-center justify-center overflow-hidden rounded-full\">\n<div class=\"relative p-1 rounded-sm flex items-center justify-center bg-token-main-surface-primary text-token-text-primary h-8 w-8\">\n<h2 data-start=\"1200\" data-end=\"1487\">Vapes Tornado \u2013 A sua loja online de vape por atacado com as principais marcas de vape<\/h2>\n<p data-start=\"1200\" data-end=\"1487\">A Vapes Tornado Loja de Fumo Online \u00e9 o seu destino fi\u00e1vel para <strong data-start=\"66\" data-end=\"94\">vapes descart\u00e1veis premium<\/strong> e <strong data-start=\"99\" data-end=\"125\">cigarros eletr\u00f4nicos por atacado<\/strong> por toda a Europa. Temos em stock marcas populares de vaporizadores como <a href=\"https:\/\/vapestornado.com\/pt\/product\/elf-bar-raya-d3-25000-puffs-best-disposable-vape-wholesale-in-uk\/\">Vape Elf Bar<\/a>, <strong data-start=\"175\" data-end=\"228\"><a href=\"https:\/\/vapestornado.com\/pt\/product\/fumot-randm-tornado-15000-puffs-rechargeable-disposable-vape-wholesale\/\">Fumot Vape<\/a>, <a href=\"https:\/\/vapestornado.com\/pt\/product\/waspe-150k-150000-puff-6-in-1-disposable-vape-pen-cartridge-best-wholesale-price-in-poland\/\">Vape Waspe<\/a>, Vape Vozol Bar, <a href=\"https:\/\/vapestornado.com\/pt\/product-category\/bang-vape\/\">Bang Vape<\/a><\/strong>, e muitos outros\u2014oferecendo qualidade excecional, op\u00e7\u00f5es diversificadas de sabores e designs inovadores. Quer seja um utilizador pessoal ou um comprador por atacado, <strong data-start=\"372\" data-end=\"389\">Vapes Tornado<\/strong> fornece dispositivos de alto desempenho, estilos elegantes e pre\u00e7os de atacado imbat\u00edveis para atender \u00e0s suas necessidades de vaping.<\/p>\n<h2 data-start=\"2064\" data-end=\"2115\">Perguntas Frequentes sobre a Caixa de Vape JNR RageGorilla 55000 Puffs<\/h2>\n<p data-start=\"2223\" data-end=\"2360\"><strong data-start=\"2223\" data-end=\"2273\">1. Quanto tempo dura o JNR RageGorilla 55K?<\/strong><br data-start=\"2273\" data-end=\"2276\" \/>Oferece at\u00e9 <strong data-start=\"2294\" data-end=\"2309\">55000 tragos<\/strong>, dependendo dos seus h\u00e1bitos de uso e do comprimento do trago.<\/p>\n<p data-start=\"2362\" data-end=\"2489\"><strong data-start=\"2362\" data-end=\"2405\">2. O JNR 55000 Puffs \u00e9 recarreg\u00e1vel?<\/strong><br data-start=\"2405\" data-end=\"2408\" \/>Sim, possui um\/uma <strong data-start=\"2427\" data-end=\"2451\">porta de carregamento Tipo C<\/strong> para recarregamento r\u00e1pido e eficiente.<\/p>\n<p data-start=\"2491\" data-end=\"2700\"><strong data-start=\"2491\" data-end=\"2571\">3. O que torna o JNR RageGorilla 55K diferente de outros vapes descart\u00e1veis?<\/strong><br data-start=\"2571\" data-end=\"2574\" \/>O seu <strong data-start=\"2578\" data-end=\"2596\">resist\u00eancia de malha dupla<\/strong>, <strong data-start=\"2598\" data-end=\"2619\">visor LED inteligente<\/strong>e <strong data-start=\"2625\" data-end=\"2648\">capacidade grande de 42ml<\/strong> faz dele um destaque tanto em sabor quanto em durabilidade.<\/p>\n<p data-start=\"2702\" data-end=\"2828\"><strong data-start=\"2702\" data-end=\"2736\">4. Este \u00e9 um vape com nicotina baixa?<\/strong><br data-start=\"2736\" data-end=\"2739\" \/>Sim, o <strong data-start=\"2748\" data-end=\"2768\">n\u00edvel de nicotina 2%<\/strong> oferece uma experi\u00eancia mais suave, adequada \u00e0s prefer\u00eancias da UE.<\/p>\n<p data-start=\"2830\" data-end=\"3015\"><strong data-start=\"2830\" data-end=\"2891\">5. Quais s\u00e3o os sabores mais populares do JNR RageGorilla 55K?<\/strong><br data-start=\"2891\" data-end=\"2894\" \/>Sabores mais vendidos incluem <strong data-start=\"2922\" data-end=\"2941\">Morango Kiwi<\/strong>, <strong data-start=\"2943\" data-end=\"2958\">Cola de Cereja<\/strong>, <strong data-start=\"2960\" data-end=\"2980\">Cereja Blue Razz<\/strong>e <strong data-start=\"2986\" data-end=\"3012\">P\u00eassego Manga Melancia<\/strong>.<\/p>\n<\/div>\n<\/div>\n<\/div>\n<\/div>","protected":false},"excerpt":{"rendered":"<p>Projetado para o mercado da UE, o <strong data-start=\"613\" data-end=\"629\">JNR 55K Vape<\/strong> \u00e9 ideal para grossistas e retalhistas que procuram <strong data-start=\"677\" data-end=\"717\">vaporizadores descart\u00e1veis populares de baixo nicotina<\/strong> com corpo elegante, duradouro e entrega de sabor consistente. Perfeito para vaporizadores que procuram sabor premium e desempenho moderno a um <strong data-start=\"858\" data-end=\"889\">pre\u00e7o de atacado competitivo<\/strong>.<\/p>\n<p><strong>Adicione o whatsapp da Amy para obter resposta certa e pre\u00e7o de desconto!<\/strong><\/p>\n<p><img fetchpriority=\"high\" decoding=\"async\" class=\"size-full wp-image-2932\" src=\"https:\/\/vapestornado.com\/wp-content\/uploads\/2024\/12\/Vape-Wholesale.jpg\" alt=\"Vape Atacado\" width=\"229\" height=\"300\" \/><\/p>\n<h3><a href=\"https:\/\/wa.me\/8617776015835\"><span style=\"color: #ff0000;\"><strong>WhatsApp: +86 17776015835<\/strong><\/span><\/a><\/h3>","protected":false},"featured_media":4484,"comment_status":"open","ping_status":"closed","template":"","meta":{"_acf_changed":false,"_uag_custom_page_level_css":"","_lmt_disableupdate":"no","_lmt_disable":"","_monsterinsights_skip_tracking":false,"_monsterinsights_sitenote_active":false,"_monsterinsights_sitenote_note":"","_monsterinsights_sitenote_category":0,"site-sidebar-layout":"default","site-content-layout":"","ast-site-content-layout":"default","site-content-style":"default","site-sidebar-style":"default","ast-global-header-display":"","ast-banner-title-visibility":"","ast-main-header-display":"","ast-hfb-above-header-display":"","ast-hfb-below-header-display":"","ast-hfb-mobile-header-display":"","site-post-title":"","ast-breadcrumbs-content":"","ast-featured-img":"","footer-sml-layout":"","ast-disable-related-posts":"","theme-transparent-header-meta":"default","adv-header-id-meta":"","stick-header-meta":"","header-above-stick-meta":"","header-main-stick-meta":"","header-below-stick-meta":"","astra-migrate-meta-layouts":"set","ast-page-background-enabled":"default","ast-page-background-meta":{"desktop":{"background-color":"","background-image":"","background-repeat":"repeat","background-position":"center center","background-size":"auto","background-attachment":"scroll","background-type":"","background-media":"","overlay-type":"","overlay-color":"","overlay-opacity":"","overlay-gradient":""},"tablet":{"background-color":"","background-image":"","background-repeat":"repeat","background-position":"center center","background-size":"auto","background-attachment":"scroll","background-type":"","background-media":"","overlay-type":"","overlay-color":"","overlay-opacity":"","overlay-gradient":""},"mobile":{"background-color":"","background-image":"","background-repeat":"repeat","background-position":"center center","background-size":"auto","background-attachment":"scroll","background-type":"","background-media":"","overlay-type":"","overlay-color":"","overlay-opacity":"","overlay-gradient":""}},"ast-content-background-meta":{"desktop":{"background-color":"var(--ast-global-color-5)","background-image":"","background-repeat":"repeat","background-position":"center center","background-size":"auto","background-attachment":"scroll","background-type":"","background-media":"","overlay-type":"","overlay-color":"","overlay-opacity":"","overlay-gradient":""},"tablet":{"background-color":"var(--ast-global-color-5)","background-image":"","background-repeat":"repeat","background-position":"center center","background-size":"auto","background-attachment":"scroll","background-type":"","background-media":"","overlay-type":"","overlay-color":"","overlay-opacity":"","overlay-gradient":""},"mobile":{"background-color":"var(--ast-global-color-5)","background-image":"","background-repeat":"repeat","background-position":"center center","background-size":"auto","background-attachment":"scroll","background-type":"","background-media":"","overlay-type":"","overlay-color":"","overlay-opacity":"","overlay-gradient":""}},"_joinchat":[]},"product_brand":[],"product_cat":[149,150,151,154,141,142,76,144],"product_tag":[120,403,406,413,135,246,390,397],"class_list":{"0":"post-4493","1":"product","2":"type-product","3":"status-publish","4":"has-post-thumbnail","6":"product_cat-buy-disposable-vapes-in-austria","7":"product_cat-buy-disposable-vapes-in-belgium","8":"product_cat-buy-disposable-vapes-in-france","9":"product_cat-buy-disposable-vapes-in-netherlands","10":"product_cat-crystal-disposable-vapes","11":"product_cat-digital-box-disposable-vapes","12":"product_cat-jnr-vape","13":"product_cat-low-nicotine-disposable-vapes","14":"product_tag-crystal-vape","15":"product_tag-disposable-vape-box","16":"product_tag-disposable-vape-fast-shipping","17":"product_tag-jnr-ragegorilla-55000-puffs","18":"product_tag-jnr-vape","19":"product_tag-low-nicotine-disposable-vape","20":"product_tag-online-vape-shop","21":"product_tag-vapor","22":"desktop-align-left","23":"tablet-align-left","24":"mobile-align-left","26":"first","27":"instock","28":"sale","29":"shipping-taxable","30":"purchasable","31":"product-type-simple"},"acf":[],"uagb_featured_image_src":{"full":["https:\/\/vapestornado.com\/wp-content\/uploads\/2025\/10\/JNR-Rage-Gorilla-55000-Puffs-55k-Vape-42ml-Smart-Screen.webp",800,800,false],"thumbnail":["https:\/\/vapestornado.com\/wp-content\/uploads\/2025\/10\/JNR-Rage-Gorilla-55000-Puffs-55k-Vape-42ml-Smart-Screen-150x150.webp",150,150,true],"medium":["https:\/\/vapestornado.com\/wp-content\/uploads\/2025\/10\/JNR-Rage-Gorilla-55000-Puffs-55k-Vape-42ml-Smart-Screen-300x300.webp",300,300,true],"medium_large":["https:\/\/vapestornado.com\/wp-content\/uploads\/2025\/10\/JNR-Rage-Gorilla-55000-Puffs-55k-Vape-42ml-Smart-Screen-768x768.webp",768,768,true],"large":["https:\/\/vapestornado.com\/wp-content\/uploads\/2025\/10\/JNR-Rage-Gorilla-55000-Puffs-55k-Vape-42ml-Smart-Screen.webp",800,800,false],"1536x1536":["https:\/\/vapestornado.com\/wp-content\/uploads\/2025\/10\/JNR-Rage-Gorilla-55000-Puffs-55k-Vape-42ml-Smart-Screen.webp",800,800,false],"2048x2048":["https:\/\/vapestornado.com\/wp-content\/uploads\/2025\/10\/JNR-Rage-Gorilla-55000-Puffs-55k-Vape-42ml-Smart-Screen.webp",800,800,false],"trp-custom-language-flag":["https:\/\/vapestornado.com\/wp-content\/uploads\/2025\/10\/JNR-Rage-Gorilla-55000-Puffs-55k-Vape-42ml-Smart-Screen-12x12.webp",12,12,true],"woocommerce_thumbnail":["https:\/\/vapestornado.com\/wp-content\/uploads\/2025\/10\/JNR-Rage-Gorilla-55000-Puffs-55k-Vape-42ml-Smart-Screen-300x300.webp",300,300,true],"woocommerce_single":["https:\/\/vapestornado.com\/wp-content\/uploads\/2025\/10\/JNR-Rage-Gorilla-55000-Puffs-55k-Vape-42ml-Smart-Screen-600x600.webp",600,600,true],"woocommerce_gallery_thumbnail":["https:\/\/vapestornado.com\/wp-content\/uploads\/2025\/10\/JNR-Rage-Gorilla-55000-Puffs-55k-Vape-42ml-Smart-Screen-100x100.webp",100,100,true]},"uagb_author_info":{"display_name":"ESAMY","author_link":"https:\/\/vapestornado.com\/pt\/author\/"},"uagb_comment_info":2,"uagb_excerpt":"Designed for the EU market, the JNR 55K Vape is ideal for wholesalers and retailers seeking popular low nicotine disposable vapes with a stylish, durable body and consistent flavor delivery. Perfect for vapers looking for premium taste and modern performance at a competitive wholesale price. Add Amy's whatsapp to get right reply and discount price!&hellip;","_links":{"self":[{"href":"https:\/\/vapestornado.com\/pt\/wp-json\/wp\/v2\/product\/4493","targetHints":{"allow":["GET"]}}],"collection":[{"href":"https:\/\/vapestornado.com\/pt\/wp-json\/wp\/v2\/product"}],"about":[{"href":"https:\/\/vapestornado.com\/pt\/wp-json\/wp\/v2\/types\/product"}],"replies":[{"embeddable":true,"href":"https:\/\/vapestornado.com\/pt\/wp-json\/wp\/v2\/comments?post=4493"}],"wp:featuredmedia":[{"embeddable":true,"href":"https:\/\/vapestornado.com\/pt\/wp-json\/wp\/v2\/media\/4484"}],"wp:attachment":[{"href":"https:\/\/vapestornado.com\/pt\/wp-json\/wp\/v2\/media?parent=4493"}],"wp:term":[{"taxonomy":"product_brand","embeddable":true,"href":"https:\/\/vapestornado.com\/pt\/wp-json\/wp\/v2\/product_brand?post=4493"},{"taxonomy":"product_cat","embeddable":true,"href":"https:\/\/vapestornado.com\/pt\/wp-json\/wp\/v2\/product_cat?post=4493"},{"taxonomy":"product_tag","embeddable":true,"href":"https:\/\/vapestornado.com\/pt\/wp-json\/wp\/v2\/product_tag?post=4493"}],"curies":[{"name":"wp","href":"https:\/\/api.w.org\/{rel}","templated":true}]}}