{"id":4483,"date":"2025-10-30T06:42:12","date_gmt":"2025-10-30T06:42:12","guid":{"rendered":"https:\/\/vapestornado.com\/?post_type=product&#038;p=4483"},"modified":"2025-12-12T08:55:22","modified_gmt":"2025-12-12T08:55:22","slug":"jnr-falcon-pro-28k-28000-disposable-vape-puff-bar-rechargeable","status":"publish","type":"product","link":"https:\/\/vapestornado.com\/pt\/product\/jnr-falcon-pro-28k-28000-disposable-vape-puff-bar-rechargeable\/","title":{"rendered":"JNR Falcon Pro 28k 28000 Vape Descart\u00e1vel Puff Bar Recarreg\u00e1vel"},"content":{"rendered":"<h2 data-pm-slice=\"1 1 []\">JNR Falcon Pro 28K Puff Bar recarreg\u00e1vel \u2013 Vape descart\u00e1vel de 28000 puffs a pre\u00e7o de atacado<\/h2>\n<p data-start=\"73\" data-end=\"688\">O <strong data-start=\"97\" data-end=\"119\">JNR Falcon Pro 28K<\/strong> \u00e9 um descart\u00e1vel recarreg\u00e1vel feito para vaporizadores que esperam mais do que conveni\u00eancia de curto prazo. Com <strong data-start=\"216\" data-end=\"238\">at\u00e9 28.000 baforadas<\/strong>, uma <strong data-start=\"242\" data-end=\"268\">capacidade de l\u00edquido de 30ml<\/strong>, e um <strong data-start=\"276\" data-end=\"294\">resist\u00eancia de malha dupla<\/strong>, foi projetado para oferecer sabor e vapor est\u00e1veis durante uso prolongado. Adicione um <strong data-start=\"372\" data-end=\"410\">Bateria recarreg\u00e1vel de 950mAh com Type-C<\/strong> e uma <strong data-start=\"418\" data-end=\"446\">ecr\u00e3 inteligente<\/strong>, e ter\u00e1 um dispositivo que se comporta mais como um <strong data-start=\"500\" data-end=\"520\">mod de cigarro eletr\u00f3nico<\/strong> do que um descart\u00e1vel b\u00e1sico \u2014 sem necessidade de configura\u00e7\u00e3o ou manuten\u00e7\u00e3o.<\/p>\n<h3 data-start=\"791\" data-end=\"864\">Por que o JNR Falcon Pro 28k oferece melhor rela\u00e7\u00e3o qualidade-pre\u00e7o do que vaporizadores descart\u00e1veis t\u00edpicos?<\/h3>\n<ul data-start=\"866\" data-end=\"2179\">\n<li data-start=\"866\" data-end=\"1161\">\n<p data-start=\"868\" data-end=\"1161\"><strong data-start=\"868\" data-end=\"906\">Resist\u00eancia que se adapta \u00e0s rotinas reais.<\/strong> O <strong data-start=\"911\" data-end=\"949\">Vaporizador descart\u00e1vel JNR Falcon Pro 28K<\/strong> combina uma alta <strong data-start=\"963\" data-end=\"982\">classifica\u00e7\u00e3o de at\u00e9 28.000 baforadas<\/strong> com um\/uma <strong data-start=\"990\" data-end=\"1003\">tanque de 30ml<\/strong>, tornando-o adequado para utilizadores regulares em <strong data-start=\"1045\" data-end=\"1090\">Portugal, Fran\u00e7a, It\u00e1lia, Espanha e Pol\u00f3nia<\/strong> que desejam menos substitui\u00e7\u00f5es e uso di\u00e1rio previs\u00edvel com um \u00fanico dispositivo.<\/p>\n<\/li>\n<li data-start=\"1163\" data-end=\"1428\">\n<p data-start=\"1165\" data-end=\"1428\"><strong data-start=\"1165\" data-end=\"1202\">Bobina de malha dupla para uma sa\u00edda est\u00e1vel.<\/strong> Dentro do <strong data-start=\"1214\" data-end=\"1243\">desej\u00e1vel recarreg\u00e1vel do JNR 28K<\/strong> design, o <strong data-start=\"1256\" data-end=\"1274\">resist\u00eancia de malha dupla<\/strong> distribui o calor de forma uniforme por toda a resist\u00eancia. Isso ajuda o vapor a permanecer suave e o sabor a manter-se completo mais profundamente no tanque, em vez de ficar mais fraco ap\u00f3s uso intenso.<\/p>\n<\/li>\n<li data-start=\"1430\" data-end=\"1649\">\n<p data-start=\"1432\" data-end=\"1649\"><strong data-start=\"1432\" data-end=\"1480\">Bateria recarreg\u00e1vel que protege o l\u00edquido.<\/strong> A <strong data-start=\"1483\" data-end=\"1521\">Bateria recarreg\u00e1vel de 950mAh com Type-C<\/strong> significa que pode reabastecer a energia quando necess\u00e1rio e continuar a vaporizar at\u00e9 o l\u00edquido acabar \u2014 sem descarte precoce, sem desperd\u00edcio de e-juice.<\/p>\n<\/li>\n<li data-start=\"1651\" data-end=\"1884\">\n<p data-start=\"1653\" data-end=\"1884\"><strong data-start=\"1653\" data-end=\"1689\">Ecr\u00e3 inteligente mant\u00e9m-no informado.<\/strong> O <strong data-start=\"1694\" data-end=\"1747\">display LED inteligente no JNR Falcon Pro 28K<\/strong> mostra os n\u00edveis de bateria e l\u00edquido em tempo real, para que saiba se o dispositivo consegue suportar um dia de trabalho longo ou uma noite fora sem adivinha\u00e7\u00f5es.<\/p>\n<\/li>\n<li data-start=\"1886\" data-end=\"2179\">\n<p data-start=\"1888\" data-end=\"2179\"><strong data-start=\"1888\" data-end=\"1939\">\u00d3timo valor para canais de retalho e atacado.<\/strong> Com funcionalidades normalmente vistas em dispositivos mais complexos, o <strong data-start=\"1996\" data-end=\"2018\">JNR Falcon Pro 28000<\/strong>\u00a0desempenha-se bem em qualquer <strong data-start=\"2040\" data-end=\"2053\">loja de vaporizadores<\/strong> e encaixa em compradores que comparam descart\u00e1veis premium com <strong data-start=\"2108\" data-end=\"2138\">Cigarros baratos por atacado<\/strong> alternativas para um melhor valor a longo prazo.<\/p>\n<\/li>\n<\/ul>\n<p><strong><span style=\"color: #ff0000;\">Adicione o WhatsApp da Amy para uma resposta r\u00e1pida e cup\u00e3o de vape!<\/span><\/strong><\/p>\n<p><img fetchpriority=\"high\" decoding=\"async\" class=\"size-full wp-image-2932\" src=\"https:\/\/vapestornado.com\/wp-content\/uploads\/2024\/12\/Vape-Wholesale.jpg\" alt=\"Vape Atacado\" width=\"229\" height=\"300\" \/><\/p>\n<h3><a href=\"https:\/\/wa.me\/8617776015835\" target=\"_blank\" rel=\"noopener\"><span style=\"color: #ff0000;\"><strong>WhatsApp: +86 17776015835<\/strong><\/span><\/a><\/h3>\n<p>&nbsp;<\/p>\n<h2><strong>Caracter\u00edsticas do Produto JNR Falcon Pro 28k<\/strong><\/h2>\n<table>\n<thead>\n<tr>\n<th>Recurso<\/th>\n<th>especifica\u00e7\u00e3o<\/th>\n<th>detalhes<\/th>\n<\/tr>\n<\/thead>\n<tbody>\n<tr>\n<td>Nome do Produto<\/td>\n<td>JNR Falcon Pro 28K<\/td>\n<td>Vape descart\u00e1vel recarreg\u00e1vel de alta capacidade<\/td>\n<\/tr>\n<tr>\n<td>Capacidade de Puffs<\/td>\n<td>At\u00e9 28.000 baforadas<\/td>\n<td>Projetado para uso prolongado, de v\u00e1rias semanas<\/td>\n<\/tr>\n<tr>\n<td>Volume de E-l\u00edquido<\/td>\n<td>Pr\u00e9-preenchido de 30ml<\/td>\n<td>Tanque grande suporta sess\u00f5es longas<\/td>\n<\/tr>\n<tr>\n<td>Tecnologia de bobina<\/td>\n<td>Resist\u00eancia de malha dupla<\/td>\n<td>Aquecimento uniforme para vapor suave e sabor rico<\/td>\n<\/tr>\n<tr>\n<td>Bateria<\/td>\n<td>950mAh recarreg\u00e1vel<\/td>\n<td>Suporta carregamento repetido ao longo da vida do dispositivo<\/td>\n<\/tr>\n<tr>\n<td>Carregamento<\/td>\n<td>carregamento r\u00e1pido Type-C<\/td>\n<td>Carregamento r\u00e1pido e moderno com cabos padr\u00e3o UE<\/td>\n<\/tr>\n<tr>\n<td>Ecr\u00e3<\/td>\n<td>Ecr\u00e3 inteligente e inteligente<\/td>\n<td>Estado da bateria e do l\u00edquido em tempo real<\/td>\n<\/tr>\n<tr>\n<td>Design<\/td>\n<td>Corpo em estilo cristal com log\u00f3tipo Falcon<\/td>\n<td>Apar\u00eancia moderna com sensa\u00e7\u00e3o s\u00f3lida ao toque<\/td>\n<\/tr>\n<tr>\n<td>Op\u00e7\u00f5es de sabor<\/td>\n<td>At\u00e9 20 sabores<\/td>\n<td>Perfis de fruta, gelo e misturados dispon\u00edveis<\/td>\n<\/tr>\n<tr>\n<td>Posicionamento<\/td>\n<td>Varejo e atacado<\/td>\n<td>Adequado para loja de vaporizadores e distribui\u00e7\u00e3o em grande quantidade<\/td>\n<\/tr>\n<\/tbody>\n<\/table>\n<figure id=\"attachment_4478\" aria-describedby=\"caption-attachment-4478\" style=\"width: 800px\" class=\"wp-caption alignnone\"><img decoding=\"async\" class=\"wp-image-4478 size-full\" src=\"https:\/\/vapestornado.com\/wp-content\/uploads\/2025\/10\/JNR-Falcon-Pro-28000-2-Nicotine-Disposable-Vapes.webp\" alt=\"JNR Falcon Pro 28000 2% Vaporizadores Descart\u00e1veis com Nicotina\" width=\"800\" height=\"800\" srcset=\"https:\/\/vapestornado.com\/wp-content\/uploads\/2025\/10\/JNR-Falcon-Pro-28000-2-Nicotine-Disposable-Vapes.webp 800w, https:\/\/vapestornado.com\/wp-content\/uploads\/2025\/10\/JNR-Falcon-Pro-28000-2-Nicotine-Disposable-Vapes-300x300.webp 300w, https:\/\/vapestornado.com\/wp-content\/uploads\/2025\/10\/JNR-Falcon-Pro-28000-2-Nicotine-Disposable-Vapes-150x150.webp 150w, https:\/\/vapestornado.com\/wp-content\/uploads\/2025\/10\/JNR-Falcon-Pro-28000-2-Nicotine-Disposable-Vapes-768x768.webp 768w, https:\/\/vapestornado.com\/wp-content\/uploads\/2025\/10\/JNR-Falcon-Pro-28000-2-Nicotine-Disposable-Vapes-12x12.webp 12w, https:\/\/vapestornado.com\/wp-content\/uploads\/2025\/10\/JNR-Falcon-Pro-28000-2-Nicotine-Disposable-Vapes-600x600.webp 600w, https:\/\/vapestornado.com\/wp-content\/uploads\/2025\/10\/JNR-Falcon-Pro-28000-2-Nicotine-Disposable-Vapes-100x100.webp 100w\" sizes=\"(max-width: 800px) 100vw, 800px\" \/><figcaption id=\"caption-attachment-4478\" class=\"wp-caption-text\">JNR Falcon Pro 28000 2% Vaporizadores Descart\u00e1veis com Nicotina<\/figcaption><\/figure>\n<h2 class=\"product-title\"><strong>Lista de Sabores do Vape Descart\u00e1vel JNR Falcon Pro 28k<\/strong><\/h2>\n<p>1 Morango com Gelo<br \/>\n2 Cola de Cereja<br \/>\n3 Melancia com Gelo<br \/>\n4 Razz Blue com Cereja<br \/>\n5 Morango Kiwi<br \/>\n6 Mirtilo, Framboesa e Cereja<br \/>\n7 Morango com Melancia e Gelo<br \/>\n8 Kiwi com Melancia e Gelo<br \/>\n9 Frutos Vermelhos Mistos<br \/>\n10 P\u00eassegos Juicy<br \/>\n11 Gelo de Mirtilo<br \/>\n12 Framboesa Azeda de Mirtilo<br \/>\n13 Razz de P\u00eassego Branco<br \/>\n14 Manga Fruta da Paix\u00e3o<br \/>\n15 P\u00eassego Manga Melancia<br \/>\n16 Chiclete de Melancia<br \/>\n17 Morango Banana<br \/>\n18 Ma\u00e7\u00e3 Dupla<br \/>\n19 Kiwi Maracuj\u00e1 Gojiberry<br \/>\n20 Cereja Baga<\/p>\n<div class=\"flex-shrink-0 flex flex-col relative items-end\">\n<div class=\"pt-0\">\n<div class=\"gizmo-bot-avatar flex h-8 w-8 items-center justify-center overflow-hidden rounded-full\">\n<div class=\"relative p-1 rounded-sm flex items-center justify-center bg-token-main-surface-primary text-token-text-primary h-8 w-8\">\n<h2 data-start=\"1200\" data-end=\"1487\">Vapes Tornado \u2013 A sua loja online de vape por atacado com as principais marcas de vape<\/h2>\n<p data-start=\"1200\" data-end=\"1487\">A Vapes Tornado Loja de Fumo Online \u00e9 o seu destino fi\u00e1vel para <strong data-start=\"66\" data-end=\"94\">vapes descart\u00e1veis premium<\/strong> e <strong data-start=\"99\" data-end=\"125\">cigarros eletr\u00f4nicos por atacado<\/strong> por toda a Europa. Temos em stock marcas populares de vaporizadores como <a href=\"https:\/\/vapestornado.com\/pt\/product\/elf-bar-raya-d3-25000-puffs-best-disposable-vape-wholesale-in-uk\/\">Vape Elf Bar<\/a>, <strong data-start=\"175\" data-end=\"228\"><a href=\"https:\/\/vapestornado.com\/pt\/product\/fumot-randm-tornado-15000-puffs-rechargeable-disposable-vape-wholesale\/\">Fumot Vape<\/a>, <a href=\"https:\/\/vapestornado.com\/pt\/product\/waspe-150k-150000-puff-6-in-1-disposable-vape-pen-cartridge-best-wholesale-price-in-poland\/\">Vape Waspe<\/a>, Vape Vozol Bar, <a href=\"https:\/\/vapestornado.com\/pt\/product-category\/bang-vape\/\">Bang Vape<\/a><\/strong>, e muitos outros\u2014oferecendo qualidade excecional, op\u00e7\u00f5es diversificadas de sabores e designs inovadores. Quer seja um utilizador pessoal ou um comprador por atacado, <strong data-start=\"372\" data-end=\"389\">Vapes Tornado<\/strong> fornece dispositivos de alto desempenho, estilos elegantes e pre\u00e7os de atacado imbat\u00edveis para atender \u00e0s suas necessidades de vaping.<\/p>\n<h2 data-start=\"2064\" data-end=\"2115\"><\/h2>\n<h2 data-start=\"2064\" data-end=\"2115\">Perguntas Frequentes sobre JNR Falcon Pro 28k Vape Box<\/h2>\n<h3 data-start=\"3123\" data-end=\"3203\">1. Quanto tempo dura o vaporizador descart\u00e1vel JNR Falcon Pro 28K na utiliza\u00e7\u00e3o di\u00e1ria?<\/h3>\n<p data-start=\"3204\" data-end=\"3362\">Com <strong data-start=\"3209\" data-end=\"3225\">28.000 baforadas<\/strong> e <strong data-start=\"3232\" data-end=\"3245\">tanque de 30ml<\/strong>, muitos utilizadores regulares encontram o <strong data-start=\"3275\" data-end=\"3297\">JNR Falcon Pro 28K<\/strong> dura <strong data-start=\"3304\" data-end=\"3321\">v\u00e1rias semanas<\/strong>, dependendo do comprimento e frequ\u00eancia de inala\u00e7\u00e3o.<\/p>\n<h3 data-start=\"3369\" data-end=\"3461\">2. Que vantagem oferece a resist\u00eancia de malha dupla no vaporizador descart\u00e1vel recarreg\u00e1vel JNR 28K?<\/h3>\n<p data-start=\"3462\" data-end=\"3614\">O <strong data-start=\"3466\" data-end=\"3484\">resist\u00eancia de malha dupla<\/strong> aquecendo de forma mais uniforme do que resist\u00eancias de fio \u00fanico, ajudando o vapor a manter-se denso e o sabor consistente ao longo da vida \u00fatil do dispositivo.<\/p>\n<h3 data-start=\"3621\" data-end=\"3722\">3. O JNR Falcon Pro 28K \u00e9 mais semelhante a mods de cigarro eletr\u00f3nico ou a descart\u00e1veis padr\u00e3o em desempenho?<\/h3>\n<p data-start=\"3723\" data-end=\"3861\">Em termos de estabilidade e controlo de sa\u00edda, parece mais pr\u00f3ximo de compacto <strong data-start=\"3792\" data-end=\"3812\">mod de cigarro eletr\u00f3nico<\/strong>, mas sem resist\u00eancias para trocar ou tanques para reabastecer.<\/p>\n<h3 data-start=\"3868\" data-end=\"3943\">4. Qu\u00e3o \u00fatil \u00e9 o ecr\u00e3 inteligente no JNR Falcon Pro 28K Puff Bar?<\/h3>\n<p data-start=\"3944\" data-end=\"4092\">O <strong data-start=\"3948\" data-end=\"3964\">ecr\u00e3 inteligente<\/strong> mostra claramente os n\u00edveis de bateria e l\u00edquido, permitindo um melhor planeamento para carregamento e reduzindo cortes inesperados durante o dia.<\/p>\n<h3 data-start=\"4099\" data-end=\"4232\">5. O JNR Falcon Pro 28K \u00e9 uma boa op\u00e7\u00e3o para compradores de loja de vaporizadores ou atacado que procuram alternativas baratas a cigarros por atacado?<\/h3>\n<p data-start=\"4233\" data-end=\"4467\">Sim. Para <strong data-start=\"4242\" data-end=\"4255\">loja de vaporizadores<\/strong> propriet\u00e1rios e compradores em massa, a <strong data-start=\"4284\" data-end=\"4306\">JNR Falcon Pro 28K<\/strong> oferece alta contagem de baforadas, design recarreg\u00e1vel e recursos premium que atraem utilizadores que procuram valor a longo prazo al\u00e9m de <strong data-start=\"4427\" data-end=\"4457\">Cigarros baratos por atacado<\/strong> produtos.<\/p>\n<\/div>\n<\/div>\n<\/div>\n<\/div>","protected":false},"excerpt":{"rendered":"<ul>\n<li data-start=\"2055\" data-end=\"2134\">\n<p data-start=\"2058\" data-end=\"2134\">Compre JNR 28K Puff Bar Online \u2013 Vape descart\u00e1vel recarreg\u00e1vel de longa dura\u00e7\u00e3o EU<\/p>\n<\/li>\n<li data-start=\"2055\" data-end=\"2134\">\n<p data-start=\"2058\" data-end=\"2134\">JNR Falcon 28000 Puffs Vape \u2013 Puff Bar de malha dupla a pre\u00e7o de atacado<\/p>\n<\/li>\n<\/ul>\n<p><strong>Adicione o whatsapp da Amy para obter resposta certa e pre\u00e7o de desconto!<\/strong><\/p>\n<p><img fetchpriority=\"high\" decoding=\"async\" class=\"size-full wp-image-2932\" src=\"https:\/\/vapestornado.com\/wp-content\/uploads\/2024\/12\/Vape-Wholesale.jpg\" alt=\"Vape Atacado\" width=\"229\" height=\"300\" \/><\/p>\n<h3><a href=\"https:\/\/wa.me\/8617776015835\"><span style=\"color: #ff0000;\"><strong>WhatsApp: +86 17776015835<\/strong><\/span><\/a><\/h3>","protected":false},"featured_media":4477,"comment_status":"open","ping_status":"closed","template":"","meta":{"_acf_changed":false,"_uag_custom_page_level_css":"","_lmt_disableupdate":"no","_lmt_disable":"","_monsterinsights_skip_tracking":false,"_monsterinsights_sitenote_active":false,"_monsterinsights_sitenote_note":"","_monsterinsights_sitenote_category":0,"site-sidebar-layout":"default","site-content-layout":"","ast-site-content-layout":"default","site-content-style":"default","site-sidebar-style":"default","ast-global-header-display":"","ast-banner-title-visibility":"","ast-main-header-display":"","ast-hfb-above-header-display":"","ast-hfb-below-header-display":"","ast-hfb-mobile-header-display":"","site-post-title":"","ast-breadcrumbs-content":"","ast-featured-img":"","footer-sml-layout":"","ast-disable-related-posts":"","theme-transparent-header-meta":"default","adv-header-id-meta":"","stick-header-meta":"","header-above-stick-meta":"","header-main-stick-meta":"","header-below-stick-meta":"","astra-migrate-meta-layouts":"set","ast-page-background-enabled":"default","ast-page-background-meta":{"desktop":{"background-color":"","background-image":"","background-repeat":"repeat","background-position":"center center","background-size":"auto","background-attachment":"scroll","background-type":"","background-media":"","overlay-type":"","overlay-color":"","overlay-opacity":"","overlay-gradient":""},"tablet":{"background-color":"","background-image":"","background-repeat":"repeat","background-position":"center center","background-size":"auto","background-attachment":"scroll","background-type":"","background-media":"","overlay-type":"","overlay-color":"","overlay-opacity":"","overlay-gradient":""},"mobile":{"background-color":"","background-image":"","background-repeat":"repeat","background-position":"center center","background-size":"auto","background-attachment":"scroll","background-type":"","background-media":"","overlay-type":"","overlay-color":"","overlay-opacity":"","overlay-gradient":""}},"ast-content-background-meta":{"desktop":{"background-color":"var(--ast-global-color-5)","background-image":"","background-repeat":"repeat","background-position":"center center","background-size":"auto","background-attachment":"scroll","background-type":"","background-media":"","overlay-type":"","overlay-color":"","overlay-opacity":"","overlay-gradient":""},"tablet":{"background-color":"var(--ast-global-color-5)","background-image":"","background-repeat":"repeat","background-position":"center center","background-size":"auto","background-attachment":"scroll","background-type":"","background-media":"","overlay-type":"","overlay-color":"","overlay-opacity":"","overlay-gradient":""},"mobile":{"background-color":"var(--ast-global-color-5)","background-image":"","background-repeat":"repeat","background-position":"center center","background-size":"auto","background-attachment":"scroll","background-type":"","background-media":"","overlay-type":"","overlay-color":"","overlay-opacity":"","overlay-gradient":""}},"_joinchat":[]},"product_brand":[],"product_cat":[235,149,150,151,154,141,142,76,144],"product_tag":[403,406,411,412,410,390,397],"class_list":{"0":"post-4483","1":"product","2":"type-product","3":"status-publish","4":"has-post-thumbnail","6":"product_cat-28000-puff","7":"product_cat-buy-disposable-vapes-in-austria","8":"product_cat-buy-disposable-vapes-in-belgium","9":"product_cat-buy-disposable-vapes-in-france","10":"product_cat-buy-disposable-vapes-in-netherlands","11":"product_cat-crystal-disposable-vapes","12":"product_cat-digital-box-disposable-vapes","13":"product_cat-jnr-vape","14":"product_cat-low-nicotine-disposable-vapes","15":"product_tag-disposable-vape-box","16":"product_tag-disposable-vape-fast-shipping","17":"product_tag-jnr-28k","18":"product_tag-jnr-falcon-pro-280000","19":"product_tag-jnr-falcon-pro-28k","20":"product_tag-online-vape-shop","21":"product_tag-vapor","22":"desktop-align-left","23":"tablet-align-left","24":"mobile-align-left","26":"first","27":"instock","28":"sale","29":"shipping-taxable","30":"purchasable","31":"product-type-simple"},"acf":[],"uagb_featured_image_src":{"full":["https:\/\/vapestornado.com\/wp-content\/uploads\/2025\/10\/JNR-Falcon-Pro-28K-Puff-Dispsoable-Vape-Wholesale-Price.webp",800,800,false],"thumbnail":["https:\/\/vapestornado.com\/wp-content\/uploads\/2025\/10\/JNR-Falcon-Pro-28K-Puff-Dispsoable-Vape-Wholesale-Price-150x150.webp",150,150,true],"medium":["https:\/\/vapestornado.com\/wp-content\/uploads\/2025\/10\/JNR-Falcon-Pro-28K-Puff-Dispsoable-Vape-Wholesale-Price-300x300.webp",300,300,true],"medium_large":["https:\/\/vapestornado.com\/wp-content\/uploads\/2025\/10\/JNR-Falcon-Pro-28K-Puff-Dispsoable-Vape-Wholesale-Price-768x768.webp",768,768,true],"large":["https:\/\/vapestornado.com\/wp-content\/uploads\/2025\/10\/JNR-Falcon-Pro-28K-Puff-Dispsoable-Vape-Wholesale-Price.webp",800,800,false],"1536x1536":["https:\/\/vapestornado.com\/wp-content\/uploads\/2025\/10\/JNR-Falcon-Pro-28K-Puff-Dispsoable-Vape-Wholesale-Price.webp",800,800,false],"2048x2048":["https:\/\/vapestornado.com\/wp-content\/uploads\/2025\/10\/JNR-Falcon-Pro-28K-Puff-Dispsoable-Vape-Wholesale-Price.webp",800,800,false],"trp-custom-language-flag":["https:\/\/vapestornado.com\/wp-content\/uploads\/2025\/10\/JNR-Falcon-Pro-28K-Puff-Dispsoable-Vape-Wholesale-Price-12x12.webp",12,12,true],"woocommerce_thumbnail":["https:\/\/vapestornado.com\/wp-content\/uploads\/2025\/10\/JNR-Falcon-Pro-28K-Puff-Dispsoable-Vape-Wholesale-Price-300x300.webp",300,300,true],"woocommerce_single":["https:\/\/vapestornado.com\/wp-content\/uploads\/2025\/10\/JNR-Falcon-Pro-28K-Puff-Dispsoable-Vape-Wholesale-Price-600x600.webp",600,600,true],"woocommerce_gallery_thumbnail":["https:\/\/vapestornado.com\/wp-content\/uploads\/2025\/10\/JNR-Falcon-Pro-28K-Puff-Dispsoable-Vape-Wholesale-Price-100x100.webp",100,100,true]},"uagb_author_info":{"display_name":"ESAMY","author_link":"https:\/\/vapestornado.com\/pt\/author\/"},"uagb_comment_info":1,"uagb_excerpt":"Buy JNR 28K Puff Bar Online \u2013 Long-Lasting Rechargeable Disposable Vape EU JNR Falcon 28000 Puffs Vape \u2013 Dual Mesh Coil Puff Bar at Wholesale Price Add Amy's whatsapp to get right reply and discount price! WhatsApp: +86 17776015835","_links":{"self":[{"href":"https:\/\/vapestornado.com\/pt\/wp-json\/wp\/v2\/product\/4483","targetHints":{"allow":["GET"]}}],"collection":[{"href":"https:\/\/vapestornado.com\/pt\/wp-json\/wp\/v2\/product"}],"about":[{"href":"https:\/\/vapestornado.com\/pt\/wp-json\/wp\/v2\/types\/product"}],"replies":[{"embeddable":true,"href":"https:\/\/vapestornado.com\/pt\/wp-json\/wp\/v2\/comments?post=4483"}],"wp:featuredmedia":[{"embeddable":true,"href":"https:\/\/vapestornado.com\/pt\/wp-json\/wp\/v2\/media\/4477"}],"wp:attachment":[{"href":"https:\/\/vapestornado.com\/pt\/wp-json\/wp\/v2\/media?parent=4483"}],"wp:term":[{"taxonomy":"product_brand","embeddable":true,"href":"https:\/\/vapestornado.com\/pt\/wp-json\/wp\/v2\/product_brand?post=4483"},{"taxonomy":"product_cat","embeddable":true,"href":"https:\/\/vapestornado.com\/pt\/wp-json\/wp\/v2\/product_cat?post=4483"},{"taxonomy":"product_tag","embeddable":true,"href":"https:\/\/vapestornado.com\/pt\/wp-json\/wp\/v2\/product_tag?post=4483"}],"curies":[{"name":"wp","href":"https:\/\/api.w.org\/{rel}","templated":true}]}}