{"id":4462,"date":"2025-10-28T06:37:23","date_gmt":"2025-10-28T06:37:23","guid":{"rendered":"https:\/\/vapestornado.com\/?post_type=product&#038;p=4462"},"modified":"2025-10-28T07:04:10","modified_gmt":"2025-10-28T07:04:10","slug":"stagbar-nexus-60k-puffs-buy-disposable-vapes-online-wholesale-price","status":"publish","type":"product","link":"https:\/\/vapestornado.com\/pt\/product\/stagbar-nexus-60k-puffs-buy-disposable-vapes-online-wholesale-price\/","title":{"rendered":"STAGBAR NEXUS 60K Puffs Compre Vapes Descart\u00e1veis Online Pre\u00e7o por Atacado"},"content":{"rendered":"<h2 data-pm-slice=\"1 1 []\">STAGBAR NEXUS 60K Puffs Compre Vapes Descart\u00e1veis Online Pre\u00e7o por Atacado<\/h2>\n<p data-start=\"329\" data-end=\"654\"><strong data-start=\"329\" data-end=\"350\">STAGBAR NEXUS 60K<\/strong> \u00e9 uma nova estrela <strong data-start=\"369\" data-end=\"389\">Vapor Descart\u00e1vel<\/strong> constru\u00edda para vaporizadores que exigem desempenho duradouro e design moderno. Com uma grande <strong data-start=\"469\" data-end=\"493\">capacidade de 60000 puffs<\/strong>, este dispositivo redefine o valor no <strong data-start=\"530\" data-end=\"559\">mercado de vape descart\u00e1vel por atacado<\/strong> mercado\u2014oferecendo uso a longo prazo, desempenho est\u00e1vel e qualidade de sabor premium em cada tragada.<\/p>\n<p data-start=\"656\" data-end=\"1059\">Projetado para conforto e conveni\u00eancia, o <strong data-start=\"698\" data-end=\"721\">STAGBAR NEXUS 60000<\/strong> apresenta um <strong data-start=\"733\" data-end=\"751\">resist\u00eancia de malha dupla<\/strong> que garante sabor rico e vapor espesso, enquanto o <strong data-start=\"803\" data-end=\"832\">sistema de fluxo de ar ajust\u00e1vel<\/strong> permite personalizar cada tragada de MTL apertado a DTL aberto. Um <strong data-start=\"892\" data-end=\"913\">visor LED inteligente<\/strong> mant\u00e9m voc\u00ea informado sobre os n\u00edveis de e-l\u00edquido e bateria, e o <strong data-start=\"973\" data-end=\"1011\">bateria recarreg\u00e1vel Type-C de 850mAh<\/strong> fornece pot\u00eancia consistente com carregamento r\u00e1pido.<\/p>\n<p data-start=\"1061\" data-end=\"1301\">Os vaporizadores Stagbar agora dominam o mercado da UE, especialmente o mercado de Portugal, tornando-se os modelos mais vendidos e as marcas mais populares pelos vaporizadores. Para vaporizadores e distribuidores que procuram <strong data-start=\"1100\" data-end=\"1131\">comprar vapes descart\u00e1veis online<\/strong> com qualidade confi\u00e1vel, estilo elegante, e <strong data-start=\"1172\" data-end=\"1189\">envio r\u00e1pido<\/strong> por toda a Europa, <strong data-start=\"1205\" data-end=\"1226\">STAGBAR NEXUS 60K<\/strong> \u00e9 a solu\u00e7\u00e3o completa ideal para compradores de retalho e atacado.<\/p>\n<p data-start=\"1061\" data-end=\"1301\">Agora, os pods de vape descart\u00e1veis STAGBAR NEXUS 60K Puffs est\u00e3o dispon\u00edveis no armaz\u00e9m da UE, o que leva apenas 3-7 dias \u00fateis para envio r\u00e1pido!<\/p>\n<p><strong><span style=\"color: #ff0000;\">Adicione o WhatsApp da Amy para uma resposta r\u00e1pida e cup\u00e3o de vape!<\/span><\/strong><\/p>\n<p><img fetchpriority=\"high\" decoding=\"async\" class=\"size-full wp-image-2932\" src=\"https:\/\/vapestornado.com\/wp-content\/uploads\/2024\/12\/Vape-Wholesale.jpg\" alt=\"Vape Atacado\" width=\"229\" height=\"300\" \/><\/p>\n<h3><a href=\"https:\/\/wa.me\/8617776015835\" target=\"_blank\" rel=\"noopener\"><span style=\"color: #ff0000;\"><strong>WhatsApp: +86 17776015835<\/strong><\/span><\/a><\/h3>\n<p>&nbsp;<\/p>\n<h2><strong>Recursos do Produto STAGBAR NEXUS 60K Puff<\/strong><\/h2>\n<ul>\n<li data-start=\"1329\" data-end=\"1383\">\n<p data-start=\"1331\" data-end=\"1383\"><strong data-start=\"1331\" data-end=\"1353\">At\u00e9 60.000 Puffs<\/strong> para uso de longa dura\u00e7\u00e3o.<\/p>\n<\/li>\n<li data-start=\"1384\" data-end=\"1452\">\n<p data-start=\"1386\" data-end=\"1452\"><strong data-start=\"1386\" data-end=\"1411\">Bobina de Malha Dupla (0,9\u03a9)<\/strong> para sabor aprimorado e densidade de vapor.<\/p>\n<\/li>\n<li data-start=\"1453\" data-end=\"1514\">\n<p data-start=\"1455\" data-end=\"1514\"><strong data-start=\"1455\" data-end=\"1481\">Capacidade de E-L\u00edquido de 50mL<\/strong> pr\u00e9-preenchido com misturas premium.<\/p>\n<\/li>\n<li data-start=\"1515\" data-end=\"1577\">\n<p data-start=\"1517\" data-end=\"1577\"><strong data-start=\"1517\" data-end=\"1548\">Bateria Recarreg\u00e1vel de 850mAh<\/strong> com carregamento r\u00e1pido Type-C.<\/p>\n<\/li>\n<li data-start=\"1578\" data-end=\"1643\">\n<p data-start=\"1580\" data-end=\"1643\"><strong data-start=\"1580\" data-end=\"1610\">Controlo de Fluxo de Ar Ajust\u00e1vel<\/strong> para um estilo de vaping personalizado.<\/p>\n<\/li>\n<li data-start=\"1644\" data-end=\"1716\">\n<p data-start=\"1646\" data-end=\"1716\"><strong data-start=\"1646\" data-end=\"1668\">Tela de Exibi\u00e7\u00e3o LED<\/strong> mostra os n\u00edveis de energia e de e-l\u00edquido em tempo real.<\/p>\n<\/li>\n<li data-start=\"1717\" data-end=\"1777\">\n<p data-start=\"1719\" data-end=\"1777\"><strong data-start=\"1719\" data-end=\"1742\">Op\u00e7\u00f5es de Nicotina 2% &amp; 5%<\/strong> para prefer\u00eancias de mercado flex\u00edveis.<\/p>\n<\/li>\n<\/ul>\n<figure id=\"attachment_4456\" aria-describedby=\"caption-attachment-4456\" style=\"width: 800px\" class=\"wp-caption alignnone\"><img decoding=\"async\" class=\"wp-image-4456 size-full\" src=\"https:\/\/vapestornado.com\/wp-content\/uploads\/2025\/10\/Stagbar-Nexus-60000-60K-Puffs-Disposable-Vape-Box.webp\" alt=\"Caixa de Vape Descart\u00e1vel Stagbar Nexus 60000 60K Puffs\" width=\"800\" height=\"800\" srcset=\"https:\/\/vapestornado.com\/wp-content\/uploads\/2025\/10\/Stagbar-Nexus-60000-60K-Puffs-Disposable-Vape-Box.webp 800w, https:\/\/vapestornado.com\/wp-content\/uploads\/2025\/10\/Stagbar-Nexus-60000-60K-Puffs-Disposable-Vape-Box-300x300.webp 300w, https:\/\/vapestornado.com\/wp-content\/uploads\/2025\/10\/Stagbar-Nexus-60000-60K-Puffs-Disposable-Vape-Box-150x150.webp 150w, https:\/\/vapestornado.com\/wp-content\/uploads\/2025\/10\/Stagbar-Nexus-60000-60K-Puffs-Disposable-Vape-Box-768x768.webp 768w, https:\/\/vapestornado.com\/wp-content\/uploads\/2025\/10\/Stagbar-Nexus-60000-60K-Puffs-Disposable-Vape-Box-12x12.webp 12w, https:\/\/vapestornado.com\/wp-content\/uploads\/2025\/10\/Stagbar-Nexus-60000-60K-Puffs-Disposable-Vape-Box-600x600.webp 600w, https:\/\/vapestornado.com\/wp-content\/uploads\/2025\/10\/Stagbar-Nexus-60000-60K-Puffs-Disposable-Vape-Box-100x100.webp 100w\" sizes=\"(max-width: 800px) 100vw, 800px\" \/><figcaption id=\"caption-attachment-4456\" class=\"wp-caption-text\">Caixa de Vape Descart\u00e1vel Stagbar Nexus 60000 60K Puffs<\/figcaption><\/figure>\n<h2 class=\"product-title\"><strong>Lista de Sabores do Vape STAGBAR NEXUS 60K Puff<\/strong><\/h2>\n<ol data-start=\"1828\" data-end=\"2025\">\n<li data-start=\"1828\" data-end=\"1847\">\n<p data-start=\"1831\" data-end=\"1847\">Gelo de Melancia<\/p>\n<\/li>\n<li data-start=\"1848\" data-end=\"1876\">\n<p data-start=\"1851\" data-end=\"1876\">Mirtilo Framboesa Gelo<\/p>\n<\/li>\n<li data-start=\"1877\" data-end=\"1895\">\n<p data-start=\"1880\" data-end=\"1895\">Frutos Silvestres Mistos<\/p>\n<\/li>\n<li data-start=\"1896\" data-end=\"1917\">\n<p data-start=\"1899\" data-end=\"1917\">Uva Morango<\/p>\n<\/li>\n<li data-start=\"1918\" data-end=\"1938\">\n<p data-start=\"1921\" data-end=\"1938\">Morango Kiwi<\/p>\n<\/li>\n<li data-start=\"1939\" data-end=\"1951\">\n<p data-start=\"1942\" data-end=\"1951\">Amor 66<\/p>\n<\/li>\n<li data-start=\"1952\" data-end=\"1977\">\n<p data-start=\"1955\" data-end=\"1977\">Melancia Framboesa<\/p>\n<\/li>\n<li data-start=\"1978\" data-end=\"1993\">\n<p data-start=\"1981\" data-end=\"1993\">Lima-Lim\u00e3o<\/p>\n<\/li>\n<li data-start=\"1994\" data-end=\"2010\">\n<p data-start=\"1997\" data-end=\"2010\">P\u00eassego Manga<\/p>\n<\/li>\n<li data-start=\"2011\" data-end=\"2025\">\n<p data-start=\"2015\" data-end=\"2025\">Red Bull<\/p>\n<\/li>\n<\/ol>\n<div class=\"flex-shrink-0 flex flex-col relative items-end\">\n<div class=\"pt-0\">\n<div class=\"gizmo-bot-avatar flex h-8 w-8 items-center justify-center overflow-hidden rounded-full\">\n<div class=\"relative p-1 rounded-sm flex items-center justify-center bg-token-main-surface-primary text-token-text-primary h-8 w-8\">\n<h2 data-start=\"1200\" data-end=\"1487\">Vapes Tornado \u2013 A sua loja online de vape por atacado com as principais marcas de vape<\/h2>\n<p data-start=\"1200\" data-end=\"1487\">A Vapes Tornado Loja de Fumo Online \u00e9 o seu destino fi\u00e1vel para <strong data-start=\"66\" data-end=\"94\">vapes descart\u00e1veis premium<\/strong> e <strong data-start=\"99\" data-end=\"125\">cigarros eletr\u00f4nicos por atacado<\/strong> por toda a Europa. Temos em stock marcas populares de vaporizadores como <a href=\"https:\/\/vapestornado.com\/pt\/product\/elf-bar-raya-d3-25000-puffs-best-disposable-vape-wholesale-in-uk\/\">Vape Elf Bar<\/a>, <strong data-start=\"175\" data-end=\"228\"><a href=\"https:\/\/vapestornado.com\/pt\/product\/fumot-randm-tornado-15000-puffs-rechargeable-disposable-vape-wholesale\/\">Fumot Vape<\/a>, <a href=\"https:\/\/vapestornado.com\/pt\/product\/waspe-150k-150000-puff-6-in-1-disposable-vape-pen-cartridge-best-wholesale-price-in-poland\/\">Vape Waspe<\/a>, Vape Vozol Bar, <a href=\"https:\/\/vapestornado.com\/pt\/product-category\/bang-vape\/\">Bang Vape<\/a><\/strong>, e muitos outros\u2014oferecendo qualidade excecional, op\u00e7\u00f5es diversificadas de sabores e designs inovadores. Quer seja um utilizador pessoal ou um comprador por atacado, <strong data-start=\"372\" data-end=\"389\">Vapes Tornado<\/strong> fornece dispositivos de alto desempenho, estilos elegantes e pre\u00e7os de atacado imbat\u00edveis para atender \u00e0s suas necessidades de vaping.<\/p>\n<h2 data-start=\"2064\" data-end=\"2115\">Perguntas frequentes sobre o Vape recarreg\u00e1vel STAGBAR NEXUS 60K Puffs<\/h2>\n<p data-start=\"2043\" data-end=\"2212\"><strong data-start=\"2043\" data-end=\"2094\">Q1: Quanto tempo dura o STAGBAR NEXUS 60000?<\/strong><br data-start=\"2094\" data-end=\"2097\" \/>A1: Oferece at\u00e9 <strong data-start=\"2119\" data-end=\"2135\">60.000 puffs<\/strong>, concebido para uso a longo prazo\u2014muito mais do que os vaporizadores descart\u00e1veis tradicionais.<\/p>\n<p data-start=\"2214\" data-end=\"2395\"><strong data-start=\"2214\" data-end=\"2275\">Q2: Posso recarregar o vaporizador descart\u00e1vel STAGBAR NEXUS 60K?<\/strong><br data-start=\"2275\" data-end=\"2278\" \/>A2: Sim. Ele vem com um <strong data-start=\"2304\" data-end=\"2342\">bateria recarreg\u00e1vel Type-C de 850mAh<\/strong>, garantindo vaporiza\u00e7\u00e3o cont\u00ednua sem interrup\u00e7\u00f5es.<\/p>\n<p data-start=\"2397\" data-end=\"2579\"><strong data-start=\"2397\" data-end=\"2456\">Q3: O STAGBAR 60K possui fluxo de ar ajust\u00e1vel?<\/strong><br data-start=\"2456\" data-end=\"2459\" \/>A3: Com certeza. Pode ajustar o fluxo de ar para alcan\u00e7ar o estilo de inala\u00e7\u00e3o desejado\u2014de toques suaves MTL a nuvens maiores.<\/p>\n<p data-start=\"2581\" data-end=\"2765\"><strong data-start=\"2581\" data-end=\"2644\">Q4: Como sei quando o vaporizador est\u00e1 com pouco l\u00edquido?<\/strong><br data-start=\"2644\" data-end=\"2647\" \/>A4: O <strong data-start=\"2655\" data-end=\"2670\">ecr\u00e3 LED<\/strong> indica claramente tanto <strong data-start=\"2694\" data-end=\"2725\">n\u00edveis da bateria e do e-l\u00edquido<\/strong>, para que nunca seja apanhado desprevenido.<\/p>\n<p data-start=\"2767\" data-end=\"2979\"><strong data-start=\"2767\" data-end=\"2848\">Q5: Onde posso comprar vaporizadores descart\u00e1veis STAGBAR NEXUS 60000 por atacado na Europa?<\/strong><br data-start=\"2848\" data-end=\"2851\" \/>A5: Pode <strong data-start=\"2863\" data-end=\"2894\">comprar vapes descart\u00e1veis online<\/strong> em distribuidores confi\u00e1veis com sede na UE que oferecem <strong data-start=\"2937\" data-end=\"2976\">envio r\u00e1pido e pre\u00e7os por atacado<\/strong>.<\/p>\n<\/div>\n<\/div>\n<\/div>\n<\/div>","protected":false},"excerpt":{"rendered":"<p>STAGBAR NEXUS 60K Vape Descart\u00e1vel Atacado \u2013 Compre Online com Envio R\u00e1pido para a UE<\/p>\n<p>STAGBAR NEXUS 60000 Puffs Vape \u2013 Vape Descart\u00e1vel Recarreg\u00e1vel para a Europa<\/p>\n<p>Compre STAGBAR NEXUS 60K Puffs Vape Descart\u00e1vel Online \u2013 Pre\u00e7o por Atacado e Entrega R\u00e1pida<\/p>\n<p><strong>Adicione o whatsapp da Amy para obter resposta certa e pre\u00e7o de desconto!<\/strong><\/p>\n<p><img fetchpriority=\"high\" decoding=\"async\" class=\"size-full wp-image-2932\" src=\"https:\/\/vapestornado.com\/wp-content\/uploads\/2024\/12\/Vape-Wholesale.jpg\" alt=\"Vape Atacado\" width=\"229\" height=\"300\" \/><\/p>\n<h3><a href=\"https:\/\/wa.me\/8617776015835\"><span style=\"color: #ff0000;\"><strong>WhatsApp: +86 17776015835<\/strong><\/span><\/a><\/h3>","protected":false},"featured_media":4460,"comment_status":"open","ping_status":"closed","template":"","meta":{"_acf_changed":false,"_uag_custom_page_level_css":"","_lmt_disableupdate":"no","_lmt_disable":"","_monsterinsights_skip_tracking":false,"_monsterinsights_sitenote_active":false,"_monsterinsights_sitenote_note":"","_monsterinsights_sitenote_category":0,"site-sidebar-layout":"default","site-content-layout":"","ast-site-content-layout":"default","site-content-style":"default","site-sidebar-style":"default","ast-global-header-display":"","ast-banner-title-visibility":"","ast-main-header-display":"","ast-hfb-above-header-display":"","ast-hfb-below-header-display":"","ast-hfb-mobile-header-display":"","site-post-title":"","ast-breadcrumbs-content":"","ast-featured-img":"","footer-sml-layout":"","ast-disable-related-posts":"","theme-transparent-header-meta":"default","adv-header-id-meta":"","stick-header-meta":"","header-above-stick-meta":"","header-main-stick-meta":"","header-below-stick-meta":"","astra-migrate-meta-layouts":"set","ast-page-background-enabled":"default","ast-page-background-meta":{"desktop":{"background-color":"","background-image":"","background-repeat":"repeat","background-position":"center center","background-size":"auto","background-attachment":"scroll","background-type":"","background-media":"","overlay-type":"","overlay-color":"","overlay-opacity":"","overlay-gradient":""},"tablet":{"background-color":"","background-image":"","background-repeat":"repeat","background-position":"center center","background-size":"auto","background-attachment":"scroll","background-type":"","background-media":"","overlay-type":"","overlay-color":"","overlay-opacity":"","overlay-gradient":""},"mobile":{"background-color":"","background-image":"","background-repeat":"repeat","background-position":"center center","background-size":"auto","background-attachment":"scroll","background-type":"","background-media":"","overlay-type":"","overlay-color":"","overlay-opacity":"","overlay-gradient":""}},"ast-content-background-meta":{"desktop":{"background-color":"var(--ast-global-color-5)","background-image":"","background-repeat":"repeat","background-position":"center center","background-size":"auto","background-attachment":"scroll","background-type":"","background-media":"","overlay-type":"","overlay-color":"","overlay-opacity":"","overlay-gradient":""},"tablet":{"background-color":"var(--ast-global-color-5)","background-image":"","background-repeat":"repeat","background-position":"center center","background-size":"auto","background-attachment":"scroll","background-type":"","background-media":"","overlay-type":"","overlay-color":"","overlay-opacity":"","overlay-gradient":""},"mobile":{"background-color":"var(--ast-global-color-5)","background-image":"","background-repeat":"repeat","background-position":"center center","background-size":"auto","background-attachment":"scroll","background-type":"","background-media":"","overlay-type":"","overlay-color":"","overlay-opacity":"","overlay-gradient":""}},"_joinchat":[]},"product_brand":[],"product_cat":[343,152,156,158,143,357,146],"product_tag":[403,406,390,405,397,404],"class_list":{"0":"post-4462","1":"product","2":"type-product","3":"status-publish","4":"has-post-thumbnail","6":"product_cat-60000-puff","7":"product_cat-buy-disposable-vapes-in-cermany","8":"product_cat-buy-disposable-vapes-in-poland","9":"product_cat-buy-disposable-vapes-in-spain","10":"product_cat-dual-mesh-disposable-vapes","11":"product_cat-flavor-adjustable-vape","12":"product_cat-rechargeable-disposable-vapes","13":"product_tag-disposable-vape-box","14":"product_tag-disposable-vape-fast-shipping","15":"product_tag-online-vape-shop","16":"product_tag-stagbar-nexus-60k","17":"product_tag-vapor","18":"product_tag-wholesale-online-vape-store","19":"desktop-align-left","20":"tablet-align-left","21":"mobile-align-left","23":"first","24":"instock","25":"sale","26":"shipping-taxable","27":"purchasable","28":"product-type-simple"},"acf":[],"uagb_featured_image_src":{"full":["https:\/\/vapestornado.com\/wp-content\/uploads\/2025\/10\/Stagbar-Nexus-60000-60K-Puffs-Disposable-Vape-1.webp",800,800,false],"thumbnail":["https:\/\/vapestornado.com\/wp-content\/uploads\/2025\/10\/Stagbar-Nexus-60000-60K-Puffs-Disposable-Vape-1-150x150.webp",150,150,true],"medium":["https:\/\/vapestornado.com\/wp-content\/uploads\/2025\/10\/Stagbar-Nexus-60000-60K-Puffs-Disposable-Vape-1-300x300.webp",300,300,true],"medium_large":["https:\/\/vapestornado.com\/wp-content\/uploads\/2025\/10\/Stagbar-Nexus-60000-60K-Puffs-Disposable-Vape-1-768x768.webp",768,768,true],"large":["https:\/\/vapestornado.com\/wp-content\/uploads\/2025\/10\/Stagbar-Nexus-60000-60K-Puffs-Disposable-Vape-1.webp",800,800,false],"1536x1536":["https:\/\/vapestornado.com\/wp-content\/uploads\/2025\/10\/Stagbar-Nexus-60000-60K-Puffs-Disposable-Vape-1.webp",800,800,false],"2048x2048":["https:\/\/vapestornado.com\/wp-content\/uploads\/2025\/10\/Stagbar-Nexus-60000-60K-Puffs-Disposable-Vape-1.webp",800,800,false],"trp-custom-language-flag":["https:\/\/vapestornado.com\/wp-content\/uploads\/2025\/10\/Stagbar-Nexus-60000-60K-Puffs-Disposable-Vape-1-12x12.webp",12,12,true],"woocommerce_thumbnail":["https:\/\/vapestornado.com\/wp-content\/uploads\/2025\/10\/Stagbar-Nexus-60000-60K-Puffs-Disposable-Vape-1-300x300.webp",300,300,true],"woocommerce_single":["https:\/\/vapestornado.com\/wp-content\/uploads\/2025\/10\/Stagbar-Nexus-60000-60K-Puffs-Disposable-Vape-1-600x600.webp",600,600,true],"woocommerce_gallery_thumbnail":["https:\/\/vapestornado.com\/wp-content\/uploads\/2025\/10\/Stagbar-Nexus-60000-60K-Puffs-Disposable-Vape-1-100x100.webp",100,100,true]},"uagb_author_info":{"display_name":"ESAMY","author_link":"https:\/\/vapestornado.com\/pt\/author\/"},"uagb_comment_info":1,"uagb_excerpt":"STAGBAR NEXUS 60K Disposable Vape Wholesale \u2013 Buy Online with Fast EU Shipping STAGBAR NEXUS 60000 Puffs Vape \u2013 Rechargeable Disposable Vapor for Europe Buy STAGBAR NEXUS 60K Puffs Disposable Vape Online \u2013 Wholesale Price &amp; Fast Delivery Add Amy's whatsapp to get right reply and discount price! WhatsApp: +86 17776015835","_links":{"self":[{"href":"https:\/\/vapestornado.com\/pt\/wp-json\/wp\/v2\/product\/4462","targetHints":{"allow":["GET"]}}],"collection":[{"href":"https:\/\/vapestornado.com\/pt\/wp-json\/wp\/v2\/product"}],"about":[{"href":"https:\/\/vapestornado.com\/pt\/wp-json\/wp\/v2\/types\/product"}],"replies":[{"embeddable":true,"href":"https:\/\/vapestornado.com\/pt\/wp-json\/wp\/v2\/comments?post=4462"}],"wp:featuredmedia":[{"embeddable":true,"href":"https:\/\/vapestornado.com\/pt\/wp-json\/wp\/v2\/media\/4460"}],"wp:attachment":[{"href":"https:\/\/vapestornado.com\/pt\/wp-json\/wp\/v2\/media?parent=4462"}],"wp:term":[{"taxonomy":"product_brand","embeddable":true,"href":"https:\/\/vapestornado.com\/pt\/wp-json\/wp\/v2\/product_brand?post=4462"},{"taxonomy":"product_cat","embeddable":true,"href":"https:\/\/vapestornado.com\/pt\/wp-json\/wp\/v2\/product_cat?post=4462"},{"taxonomy":"product_tag","embeddable":true,"href":"https:\/\/vapestornado.com\/pt\/wp-json\/wp\/v2\/product_tag?post=4462"}],"curies":[{"name":"wp","href":"https:\/\/api.w.org\/{rel}","templated":true}]}}