{"id":4430,"date":"2025-10-15T09:50:23","date_gmt":"2025-10-15T09:50:23","guid":{"rendered":"https:\/\/vapestornado.com\/?post_type=product&#038;p=4430"},"modified":"2025-10-31T09:51:16","modified_gmt":"2025-10-31T09:51:16","slug":"fihp-120k-6-in1-multi-flavors-120000-puff-disposable-vape-pen-cheap-price","status":"publish","type":"product","link":"https:\/\/vapestornado.com\/pt\/product\/fihp-120k-6-in1-multi-flavors-120000-puff-disposable-vape-pen-cheap-price\/","title":{"rendered":"FIHP 120K 6 em 1 Multi Sabores Caneta Vape Descart\u00e1vel 120000 Puff Pre\u00e7o Barato"},"content":{"rendered":"<h2 data-pm-slice=\"1 1 []\">FIHP 120K 6-em-1 M\u00faltiplos Sabores 120000 Puff Vape Descart\u00e1vel \u2014 Melhores Vapes Baratos na Europa<\/h2>\n<p data-start=\"104\" data-end=\"592\">O <strong data-start=\"108\" data-end=\"146\">FIHP 120K Puff Vape Descart\u00e1vel<\/strong> \u00e9 projetado para quem deseja pot\u00eancia massiva, sabor rico e verdadeira variedade num design elegante. Oferecendo uma incr\u00edvel <strong data-start=\"272\" data-end=\"288\">120000 baforadas<\/strong>, este <strong data-start=\"295\" data-end=\"315\">FIHP 120000 Tragados<\/strong> o dispositivo vem pr\u00e9-carregado com <strong data-start=\"344\" data-end=\"372\">64mL de e-l\u00edquido premium<\/strong> e <strong data-start=\"379\" data-end=\"416\">sistema de troca de m\u00faltiplos sabores 6-em-1<\/strong>, oferecendo aos utilizadores seis op\u00e7\u00f5es de sabores vibrantes num s\u00f3 vape. \u00c9 a escolha ideal para grossistas europeus e jovens vaporizadores que procuram <strong data-start=\"543\" data-end=\"558\">vapes baratos<\/strong> que nunca comprometem a qualidade.<\/p>\n<p data-start=\"594\" data-end=\"1161\">Alimentado por uma <strong data-start=\"607\" data-end=\"638\">bateria recarreg\u00e1vel de 650mAh<\/strong> e equipado com <strong data-start=\"657\" data-end=\"681\">carregamento r\u00e1pido Tipo-C<\/strong>, o <strong data-start=\"687\" data-end=\"714\">Vape pen FIHP 120k Puff<\/strong> garante vaping ininterrupto durante todo o dia. O <strong data-start=\"757\" data-end=\"775\">resist\u00eancia de malha dupla<\/strong> oferece vapor denso e sabor forte desde a primeira inspira\u00e7\u00e3o at\u00e9 \u00e0 \u00faltima, enquanto o <strong data-start=\"860\" data-end=\"881\">visor LED inteligente<\/strong> mostra n\u00edveis de bateria e e-l\u00edquido em tempo real. Com <strong data-start=\"932\" data-end=\"970\">op\u00e7\u00f5es de nicotina 2% e 5%<\/strong>, este dispositivo equilibra perfeitamente desempenho, satisfa\u00e7\u00e3o e acessibilidade \u2014 tornando-se um dos <strong data-start=\"1071\" data-end=\"1084\">melhores vapes<\/strong> op\u00e7\u00f5es tanto para utilizadores casuais quanto para retalhistas que procuram aumentar as margens de lucro.<\/p>\n<p data-start=\"1163\" data-end=\"1524\">Elegante, dur\u00e1vel e repleto de funcionalidades, a <strong data-start=\"1211\" data-end=\"1251\">FIHP 120K Vape Pen Descart\u00e1vel 6-em-1<\/strong> est\u00e1 a redefinir o que significa uma vape descart\u00e1vel de alta capacidade. Seja para uso pessoal ou fornecimento por atacado, esta vape oferece pot\u00eancia, sabor e valor que a comunidade de vaping europeia exige. Dispon\u00edvel agora ao melhor pre\u00e7o de atacado atrav\u00e9s da Vapestornado<strong data-start=\"1493\" data-end=\"1523\">\u00a0loja de vape online<\/strong>.<\/p>\n<p><strong><span style=\"color: #ff0000;\">Adicione o WhatsApp da Amy para uma resposta r\u00e1pida e cup\u00e3o de vape!<\/span><\/strong><\/p>\n<p><img fetchpriority=\"high\" decoding=\"async\" class=\"size-full wp-image-2932\" src=\"https:\/\/vapestornado.com\/wp-content\/uploads\/2024\/12\/Vape-Wholesale.jpg\" alt=\"Vape Atacado\" width=\"229\" height=\"300\" \/><\/p>\n<h3><a href=\"https:\/\/wa.me\/8617776015835\" target=\"_blank\" rel=\"noopener\"><span style=\"color: #ff0000;\"><strong>WhatsApp: +86 17776015835<\/strong><\/span><\/a><\/h3>\n<p>&nbsp;<\/p>\n<h2><strong>Recursos do Produto FIHP 120K Puff 6 em 1<\/strong><\/h2>\n<ul>\n<li data-start=\"1555\" data-end=\"1630\">\n<p data-start=\"1557\" data-end=\"1630\"><strong data-start=\"1557\" data-end=\"1574\">120000 Tragados:<\/strong> Desempenho duradouro para satisfa\u00e7\u00e3o consistente.<\/p>\n<\/li>\n<li data-start=\"1631\" data-end=\"1728\">\n<p data-start=\"1633\" data-end=\"1728\"><strong data-start=\"1633\" data-end=\"1658\">Sistema de Sabor 6-em-1:<\/strong> Mude instantaneamente entre seis sabores pr\u00e9-preenchidos para variedade cont\u00ednua.<\/p>\n<\/li>\n<li data-start=\"1729\" data-end=\"1799\">\n<p data-start=\"1731\" data-end=\"1799\"><strong data-start=\"1731\" data-end=\"1758\">Capacidade de L\u00edquido Electr\u00f3nico de 64mL:<\/strong> Tanque extra-grande que garante semanas de uso.<\/p>\n<\/li>\n<li data-start=\"1800\" data-end=\"1885\">\n<p data-start=\"1802\" data-end=\"1885\"><strong data-start=\"1802\" data-end=\"1834\">Bateria Recarreg\u00e1vel de 650mAh:<\/strong> Compacta e eficiente com carregamento r\u00e1pido Type-C.<\/p>\n<\/li>\n<li data-start=\"1886\" data-end=\"1974\">\n<p data-start=\"1888\" data-end=\"1974\"><strong data-start=\"1888\" data-end=\"1914\">Design de Bobina de Malha Dupla:<\/strong> Densidade de vapor aprimorada e entrega de sabor fiel ao original.<\/p>\n<\/li>\n<li data-start=\"1975\" data-end=\"2050\">\n<p data-start=\"1977\" data-end=\"2050\"><strong data-start=\"1977\" data-end=\"1999\">Display LED Inteligente:<\/strong> Monitoriza\u00e7\u00e3o em tempo real da pot\u00eancia e n\u00edveis de l\u00edquido.<\/p>\n<\/li>\n<li data-start=\"2051\" data-end=\"2125\">\n<p data-start=\"2053\" data-end=\"2125\"><strong data-start=\"2053\" data-end=\"2073\">Op\u00e7\u00f5es de Nicotina:<\/strong> Dispon\u00edvel em 2% e 5% para necessidades de vaping flex\u00edveis.<\/p>\n<\/li>\n<\/ul>\n<figure id=\"attachment_4429\" aria-describedby=\"caption-attachment-4429\" style=\"width: 300px\" class=\"wp-caption alignnone\"><img decoding=\"async\" class=\"size-medium wp-image-4429\" src=\"https:\/\/vapestornado.com\/wp-content\/uploads\/2025\/10\/Newest-FIHP-120000-120k-Puffs-Dispsable-Vape-Kit-300x300.webp\" alt=\"Kit de Vape Descart\u00e1vel FIHP 120000 Puff 120K Mais Recente\" width=\"300\" height=\"300\" srcset=\"https:\/\/vapestornado.com\/wp-content\/uploads\/2025\/10\/Newest-FIHP-120000-120k-Puffs-Dispsable-Vape-Kit-300x300.webp 300w, https:\/\/vapestornado.com\/wp-content\/uploads\/2025\/10\/Newest-FIHP-120000-120k-Puffs-Dispsable-Vape-Kit-150x150.webp 150w, https:\/\/vapestornado.com\/wp-content\/uploads\/2025\/10\/Newest-FIHP-120000-120k-Puffs-Dispsable-Vape-Kit-768x768.webp 768w, https:\/\/vapestornado.com\/wp-content\/uploads\/2025\/10\/Newest-FIHP-120000-120k-Puffs-Dispsable-Vape-Kit-12x12.webp 12w, https:\/\/vapestornado.com\/wp-content\/uploads\/2025\/10\/Newest-FIHP-120000-120k-Puffs-Dispsable-Vape-Kit-600x600.webp 600w, https:\/\/vapestornado.com\/wp-content\/uploads\/2025\/10\/Newest-FIHP-120000-120k-Puffs-Dispsable-Vape-Kit-100x100.webp 100w, https:\/\/vapestornado.com\/wp-content\/uploads\/2025\/10\/Newest-FIHP-120000-120k-Puffs-Dispsable-Vape-Kit.webp 800w\" sizes=\"(max-width: 300px) 100vw, 300px\" \/><figcaption id=\"caption-attachment-4429\" class=\"wp-caption-text\">Kit de Vape Descart\u00e1vel FIHP 120000 Puff 120K Mais Recente<\/figcaption><\/figure>\n<h2 class=\"product-title\"><strong>Lista de Sabores do FIHP 120K 120000 Puff 6-em-1<\/strong><\/h2>\n<p data-start=\"2550\" data-end=\"2736\">1. \u00c1gua Melancia&amp;Red Bull&amp;Kiwi Morango&amp;Mirtilo Gelo&amp;Lim\u00e3o Lima&amp;\u00c1gua Melancia<br \/>\n2. Morango Banana&amp;Duplo Ma\u00e7\u00e3&amp;Framboesa \u00c1gua Melancia&amp;Manga Azeda Abacaxi&amp;Tropical Fruta&amp;Lim\u00e3o P\u00eassego<br \/>\n3. Abacaxi Coco&amp;Blue Razz&amp;Mixed Berries&amp;Manga P\u00eassego&amp;Mirtilo Framboesa&amp;Coca Vanilla Morango<br \/>\n4. P\u00eassego Fruta&amp;Triplo Mel\u00e3o&amp;Uva Gelo&amp;Drag\u00e3o Preto Gelo&amp;Cereja Fizz Gelo&amp;Urso Gummy<br \/>\n5. Doce Arco-\u00cdris&amp;Cereja Cola Gelo&amp;Amor 666&amp;Manga Gelo&amp;Algod\u00e3o Doce Mirtilo&amp;P\u00eassego Gelo<br \/>\n6. Aloe Lichia Gelo&amp;C\u00edtrico Rosa&amp;Gelo Glaciar&amp;Pinho Menta&amp;Gelo Groselha Preta&amp;Lim\u00e3o Melancia<\/p>\n<div class=\"flex-shrink-0 flex flex-col relative items-end\">\n<div class=\"pt-0\">\n<div class=\"gizmo-bot-avatar flex h-8 w-8 items-center justify-center overflow-hidden rounded-full\">\n<div class=\"relative p-1 rounded-sm flex items-center justify-center bg-token-main-surface-primary text-token-text-primary h-8 w-8\">\n<h2 data-start=\"1200\" data-end=\"1487\">Vapes Tornado \u2013 A sua loja online de vape por atacado com as principais marcas de vape<\/h2>\n<p data-start=\"1200\" data-end=\"1487\"><strong data-start=\"141\" data-end=\"177\">Loja Online de Fumos Vapes Tornado<\/strong> \u00e9 a sua fonte de confian\u00e7a para <strong data-start=\"205\" data-end=\"270\">vapes descart\u00e1veis premium e cigarros eletr\u00f3nicos por atacado na Europa<\/strong>. Apresentamos marcas mais vendidas como <strong data-start=\"307\" data-end=\"362\"><a href=\"https:\/\/vapestornado.com\/pt\/product\/randm-12000-puffs-fumot-digital-disposable-vape-wholesale-price\/\">Fumot VAPE<\/a>, <a href=\"https:\/\/vapestornado.com\/pt\/product\/waspe-150k-150000-puff-6-in-1-disposable-vape-pen-cartridge-best-wholesale-price-in-poland\/\">WASPE VAPE<\/a>, <\/strong><strong data-start=\"307\" data-end=\"362\"><a href=\"https:\/\/vapestornado.com\/pt\/product\/vozol-gear-shisha-25k-25000-puffs-best-dtl-disposable-vape-hookah-cheap-price\/\">VOZOL BAR VAPE<\/a>, \u00a0 Bang Vape<\/strong>, e mais, garantindo qualidade e variedade para cada cliente. Quer seja um vaporizador individual ou um comprador por atacado, entregamos <strong data-start=\"481\" data-end=\"550\">dispositivos de alto desempenho, designs elegantes e pre\u00e7os competitivos<\/strong> para atender \u00e0s suas necessidades.<\/p>\n<h2 data-start=\"2064\" data-end=\"2115\">Perguntas Frequentes sobre FIHP 120K Puff Vape descart\u00e1vel<\/h2>\n<p data-start=\"2159\" data-end=\"2318\"><strong data-start=\"2159\" data-end=\"2233\">1. Quantos sabores oferece a caneta de vape descart\u00e1vel FIHP 120K Puff?<\/strong><br data-start=\"2233\" data-end=\"2236\" \/>Apresenta um sistema 6-em-1, permitindo aos utilizadores desfrutar de seis sabores \u00fanicos num s\u00f3 dispositivo.<\/p>\n<p data-start=\"2320\" data-end=\"2445\"><strong data-start=\"2320\" data-end=\"2369\">2. O vape FIHP 120000 Puff \u00e9 recarreg\u00e1vel?<\/strong><br data-start=\"2369\" data-end=\"2372\" \/>Sim, inclui uma bateria recarreg\u00e1vel de 650mAh com carregamento r\u00e1pido Type-C.<\/p>\n<p data-start=\"2447\" data-end=\"2577\"><strong data-start=\"2447\" data-end=\"2511\">3. Quais n\u00edveis de nicotina est\u00e3o dispon\u00edveis para o FIHP 120k Puff?<\/strong><br data-start=\"2511\" data-end=\"2514\" \/>Pode escolher entre 2% e 5%, dependendo da sua prefer\u00eancia.<\/p>\n<p data-start=\"2579\" data-end=\"2743\"><strong data-start=\"2579\" data-end=\"2646\">4. Por que o FIHP 120K \u00e9 considerado um dos melhores vapes baratos?<\/strong><br data-start=\"2646\" data-end=\"2649\" \/>Oferece seis sabores, 120000 tragos e qualidade de bobina de malha dupla a um pre\u00e7o altamente competitivo.<\/p>\n<p data-start=\"2745\" data-end=\"2917\"><strong data-start=\"2745\" data-end=\"2813\">5. Onde posso comprar o Vape Descart\u00e1vel FIHP 120000 Puff em grande quantidade?<\/strong><br data-start=\"2813\" data-end=\"2816\" \/>As melhores ofertas por atacado est\u00e3o dispon\u00edveis em <strong data-start=\"2858\" data-end=\"2888\">Loja online de vaporizadores Tornado<\/strong>, confi\u00e1vel por distribuidores de toda a Europa.<\/p>\n<\/div>\n<\/div>\n<\/div>\n<\/div>","protected":false},"excerpt":{"rendered":"<p data-start=\"3204\" data-end=\"3282\">FIHP 120K 6-em-1 120000 Puffs Vape Descart\u00e1vel | Vapes Baratos para Atacado<\/p>\n<p data-start=\"3286\" data-end=\"3358\">Compre FIHP 120000 Puff Vape Pen | Melhores Vapes Descart\u00e1veis 6-em-1 na Europa<\/p>\n<p data-start=\"3362\" data-end=\"3446\">FIHP 120K Puff Vape Descart\u00e1vel \u2013 Grande Capacidade, M\u00faltiplos Sabores, Melhor Pre\u00e7o por Atacado<\/p>\n<p><strong>Adicione o whatsapp da Amy para obter resposta certa e pre\u00e7o de desconto!<\/strong><\/p>\n<p><img fetchpriority=\"high\" decoding=\"async\" class=\"size-full wp-image-2932\" src=\"https:\/\/vapestornado.com\/wp-content\/uploads\/2024\/12\/Vape-Wholesale.jpg\" alt=\"Vape Atacado\" width=\"229\" height=\"300\" \/><\/p>\n<h3><a href=\"https:\/\/wa.me\/8617776015835\"><span style=\"color: #ff0000;\"><strong>WhatsApp: +86 17776015835<\/strong><\/span><\/a><\/h3>","protected":false},"featured_media":4428,"comment_status":"open","ping_status":"closed","template":"","meta":{"_acf_changed":false,"_uag_custom_page_level_css":"","_lmt_disableupdate":"no","_lmt_disable":"","_monsterinsights_skip_tracking":false,"_monsterinsights_sitenote_active":false,"_monsterinsights_sitenote_note":"","_monsterinsights_sitenote_category":0,"site-sidebar-layout":"default","site-content-layout":"","ast-site-content-layout":"default","site-content-style":"default","site-sidebar-style":"default","ast-global-header-display":"","ast-banner-title-visibility":"","ast-main-header-display":"","ast-hfb-above-header-display":"","ast-hfb-below-header-display":"","ast-hfb-mobile-header-display":"","site-post-title":"","ast-breadcrumbs-content":"","ast-featured-img":"","footer-sml-layout":"","ast-disable-related-posts":"","theme-transparent-header-meta":"default","adv-header-id-meta":"","stick-header-meta":"","header-above-stick-meta":"","header-main-stick-meta":"","header-below-stick-meta":"","astra-migrate-meta-layouts":"set","ast-page-background-enabled":"default","ast-page-background-meta":{"desktop":{"background-color":"","background-image":"","background-repeat":"repeat","background-position":"center center","background-size":"auto","background-attachment":"scroll","background-type":"","background-media":"","overlay-type":"","overlay-color":"","overlay-opacity":"","overlay-gradient":""},"tablet":{"background-color":"","background-image":"","background-repeat":"repeat","background-position":"center center","background-size":"auto","background-attachment":"scroll","background-type":"","background-media":"","overlay-type":"","overlay-color":"","overlay-opacity":"","overlay-gradient":""},"mobile":{"background-color":"","background-image":"","background-repeat":"repeat","background-position":"center center","background-size":"auto","background-attachment":"scroll","background-type":"","background-media":"","overlay-type":"","overlay-color":"","overlay-opacity":"","overlay-gradient":""}},"ast-content-background-meta":{"desktop":{"background-color":"var(--ast-global-color-5)","background-image":"","background-repeat":"repeat","background-position":"center center","background-size":"auto","background-attachment":"scroll","background-type":"","background-media":"","overlay-type":"","overlay-color":"","overlay-opacity":"","overlay-gradient":""},"tablet":{"background-color":"var(--ast-global-color-5)","background-image":"","background-repeat":"repeat","background-position":"center center","background-size":"auto","background-attachment":"scroll","background-type":"","background-media":"","overlay-type":"","overlay-color":"","overlay-opacity":"","overlay-gradient":""},"mobile":{"background-color":"var(--ast-global-color-5)","background-image":"","background-repeat":"repeat","background-position":"center center","background-size":"auto","background-attachment":"scroll","background-type":"","background-media":"","overlay-type":"","overlay-color":"","overlay-opacity":"","overlay-gradient":""}},"_joinchat":[]},"product_brand":[],"product_cat":[347,154,142,144,146,60],"product_tag":[387,287,368,388,395,390,393,386],"class_list":{"0":"post-4430","1":"product","2":"type-product","3":"status-publish","4":"has-post-thumbnail","6":"product_cat-120000-puff","7":"product_cat-buy-disposable-vapes-in-netherlands","8":"product_cat-digital-box-disposable-vapes","9":"product_cat-low-nicotine-disposable-vapes","10":"product_cat-rechargeable-disposable-vapes","11":"product_cat-waspe-fihp-vape","12":"product_tag-cigarette-vapor","13":"product_tag-disposable-vape-pen","14":"product_tag-disposable-vapor","15":"product_tag-e-vape","16":"product_tag-fihp-120k","17":"product_tag-online-vape-shop","18":"product_tag-vape-cartridge","19":"product_tag-vape-pen","20":"desktop-align-left","21":"tablet-align-left","22":"mobile-align-left","24":"first","25":"instock","26":"sale","27":"shipping-taxable","28":"purchasable","29":"product-type-simple"},"acf":[],"uagb_featured_image_src":{"full":["https:\/\/vapestornado.com\/wp-content\/uploads\/2025\/10\/FIHP-Multi-120000-puffs-Original-Disposable-Vape.webp",800,800,false],"thumbnail":["https:\/\/vapestornado.com\/wp-content\/uploads\/2025\/10\/FIHP-Multi-120000-puffs-Original-Disposable-Vape-150x150.webp",150,150,true],"medium":["https:\/\/vapestornado.com\/wp-content\/uploads\/2025\/10\/FIHP-Multi-120000-puffs-Original-Disposable-Vape-300x300.webp",300,300,true],"medium_large":["https:\/\/vapestornado.com\/wp-content\/uploads\/2025\/10\/FIHP-Multi-120000-puffs-Original-Disposable-Vape-768x768.webp",768,768,true],"large":["https:\/\/vapestornado.com\/wp-content\/uploads\/2025\/10\/FIHP-Multi-120000-puffs-Original-Disposable-Vape.webp",800,800,false],"1536x1536":["https:\/\/vapestornado.com\/wp-content\/uploads\/2025\/10\/FIHP-Multi-120000-puffs-Original-Disposable-Vape.webp",800,800,false],"2048x2048":["https:\/\/vapestornado.com\/wp-content\/uploads\/2025\/10\/FIHP-Multi-120000-puffs-Original-Disposable-Vape.webp",800,800,false],"trp-custom-language-flag":["https:\/\/vapestornado.com\/wp-content\/uploads\/2025\/10\/FIHP-Multi-120000-puffs-Original-Disposable-Vape-12x12.webp",12,12,true],"woocommerce_thumbnail":["https:\/\/vapestornado.com\/wp-content\/uploads\/2025\/10\/FIHP-Multi-120000-puffs-Original-Disposable-Vape-300x300.webp",300,300,true],"woocommerce_single":["https:\/\/vapestornado.com\/wp-content\/uploads\/2025\/10\/FIHP-Multi-120000-puffs-Original-Disposable-Vape-600x600.webp",600,600,true],"woocommerce_gallery_thumbnail":["https:\/\/vapestornado.com\/wp-content\/uploads\/2025\/10\/FIHP-Multi-120000-puffs-Original-Disposable-Vape-100x100.webp",100,100,true]},"uagb_author_info":{"display_name":"ESAMY","author_link":"https:\/\/vapestornado.com\/pt\/author\/"},"uagb_comment_info":1,"uagb_excerpt":"FIHP 120K 6-in-1 120000 Puff Disposable Vape Pen | Cheap Vapes for Wholesale Buy FIHP 120000 Puff Vape Pen | Best 6-in-1 Disposable Vapes in Europe FIHP 120K Puff Disposable Vape \u2013 Big Capacity, Multi Flavors, Best Wholesale Price Add Amy's whatsapp to get right reply and discount price! WhatsApp: +86 17776015835","_links":{"self":[{"href":"https:\/\/vapestornado.com\/pt\/wp-json\/wp\/v2\/product\/4430","targetHints":{"allow":["GET"]}}],"collection":[{"href":"https:\/\/vapestornado.com\/pt\/wp-json\/wp\/v2\/product"}],"about":[{"href":"https:\/\/vapestornado.com\/pt\/wp-json\/wp\/v2\/types\/product"}],"replies":[{"embeddable":true,"href":"https:\/\/vapestornado.com\/pt\/wp-json\/wp\/v2\/comments?post=4430"}],"wp:featuredmedia":[{"embeddable":true,"href":"https:\/\/vapestornado.com\/pt\/wp-json\/wp\/v2\/media\/4428"}],"wp:attachment":[{"href":"https:\/\/vapestornado.com\/pt\/wp-json\/wp\/v2\/media?parent=4430"}],"wp:term":[{"taxonomy":"product_brand","embeddable":true,"href":"https:\/\/vapestornado.com\/pt\/wp-json\/wp\/v2\/product_brand?post=4430"},{"taxonomy":"product_cat","embeddable":true,"href":"https:\/\/vapestornado.com\/pt\/wp-json\/wp\/v2\/product_cat?post=4430"},{"taxonomy":"product_tag","embeddable":true,"href":"https:\/\/vapestornado.com\/pt\/wp-json\/wp\/v2\/product_tag?post=4430"}],"curies":[{"name":"wp","href":"https:\/\/api.w.org\/{rel}","templated":true}]}}