{"id":4410,"date":"2025-10-02T03:56:17","date_gmt":"2025-10-02T03:56:17","guid":{"rendered":"https:\/\/vapestornado.com\/?post_type=product&#038;p=4410"},"modified":"2025-09-30T08:04:32","modified_gmt":"2025-09-30T08:04:32","slug":"aivono-fatmax-50k-puff-smart-screen-disposable-e-shisha-hookah-bar","status":"publish","type":"product","link":"https:\/\/vapestornado.com\/pt\/product\/aivono-fatmax-50k-puff-smart-screen-disposable-e-shisha-hookah-bar\/","title":{"rendered":"AIVONO FATMAX 50K Puffs Ecr\u00e3 Inteligente Descart\u00e1vel E Shisha Hookah Bar"},"content":{"rendered":"<h2 data-pm-slice=\"1 1 []\">AIVONO FATMAX 50K Bar de Shisha Descart\u00e1vel \u2013 E Shisha com Tela Inteligente<\/h2>\n<p data-start=\"242\" data-end=\"546\">O <strong data-start=\"246\" data-end=\"267\">AIVONO FATMAX 50K<\/strong> \u00e9 uma pr\u00f3xima gera\u00e7\u00e3o <strong data-start=\"284\" data-end=\"309\">bar de shisha eletr\u00f3nica<\/strong> projetado para desempenho duradouro e sabor intenso. Cada dispositivo vem pr\u00e9-carregado com <strong data-start=\"679\" data-end=\"707\">30mL de e-l\u00edquido premium<\/strong>, oferecendo at\u00e9 <strong data-start=\"726\" data-end=\"749\">50.000 puffs suaves<\/strong>\u2014perfeito para uso a longo prazo sem substitui\u00e7\u00f5es frequentes. Constru\u00eddo com tecnologia de bobina de malha de precis\u00e3o,, este <strong data-start=\"452\" data-end=\"480\">narguil\u00e9 descart\u00e1vel<\/strong> oferece vapor suave, sabor rico e satisfa\u00e7\u00e3o consistente.<\/p>\n<p data-start=\"548\" data-end=\"851\">O seu <strong data-start=\"552\" data-end=\"609\">Bateria recarreg\u00e1vel de 800mAh com carregamento r\u00e1pido Type-C<\/strong> garante sess\u00f5es confi\u00e1veis. Ao contr\u00e1rio de vaporizadores descart\u00e1veis comuns, o FATMAX 50K vem com uma <strong data-start=\"1144\" data-end=\"1169\">exibi\u00e7\u00e3o digital clara<\/strong> que mostra <strong data-start=\"1181\" data-end=\"1233\">n\u00edveis de e-l\u00edquido em tempo real e porcentagem de bateria<\/strong>, evitando secas e adivinha\u00e7\u00f5es. Dispon\u00edvel em <strong data-start=\"744\" data-end=\"785\">0%, 2%, 3% e 5% de nicotina<\/strong>, o FATMAX 50K atende a uma vasta gama de utilizadores\u2014daqueles que preferem uma <strong data-start=\"1673\" data-end=\"1703\">experi\u00eancia de shisha sem nicotina<\/strong> a vaporizadores que desejam um <strong data-start=\"1725\" data-end=\"1746\">forte impacto na garganta<\/strong>.<\/p>\n<p data-start=\"853\" data-end=\"1034\">Compacto mas potente, o <strong data-start=\"879\" data-end=\"909\">AIVONO FATMAX 50K e shisha<\/strong> \u00e9 a <strong data-start=\"917\" data-end=\"947\">melhor bar de hookah descart\u00e1vel<\/strong> para grossistas e consumidores jovens adultos que procuram estilo, resist\u00eancia e conveni\u00eancia.<\/p>\n<p><strong><span style=\"color: #ff0000;\">Adicione o WhatsApp da Amy para uma resposta r\u00e1pida e cup\u00e3o de vape!<\/span><\/strong><\/p>\n<p><img fetchpriority=\"high\" decoding=\"async\" class=\"size-full wp-image-2932\" src=\"https:\/\/vapestornado.com\/wp-content\/uploads\/2024\/12\/Vape-Wholesale.jpg\" alt=\"Vape Atacado\" width=\"229\" height=\"300\" \/><\/p>\n<h3><a href=\"https:\/\/wa.me\/8617776015835\" target=\"_blank\" rel=\"noopener\"><span style=\"color: #ff0000;\"><strong>WhatsApp: +86 17776015835<\/strong><\/span><\/a><\/h3>\n<p>&nbsp;<\/p>\n<h2><strong>Recursos do Produto Puff AIVONO FATMAX 50K<\/strong><\/h2>\n<ul>\n<li data-start=\"1069\" data-end=\"1112\">\n<p data-start=\"1071\" data-end=\"1112\">At\u00e9 <strong data-start=\"1077\" data-end=\"1093\">50.000 puffs<\/strong> com um tanque de 30mL<\/p>\n<\/li>\n<li data-start=\"1113\" data-end=\"1169\">\n<p data-start=\"1115\" data-end=\"1169\"><strong data-start=\"1115\" data-end=\"1133\">bobina de malha de 0,6\u03a9<\/strong> para nuvens suaves e sabor completo<\/p>\n<\/li>\n<li data-start=\"1170\" data-end=\"1229\">\n<p data-start=\"1172\" data-end=\"1229\"><strong data-start=\"1172\" data-end=\"1193\">Display LED inteligente<\/strong> para monitoriza\u00e7\u00e3o da bateria e do e-l\u00edquido<\/p>\n<\/li>\n<li data-start=\"1230\" data-end=\"1287\">\n<p data-start=\"1232\" data-end=\"1287\"><strong data-start=\"1232\" data-end=\"1270\">Bateria recarreg\u00e1vel de 800mAh com Type-C<\/strong> para uso prolongado<\/p>\n<\/li>\n<li data-start=\"1288\" data-end=\"1340\">\n<p data-start=\"1290\" data-end=\"1340\">Flexibilidade na nicotina: <strong data-start=\"1312\" data-end=\"1330\">0%, 2%, 3%, 5%<\/strong> op\u00e7\u00f5es<\/p>\n<\/li>\n<li data-start=\"1341\" data-end=\"1405\">\n<p data-start=\"1343\" data-end=\"1405\">Inala\u00e7\u00e3o Directa para os Pulm\u00f5es (DTL) para uma experi\u00eancia semelhante \u00e0 shisha<\/p>\n<\/li>\n<\/ul>\n<figure id=\"attachment_4400\" aria-describedby=\"caption-attachment-4400\" style=\"width: 800px\" class=\"wp-caption alignnone\"><img decoding=\"async\" class=\"wp-image-4400 size-full\" src=\"https:\/\/vapestornado.com\/wp-content\/uploads\/2025\/09\/Aivono-50000-Puff-50k-Disposable-E-Shisha-Hookah.webp\" alt=\"Aivono 50000 Puff 50k E Shisha Hookah descart\u00e1vel\" width=\"800\" height=\"800\" srcset=\"https:\/\/vapestornado.com\/wp-content\/uploads\/2025\/09\/Aivono-50000-Puff-50k-Disposable-E-Shisha-Hookah.webp 800w, https:\/\/vapestornado.com\/wp-content\/uploads\/2025\/09\/Aivono-50000-Puff-50k-Disposable-E-Shisha-Hookah-300x300.webp 300w, https:\/\/vapestornado.com\/wp-content\/uploads\/2025\/09\/Aivono-50000-Puff-50k-Disposable-E-Shisha-Hookah-150x150.webp 150w, https:\/\/vapestornado.com\/wp-content\/uploads\/2025\/09\/Aivono-50000-Puff-50k-Disposable-E-Shisha-Hookah-768x768.webp 768w, https:\/\/vapestornado.com\/wp-content\/uploads\/2025\/09\/Aivono-50000-Puff-50k-Disposable-E-Shisha-Hookah-12x12.webp 12w, https:\/\/vapestornado.com\/wp-content\/uploads\/2025\/09\/Aivono-50000-Puff-50k-Disposable-E-Shisha-Hookah-600x600.webp 600w, https:\/\/vapestornado.com\/wp-content\/uploads\/2025\/09\/Aivono-50000-Puff-50k-Disposable-E-Shisha-Hookah-100x100.webp 100w\" sizes=\"(max-width: 800px) 100vw, 800px\" \/><figcaption id=\"caption-attachment-4400\" class=\"wp-caption-text\">Aivono 50000 Puff 50k E Shisha Hookah descart\u00e1vel<\/figcaption><\/figure>\n<h2 class=\"product-title\"><strong>Lista de Sabores do AIVONO FATMAX 50000 Puff<\/strong><\/h2>\n<p data-start=\"2550\" data-end=\"2736\">1. Cereja Framboesa<\/p>\n<p data-start=\"2550\" data-end=\"2736\">2. Duas Ma\u00e7\u00e3s<\/p>\n<p data-start=\"2550\" data-end=\"2736\">3. Menta e Uva<\/p>\n<p data-start=\"2550\" data-end=\"2736\">4. Goma de Mirtilo<\/p>\n<p data-start=\"2550\" data-end=\"2736\">5. Amor 66<\/p>\n<p data-start=\"2550\" data-end=\"2736\">6. Sonho L\u00facido<\/p>\n<p data-start=\"2550\" data-end=\"2736\">7. Gelo Luxuriante<\/p>\n<p data-start=\"2550\" data-end=\"2736\">8. Gelo de P\u00eassego<\/p>\n<p data-start=\"2550\" data-end=\"2736\">9. Gelo de Frutos Vermelhos<\/p>\n<p data-start=\"2550\" data-end=\"2736\">10. Punch de Morango<\/p>\n<div class=\"flex-shrink-0 flex flex-col relative items-end\">\n<div class=\"pt-0\">\n<div class=\"gizmo-bot-avatar flex h-8 w-8 items-center justify-center overflow-hidden rounded-full\">\n<div class=\"relative p-1 rounded-sm flex items-center justify-center bg-token-main-surface-primary text-token-text-primary h-8 w-8\">\n<h2 data-start=\"1200\" data-end=\"1487\">Vapes Tornado \u2013 A sua loja de vaping por grosso online para as principais marcas de vape<\/h2>\n<p data-start=\"1200\" data-end=\"1487\"><strong data-start=\"141\" data-end=\"177\">Loja Online de Fumos Vapes Tornado<\/strong> \u00e9 a sua fonte de confian\u00e7a para <strong data-start=\"205\" data-end=\"270\">vapes descart\u00e1veis premium e cigarros eletr\u00f3nicos por atacado na Europa<\/strong>. Apresentamos marcas mais vendidas como <strong data-start=\"307\" data-end=\"362\"><a href=\"https:\/\/vapestornado.com\/pt\/product\/vozol-gear-shisha-25k-25000-puffs-best-dtl-disposable-vape-hookah-cheap-price\/\">VOZOL BAR VAPE<\/a>, <a href=\"https:\/\/vapestornado.com\/pt\/product\/randm-12000-puffs-fumot-digital-disposable-vape-wholesale-price\/\">Fumot VAPE<\/a>, <a href=\"https:\/\/vapestornado.com\/pt\/product\/original-wga-ultra-35k-35000-puff-rechargeable-crystal-disposable-nicotine-vape-best-discount-price\/\">WGA VAPE<\/a>, Bang Vape<\/strong>, e mais, garantindo qualidade e variedade para cada cliente. Quer seja um vaporizador individual ou um comprador por atacado, entregamos <strong data-start=\"481\" data-end=\"550\">dispositivos de alto desempenho, designs elegantes e pre\u00e7os competitivos<\/strong> para atender \u00e0s suas necessidades.<\/p>\n<h2 data-start=\"2064\" data-end=\"2115\">Perguntas Frequentes sobre AIVONO FATMAX 50K Puff Vape Descart\u00e1vel<\/h2>\n<p data-start=\"1456\" data-end=\"1582\"><strong data-start=\"1456\" data-end=\"1504\">1. Quanto tempo dura o AIVONO 50K?<\/strong><br data-start=\"1504\" data-end=\"1507\" \/>Fornece at\u00e9 <strong data-start=\"1525\" data-end=\"1541\">50.000 puffs<\/strong>, tornando-o ideal para vaping a longo prazo.<\/p>\n<p data-start=\"1584\" data-end=\"1703\"><strong data-start=\"1584\" data-end=\"1622\">2. O FATMAX 50000 puffs \u00e9 recarreg\u00e1vel?<\/strong><br data-start=\"1622\" data-end=\"1625\" \/>Sim, inclui um <strong data-start=\"1645\" data-end=\"1683\">Bateria recarreg\u00e1vel de 800mAh com Type-C<\/strong> para uso prolongado.<\/p>\n<p data-start=\"1705\" data-end=\"1837\"><strong data-start=\"1705\" data-end=\"1750\">3. Quais s\u00e3o as concentra\u00e7\u00f5es de nicotina dispon\u00edveis?<\/strong><br data-start=\"1750\" data-end=\"1753\" \/>O dispositivo suporta <strong data-start=\"1773\" data-end=\"1803\">0%, 2%, 3% e 5% de nicotina<\/strong> para corresponder a diferentes prefer\u00eancias.<\/p>\n<p data-start=\"1839\" data-end=\"1956\"><strong data-start=\"1839\" data-end=\"1868\">4. Tem uma tela?<\/strong><br data-start=\"1868\" data-end=\"1871\" \/>Sim, o <strong data-start=\"1880\" data-end=\"1901\">visor LED inteligente<\/strong> mostra os n\u00edveis de bateria e de e-l\u00edquido em tempo real.<\/p>\n<p data-start=\"1958\" data-end=\"2195\"><strong data-start=\"1958\" data-end=\"2017\">5. Este bar de shisha \u00e9 adequado para atacado na Europa?<\/strong><br data-start=\"2017\" data-end=\"2020\" \/>Absolutamente. O <strong data-start=\"2036\" data-end=\"2057\">AIVONO FATMAX 50K<\/strong> combina alto n\u00famero de puffs, design moderno e op\u00e7\u00f5es flex\u00edveis de nicotina, tornando-o perfeito para o <strong data-start=\"2151\" data-end=\"2192\">mercado de atacado de shisha descart\u00e1vel na UE<\/strong>.<\/p>\n<\/div>\n<\/div>\n<\/div>\n<\/div>","protected":false},"excerpt":{"rendered":"<p data-start=\"2473\" data-end=\"2550\">AIVONO FATMAX 50K Puff E Shisha \u2013 Shisha Descart\u00e1vel com Tela Inteligente para Bar de Narguil\u00e9<\/p>\n<p data-start=\"2554\" data-end=\"2633\">Melhor Shisha Descart\u00e1vel por Atacado \u2013 AIVONO FATMAX 50K E Shisha<\/p>\n<p data-start=\"2637\" data-end=\"2714\">AIVONO FATMAX 50K Bar de E Shisha com Tela Inteligente \u2013 Narguil\u00e9 Descart\u00e1vel de 50.000 Puffs<\/p>\n<p><strong>Adicione o whatsapp da Amy para obter resposta certa e pre\u00e7o de desconto!<\/strong><\/p>\n<p><img fetchpriority=\"high\" decoding=\"async\" class=\"size-full wp-image-2932\" src=\"https:\/\/vapestornado.com\/wp-content\/uploads\/2024\/12\/Vape-Wholesale.jpg\" alt=\"Vape Atacado\" width=\"229\" height=\"300\" \/><\/p>\n<h3><a href=\"https:\/\/wa.me\/8617776015835\"><span style=\"color: #ff0000;\"><strong>WhatsApp: +86 17776015835<\/strong><\/span><\/a><\/h3>","protected":false},"featured_media":4404,"comment_status":"open","ping_status":"closed","template":"","meta":{"_acf_changed":false,"_uag_custom_page_level_css":"","_lmt_disableupdate":"no","_lmt_disable":"","_monsterinsights_skip_tracking":false,"_monsterinsights_sitenote_active":false,"_monsterinsights_sitenote_note":"","_monsterinsights_sitenote_category":0,"site-sidebar-layout":"default","site-content-layout":"","ast-site-content-layout":"default","site-content-style":"default","site-sidebar-style":"default","ast-global-header-display":"","ast-banner-title-visibility":"","ast-main-header-display":"","ast-hfb-above-header-display":"","ast-hfb-below-header-display":"","ast-hfb-mobile-header-display":"","site-post-title":"","ast-breadcrumbs-content":"","ast-featured-img":"","footer-sml-layout":"","ast-disable-related-posts":"","theme-transparent-header-meta":"default","adv-header-id-meta":"","stick-header-meta":"","header-above-stick-meta":"","header-main-stick-meta":"","header-below-stick-meta":"","astra-migrate-meta-layouts":"set","ast-page-background-enabled":"default","ast-page-background-meta":{"desktop":{"background-color":"","background-image":"","background-repeat":"repeat","background-position":"center center","background-size":"auto","background-attachment":"scroll","background-type":"","background-media":"","overlay-type":"","overlay-color":"","overlay-opacity":"","overlay-gradient":""},"tablet":{"background-color":"","background-image":"","background-repeat":"repeat","background-position":"center center","background-size":"auto","background-attachment":"scroll","background-type":"","background-media":"","overlay-type":"","overlay-color":"","overlay-opacity":"","overlay-gradient":""},"mobile":{"background-color":"","background-image":"","background-repeat":"repeat","background-position":"center center","background-size":"auto","background-attachment":"scroll","background-type":"","background-media":"","overlay-type":"","overlay-color":"","overlay-opacity":"","overlay-gradient":""}},"ast-content-background-meta":{"desktop":{"background-color":"var(--ast-global-color-5)","background-image":"","background-repeat":"repeat","background-position":"center center","background-size":"auto","background-attachment":"scroll","background-type":"","background-media":"","overlay-type":"","overlay-color":"","overlay-opacity":"","overlay-gradient":""},"tablet":{"background-color":"var(--ast-global-color-5)","background-image":"","background-repeat":"repeat","background-position":"center center","background-size":"auto","background-attachment":"scroll","background-type":"","background-media":"","overlay-type":"","overlay-color":"","overlay-opacity":"","overlay-gradient":""},"mobile":{"background-color":"var(--ast-global-color-5)","background-image":"","background-repeat":"repeat","background-position":"center center","background-size":"auto","background-attachment":"scroll","background-type":"","background-media":"","overlay-type":"","overlay-color":"","overlay-opacity":"","overlay-gradient":""}},"_joinchat":[]},"product_brand":[],"product_cat":[344,176,149,153,156,158,142,143,144,146],"product_tag":[385,355,380,368,381],"class_list":{"0":"post-4410","1":"product","2":"type-product","3":"status-publish","4":"has-post-thumbnail","6":"product_cat-80000-puff","7":"product_cat-aivono-vape","8":"product_cat-buy-disposable-vapes-in-austria","9":"product_cat-buy-disposable-vapes-in-italy","10":"product_cat-buy-disposable-vapes-in-poland","11":"product_cat-buy-disposable-vapes-in-spain","12":"product_cat-digital-box-disposable-vapes","13":"product_cat-dual-mesh-disposable-vapes","14":"product_cat-low-nicotine-disposable-vapes","15":"product_cat-rechargeable-disposable-vapes","16":"product_tag-aivono-fatbear-80k","17":"product_tag-big-puff-vape","18":"product_tag-disposable-vapes-online","19":"product_tag-disposable-vapor","20":"product_tag-vapes-online-wholesale","21":"desktop-align-left","22":"tablet-align-left","23":"mobile-align-left","25":"first","26":"instock","27":"sale","28":"shipping-taxable","29":"purchasable","30":"product-type-simple"},"acf":[],"uagb_featured_image_src":{"full":["https:\/\/vapestornado.com\/wp-content\/uploads\/2025\/09\/Big-Puff-50k-Disposable-E-Shisha-Hookah-Wholesale.webp",800,800,false],"thumbnail":["https:\/\/vapestornado.com\/wp-content\/uploads\/2025\/09\/Big-Puff-50k-Disposable-E-Shisha-Hookah-Wholesale-150x150.webp",150,150,true],"medium":["https:\/\/vapestornado.com\/wp-content\/uploads\/2025\/09\/Big-Puff-50k-Disposable-E-Shisha-Hookah-Wholesale-300x300.webp",300,300,true],"medium_large":["https:\/\/vapestornado.com\/wp-content\/uploads\/2025\/09\/Big-Puff-50k-Disposable-E-Shisha-Hookah-Wholesale-768x768.webp",768,768,true],"large":["https:\/\/vapestornado.com\/wp-content\/uploads\/2025\/09\/Big-Puff-50k-Disposable-E-Shisha-Hookah-Wholesale.webp",800,800,false],"1536x1536":["https:\/\/vapestornado.com\/wp-content\/uploads\/2025\/09\/Big-Puff-50k-Disposable-E-Shisha-Hookah-Wholesale.webp",800,800,false],"2048x2048":["https:\/\/vapestornado.com\/wp-content\/uploads\/2025\/09\/Big-Puff-50k-Disposable-E-Shisha-Hookah-Wholesale.webp",800,800,false],"trp-custom-language-flag":["https:\/\/vapestornado.com\/wp-content\/uploads\/2025\/09\/Big-Puff-50k-Disposable-E-Shisha-Hookah-Wholesale-12x12.webp",12,12,true],"woocommerce_thumbnail":["https:\/\/vapestornado.com\/wp-content\/uploads\/2025\/09\/Big-Puff-50k-Disposable-E-Shisha-Hookah-Wholesale-300x300.webp",300,300,true],"woocommerce_single":["https:\/\/vapestornado.com\/wp-content\/uploads\/2025\/09\/Big-Puff-50k-Disposable-E-Shisha-Hookah-Wholesale-600x600.webp",600,600,true],"woocommerce_gallery_thumbnail":["https:\/\/vapestornado.com\/wp-content\/uploads\/2025\/09\/Big-Puff-50k-Disposable-E-Shisha-Hookah-Wholesale-100x100.webp",100,100,true]},"uagb_author_info":{"display_name":"ESAMY","author_link":"https:\/\/vapestornado.com\/pt\/author\/"},"uagb_comment_info":0,"uagb_excerpt":"AIVONO FATMAX 50K Puff E Shisha \u2013 Smart Screen Disposable Shisha Hookah Bar Best Wholesale Disposable Shisha Hookah \u2013 AIVONO FATMAX 50K Electronic Shisha AIVONO FATMAX 50K Smart Screen E Shisha Bar \u2013 50,000 Puff Disposable Hookah Add Amy's whatsapp to get right reply and discount price! WhatsApp: +86 17776015835","_links":{"self":[{"href":"https:\/\/vapestornado.com\/pt\/wp-json\/wp\/v2\/product\/4410","targetHints":{"allow":["GET"]}}],"collection":[{"href":"https:\/\/vapestornado.com\/pt\/wp-json\/wp\/v2\/product"}],"about":[{"href":"https:\/\/vapestornado.com\/pt\/wp-json\/wp\/v2\/types\/product"}],"replies":[{"embeddable":true,"href":"https:\/\/vapestornado.com\/pt\/wp-json\/wp\/v2\/comments?post=4410"}],"wp:featuredmedia":[{"embeddable":true,"href":"https:\/\/vapestornado.com\/pt\/wp-json\/wp\/v2\/media\/4404"}],"wp:attachment":[{"href":"https:\/\/vapestornado.com\/pt\/wp-json\/wp\/v2\/media?parent=4410"}],"wp:term":[{"taxonomy":"product_brand","embeddable":true,"href":"https:\/\/vapestornado.com\/pt\/wp-json\/wp\/v2\/product_brand?post=4410"},{"taxonomy":"product_cat","embeddable":true,"href":"https:\/\/vapestornado.com\/pt\/wp-json\/wp\/v2\/product_cat?post=4410"},{"taxonomy":"product_tag","embeddable":true,"href":"https:\/\/vapestornado.com\/pt\/wp-json\/wp\/v2\/product_tag?post=4410"}],"curies":[{"name":"wp","href":"https:\/\/api.w.org\/{rel}","templated":true}]}}