{"id":4379,"date":"2025-09-25T02:51:29","date_gmt":"2025-09-25T02:51:29","guid":{"rendered":"https:\/\/vapestornado.com\/?post_type=product&#038;p=4379"},"modified":"2025-09-25T03:40:09","modified_gmt":"2025-09-25T03:40:09","slug":"vopk-80000-puff-80k-4-in-1-four-flavors-disposable-vapes-online-wholesale","status":"publish","type":"product","link":"https:\/\/vapestornado.com\/pt\/product\/vopk-80000-puff-80k-4-in-1-four-flavors-disposable-vapes-online-wholesale\/","title":{"rendered":"VOPK 80000 Puff 80k 4 em 1 Quatro Sabores Vape Descart\u00e1vel Venda Online por Grosso"},"content":{"rendered":"<h2 data-pm-slice=\"1 1 []\">VOPK 80000 Puff 80k 4 em 1 Quatro Sabores Vape Descart\u00e1vel Venda Online por Grosso<\/h2>\n<p data-start=\"175\" data-end=\"532\">O <strong data-start=\"179\" data-end=\"214\">Vape Descart\u00e1vel VOPK 80000 Puff<\/strong> \u00e9 constru\u00eddo para vapers que desejam <strong data-start=\"244\" data-end=\"293\">pot\u00eancia, variedade e conveni\u00eancia num s\u00f3 dispositivo<\/strong>. Com <strong data-start=\"300\" data-end=\"328\">tecnologia de sabor 4-em-1<\/strong>, os utilizadores podem alternar instantaneamente entre quatro sabores premium sem transportar m\u00faltiplos pods. Oferecendo at\u00e9 <strong data-start=\"433\" data-end=\"457\">80k puffs por dispositivo<\/strong>, este modelo \u00e9 uma <strong data-start=\"475\" data-end=\"515\">escolha principal em vapes online por atacado<\/strong> em toda a Europa.<\/p>\n<p data-start=\"534\" data-end=\"1007\">Equipado com uma <strong data-start=\"550\" data-end=\"568\">bobina mesh de 0,9\u03a9<\/strong>, <strong data-start=\"570\" data-end=\"608\">Bateria recarreg\u00e1vel Type-C de 650mAh<\/strong>, e um <strong data-start=\"616\" data-end=\"642\">ecr\u00e3 digital<\/strong>, o <strong data-start=\"648\" data-end=\"660\">VOPK 80k<\/strong> garante sabor rico, vapor denso e controlo total sobre os n\u00edveis de \u00f3leo e bateria. Com op\u00e7\u00f5es de nicotina em <strong data-start=\"764\" data-end=\"782\">0%, 2% e 5%<\/strong>, satisfaz tanto utilizadores ocasionais como vapers experientes. Compacto mas potente, \u00e9 o <strong data-start=\"878\" data-end=\"905\">kit de vape mod descart\u00e1vel<\/strong> perfeito para os <b>utilizadores<\/b>, oferecendo design moderno e desempenho fi\u00e1vel.<\/p>\n<p><strong><span style=\"color: #ff0000;\">Adicione o WhatsApp da Amy para uma resposta r\u00e1pida e cup\u00e3o de vape!<\/span><\/strong><\/p>\n<p><img fetchpriority=\"high\" decoding=\"async\" class=\"size-full wp-image-2932\" src=\"https:\/\/vapestornado.com\/wp-content\/uploads\/2024\/12\/Vape-Wholesale.jpg\" alt=\"Vape Atacado\" width=\"229\" height=\"300\" \/><\/p>\n<h3><a href=\"https:\/\/wa.me\/8617776015835\" target=\"_blank\" rel=\"noopener\"><span style=\"color: #ff0000;\"><strong>WhatsApp: +86 17776015835<\/strong><\/span><\/a><\/h3>\n<p>&nbsp;<\/p>\n<h2><strong>Caracter\u00edsticas do Produto VOPK 80000 Puff<\/strong><\/h2>\n<h2 data-start=\"201\" data-end=\"249\"><\/h2>\n<ul data-start=\"251\" data-end=\"944\">\n<li data-start=\"251\" data-end=\"343\">\n<p data-start=\"253\" data-end=\"343\"><strong data-start=\"253\" data-end=\"277\">80.000 Puffs Massivos<\/strong> \u2013 constru\u00eddo para uso a longo prazo, ideal para demanda de volume e atacado.<\/p>\n<\/li>\n<li data-start=\"344\" data-end=\"438\">\n<p data-start=\"346\" data-end=\"438\"><strong data-start=\"346\" data-end=\"370\">Sistema de Sabor 4-em-1<\/strong> \u2013 desfrute de quatro sabores num \u00fanico dispositivo, sem necessidade de trocar de cartucho.<\/p>\n<\/li>\n<li data-start=\"439\" data-end=\"518\">\n<p data-start=\"441\" data-end=\"518\"><strong data-start=\"441\" data-end=\"459\">Bobina de Malha 0,9\u03a9<\/strong> \u2013 oferece densidade de vapor consistente e sabor aprimorado.<\/p>\n<\/li>\n<li data-start=\"519\" data-end=\"606\">\n<p data-start=\"521\" data-end=\"606\"><strong data-start=\"521\" data-end=\"552\">Bateria Recarreg\u00e1vel de 650mAh<\/strong> \u2013 Carregamento r\u00e1pido Type-C mant\u00e9m-no energizado em movimento.<\/p>\n<\/li>\n<li data-start=\"607\" data-end=\"693\">\n<p data-start=\"609\" data-end=\"693\"><strong data-start=\"609\" data-end=\"634\">Visor Digital Inteligente<\/strong> \u2013 monitorize a dura\u00e7\u00e3o da bateria e os n\u00edveis de e-l\u00edquido em tempo real.<\/p>\n<\/li>\n<li data-start=\"694\" data-end=\"776\">\n<p data-start=\"696\" data-end=\"776\"><strong data-start=\"696\" data-end=\"727\">Op\u00e7\u00f5es de Nicotina: 0%, 2%, 5%<\/strong> \u2013 flexibilidade para atender a diferentes necessidades de vaping.<\/p>\n<\/li>\n<li data-start=\"777\" data-end=\"862\">\n<p data-start=\"779\" data-end=\"862\"><strong data-start=\"779\" data-end=\"807\">Port\u00e1til e F\u00e1cil de Usar<\/strong> \u2013 bocal ergon\u00f3mico de grande dimens\u00e3o e design leve.<\/p>\n<\/li>\n<li data-start=\"863\" data-end=\"944\">\n<p data-start=\"865\" data-end=\"944\"><strong data-start=\"865\" data-end=\"885\">10 Combina\u00e7\u00f5es de Sabores<\/strong> \u2013 uma vasta variedade para satisfazer diferentes prefer\u00eancias de gosto.<\/p>\n<\/li>\n<\/ul>\n<figure id=\"attachment_4374\" aria-describedby=\"caption-attachment-4374\" style=\"width: 300px\" class=\"wp-caption alignnone\"><img decoding=\"async\" class=\"size-medium wp-image-4374\" src=\"https:\/\/vapestornado.com\/wp-content\/uploads\/2025\/09\/VOPK-80000-Puffs-Nicotine-Free-Disposable-Vape-300x300.webp\" alt=\"VOPK Vape Descart\u00e1vel Sem Nicotina 80000 Puffs\" width=\"300\" height=\"300\" srcset=\"https:\/\/vapestornado.com\/wp-content\/uploads\/2025\/09\/VOPK-80000-Puffs-Nicotine-Free-Disposable-Vape-300x300.webp 300w, https:\/\/vapestornado.com\/wp-content\/uploads\/2025\/09\/VOPK-80000-Puffs-Nicotine-Free-Disposable-Vape-150x150.webp 150w, https:\/\/vapestornado.com\/wp-content\/uploads\/2025\/09\/VOPK-80000-Puffs-Nicotine-Free-Disposable-Vape-768x768.webp 768w, https:\/\/vapestornado.com\/wp-content\/uploads\/2025\/09\/VOPK-80000-Puffs-Nicotine-Free-Disposable-Vape-12x12.webp 12w, https:\/\/vapestornado.com\/wp-content\/uploads\/2025\/09\/VOPK-80000-Puffs-Nicotine-Free-Disposable-Vape-600x600.webp 600w, https:\/\/vapestornado.com\/wp-content\/uploads\/2025\/09\/VOPK-80000-Puffs-Nicotine-Free-Disposable-Vape-100x100.webp 100w, https:\/\/vapestornado.com\/wp-content\/uploads\/2025\/09\/VOPK-80000-Puffs-Nicotine-Free-Disposable-Vape.webp 800w\" sizes=\"(max-width: 300px) 100vw, 300px\" \/><figcaption id=\"caption-attachment-4374\" class=\"wp-caption-text\">VOPK Vape Descart\u00e1vel Sem Nicotina 80000 Puffs<\/figcaption><\/figure>\n<h2 class=\"product-title\"><strong>VOPK Lista de Sabores 80000 Puff 80k 4 em 1<\/strong><\/h2>\n<p data-start=\"2550\" data-end=\"2736\">1. melancia gelo \/ Tr\u00eas mel\u00f5es gelo \/ Blue razz gelo \/ Gelado de morango<br \/>\n2. Mirtilo framboesa \/ Gelo Fuji \/ Frutos silvestres mistos \/ Doce de mirtilo com c\u00f4co<br \/>\n3. Morango melancia \/ Grape de cranberry \/ Manga gelo \/ Doce de morango com framboesa<br \/>\n4. Red Bull gelo \/ Maracuj\u00e1 kiwi lima \/ Ma\u00e7\u00e3 azeda com framboesa e morango \/ Chiclete de melancia<br \/>\n5. Gelo de mirtilo \/ P\u00eassego manga melancia \/ Mel\u00e3o ma\u00e7\u00e3 \/ Gelo de cereja efervescente<br \/>\n6. Morango manga \/ Morango kiwi \/ Melancia Fruta do Drag\u00e3o \/ Urso de goma<br \/>\n7. Love 66 \/ Framboesa melancia \/ Morango Framboesa cereja \/ Gelo de cereja doce<br \/>\n8. Morango banana \/ Abacaxi coco gelo \/ Manga p\u00eassego damasco \/ Aloe manga mel\u00e3o<br \/>\n9. Doce Arco-\u00cdris \/ Gelo de p\u00eassego \/ Lim\u00e3o azedo laranja \/ Amora Lim\u00e3o<br \/>\n10. Kiwi maracuj\u00e1 goiaba \/ Morango cereja \/ Uva gelo \/ Doce de morango<\/p>\n<div class=\"flex-shrink-0 flex flex-col relative items-end\">\n<div class=\"pt-0\">\n<div class=\"gizmo-bot-avatar flex h-8 w-8 items-center justify-center overflow-hidden rounded-full\">\n<div class=\"relative p-1 rounded-sm flex items-center justify-center bg-token-main-surface-primary text-token-text-primary h-8 w-8\">\n<h2 data-start=\"1200\" data-end=\"1487\">Vapes Tornado \u2013 A sua loja de vaping por grosso online para as principais marcas de vape<\/h2>\n<p data-start=\"1200\" data-end=\"1487\"><strong data-start=\"141\" data-end=\"177\">Loja Online de Fumos Vapes Tornado<\/strong> \u00e9 a sua fonte de confian\u00e7a para <strong data-start=\"205\" data-end=\"270\">vapes descart\u00e1veis premium e cigarros eletr\u00f3nicos por atacado na Europa<\/strong>. Apresentamos marcas mais vendidas como <strong data-start=\"307\" data-end=\"362\"><a href=\"https:\/\/vapestornado.com\/pt\/product\/elf-bar-raya-d3-25000-puffs-best-disposable-vape-wholesale-in-uk\/\">ELF BAR VAPE<\/a>, <a href=\"https:\/\/vapestornado.com\/pt\/product\/randm-tornado-15000-disposable-vape-wholesale-price\/\">Fumot VAPE<\/a>, <a href=\"https:\/\/vapestornado.com\/pt\/product\/original-vozol-star-40000-puff-40k-best-disposable-vape-2025-wholesale-cheap-price\/\">VOZOL VAPE<\/a>, Bang Vape<\/strong>, e mais, garantindo qualidade e variedade para cada cliente. Quer seja um vaporizador individual ou um comprador por atacado, entregamos <strong data-start=\"481\" data-end=\"550\">dispositivos de alto desempenho, designs elegantes e pre\u00e7os competitivos<\/strong> para atender \u00e0s suas necessidades.<\/p>\n<h2 data-start=\"2064\" data-end=\"2115\">FAQs sobre VOPK 80000 Puff Vape Descart\u00e1vel 80k 4 em 1<\/h2>\n<p data-start=\"1035\" data-end=\"1198\"><strong data-start=\"1035\" data-end=\"1107\">Q1: Quantos puffs o Vape Descart\u00e1vel VOPK 80000 Puff fornece?<\/strong><br data-start=\"1107\" data-end=\"1110\" \/>A1: Cada dispositivo oferece at\u00e9 <strong data-start=\"1141\" data-end=\"1157\">80.000 puffs<\/strong>, tornando-o ideal para uso prolongado.<\/p>\n<p data-start=\"1200\" data-end=\"1379\"><strong data-start=\"1200\" data-end=\"1281\">P2: O que torna o VOPK 80k \u00fanico em compara\u00e7\u00e3o com outros vaporizadores descart\u00e1veis online?<\/strong><br data-start=\"1281\" data-end=\"1284\" \/>R2: Apresenta um <strong data-start=\"1302\" data-end=\"1326\">sistema de sabores 4 em 1<\/strong>, permitindo-lhe desfrutar de quatro sabores num \u00fanico dispositivo.<\/p>\n<p data-start=\"1381\" data-end=\"1530\"><strong data-start=\"1381\" data-end=\"1433\">P3: O VOPK 80000 Puff suporta recarga?<\/strong><br data-start=\"1433\" data-end=\"1436\" \/>R3: Sim, vem com um <strong data-start=\"1461\" data-end=\"1499\">Bateria recarreg\u00e1vel Type-C de 650mAh<\/strong> para carregamento r\u00e1pido eficiente.<\/p>\n<p data-start=\"1532\" data-end=\"1693\"><strong data-start=\"1532\" data-end=\"1610\">P4: Quais s\u00e3o as concentra\u00e7\u00f5es de nicotina dispon\u00edveis para o Vape Descart\u00e1vel VOPK 80k?<\/strong><br data-start=\"1610\" data-end=\"1613\" \/>R4: As op\u00e7\u00f5es incluem <strong data-start=\"1633\" data-end=\"1651\">0%, 2% e 5%<\/strong>, satisfazendo as necessidades de diferentes vapers.<\/p>\n<p data-start=\"1695\" data-end=\"1910\"><strong data-start=\"1695\" data-end=\"1762\">P5: Por que o VOPK 80k \u00e9 popular nos mercados grossistas em Portugal?<\/strong><br data-start=\"1762\" data-end=\"1765\" \/>R5: A sua <strong data-start=\"1773\" data-end=\"1840\">alta capacidade de puff, ecr\u00e3 de visualiza\u00e7\u00e3o e m\u00faltiplas op\u00e7\u00f5es de sabor<\/strong> tornam-no altamente atrativo para compradores grossistas e consumidores jovens.<\/p>\n<\/div>\n<\/div>\n<\/div>\n<\/div>","protected":false},"excerpt":{"rendered":"<p data-start=\"2159\" data-end=\"2246\"><strong data-start=\"2159\" data-end=\"2244\">VOPK 80000 Puff Vapes Descart\u00e1veis \u2013 Sabor 4-em-1, 80k Puffs, Melhor Pre\u00e7o por Atacado<\/strong><\/p>\n<p data-start=\"2250\" data-end=\"2331\"><strong data-start=\"2250\" data-end=\"2329\">Kits de Vape Mod Descart\u00e1veis VOPK 80k por Atacado \u2013 Ecr\u00e3 e Recarreg\u00e1vel<\/strong><\/p>\n<p data-start=\"2335\" data-end=\"2416\"><strong data-start=\"2335\" data-end=\"2414\">Kit de Vape Descart\u00e1vel VOPK 80000 Puff 4-em-1 \u2013 Vapes Premium Online para o Mercado da UE<\/strong><\/p>\n<p><strong>Adicione o whatsapp da Amy para obter resposta certa e pre\u00e7o de desconto!<\/strong><\/p>\n<p><img fetchpriority=\"high\" decoding=\"async\" class=\"size-full wp-image-2932\" src=\"https:\/\/vapestornado.com\/wp-content\/uploads\/2024\/12\/Vape-Wholesale.jpg\" alt=\"Vape Atacado\" width=\"229\" height=\"300\" \/><\/p>\n<h3><a href=\"https:\/\/wa.me\/8617776015835\"><span style=\"color: #ff0000;\"><strong>WhatsApp: +86 17776015835<\/strong><\/span><\/a><\/h3>","protected":false},"featured_media":4373,"comment_status":"open","ping_status":"closed","template":"","meta":{"_acf_changed":false,"_uag_custom_page_level_css":"","_lmt_disableupdate":"no","_lmt_disable":"","_monsterinsights_skip_tracking":false,"_monsterinsights_sitenote_active":false,"_monsterinsights_sitenote_note":"","_monsterinsights_sitenote_category":0,"site-sidebar-layout":"default","site-content-layout":"","ast-site-content-layout":"default","site-content-style":"default","site-sidebar-style":"default","ast-global-header-display":"","ast-banner-title-visibility":"","ast-main-header-display":"","ast-hfb-above-header-display":"","ast-hfb-below-header-display":"","ast-hfb-mobile-header-display":"","site-post-title":"","ast-breadcrumbs-content":"","ast-featured-img":"","footer-sml-layout":"","ast-disable-related-posts":"","theme-transparent-header-meta":"default","adv-header-id-meta":"","stick-header-meta":"","header-above-stick-meta":"","header-main-stick-meta":"","header-below-stick-meta":"","astra-migrate-meta-layouts":"set","ast-page-background-enabled":"default","ast-page-background-meta":{"desktop":{"background-color":"","background-image":"","background-repeat":"repeat","background-position":"center center","background-size":"auto","background-attachment":"scroll","background-type":"","background-media":"","overlay-type":"","overlay-color":"","overlay-opacity":"","overlay-gradient":""},"tablet":{"background-color":"","background-image":"","background-repeat":"repeat","background-position":"center center","background-size":"auto","background-attachment":"scroll","background-type":"","background-media":"","overlay-type":"","overlay-color":"","overlay-opacity":"","overlay-gradient":""},"mobile":{"background-color":"","background-image":"","background-repeat":"repeat","background-position":"center center","background-size":"auto","background-attachment":"scroll","background-type":"","background-media":"","overlay-type":"","overlay-color":"","overlay-opacity":"","overlay-gradient":""}},"ast-content-background-meta":{"desktop":{"background-color":"var(--ast-global-color-5)","background-image":"","background-repeat":"repeat","background-position":"center center","background-size":"auto","background-attachment":"scroll","background-type":"","background-media":"","overlay-type":"","overlay-color":"","overlay-opacity":"","overlay-gradient":""},"tablet":{"background-color":"var(--ast-global-color-5)","background-image":"","background-repeat":"repeat","background-position":"center center","background-size":"auto","background-attachment":"scroll","background-type":"","background-media":"","overlay-type":"","overlay-color":"","overlay-opacity":"","overlay-gradient":""},"mobile":{"background-color":"var(--ast-global-color-5)","background-image":"","background-repeat":"repeat","background-position":"center center","background-size":"auto","background-attachment":"scroll","background-type":"","background-media":"","overlay-type":"","overlay-color":"","overlay-opacity":"","overlay-gradient":""}},"_joinchat":[]},"product_brand":[],"product_cat":[344,149,153,156,158,142,143,144,146,290],"product_tag":[378,380,368,381,377,379],"class_list":{"0":"post-4379","1":"product","2":"type-product","3":"status-publish","4":"has-post-thumbnail","6":"product_cat-80000-puff","7":"product_cat-buy-disposable-vapes-in-austria","8":"product_cat-buy-disposable-vapes-in-italy","9":"product_cat-buy-disposable-vapes-in-poland","10":"product_cat-buy-disposable-vapes-in-spain","11":"product_cat-digital-box-disposable-vapes","12":"product_cat-dual-mesh-disposable-vapes","13":"product_cat-low-nicotine-disposable-vapes","14":"product_cat-rechargeable-disposable-vapes","15":"product_cat-vopk-vape","16":"product_tag-4-in-1-vape","17":"product_tag-disposable-vapes-online","18":"product_tag-disposable-vapor","19":"product_tag-vapes-online-wholesale","20":"product_tag-vopk-80000-puff","21":"product_tag-vopk-80k","22":"desktop-align-left","23":"tablet-align-left","24":"mobile-align-left","26":"first","27":"instock","28":"sale","29":"shipping-taxable","30":"purchasable","31":"product-type-simple"},"acf":[],"uagb_featured_image_src":{"full":["https:\/\/vapestornado.com\/wp-content\/uploads\/2025\/09\/VOPK-80k-80000-Puffs-Disposable-Vape-Mod-Kits.webp",800,800,false],"thumbnail":["https:\/\/vapestornado.com\/wp-content\/uploads\/2025\/09\/VOPK-80k-80000-Puffs-Disposable-Vape-Mod-Kits-150x150.webp",150,150,true],"medium":["https:\/\/vapestornado.com\/wp-content\/uploads\/2025\/09\/VOPK-80k-80000-Puffs-Disposable-Vape-Mod-Kits-300x300.webp",300,300,true],"medium_large":["https:\/\/vapestornado.com\/wp-content\/uploads\/2025\/09\/VOPK-80k-80000-Puffs-Disposable-Vape-Mod-Kits-768x768.webp",768,768,true],"large":["https:\/\/vapestornado.com\/wp-content\/uploads\/2025\/09\/VOPK-80k-80000-Puffs-Disposable-Vape-Mod-Kits.webp",800,800,false],"1536x1536":["https:\/\/vapestornado.com\/wp-content\/uploads\/2025\/09\/VOPK-80k-80000-Puffs-Disposable-Vape-Mod-Kits.webp",800,800,false],"2048x2048":["https:\/\/vapestornado.com\/wp-content\/uploads\/2025\/09\/VOPK-80k-80000-Puffs-Disposable-Vape-Mod-Kits.webp",800,800,false],"trp-custom-language-flag":["https:\/\/vapestornado.com\/wp-content\/uploads\/2025\/09\/VOPK-80k-80000-Puffs-Disposable-Vape-Mod-Kits-12x12.webp",12,12,true],"woocommerce_thumbnail":["https:\/\/vapestornado.com\/wp-content\/uploads\/2025\/09\/VOPK-80k-80000-Puffs-Disposable-Vape-Mod-Kits-300x300.webp",300,300,true],"woocommerce_single":["https:\/\/vapestornado.com\/wp-content\/uploads\/2025\/09\/VOPK-80k-80000-Puffs-Disposable-Vape-Mod-Kits-600x600.webp",600,600,true],"woocommerce_gallery_thumbnail":["https:\/\/vapestornado.com\/wp-content\/uploads\/2025\/09\/VOPK-80k-80000-Puffs-Disposable-Vape-Mod-Kits-100x100.webp",100,100,true]},"uagb_author_info":{"display_name":"ESAMY","author_link":"https:\/\/vapestornado.com\/pt\/author\/"},"uagb_comment_info":1,"uagb_excerpt":"VOPK 80000 Puff Disposable Vapes \u2013 4-in-1 Flavor, 80k Puffs, Best Wholesale Price Wholesale VOPK 80k Disposable Vape Mod Kits \u2013 Screen Display &amp; Rechargeable VOPK 80000 Puff 4-in-1 Disposable Vape Kit\u2013 Premium Vapes Online for EU Market Add Amy's whatsapp to get right reply and discount price! WhatsApp: +86 17776015835","_links":{"self":[{"href":"https:\/\/vapestornado.com\/pt\/wp-json\/wp\/v2\/product\/4379","targetHints":{"allow":["GET"]}}],"collection":[{"href":"https:\/\/vapestornado.com\/pt\/wp-json\/wp\/v2\/product"}],"about":[{"href":"https:\/\/vapestornado.com\/pt\/wp-json\/wp\/v2\/types\/product"}],"replies":[{"embeddable":true,"href":"https:\/\/vapestornado.com\/pt\/wp-json\/wp\/v2\/comments?post=4379"}],"wp:featuredmedia":[{"embeddable":true,"href":"https:\/\/vapestornado.com\/pt\/wp-json\/wp\/v2\/media\/4373"}],"wp:attachment":[{"href":"https:\/\/vapestornado.com\/pt\/wp-json\/wp\/v2\/media?parent=4379"}],"wp:term":[{"taxonomy":"product_brand","embeddable":true,"href":"https:\/\/vapestornado.com\/pt\/wp-json\/wp\/v2\/product_brand?post=4379"},{"taxonomy":"product_cat","embeddable":true,"href":"https:\/\/vapestornado.com\/pt\/wp-json\/wp\/v2\/product_cat?post=4379"},{"taxonomy":"product_tag","embeddable":true,"href":"https:\/\/vapestornado.com\/pt\/wp-json\/wp\/v2\/product_tag?post=4379"}],"curies":[{"name":"wp","href":"https:\/\/api.w.org\/{rel}","templated":true}]}}