{"id":4369,"date":"2025-09-20T09:23:19","date_gmt":"2025-09-20T09:23:19","guid":{"rendered":"https:\/\/vapestornado.com\/?post_type=product&#038;p=4369"},"modified":"2025-09-23T08:18:09","modified_gmt":"2025-09-23T08:18:09","slug":"okso-70000-puff-3-in-1-flavor-adjustable-disposable-vape-pod","status":"publish","type":"product","link":"https:\/\/vapestornado.com\/pt\/product\/okso-70000-puff-3-in-1-flavor-adjustable-disposable-vape-pod\/","title":{"rendered":"OKSO 70000 Puff Vape Descart\u00e1vel 3 em 1 Sabor Ajust\u00e1vel"},"content":{"rendered":"<h2 data-pm-slice=\"1 1 []\">OKSO 70000 Puff Vape Descart\u00e1vel 3 em 1 Sabor Ajust\u00e1vel<\/h2>\n<p data-start=\"204\" data-end=\"627\">O <strong data-start=\"208\" data-end=\"247\">OKSO Vape Descart\u00e1vel Pod de 70000 Puff<\/strong> \u00e9 concebido para vaporizadores que desejam m\u00e1ximo desempenho e variedade num dispositivo elegante. Com um <strong data-start=\"338\" data-end=\"367\">impressionante contagem de 70k puffs<\/strong>, uma <strong data-start=\"371\" data-end=\"395\">sistema de sabor 3-em-1<\/strong>e <strong data-start=\"401\" data-end=\"423\">fluxo de ar ajust\u00e1vel<\/strong>, estabelece um novo padr\u00e3o para vaporizadores descart\u00e1veis de longa dura\u00e7\u00e3o. Cada pod cont\u00e9m <strong data-start=\"498\" data-end=\"526\">48mL de e-l\u00edquido (16mL \u00d7 3)<\/strong>, oferecendo tr\u00eas op\u00e7\u00f5es de sabor marcantes num \u00fanico dispositivo \u2014 troque livremente e desfrute de sabor fresco a qualquer momento.<\/p>\n<p data-start=\"629\" data-end=\"1100\">O <strong data-start=\"633\" data-end=\"650\">OKSO Puff de 70k<\/strong> vem equipado com <strong data-start=\"671\" data-end=\"702\">tecnologia de bobina de malha tripla<\/strong> para vapor suave, denso e sabor consistente do in\u00edcio ao fim. O seu <strong data-start=\"774\" data-end=\"812\">Bateria recarreg\u00e1vel Type-C de 650mAh<\/strong> e <strong data-start=\"817\" data-end=\"839\">ecr\u00e3 LED<\/strong> mant\u00e9m-no informado sobre os n\u00edveis de \u00f3leo e energia, garantindo zero surpresas. Projetado com os vaporizadores da UE em mente, este pod equilibra <strong data-start=\"959\" data-end=\"976\">grande capacidade<\/strong>, <strong data-start=\"978\" data-end=\"1000\">flexibilidade de sabor<\/strong>e <strong data-start=\"1006\" data-end=\"1023\">design moderno<\/strong>, tornando-o um dos <strong data-start=\"1046\" data-end=\"1097\">melhores sabores ajust\u00e1veis de vapes descart\u00e1veis de 2025<\/strong>.<\/p>\n<p data-start=\"1102\" data-end=\"1247\">Quer seja para <strong data-start=\"1114\" data-end=\"1134\">compradores por grosso<\/strong> or <strong data-start=\"1138\" data-end=\"1158\">utilizadores individuais<\/strong>, o <strong data-start=\"1164\" data-end=\"1183\">OKSO 70000 Puff<\/strong> \u00e9 uma escolha principal no mercado de vapes descart\u00e1veis.<\/p>\n<p><strong><span style=\"color: #ff0000;\">Adicione o WhatsApp da Amy para uma resposta r\u00e1pida e cup\u00e3o de vape!<\/span><\/strong><\/p>\n<p><img fetchpriority=\"high\" decoding=\"async\" class=\"size-full wp-image-2932\" src=\"https:\/\/vapestornado.com\/wp-content\/uploads\/2024\/12\/Vape-Wholesale.jpg\" alt=\"Vape Atacado\" width=\"229\" height=\"300\" \/><\/p>\n<h3><a href=\"https:\/\/wa.me\/8617776015835\" target=\"_blank\" rel=\"noopener\"><span style=\"color: #ff0000;\"><strong>WhatsApp: +86 17776015835<\/strong><\/span><\/a><\/h3>\n<p>&nbsp;<\/p>\n<h2><strong>Caracter\u00edsticas do Produto OKSO 70000 Puff<\/strong><\/h2>\n<p>Puffs: 70000 puffs<br \/>\nN\u00facleo: Bobina de malha *3<br \/>\nE-l\u00edquido: 48ml (16ml*3)<br \/>\nNicotina: 0%\/2%\/3%\/5%<br \/>\nBateria: 650mAh, recarreg\u00e1vel via Type C<br \/>\nDisplay de ecr\u00e3 LED para \u00f3leo e bateria<br \/>\nPeso do produto: 134,5g\/unidade<br \/>\nTamanho do produto: 45*44*127mm<\/p>\n<figure id=\"attachment_4365\" aria-describedby=\"caption-attachment-4365\" style=\"width: 300px\" class=\"wp-caption alignnone\"><img decoding=\"async\" class=\"size-medium wp-image-4365\" src=\"https:\/\/vapestornado.com\/wp-content\/uploads\/2025\/09\/OKSO-3in1-70000-Puffs-Disposable-Vape-300x300.webp\" alt=\"Vape descart\u00e1vel 3 em 1 OKSO 70000 Puffs\" width=\"300\" height=\"300\" srcset=\"https:\/\/vapestornado.com\/wp-content\/uploads\/2025\/09\/OKSO-3in1-70000-Puffs-Disposable-Vape-300x300.webp 300w, https:\/\/vapestornado.com\/wp-content\/uploads\/2025\/09\/OKSO-3in1-70000-Puffs-Disposable-Vape-150x150.webp 150w, https:\/\/vapestornado.com\/wp-content\/uploads\/2025\/09\/OKSO-3in1-70000-Puffs-Disposable-Vape-768x768.webp 768w, https:\/\/vapestornado.com\/wp-content\/uploads\/2025\/09\/OKSO-3in1-70000-Puffs-Disposable-Vape-12x12.webp 12w, https:\/\/vapestornado.com\/wp-content\/uploads\/2025\/09\/OKSO-3in1-70000-Puffs-Disposable-Vape-600x600.webp 600w, https:\/\/vapestornado.com\/wp-content\/uploads\/2025\/09\/OKSO-3in1-70000-Puffs-Disposable-Vape-100x100.webp 100w, https:\/\/vapestornado.com\/wp-content\/uploads\/2025\/09\/OKSO-3in1-70000-Puffs-Disposable-Vape.webp 800w\" sizes=\"(max-width: 300px) 100vw, 300px\" \/><figcaption id=\"caption-attachment-4365\" class=\"wp-caption-text\">Vape descart\u00e1vel 3 em 1 OKSO 70000 Puffs<\/figcaption><\/figure>\n<h2 class=\"product-title\"><strong>Lista de sabores do OKSO 70000 Puff<\/strong><\/h2>\n<p data-start=\"2550\" data-end=\"2736\">1. Mirtilo Framboesa\\Frutos Vermelhos Mistos\\Ma\u00e7\u00e3 P\u00eassego<br \/>\n2. Melancia gelo\\Senhor Azul\\Uva Verde Melancia<br \/>\n3. Morango gelo\\Suco da Selva\\Mel\u00e3o Drag\u00e3o<br \/>\n4. Uva gelo\\Groselha preta gelo\\Compota de Frutos Vermelhos<br \/>\n5. Cereja gelo\\Duas Ma\u00e7\u00e3s\\Morango Framboesa Cereja gelo<br \/>\n6. P\u00eassego Juicy\\Cola de Cereja\\Doce de Cereja<br \/>\n7. Morango Kiwi\\Chiclete de Melancia\\Manga Tripla com Gelo<br \/>\n8. Kiwi Maracuj\u00e1 Guava\\Gelo de Cola\\Maracuj\u00e1 com Manga e Gelo<br \/>\n9. Abacaxi com Gelo\\Morango com Melancia\\Morango com Uva<br \/>\n10. Hortel\u00e3 Fresca\\Lim\u00e3o Lima\\Mojito de Melancia<\/p>\n<div class=\"flex-shrink-0 flex flex-col relative items-end\">\n<div class=\"pt-0\">\n<div class=\"gizmo-bot-avatar flex h-8 w-8 items-center justify-center overflow-hidden rounded-full\">\n<div class=\"relative p-1 rounded-sm flex items-center justify-center bg-token-main-surface-primary text-token-text-primary h-8 w-8\">\n<h2 data-start=\"1200\" data-end=\"1487\">Vapes Tornado \u2013 A sua Loja Online de Vapes Grossista para as Melhores Marcas de Vapes da Europa<\/h2>\n<p data-start=\"1200\" data-end=\"1487\"><strong data-start=\"213\" data-end=\"248\">Loja Online de Fumos Vapes Tornado<\/strong> \u00e9 o seu destino de confian\u00e7a para vapes descart\u00e1veis de alta qualidade e cigarros eletr\u00f3nicos a granel em toda a Europa. Especializamo-nos em oferecer uma vasta sele\u00e7\u00e3o das<strong data-start=\"403\" data-end=\"431\">\u00a0marcas de vaporizadores populares<\/strong>, incluindo <strong data-start=\"443\" data-end=\"502\"><a href=\"https:\/\/vapestornado.com\/pt\/product-category\/elf-bar-vape\/\">ELF BAR VAPE<\/a>, Vapme VAPE, <a href=\"https:\/\/vapestornado.com\/pt\/product\/vozol-gear-power-20k-20000-puffs-vape-rechargeable-disposable-box-bulk-buy-cheap-price\/\">VOZOL VAPE<\/a><\/strong><strong data-start=\"443\" data-end=\"502\">e <a href=\"https:\/\/vapestornado.com\/pt\/product-category\/bang-vape\/\">Bang Vape<\/a><\/strong>. A nossa loja foi concebida para servir tanto clientes individuais como compradores a granel, fornecendo produtos fi\u00e1veis que combinam um desempenho forte, design elegante e pre\u00e7os competitivos.<\/p>\n<h2 data-start=\"2064\" data-end=\"2115\">Perguntas Frequentes sobre o Vape Descart\u00e1vel OKSO 70000 Puffs<\/h2>\n<p data-start=\"1275\" data-end=\"1451\"><strong data-start=\"1275\" data-end=\"1351\">Q1: Quantos puffs oferece o Vape Descart\u00e1vel OKSO 70000 Puffs?<\/strong><br data-start=\"1351\" data-end=\"1354\" \/>A1: At\u00e9 <strong data-start=\"1364\" data-end=\"1380\">70.000 baforadas<\/strong> gra\u00e7as \u00e0 sua grande capacidade de e-l\u00edquido de 48mL e \u00e0s eficientes bobinas de malha.<\/p>\n<p data-start=\"1453\" data-end=\"1655\"><strong data-start=\"1453\" data-end=\"1528\">Q2: O que torna o OKSO 70k Puff diferente de outros vapes descart\u00e1veis?<\/strong><br data-start=\"1528\" data-end=\"1531\" \/>R2: Apresenta um <strong data-start=\"1549\" data-end=\"1573\">sistema de sabor 3-em-1<\/strong> com fluxo de ar ajust\u00e1vel, permitindo desfrutar de tr\u00eas sabores premium num \u00fanico dispositivo.<\/p>\n<p data-start=\"1657\" data-end=\"1813\"><strong data-start=\"1657\" data-end=\"1701\">Q3: O OKSO 70000 Puff \u00e9 recarreg\u00e1vel?<\/strong><br data-start=\"1701\" data-end=\"1704\" \/>A3: Sim, possui um <strong data-start=\"1722\" data-end=\"1760\">Bateria recarreg\u00e1vel Type-C de 650mAh<\/strong> com uma tela LED que mostra o estado do \u00f3leo e da bateria.<\/p>\n<p data-start=\"1815\" data-end=\"1979\"><strong data-start=\"1815\" data-end=\"1893\">Q4: Quais s\u00e3o as concentra\u00e7\u00f5es de nicotina dispon\u00edveis para o Vape Descart\u00e1vel OKSO 70k Puff?<\/strong><br data-start=\"1893\" data-end=\"1896\" \/>R4: As op\u00e7\u00f5es incluem <strong data-start=\"1916\" data-end=\"1946\">0%, 2%, 3% e 5% de nicotina<\/strong> para atender a diferentes prefer\u00eancias.<\/p>\n<p data-start=\"1981\" data-end=\"2177\"><strong data-start=\"1981\" data-end=\"2047\">Q5: Para quem \u00e9 destinado o Pod Vape Descart\u00e1vel OKSO 70k Puff?<\/strong><br data-start=\"2047\" data-end=\"2050\" \/>A5: \u00c9 ideal para <strong data-start=\"2069\" data-end=\"2119\">consumidores masculinos entre 25 e 35 anos no mercado da UE<\/strong> que desejam uma experi\u00eancia de vaping duradoura e rica em sabor.<\/p>\n<\/div>\n<\/div>\n<\/div>\n<\/div>","protected":false},"excerpt":{"rendered":"<p data-start=\"2514\" data-end=\"2583\"><strong data-start=\"2514\" data-end=\"2581\">OKSO 70K Puff Vape Descart\u00e1vel 3-em-1 \u2013 Grandes Puffs, Sabor Ainda Maior<\/strong><\/p>\n<p data-start=\"2587\" data-end=\"2663\"><strong data-start=\"2587\" data-end=\"2661\">Venda por grosso OKSO Vape Pod de 70000 Puff \u2013 Triplo Sabor, Fluxo de Ar Ajust\u00e1vel<\/strong><\/p>\n<p data-start=\"2667\" data-end=\"2739\"><strong data-start=\"2667\" data-end=\"2737\">OKSO Vape Descart\u00e1vel de 70000 Puff \u2013 Melhor Vape de 70K Puffs em 2025 Mercado da UE<\/strong><\/p>\n<p><strong>Adicione o whatsapp da Amy para obter resposta certa e pre\u00e7o de desconto!<\/strong><\/p>\n<p><img fetchpriority=\"high\" decoding=\"async\" class=\"size-full wp-image-2932\" src=\"https:\/\/vapestornado.com\/wp-content\/uploads\/2024\/12\/Vape-Wholesale.jpg\" alt=\"Vape Atacado\" width=\"229\" height=\"300\" \/><\/p>\n<h3><a href=\"https:\/\/wa.me\/8617776015835\"><span style=\"color: #ff0000;\"><strong>WhatsApp: +86 17776015835<\/strong><\/span><\/a><\/h3>","protected":false},"featured_media":4364,"comment_status":"open","ping_status":"closed","template":"","meta":{"_acf_changed":false,"_uag_custom_page_level_css":"","_lmt_disableupdate":"no","_lmt_disable":"","_monsterinsights_skip_tracking":false,"_monsterinsights_sitenote_active":false,"_monsterinsights_sitenote_note":"","_monsterinsights_sitenote_category":0,"site-sidebar-layout":"default","site-content-layout":"","ast-site-content-layout":"default","site-content-style":"default","site-sidebar-style":"default","ast-global-header-display":"","ast-banner-title-visibility":"","ast-main-header-display":"","ast-hfb-above-header-display":"","ast-hfb-below-header-display":"","ast-hfb-mobile-header-display":"","site-post-title":"","ast-breadcrumbs-content":"","ast-featured-img":"","footer-sml-layout":"","ast-disable-related-posts":"","theme-transparent-header-meta":"default","adv-header-id-meta":"","stick-header-meta":"","header-above-stick-meta":"","header-main-stick-meta":"","header-below-stick-meta":"","astra-migrate-meta-layouts":"set","ast-page-background-enabled":"default","ast-page-background-meta":{"desktop":{"background-color":"","background-image":"","background-repeat":"repeat","background-position":"center center","background-size":"auto","background-attachment":"scroll","background-type":"","background-media":"","overlay-type":"","overlay-color":"","overlay-opacity":"","overlay-gradient":""},"tablet":{"background-color":"","background-image":"","background-repeat":"repeat","background-position":"center center","background-size":"auto","background-attachment":"scroll","background-type":"","background-media":"","overlay-type":"","overlay-color":"","overlay-opacity":"","overlay-gradient":""},"mobile":{"background-color":"","background-image":"","background-repeat":"repeat","background-position":"center center","background-size":"auto","background-attachment":"scroll","background-type":"","background-media":"","overlay-type":"","overlay-color":"","overlay-opacity":"","overlay-gradient":""}},"ast-content-background-meta":{"desktop":{"background-color":"var(--ast-global-color-5)","background-image":"","background-repeat":"repeat","background-position":"center center","background-size":"auto","background-attachment":"scroll","background-type":"","background-media":"","overlay-type":"","overlay-color":"","overlay-opacity":"","overlay-gradient":""},"tablet":{"background-color":"var(--ast-global-color-5)","background-image":"","background-repeat":"repeat","background-position":"center center","background-size":"auto","background-attachment":"scroll","background-type":"","background-media":"","overlay-type":"","overlay-color":"","overlay-opacity":"","overlay-gradient":""},"mobile":{"background-color":"var(--ast-global-color-5)","background-image":"","background-repeat":"repeat","background-position":"center center","background-size":"auto","background-attachment":"scroll","background-type":"","background-media":"","overlay-type":"","overlay-color":"","overlay-opacity":"","overlay-gradient":""}},"_joinchat":[]},"product_brand":[],"product_cat":[149,153,156,158,142,143,144,146],"product_tag":[368,374,375,376],"class_list":{"0":"post-4369","1":"product","2":"type-product","3":"status-publish","4":"has-post-thumbnail","6":"product_cat-buy-disposable-vapes-in-austria","7":"product_cat-buy-disposable-vapes-in-italy","8":"product_cat-buy-disposable-vapes-in-poland","9":"product_cat-buy-disposable-vapes-in-spain","10":"product_cat-digital-box-disposable-vapes","11":"product_cat-dual-mesh-disposable-vapes","12":"product_cat-low-nicotine-disposable-vapes","13":"product_cat-rechargeable-disposable-vapes","14":"product_tag-disposable-vapor","15":"product_tag-okso-70000-puff","16":"product_tag-okso-70k-puff","17":"product_tag-okso-vape","18":"desktop-align-left","19":"tablet-align-left","20":"mobile-align-left","22":"first","23":"instock","24":"sale","25":"shipping-taxable","26":"purchasable","27":"product-type-simple"},"acf":[],"uagb_featured_image_src":{"full":["https:\/\/vapestornado.com\/wp-content\/uploads\/2025\/09\/OKSO-3-IN-1-70000-PUFF-Disposable-Vape-Wholesale-Price.webp",800,800,false],"thumbnail":["https:\/\/vapestornado.com\/wp-content\/uploads\/2025\/09\/OKSO-3-IN-1-70000-PUFF-Disposable-Vape-Wholesale-Price-150x150.webp",150,150,true],"medium":["https:\/\/vapestornado.com\/wp-content\/uploads\/2025\/09\/OKSO-3-IN-1-70000-PUFF-Disposable-Vape-Wholesale-Price-300x300.webp",300,300,true],"medium_large":["https:\/\/vapestornado.com\/wp-content\/uploads\/2025\/09\/OKSO-3-IN-1-70000-PUFF-Disposable-Vape-Wholesale-Price-768x768.webp",768,768,true],"large":["https:\/\/vapestornado.com\/wp-content\/uploads\/2025\/09\/OKSO-3-IN-1-70000-PUFF-Disposable-Vape-Wholesale-Price.webp",800,800,false],"1536x1536":["https:\/\/vapestornado.com\/wp-content\/uploads\/2025\/09\/OKSO-3-IN-1-70000-PUFF-Disposable-Vape-Wholesale-Price.webp",800,800,false],"2048x2048":["https:\/\/vapestornado.com\/wp-content\/uploads\/2025\/09\/OKSO-3-IN-1-70000-PUFF-Disposable-Vape-Wholesale-Price.webp",800,800,false],"trp-custom-language-flag":["https:\/\/vapestornado.com\/wp-content\/uploads\/2025\/09\/OKSO-3-IN-1-70000-PUFF-Disposable-Vape-Wholesale-Price-12x12.webp",12,12,true],"woocommerce_thumbnail":["https:\/\/vapestornado.com\/wp-content\/uploads\/2025\/09\/OKSO-3-IN-1-70000-PUFF-Disposable-Vape-Wholesale-Price-300x300.webp",300,300,true],"woocommerce_single":["https:\/\/vapestornado.com\/wp-content\/uploads\/2025\/09\/OKSO-3-IN-1-70000-PUFF-Disposable-Vape-Wholesale-Price-600x600.webp",600,600,true],"woocommerce_gallery_thumbnail":["https:\/\/vapestornado.com\/wp-content\/uploads\/2025\/09\/OKSO-3-IN-1-70000-PUFF-Disposable-Vape-Wholesale-Price-100x100.webp",100,100,true]},"uagb_author_info":{"display_name":"ESAMY","author_link":"https:\/\/vapestornado.com\/pt\/author\/"},"uagb_comment_info":1,"uagb_excerpt":"OKSO 70K Puff 3-in-1 Disposable Vape \u2013 Big Puffs, Bigger Flavor Wholesale OKSO 70000 Puff Vape Pod \u2013 Triple Flavor, Adjustable Airflow OKSO 70000 Disposable Vape Pod \u2013 Best 70K Puff Vape 2025 EU Market Add Amy's whatsapp to get right reply and discount price! WhatsApp: +86 17776015835","_links":{"self":[{"href":"https:\/\/vapestornado.com\/pt\/wp-json\/wp\/v2\/product\/4369","targetHints":{"allow":["GET"]}}],"collection":[{"href":"https:\/\/vapestornado.com\/pt\/wp-json\/wp\/v2\/product"}],"about":[{"href":"https:\/\/vapestornado.com\/pt\/wp-json\/wp\/v2\/types\/product"}],"replies":[{"embeddable":true,"href":"https:\/\/vapestornado.com\/pt\/wp-json\/wp\/v2\/comments?post=4369"}],"wp:featuredmedia":[{"embeddable":true,"href":"https:\/\/vapestornado.com\/pt\/wp-json\/wp\/v2\/media\/4364"}],"wp:attachment":[{"href":"https:\/\/vapestornado.com\/pt\/wp-json\/wp\/v2\/media?parent=4369"}],"wp:term":[{"taxonomy":"product_brand","embeddable":true,"href":"https:\/\/vapestornado.com\/pt\/wp-json\/wp\/v2\/product_brand?post=4369"},{"taxonomy":"product_cat","embeddable":true,"href":"https:\/\/vapestornado.com\/pt\/wp-json\/wp\/v2\/product_cat?post=4369"},{"taxonomy":"product_tag","embeddable":true,"href":"https:\/\/vapestornado.com\/pt\/wp-json\/wp\/v2\/product_tag?post=4369"}],"curies":[{"name":"wp","href":"https:\/\/api.w.org\/{rel}","templated":true}]}}