{"id":4355,"date":"2025-09-19T03:35:21","date_gmt":"2025-09-19T03:35:21","guid":{"rendered":"https:\/\/vapestornado.com\/?post_type=product&#038;p=4355"},"modified":"2025-09-19T06:51:26","modified_gmt":"2025-09-19T06:51:26","slug":"uzy-60000-puff-60k-disposable-vapor-3-in-1-triple-flavor-bulk-buy-online","status":"publish","type":"product","link":"https:\/\/vapestornado.com\/pt\/product\/uzy-60000-puff-60k-disposable-vapor-3-in-1-triple-flavor-bulk-buy-online\/","title":{"rendered":"UZY 60000 Puffs 60k Vaporizador Descart\u00e1vel 3 em 1 Sabor Triplo Compra em Bulk Online"},"content":{"rendered":"<h2 data-pm-slice=\"1 1 []\">Vapor descart\u00e1vel UZY 60000 Puffs 3 em 1 Triplo Sabor \u2013 Compra em massa online ao melhor pre\u00e7o<\/h2>\n<p data-start=\"312\" data-end=\"738\">O <strong data-start=\"316\" data-end=\"351\">Vapor descart\u00e1vel UZY 60000 Puffs<\/strong> \u00e9 feito para vaporizadores que desejam variedade, pot\u00eancia e fiabilidade num \u00fanico dispositivo. Com uma impressionante <strong data-start=\"447\" data-end=\"468\">capacidade de 60 mil puffs<\/strong> e um exclusivo <strong data-start=\"482\" data-end=\"513\">sistema de triplo sabor 3 em 1<\/strong>, cada dispositivo de cartucho oferece <strong data-start=\"536\" data-end=\"556\">54ml de e-l\u00edquido<\/strong> dividido em tr\u00eas c\u00e2maras separadas, mantendo cada sabor fresco e distinto. O vape UZY de 60000 puffs \u00e9 a escolha perfeita para<strong data-start=\"662\" data-end=\"702\"> vaporizadores <\/strong>que exigem desempenho e estilo.<\/p>\n<p data-start=\"740\" data-end=\"1112\">Equipado com <strong data-start=\"754\" data-end=\"785\">tecnologia de bobina de malha tripla<\/strong>, o UZY de 60 mil garante vapor suave e sabor rico em cada tragada. O <strong data-start=\"854\" data-end=\"875\">visor LED inteligente<\/strong> mant\u00e9m-te atualizado sobre os n\u00edveis de bateria e de l\u00edquido eletr\u00f3nico, para que nunca fiques sem carga inesperadamente. Alimentado por um forte <strong data-start=\"984\" data-end=\"1041\">Bateria recarreg\u00e1vel de 850mAh com carregamento r\u00e1pido Type-C<\/strong>, o tempo de inatividade \u00e9 m\u00ednimo, tornando este um dispositivo fi\u00e1vel para uso di\u00e1rio.<\/p>\n<p data-start=\"1114\" data-end=\"1403\">Dispon\u00edvel em <strong data-start=\"1127\" data-end=\"1167\">0%, 2%, 3% e 5% de nicotina<\/strong>, satisfaz todas as prefer\u00eancias \u2014 desde vaping leve e casual at\u00e9 uma baforada mais forte. O <strong data-start=\"1248\" data-end=\"1282\">design moderno inspirado em cristais<\/strong> n\u00e3o s\u00f3 transmite uma sensa\u00e7\u00e3o premium na m\u00e3o, como tamb\u00e9m tem um aspeto elegante, apelando a jovens adultos que valorizam tanto a funcionalidade como a est\u00e9tica.<\/p>\n<p data-start=\"1405\" data-end=\"1739\">Para <strong data-start=\"1409\" data-end=\"1434\">compradores a grosso<\/strong>, o UZY 60000 Puff destaca-se como um <strong data-start=\"1471\" data-end=\"1518\">best-seller na categoria de vape descart\u00e1vel<\/strong>, combinando <strong data-start=\"1530\" data-end=\"1612\">desempenho duradouro, sabores aut\u00eanticos e pre\u00e7os competitivos a grosso<\/strong> que garantem margens de lucro elevadas. Se pretende <strong data-start=\"1664\" data-end=\"1694\">comprar vape descart\u00e1vel online<\/strong> para a sua loja, o UZY 60k \u00e9 uma aposta segura.<\/p>\n<p><strong><span style=\"color: #ff0000;\">Adicione o WhatsApp da Amy para uma resposta r\u00e1pida e cup\u00e3o de vape!<\/span><\/strong><\/p>\n<p><img fetchpriority=\"high\" decoding=\"async\" class=\"size-full wp-image-2932\" src=\"https:\/\/vapestornado.com\/wp-content\/uploads\/2024\/12\/Vape-Wholesale.jpg\" alt=\"Vape Atacado\" width=\"229\" height=\"300\" \/><\/p>\n<h3><a href=\"https:\/\/wa.me\/8617776015835\" target=\"_blank\" rel=\"noopener\"><span style=\"color: #ff0000;\"><strong>WhatsApp: +86 17776015835<\/strong><\/span><\/a><\/h3>\n<p>&nbsp;<\/p>\n<h2><strong>Caracter\u00edsticas do Produto UZY 60000 Puff<\/strong><\/h2>\n<p>Baforadas: 60000 Baforadas<br \/>\n3 em 1 Tr\u00eas Sabores<br \/>\nBobina de Malha Dupla<br \/>\nE-l\u00edquido: 54ml (18ml+18ml+18ml)<br \/>\nNicotina: 0%\/2%\/3%\/5%<br \/>\nBateria: 850mah<br \/>\nRecarreg\u00e1vel: Porta de Carregamento Type-C<br \/>\nEcr\u00e3 LED (Ecr\u00e3 Inteligente) Indica N\u00edvel de Bateria e E-l\u00edquido<br \/>\nAjuste de Pot\u00eancia: Vers\u00f5es Pro e Max<br \/>\nPeso do produto: 120g\/unidade<\/p>\n<figure id=\"attachment_4354\" aria-describedby=\"caption-attachment-4354\" style=\"width: 800px\" class=\"wp-caption alignnone\"><img decoding=\"async\" class=\"wp-image-4354 size-full\" src=\"https:\/\/vapestornado.com\/wp-content\/uploads\/2025\/09\/UZY-Triple-Flavor-60000-60K-Puffs-Disposable-Vape.webp\" alt=\"UZY Triple Flavor 60000 60K Puffs Vape Descart\u00e1vel\" width=\"800\" height=\"800\" srcset=\"https:\/\/vapestornado.com\/wp-content\/uploads\/2025\/09\/UZY-Triple-Flavor-60000-60K-Puffs-Disposable-Vape.webp 800w, https:\/\/vapestornado.com\/wp-content\/uploads\/2025\/09\/UZY-Triple-Flavor-60000-60K-Puffs-Disposable-Vape-300x300.webp 300w, https:\/\/vapestornado.com\/wp-content\/uploads\/2025\/09\/UZY-Triple-Flavor-60000-60K-Puffs-Disposable-Vape-150x150.webp 150w, https:\/\/vapestornado.com\/wp-content\/uploads\/2025\/09\/UZY-Triple-Flavor-60000-60K-Puffs-Disposable-Vape-768x768.webp 768w, https:\/\/vapestornado.com\/wp-content\/uploads\/2025\/09\/UZY-Triple-Flavor-60000-60K-Puffs-Disposable-Vape-12x12.webp 12w, https:\/\/vapestornado.com\/wp-content\/uploads\/2025\/09\/UZY-Triple-Flavor-60000-60K-Puffs-Disposable-Vape-600x600.webp 600w, https:\/\/vapestornado.com\/wp-content\/uploads\/2025\/09\/UZY-Triple-Flavor-60000-60K-Puffs-Disposable-Vape-100x100.webp 100w\" sizes=\"(max-width: 800px) 100vw, 800px\" \/><figcaption id=\"caption-attachment-4354\" class=\"wp-caption-text\">UZY Triple Flavor 60000 60K Puffs Vape Descart\u00e1vel<\/figcaption><\/figure>\n<h2 class=\"product-title\"><strong> Lista de Sabores UZY 60000 Puff<\/strong><\/h2>\n<p>1. Mirtilo Framboesa \/ Morango Kiwi \/ Lim\u00e3o Lima<br \/>\n2. Kiwi Maracuj\u00e1 Goiaba \/ Gelo de Mirtilo \/ P\u00eassego Manga<br \/>\n3. Morango Melancia \/ Gelo Cola \/ Cola de Cereja<br \/>\n4. P\u00eassego Gelo \/ Morango Framboesa Cereja Gelo \/ Duas Ma\u00e7\u00e3s Gelo<br \/>\n5. Uva Gelo \/ Love 666 (Maracuj\u00e1 Mel\u00e3o) \/ Red Bull de Morango<br \/>\n6. Senhor Azul \/ Urso Goma \/ Red Bull Gelo<br \/>\n7. P\u00eassego Manga Abacaxi \/ Blue Razz Gelo \/ Framboesa Melancia<br \/>\n8. \u00c1gua Melancia \/ \u00c1gua Mel\u00e3o Triplo \/ Morango Banana<br \/>\n9. P\u00eassego de Ver\u00e3o Ice \/ Morango Ice \/ Blue Razz Ice<br \/>\n10. Cereja Ice \/ Frutos Vermelhos Mistos \/ Drag\u00e3o Preto Ice<\/p>\n<div class=\"flex-shrink-0 flex flex-col relative items-end\">\n<div class=\"pt-0\">\n<div class=\"gizmo-bot-avatar flex h-8 w-8 items-center justify-center overflow-hidden rounded-full\">\n<div class=\"relative p-1 rounded-sm flex items-center justify-center bg-token-main-surface-primary text-token-text-primary h-8 w-8\">\n<h2 data-start=\"1200\" data-end=\"1487\">Vapes Tornado \u2013 A sua Loja Online de Vapes Grossista para as Melhores Marcas de Vapes da Europa<\/h2>\n<p data-start=\"1200\" data-end=\"1487\"><strong data-start=\"213\" data-end=\"248\">Loja Online de Fumos Vapes Tornado<\/strong> \u00e9 o seu destino de confian\u00e7a para vapes descart\u00e1veis de alta qualidade e cigarros eletr\u00f3nicos a granel em toda a Europa. Especializamo-nos em oferecer uma vasta sele\u00e7\u00e3o das<strong data-start=\"403\" data-end=\"431\">\u00a0marcas de vaporizadores populares<\/strong>, incluindo <strong data-start=\"443\" data-end=\"502\"><a href=\"https:\/\/vapestornado.com\/pt\/product\/waspe-aiviou-3-in-1-60000-puffs-disposable-vape-kit-best-price\/\">WASPE VAPE<\/a>, Vapme VAPE, <a href=\"https:\/\/vapestornado.com\/pt\/product\/vozol-gear-power-20k-20000-puffs-vape-rechargeable-disposable-box-bulk-buy-cheap-price\/\">VOZOL VAPE<\/a><\/strong><strong data-start=\"443\" data-end=\"502\">e <a href=\"https:\/\/vapestornado.com\/pt\/product-category\/fumot-vape\/\">FUMOT VAPE<\/a><\/strong>. A nossa loja foi concebida para servir tanto clientes individuais como compradores a granel, fornecendo produtos fi\u00e1veis que combinam um desempenho forte, design elegante e pre\u00e7os competitivos.<\/p>\n<h2 data-start=\"2064\" data-end=\"2115\">Perguntas Frequentes sobre o Vape Descart\u00e1vel UZY 60000 Puffs<\/h2>\n<p data-start=\"152\" data-end=\"362\"><strong data-start=\"152\" data-end=\"223\">1. Quantos sabores oferece o Vape Descart\u00e1vel UZY 60000 Puffs?<\/strong><br data-start=\"223\" data-end=\"226\" \/>Cada dispositivo inclui um <strong data-start=\"249\" data-end=\"280\">sistema de triplo sabor 3 em 1<\/strong>, oferecendo tr\u00eas c\u00e2maras distintas de e-l\u00edquido com um total de <strong data-start=\"342\" data-end=\"359\">54ml de capacidade<\/strong>.<\/p>\n<p data-start=\"364\" data-end=\"530\"><strong data-start=\"364\" data-end=\"404\">2. O UZY 60k Puff \u00e9 recarreg\u00e1vel?<\/strong><br data-start=\"404\" data-end=\"407\" \/>Sim. Vem com um <strong data-start=\"429\" data-end=\"447\">bateria de 850mAh<\/strong> e suporta <strong data-start=\"461\" data-end=\"485\">carregamento r\u00e1pido Tipo-C<\/strong>, garantindo uso prolongado e tempo de inatividade m\u00ednimo.<\/p>\n<p data-start=\"532\" data-end=\"731\"><strong data-start=\"532\" data-end=\"599\">3. Quais s\u00e3o as concentra\u00e7\u00f5es de nicotina dispon\u00edveis para o UZY 60000 Puffs?<\/strong><br data-start=\"599\" data-end=\"602\" \/>O UZY 60k Puff est\u00e1 dispon\u00edvel em <strong data-start=\"635\" data-end=\"675\">0%, 2%, 3% e 5% de concentra\u00e7\u00f5es de nicotina<\/strong>, tornando-o adequado para diferentes prefer\u00eancias de vaping.<\/p>\n<p data-start=\"733\" data-end=\"913\"><strong data-start=\"733\" data-end=\"776\">4. Como funciona o visor inteligente de LED?<\/strong><br data-start=\"776\" data-end=\"779\" \/>O integrado <strong data-start=\"792\" data-end=\"806\">Ecr\u00e3 LED<\/strong> mostra <strong data-start=\"813\" data-end=\"855\">percentagem da bateria e n\u00edveis de e-l\u00edquido<\/strong>, para que voc\u00ea saiba sempre quando recarregar ou trocar de sabor.<\/p>\n<p data-start=\"915\" data-end=\"1149\"><strong data-start=\"915\" data-end=\"989\">5. Por que o UZY 60000 Puffs \u00e9 popular para compras por atacado em massa na Europa?<\/strong><br data-start=\"989\" data-end=\"992\" \/>O seu <strong data-start=\"996\" data-end=\"1086\">contagem longa de bafes, sistema triplo de sabores, bateria forte e pre\u00e7o competitivo por grosso<\/strong> faz dele uma escolha l\u00edder de vendas para distribuidores e retalhistas.<\/p>\n<\/div>\n<\/div>\n<\/div>\n<\/div>","protected":false},"excerpt":{"rendered":"<p><strong data-start=\"114\" data-end=\"149\">Vapor descart\u00e1vel UZY 60000 Puffs<\/strong> proporciona <strong data-start=\"159\" data-end=\"184\">3 em 1 triplo sabor<\/strong>, at\u00e9 <strong data-start=\"192\" data-end=\"205\">60 mil puffs<\/strong>, e um <strong data-start=\"213\" data-end=\"234\">visor LED inteligente<\/strong> com <strong data-start=\"240\" data-end=\"278\" data-is-only-node=\"\">bateria recarreg\u00e1vel Type-C de 850mAh<\/strong>. Ideal para <strong data-start=\"290\" data-end=\"325\">compradores grossistas na Europa<\/strong> procurar desempenho duradouro na <strong data-start=\"370\" data-end=\"384\">melhor pre\u00e7o<\/strong>.<\/p>\n<p><strong>Adicione o whatsapp da Amy para obter resposta certa e pre\u00e7o de desconto!<\/strong><\/p>\n<p><img fetchpriority=\"high\" decoding=\"async\" class=\"size-full wp-image-2932\" src=\"https:\/\/vapestornado.com\/wp-content\/uploads\/2024\/12\/Vape-Wholesale.jpg\" alt=\"Vape Atacado\" width=\"229\" height=\"300\" \/><\/p>\n<h3><a href=\"https:\/\/wa.me\/8617776015835\"><span style=\"color: #ff0000;\"><strong>WhatsApp: +86 17776015835<\/strong><\/span><\/a><\/h3>","protected":false},"featured_media":4353,"comment_status":"open","ping_status":"closed","template":"","meta":{"_acf_changed":false,"_uag_custom_page_level_css":"","_lmt_disableupdate":"no","_lmt_disable":"","_monsterinsights_skip_tracking":false,"_monsterinsights_sitenote_active":false,"_monsterinsights_sitenote_note":"","_monsterinsights_sitenote_category":0,"site-sidebar-layout":"default","site-content-layout":"","ast-site-content-layout":"default","site-content-style":"default","site-sidebar-style":"default","ast-global-header-display":"","ast-banner-title-visibility":"","ast-main-header-display":"","ast-hfb-above-header-display":"","ast-hfb-below-header-display":"","ast-hfb-mobile-header-display":"","site-post-title":"","ast-breadcrumbs-content":"","ast-featured-img":"","footer-sml-layout":"","ast-disable-related-posts":"","theme-transparent-header-meta":"default","adv-header-id-meta":"","stick-header-meta":"","header-above-stick-meta":"","header-main-stick-meta":"","header-below-stick-meta":"","astra-migrate-meta-layouts":"set","ast-page-background-enabled":"default","ast-page-background-meta":{"desktop":{"background-color":"","background-image":"","background-repeat":"repeat","background-position":"center center","background-size":"auto","background-attachment":"scroll","background-type":"","background-media":"","overlay-type":"","overlay-color":"","overlay-opacity":"","overlay-gradient":""},"tablet":{"background-color":"","background-image":"","background-repeat":"repeat","background-position":"center center","background-size":"auto","background-attachment":"scroll","background-type":"","background-media":"","overlay-type":"","overlay-color":"","overlay-opacity":"","overlay-gradient":""},"mobile":{"background-color":"","background-image":"","background-repeat":"repeat","background-position":"center center","background-size":"auto","background-attachment":"scroll","background-type":"","background-media":"","overlay-type":"","overlay-color":"","overlay-opacity":"","overlay-gradient":""}},"ast-content-background-meta":{"desktop":{"background-color":"var(--ast-global-color-5)","background-image":"","background-repeat":"repeat","background-position":"center center","background-size":"auto","background-attachment":"scroll","background-type":"","background-media":"","overlay-type":"","overlay-color":"","overlay-opacity":"","overlay-gradient":""},"tablet":{"background-color":"var(--ast-global-color-5)","background-image":"","background-repeat":"repeat","background-position":"center center","background-size":"auto","background-attachment":"scroll","background-type":"","background-media":"","overlay-type":"","overlay-color":"","overlay-opacity":"","overlay-gradient":""},"mobile":{"background-color":"var(--ast-global-color-5)","background-image":"","background-repeat":"repeat","background-position":"center center","background-size":"auto","background-attachment":"scroll","background-type":"","background-media":"","overlay-type":"","overlay-color":"","overlay-opacity":"","overlay-gradient":""}},"_joinchat":{"telephone":"17776015835"}},"product_brand":[],"product_cat":[343,152,156,158,142,357,144,146,356],"product_tag":[369,370,368,366,367,364],"class_list":{"0":"post-4355","1":"product","2":"type-product","3":"status-publish","4":"has-post-thumbnail","6":"product_cat-60000-puff","7":"product_cat-buy-disposable-vapes-in-cermany","8":"product_cat-buy-disposable-vapes-in-poland","9":"product_cat-buy-disposable-vapes-in-spain","10":"product_cat-digital-box-disposable-vapes","11":"product_cat-flavor-adjustable-vape","12":"product_cat-low-nicotine-disposable-vapes","13":"product_cat-rechargeable-disposable-vapes","14":"product_cat-uzy-vape","15":"product_tag-buy-disposable-vape-online","16":"product_tag-disposable-vape-bulk-buy","17":"product_tag-disposable-vapor","18":"product_tag-uzy-60000-puff","19":"product_tag-uzy-60k-puff","20":"product_tag-wholesale-cheap-price","21":"desktop-align-left","22":"tablet-align-left","23":"mobile-align-left","25":"first","26":"instock","27":"sale","28":"shipping-taxable","29":"purchasable","30":"product-type-simple"},"acf":[],"uagb_featured_image_src":{"full":["https:\/\/vapestornado.com\/wp-content\/uploads\/2025\/09\/UZY-Triple-Flavor-60000-60K-Puffs-Disposable-Vape-BOx.webp",800,800,false],"thumbnail":["https:\/\/vapestornado.com\/wp-content\/uploads\/2025\/09\/UZY-Triple-Flavor-60000-60K-Puffs-Disposable-Vape-BOx-150x150.webp",150,150,true],"medium":["https:\/\/vapestornado.com\/wp-content\/uploads\/2025\/09\/UZY-Triple-Flavor-60000-60K-Puffs-Disposable-Vape-BOx-300x300.webp",300,300,true],"medium_large":["https:\/\/vapestornado.com\/wp-content\/uploads\/2025\/09\/UZY-Triple-Flavor-60000-60K-Puffs-Disposable-Vape-BOx-768x768.webp",768,768,true],"large":["https:\/\/vapestornado.com\/wp-content\/uploads\/2025\/09\/UZY-Triple-Flavor-60000-60K-Puffs-Disposable-Vape-BOx.webp",800,800,false],"1536x1536":["https:\/\/vapestornado.com\/wp-content\/uploads\/2025\/09\/UZY-Triple-Flavor-60000-60K-Puffs-Disposable-Vape-BOx.webp",800,800,false],"2048x2048":["https:\/\/vapestornado.com\/wp-content\/uploads\/2025\/09\/UZY-Triple-Flavor-60000-60K-Puffs-Disposable-Vape-BOx.webp",800,800,false],"trp-custom-language-flag":["https:\/\/vapestornado.com\/wp-content\/uploads\/2025\/09\/UZY-Triple-Flavor-60000-60K-Puffs-Disposable-Vape-BOx-12x12.webp",12,12,true],"woocommerce_thumbnail":["https:\/\/vapestornado.com\/wp-content\/uploads\/2025\/09\/UZY-Triple-Flavor-60000-60K-Puffs-Disposable-Vape-BOx-300x300.webp",300,300,true],"woocommerce_single":["https:\/\/vapestornado.com\/wp-content\/uploads\/2025\/09\/UZY-Triple-Flavor-60000-60K-Puffs-Disposable-Vape-BOx-600x600.webp",600,600,true],"woocommerce_gallery_thumbnail":["https:\/\/vapestornado.com\/wp-content\/uploads\/2025\/09\/UZY-Triple-Flavor-60000-60K-Puffs-Disposable-Vape-BOx-100x100.webp",100,100,true]},"uagb_author_info":{"display_name":"ESAMY","author_link":"https:\/\/vapestornado.com\/pt\/author\/"},"uagb_comment_info":1,"uagb_excerpt":"UZY 60000 Puff Disposable Vapor delivers 3-in-1 triple flavors, up to 60k puffs, and a smart LED display with 850mAh Type-C rechargeable battery. Ideal for bulk wholesale buyers in Europe looking for long-lasting performance at the best price. Add Amy's whatsapp to get right reply and discount price! WhatsApp: +86 17776015835","_links":{"self":[{"href":"https:\/\/vapestornado.com\/pt\/wp-json\/wp\/v2\/product\/4355","targetHints":{"allow":["GET"]}}],"collection":[{"href":"https:\/\/vapestornado.com\/pt\/wp-json\/wp\/v2\/product"}],"about":[{"href":"https:\/\/vapestornado.com\/pt\/wp-json\/wp\/v2\/types\/product"}],"replies":[{"embeddable":true,"href":"https:\/\/vapestornado.com\/pt\/wp-json\/wp\/v2\/comments?post=4355"}],"wp:featuredmedia":[{"embeddable":true,"href":"https:\/\/vapestornado.com\/pt\/wp-json\/wp\/v2\/media\/4353"}],"wp:attachment":[{"href":"https:\/\/vapestornado.com\/pt\/wp-json\/wp\/v2\/media?parent=4355"}],"wp:term":[{"taxonomy":"product_brand","embeddable":true,"href":"https:\/\/vapestornado.com\/pt\/wp-json\/wp\/v2\/product_brand?post=4355"},{"taxonomy":"product_cat","embeddable":true,"href":"https:\/\/vapestornado.com\/pt\/wp-json\/wp\/v2\/product_cat?post=4355"},{"taxonomy":"product_tag","embeddable":true,"href":"https:\/\/vapestornado.com\/pt\/wp-json\/wp\/v2\/product_tag?post=4355"}],"curies":[{"name":"wp","href":"https:\/\/api.w.org\/{rel}","templated":true}]}}