{"id":4348,"date":"2025-09-17T08:20:08","date_gmt":"2025-09-17T08:20:08","guid":{"rendered":"https:\/\/vapestornado.com\/?post_type=product&#038;p=4348"},"modified":"2025-09-17T08:44:49","modified_gmt":"2025-09-17T08:44:49","slug":"original-vozol-star-40000-puff-40k-best-disposable-vape-2025-wholesale-cheap-price","status":"publish","type":"product","link":"https:\/\/vapestornado.com\/pt\/product\/original-vozol-star-40000-puff-40k-best-disposable-vape-2025-wholesale-cheap-price\/","title":{"rendered":"Vozol Star 40000 Original Puff 40k Melhor Vape Descart\u00e1vel 2025 Pre\u00e7o Barato por Grosso"},"content":{"rendered":"<h2 data-pm-slice=\"1 1 []\">Vozol Star 40000 Vape Descart\u00e1vel \u2013 Melhor Pre\u00e7o Grossista 2025<\/h2>\n<p data-start=\"292\" data-end=\"656\">O <strong data-start=\"296\" data-end=\"349\">Vozol Star 40000 Puffs (Vozol Star 40K Vape Descart\u00e1vel)<\/strong> define um novo padr\u00e3o em dispositivos descart\u00e1veis de longa dura\u00e7\u00e3o. Fornecendo at\u00e9 <strong data-start=\"424\" data-end=\"440\">40.000 puffs<\/strong>, \u00e9 constru\u00eddo para utilizadores que desejam pot\u00eancia, variedade e valor num design compacto. Alimentado por uma <strong data-start=\"534\" data-end=\"592\">bateria recarreg\u00e1vel de 1000mAh com carregamento r\u00e1pido Tipo-C<\/strong>, o Star 40K \u00e9 perfeito para semanas de desempenho consistente.<\/p>\n<p data-start=\"658\" data-end=\"996\">Projetado com <strong data-start=\"674\" data-end=\"693\">bobinas de malha dupla<\/strong> e <strong data-start=\"700\" data-end=\"739\">sistema de modo duplo (Eco<\/strong>, cada puff \u00e9 suave, saboroso e personaliz\u00e1vel ao seu estilo\u2014quer desfrute de passagens MTL mais apertadas ou DL arejadas. O <strong data-start=\"862\" data-end=\"884\">fluxo de ar ajust\u00e1vel<\/strong> adiciona ainda mais controlo, dando aos vapers europeus exatamente o que esperam do <strong data-start=\"964\" data-end=\"993\">melhor vaporizador descart\u00e1vel 2025<\/strong>.<\/p>\n<p data-start=\"998\" data-end=\"1352\">O Vozol Star 40K vem em <strong data-start=\"1026\" data-end=\"1048\">25 sabores premium<\/strong>, de <strong data-start=\"1055\" data-end=\"1079\">cl\u00e1ssicos de mentol gelado<\/strong> to <strong data-start=\"1083\" data-end=\"1099\">misturas de frutas<\/strong> como Morango Kiwi, Manga P\u00eassego e Blue Razz Ice. Combinado com uma <strong data-start=\"1170\" data-end=\"1190\">constru\u00e7\u00e3o \u00e0 prova de fugas<\/strong> e <strong data-start=\"1195\" data-end=\"1219\">acabamento de cristal elegante<\/strong>, este dispositivo n\u00e3o \u00e9 apenas dur\u00e1vel, mas tamb\u00e9m elegante, tornando-o altamente atraente para compradores grossistas que visam mercados de jovens adultos.<\/p>\n<p data-start=\"1354\" data-end=\"1631\">Para distribuidores, o <strong data-start=\"1376\" data-end=\"1396\">Vozol Star 40000<\/strong> a puff oferece fortes margens de revenda, elevada procura por parte dos consumidores e a credibilidade de uma marca l\u00edder na Europa. Isto torna-o um dispositivo indispens\u00e1vel para qualquer retalhista de vape \u00e0 procura de <strong data-start=\"1569\" data-end=\"1600\">ofertas de pre\u00e7os baratos por grosso<\/strong> sem sacrificar a qualidade.<\/p>\n<p><strong><span style=\"color: #ff0000;\">Adicione o WhatsApp da Amy para uma resposta r\u00e1pida e cup\u00e3o de vape!<\/span><\/strong><\/p>\n<p><img fetchpriority=\"high\" decoding=\"async\" class=\"size-full wp-image-2932\" src=\"https:\/\/vapestornado.com\/wp-content\/uploads\/2024\/12\/Vape-Wholesale.jpg\" alt=\"Vape Atacado\" width=\"229\" height=\"300\" \/><\/p>\n<h3><a href=\"https:\/\/wa.me\/8617776015835\" target=\"_blank\" rel=\"noopener\"><span style=\"color: #ff0000;\"><strong>WhatsApp: +86 17776015835<\/strong><\/span><\/a><\/h3>\n<p>&nbsp;<\/p>\n<h2><strong>Carater\u00edsticas do Produto Vozol Star 40000 Puff<\/strong><\/h2>\n<ul data-start=\"1659\" data-end=\"2057\">\n<li data-start=\"1659\" data-end=\"1707\">\n<p data-start=\"1661\" data-end=\"1707\"><strong data-start=\"1661\" data-end=\"1677\">40.000 puffs<\/strong> por dispositivo para utiliza\u00e7\u00e3o prolongada<\/p>\n<\/li>\n<li data-start=\"1708\" data-end=\"1773\">\n<p data-start=\"1710\" data-end=\"1773\"><strong data-start=\"1710\" data-end=\"1730\">Sistema de modo duplo<\/strong> (Eco\/Power) para desempenho personaliz\u00e1vel<\/p>\n<\/li>\n<li data-start=\"1774\" data-end=\"1831\">\n<p data-start=\"1776\" data-end=\"1831\"><strong data-start=\"1776\" data-end=\"1795\">Bobinas de malha dupla<\/strong> para sabor intenso e densidade de vapor<\/p>\n<\/li>\n<li data-start=\"1832\" data-end=\"1894\">\n<p data-start=\"1834\" data-end=\"1894\"><strong data-start=\"1834\" data-end=\"1866\">bateria recarreg\u00e1vel integrada de 1000mAh<\/strong> com carregamento r\u00e1pido Tipo C<\/p>\n<\/li>\n<li data-start=\"1895\" data-end=\"1953\">\n<p data-start=\"1897\" data-end=\"1953\"><strong data-start=\"1897\" data-end=\"1918\">24 op\u00e7\u00f5es de sabores<\/strong> concebido para o mercado europeu<\/p>\n<\/li>\n<li data-start=\"1954\" data-end=\"2005\">\n<p data-start=\"1956\" data-end=\"2005\"><strong data-start=\"1956\" data-end=\"1978\">Fluxo de ar ajust\u00e1vel<\/strong> para MTL<\/p>\n<\/li>\n<li data-start=\"2006\" data-end=\"2057\">\n<p data-start=\"2008\" data-end=\"2057\"><strong data-start=\"2008\" data-end=\"2029\">Design \u00e0 prova de fugas<\/strong> com corpo de cristal elegante<\/p>\n<\/li>\n<\/ul>\n<h2 class=\"product-title\"><strong>\u00a0Lista de Sabores Vozol Star 40000 Puff<\/strong><\/h2>\n<p>1. Gelo de Framboesa Azul<br \/>\n2. Mirtilo Gelado<br \/>\n3. Mirtilo Menta<br \/>\n4. Mirtilo Melancia<br \/>\n5. Cherimoia Toranja Bagas<br \/>\n6. Cola de Cereja<br \/>\n7. Menta Fresca<br \/>\n8. Uva Gelada<br \/>\n9. Gelo de Manga<br \/>\n10. Manga P\u00eassego<br \/>\n11. Pastilha El\u00e1stica de Mel\u00e3o<br \/>\n12. Gelo de Mel\u00e3o<br \/>\n13. Gelo de P\u00eassego<br \/>\n14. Gelo de Ma\u00e7\u00e3 Azeda<br \/>\n15. Gelo de Morango<br \/>\n16. Morango Kiwi<br \/>\n17. Morango Melancia<br \/>\n18. Morango Melancia P\u00eassego<br \/>\n20. Vzbull<br \/>\n21. Pastilha El\u00e1stica de Melancia<br \/>\n22. Melancia Uva Boysenberry<br \/>\n23. Gelo de Melancia<br \/>\n24. P\u00eassego Azedo de Melancia<br \/>\n25. Framboesa de P\u00eassego Branco<\/p>\n<figure id=\"attachment_4346\" aria-describedby=\"caption-attachment-4346\" style=\"width: 300px\" class=\"wp-caption alignnone\"><img decoding=\"async\" class=\"size-medium wp-image-4346\" src=\"https:\/\/vapestornado.com\/wp-content\/uploads\/2025\/09\/VOZOL-STAR-40K-Puffs-Vozol-Vapes-300x177.webp\" alt=\"VOZOL STAR 40K Puffs Vozol Vapes Sabor de Venda Quente\" width=\"300\" height=\"177\" srcset=\"https:\/\/vapestornado.com\/wp-content\/uploads\/2025\/09\/VOZOL-STAR-40K-Puffs-Vozol-Vapes-300x177.webp 300w, https:\/\/vapestornado.com\/wp-content\/uploads\/2025\/09\/VOZOL-STAR-40K-Puffs-Vozol-Vapes-768x454.webp 768w, https:\/\/vapestornado.com\/wp-content\/uploads\/2025\/09\/VOZOL-STAR-40K-Puffs-Vozol-Vapes-18x12.webp 18w, https:\/\/vapestornado.com\/wp-content\/uploads\/2025\/09\/VOZOL-STAR-40K-Puffs-Vozol-Vapes-600x355.webp 600w, https:\/\/vapestornado.com\/wp-content\/uploads\/2025\/09\/VOZOL-STAR-40K-Puffs-Vozol-Vapes.webp 800w\" sizes=\"(max-width: 300px) 100vw, 300px\" \/><figcaption id=\"caption-attachment-4346\" class=\"wp-caption-text\">VOZOL STAR 40K Puffs Vozol Vapes Sabor de Venda Quente<\/figcaption><\/figure>\n<div class=\"flex-shrink-0 flex flex-col relative items-end\">\n<div class=\"pt-0\">\n<div class=\"gizmo-bot-avatar flex h-8 w-8 items-center justify-center overflow-hidden rounded-full\">\n<div class=\"relative p-1 rounded-sm flex items-center justify-center bg-token-main-surface-primary text-token-text-primary h-8 w-8\">\n<h2 data-start=\"1200\" data-end=\"1487\">Vapes Tornado \u2013 A sua Loja Online de Vapes Grossista para as Melhores Marcas de Vapes da Europa<\/h2>\n<p data-start=\"1200\" data-end=\"1487\"><strong data-start=\"213\" data-end=\"248\">Vapes Tornado Loja Online de Vapes<\/strong> \u00e9 o seu destino de confian\u00e7a para vapes descart\u00e1veis de alta qualidade e cigarros eletr\u00f3nicos a granel em toda a Europa. Especializamo-nos em oferecer uma vasta sele\u00e7\u00e3o das <strong data-start=\"403\" data-end=\"431\">marcas de vapes mais populares<\/strong>, incluindo <strong data-start=\"443\" data-end=\"502\"><a href=\"https:\/\/vapestornado.com\/pt\/product\/buy-authentic-waspe-100000-puffs-low-nicotine-disposable-vape-pen-at-wholesale-price\/\">WASPE VAPE<\/a>, BANGBOX VAPE, <a href=\"https:\/\/vapestornado.com\/pt\/product\/vozol-gear-power-20k-20000-puffs-vape-rechargeable-disposable-box-bulk-buy-cheap-price\/\">VOZOL VAPE<\/a><\/strong><strong data-start=\"443\" data-end=\"502\">e <a href=\"https:\/\/vapestornado.com\/pt\/product-category\/fumot-vape\/\">FUMOT VAPE<\/a><\/strong>. A nossa loja foi concebida para servir tanto clientes individuais como compradores a granel, fornecendo produtos fi\u00e1veis que combinam um desempenho forte, design elegante e pre\u00e7os competitivos.<\/p>\n<h2 data-start=\"2064\" data-end=\"2115\">FAQs sobre o Vape Descart\u00e1vel Vozol Star 40000 Puff<\/h2>\n<p data-start=\"2117\" data-end=\"2283\"><strong data-start=\"2117\" data-end=\"2171\">1. Quantos puffs o Vozol Star 40K oferece?<\/strong><br data-start=\"2171\" data-end=\"2174\" \/>Cada dispositivo oferece at\u00e9 <strong data-start=\"2199\" data-end=\"2215\">40.000 puffs<\/strong>, tornando-o um dos vapes descart\u00e1veis mais duradouros da Europa.<\/p>\n<p data-start=\"2285\" data-end=\"2429\"><strong data-start=\"2285\" data-end=\"2327\">2. O Vozol Star 40K \u00e9 recarreg\u00e1vel?<\/strong><br data-start=\"2327\" data-end=\"2330\" \/>Sim, possui um\/uma <strong data-start=\"2349\" data-end=\"2402\">Bateria recarreg\u00e1vel de 1000mAh com carregamento Tipo-C<\/strong>, garantindo o uso a longo prazo.<\/p>\n<p data-start=\"2431\" data-end=\"2632\"><strong data-start=\"2431\" data-end=\"2503\">3. O que torna o Vozol Star 40000 diferente de outros descart\u00e1veis?<\/strong><br data-start=\"2503\" data-end=\"2506\" \/>Combina <strong data-start=\"2518\" data-end=\"2537\">bobinas de malha dupla<\/strong>, <strong data-start=\"2539\" data-end=\"2560\">modos de vaporiza\u00e7\u00e3o duplos<\/strong>e <strong data-start=\"2566\" data-end=\"2588\">fluxo de ar ajust\u00e1vel<\/strong>, oferecendo flexibilidade e sabor superior.<\/p>\n<p data-start=\"2634\" data-end=\"2841\"><strong data-start=\"2634\" data-end=\"2668\">4. Que sabores est\u00e3o dispon\u00edveis?<\/strong><br data-start=\"2668\" data-end=\"2671\" \/>Existem <strong data-start=\"2681\" data-end=\"2695\">24 sabores<\/strong> incluindo misturas frutadas como <strong data-start=\"2725\" data-end=\"2740\">Mango Peach (Manga P\u00eassego)<\/strong>, op\u00e7\u00f5es refrescantes como <strong data-start=\"2766\" data-end=\"2779\">Menta Fresca<\/strong>, e misturas \u00fanicas como <strong data-start=\"2806\" data-end=\"2838\">Cherim\u00f3ia Toranja Bagas<\/strong>.<\/p>\n<p data-start=\"2843\" data-end=\"3067\"><strong data-start=\"2843\" data-end=\"2905\">5. Por que \u00e9 que o Vozol Star 40K \u00e9 popular entre os compradores grossistas?<\/strong><br data-start=\"2905\" data-end=\"2908\" \/>Tem <strong data-start=\"2915\" data-end=\"2980\">forte procura, qualidade de constru\u00e7\u00e3o premium e contagem de puffs prolongada<\/strong>, permitindo que os grossistas desfrutem de melhores margens de lucro a um <strong data-start=\"3039\" data-end=\"3064\">pre\u00e7o barato por grosso<\/strong>.<\/p>\n<\/div>\n<\/div>\n<\/div>\n<\/div>","protected":false},"excerpt":{"rendered":"<p><strong data-start=\"108\" data-end=\"144\">Vozol Star 40000 Vaporizador Descart\u00e1vel<\/strong> oferece at\u00e9 <strong data-start=\"160\" data-end=\"173\">40 mil baforadas<\/strong> com <strong data-start=\"179\" data-end=\"198\">bobinas de malha dupla<\/strong>, uma <strong data-start=\"202\" data-end=\"241\">Bateria recarreg\u00e1vel Tipo C de 1000mAh<\/strong>e <strong data-start=\"247\" data-end=\"266\" data-is-only-node=\"\">25 sabores ousados<\/strong>. Projetado com um sistema de modo duplo e fluxo de ar ajust\u00e1vel, \u00e9 o <strong data-start=\"334\" data-end=\"363\">melhor vaporizador descart\u00e1vel 2025<\/strong> para um sabor suave e desempenho duradouro a um <strong data-start=\"415\" data-end=\"440\">pre\u00e7o barato por grosso<\/strong>.<\/p>\n<p><strong>Adicione o whatsapp da Amy para obter resposta certa e pre\u00e7o de desconto!<\/strong><\/p>\n<p><img fetchpriority=\"high\" decoding=\"async\" class=\"size-full wp-image-2932\" src=\"https:\/\/vapestornado.com\/wp-content\/uploads\/2024\/12\/Vape-Wholesale.jpg\" alt=\"Vape Atacado\" width=\"229\" height=\"300\" \/><\/p>\n<h3><a href=\"https:\/\/wa.me\/8617776015835\"><span style=\"color: #ff0000;\"><strong>WhatsApp: +86 17776015835<\/strong><\/span><\/a><\/h3>","protected":false},"featured_media":4344,"comment_status":"open","ping_status":"closed","template":"","meta":{"_acf_changed":false,"_uag_custom_page_level_css":"","_lmt_disableupdate":"no","_lmt_disable":"","_monsterinsights_skip_tracking":false,"_monsterinsights_sitenote_active":false,"_monsterinsights_sitenote_note":"","_monsterinsights_sitenote_category":0,"site-sidebar-layout":"default","site-content-layout":"","ast-site-content-layout":"default","site-content-style":"default","site-sidebar-style":"default","ast-global-header-display":"","ast-banner-title-visibility":"","ast-main-header-display":"","ast-hfb-above-header-display":"","ast-hfb-below-header-display":"","ast-hfb-mobile-header-display":"","site-post-title":"","ast-breadcrumbs-content":"","ast-featured-img":"","footer-sml-layout":"","ast-disable-related-posts":"","theme-transparent-header-meta":"default","adv-header-id-meta":"","stick-header-meta":"","header-above-stick-meta":"","header-main-stick-meta":"","header-below-stick-meta":"","astra-migrate-meta-layouts":"set","ast-page-background-enabled":"default","ast-page-background-meta":{"desktop":{"background-color":"","background-image":"","background-repeat":"repeat","background-position":"center center","background-size":"auto","background-attachment":"scroll","background-type":"","background-media":"","overlay-type":"","overlay-color":"","overlay-opacity":"","overlay-gradient":""},"tablet":{"background-color":"","background-image":"","background-repeat":"repeat","background-position":"center center","background-size":"auto","background-attachment":"scroll","background-type":"","background-media":"","overlay-type":"","overlay-color":"","overlay-opacity":"","overlay-gradient":""},"mobile":{"background-color":"","background-image":"","background-repeat":"repeat","background-position":"center center","background-size":"auto","background-attachment":"scroll","background-type":"","background-media":"","overlay-type":"","overlay-color":"","overlay-opacity":"","overlay-gradient":""}},"ast-content-background-meta":{"desktop":{"background-color":"var(--ast-global-color-5)","background-image":"","background-repeat":"repeat","background-position":"center center","background-size":"auto","background-attachment":"scroll","background-type":"","background-media":"","overlay-type":"","overlay-color":"","overlay-opacity":"","overlay-gradient":""},"tablet":{"background-color":"var(--ast-global-color-5)","background-image":"","background-repeat":"repeat","background-position":"center center","background-size":"auto","background-attachment":"scroll","background-type":"","background-media":"","overlay-type":"","overlay-color":"","overlay-opacity":"","overlay-gradient":""},"mobile":{"background-color":"var(--ast-global-color-5)","background-image":"","background-repeat":"repeat","background-position":"center center","background-size":"auto","background-attachment":"scroll","background-type":"","background-media":"","overlay-type":"","overlay-color":"","overlay-opacity":"","overlay-gradient":""}},"_joinchat":{"telephone":"17776015835"}},"product_brand":[],"product_cat":[65,152,156,158,142,357,144,146,57],"product_tag":[363,365,361,362,220,364],"class_list":{"0":"post-4348","1":"product","2":"type-product","3":"status-publish","4":"has-post-thumbnail","6":"product_cat-40000-puff","7":"product_cat-buy-disposable-vapes-in-cermany","8":"product_cat-buy-disposable-vapes-in-poland","9":"product_cat-buy-disposable-vapes-in-spain","10":"product_cat-digital-box-disposable-vapes","11":"product_cat-flavor-adjustable-vape","12":"product_cat-low-nicotine-disposable-vapes","13":"product_cat-rechargeable-disposable-vapes","14":"product_cat-vozol-vape","15":"product_tag-best-disposable-vape-2025","16":"product_tag-original-vozol-vape","17":"product_tag-vozol-star-40000","18":"product_tag-vozol-star-40k-disposable-vape","19":"product_tag-vozol-vape","20":"product_tag-wholesale-cheap-price","21":"desktop-align-left","22":"tablet-align-left","23":"mobile-align-left","25":"first","26":"instock","27":"sale","28":"shipping-taxable","29":"purchasable","30":"product-type-simple"},"acf":[],"uagb_featured_image_src":{"full":["https:\/\/vapestornado.com\/wp-content\/uploads\/2025\/09\/VOZOL-STAR-40K-Puffs-Best-Vape-Brands.webp",800,800,false],"thumbnail":["https:\/\/vapestornado.com\/wp-content\/uploads\/2025\/09\/VOZOL-STAR-40K-Puffs-Best-Vape-Brands-150x150.webp",150,150,true],"medium":["https:\/\/vapestornado.com\/wp-content\/uploads\/2025\/09\/VOZOL-STAR-40K-Puffs-Best-Vape-Brands-300x300.webp",300,300,true],"medium_large":["https:\/\/vapestornado.com\/wp-content\/uploads\/2025\/09\/VOZOL-STAR-40K-Puffs-Best-Vape-Brands-768x768.webp",768,768,true],"large":["https:\/\/vapestornado.com\/wp-content\/uploads\/2025\/09\/VOZOL-STAR-40K-Puffs-Best-Vape-Brands.webp",800,800,false],"1536x1536":["https:\/\/vapestornado.com\/wp-content\/uploads\/2025\/09\/VOZOL-STAR-40K-Puffs-Best-Vape-Brands.webp",800,800,false],"2048x2048":["https:\/\/vapestornado.com\/wp-content\/uploads\/2025\/09\/VOZOL-STAR-40K-Puffs-Best-Vape-Brands.webp",800,800,false],"trp-custom-language-flag":["https:\/\/vapestornado.com\/wp-content\/uploads\/2025\/09\/VOZOL-STAR-40K-Puffs-Best-Vape-Brands-12x12.webp",12,12,true],"woocommerce_thumbnail":["https:\/\/vapestornado.com\/wp-content\/uploads\/2025\/09\/VOZOL-STAR-40K-Puffs-Best-Vape-Brands-300x300.webp",300,300,true],"woocommerce_single":["https:\/\/vapestornado.com\/wp-content\/uploads\/2025\/09\/VOZOL-STAR-40K-Puffs-Best-Vape-Brands-600x600.webp",600,600,true],"woocommerce_gallery_thumbnail":["https:\/\/vapestornado.com\/wp-content\/uploads\/2025\/09\/VOZOL-STAR-40K-Puffs-Best-Vape-Brands-100x100.webp",100,100,true]},"uagb_author_info":{"display_name":"ESAMY","author_link":"https:\/\/vapestornado.com\/pt\/author\/"},"uagb_comment_info":1,"uagb_excerpt":"Vozol Star 40000 Disposable Vape delivers up to 40K puffs with dual mesh coils, a 1000mAh Type-C rechargeable battery, and 25 bold flavors. Designed with a dual-mode system and adjustable airflow, it\u2019s the best disposable vape 2025 for smooth taste and long-lasting performance at a wholesale cheap price. Add Amy's whatsapp to get right reply&hellip;","_links":{"self":[{"href":"https:\/\/vapestornado.com\/pt\/wp-json\/wp\/v2\/product\/4348","targetHints":{"allow":["GET"]}}],"collection":[{"href":"https:\/\/vapestornado.com\/pt\/wp-json\/wp\/v2\/product"}],"about":[{"href":"https:\/\/vapestornado.com\/pt\/wp-json\/wp\/v2\/types\/product"}],"replies":[{"embeddable":true,"href":"https:\/\/vapestornado.com\/pt\/wp-json\/wp\/v2\/comments?post=4348"}],"wp:featuredmedia":[{"embeddable":true,"href":"https:\/\/vapestornado.com\/pt\/wp-json\/wp\/v2\/media\/4344"}],"wp:attachment":[{"href":"https:\/\/vapestornado.com\/pt\/wp-json\/wp\/v2\/media?parent=4348"}],"wp:term":[{"taxonomy":"product_brand","embeddable":true,"href":"https:\/\/vapestornado.com\/pt\/wp-json\/wp\/v2\/product_brand?post=4348"},{"taxonomy":"product_cat","embeddable":true,"href":"https:\/\/vapestornado.com\/pt\/wp-json\/wp\/v2\/product_cat?post=4348"},{"taxonomy":"product_tag","embeddable":true,"href":"https:\/\/vapestornado.com\/pt\/wp-json\/wp\/v2\/product_tag?post=4348"}],"curies":[{"name":"wp","href":"https:\/\/api.w.org\/{rel}","templated":true}]}}