{"id":4319,"date":"2025-08-29T08:39:13","date_gmt":"2025-08-29T08:39:13","guid":{"rendered":"https:\/\/vapestornado.com\/?post_type=product&#038;p=4319"},"modified":"2025-08-29T09:18:04","modified_gmt":"2025-08-29T09:18:04","slug":"buy-authentic-waspe-100000-puffs-low-nicotine-disposable-vape-pen-at-wholesale-price","status":"publish","type":"product","link":"https:\/\/vapestornado.com\/pt\/product\/buy-authentic-waspe-100000-puffs-low-nicotine-disposable-vape-pen-at-wholesale-price\/","title":{"rendered":"Compre WASPE 100000 Puffs Aut\u00eantico Caneta Vape Descart\u00e1vel de Baixa Nicotina a Pre\u00e7o de Atacado"},"content":{"rendered":"<h2 data-pm-slice=\"1 1 []\">Compre WASPE 100000 Puffs Aut\u00eantico Caneta Vape Descart\u00e1vel de Baixa Nicotina a Pre\u00e7o de Atacado<\/h2>\n<p data-start=\"375\" data-end=\"654\">O <strong data-start=\"379\" data-end=\"421\">Vape Descart\u00e1vel WASPE 100000 Puffs<\/strong> \u00e9 constru\u00eddo para aqueles que exigem grande desempenho num design compacto. Com uma incr\u00edvel <strong data-start=\"508\" data-end=\"530\">capacidade de 100K puffs<\/strong> e <strong data-start=\"537\" data-end=\"559\">tanque de e-l\u00edquido de 56mL<\/strong>, oferece um valor inigual\u00e1vel tanto para uso pessoal como para distribui\u00e7\u00e3o por grosso em toda a Europa.<\/p>\n<p data-start=\"656\" data-end=\"909\">Projetado com <strong data-start=\"672\" data-end=\"698\">bobinas quad mesh (1.0\u03a9)<\/strong>, cada vaporiza\u00e7\u00e3o \u00e9 suave, intensa e consistente. O <strong data-start=\"748\" data-end=\"782\">sistema de sabor intercambi\u00e1vel 4 em 1<\/strong> mant\u00e9m a sua experi\u00eancia de vaporiza\u00e7\u00e3o fresca e excitante, perfeito para vapers mais jovens que desejam variedade sem ter de transportar v\u00e1rios dispositivos.<\/p>\n<p data-start=\"911\" data-end=\"1248\">O <strong data-start=\"915\" data-end=\"953\">bateria recarreg\u00e1vel de 650mAh Tipo-C<\/strong> garante sess\u00f5es de longa dura\u00e7\u00e3o, enquanto o <strong data-start=\"995\" data-end=\"1010\">ecr\u00e3 LED<\/strong> fornece atualiza\u00e7\u00f5es instant\u00e2neas sobre os n\u00edveis de bateria e l\u00edquido \u2014 eliminando suposi\u00e7\u00f5es e adicionando controlo total. Dispon\u00edvel em <strong data-start=\"1118\" data-end=\"1149\">concentra\u00e7\u00f5es de nicotina de 2% e 5%<\/strong>, o <strong data-start=\"1155\" data-end=\"1189\">O Vape Descart\u00e1vel WASPE 100K<\/strong> encontra o equil\u00edbrio certo entre pot\u00eancia e conveni\u00eancia.<\/p>\n<p><strong><span style=\"color: #ff0000;\">Adicione o WhatsApp da Amy para uma resposta r\u00e1pida e cup\u00e3o de vape!<\/span><\/strong><\/p>\n<p><img fetchpriority=\"high\" decoding=\"async\" class=\"size-full wp-image-2932\" src=\"https:\/\/vapestornado.com\/wp-content\/uploads\/2024\/12\/Vape-Wholesale.jpg\" alt=\"Vape Atacado\" width=\"229\" height=\"300\" \/><\/p>\n<h3><a href=\"https:\/\/wa.me\/8617776015835\" target=\"_blank\" rel=\"noopener\"><span style=\"color: #ff0000;\"><strong>WhatsApp: +86 17776015835<\/strong><\/span><\/a><\/h3>\n<p>&nbsp;<\/p>\n<h2><strong>Caracter\u00edsticas do Produto WASPE 100000 Puffs<\/strong><\/h2>\n<p><strong data-start=\"1252\" data-end=\"1280\">100.000 Puffs por dispositivo<\/strong><br data-start=\"1280\" data-end=\"1283\" \/><strong data-start=\"1285\" data-end=\"1316\">Sistema de troca de sabor 4 em 1<\/strong><br data-start=\"1316\" data-end=\"1319\" \/><strong data-start=\"1321\" data-end=\"1354\">Bobina Quad mesh para vapor rico<\/strong><br data-start=\"1354\" data-end=\"1357\" \/><strong data-start=\"1359\" data-end=\"1403\">Capacidade de e-l\u00edquido de 56mL | Nicotina de 2% \/ 5%<\/strong><br data-start=\"1403\" data-end=\"1406\" \/><strong data-start=\"1408\" data-end=\"1446\">Bateria recarreg\u00e1vel Type-C de 650mAh<\/strong><br data-start=\"1446\" data-end=\"1449\" \/><strong data-start=\"1451\" data-end=\"1495\">Ecr\u00e3 LED para bateria<\/strong><\/p>\n<h2 class=\"product-title\"><strong>Lista de Sabores WASPE 100000 Puffs<\/strong><\/h2>\n<p>1.Melancia Ice<br \/>\n2.Morango Melancia<br \/>\n3.Red Bull Ice<br \/>\n4.Morango Framboesa Cereja<br \/>\n5.Morango Banana<br \/>\n6.Mirtilo Ice<br \/>\n7.Cereja Cola Ice<br \/>\nChiclete de Melancia<br \/>\n8.P\u00eassego Suculento Ice<br \/>\n9.Uva Ice<br \/>\n10.Frutos Vermelhos Mistos<br \/>\n11.Morango Red bull<br \/>\nCereja Cola Gelo<br \/>\n12.Mirtilo Framboesa<\/p>\n<figure id=\"attachment_4314\" aria-describedby=\"caption-attachment-4314\" style=\"width: 300px\" class=\"wp-caption alignnone\"><img decoding=\"async\" class=\"size-medium wp-image-4314\" src=\"https:\/\/vapestornado.com\/wp-content\/uploads\/2025\/08\/WASPE-100000-Puff-100k-Online-Vape-Shop-300x300.webp\" alt=\"WASPE 100000 Puff 100k Loja de Vapes Online\" width=\"300\" height=\"300\" srcset=\"https:\/\/vapestornado.com\/wp-content\/uploads\/2025\/08\/WASPE-100000-Puff-100k-Online-Vape-Shop-300x300.webp 300w, https:\/\/vapestornado.com\/wp-content\/uploads\/2025\/08\/WASPE-100000-Puff-100k-Online-Vape-Shop-150x150.webp 150w, https:\/\/vapestornado.com\/wp-content\/uploads\/2025\/08\/WASPE-100000-Puff-100k-Online-Vape-Shop-768x768.webp 768w, https:\/\/vapestornado.com\/wp-content\/uploads\/2025\/08\/WASPE-100000-Puff-100k-Online-Vape-Shop-12x12.webp 12w, https:\/\/vapestornado.com\/wp-content\/uploads\/2025\/08\/WASPE-100000-Puff-100k-Online-Vape-Shop-600x600.webp 600w, https:\/\/vapestornado.com\/wp-content\/uploads\/2025\/08\/WASPE-100000-Puff-100k-Online-Vape-Shop-100x100.webp 100w, https:\/\/vapestornado.com\/wp-content\/uploads\/2025\/08\/WASPE-100000-Puff-100k-Online-Vape-Shop.webp 800w\" sizes=\"(max-width: 300px) 100vw, 300px\" \/><figcaption id=\"caption-attachment-4314\" class=\"wp-caption-text\">WASPE 100000 Puff 100k Loja de Vapes Online<\/figcaption><\/figure>\n<div class=\"flex-shrink-0 flex flex-col relative items-end\">\n<div class=\"pt-0\">\n<div class=\"gizmo-bot-avatar flex h-8 w-8 items-center justify-center overflow-hidden rounded-full\">\n<div class=\"relative p-1 rounded-sm flex items-center justify-center bg-token-main-surface-primary text-token-text-primary h-8 w-8\">\n<h2 data-start=\"435\" data-end=\"491\"><strong data-start=\"439\" data-end=\"489\">Porqu\u00ea Escolher a Caneta Vape Descart\u00e1vel WASPE 100K?<\/strong><\/h2>\n<p data-start=\"492\" data-end=\"586\">Destaque a capacidade de 100.000 puffs, o design duradouro e o apelo ao mercado jovem na Europa.<\/p>\n<h3 data-start=\"588\" data-end=\"639\"><strong data-start=\"592\" data-end=\"637\">Sistema de Sabores 4 em 1 para Variedade Cont\u00ednua<\/strong><\/h3>\n<p data-start=\"640\" data-end=\"708\">Explique os sabores intercambi\u00e1veis que fazem um dispositivo parecer quatro.<\/p>\n<h3 data-start=\"710\" data-end=\"757\"><strong data-start=\"714\" data-end=\"755\">Grande Capacidade com Engenharia Premium<\/strong><\/h3>\n<p data-start=\"758\" data-end=\"835\">Enfatize 56mL de e-l\u00edquido, bobinas quad mesh (1.0\u03a9) e sabor intenso e consistente.<\/p>\n<h3 data-start=\"837\" data-end=\"888\"><strong data-start=\"841\" data-end=\"886\">Smart Power, Projetado para o Mercado Europeu<\/strong><\/h3>\n<p data-start=\"889\" data-end=\"987\">Destaque a bateria recarreg\u00e1vel Type-C de 650mAh e o display LED para a bateria<\/p>\n<h3 data-start=\"989\" data-end=\"1035\"><strong data-start=\"993\" data-end=\"1033\">Equil\u00edbrio Perfeito de Concentra\u00e7\u00f5es de Nicotina<\/strong><\/h3>\n<p data-start=\"1036\" data-end=\"1112\">Ofere\u00e7a detalhes sobre as op\u00e7\u00f5es de nicotina de 21mg e 51mg para corresponder a diferentes prefer\u00eancias.<\/p>\n<h3 data-start=\"1114\" data-end=\"1171\"><strong data-start=\"1118\" data-end=\"1169\">WASPE 100000 Puffs \u2013 Constru\u00eddo para a Procura de Atacado<\/strong><\/h3>\n<p data-start=\"1172\" data-end=\"1260\">Reforce o forte valor, a fiabilidade e o apelo aos distribuidores em todos os mercados da UE.<\/p>\n<\/div>\n<h3><\/h3>\n<div class=\"relative p-1 rounded-sm flex items-center justify-center bg-token-main-surface-primary text-token-text-primary h-8 w-8\">\n<h2>FAQs para Cigarro Eletr\u00f3nico Descart\u00e1vel WASPE 100000 Puffs<\/h2>\n<\/div>\n<\/div>\n<\/div>\n<\/div>\n<div class=\"flex-shrink-0 flex flex-col relative items-end\">\n<div class=\"pt-0\">\n<div class=\"gizmo-bot-avatar flex h-8 w-8 items-center justify-center overflow-hidden rounded-full\">\n<div class=\"relative p-1 rounded-sm flex items-center justify-center bg-token-main-surface-primary text-token-text-primary h-8 w-8\">\n<div class=\"mb-2 flex gap-3 empty:hidden -ml-2\">\n<p data-start=\"308\" data-end=\"562\"><strong data-start=\"308\" data-end=\"364\">1. Quanto tempo dura um dispositivo WASPE 100000 Puffs?<\/strong><br data-start=\"364\" data-end=\"367\" \/>O WASPE 100K oferece at\u00e9 <strong data-start=\"395\" data-end=\"412\">100.000 puffs<\/strong>, que normalmente dura v\u00e1rias semanas, dependendo da frequ\u00eancia de uso. Os compradores a granel destacam frequentemente a sua longa vida \u00fatil como um importante ponto de venda.<\/p>\n<p data-start=\"564\" data-end=\"753\"><strong data-start=\"564\" data-end=\"614\">2. Posso recarregar o vape WASPE 100000 Puffs?<\/strong><br data-start=\"614\" data-end=\"617\" \/>Sim. Vem com um <strong data-start=\"638\" data-end=\"676\">Bateria recarreg\u00e1vel Type-C de 650mAh<\/strong>, garantindo que aproveita ao m\u00e1ximo os 56mL de e-l\u00edquido sem interrup\u00e7\u00f5es.<\/p>\n<p data-start=\"755\" data-end=\"1019\"><strong data-start=\"755\" data-end=\"830\">3. O que diferencia o WASPE 100K de outros vaporizadores descart\u00e1veis?<\/strong><br data-start=\"830\" data-end=\"833\" \/>Ao contr\u00e1rio dos descart\u00e1veis standard, o WASPE 100000 Puffs combina <strong data-start=\"894\" data-end=\"964\">sabores intercambi\u00e1veis 4 em 1, bobinas quad mesh e um ecr\u00e3 LED inteligente<\/strong>, tornando-o vers\u00e1til e dur\u00e1vel para o uso di\u00e1rio.<\/p>\n<p data-start=\"1021\" data-end=\"1198\"><strong data-start=\"1021\" data-end=\"1081\">4. O WASPE 100K est\u00e1 dispon\u00edvel em baixas concentra\u00e7\u00f5es de nicotina?<\/strong><br data-start=\"1081\" data-end=\"1084\" \/>Sim. \u00c9 oferecido em <strong data-start=\"1105\" data-end=\"1133\">N\u00edveis de nicotina de 2% e 5%<\/strong>, atendendo a diferentes prefer\u00eancias em todo o mercado europeu.<\/p>\n<p data-start=\"1200\" data-end=\"1487\"><strong data-start=\"1200\" data-end=\"1278\">5. Por que o WASPE 100000 Puffs \u00e9 popular entre os compradores a granel na UE?<\/strong><br data-start=\"1278\" data-end=\"1281\" \/>A sua combina\u00e7\u00e3o de <strong data-start=\"1300\" data-end=\"1386\">Capacidade de 100.000 puffs, design recarreg\u00e1vel, m\u00faltiplos sabores e sistema de bobina premium<\/strong> oferece um excelente valor, tornando-o uma escolha confi\u00e1vel para retalhistas que visam o grupo et\u00e1rio de 25 a 35 anos.<\/p>\n<\/div>\n<h2 data-start=\"1200\" data-end=\"1487\">Vapes Tornado \u2013 O Seu Hub de Atacado para as Principais Marcas de Vapes da Europa<\/h2>\n<p data-start=\"1200\" data-end=\"1487\"><strong data-start=\"213\" data-end=\"248\">Vapes Tornado Loja Online de Vapes<\/strong> \u00e9 o seu destino de confian\u00e7a para vapes descart\u00e1veis de alta qualidade e cigarros eletr\u00f3nicos a granel em toda a Europa. Especializamo-nos em oferecer uma vasta sele\u00e7\u00e3o das <strong data-start=\"403\" data-end=\"431\">marcas de vapes mais populares<\/strong>, incluindo <strong data-start=\"443\" data-end=\"502\"><a href=\"https:\/\/vapestornado.com\/pt\/product-category\/aivono-vape\/\">AIVONO VAPE<\/a>, BANGBOX VAPE, <a href=\"https:\/\/vapestornado.com\/pt\/product-category\/elf-bar-vape\/\">Vaporizador ELF BAR<\/a>e <a href=\"https:\/\/vapestornado.com\/pt\/product-category\/fumot-vape\/\">FUMOT VAPE<\/a><\/strong>. A nossa loja foi concebida para servir tanto clientes individuais como compradores a granel, fornecendo produtos fi\u00e1veis que combinam um desempenho forte, design elegante e pre\u00e7os competitivos.<\/p>\n<\/div>\n<\/div>\n<\/div>\n<\/div>","protected":false},"excerpt":{"rendered":"<p>WASPE 100K \u2013 100.000 Puffs, 4 Sabores, Uma Potente Caneta Vape Descart\u00e1vel.<\/p>\n<p>Mude de Sabores, Mantenha-se Carregado \u2013 WASPE 100000 Puffs com Recarga Tipo-C.<\/p>\n<p>A Caneta Vape Descart\u00e1vel Constru\u00edda para Portugal \u2013 WASPE 100K, Nuvens Grandes, Valor Maior.<\/p>\n<p><strong>Adicione o whatsapp da Amy para obter resposta certa e pre\u00e7o de desconto!<\/strong><\/p>\n<p><img fetchpriority=\"high\" decoding=\"async\" class=\"size-full wp-image-2932\" src=\"https:\/\/vapestornado.com\/wp-content\/uploads\/2024\/12\/Vape-Wholesale.jpg\" alt=\"Vape Atacado\" width=\"229\" height=\"300\" \/><\/p>\n<h3><a href=\"https:\/\/wa.me\/8617776015835\"><span style=\"color: #ff0000;\"><strong>WhatsApp: +86 17776015835<\/strong><\/span><\/a><\/h3>\n<p>&nbsp;<\/p>","protected":false},"featured_media":4318,"comment_status":"open","ping_status":"closed","template":"","meta":{"_acf_changed":false,"_uag_custom_page_level_css":"","_lmt_disableupdate":"no","_lmt_disable":"","_monsterinsights_skip_tracking":false,"_monsterinsights_sitenote_active":false,"_monsterinsights_sitenote_note":"","_monsterinsights_sitenote_category":0,"site-sidebar-layout":"default","site-content-layout":"","ast-site-content-layout":"default","site-content-style":"default","site-sidebar-style":"default","ast-global-header-display":"","ast-banner-title-visibility":"","ast-main-header-display":"","ast-hfb-above-header-display":"","ast-hfb-below-header-display":"","ast-hfb-mobile-header-display":"","site-post-title":"","ast-breadcrumbs-content":"","ast-featured-img":"","footer-sml-layout":"","ast-disable-related-posts":"","theme-transparent-header-meta":"default","adv-header-id-meta":"","stick-header-meta":"","header-above-stick-meta":"","header-main-stick-meta":"","header-below-stick-meta":"","astra-migrate-meta-layouts":"set","ast-page-background-enabled":"default","ast-page-background-meta":{"desktop":{"background-color":"","background-image":"","background-repeat":"repeat","background-position":"center center","background-size":"auto","background-attachment":"scroll","background-type":"","background-media":"","overlay-type":"","overlay-color":"","overlay-opacity":"","overlay-gradient":""},"tablet":{"background-color":"","background-image":"","background-repeat":"repeat","background-position":"center center","background-size":"auto","background-attachment":"scroll","background-type":"","background-media":"","overlay-type":"","overlay-color":"","overlay-opacity":"","overlay-gradient":""},"mobile":{"background-color":"","background-image":"","background-repeat":"repeat","background-position":"center center","background-size":"auto","background-attachment":"scroll","background-type":"","background-media":"","overlay-type":"","overlay-color":"","overlay-opacity":"","overlay-gradient":""}},"ast-content-background-meta":{"desktop":{"background-color":"var(--ast-global-color-5)","background-image":"","background-repeat":"repeat","background-position":"center center","background-size":"auto","background-attachment":"scroll","background-type":"","background-media":"","overlay-type":"","overlay-color":"","overlay-opacity":"","overlay-gradient":""},"tablet":{"background-color":"var(--ast-global-color-5)","background-image":"","background-repeat":"repeat","background-position":"center center","background-size":"auto","background-attachment":"scroll","background-type":"","background-media":"","overlay-type":"","overlay-color":"","overlay-opacity":"","overlay-gradient":""},"mobile":{"background-color":"var(--ast-global-color-5)","background-image":"","background-repeat":"repeat","background-position":"center center","background-size":"auto","background-attachment":"scroll","background-type":"","background-media":"","overlay-type":"","overlay-color":"","overlay-opacity":"","overlay-gradient":""}},"_joinchat":{"telephone":"17776015835"}},"product_brand":[],"product_cat":[346,150,151,152,156,158,142,146,171,60],"product_tag":[350,348,349,163],"class_list":{"0":"post-4319","1":"product","2":"type-product","3":"status-publish","4":"has-post-thumbnail","6":"product_cat-100000-puff","7":"product_cat-buy-disposable-vapes-in-belgium","8":"product_cat-buy-disposable-vapes-in-france","9":"product_cat-buy-disposable-vapes-in-cermany","10":"product_cat-buy-disposable-vapes-in-poland","11":"product_cat-buy-disposable-vapes-in-spain","12":"product_cat-digital-box-disposable-vapes","13":"product_cat-rechargeable-disposable-vapes","14":"product_cat-vapsolo-disposable-vapes","15":"product_cat-waspe-fihp-vape","16":"product_tag-four-flavor-disposable-vape","17":"product_tag-waspe-100000-puffs","18":"product_tag-waspe-100k-4-in-1","19":"product_tag-waspe-vape","20":"desktop-align-left","21":"tablet-align-left","22":"mobile-align-left","24":"first","25":"instock","26":"sale","27":"shipping-taxable","28":"purchasable","29":"product-type-simple"},"acf":[],"uagb_featured_image_src":{"full":["https:\/\/vapestornado.com\/wp-content\/uploads\/2025\/08\/WASPE-100000-Puffs-4-Flavors-No-Nicotine-Vape.webp",800,800,false],"thumbnail":["https:\/\/vapestornado.com\/wp-content\/uploads\/2025\/08\/WASPE-100000-Puffs-4-Flavors-No-Nicotine-Vape-150x150.webp",150,150,true],"medium":["https:\/\/vapestornado.com\/wp-content\/uploads\/2025\/08\/WASPE-100000-Puffs-4-Flavors-No-Nicotine-Vape-300x300.webp",300,300,true],"medium_large":["https:\/\/vapestornado.com\/wp-content\/uploads\/2025\/08\/WASPE-100000-Puffs-4-Flavors-No-Nicotine-Vape-768x768.webp",768,768,true],"large":["https:\/\/vapestornado.com\/wp-content\/uploads\/2025\/08\/WASPE-100000-Puffs-4-Flavors-No-Nicotine-Vape.webp",800,800,false],"1536x1536":["https:\/\/vapestornado.com\/wp-content\/uploads\/2025\/08\/WASPE-100000-Puffs-4-Flavors-No-Nicotine-Vape.webp",800,800,false],"2048x2048":["https:\/\/vapestornado.com\/wp-content\/uploads\/2025\/08\/WASPE-100000-Puffs-4-Flavors-No-Nicotine-Vape.webp",800,800,false],"trp-custom-language-flag":["https:\/\/vapestornado.com\/wp-content\/uploads\/2025\/08\/WASPE-100000-Puffs-4-Flavors-No-Nicotine-Vape-12x12.webp",12,12,true],"woocommerce_thumbnail":["https:\/\/vapestornado.com\/wp-content\/uploads\/2025\/08\/WASPE-100000-Puffs-4-Flavors-No-Nicotine-Vape-300x300.webp",300,300,true],"woocommerce_single":["https:\/\/vapestornado.com\/wp-content\/uploads\/2025\/08\/WASPE-100000-Puffs-4-Flavors-No-Nicotine-Vape-600x600.webp",600,600,true],"woocommerce_gallery_thumbnail":["https:\/\/vapestornado.com\/wp-content\/uploads\/2025\/08\/WASPE-100000-Puffs-4-Flavors-No-Nicotine-Vape-100x100.webp",100,100,true]},"uagb_author_info":{"display_name":"ESAMY","author_link":"https:\/\/vapestornado.com\/pt\/author\/"},"uagb_comment_info":2,"uagb_excerpt":"WASPE 100K \u2013 100,000 Puffs, 4 Flavors, One Powerful Disposable Vape Pen. Switch Flavors, Stay Powered \u2013 WASPE 100000 Puffs with Type-C Recharge. The Disposable Vape Pen Built for Europe \u2013 WASPE 100K, Big Clouds, Bigger Value. Add Amy's whatsapp to get right reply and discount price! WhatsApp: +86 17776015835 &nbsp;","_links":{"self":[{"href":"https:\/\/vapestornado.com\/pt\/wp-json\/wp\/v2\/product\/4319","targetHints":{"allow":["GET"]}}],"collection":[{"href":"https:\/\/vapestornado.com\/pt\/wp-json\/wp\/v2\/product"}],"about":[{"href":"https:\/\/vapestornado.com\/pt\/wp-json\/wp\/v2\/types\/product"}],"replies":[{"embeddable":true,"href":"https:\/\/vapestornado.com\/pt\/wp-json\/wp\/v2\/comments?post=4319"}],"wp:featuredmedia":[{"embeddable":true,"href":"https:\/\/vapestornado.com\/pt\/wp-json\/wp\/v2\/media\/4318"}],"wp:attachment":[{"href":"https:\/\/vapestornado.com\/pt\/wp-json\/wp\/v2\/media?parent=4319"}],"wp:term":[{"taxonomy":"product_brand","embeddable":true,"href":"https:\/\/vapestornado.com\/pt\/wp-json\/wp\/v2\/product_brand?post=4319"},{"taxonomy":"product_cat","embeddable":true,"href":"https:\/\/vapestornado.com\/pt\/wp-json\/wp\/v2\/product_cat?post=4319"},{"taxonomy":"product_tag","embeddable":true,"href":"https:\/\/vapestornado.com\/pt\/wp-json\/wp\/v2\/product_tag?post=4319"}],"curies":[{"name":"wp","href":"https:\/\/api.w.org\/{rel}","templated":true}]}}