{"id":4312,"date":"2025-08-28T08:42:28","date_gmt":"2025-08-28T08:42:28","guid":{"rendered":"https:\/\/vapestornado.com\/?post_type=product&#038;p=4312"},"modified":"2025-08-28T09:33:49","modified_gmt":"2025-08-28T09:33:49","slug":"original-wga-ultra-35k-35000-puff-rechargeable-crystal-disposable-nicotine-vape-best-discount-price","status":"publish","type":"product","link":"https:\/\/vapestornado.com\/pt\/product\/original-wga-ultra-35k-35000-puff-rechargeable-crystal-disposable-nicotine-vape-best-discount-price\/","title":{"rendered":"WGA ULTRA 35k 35000 Puff Recarreg\u00e1vel Cristal Descart\u00e1vel Nicotina Vape Original Melhor Pre\u00e7o com Desconto"},"content":{"rendered":"<h1 data-pm-slice=\"1 1 []\">WGA ULTRA 35k 35000 Puff Recarreg\u00e1vel Cristal Descart\u00e1vel Nicotina Vape Original Melhor Pre\u00e7o com Desconto<\/h1>\n<p data-start=\"361\" data-end=\"697\">O <strong data-start=\"425\" data-end=\"466\">WGA Ultra 35k Vape Descart\u00e1vel<\/strong> define um novo padr\u00e3o para desempenho duradouro e sabor suave na ind\u00fastria de vaping. Esta pot\u00eancia oferece at\u00e9 <strong data-start=\"519\" data-end=\"535\">35.000 puffs<\/strong>, tornando-o um dos vapes descart\u00e1veis mais dur\u00e1veis da sua categoria. Perfeitamente dimensionado em 108*48*23,6mm, combina estilo e praticidade para uso di\u00e1rio.<\/p>\n<h3 data-start=\"699\" data-end=\"741\">35.000 Puffs Suportados por 35mL de E-l\u00edquido<\/h3>\n<p data-start=\"742\" data-end=\"1051\">Ao contr\u00e1rio dos descart\u00e1veis menores, o WGA 35k Vape Descart\u00e1vel transporta um generoso <strong data-start=\"817\" data-end=\"847\">35mL de e-l\u00edquido pr\u00e9-cheio<\/strong>, garantindo que cada sess\u00e3o seja cheia de sabor. Se preferir um forte golpe de nicotina ou um sorteio mais suave, est\u00e1 dispon\u00edvel em <strong data-start=\"969\" data-end=\"998\">op\u00e7\u00f5es de nicotina de 2% e 5%<\/strong>, permitindo que escolha o que melhor se adapta ao seu estilo de vida.<\/p>\n<h3 data-start=\"1053\" data-end=\"1089\">Pot\u00eancia Recarreg\u00e1vel com Tipo-C<\/h3>\n<p data-start=\"1090\" data-end=\"1396\">Dentro deste design compacto est\u00e1 um <strong data-start=\"1122\" data-end=\"1153\">bateria recarreg\u00e1vel de 550mAh<\/strong> suportado por <strong data-start=\"1167\" data-end=\"1186\">carregamento Tipo-C<\/strong>, garantindo recargas r\u00e1pidas com tempo de inatividade m\u00ednimo. Ao contr\u00e1rio dos descart\u00e1veis t\u00edpicos que terminam quando a bateria se esgota, este dispositivo oferece o melhor de dois mundos: conveni\u00eancia descart\u00e1vel com efici\u00eancia recarreg\u00e1vel.<\/p>\n<h3 data-start=\"1398\" data-end=\"1425\">Visor Digital Inteligente<\/h3>\n<p data-start=\"1426\" data-end=\"1715\">Chega de adivinhar. O <strong data-start=\"1448\" data-end=\"1467\">ecr\u00e3 digital<\/strong> mostra claramente a sua <strong data-start=\"1487\" data-end=\"1529\">percentagem da bateria e n\u00edveis de e-l\u00edquido<\/strong>, para que permane\u00e7a no controlo a cada passo do caminho. Isso torna o WGA Ultra 35k especialmente atraente para homens que desejam um dispositivo confi\u00e1vel e direto, sem o inc\u00f4modo da incerteza.<\/p>\n<h3 data-start=\"1717\" data-end=\"1756\">Bobina de Malha Dupla para Sabor M\u00e1ximo<\/h3>\n<p data-start=\"1757\" data-end=\"1990\">O integrado <strong data-start=\"1770\" data-end=\"1788\">resist\u00eancia de malha dupla<\/strong> melhora cada puff, produzindo nuvens de vapor espessas e sabor forte e consistente. Quer esteja a desfrutar de misturas frutadas ou cl\u00e1ssicos gelados, a bobina garante um desempenho suave, sem golpes \u00e1speros ou queimados.<\/p>\n<h3 data-start=\"1992\" data-end=\"2019\">30 Sabores para Explorar<\/h3>\n<p data-start=\"2020\" data-end=\"2342\">Com <strong data-start=\"2025\" data-end=\"2048\">30 sabores emocionantes<\/strong>, o WGA Crystal Ultra 35k tem algo para todos os paladares. As escolhas populares incluem <strong data-start=\"2130\" data-end=\"2206\">Framboesa Mirtilo, Cola Ice, Red Bull, Mojito, Cactus Ice, Peach Kiss,<\/strong> e <strong data-start=\"2211\" data-end=\"2231\">Fruta do Drag\u00e3o Gelo<\/strong>. Desde menta refrescante a misturas de refrigerantes ousadas, este vape foi projetado para satisfazer uma ampla gama de gostos europeus.<\/p>\n<p><strong><span style=\"color: #ff0000;\">Adicione o WhatsApp da Amy para uma resposta r\u00e1pida e cup\u00e3o de vape!<\/span><\/strong><\/p>\n<p><img fetchpriority=\"high\" decoding=\"async\" class=\"size-full wp-image-2932\" src=\"https:\/\/vapestornado.com\/wp-content\/uploads\/2024\/12\/Vape-Wholesale.jpg\" alt=\"Vape Atacado\" width=\"229\" height=\"300\" \/><\/p>\n<h3><a href=\"https:\/\/wa.me\/8617776015835\" target=\"_blank\" rel=\"noopener\"><span style=\"color: #ff0000;\"><strong>WhatsApp: +86 17776015835<\/strong><\/span><\/a><\/h3>\n<p>&nbsp;<\/p>\n<h2><strong>Caracter\u00edsticas do Produto WGA ULTRA 35k<\/strong><\/h2>\n<p>&nbsp;<\/p>\n<p>Puff : 35000 baforadas<br \/>\nE-l\u00edquido : 35ml<br \/>\nTeor de Nicotina : 2% \/ 5%<br \/>\nBateria : 550mAh com Tipo C recarreg\u00e1vel<br \/>\nVisor Digital para \u00d3leo e E-juice<br \/>\nBobina de Malha Dupla<br \/>\nTamanho do Produto: 108*48*23.6mm<\/p>\n<figure id=\"attachment_4307\" aria-describedby=\"caption-attachment-4307\" style=\"width: 300px\" class=\"wp-caption alignnone\"><img decoding=\"async\" class=\"size-medium wp-image-4307\" src=\"https:\/\/vapestornado.com\/wp-content\/uploads\/2025\/08\/WGA-35K-Ultra-35000-Puffs-Rechargeable-Disposable-Vape-300x300.webp\" alt=\"WGA Ultra 35K 35000 Puffs Vape Descart\u00e1vel Recarreg\u00e1vel\" width=\"300\" height=\"300\" srcset=\"https:\/\/vapestornado.com\/wp-content\/uploads\/2025\/08\/WGA-35K-Ultra-35000-Puffs-Rechargeable-Disposable-Vape-300x300.webp 300w, https:\/\/vapestornado.com\/wp-content\/uploads\/2025\/08\/WGA-35K-Ultra-35000-Puffs-Rechargeable-Disposable-Vape-150x150.webp 150w, https:\/\/vapestornado.com\/wp-content\/uploads\/2025\/08\/WGA-35K-Ultra-35000-Puffs-Rechargeable-Disposable-Vape-768x768.webp 768w, https:\/\/vapestornado.com\/wp-content\/uploads\/2025\/08\/WGA-35K-Ultra-35000-Puffs-Rechargeable-Disposable-Vape-12x12.webp 12w, https:\/\/vapestornado.com\/wp-content\/uploads\/2025\/08\/WGA-35K-Ultra-35000-Puffs-Rechargeable-Disposable-Vape-600x600.webp 600w, https:\/\/vapestornado.com\/wp-content\/uploads\/2025\/08\/WGA-35K-Ultra-35000-Puffs-Rechargeable-Disposable-Vape-100x100.webp 100w, https:\/\/vapestornado.com\/wp-content\/uploads\/2025\/08\/WGA-35K-Ultra-35000-Puffs-Rechargeable-Disposable-Vape.webp 800w\" sizes=\"(max-width: 300px) 100vw, 300px\" \/><figcaption id=\"caption-attachment-4307\" class=\"wp-caption-text\">WGA Ultra 35K 35000 Puffs Vape Descart\u00e1vel Recarreg\u00e1vel<\/figcaption><\/figure>\n<h2 class=\"product-title\"><strong>Lista de Sabores WGA Crystal ULTRA 35k<\/strong><\/h2>\n<p>1. Framboesa Mirtilo<br \/>\n2. Cola Gelo<br \/>\n3. Ma\u00e7\u00e3 Dupla<br \/>\n4. Fanta<br \/>\n5. Red Bull<br \/>\n6. Morango Ice<br \/>\n7. Gelo de Uva<br \/>\n8. Lima Lim\u00e3o<br \/>\n9. Gelo de Melancia<br \/>\n10. Menta Fresca<br \/>\n11. Morango Kiwi<br \/>\n12. Kiwi Maracuj\u00e1 Goiaba<br \/>\n13. Sr. Blue<br \/>\n14. Limonada Rosa<br \/>\n15. Ch\u00e1 WGA (Ch\u00e1 Preto Gelado)<br \/>\n16. Beijo de P\u00eassego<br \/>\n17. L\u00edchia e Menta<br \/>\n18. Refrigerante de Groselha Negra<br \/>\n19. Lim\u00e3o e Ma\u00e7\u00e3 Azeda<br \/>\n20. Frutos Silvestres Mistos<br \/>\n21. Cacto e Kiwi<br \/>\n22. Gelo de Cacto<br \/>\n23. Gelo de Pitaya<br \/>\n24. Coca-Cola com Cereja<br \/>\n25. Morango Redbull<br \/>\n26. Morango e Melancia<br \/>\n27. Jager Red Energy<br \/>\n28. Mojito<br \/>\n29. Ma\u00e7\u00e3 Verde<br \/>\n30. Mad Blue Gelo<\/p>\n<p>&nbsp;<\/p>\n<article class=\"w-full text-token-text-primary focus-visible:outline-2 focus-visible:outline-offset-[-4px]\" dir=\"auto\" data-testid=\"conversation-turn-32\" data-scroll-anchor=\"false\">\n<div class=\"m-auto text-base py-[18px] px-6\">\n<div class=\"mx-auto flex flex-1 text-base gap-4 md:gap-5 lg:gap-6 md:max-w-3xl lg:max-w-[40rem] xl:max-w-[48rem]\">\n<div class=\"group\/conversation-turn relative flex w-full min-w-0 flex-col @xs\/thread:px-0 @sm\/thread:px-1.5 @md\/thread:px-4\">\n<div class=\"flex-col gap-1 md:gap-3\">\n<div class=\"flex max-w-full flex-col flex-grow\">\n<div class=\"min-h-8 text-message flex w-full flex-col items-end gap-2 whitespace-normal break-words text-start [.text-message+&amp;]:mt-5\" dir=\"auto\" data-message-author-role=\"user\" data-message-id=\"ffac41ca-1db4-431b-873a-32c4052956f1\">\n<div class=\"flex w-full flex-col gap-1 empty:hidden items-end rtl:items-start\">\n<div class=\"relative max-w-[var(--user-chat-width,70%)] rounded-3xl bg-token-message-surface px-5 py-2.5\">\n<div class=\"absolute bottom-0 right-full top-0 -mr-3.5 hidden pr-5 pt-2 [.group\/conversation-turn:hover_&amp;]:flex\">\n<div class=\"flex\">\n<article class=\"w-full text-token-text-primary focus-visible:outline-2 focus-visible:outline-offset-[-4px]\" dir=\"auto\" data-testid=\"conversation-turn-39\" data-scroll-anchor=\"true\">\n<div class=\"m-auto text-base py-[18px] px-6\">\n<div class=\"mx-auto flex flex-1 text-base gap-4 md:gap-5 lg:gap-6 md:max-w-3xl lg:max-w-[40rem] xl:max-w-[48rem]\">\n<div class=\"group\/conversation-turn relative flex w-full min-w-0 flex-col agent-turn @xs\/thread:px-0 @sm\/thread:px-1.5 @md\/thread:px-4\">\n<div class=\"flex-col gap-1 md:gap-3\">\n<div class=\"flex max-w-full flex-col flex-grow\">\n<div class=\"min-h-8 text-message flex w-full flex-col items-end gap-2 whitespace-normal break-words text-start [.text-message+&amp;]:mt-5\" dir=\"auto\" data-message-author-role=\"assistant\" data-message-id=\"55a23854-ec57-48dd-bd4f-6118f43d6241\" data-message-model-slug=\"gpt-4o\">\n<div class=\"flex w-full flex-col gap-1 empty:hidden first:pt-[3px]\">\n<div class=\"markdown prose w-full break-words dark:prose-invert light\"><\/div>\n<\/div>\n<\/div>\n<\/div>\n<\/div>\n<\/div>\n<\/div>\n<\/div>\n<\/article>\n<\/div>\n<\/div>\n<\/div>\n<\/div>\n<\/div>\n<\/div>\n<\/div>\n<\/div>\n<\/div>\n<\/div>\n<\/article>\n<h2>Por que escolher o WGA ULTRA 35k Vape?<\/h2>\n<div class=\"flex-shrink-0 flex flex-col relative items-end\">\n<div class=\"pt-0\">\n<div class=\"gizmo-bot-avatar flex h-8 w-8 items-center justify-center overflow-hidden rounded-full\">\n<div class=\"relative p-1 rounded-sm flex items-center justify-center bg-token-main-surface-primary text-token-text-primary h-8 w-8\">\n<p data-start=\"313\" data-end=\"860\">O <strong data-start=\"317\" data-end=\"358\">WGA Crystal Ultra 35k Vape Descart\u00e1vel<\/strong> \u00e9 constru\u00eddo para vapers que desejam <strong data-start=\"388\" data-end=\"417\">pot\u00eancia, sabor e controlo<\/strong> num dispositivo elegante. Com at\u00e9 <strong data-start=\"450\" data-end=\"466\">35.000 puffs<\/strong>, uma <strong data-start=\"470\" data-end=\"493\">35mL de tanque pr\u00e9-cheio<\/strong>, e um <strong data-start=\"501\" data-end=\"519\">resist\u00eancia de malha dupla<\/strong>, oferece um sabor ousado a cada puxada. O <strong data-start=\"566\" data-end=\"591\">visor digital inteligente<\/strong> mant\u00e9m-no atualizado sobre os n\u00edveis de e-l\u00edquido e bateria, enquanto a <strong data-start=\"652\" data-end=\"689\">bateria recarreg\u00e1vel USB-C de 550mAh<\/strong> garante que nunca perca o ritmo. Dispon\u00edvel em <strong data-start=\"734\" data-end=\"757\">30 sabores emocionantes<\/strong> e <strong data-start=\"762\" data-end=\"792\">teores de nicotina de 2% ou 5%<\/strong>, \u00e9 a melhor escolha de atacado para o principal mercado de vape da Europa.<\/p>\n<p data-start=\"313\" data-end=\"860\">Comparar com <a href=\"https:\/\/vapestornado.com\/pt\/product\/wga-crystal-plus-20000-puff-vape-2-in-1-rechargeable-disposable-vape-wholesale-bulk-buy\/\">WGA 20K<\/a>, o WGA 30K \u00e9 atualizado com uma experi\u00eancia de vaping superior.<\/p>\n<\/div>\n<h3><\/h3>\n<div class=\"relative p-1 rounded-sm flex items-center justify-center bg-token-main-surface-primary text-token-text-primary h-8 w-8\">\n<h2>Perguntas frequentes sobre o cigarro eletr\u00f3nico descart\u00e1vel WGA Crystal ULTRA 35000<\/h2>\n<\/div>\n<\/div>\n<\/div>\n<\/div>\n<div class=\"flex-shrink-0 flex flex-col relative items-end\">\n<div class=\"pt-0\">\n<div class=\"gizmo-bot-avatar flex h-8 w-8 items-center justify-center overflow-hidden rounded-full\">\n<div class=\"relative p-1 rounded-sm flex items-center justify-center bg-token-main-surface-primary text-token-text-primary h-8 w-8\">\n<div class=\"mb-2 flex gap-3 empty:hidden -ml-2\">\n<p data-start=\"2405\" data-end=\"2541\"><strong data-start=\"2405\" data-end=\"2466\">1. Quantas baforadas o WGA Crystal Ultra 35k oferece?<\/strong><br data-start=\"2466\" data-end=\"2469\" \/>Oferece at\u00e9 <strong data-start=\"2485\" data-end=\"2501\">35.000 puffs<\/strong>, dependendo dos h\u00e1bitos pessoais de vaping.<\/p>\n<p data-start=\"2543\" data-end=\"2713\"><strong data-start=\"2543\" data-end=\"2594\">2. O Vape Descart\u00e1vel WGA 35k \u00e9 recarreg\u00e1vel?<\/strong><br data-start=\"2594\" data-end=\"2597\" \/>Sim, vem com um <strong data-start=\"2618\" data-end=\"2656\">Bateria recarreg\u00e1vel Tipo C de 550mAh<\/strong>, permitindo que recarregue enquanto usa o mesmo dispositivo.<\/p>\n<p data-start=\"2715\" data-end=\"2825\"><strong data-start=\"2715\" data-end=\"2759\">3. Quais s\u00e3o as concentra\u00e7\u00f5es de nicotina dispon\u00edveis?<\/strong><br data-start=\"2759\" data-end=\"2762\" \/>O aparelho est\u00e1 dispon\u00edvel em <strong data-start=\"2794\" data-end=\"2822\">N\u00edveis de nicotina de 2% e 5%<\/strong>.<\/p>\n<p data-start=\"2827\" data-end=\"3023\"><strong data-start=\"2827\" data-end=\"2896\">4. O que diferencia o WGA Ultra 35k de outros descart\u00e1veis?<\/strong><br data-start=\"2896\" data-end=\"2899\" \/>O seu <strong data-start=\"2903\" data-end=\"2966\">bobina de malha dupla, display digital e capacidade de e-l\u00edquido de 35mL<\/strong> o diferenciam, proporcionando desempenho e controlo.<\/p>\n<p data-start=\"3025\" data-end=\"3207\"><strong data-start=\"3025\" data-end=\"3088\">5. Quantos sabores o Vape Descart\u00e1vel WGA 35k oferece?<\/strong><br data-start=\"3088\" data-end=\"3091\" \/>Est\u00e1 dispon\u00edvel em <strong data-start=\"3103\" data-end=\"3117\">30 sabores<\/strong>, desde misturas frutadas como Morango Kiwi a op\u00e7\u00f5es ousadas como Jager Red Energy.<\/p>\n<\/div>\n<\/div>\n<\/div>\n<\/div>\n<\/div>","protected":false},"excerpt":{"rendered":"<p data-start=\"274\" data-end=\"349\"><strong data-start=\"274\" data-end=\"347\">WGA Crystal Ultra 35k Vaporizador Descart\u00e1vel 35000 Puffs Grossista na Europa<\/strong><\/p>\n<p data-start=\"274\" data-end=\"349\"><strong data-start=\"353\" data-end=\"424\">Vaporizador Descart\u00e1vel WGA 35k com Ecr\u00e3 Digital<\/strong><\/p>\n<p data-start=\"430\" data-end=\"494\"><strong data-start=\"430\" data-end=\"492\">Compre WGA Ultra 35000 Puff Vape Online \u2013 Melhor Pre\u00e7o com Desconto<\/strong><\/p>\n<p><strong>Adicione o whatsapp da Amy para obter resposta certa e pre\u00e7o de desconto!<\/strong><\/p>\n<p><img fetchpriority=\"high\" decoding=\"async\" class=\"size-full wp-image-2932\" src=\"https:\/\/vapestornado.com\/wp-content\/uploads\/2024\/12\/Vape-Wholesale.jpg\" alt=\"Vape Atacado\" width=\"229\" height=\"300\" \/><\/p>\n<h3><a href=\"https:\/\/wa.me\/8617776015835\"><span style=\"color: #ff0000;\"><strong>WhatsApp: +86 17776015835<\/strong><\/span><\/a><\/h3>\n<p>&nbsp;<\/p>","protected":false},"featured_media":4311,"comment_status":"open","ping_status":"closed","template":"","meta":{"_acf_changed":false,"_uag_custom_page_level_css":"","_lmt_disableupdate":"no","_lmt_disable":"","_monsterinsights_skip_tracking":false,"_monsterinsights_sitenote_active":false,"_monsterinsights_sitenote_note":"","_monsterinsights_sitenote_category":0,"site-sidebar-layout":"default","site-content-layout":"","ast-site-content-layout":"default","site-content-style":"default","site-sidebar-style":"default","ast-global-header-display":"","ast-banner-title-visibility":"","ast-main-header-display":"","ast-hfb-above-header-display":"","ast-hfb-below-header-display":"","ast-hfb-mobile-header-display":"","site-post-title":"","ast-breadcrumbs-content":"","ast-featured-img":"","footer-sml-layout":"","ast-disable-related-posts":"","theme-transparent-header-meta":"default","adv-header-id-meta":"","stick-header-meta":"","header-above-stick-meta":"","header-main-stick-meta":"","header-below-stick-meta":"","astra-migrate-meta-layouts":"set","ast-page-background-enabled":"default","ast-page-background-meta":{"desktop":{"background-color":"","background-image":"","background-repeat":"repeat","background-position":"center center","background-size":"auto","background-attachment":"scroll","background-type":"","background-media":"","overlay-type":"","overlay-color":"","overlay-opacity":"","overlay-gradient":""},"tablet":{"background-color":"","background-image":"","background-repeat":"repeat","background-position":"center center","background-size":"auto","background-attachment":"scroll","background-type":"","background-media":"","overlay-type":"","overlay-color":"","overlay-opacity":"","overlay-gradient":""},"mobile":{"background-color":"","background-image":"","background-repeat":"repeat","background-position":"center center","background-size":"auto","background-attachment":"scroll","background-type":"","background-media":"","overlay-type":"","overlay-color":"","overlay-opacity":"","overlay-gradient":""}},"ast-content-background-meta":{"desktop":{"background-color":"var(--ast-global-color-5)","background-image":"","background-repeat":"repeat","background-position":"center center","background-size":"auto","background-attachment":"scroll","background-type":"","background-media":"","overlay-type":"","overlay-color":"","overlay-opacity":"","overlay-gradient":""},"tablet":{"background-color":"var(--ast-global-color-5)","background-image":"","background-repeat":"repeat","background-position":"center center","background-size":"auto","background-attachment":"scroll","background-type":"","background-media":"","overlay-type":"","overlay-color":"","overlay-opacity":"","overlay-gradient":""},"mobile":{"background-color":"var(--ast-global-color-5)","background-image":"","background-repeat":"repeat","background-position":"center center","background-size":"auto","background-attachment":"scroll","background-type":"","background-media":"","overlay-type":"","overlay-color":"","overlay-opacity":"","overlay-gradient":""}},"_joinchat":{"telephone":"17776015835"}},"product_brand":[],"product_cat":[19,175,149,158,143,146,171],"product_tag":[342,340,339,341],"class_list":{"0":"post-4312","1":"product","2":"type-product","3":"status-publish","4":"has-post-thumbnail","6":"product_cat-vapes","7":"product_cat-35000-puff","8":"product_cat-buy-disposable-vapes-in-austria","9":"product_cat-buy-disposable-vapes-in-spain","10":"product_cat-dual-mesh-disposable-vapes","11":"product_cat-rechargeable-disposable-vapes","12":"product_cat-vapsolo-disposable-vapes","13":"product_tag-wga-35000-puff","14":"product_tag-wga-35k","15":"product_tag-wga-crystal-ultra-35k","16":"product_tag-wga-crystal-vape","17":"desktop-align-left","18":"tablet-align-left","19":"mobile-align-left","21":"first","22":"instock","23":"sale","24":"shipping-taxable","25":"purchasable","26":"product-type-simple"},"acf":[],"uagb_featured_image_src":{"full":["https:\/\/vapestornado.com\/wp-content\/uploads\/2025\/08\/Wholesale-WGA-Ultra-35000-Puffs-Disposable-Vape.webp",800,800,false],"thumbnail":["https:\/\/vapestornado.com\/wp-content\/uploads\/2025\/08\/Wholesale-WGA-Ultra-35000-Puffs-Disposable-Vape-150x150.webp",150,150,true],"medium":["https:\/\/vapestornado.com\/wp-content\/uploads\/2025\/08\/Wholesale-WGA-Ultra-35000-Puffs-Disposable-Vape-300x300.webp",300,300,true],"medium_large":["https:\/\/vapestornado.com\/wp-content\/uploads\/2025\/08\/Wholesale-WGA-Ultra-35000-Puffs-Disposable-Vape-768x768.webp",768,768,true],"large":["https:\/\/vapestornado.com\/wp-content\/uploads\/2025\/08\/Wholesale-WGA-Ultra-35000-Puffs-Disposable-Vape.webp",800,800,false],"1536x1536":["https:\/\/vapestornado.com\/wp-content\/uploads\/2025\/08\/Wholesale-WGA-Ultra-35000-Puffs-Disposable-Vape.webp",800,800,false],"2048x2048":["https:\/\/vapestornado.com\/wp-content\/uploads\/2025\/08\/Wholesale-WGA-Ultra-35000-Puffs-Disposable-Vape.webp",800,800,false],"trp-custom-language-flag":["https:\/\/vapestornado.com\/wp-content\/uploads\/2025\/08\/Wholesale-WGA-Ultra-35000-Puffs-Disposable-Vape-12x12.webp",12,12,true],"woocommerce_thumbnail":["https:\/\/vapestornado.com\/wp-content\/uploads\/2025\/08\/Wholesale-WGA-Ultra-35000-Puffs-Disposable-Vape-300x300.webp",300,300,true],"woocommerce_single":["https:\/\/vapestornado.com\/wp-content\/uploads\/2025\/08\/Wholesale-WGA-Ultra-35000-Puffs-Disposable-Vape-600x600.webp",600,600,true],"woocommerce_gallery_thumbnail":["https:\/\/vapestornado.com\/wp-content\/uploads\/2025\/08\/Wholesale-WGA-Ultra-35000-Puffs-Disposable-Vape-100x100.webp",100,100,true]},"uagb_author_info":{"display_name":"ESAMY","author_link":"https:\/\/vapestornado.com\/pt\/author\/"},"uagb_comment_info":1,"uagb_excerpt":"WGA Crystal Ultra 35k Disposable Vape 35000 Puffs Wholesale in Europe WGA 35k Disposable Vape with Digital Display &amp; Rechargeable Battery Buy WGA Ultra 35000 Puff Vape Online \u2013 Best Discount Price Add Amy's whatsapp to get right reply and discount price! WhatsApp: +86 17776015835 &nbsp;","_links":{"self":[{"href":"https:\/\/vapestornado.com\/pt\/wp-json\/wp\/v2\/product\/4312","targetHints":{"allow":["GET"]}}],"collection":[{"href":"https:\/\/vapestornado.com\/pt\/wp-json\/wp\/v2\/product"}],"about":[{"href":"https:\/\/vapestornado.com\/pt\/wp-json\/wp\/v2\/types\/product"}],"replies":[{"embeddable":true,"href":"https:\/\/vapestornado.com\/pt\/wp-json\/wp\/v2\/comments?post=4312"}],"wp:featuredmedia":[{"embeddable":true,"href":"https:\/\/vapestornado.com\/pt\/wp-json\/wp\/v2\/media\/4311"}],"wp:attachment":[{"href":"https:\/\/vapestornado.com\/pt\/wp-json\/wp\/v2\/media?parent=4312"}],"wp:term":[{"taxonomy":"product_brand","embeddable":true,"href":"https:\/\/vapestornado.com\/pt\/wp-json\/wp\/v2\/product_brand?post=4312"},{"taxonomy":"product_cat","embeddable":true,"href":"https:\/\/vapestornado.com\/pt\/wp-json\/wp\/v2\/product_cat?post=4312"},{"taxonomy":"product_tag","embeddable":true,"href":"https:\/\/vapestornado.com\/pt\/wp-json\/wp\/v2\/product_tag?post=4312"}],"curies":[{"name":"wp","href":"https:\/\/api.w.org\/{rel}","templated":true}]}}