{"id":4126,"date":"2025-04-14T03:07:08","date_gmt":"2025-04-14T03:07:08","guid":{"rendered":"https:\/\/vapestornado.com\/?post_type=product&#038;p=4126"},"modified":"2025-12-05T06:58:11","modified_gmt":"2025-12-05T06:58:11","slug":"bang-box-50000-puff-50k-disposables-vape-pod-double-flavour","status":"publish","type":"product","link":"https:\/\/vapestornado.com\/pt\/product\/bang-box-50000-puff-50k-disposables-vape-pod-double-flavour\/","title":{"rendered":"Bang Box 50000 Puffs 50k Vape Descart\u00e1vel Pod Sabor Duplo"},"content":{"rendered":"<h2 data-pm-slice=\"1 1 []\">Bang Box 50000 Puffs 50k Vape Descart\u00e1vel Pod Sabor Duplo<\/h2>\n<p data-start=\"1203\" data-end=\"1522\">Bang Box 50000 Puff combina um tanque de 45ml de duplo sabor, bateria recarreg\u00e1vel de 850mAh com Type-C, bobina de malha e uma tela inteligente num s\u00f3 dispositivo, projetado para oferecer at\u00e9 50.000 tragos sem substitui\u00e7\u00f5es frequentes.<\/p>\n<p data-start=\"568\" data-end=\"863\"><strong data-start=\"568\" data-end=\"608\">At\u00e9 50.000 tragos com um tanque de 45ml:<\/strong><br data-start=\"608\" data-end=\"611\" \/>Bang Box 50k foi desenhado para uso di\u00e1rio prolongado. O <strong data-start=\"656\" data-end=\"684\">capacidade pr\u00e9-cheia de 45ml<\/strong> suporta a <strong data-start=\"698\" data-end=\"720\">classifica\u00e7\u00e3o de 50.000 tragos<\/strong>, portanto, os utilizadores normalmente usam por muito mais tempo entre trocas de dispositivo em compara\u00e7\u00e3o com descart\u00e1veis de 10k\u201320k. Isto tamb\u00e9m mant\u00e9m o custo por tragos mais est\u00e1vel ao longo do tempo.<\/p>\n<p data-start=\"865\" data-end=\"1176\"><strong data-start=\"865\" data-end=\"916\">Sistema de vape de duplo sabor para troca instant\u00e2nea:<\/strong><br data-start=\"916\" data-end=\"919\" \/>Dois perfis de sabor est\u00e3o integrados num s\u00f3 dispositivo. A <strong data-start=\"970\" data-end=\"991\">configura\u00e7\u00e3o de duplo sabor<\/strong> permite aos utilizadores alterar os sabores sempre que quiserem, sem precisar de carregar um segundo vape ou esperar por um reabastecimento. \u00c9 pr\u00e1tico para quem alterna entre sabores doces e refrescantes ao longo do dia.<\/p>\n<p data-start=\"1178\" data-end=\"1456\"><strong data-start=\"1178\" data-end=\"1220\">Bobina de malha para vapor e sabor est\u00e1veis:<\/strong><br data-start=\"1220\" data-end=\"1223\" \/>O cigarro eletr\u00f4nico Bang Box 50000 Puff usa <strong data-start=\"1237\" data-end=\"1261\">tecnologia de resist\u00eancia de malha<\/strong> para aquecer o e-l\u00edquido de forma uniforme. Isso ajuda a evitar golpes secos e duros e mant\u00e9m a sa\u00edda de vapor suave em um tanque grande \u2014 importante em dispositivos de alta capacidade, onde a perda de sabor pode aparecer mais tarde no ciclo de vida.<\/p>\n<p data-start=\"1458\" data-end=\"1707\"><strong data-start=\"1458\" data-end=\"1507\">Display digital inteligente para rastreamento em tempo real:<\/strong><br data-start=\"1507\" data-end=\"1510\" \/>O <strong data-start=\"1514\" data-end=\"1530\">ecr\u00e3 inteligente<\/strong> mostra <strong data-start=\"1537\" data-end=\"1573\">n\u00edvel da bateria e n\u00edvel do l\u00edquido eletr\u00f3nico<\/strong> enquanto vaporizas. Isto elimina as suposi\u00e7\u00f5es, permitindo que os utilizadores recarreguem antes de a energia acabar e evitem toques secos inesperados perto do final do tanque.<\/p>\n<p data-start=\"1709\" data-end=\"1964\"><strong data-start=\"1709\" data-end=\"1748\">Bateria recarreg\u00e1vel de 850mAh com Type-C:<\/strong><br data-start=\"1748\" data-end=\"1751\" \/>O <strong data-start=\"1755\" data-end=\"1773\">bateria de 850mAh<\/strong> \u00e9 dimensionada para um tanque grande e alto n\u00famero de inala\u00e7\u00f5es. Com <strong data-start=\"1824\" data-end=\"1852\">carregamento r\u00e1pido USB Type-C<\/strong>, o tempo de inatividade permanece curto e os utilizadores podem terminar o fornecimento completo de l\u00edquido em vez de descart\u00e1-lo precocemente devido \u00e0 baixa energia.<\/p>\n<p data-start=\"666\" data-end=\"1235\"><strong style=\"font-size: 16px;\"><span style=\"color: #ff0000;\">Adicione o WhatsApp da Amy para obter uma resposta imediata e um pre\u00e7o com desconto!<\/span><\/strong><\/p>\n<p><img fetchpriority=\"high\" decoding=\"async\" class=\"size-full wp-image-2932\" src=\"https:\/\/vapestornado.com\/wp-content\/uploads\/2024\/12\/Vape-Wholesale.jpg\" alt=\"Vape Atacado\" width=\"229\" height=\"300\" \/><\/p>\n<h3><a href=\"https:\/\/wa.me\/8617776015835\" target=\"_blank\" rel=\"noopener\"><span style=\"color: #ff0000;\"><strong>WhatsApp: +86 17776015835<\/strong><\/span><\/a><\/h3>\n<h2><\/h2>\n<h2 data-start=\"1258\" data-end=\"1303\"><strong data-start=\"1265\" data-end=\"1303\">Por que o Bang Box 50k \u00e9 um must-try<\/strong><\/h2>\n<table>\n<thead>\n<tr>\n<th>Recurso \/ Par\u00e2metro<\/th>\n<th align=\"right\">Especifica\u00e7\u00f5es<\/th>\n<th>Explica\u00e7\u00e3o<\/th>\n<\/tr>\n<\/thead>\n<tbody>\n<tr>\n<td>Nome do Produto<\/td>\n<td align=\"right\">Bang Box 50000 Puff Vape Descart\u00e1vel<\/td>\n<td>Nomea\u00e7\u00e3o clara do modelo para pedidos repetidos e pesquisa.<\/td>\n<\/tr>\n<tr>\n<td>Capacidade de Puffs<\/td>\n<td align=\"right\">At\u00e9 50.000 inala\u00e7\u00f5es<\/td>\n<td>Sistema descart\u00e1vel de alta capacidade; menos substitui\u00e7\u00f5es.<\/td>\n<\/tr>\n<tr>\n<td>Volume do l\u00edquido eletr\u00f3nico<\/td>\n<td align=\"right\">45ml pr\u00e9-preenchido<\/td>\n<td>Tanque grande suporta sess\u00f5es longas sem necessidade de reabastecimento.<\/td>\n<\/tr>\n<tr>\n<td>Sistema de Sabor<\/td>\n<td align=\"right\">Vaporizador de Sabor Duplo<\/td>\n<td>Dois sabores num s\u00f3 dispositivo; troque a qualquer momento.<\/td>\n<\/tr>\n<tr>\n<td>Tipo de bobina<\/td>\n<td align=\"right\">Bobina de malha<\/td>\n<td>Aquecimento uniforme = inala\u00e7\u00f5es mais suaves e sabor mais constante.<\/td>\n<\/tr>\n<tr>\n<td>Bateria<\/td>\n<td align=\"right\">Recarreg\u00e1vel de 850mAh<\/td>\n<td>Recarregue para usar todo o l\u00edquido eletr\u00f4nico em vez de desperdi\u00e7ar inala\u00e7\u00f5es.<\/td>\n<\/tr>\n<tr>\n<td>Carregamento<\/td>\n<td align=\"right\">USB Tipo-C<\/td>\n<td>Padr\u00e3o comum de carregamento r\u00e1pido; acesso f\u00e1cil ao cabo.<\/td>\n<\/tr>\n<tr>\n<td>Ecr\u00e3<\/td>\n<td align=\"right\">Tela digital inteligente<\/td>\n<td>Mostra o n\u00edvel de bateria + l\u00edquido eletr\u00f4nico em tempo real.<\/td>\n<\/tr>\n<tr>\n<td>Utilizadores-alvo<\/td>\n<td align=\"right\">Vaporizadores ocasionais a intensivos<\/td>\n<td>Capacidade longa com opera\u00e7\u00e3o simples adequada a ambos os grupos.<\/td>\n<\/tr>\n<tr>\n<td>Ajuste ao mercado<\/td>\n<td align=\"right\">Varejo e grosso em Portugal<\/td>\n<td>Alto n\u00famero de inala\u00e7\u00f5es + sabor duplo suporta compras repetidas.<\/td>\n<\/tr>\n<\/tbody>\n<\/table>\n<h2 class=\"product-title\"><strong>An\u00e1lise dos Sabores dos Bang Box 50000 Puffs Descart\u00e1veis<\/strong><\/h2>\n<article class=\"w-full text-token-text-primary focus-visible:outline-2 focus-visible:outline-offset-[-4px]\" dir=\"auto\" data-testid=\"conversation-turn-32\" data-scroll-anchor=\"false\">\n<div class=\"m-auto text-base py-[18px] px-6\">\n<div class=\"mx-auto flex flex-1 text-base gap-4 md:gap-5 lg:gap-6 md:max-w-3xl lg:max-w-[40rem] xl:max-w-[48rem]\">\n<div class=\"group\/conversation-turn relative flex w-full min-w-0 flex-col @xs\/thread:px-0 @sm\/thread:px-1.5 @md\/thread:px-4\">\n<div class=\"flex-col gap-1 md:gap-3\">\n<div class=\"flex max-w-full flex-col flex-grow\">\n<div class=\"min-h-8 text-message flex w-full flex-col items-end gap-2 whitespace-normal break-words text-start [.text-message+&amp;]:mt-5\" dir=\"auto\" data-message-author-role=\"user\" data-message-id=\"ffac41ca-1db4-431b-873a-32c4052956f1\">\n<div class=\"flex w-full flex-col gap-1 empty:hidden items-end rtl:items-start\">\n<div class=\"relative max-w-[var(--user-chat-width,70%)] rounded-3xl bg-token-message-surface px-5 py-2.5\">\n<div class=\"absolute bottom-0 right-full top-0 -mr-3.5 hidden pr-5 pt-2 [.group\/conversation-turn:hover_&amp;]:flex\">\n<div class=\"flex\">\n<article class=\"w-full text-token-text-primary focus-visible:outline-2 focus-visible:outline-offset-[-4px]\" dir=\"auto\" data-testid=\"conversation-turn-39\" data-scroll-anchor=\"true\">\n<div class=\"m-auto text-base py-[18px] px-6\">\n<div class=\"mx-auto flex flex-1 text-base gap-4 md:gap-5 lg:gap-6 md:max-w-3xl lg:max-w-[40rem] xl:max-w-[48rem]\">\n<div class=\"group\/conversation-turn relative flex w-full min-w-0 flex-col agent-turn @xs\/thread:px-0 @sm\/thread:px-1.5 @md\/thread:px-4\">\n<div class=\"flex-col gap-1 md:gap-3\">\n<div class=\"flex max-w-full flex-col flex-grow\">\n<div class=\"min-h-8 text-message flex w-full flex-col items-end gap-2 whitespace-normal break-words text-start [.text-message+&amp;]:mt-5\" dir=\"auto\" data-message-author-role=\"assistant\" data-message-id=\"55a23854-ec57-48dd-bd4f-6118f43d6241\" data-message-model-slug=\"gpt-4o\">\n<div class=\"flex w-full flex-col gap-1 empty:hidden first:pt-[3px]\">\n<div class=\"markdown prose w-full break-words dark:prose-invert light\">\n<p class=\"\" data-start=\"2451\" data-end=\"2502\">1. Morango Kiwi<br \/>\n2. Pastilha El\u00e1stica de Melancia<br \/>\n3. Anan\u00e1s Manga P\u00eassego<br \/>\n4. Red Bull<br \/>\n5. Sumo de P\u00eassego<br \/>\n6. Ma\u00e7\u00e3 Pera<br \/>\n7. Gelo de Mirtilo<br \/>\n8. Gelo de Drag\u00e3o Negro<br \/>\n9. Gelo de Framboesa Azeda de Mirtilo<br \/>\n10. Rebu\u00e7ado de Morango e Framboesa<br \/>\n11. Gelo de Razz Azul<br \/>\n12. Gelo de Morango<\/p>\n<figure id=\"attachment_4121\" aria-describedby=\"caption-attachment-4121\" style=\"width: 851px\" class=\"wp-caption alignnone\"><img decoding=\"async\" class=\"wp-image-4121 size-full\" src=\"https:\/\/vapestornado.com\/wp-content\/uploads\/2025\/04\/Bang-Box-50000-Puff-50k-Vape.webp\" alt=\"Bang Box 50000 Puff Vape 50k\" width=\"851\" height=\"851\" srcset=\"https:\/\/vapestornado.com\/wp-content\/uploads\/2025\/04\/Bang-Box-50000-Puff-50k-Vape.webp 851w, https:\/\/vapestornado.com\/wp-content\/uploads\/2025\/04\/Bang-Box-50000-Puff-50k-Vape-300x300.webp 300w, https:\/\/vapestornado.com\/wp-content\/uploads\/2025\/04\/Bang-Box-50000-Puff-50k-Vape-150x150.webp 150w, https:\/\/vapestornado.com\/wp-content\/uploads\/2025\/04\/Bang-Box-50000-Puff-50k-Vape-768x768.webp 768w, https:\/\/vapestornado.com\/wp-content\/uploads\/2025\/04\/Bang-Box-50000-Puff-50k-Vape-600x600.webp 600w, https:\/\/vapestornado.com\/wp-content\/uploads\/2025\/04\/Bang-Box-50000-Puff-50k-Vape-100x100.webp 100w\" sizes=\"(max-width: 851px) 100vw, 851px\" \/><figcaption id=\"caption-attachment-4121\" class=\"wp-caption-text\">Bang Box 50000 Puff Vape 50k<\/figcaption><\/figure>\n<\/div>\n<\/div>\n<\/div>\n<\/div>\n<\/div>\n<\/div>\n<\/div>\n<\/div>\n<\/article>\n<\/div>\n<\/div>\n<\/div>\n<\/div>\n<\/div>\n<\/div>\n<\/div>\n<\/div>\n<\/div>\n<\/div>\n<\/article>\n<h2>Porqu\u00ea Escolher a Vapestornado para Bang Box 50000 Puff por Grosso?<\/h2>\n<div class=\"flex-shrink-0 flex flex-col relative items-end\">\n<div class=\"pt-0\">\n<div class=\"gizmo-bot-avatar flex h-8 w-8 items-center justify-center overflow-hidden rounded-full\">\n<div class=\"relative p-1 rounded-sm flex items-center justify-center bg-token-main-surface-primary text-token-text-primary h-8 w-8\">\n<p>Na Vapestornado, n\u00e3o vendemos apenas vapes\u2014entregamos valor, qualidade e servi\u00e7o com os quais pode contar. Como fornecedor grossista de confian\u00e7a do <strong data-start=\"410\" data-end=\"449\">Bang Box 50000 Puff Vape Descart\u00e1vel<\/strong>, oferecemos <strong data-start=\"460\" data-end=\"488\">pre\u00e7os competitivos a granel<\/strong>, garantindo que obt\u00e9m os <strong data-start=\"511\" data-end=\"537\">pre\u00e7os grossistas mais baixos<\/strong> sem comprometer a autenticidade do produto. A nossa equipa seleciona apenas <strong data-start=\"608\" data-end=\"634\">produtos originais 100% aut\u00eanticos<\/strong> com desempenho garantido e consist\u00eancia de sabor. Com <strong data-start=\"692\" data-end=\"716\">envio global r\u00e1pido<\/strong>, um <strong data-start=\"730\" data-end=\"766\">gestor de conta dedicado para clientes de grande volume<\/strong>, e atualiza\u00e7\u00f5es de invent\u00e1rio em tempo real, o seu neg\u00f3cio mant\u00e9m-se \u00e0 frente do mercado. Quer seja uma loja de vape, distribuidor ou vendedor online, <strong data-start=\"901\" data-end=\"917\">Vapestornado<\/strong> \u00e9 o seu parceiro fi\u00e1vel para <strong data-start=\"947\" data-end=\"994\">produtos de alta procura como Bang Box 50k Puff<\/strong>\u2014apoiado por um servi\u00e7o profissional e ofertas imbat\u00edveis.<\/p>\n<p data-start=\"559\" data-end=\"933\" data-is-last-node=\"\" data-is-only-node=\"\">Tamb\u00e9m temos alguns outros vapes populares com ecr\u00e3 como <a href=\"https:\/\/vapestornado.com\/pt\/product\/solaris-25000-puff-solar-charging-dispsoable-vape-kit-usa\/\">SOLARIS 25000 Puffs<\/a>, <a href=\"https:\/\/vapestornado.com\/pt\/product\/elfbar-planet-25000-wholesale-disposable-vape-kit-with-digital-screen\/\">PLANETA ELF BAR 25000<\/a>, <a href=\"https:\/\/vapestornado.com\/pt\/product\/elfworld-ai22000-22k-puff-disposable-vape-pen-kit-best-seller-in-poland\/\">Elf WORLD AI 22000<\/a>, e mais.<\/p>\n<\/div>\n<div class=\"relative p-1 rounded-sm flex items-center justify-center bg-token-main-surface-primary text-token-text-primary h-8 w-8\">\n<h2>PERGUNTAS FREQUENTES<\/h2>\n<p data-start=\"3043\" data-end=\"3258\"><strong data-start=\"3043\" data-end=\"3118\">1. Os descart\u00e1veis precisam de um carregador especial para o Bang Box 50000 Puff?<\/strong><br data-start=\"3118\" data-end=\"3121\" \/>N\u00e3o. O <strong data-start=\"3129\" data-end=\"3168\">Bang Box 50000 Puff Vape Descart\u00e1vel<\/strong> usos <strong data-start=\"3174\" data-end=\"3188\">USB Tipo-C<\/strong>, portanto qualquer cabo Type-C padr\u00e3o e um adaptador USB seguro funcionam.<\/p>\n<p data-start=\"3260\" data-end=\"3561\"><strong data-start=\"3260\" data-end=\"3350\">2. Qual descart\u00e1vel dura mais: Bang Box 50000 Puff ou dispositivo Bang box 30k?<\/strong><br data-start=\"3350\" data-end=\"3353\" \/>No uso di\u00e1rio, o <strong data-start=\"3374\" data-end=\"3397\">Bang Box 50000 Puff<\/strong> costuma durar mais porque combina <strong data-start=\"3441\" data-end=\"3500\">50.000 inala\u00e7\u00f5es, 45ml de l\u00edquido eletr\u00f4nico e uma bateria recarreg\u00e1vel<\/strong>, enquanto a maioria dos modelos de 30k cont\u00e9m menos l\u00edquido e acaba mais cedo.<\/p>\n<p data-start=\"3563\" data-end=\"3814\"><strong data-start=\"3563\" data-end=\"3627\">3. Vale a pena o sistema de dual sabor Bang Box 50000 Puff?<\/strong><br data-start=\"3627\" data-end=\"3630\" \/>Sim, se a variedade de sabores for importante. O <strong data-start=\"3665\" data-end=\"3705\">vape Bang Box 50000 Puff de dual sabor<\/strong> formato oferece dois perfis num s\u00f3 corpo, portanto, trocar de sabores \u00e9 imediato e n\u00e3o requer um segundo dispositivo.<\/p>\n<p data-start=\"3816\" data-end=\"4050\"><strong data-start=\"3816\" data-end=\"3886\">4. O Bang Box 50000 Puff mant\u00e9m o sabor forte perto do final?<\/strong><br data-start=\"3886\" data-end=\"3889\" \/>O <strong data-start=\"3893\" data-end=\"3906\">resist\u00eancia de malha<\/strong> ajuda a manter o aquecimento uniforme em um tanque grande, reduzindo a queda de sabor na fase final e os toques secos que podem acontecer em descart\u00e1veis de alta capacidade.<\/p>\n<p data-start=\"4052\" data-end=\"4308\"><strong data-start=\"4052\" data-end=\"4122\">5. Posso levar um vape descart\u00e1vel Bang Box 50000 Puff num avi\u00e3o?<\/strong><br data-start=\"4122\" data-end=\"4125\" \/>A maioria das companhias a\u00e9reas permite descart\u00e1veis <strong data-start=\"4157\" data-end=\"4185\">somente na bagagem de m\u00e3o<\/strong>, n\u00e3o na bagagem de m\u00e3o, porque cont\u00eam baterias. Mantenha-o <strong data-start=\"4246\" data-end=\"4269\">Bang Box 50000 Puff<\/strong> selado e siga as regras da companhia a\u00e9rea\/local.<\/p>\n<\/div>\n<\/div>\n<\/div>\n<\/div>","protected":false},"excerpt":{"rendered":"<p class=\"LC20lb MBeuO DKV0Md\">Vape descart\u00e1vel Bang Box 50000 Puff com tanque de 45ml de duplo sabor<br \/>\nVape dual de 50000 Puff Bang Box com ecr\u00e3 digital inteligente<br \/>\nDispositivo descart\u00e1vel recarreg\u00e1vel com malha de 50k Puff Bang Box com Type-C<\/p>\n<p><strong>Adicione o whatsapp da Amy para obter resposta certa e pre\u00e7o de desconto!<\/strong><\/p>\n<p><img fetchpriority=\"high\" decoding=\"async\" class=\"size-full wp-image-2932\" src=\"https:\/\/vapestornado.com\/wp-content\/uploads\/2024\/12\/Vape-Wholesale.jpg\" alt=\"Vape Atacado\" width=\"229\" height=\"300\" \/><\/p>\n<h3><a href=\"https:\/\/wa.me\/8617776015835\"><span style=\"color: #ff0000;\"><strong>WhatsApp: +86 17776015835<\/strong><\/span><\/a><\/h3>\n<p>&nbsp;<\/p>","protected":false},"featured_media":4122,"comment_status":"open","ping_status":"closed","template":"","meta":{"_acf_changed":false,"_uag_custom_page_level_css":"","_lmt_disableupdate":"no","_lmt_disable":"","_monsterinsights_skip_tracking":false,"_monsterinsights_sitenote_active":false,"_monsterinsights_sitenote_note":"","_monsterinsights_sitenote_category":0,"site-sidebar-layout":"default","site-content-layout":"","ast-site-content-layout":"default","site-content-style":"default","site-sidebar-style":"default","ast-global-header-display":"","ast-banner-title-visibility":"","ast-main-header-display":"","ast-hfb-above-header-display":"","ast-hfb-below-header-display":"","ast-hfb-mobile-header-display":"","site-post-title":"","ast-breadcrumbs-content":"","ast-featured-img":"","footer-sml-layout":"","ast-disable-related-posts":"","theme-transparent-header-meta":"default","adv-header-id-meta":"","stick-header-meta":"","header-above-stick-meta":"","header-main-stick-meta":"","header-below-stick-meta":"","astra-migrate-meta-layouts":"set","ast-page-background-enabled":"default","ast-page-background-meta":{"desktop":{"background-color":"","background-image":"","background-repeat":"repeat","background-position":"center center","background-size":"auto","background-attachment":"scroll","background-type":"","background-media":"","overlay-type":"","overlay-color":"","overlay-opacity":"","overlay-gradient":""},"tablet":{"background-color":"","background-image":"","background-repeat":"repeat","background-position":"center center","background-size":"auto","background-attachment":"scroll","background-type":"","background-media":"","overlay-type":"","overlay-color":"","overlay-opacity":"","overlay-gradient":""},"mobile":{"background-color":"","background-image":"","background-repeat":"repeat","background-position":"center center","background-size":"auto","background-attachment":"scroll","background-type":"","background-media":"","overlay-type":"","overlay-color":"","overlay-opacity":"","overlay-gradient":""}},"ast-content-background-meta":{"desktop":{"background-color":"var(--ast-global-color-5)","background-image":"","background-repeat":"repeat","background-position":"center center","background-size":"auto","background-attachment":"scroll","background-type":"","background-media":"","overlay-type":"","overlay-color":"","overlay-opacity":"","overlay-gradient":""},"tablet":{"background-color":"var(--ast-global-color-5)","background-image":"","background-repeat":"repeat","background-position":"center center","background-size":"auto","background-attachment":"scroll","background-type":"","background-media":"","overlay-type":"","overlay-color":"","overlay-opacity":"","overlay-gradient":""},"mobile":{"background-color":"var(--ast-global-color-5)","background-image":"","background-repeat":"repeat","background-position":"center center","background-size":"auto","background-attachment":"scroll","background-type":"","background-media":"","overlay-type":"","overlay-color":"","overlay-opacity":"","overlay-gradient":""}},"_joinchat":{"telephone":"17776015835"}},"product_brand":[],"product_cat":[192,64,150,151,142,146],"product_tag":[332,333,474,105,195,189],"class_list":{"0":"post-4126","1":"product","2":"type-product","3":"status-publish","4":"has-post-thumbnail","6":"product_cat-50000-puff","7":"product_cat-bangbox-vape","8":"product_cat-buy-disposable-vapes-in-belgium","9":"product_cat-buy-disposable-vapes-in-france","10":"product_cat-digital-box-disposable-vapes","11":"product_cat-rechargeable-disposable-vapes","12":"product_tag-bang-box-50000","13":"product_tag-bang-box-50k","14":"product_tag-bang-hot-sale-vape","15":"product_tag-digital-disposable-vape","16":"product_tag-dual-flavor-disposable-vape","17":"product_tag-puff-50k","18":"desktop-align-left","19":"tablet-align-left","20":"mobile-align-left","22":"first","23":"instock","24":"sale","25":"shipping-taxable","26":"purchasable","27":"product-type-simple"},"acf":[],"uagb_featured_image_src":{"full":["https:\/\/vapestornado.com\/wp-content\/uploads\/2025\/04\/Bang-Box-50000-Puff-Best-Double-Flavor-Vape-scaled.webp",2560,2560,false],"thumbnail":["https:\/\/vapestornado.com\/wp-content\/uploads\/2025\/04\/Bang-Box-50000-Puff-Best-Double-Flavor-Vape-150x150.webp",150,150,true],"medium":["https:\/\/vapestornado.com\/wp-content\/uploads\/2025\/04\/Bang-Box-50000-Puff-Best-Double-Flavor-Vape-300x300.webp",300,300,true],"medium_large":["https:\/\/vapestornado.com\/wp-content\/uploads\/2025\/04\/Bang-Box-50000-Puff-Best-Double-Flavor-Vape-768x768.webp",768,768,true],"large":["https:\/\/vapestornado.com\/wp-content\/uploads\/2025\/04\/Bang-Box-50000-Puff-Best-Double-Flavor-Vape-1024x1024.webp",1024,1024,true],"1536x1536":["https:\/\/vapestornado.com\/wp-content\/uploads\/2025\/04\/Bang-Box-50000-Puff-Best-Double-Flavor-Vape-1536x1536.webp",1536,1536,true],"2048x2048":["https:\/\/vapestornado.com\/wp-content\/uploads\/2025\/04\/Bang-Box-50000-Puff-Best-Double-Flavor-Vape-2048x2048.webp",2048,2048,true],"trp-custom-language-flag":["https:\/\/vapestornado.com\/wp-content\/uploads\/2025\/04\/Bang-Box-50000-Puff-Best-Double-Flavor-Vape-scaled.webp",12,12,false],"woocommerce_thumbnail":["https:\/\/vapestornado.com\/wp-content\/uploads\/2025\/04\/Bang-Box-50000-Puff-Best-Double-Flavor-Vape-300x300.webp",300,300,true],"woocommerce_single":["https:\/\/vapestornado.com\/wp-content\/uploads\/2025\/04\/Bang-Box-50000-Puff-Best-Double-Flavor-Vape-600x600.webp",600,600,true],"woocommerce_gallery_thumbnail":["https:\/\/vapestornado.com\/wp-content\/uploads\/2025\/04\/Bang-Box-50000-Puff-Best-Double-Flavor-Vape-100x100.webp",100,100,true]},"uagb_author_info":{"display_name":"ESAMY","author_link":"https:\/\/vapestornado.com\/pt\/author\/"},"uagb_comment_info":0,"uagb_excerpt":"Bang Box 50000 Puff Disposable Vape with 45ml Dual-Flavor Tank Bang Box 50000 Puff Dual Flavour Vape with Smart Digital Display Bang Box 50k Puff Type-C Rechargeable Mesh Coil Disposable Device Add Amy's whatsapp to get right reply and discount price! WhatsApp: +86 17776015835 &nbsp;","_links":{"self":[{"href":"https:\/\/vapestornado.com\/pt\/wp-json\/wp\/v2\/product\/4126","targetHints":{"allow":["GET"]}}],"collection":[{"href":"https:\/\/vapestornado.com\/pt\/wp-json\/wp\/v2\/product"}],"about":[{"href":"https:\/\/vapestornado.com\/pt\/wp-json\/wp\/v2\/types\/product"}],"replies":[{"embeddable":true,"href":"https:\/\/vapestornado.com\/pt\/wp-json\/wp\/v2\/comments?post=4126"}],"wp:featuredmedia":[{"embeddable":true,"href":"https:\/\/vapestornado.com\/pt\/wp-json\/wp\/v2\/media\/4122"}],"wp:attachment":[{"href":"https:\/\/vapestornado.com\/pt\/wp-json\/wp\/v2\/media?parent=4126"}],"wp:term":[{"taxonomy":"product_brand","embeddable":true,"href":"https:\/\/vapestornado.com\/pt\/wp-json\/wp\/v2\/product_brand?post=4126"},{"taxonomy":"product_cat","embeddable":true,"href":"https:\/\/vapestornado.com\/pt\/wp-json\/wp\/v2\/product_cat?post=4126"},{"taxonomy":"product_tag","embeddable":true,"href":"https:\/\/vapestornado.com\/pt\/wp-json\/wp\/v2\/product_tag?post=4126"}],"curies":[{"name":"wp","href":"https:\/\/api.w.org\/{rel}","templated":true}]}}