{"id":4118,"date":"2025-04-13T08:12:11","date_gmt":"2025-04-13T08:12:11","guid":{"rendered":"https:\/\/vapestornado.com\/?post_type=product&#038;p=4118"},"modified":"2025-08-21T12:11:56","modified_gmt":"2025-08-21T12:11:56","slug":"solaris-25000-puff-solar-charging-dispsoable-vape-kit-usa","status":"publish","type":"product","link":"https:\/\/vapestornado.com\/pt\/product\/solaris-25000-puff-solar-charging-dispsoable-vape-kit-usa\/","title":{"rendered":"Solaris 25000 Puff Kit Vape Descart\u00e1vel de Carregamento Solar"},"content":{"rendered":"<h1 data-pm-slice=\"1 1 []\">Solaris 25000 Puff Kit Vape Descart\u00e1vel de Carregamento Solar<\/h1>\n<p data-start=\"309\" data-end=\"774\">O <strong data-start=\"313\" data-end=\"361\">Vape Descart\u00e1vel com Carregamento Solar Solaris 25000<\/strong> introduz um novo padr\u00e3o em sustentabilidade e desempenho. Como o primeiro <strong data-start=\"436\" data-end=\"468\">Vaporizador Descart\u00e1vel de 25.000 Puffs<\/strong> com um painel solar integrado, combina carregamento ecol\u00f3gico com resist\u00eancia de alta capacidade, tornando-o uma solu\u00e7\u00e3o pr\u00e1tica para uso a longo prazo. Equipado com um tanque de e-l\u00edquido pr\u00e9-cheio de 18ml e uma bateria recarreg\u00e1vel, o Solaris oferece uma produ\u00e7\u00e3o de vapor consistente, projetada para confiabilidade em qualquer ambiente.<\/p>\n<p data-start=\"776\" data-end=\"1047\">Para carregar, os utilizadores beneficiam de duas op\u00e7\u00f5es: um painel solar para uso cont\u00ednuo ao ar livre ou USB Type-C para recarga r\u00e1pida e eficiente (cabo n\u00e3o inclu\u00eddo). Essa flexibilidade torna o Solaris um companheiro confi\u00e1vel, seja em viagens, caminhadas ou a desfrutar de atividades di\u00e1rias.<\/p>\n<p data-start=\"1049\" data-end=\"1276\">Modos de vaporiza\u00e7\u00e3o duplos \u2014 <strong data-start=\"1069\" data-end=\"1089\">Normal e Boost<\/strong> \u2014 combinados com bobinas de malha dupla proporcionam um fluxo de ar suave e intensidade de sabor total. O fluxo de ar ajust\u00e1vel permite uma tra\u00e7\u00e3o personalizada, garantindo satisfa\u00e7\u00e3o MTL e produ\u00e7\u00e3o de nuvens aprimorada.<\/p>\n<p data-start=\"1278\" data-end=\"1637\">O ecr\u00e3 HD mostra o puff em tempo real e o estado da bateria, com anima\u00e7\u00f5es interativas que adicionam um toque moderno. Um acabamento Starlight Embedded Glow eleva o seu design, oferecendo uma apar\u00eancia premium que atrai jovens consumidores adultos. Ativado por tra\u00e7\u00e3o e sem bot\u00f5es, o Solaris \u00e9 simples de usar, combinando tecnologia avan\u00e7ada com facilidade de opera\u00e7\u00e3o.<\/p>\n<p data-start=\"1639\" data-end=\"1865\">Para grossistas e retalhistas na Europa, o <strong data-start=\"1684\" data-end=\"1732\">Vape Descart\u00e1vel com Carregamento Solar Solaris 25000<\/strong> oferece um produto diferenciado que atende \u00e0 crescente procura por dispositivos sustent\u00e1veis e de alta capacidade, ao mesmo tempo que oferece um forte valor de revenda.<\/p>\n<p data-start=\"666\" data-end=\"1235\"><strong style=\"font-size: 16px;\"><span style=\"color: #ff0000;\">Adicione o WhatsApp da Amy para obter uma resposta imediata e um pre\u00e7o com desconto!<\/span><\/strong><\/p>\n<p><img fetchpriority=\"high\" decoding=\"async\" class=\"size-full wp-image-2932\" src=\"https:\/\/vapestornado.com\/wp-content\/uploads\/2024\/12\/Vape-Wholesale.jpg\" alt=\"Vape Atacado\" width=\"229\" height=\"300\" \/><\/p>\n<h3><a href=\"https:\/\/wa.me\/8617776015835\" target=\"_blank\" rel=\"noopener\"><span style=\"color: #ff0000;\"><strong>WhatsApp: +86 17776015835<\/strong><\/span><\/a><\/h3>\n<p>&nbsp;<\/p>\n<h2><strong>Principais Caracter\u00edsticas do Produto Solaris 25000 Puffs<\/strong><\/h2>\n<ul>\n<li class=\"\" data-start=\"1597\" data-end=\"1621\">\n<p class=\"\" data-start=\"1599\" data-end=\"1621\">At\u00e9 <strong data-start=\"1605\" data-end=\"1621\">25.000 puffs<\/strong><\/p>\n<\/li>\n<li class=\"\" data-start=\"1622\" data-end=\"1684\">\n<p class=\"\" data-start=\"1624\" data-end=\"1684\"><strong data-start=\"1624\" data-end=\"1652\">Painel solar + USB Type-C<\/strong> recarregamento (cabo n\u00e3o inclu\u00eddo)<\/p>\n<\/li>\n<li class=\"\" data-start=\"1685\" data-end=\"1714\">\n<p class=\"\" data-start=\"1687\" data-end=\"1714\"><strong data-start=\"1687\" data-end=\"1714\">18ml de e-l\u00edquido pr\u00e9-cheio<\/strong><\/p>\n<\/li>\n<li class=\"\" data-start=\"1715\" data-end=\"1748\">\n<p class=\"\" data-start=\"1717\" data-end=\"1748\"><strong data-start=\"1717\" data-end=\"1748\">5% (50mg) de for\u00e7a de nicotina<\/strong><\/p>\n<\/li>\n<li class=\"\" data-start=\"1749\" data-end=\"1773\">\n<p class=\"\" data-start=\"1751\" data-end=\"1773\"><strong data-start=\"1751\" data-end=\"1773\">Fluxo de ar ajust\u00e1vel<\/strong><\/p>\n<\/li>\n<li class=\"\" data-start=\"1774\" data-end=\"1805\">\n<p class=\"\" data-start=\"1776\" data-end=\"1805\"><strong data-start=\"1776\" data-end=\"1789\">Dois modos<\/strong>: Normal<\/p>\n<\/li>\n<li class=\"\" data-start=\"1806\" data-end=\"1847\">\n<p class=\"\" data-start=\"1808\" data-end=\"1847\"><strong data-start=\"1808\" data-end=\"1827\">Bobinas de malha dupla<\/strong> para sabor aprimorado<\/p>\n<\/li>\n<li class=\"\" data-start=\"1848\" data-end=\"1872\">\n<p class=\"\" data-start=\"1850\" data-end=\"1872\"><strong data-start=\"1850\" data-end=\"1872\">Ecr\u00e3 animado HD<\/strong><\/p>\n<\/li>\n<li class=\"\" data-start=\"1873\" data-end=\"1900\">\n<p class=\"\" data-start=\"1875\" data-end=\"1900\"><strong data-start=\"1875\" data-end=\"1900\">Efeito de brilho Starlight<\/strong><\/p>\n<\/li>\n<li class=\"\" data-start=\"1901\" data-end=\"1932\">\n<p class=\"\" data-start=\"1903\" data-end=\"1932\"><strong data-start=\"1903\" data-end=\"1921\">Ativado por suc\u00e7\u00e3o<\/strong> Vaping MTL<\/p>\n<\/li>\n<li class=\"\" data-start=\"1933\" data-end=\"1977\">\n<p class=\"\" data-start=\"1935\" data-end=\"1977\"><strong data-start=\"1935\" data-end=\"1977\">Design ecol\u00f3gico e f\u00e1cil de usar<\/strong><\/p>\n<\/li>\n<\/ul>\n<h2 class=\"product-title\"><strong>An\u00e1lise de Sabores dos Descart\u00e1veis Solaris 25000 Puffs<\/strong><\/h2>\n<article class=\"w-full text-token-text-primary focus-visible:outline-2 focus-visible:outline-offset-[-4px]\" dir=\"auto\" data-testid=\"conversation-turn-32\" data-scroll-anchor=\"false\">\n<div class=\"m-auto text-base py-[18px] px-6\">\n<div class=\"mx-auto flex flex-1 text-base gap-4 md:gap-5 lg:gap-6 md:max-w-3xl lg:max-w-[40rem] xl:max-w-[48rem]\">\n<div class=\"group\/conversation-turn relative flex w-full min-w-0 flex-col @xs\/thread:px-0 @sm\/thread:px-1.5 @md\/thread:px-4\">\n<div class=\"flex-col gap-1 md:gap-3\">\n<div class=\"flex max-w-full flex-col flex-grow\">\n<div class=\"min-h-8 text-message flex w-full flex-col items-end gap-2 whitespace-normal break-words text-start [.text-message+&amp;]:mt-5\" dir=\"auto\" data-message-author-role=\"user\" data-message-id=\"ffac41ca-1db4-431b-873a-32c4052956f1\">\n<div class=\"flex w-full flex-col gap-1 empty:hidden items-end rtl:items-start\">\n<div class=\"relative max-w-[var(--user-chat-width,70%)] rounded-3xl bg-token-message-surface px-5 py-2.5\">\n<div class=\"absolute bottom-0 right-full top-0 -mr-3.5 hidden pr-5 pt-2 [.group\/conversation-turn:hover_&amp;]:flex\">\n<div class=\"flex\">\n<article class=\"w-full text-token-text-primary focus-visible:outline-2 focus-visible:outline-offset-[-4px]\" dir=\"auto\" data-testid=\"conversation-turn-39\" data-scroll-anchor=\"true\">\n<div class=\"m-auto text-base py-[18px] px-6\">\n<div class=\"mx-auto flex flex-1 text-base gap-4 md:gap-5 lg:gap-6 md:max-w-3xl lg:max-w-[40rem] xl:max-w-[48rem]\">\n<div class=\"group\/conversation-turn relative flex w-full min-w-0 flex-col agent-turn @xs\/thread:px-0 @sm\/thread:px-1.5 @md\/thread:px-4\">\n<div class=\"flex-col gap-1 md:gap-3\">\n<div class=\"flex max-w-full flex-col flex-grow\">\n<div class=\"min-h-8 text-message flex w-full flex-col items-end gap-2 whitespace-normal break-words text-start [.text-message+&amp;]:mt-5\" dir=\"auto\" data-message-author-role=\"assistant\" data-message-id=\"55a23854-ec57-48dd-bd4f-6118f43d6241\" data-message-model-slug=\"gpt-4o\">\n<div class=\"flex w-full flex-col gap-1 empty:hidden first:pt-[3px]\">\n<div class=\"markdown prose w-full break-words dark:prose-invert light\">\n<ul>\n<li class=\"\" data-start=\"2002\" data-end=\"2063\">\n<p class=\"\" data-start=\"2004\" data-end=\"2063\"><strong data-start=\"2004\" data-end=\"2017\">Blue Razz<\/strong> \u2013 Mistura doce e picante de framboesa com mirtilo<\/p>\n<\/li>\n<li class=\"\" data-start=\"2064\" data-end=\"2128\">\n<p class=\"\" data-start=\"2066\" data-end=\"2128\"><strong data-start=\"2066\" data-end=\"2082\">Blue Slurpie<\/strong> \u2013 Granizado azul gelado para uma onda fresca e nost\u00e1lgica<\/p>\n<\/li>\n<li class=\"\" data-start=\"2129\" data-end=\"2179\">\n<p class=\"\" data-start=\"2131\" data-end=\"2179\"><strong data-start=\"2131\" data-end=\"2146\">Cherry Bomb<\/strong> \u2013 Explos\u00e3o de sabor ousado de cereja<\/p>\n<\/li>\n<li class=\"\" data-start=\"2180\" data-end=\"2241\">\n<p class=\"\" data-start=\"2182\" data-end=\"2241\"><strong data-start=\"2182\" data-end=\"2195\">Menta Fresca<\/strong> \u2013 Menta crocante e refrescante para um final limpo<\/p>\n<\/li>\n<li class=\"\" data-start=\"2242\" data-end=\"2325\">\n<p class=\"\" data-start=\"2244\" data-end=\"2325\"><strong data-start=\"2244\" data-end=\"2274\">Limonada de Manga e Fruta do Drag\u00e3o<\/strong> \u2013 Fus\u00e3o tropical de manga, pitaya e citrinos<\/p>\n<\/li>\n<li class=\"\" data-start=\"2326\" data-end=\"2378\">\n<p class=\"\" data-start=\"2328\" data-end=\"2378\"><strong data-start=\"2328\" data-end=\"2342\">Menta Miami<\/strong> \u2013 Menta suave com uma vibra\u00e7\u00e3o costeira<\/p>\n<\/li>\n<li class=\"\" data-start=\"2379\" data-end=\"2448\">\n<p class=\"\" data-start=\"2381\" data-end=\"2448\"><strong data-start=\"2381\" data-end=\"2406\">Morango Melancia<\/strong> \u2013 Combina\u00e7\u00e3o suculenta de morango e melancia<\/p>\n<\/li>\n<li class=\"\" data-start=\"2449\" data-end=\"2502\">\n<p class=\"\" data-start=\"2451\" data-end=\"2502\"><strong data-start=\"2451\" data-end=\"2467\">Explos\u00e3o de Ver\u00e3o<\/strong> \u2013 Uma explos\u00e3o de frutas mistas de ver\u00e3o<\/p>\n<\/li>\n<li class=\"\" data-start=\"2449\" data-end=\"2502\">\n<p class=\"\" data-start=\"2451\" data-end=\"2502\"><strong style=\"font-size: 16px;\" data-start=\"2505\" data-end=\"2525\">Arrepios de Melancia<\/strong><span style=\"font-size: 16px;\"> \u2013 Sabor refrescante de melancia gelada<\/span><\/p>\n<p>&nbsp;<\/p>\n<p>&nbsp;<\/p>\n<p>&nbsp;<\/p>\n<div class=\"mceTemp\">\n<p>&nbsp;<\/p>\n<p><img decoding=\"async\" class=\"wp-image-4112 size-full\" src=\"https:\/\/vapestornado.com\/wp-content\/uploads\/2025\/04\/Solaris-25K-Disposable-Wholesale.png\" alt=\"Solaris 25K Descart\u00e1vel por Grosso\" width=\"800\" height=\"800\" srcset=\"https:\/\/vapestornado.com\/wp-content\/uploads\/2025\/04\/Solaris-25K-Disposable-Wholesale.png 800w, https:\/\/vapestornado.com\/wp-content\/uploads\/2025\/04\/Solaris-25K-Disposable-Wholesale-300x300.png 300w, https:\/\/vapestornado.com\/wp-content\/uploads\/2025\/04\/Solaris-25K-Disposable-Wholesale-150x150.png 150w, https:\/\/vapestornado.com\/wp-content\/uploads\/2025\/04\/Solaris-25K-Disposable-Wholesale-768x768.png 768w, https:\/\/vapestornado.com\/wp-content\/uploads\/2025\/04\/Solaris-25K-Disposable-Wholesale-600x600.png 600w, https:\/\/vapestornado.com\/wp-content\/uploads\/2025\/04\/Solaris-25K-Disposable-Wholesale-100x100.png 100w\" sizes=\"(max-width: 800px) 100vw, 800px\" \/><\/p>\n<\/div>\n<\/li>\n<\/ul>\n<\/div>\n<\/div>\n<\/div>\n<\/div>\n<\/div>\n<\/div>\n<\/div>\n<\/div>\n<\/article>\n<\/div>\n<\/div>\n<\/div>\n<\/div>\n<\/div>\n<\/div>\n<\/div>\n<\/div>\n<\/div>\n<\/div>\n<\/article>\n<h2>Por que escolher a Vapestornado para compra a granel de Solaris 25000 Puff?<\/h2>\n<div class=\"flex-shrink-0 flex flex-col relative items-end\">\n<div class=\"pt-0\">\n<div class=\"gizmo-bot-avatar flex h-8 w-8 items-center justify-center overflow-hidden rounded-full\">\n<div class=\"relative p-1 rounded-sm flex items-center justify-center bg-token-main-surface-primary text-token-text-primary h-8 w-8\">\n<p>At\u00a0<strong>VapeTornado<\/strong>, orgulhamo-nos de oferecer\u00a0<strong>produtos de vaping premium a pre\u00e7os imbat\u00edveis<\/strong>\u2014e o Elf Box Crystal Bar 600 n\u00e3o \u00e9 exce\u00e7\u00e3o! Eis por que deve comprar connosco:<\/p>\n<p class=\"\" data-start=\"49\" data-end=\"193\"><strong data-start=\"49\" data-end=\"81\">Pre\u00e7os de Atacado Imbat\u00edveis<\/strong> \u2013 Desfrute das melhores ofertas a granel do mercado, tornando-nos o fornecedor de elei\u00e7\u00e3o para lojas de vape e revendedores em todo o mundo.<\/p>\n<p class=\"\" data-start=\"195\" data-end=\"340\"><strong data-start=\"195\" data-end=\"228\">R\u00e1pido<\/strong> \u2013 Entregamos as suas encomendas de forma r\u00e1pida e segura, com op\u00e7\u00f5es de envio mundial fi\u00e1veis e adaptadas \u00e0s suas necessidades.<\/p>\n<p class=\"\" data-start=\"342\" data-end=\"487\"><strong data-start=\"342\" data-end=\"367\">Produtos Genu\u00ednos 100%<\/strong> \u2013 Diga adeus \u00e0s falsifica\u00e7\u00f5es! Garantimos apenas vaporizadores descart\u00e1veis Solaris 25000 originais com qualidade e desempenho verificados.<\/p>\n<p class=\"\" data-start=\"489\" data-end=\"627\"><strong data-start=\"489\" data-end=\"516\">Apoio ao Cliente Especializado<\/strong> \u2013 Tem perguntas? A nossa equipa de vape experiente est\u00e1 aqui para si a qualquer momento, garantindo um servi\u00e7o tranquilo e sem complica\u00e7\u00f5es.<\/p>\n<p data-start=\"559\" data-end=\"933\" data-is-last-node=\"\" data-is-only-node=\"\">Tamb\u00e9m temos alguns outros vapes populares com ecr\u00e3 como <a href=\"https:\/\/vapestornado.com\/pt\/product\/bang-king-vape-36000-puff-dual-vaping-mode-disposables-pod-best-price\/\">BANG KING 36000 Shisha<\/a>, <a href=\"https:\/\/vapestornado.com\/pt\/product\/waspe-aiviou-3-in-1-60000-puffs-disposable-vape-kit-best-price\/\">WASPE 60000 3 em 1<\/a>, <a href=\"https:\/\/vapestornado.com\/pt\/product\/alfakh-crown-bar-20000-puffs-disposable-shisha-hookah-wholesale-vape-pen\/\">ALFAKH 20000<\/a>, e mais.<\/p>\n<\/div>\n<div class=\"relative p-1 rounded-sm flex items-center justify-center bg-token-main-surface-primary text-token-text-primary h-8 w-8\">\n<h2>Perguntas frequentes para Solaris 25000 Puff<\/h2>\n<p class=\"\" data-start=\"155\" data-end=\"385\"><strong data-start=\"155\" data-end=\"212\">1. Como carrego o vape descart\u00e1vel Solaris 25000?<\/strong><br data-start=\"212\" data-end=\"215\" \/>O Solaris 25000 possui dois m\u00e9todos de carregamento: um integrado <strong data-start=\"276\" data-end=\"291\">painel solar<\/strong> para carregamento ecol\u00f3gico e uma <strong data-start=\"324\" data-end=\"343\">porta USB Tipo C<\/strong> (cabo n\u00e3o inclu\u00eddo) para recarga r\u00e1pida.<\/p>\n<p class=\"\" data-start=\"387\" data-end=\"576\"><strong data-start=\"387\" data-end=\"438\">2. Quantas puffs o Solaris 25000 oferece?<\/strong><br data-start=\"438\" data-end=\"441\" \/>Cada dispositivo fornece aproximadamente <strong data-start=\"476\" data-end=\"492\">25.000 puffs<\/strong>, gra\u00e7as ao seu <strong data-start=\"522\" data-end=\"550\">18ml de e-l\u00edquido pr\u00e9-cheio<\/strong> e bateria recarreg\u00e1vel.<\/p>\n<p class=\"\" data-start=\"578\" data-end=\"805\"><strong data-start=\"578\" data-end=\"637\">3. Qual \u00e9 a diferen\u00e7a entre o modo Normal e o modo Boost?<\/strong><br data-start=\"637\" data-end=\"640\" \/>O modo Normal oferece uma experi\u00eancia de vaporiza\u00e7\u00e3o mais suave e padr\u00e3o, enquanto o modo Boost intensifica a produ\u00e7\u00e3o de vapor e o impacto na garganta \u2014 ideal para utilizadores que procuram um desempenho mais forte.<\/p>\n<p class=\"\" data-start=\"807\" data-end=\"1031\"><strong data-start=\"807\" data-end=\"860\">4. O Solaris 25000 \u00e9 recarreg\u00e1vel ou descart\u00e1vel?<\/strong><br data-start=\"860\" data-end=\"863\" \/>Solaris 25000 \u00e9 um <strong data-start=\"882\" data-end=\"901\">vape descart\u00e1vel<\/strong>. Embora seja <strong data-start=\"915\" data-end=\"931\">recarreg\u00e1vel<\/strong>, vem <strong data-start=\"942\" data-end=\"975\">pr\u00e9-cheio e n\u00e3o recarreg\u00e1vel<\/strong>, oferecendo conveni\u00eancia sem necessidade de manuten\u00e7\u00e3o.<\/p>\n<p class=\"\" data-start=\"1033\" data-end=\"1232\"><strong data-start=\"1033\" data-end=\"1094\">5. Qual \u00e9 a concentra\u00e7\u00e3o de nicotina que o Solaris 25000 cont\u00e9m?<\/strong><br data-start=\"1094\" data-end=\"1097\" \/>Cada unidade cont\u00e9m <strong data-start=\"1116\" data-end=\"1138\">5% (50mg) de nicotina<\/strong>, proporcionando um impacto satisfat\u00f3rio adequado para utilizadores adultos que procuram uma experi\u00eancia de nicotina mais forte.<\/p>\n<\/div>\n<\/div>\n<\/div>\n<\/div>","protected":false},"excerpt":{"rendered":"<p class=\"LC20lb MBeuO DKV0Md\">Solaris 25000 Puffs Melhor loja online de Vape Portugal<br \/>\nSolaris 25000 Puffs vape Pre\u00e7o Barato por Grosso<br \/>\nVaporizadores Descart\u00e1veis Solaris 25000 Puffs Mais Vendidos<\/p>\n<p><strong>Adicione o whatsapp da Amy para obter resposta certa e pre\u00e7o de desconto!<\/strong><\/p>\n<p><img fetchpriority=\"high\" decoding=\"async\" class=\"size-full wp-image-2932\" src=\"https:\/\/vapestornado.com\/wp-content\/uploads\/2024\/12\/Vape-Wholesale.jpg\" alt=\"Vape Atacado\" width=\"229\" height=\"300\" \/><\/p>\n<h3><a href=\"https:\/\/wa.me\/8617776015835\"><span style=\"color: #ff0000;\"><strong>WhatsApp: +86 17776015835<\/strong><\/span><\/a><\/h3>\n<p>&nbsp;<\/p>","protected":false},"featured_media":4114,"comment_status":"open","ping_status":"closed","template":"","meta":{"_acf_changed":false,"_uag_custom_page_level_css":"","_lmt_disableupdate":"no","_lmt_disable":"","_monsterinsights_skip_tracking":false,"_monsterinsights_sitenote_active":false,"_monsterinsights_sitenote_note":"","_monsterinsights_sitenote_category":0,"site-sidebar-layout":"default","site-content-layout":"","ast-site-content-layout":"default","site-content-style":"default","site-sidebar-style":"default","ast-global-header-display":"","ast-banner-title-visibility":"","ast-main-header-display":"","ast-hfb-above-header-display":"","ast-hfb-below-header-display":"","ast-hfb-mobile-header-display":"","site-post-title":"","ast-breadcrumbs-content":"","ast-featured-img":"","footer-sml-layout":"","ast-disable-related-posts":"","theme-transparent-header-meta":"default","adv-header-id-meta":"","stick-header-meta":"","header-above-stick-meta":"","header-main-stick-meta":"","header-below-stick-meta":"","astra-migrate-meta-layouts":"set","ast-page-background-enabled":"default","ast-page-background-meta":{"desktop":{"background-color":"","background-image":"","background-repeat":"repeat","background-position":"center center","background-size":"auto","background-attachment":"scroll","background-type":"","background-media":"","overlay-type":"","overlay-color":"","overlay-opacity":"","overlay-gradient":""},"tablet":{"background-color":"","background-image":"","background-repeat":"repeat","background-position":"center center","background-size":"auto","background-attachment":"scroll","background-type":"","background-media":"","overlay-type":"","overlay-color":"","overlay-opacity":"","overlay-gradient":""},"mobile":{"background-color":"","background-image":"","background-repeat":"repeat","background-position":"center center","background-size":"auto","background-attachment":"scroll","background-type":"","background-media":"","overlay-type":"","overlay-color":"","overlay-opacity":"","overlay-gradient":""}},"ast-content-background-meta":{"desktop":{"background-color":"var(--ast-global-color-5)","background-image":"","background-repeat":"repeat","background-position":"center center","background-size":"auto","background-attachment":"scroll","background-type":"","background-media":"","overlay-type":"","overlay-color":"","overlay-opacity":"","overlay-gradient":""},"tablet":{"background-color":"var(--ast-global-color-5)","background-image":"","background-repeat":"repeat","background-position":"center center","background-size":"auto","background-attachment":"scroll","background-type":"","background-media":"","overlay-type":"","overlay-color":"","overlay-opacity":"","overlay-gradient":""},"mobile":{"background-color":"var(--ast-global-color-5)","background-image":"","background-repeat":"repeat","background-position":"center center","background-size":"auto","background-attachment":"scroll","background-type":"","background-media":"","overlay-type":"","overlay-color":"","overlay-opacity":"","overlay-gradient":""}},"_joinchat":{"telephone":"17776015835"}},"product_brand":[],"product_cat":[68,149,156,142,146],"product_tag":[105,331,330],"class_list":{"0":"post-4118","1":"product","2":"type-product","3":"status-publish","4":"has-post-thumbnail","6":"product_cat-25000-puff","7":"product_cat-buy-disposable-vapes-in-austria","8":"product_cat-buy-disposable-vapes-in-poland","9":"product_cat-digital-box-disposable-vapes","10":"product_cat-rechargeable-disposable-vapes","11":"product_tag-digital-disposable-vape","12":"product_tag-dispsoable-vape-kit-usa","13":"product_tag-solaris-25000-puff","14":"desktop-align-left","15":"tablet-align-left","16":"mobile-align-left","18":"first","19":"instock","20":"sale","21":"shipping-taxable","22":"purchasable","23":"product-type-simple"},"acf":[],"uagb_featured_image_src":{"full":["https:\/\/vapestornado.com\/wp-content\/uploads\/2025\/04\/Solaris-25000-Puffs-Rechargeable-Disposable.png",800,800,false],"thumbnail":["https:\/\/vapestornado.com\/wp-content\/uploads\/2025\/04\/Solaris-25000-Puffs-Rechargeable-Disposable-150x150.png",150,150,true],"medium":["https:\/\/vapestornado.com\/wp-content\/uploads\/2025\/04\/Solaris-25000-Puffs-Rechargeable-Disposable-300x300.png",300,300,true],"medium_large":["https:\/\/vapestornado.com\/wp-content\/uploads\/2025\/04\/Solaris-25000-Puffs-Rechargeable-Disposable-768x768.png",768,768,true],"large":["https:\/\/vapestornado.com\/wp-content\/uploads\/2025\/04\/Solaris-25000-Puffs-Rechargeable-Disposable.png",800,800,false],"1536x1536":["https:\/\/vapestornado.com\/wp-content\/uploads\/2025\/04\/Solaris-25000-Puffs-Rechargeable-Disposable.png",800,800,false],"2048x2048":["https:\/\/vapestornado.com\/wp-content\/uploads\/2025\/04\/Solaris-25000-Puffs-Rechargeable-Disposable.png",800,800,false],"trp-custom-language-flag":["https:\/\/vapestornado.com\/wp-content\/uploads\/2025\/04\/Solaris-25000-Puffs-Rechargeable-Disposable.png",12,12,false],"woocommerce_thumbnail":["https:\/\/vapestornado.com\/wp-content\/uploads\/2025\/04\/Solaris-25000-Puffs-Rechargeable-Disposable-300x300.png",300,300,true],"woocommerce_single":["https:\/\/vapestornado.com\/wp-content\/uploads\/2025\/04\/Solaris-25000-Puffs-Rechargeable-Disposable-600x600.png",600,600,true],"woocommerce_gallery_thumbnail":["https:\/\/vapestornado.com\/wp-content\/uploads\/2025\/04\/Solaris-25000-Puffs-Rechargeable-Disposable-100x100.png",100,100,true]},"uagb_author_info":{"display_name":"ESAMY","author_link":"https:\/\/vapestornado.com\/pt\/author\/"},"uagb_comment_info":0,"uagb_excerpt":"Solaris 25000 Puff\u00a0 Best online Vape store USA Solaris 25000 Puff vape Wholesale Cheap Price Hot Selling Solaris 25000 Puff Disposables Vapor Add Amy's whatsapp to get right reply and discount price! WhatsApp: +86 17776015835 &nbsp;","_links":{"self":[{"href":"https:\/\/vapestornado.com\/pt\/wp-json\/wp\/v2\/product\/4118","targetHints":{"allow":["GET"]}}],"collection":[{"href":"https:\/\/vapestornado.com\/pt\/wp-json\/wp\/v2\/product"}],"about":[{"href":"https:\/\/vapestornado.com\/pt\/wp-json\/wp\/v2\/types\/product"}],"replies":[{"embeddable":true,"href":"https:\/\/vapestornado.com\/pt\/wp-json\/wp\/v2\/comments?post=4118"}],"wp:featuredmedia":[{"embeddable":true,"href":"https:\/\/vapestornado.com\/pt\/wp-json\/wp\/v2\/media\/4114"}],"wp:attachment":[{"href":"https:\/\/vapestornado.com\/pt\/wp-json\/wp\/v2\/media?parent=4118"}],"wp:term":[{"taxonomy":"product_brand","embeddable":true,"href":"https:\/\/vapestornado.com\/pt\/wp-json\/wp\/v2\/product_brand?post=4118"},{"taxonomy":"product_cat","embeddable":true,"href":"https:\/\/vapestornado.com\/pt\/wp-json\/wp\/v2\/product_cat?post=4118"},{"taxonomy":"product_tag","embeddable":true,"href":"https:\/\/vapestornado.com\/pt\/wp-json\/wp\/v2\/product_tag?post=4118"}],"curies":[{"name":"wp","href":"https:\/\/api.w.org\/{rel}","templated":true}]}}