{"id":4103,"date":"2025-04-10T09:29:15","date_gmt":"2025-04-10T09:29:15","guid":{"rendered":"https:\/\/vapestornado.com\/?post_type=product&#038;p=4103"},"modified":"2025-12-02T09:08:48","modified_gmt":"2025-12-02T09:08:48","slug":"bang-leader-45000-puff-45k-cheap-e-cigs-bulk-buy-online","status":"publish","type":"product","link":"https:\/\/vapestornado.com\/pt\/product\/bang-leader-45000-puff-45k-cheap-e-cigs-bulk-buy-online\/","title":{"rendered":"Bang Leader 45000 Puff 45k Cigarros Eletr\u00f3nicos Baratos Compra a Granel Online"},"content":{"rendered":"<h1 data-pm-slice=\"1 1 []\">Bang Leader 45000 Puff 45k Cigarros Eletr\u00f3nicos Baratos Compra a Granel Online<\/h1>\n<p data-start=\"465\" data-end=\"826\">O <strong data-start=\"469\" data-end=\"511\">Bang Leader 45000 Puff Vape Descart\u00e1vel<\/strong> destaca-se como uma das op\u00e7\u00f5es mais potentes e confi\u00e1veis na categoria de vaporizadores descart\u00e1veis de 45.000 Puff. Com uma bateria recarreg\u00e1vel de 650mAh, concentra\u00e7\u00f5es de nicotina de 0%, 2% e 5%, e uma impressionante capacidade de 45.000 puffs, o dispositivo oferece uma experi\u00eancia de vaping duradoura e consistente, perfeita para sess\u00f5es prolongadas.<\/p>\n<h4 data-start=\"828\" data-end=\"878\">1. Bateria de Alto Desempenho e Ecr\u00e3 Inteligente<\/h4>\n<p data-start=\"879\" data-end=\"1303\">Equipado com uma <strong data-start=\"895\" data-end=\"926\">bateria recarreg\u00e1vel de 650mAh<\/strong>, o vaporizador Bang Leader garante que pode desfrutar de sess\u00f5es de vaping prolongadas sem se preocupar com recargas frequentes. Tamb\u00e9m apresenta um <strong data-start=\"1058\" data-end=\"1083\">visor digital inteligente<\/strong> que fornece informa\u00e7\u00f5es em tempo real sobre os n\u00edveis de bateria e de e-l\u00edquido, dando aos utilizadores controlo total durante o uso. Esta funcionalidade elimina as d\u00favidas, ajudando a monitorizar o estado do dispositivo para uma experi\u00eancia sem complica\u00e7\u00f5es.<\/p>\n<h4 data-start=\"1305\" data-end=\"1337\">2. Bobina de Malha Otimizada de 1.0\u03a9<\/h4>\n<p data-start=\"1338\" data-end=\"1634\">O <strong data-start=\"1342\" data-end=\"1360\">resist\u00eancia de malha de 1.0\u03a9<\/strong> usada no vaporizador Bang Leader melhora a produ\u00e7\u00e3o de vapor e garante puxadas suaves e saborosas do in\u00edcio ao fim. O design da bobina de malha oferece maior efici\u00eancia de aquecimento, proporcionando vapor consistente e uniforme durante toda a utiliza\u00e7\u00e3o do dispositivo, melhorando a experi\u00eancia geral de vaping.<\/p>\n<h4 data-start=\"1636\" data-end=\"1672\">3. Sistema de Troca de Dois Sabores<\/h4>\n<p data-start=\"1673\" data-end=\"1877\">Uma caracter\u00edstica de destaque deste vaporizador \u00e9 o seu <strong data-start=\"1712\" data-end=\"1744\">sistema de troca de dois sabores<\/strong>, que permite aos utilizadores alternar instantaneamente entre dois perfis de sabor diferentes. Algumas das combina\u00e7\u00f5es de sabores mais populares incluem:<\/p>\n<ul data-start=\"1878\" data-end=\"2042\">\n<li data-start=\"1878\" data-end=\"1928\">\n<p data-start=\"1880\" data-end=\"1928\"><strong data-start=\"1880\" data-end=\"1928\">Framboesa com Mirtilo<\/strong><\/p>\n<\/li>\n<li data-start=\"1929\" data-end=\"1969\">\n<p data-start=\"1931\" data-end=\"1969\"><strong data-start=\"1931\" data-end=\"1969\">Red Bull<\/strong><\/p>\n<\/li>\n<li data-start=\"1970\" data-end=\"2003\">\n<p data-start=\"1972\" data-end=\"2003\"><strong data-start=\"1972\" data-end=\"2003\">Cola Ice<\/strong><\/p>\n<\/li>\n<li data-start=\"2004\" data-end=\"2042\">\n<p data-start=\"2006\" data-end=\"2042\"><strong data-start=\"2006\" data-end=\"2042\">Blueberry Ice<\/strong><\/p>\n<\/li>\n<\/ul>\n<p data-start=\"2044\" data-end=\"2199\">Este sistema de dois sabores oferece versatilidade, permitindo aos utilizadores desfrutar de uma variedade de sabores num \u00fanico dispositivo, mantendo a experi\u00eancia de vaping emocionante e fresca.<\/p>\n<h4 data-start=\"2201\" data-end=\"2236\">4. Design Compacto e Port\u00e1til<\/h4>\n<p data-start=\"2237\" data-end=\"2544\">O <strong data-start=\"2241\" data-end=\"2267\">Bang Leader 45000 Puff<\/strong> foi concebido para ser compacto e f\u00e1cil de transportar, garantindo conveni\u00eancia para uso em movimento. O seu design ergon\u00f3mico permite aos utilizadores carreg\u00e1-lo facilmente, seja para uso di\u00e1rio ou durante viagens. \u00c9 uma solu\u00e7\u00e3o pr\u00e1tica para quem procura um dispositivo de vaping de alto desempenho e port\u00e1til.<\/p>\n<h4 data-start=\"2546\" data-end=\"2585\">5. Forte Demanda no Mercado Europeu<\/h4>\n<p data-start=\"2586\" data-end=\"2963\">Como um vaporizador descart\u00e1vel premium, o <strong data-start=\"2620\" data-end=\"2646\">Bang Leader 45000 Puff<\/strong> est\u00e1 posicionado para atender \u00e0 crescente procura no mercado europeu. O seu desempenho e funcionalidades fazem dele uma excelente escolha tanto para uso pessoal como para distribui\u00e7\u00e3o por atacado. Para lojas de vaporizadores e revendedores, oferece um forte potencial de procura, <strong data-start=\"2884\" data-end=\"2907\">margens competitivas<\/strong>, e um dispositivo concebido para atrair <strong data-start=\"2942\" data-end=\"2962\">clientes recorrentes<\/strong>.<\/p>\n<h4 data-start=\"2965\" data-end=\"2998\">6. Op\u00e7\u00f5es de For\u00e7a de Nicotina<\/h4>\n<p data-start=\"2999\" data-end=\"3233\">O dispositivo est\u00e1 dispon\u00edvel em tr\u00eas op\u00e7\u00f5es de for\u00e7a de nicotina: <strong data-start=\"3059\" data-end=\"3077\">0%, 2% e 5%<\/strong>, atendendo a uma vasta gama de utilizadores. Quer prefira uma experi\u00eancia sem nicotina ou uma inala\u00e7\u00e3o mais forte, o Bang Leader 45000 Puff tem algo para todos.<\/p>\n<p data-start=\"666\" data-end=\"1235\"><strong style=\"font-size: 16px;\"><span style=\"color: #ff0000;\">Adicione o WhatsApp da Amy para obter uma resposta imediata e um pre\u00e7o com desconto!<\/span><\/strong><\/p>\n<p><img fetchpriority=\"high\" decoding=\"async\" class=\"size-full wp-image-2932\" src=\"https:\/\/vapestornado.com\/wp-content\/uploads\/2024\/12\/Vape-Wholesale.jpg\" alt=\"Vape Atacado\" width=\"229\" height=\"300\" \/><\/p>\n<h3><a href=\"https:\/\/wa.me\/8617776015835\" target=\"_blank\" rel=\"noopener\"><span style=\"color: #ff0000;\"><strong>WhatsApp: +86 17776015835<\/strong><\/span><\/a><\/h3>\n<p>&nbsp;<\/p>\n<h2><strong>Principais Caracter\u00edsticas do Produto Bang Leader 45000<\/strong><\/h2>\n<p>Marca: BANG LEADER<br \/>\nPUFFS: 45000<br \/>\nBateria: 650mah recarreg\u00e1vel<br \/>\nResist\u00eancia: 1.0ohm<br \/>\n2 em 1 sabor duplo<br \/>\nVisor digital para \u00f3leo e bateria<br \/>\nNicotina 0% 2% 5%<\/p>\n<h2 class=\"product-title\"><strong>Vis\u00e3o Geral dos Sabores de Cigarros Eletr\u00f3nicos Descart\u00e1veis Bang Leader 45k<\/strong><\/h2>\n<article class=\"w-full text-token-text-primary focus-visible:outline-2 focus-visible:outline-offset-[-4px]\" dir=\"auto\" data-testid=\"conversation-turn-32\" data-scroll-anchor=\"false\">\n<div class=\"m-auto text-base py-[18px] px-6\">\n<div class=\"mx-auto flex flex-1 text-base gap-4 md:gap-5 lg:gap-6 md:max-w-3xl lg:max-w-[40rem] xl:max-w-[48rem]\">\n<div class=\"group\/conversation-turn relative flex w-full min-w-0 flex-col @xs\/thread:px-0 @sm\/thread:px-1.5 @md\/thread:px-4\">\n<div class=\"flex-col gap-1 md:gap-3\">\n<div class=\"flex max-w-full flex-col flex-grow\">\n<div class=\"min-h-8 text-message flex w-full flex-col items-end gap-2 whitespace-normal break-words text-start [.text-message+&amp;]:mt-5\" dir=\"auto\" data-message-author-role=\"user\" data-message-id=\"ffac41ca-1db4-431b-873a-32c4052956f1\">\n<div class=\"flex w-full flex-col gap-1 empty:hidden items-end rtl:items-start\">\n<div class=\"relative max-w-[var(--user-chat-width,70%)] rounded-3xl bg-token-message-surface px-5 py-2.5\">\n<div class=\"absolute bottom-0 right-full top-0 -mr-3.5 hidden pr-5 pt-2 [.group\/conversation-turn:hover_&amp;]:flex\">\n<div class=\"flex\">\n<article class=\"w-full text-token-text-primary focus-visible:outline-2 focus-visible:outline-offset-[-4px]\" dir=\"auto\" data-testid=\"conversation-turn-39\" data-scroll-anchor=\"true\">\n<div class=\"m-auto text-base py-[18px] px-6\">\n<div class=\"mx-auto flex flex-1 text-base gap-4 md:gap-5 lg:gap-6 md:max-w-3xl lg:max-w-[40rem] xl:max-w-[48rem]\">\n<div class=\"group\/conversation-turn relative flex w-full min-w-0 flex-col agent-turn @xs\/thread:px-0 @sm\/thread:px-1.5 @md\/thread:px-4\">\n<div class=\"flex-col gap-1 md:gap-3\">\n<div class=\"flex max-w-full flex-col flex-grow\">\n<div class=\"min-h-8 text-message flex w-full flex-col items-end gap-2 whitespace-normal break-words text-start [.text-message+&amp;]:mt-5\" dir=\"auto\" data-message-author-role=\"assistant\" data-message-id=\"55a23854-ec57-48dd-bd4f-6118f43d6241\" data-message-model-slug=\"gpt-4o\">\n<div class=\"flex w-full flex-col gap-1 empty:hidden first:pt-[3px]\">\n<div class=\"markdown prose w-full break-words dark:prose-invert light\">\n<p>1. Watermelon Ice<br \/>\n2. Strawberry and Watermelon<br \/>\n3. Strawberry and watermelon<br \/>\n4. Blueberry Raspberry<br \/>\n5. Blueberry Watermelon<br \/>\n6. Gelo de Mirtilo<br \/>\n7. Gelo de Mirtilo<br \/>\n8. Red Bull<br \/>\n9. Red Bull<br \/>\n10. Kiwi Morango<br \/>\n11. Gelo de Cola<br \/>\n12. Gelo de Anan\u00e1s<\/p>\n<figure id=\"attachment_4097\" aria-describedby=\"caption-attachment-4097\" style=\"width: 300px\" class=\"wp-caption alignnone\"><img decoding=\"async\" class=\"size-medium wp-image-4097\" src=\"https:\/\/vapestornado.com\/wp-content\/uploads\/2025\/04\/Bang-45000-Puff-Buy-Vape-Mods-Online-300x300.webp\" alt=\"Bang 45000 Puff Compre Mods de Vape Online\" width=\"300\" height=\"300\" srcset=\"https:\/\/vapestornado.com\/wp-content\/uploads\/2025\/04\/Bang-45000-Puff-Buy-Vape-Mods-Online-300x300.webp 300w, https:\/\/vapestornado.com\/wp-content\/uploads\/2025\/04\/Bang-45000-Puff-Buy-Vape-Mods-Online-150x150.webp 150w, https:\/\/vapestornado.com\/wp-content\/uploads\/2025\/04\/Bang-45000-Puff-Buy-Vape-Mods-Online-768x768.webp 768w, https:\/\/vapestornado.com\/wp-content\/uploads\/2025\/04\/Bang-45000-Puff-Buy-Vape-Mods-Online-600x600.webp 600w, https:\/\/vapestornado.com\/wp-content\/uploads\/2025\/04\/Bang-45000-Puff-Buy-Vape-Mods-Online-100x100.webp 100w, https:\/\/vapestornado.com\/wp-content\/uploads\/2025\/04\/Bang-45000-Puff-Buy-Vape-Mods-Online.webp 800w\" sizes=\"(max-width: 300px) 100vw, 300px\" \/><figcaption id=\"caption-attachment-4097\" class=\"wp-caption-text\">Bang 45000 Puff Compre Mods de Vape Online<\/figcaption><\/figure>\n<\/div>\n<\/div>\n<\/div>\n<\/div>\n<\/div>\n<\/div>\n<\/div>\n<\/div>\n<\/article>\n<\/div>\n<\/div>\n<\/div>\n<\/div>\n<\/div>\n<\/div>\n<\/div>\n<\/div>\n<\/div>\n<\/div>\n<\/article>\n<h2>Por que escolher a Vapestornado \u00e9 o melhor lugar para comprar cigarros eletr\u00f3nicos?<\/h2>\n<div class=\"flex-shrink-0 flex flex-col relative items-end\">\n<div class=\"pt-0\">\n<div class=\"gizmo-bot-avatar flex h-8 w-8 items-center justify-center overflow-hidden rounded-full\">\n<div class=\"relative p-1 rounded-sm flex items-center justify-center bg-token-main-surface-primary text-token-text-primary h-8 w-8\">\n<p>At\u00a0<strong>VapeTornado<\/strong>, orgulhamo-nos de oferecer\u00a0<strong>produtos de vaping premium a pre\u00e7os imbat\u00edveis<\/strong>\u2014e o Bang Leader 45000 Puff 45k n\u00e3o \u00e9 exce\u00e7\u00e3o! Eis por que deve comprar connosco:<\/p>\n<p class=\"\" data-start=\"49\" data-end=\"193\"><strong data-start=\"49\" data-end=\"81\">Pre\u00e7os de Atacado Imbat\u00edveis<\/strong> \u2013 Desfrute das melhores ofertas a granel do mercado, tornando-nos o fornecedor de elei\u00e7\u00e3o para lojas de vape e revendedores em todo o mundo.<\/p>\n<p class=\"\" data-start=\"195\" data-end=\"340\"><strong data-start=\"195\" data-end=\"228\">R\u00e1pido<\/strong> \u2013 Entregamos as suas encomendas de forma r\u00e1pida e segura, com op\u00e7\u00f5es de envio mundial fi\u00e1veis e adaptadas \u00e0s suas necessidades.<\/p>\n<p class=\"\" data-start=\"342\" data-end=\"487\"><strong data-start=\"342\" data-end=\"367\">Produtos Genu\u00ednos 100%<\/strong> \u2013 Diga adeus \u00e0s falsifica\u00e7\u00f5es! Garantimos apenas Bang 45000 Puff Buy Vape original com qualidade e desempenho verificados.<\/p>\n<p class=\"\" data-start=\"489\" data-end=\"627\"><strong data-start=\"489\" data-end=\"516\">Apoio ao Cliente Especializado<\/strong> \u2013 Tem perguntas? A nossa equipa de vape experiente est\u00e1 aqui para si a qualquer momento, garantindo um servi\u00e7o tranquilo e sem complica\u00e7\u00f5es.<\/p>\n<p data-start=\"559\" data-end=\"933\" data-is-last-node=\"\" data-is-only-node=\"\">Tamb\u00e9m temos alguns outros vapes populares com ecr\u00e3 como <a href=\"https:\/\/vapestornado.com\/pt\/product\/wga-legend-ultra-30k-30000-puffs-rechargeable-vape-pod-twins-flavor\/\">WGA Cristal 30000 Puff<\/a>, <a href=\"https:\/\/vapestornado.com\/pt\/product\/waspe-aiviou-3-in-1-60000-puffs-disposable-vape-kit-best-price\/\">WASPE 60000 3 em 1<\/a>, <a href=\"https:\/\/vapestornado.com\/pt\/product\/uzy-crystal-50000-puff-twin-flavor-bulk-vapes-for-cheap\/\">UZY Cristal 50000<\/a>, e mais.<\/p>\n<\/div>\n<div class=\"relative p-1 rounded-sm flex items-center justify-center bg-token-main-surface-primary text-token-text-primary h-8 w-8\">\n<h2>Perguntas Frequentes sobre o Bang Leader 45000 Puffs que Deve Saber<\/h2>\n<p class=\"\" data-start=\"1408\" data-end=\"1608\"><strong data-start=\"1408\" data-end=\"1466\">1. Quanto tempo dura o vape Bang Leader 45000 Puffs?<\/strong><br data-start=\"1466\" data-end=\"1469\" \/>Este dispositivo oferece at\u00e9 <strong data-start=\"1494\" data-end=\"1509\">45000 baforadas<\/strong>, o que pode durar semanas dependendo do seu uso, tornando-o ideal para vaping a longo prazo ou revenda.<\/p>\n<p class=\"\" data-start=\"1610\" data-end=\"1771\"><strong data-start=\"1610\" data-end=\"1659\">2. Posso recarregar o vape Bang Leader 45000?<\/strong><br data-start=\"1659\" data-end=\"1662\" \/>Sim! Vem com uma bateria incorporada de <strong data-start=\"1692\" data-end=\"1723\">bateria recarreg\u00e1vel de 650mAh<\/strong> e uma porta de carregamento Tipo-C para carregamentos r\u00e1pidos.<\/p>\n<p class=\"\" data-start=\"1773\" data-end=\"1986\"><strong data-start=\"1773\" data-end=\"1826\">3. Qual \u00e9 o benef\u00edcio do sistema de sabor duplo?<\/strong><br data-start=\"1826\" data-end=\"1829\" \/>O <strong data-start=\"1833\" data-end=\"1857\">2 em 1 sabor duplo<\/strong> configura\u00e7\u00e3o oferece mais variedade num \u00fanico dispositivo. Pode desfrutar de um sabor, mudar para o outro ou misturar para uma experi\u00eancia de sabor \u00fanica.<\/p>\n<p class=\"\" data-start=\"1988\" data-end=\"2168\"><strong data-start=\"1988\" data-end=\"2047\">4. Existe uma maneira de verificar os n\u00edveis da bateria e do e-l\u00edquido?<\/strong><br data-start=\"2047\" data-end=\"2050\" \/>Absolutamente! O <strong data-start=\"2066\" data-end=\"2091\">visor digital inteligente<\/strong> mostra a vida \u00fatil da bateria e o e-l\u00edquido restante, para que esteja sempre no controlo.<\/p>\n<p class=\"\" data-start=\"2170\" data-end=\"2384\"><strong data-start=\"2170\" data-end=\"2225\">5. Quais s\u00e3o algumas das combina\u00e7\u00f5es de sabores mais populares?<\/strong><br data-start=\"2225\" data-end=\"2228\" \/>As escolhas populares incluem <strong data-start=\"2246\" data-end=\"2277\">Morango Kiwi<\/strong>, <strong data-start=\"2279\" data-end=\"2316\">Mirtilo Gelo<\/strong>e <strong data-start=\"2322\" data-end=\"2354\">Gelo de Anan\u00e1s<\/strong> \u2013 favoritos dos f\u00e3s por uma raz\u00e3o!<\/p>\n<\/div>\n<\/div>\n<\/div>\n<\/div>","protected":false},"excerpt":{"rendered":"<p class=\"LC20lb MBeuO DKV0Md\">Bang Leader 45000 Loja de Cigarros Eletr\u00f3nicos Baratos Grossista Pol\u00f3nia<br \/>\nBang 45000 Puff 45k 2 em 1 Caixa de Vape de Sabor Duplo Pre\u00e7o Grossista<br \/>\nBang Leader Puff 45k ECigs Baratos Comprar a Granel<\/p>\n<p><strong>Adicione o whatsapp da Amy para obter resposta certa e pre\u00e7o de desconto!<\/strong><\/p>\n<p><img fetchpriority=\"high\" decoding=\"async\" class=\"size-full wp-image-2932\" src=\"https:\/\/vapestornado.com\/wp-content\/uploads\/2024\/12\/Vape-Wholesale.jpg\" alt=\"Vape Atacado\" width=\"229\" height=\"300\" \/><\/p>\n<h3><a href=\"https:\/\/wa.me\/8617776015835\"><span style=\"color: #ff0000;\"><strong>WhatsApp: +86 17776015835<\/strong><\/span><\/a><\/h3>\n<p>&nbsp;<\/p>","protected":false},"featured_media":4098,"comment_status":"open","ping_status":"closed","template":"","meta":{"_acf_changed":false,"_uag_custom_page_level_css":"","_lmt_disableupdate":"no","_lmt_disable":"","_monsterinsights_skip_tracking":false,"_monsterinsights_sitenote_active":false,"_monsterinsights_sitenote_note":"","_monsterinsights_sitenote_category":0,"site-sidebar-layout":"default","site-content-layout":"","ast-site-content-layout":"default","site-content-style":"default","site-sidebar-style":"default","ast-global-header-display":"","ast-banner-title-visibility":"","ast-main-header-display":"","ast-hfb-above-header-display":"","ast-hfb-below-header-display":"","ast-hfb-mobile-header-display":"","site-post-title":"","ast-breadcrumbs-content":"","ast-featured-img":"","footer-sml-layout":"","ast-disable-related-posts":"","theme-transparent-header-meta":"default","adv-header-id-meta":"","stick-header-meta":"","header-above-stick-meta":"","header-main-stick-meta":"","header-below-stick-meta":"","astra-migrate-meta-layouts":"set","ast-page-background-enabled":"default","ast-page-background-meta":{"desktop":{"background-color":"","background-image":"","background-repeat":"repeat","background-position":"center center","background-size":"auto","background-attachment":"scroll","background-type":"","background-media":"","overlay-type":"","overlay-color":"","overlay-opacity":"","overlay-gradient":""},"tablet":{"background-color":"","background-image":"","background-repeat":"repeat","background-position":"center center","background-size":"auto","background-attachment":"scroll","background-type":"","background-media":"","overlay-type":"","overlay-color":"","overlay-opacity":"","overlay-gradient":""},"mobile":{"background-color":"","background-image":"","background-repeat":"repeat","background-position":"center center","background-size":"auto","background-attachment":"scroll","background-type":"","background-media":"","overlay-type":"","overlay-color":"","overlay-opacity":"","overlay-gradient":""}},"ast-content-background-meta":{"desktop":{"background-color":"var(--ast-global-color-5)","background-image":"","background-repeat":"repeat","background-position":"center center","background-size":"auto","background-attachment":"scroll","background-type":"","background-media":"","overlay-type":"","overlay-color":"","overlay-opacity":"","overlay-gradient":""},"tablet":{"background-color":"var(--ast-global-color-5)","background-image":"","background-repeat":"repeat","background-position":"center center","background-size":"auto","background-attachment":"scroll","background-type":"","background-media":"","overlay-type":"","overlay-color":"","overlay-opacity":"","overlay-gradient":""},"mobile":{"background-color":"var(--ast-global-color-5)","background-image":"","background-repeat":"repeat","background-position":"center center","background-size":"auto","background-attachment":"scroll","background-type":"","background-media":"","overlay-type":"","overlay-color":"","overlay-opacity":"","overlay-gradient":""}},"_joinchat":{"telephone":"17776015835"}},"product_brand":[],"product_cat":[265,278,154,156,142],"product_tag":[329,327,328,105,198],"class_list":{"0":"post-4103","1":"product","2":"type-product","3":"status-publish","4":"has-post-thumbnail","6":"product_cat-45000-puff","7":"product_cat-bang-leader-vape","8":"product_cat-buy-disposable-vapes-in-netherlands","9":"product_cat-buy-disposable-vapes-in-poland","10":"product_cat-digital-box-disposable-vapes","11":"product_tag-bang-leader-45000","12":"product_tag-bang-leader-45k","13":"product_tag-cheap-e-cigs","14":"product_tag-digital-disposable-vape","15":"product_tag-double-flavor-disposable-vape","16":"desktop-align-left","17":"tablet-align-left","18":"mobile-align-left","20":"first","21":"instock","22":"sale","23":"shipping-taxable","24":"purchasable","25":"product-type-simple"},"acf":[],"uagb_featured_image_src":{"full":["https:\/\/vapestornado.com\/wp-content\/uploads\/2025\/04\/Bang-Leader-45k-45000-Puff-Vape-Box-Cheap-Price.webp",800,800,false],"thumbnail":["https:\/\/vapestornado.com\/wp-content\/uploads\/2025\/04\/Bang-Leader-45k-45000-Puff-Vape-Box-Cheap-Price-150x150.webp",150,150,true],"medium":["https:\/\/vapestornado.com\/wp-content\/uploads\/2025\/04\/Bang-Leader-45k-45000-Puff-Vape-Box-Cheap-Price-300x300.webp",300,300,true],"medium_large":["https:\/\/vapestornado.com\/wp-content\/uploads\/2025\/04\/Bang-Leader-45k-45000-Puff-Vape-Box-Cheap-Price-768x768.webp",768,768,true],"large":["https:\/\/vapestornado.com\/wp-content\/uploads\/2025\/04\/Bang-Leader-45k-45000-Puff-Vape-Box-Cheap-Price.webp",800,800,false],"1536x1536":["https:\/\/vapestornado.com\/wp-content\/uploads\/2025\/04\/Bang-Leader-45k-45000-Puff-Vape-Box-Cheap-Price.webp",800,800,false],"2048x2048":["https:\/\/vapestornado.com\/wp-content\/uploads\/2025\/04\/Bang-Leader-45k-45000-Puff-Vape-Box-Cheap-Price.webp",800,800,false],"trp-custom-language-flag":["https:\/\/vapestornado.com\/wp-content\/uploads\/2025\/04\/Bang-Leader-45k-45000-Puff-Vape-Box-Cheap-Price.webp",12,12,false],"woocommerce_thumbnail":["https:\/\/vapestornado.com\/wp-content\/uploads\/2025\/04\/Bang-Leader-45k-45000-Puff-Vape-Box-Cheap-Price-300x300.webp",300,300,true],"woocommerce_single":["https:\/\/vapestornado.com\/wp-content\/uploads\/2025\/04\/Bang-Leader-45k-45000-Puff-Vape-Box-Cheap-Price-600x600.webp",600,600,true],"woocommerce_gallery_thumbnail":["https:\/\/vapestornado.com\/wp-content\/uploads\/2025\/04\/Bang-Leader-45k-45000-Puff-Vape-Box-Cheap-Price-100x100.webp",100,100,true]},"uagb_author_info":{"display_name":"ESAMY","author_link":"https:\/\/vapestornado.com\/pt\/author\/"},"uagb_comment_info":0,"uagb_excerpt":"Bang Leader 45000 Cheap E Cigs Smoke Shop Wholesale Poland Bang\u00a0 45000 Puff 45k 2 in 1 Double Flavor Vape Box Wholesale Price Bang Leader Puff 45k Cheap ECigs Buy In Bulk Add Amy's whatsapp to get right reply and discount price! WhatsApp: +86 17776015835 &nbsp;","_links":{"self":[{"href":"https:\/\/vapestornado.com\/pt\/wp-json\/wp\/v2\/product\/4103","targetHints":{"allow":["GET"]}}],"collection":[{"href":"https:\/\/vapestornado.com\/pt\/wp-json\/wp\/v2\/product"}],"about":[{"href":"https:\/\/vapestornado.com\/pt\/wp-json\/wp\/v2\/types\/product"}],"replies":[{"embeddable":true,"href":"https:\/\/vapestornado.com\/pt\/wp-json\/wp\/v2\/comments?post=4103"}],"wp:featuredmedia":[{"embeddable":true,"href":"https:\/\/vapestornado.com\/pt\/wp-json\/wp\/v2\/media\/4098"}],"wp:attachment":[{"href":"https:\/\/vapestornado.com\/pt\/wp-json\/wp\/v2\/media?parent=4103"}],"wp:term":[{"taxonomy":"product_brand","embeddable":true,"href":"https:\/\/vapestornado.com\/pt\/wp-json\/wp\/v2\/product_brand?post=4103"},{"taxonomy":"product_cat","embeddable":true,"href":"https:\/\/vapestornado.com\/pt\/wp-json\/wp\/v2\/product_cat?post=4103"},{"taxonomy":"product_tag","embeddable":true,"href":"https:\/\/vapestornado.com\/pt\/wp-json\/wp\/v2\/product_tag?post=4103"}],"curies":[{"name":"wp","href":"https:\/\/api.w.org\/{rel}","templated":true}]}}