{"id":4048,"date":"2025-03-29T10:23:46","date_gmt":"2025-03-29T10:23:46","guid":{"rendered":"https:\/\/vapestornado.com\/?post_type=product&#038;p=4048"},"modified":"2025-08-23T12:02:26","modified_gmt":"2025-08-23T12:02:26","slug":"mesii-vast-energy-30k-30000-puffs-airflow-adjustable-disposable-vape-bar-to-buy-germany","status":"publish","type":"product","link":"https:\/\/vapestornado.com\/pt\/product\/mesii-vast-energy-30k-30000-puffs-airflow-adjustable-disposable-vape-bar-to-buy-germany\/","title":{"rendered":"Mesii Vast Energy 30k 30000 Puffs Barra de Vape Descart\u00e1vel Ajust\u00e1vel com Fluxo de Ar para Comprar na Alemanha"},"content":{"rendered":"<h1 data-pm-slice=\"1 1 []\">Mesii Vast Energy 30k 30000 Puffs Barra de Vape Descart\u00e1vel Ajust\u00e1vel com Fluxo de Ar para Comprar na Alemanha<\/h1>\n<p>O <strong data-start=\"324\" data-end=\"373\">Mesii Vast Energy 30000 Puffs Cigarro eletr\u00f3nico Descart\u00e1vel<\/strong> \u00e9 uma escolha poderosa para grossistas e retalhistas de vape na Alemanha que procuram funcionalidades avan\u00e7adas e valor de compra a granel. Fornecendo at\u00e9 <strong data-start=\"504\" data-end=\"520\">30.000 puffs<\/strong>, este dispositivo combina <strong data-start=\"543\" data-end=\"572\">tecnologia de bobina de malha dupla<\/strong> com <strong data-start=\"578\" data-end=\"600\">fluxo de ar ajust\u00e1vel<\/strong>, dando aos utilizadores a flexibilidade de alternar entre passagens MTL apertadas e nuvens DTL arejadas.<\/p>\n<p>Alimentado por um <strong data-start=\"709\" data-end=\"740\">Bateria recarreg\u00e1vel de 800mAh<\/strong> com <strong data-start=\"746\" data-end=\"770\">carregamento r\u00e1pido Tipo-C<\/strong>, garante um desempenho fi\u00e1vel e um tempo de inatividade m\u00ednimo. O <strong data-start=\"830\" data-end=\"854\">ecr\u00e3 digital completo<\/strong> fornece atualiza\u00e7\u00f5es em tempo real sobre a bateria, os n\u00edveis de e-l\u00edquido e quatro <strong data-start=\"920\" data-end=\"948\">modos de pot\u00eancia personaliz\u00e1veis<\/strong>, permitindo que os utilizadores personalizem o seu estilo de vaping.<\/p>\n<p>Com a sua capacidade de longa dura\u00e7\u00e3o, produ\u00e7\u00e3o de vapor suave e <strong data-start=\"1070\" data-end=\"1103\">pre\u00e7os de atacado competitivos<\/strong>, o Mesii Vast Energy 30K destaca-se como uma excelente op\u00e7\u00e3o a granel para os retalhistas que procuram expandir o seu invent\u00e1rio com uma vape bar descart\u00e1vel premium.<\/p>\n<p data-start=\"666\" data-end=\"1235\"><strong style=\"font-size: 16px;\"><span style=\"color: #ff0000;\">Adicione o WhatsApp da Amy para obter uma resposta imediata e um pre\u00e7o com desconto!<\/span><\/strong><\/p>\n<p><img fetchpriority=\"high\" decoding=\"async\" class=\"size-full wp-image-2932\" src=\"https:\/\/vapestornado.com\/wp-content\/uploads\/2024\/12\/Vape-Wholesale.jpg\" alt=\"Vape Atacado\" width=\"229\" height=\"300\" \/><\/p>\n<h3><a href=\"https:\/\/wa.me\/8617776015835\" target=\"_blank\" rel=\"noopener\"><span style=\"color: #ff0000;\"><strong>WhatsApp: +86 17776015835<\/strong><\/span><\/a><\/h3>\n<p>&nbsp;<\/p>\n<h2><strong>Mesii Vast Energy 30000 Principais Caracter\u00edsticas do Produto<\/strong><\/h2>\n<ul>\n<li class=\"\" data-start=\"589\" data-end=\"738\">\n<p class=\"\" data-start=\"591\" data-end=\"738\"><strong data-start=\"591\" data-end=\"632\">Op\u00e7\u00f5es de Nicotina para Todas as Prefer\u00eancias<\/strong> \u2013 Escolha entre os n\u00edveis de nicotina de 0%, 2%, 3% ou 5% para combinar com o seu estilo de vaping.<\/p>\n<\/li>\n<li class=\"\" data-start=\"739\" data-end=\"834\">\n<p class=\"\" data-start=\"741\" data-end=\"834\"><strong data-start=\"741\" data-end=\"770\">Elevada Capacidade de 30000 Baforadas<\/strong> \u2013 Projetado para uso a longo prazo sem substitui\u00e7\u00f5es frequentes.<\/p>\n<\/li>\n<li class=\"\" data-start=\"835\" data-end=\"940\">\n<p class=\"\" data-start=\"837\" data-end=\"940\"><strong data-start=\"837\" data-end=\"864\">Reservat\u00f3rio de E-l\u00edquido de 30ml<\/strong> \u2013 Desfrute de sess\u00f5es de vaping prolongadas sem a necessidade de recargas constantes.<\/p>\n<\/li>\n<li class=\"\" data-start=\"941\" data-end=\"1081\">\n<p class=\"\" data-start=\"943\" data-end=\"1081\"><strong data-start=\"943\" data-end=\"992\">Bobina de Malha Dupla Avan\u00e7ada com Pot\u00eancia Ajust\u00e1vel<\/strong> \u2013 Melhora a produ\u00e7\u00e3o de vapor e a consist\u00eancia do sabor, permitindo a personaliza\u00e7\u00e3o da pot\u00eancia.<\/p>\n<\/li>\n<li class=\"\" data-start=\"1082\" data-end=\"1203\">\n<p class=\"\" data-start=\"1084\" data-end=\"1203\"><strong data-start=\"1084\" data-end=\"1107\">Ecr\u00e3 Completo<\/strong> \u2013 Mantenha-se informado com um indicador digital de \u00f3leo, n\u00edvel de pot\u00eancia, tempo de vaping e configura\u00e7\u00f5es de pot\u00eancia.<\/p>\n<\/li>\n<li class=\"\" data-start=\"1204\" data-end=\"1334\">\n<p class=\"\" data-start=\"1206\" data-end=\"1334\"><strong data-start=\"1206\" data-end=\"1255\">Controlo de Fluxo de Ar para uma Experi\u00eancia Personalizada<\/strong> \u2013 Ajuste o fluxo de ar para alcan\u00e7ar o equil\u00edbrio perfeito entre sabor e densidade do vapor.<\/p>\n<\/li>\n<li class=\"\" data-start=\"1335\" data-end=\"1434\">\n<p class=\"\" data-start=\"1337\" data-end=\"1434\"><strong data-start=\"1337\" data-end=\"1368\">Bateria Recarreg\u00e1vel de 800mAh<\/strong> \u2013 Suporta <strong data-start=\"1380\" data-end=\"1403\">carregamento r\u00e1pido USB-C<\/strong> para um r\u00e1pido restabelecimento de energia.<\/p>\n<\/li>\n<li class=\"\" data-start=\"1435\" data-end=\"1544\">\n<p class=\"\" data-start=\"1437\" data-end=\"1544\"><strong data-start=\"1437\" data-end=\"1479\">Quatro Modos de Pot\u00eancia (ECO, PLUS, PRO, MAX)<\/strong> \u2013 Personalize a sua intensidade de vaporiza\u00e7\u00e3o para uma experi\u00eancia otimizada.<\/p>\n<\/li>\n<li class=\"\" data-start=\"1545\" data-end=\"1627\">\n<p class=\"\" data-start=\"1547\" data-end=\"1627\"><strong data-start=\"1547\" data-end=\"1585\">Interruptor T\u00e1til<\/strong> \u2013 Adiciona um toque futurista enquanto vaporiza.<\/p>\n<\/li>\n<li class=\"\" data-start=\"1628\" data-end=\"1705\">\n<p class=\"\" data-start=\"1630\" data-end=\"1705\"><strong data-start=\"1630\" data-end=\"1670\">Design de Carca\u00e7a Robusta<\/strong> \u2013 Garante durabilidade e seguran\u00e7a.<\/p>\n<\/li>\n<\/ul>\n<h2 class=\"product-title\"><strong>Mesii Vast Energy 30000 Puff Disposables Kit Lista de Sabores<\/strong><\/h2>\n<article class=\"w-full text-token-text-primary focus-visible:outline-2 focus-visible:outline-offset-[-4px]\" dir=\"auto\" data-testid=\"conversation-turn-32\" data-scroll-anchor=\"false\">\n<div class=\"m-auto text-base py-[18px] px-6\">\n<div class=\"mx-auto flex flex-1 text-base gap-4 md:gap-5 lg:gap-6 md:max-w-3xl lg:max-w-[40rem] xl:max-w-[48rem]\">\n<div class=\"group\/conversation-turn relative flex w-full min-w-0 flex-col @xs\/thread:px-0 @sm\/thread:px-1.5 @md\/thread:px-4\">\n<div class=\"flex-col gap-1 md:gap-3\">\n<div class=\"flex max-w-full flex-col flex-grow\">\n<div class=\"min-h-8 text-message flex w-full flex-col items-end gap-2 whitespace-normal break-words text-start [.text-message+&amp;]:mt-5\" dir=\"auto\" data-message-author-role=\"user\" data-message-id=\"ffac41ca-1db4-431b-873a-32c4052956f1\">\n<div class=\"flex w-full flex-col gap-1 empty:hidden items-end rtl:items-start\">\n<div class=\"relative max-w-[var(--user-chat-width,70%)] rounded-3xl bg-token-message-surface px-5 py-2.5\">\n<div class=\"absolute bottom-0 right-full top-0 -mr-3.5 hidden pr-5 pt-2 [.group\/conversation-turn:hover_&amp;]:flex\">\n<div class=\"flex\">\n<article class=\"w-full text-token-text-primary focus-visible:outline-2 focus-visible:outline-offset-[-4px]\" dir=\"auto\" data-testid=\"conversation-turn-39\" data-scroll-anchor=\"true\">\n<div class=\"m-auto text-base py-[18px] px-6\">\n<div class=\"mx-auto flex flex-1 text-base gap-4 md:gap-5 lg:gap-6 md:max-w-3xl lg:max-w-[40rem] xl:max-w-[48rem]\">\n<div class=\"group\/conversation-turn relative flex w-full min-w-0 flex-col agent-turn @xs\/thread:px-0 @sm\/thread:px-1.5 @md\/thread:px-4\">\n<div class=\"flex-col gap-1 md:gap-3\">\n<div class=\"flex max-w-full flex-col flex-grow\">\n<div class=\"min-h-8 text-message flex w-full flex-col items-end gap-2 whitespace-normal break-words text-start [.text-message+&amp;]:mt-5\" dir=\"auto\" data-message-author-role=\"assistant\" data-message-id=\"55a23854-ec57-48dd-bd4f-6118f43d6241\" data-message-model-slug=\"gpt-4o\">\n<div class=\"flex w-full flex-col gap-1 empty:hidden first:pt-[3px]\">\n<div class=\"markdown prose w-full break-words dark:prose-invert light\">\n<p>1. Melancia Gelada<br \/>\n2.Gelo de Uva<br \/>\n3.Explos\u00e3o de Baga<br \/>\n4.Morango Kiwi<br \/>\n5. Gelo de Framboesa Azul<br \/>\n6.P\u00eassego Gelo<br \/>\n7.Cereja Cola Gelo<br \/>\n8.Ma\u00e7\u00e3 Azeda Gelo<br \/>\n9.Hortel\u00e3 de Miami<br \/>\n10.Lim\u00e3o Lima<br \/>\n11.Morango Melancia<br \/>\n12.Maracuj\u00e1 Laranja Goiaba<br \/>\n13.Framboesa Melancia<br \/>\n14.Anan\u00e1s Manga<br \/>\n15.Pitaya Banana Cereja<\/p>\n<figure id=\"attachment_4014\" aria-describedby=\"caption-attachment-4014\" style=\"width: 800px\" class=\"wp-caption alignnone\"><img decoding=\"async\" class=\"wp-image-4014 size-full\" src=\"https:\/\/vapestornado.com\/wp-content\/uploads\/2025\/03\/Mesii-Vape-30K-Vast-Energy-Bulk-Buy-Price.webp\" alt=\"Mesii Vape 30K Vast Energy Pre\u00e7o de Compra a Granel\" width=\"800\" height=\"800\" srcset=\"https:\/\/vapestornado.com\/wp-content\/uploads\/2025\/03\/Mesii-Vape-30K-Vast-Energy-Bulk-Buy-Price.webp 800w, https:\/\/vapestornado.com\/wp-content\/uploads\/2025\/03\/Mesii-Vape-30K-Vast-Energy-Bulk-Buy-Price-300x300.webp 300w, https:\/\/vapestornado.com\/wp-content\/uploads\/2025\/03\/Mesii-Vape-30K-Vast-Energy-Bulk-Buy-Price-150x150.webp 150w, https:\/\/vapestornado.com\/wp-content\/uploads\/2025\/03\/Mesii-Vape-30K-Vast-Energy-Bulk-Buy-Price-768x768.webp 768w, https:\/\/vapestornado.com\/wp-content\/uploads\/2025\/03\/Mesii-Vape-30K-Vast-Energy-Bulk-Buy-Price-600x600.webp 600w, https:\/\/vapestornado.com\/wp-content\/uploads\/2025\/03\/Mesii-Vape-30K-Vast-Energy-Bulk-Buy-Price-100x100.webp 100w\" sizes=\"(max-width: 800px) 100vw, 800px\" \/><figcaption id=\"caption-attachment-4014\" class=\"wp-caption-text\">Mesii Vape 30K Vast Energy Pre\u00e7o de Compra a Granel<\/figcaption><\/figure>\n<\/div>\n<\/div>\n<\/div>\n<\/div>\n<\/div>\n<\/div>\n<\/div>\n<\/div>\n<\/article>\n<\/div>\n<\/div>\n<\/div>\n<\/div>\n<\/div>\n<\/div>\n<\/div>\n<\/div>\n<\/div>\n<\/div>\n<\/article>\n<h2>Por que escolher a Vapestornado para comprar o Mesii Vast Energy 30k?<\/h2>\n<div class=\"flex-shrink-0 flex flex-col relative items-end\">\n<div class=\"pt-0\">\n<div class=\"gizmo-bot-avatar flex h-8 w-8 items-center justify-center overflow-hidden rounded-full\">\n<div class=\"relative p-1 rounded-sm flex items-center justify-center bg-token-main-surface-primary text-token-text-primary h-8 w-8\">\n<p>At\u00a0<strong>VapeTornado<\/strong>, orgulhamo-nos de oferecer\u00a0<strong>produtos de vaping premium a pre\u00e7os imbat\u00edveis<\/strong>\u2014e o Mesii Vast Energy 30k n\u00e3o \u00e9 exce\u00e7\u00e3o! Eis porque deve comprar-nos:<\/p>\n<p><strong>Melhores Pre\u00e7os Grossistas<\/strong>\u00a0\u2013 Oferecemos\u00a0<strong>pre\u00e7os competitivos a granel<\/strong><span style=\"font-size: 16px;\">, tornando-nos a melhor escolha para revendedores e lojas de vape.<\/span><\/p>\n<p><strong>R\u00e1pido<\/strong>\u00a0\u2013 Receba a sua encomenda entregue\u00a0<strong>de forma r\u00e1pida e segura<\/strong>, com op\u00e7\u00f5es de envio para todo o mundo.<br \/>\n<strong>Produtos Aut\u00eanticos 100%<\/strong>\u00a0\u2013 Sem imita\u00e7\u00f5es\u2014apenas\u00a0<strong>Descart\u00e1veis genu\u00ednos WASPE Triple<\/strong>\u00a0com qualidade verificada.<br \/>\n<strong>Excelente Apoio ao Cliente<\/strong>\u00a0\u2013 Tem perguntas? Os nossos\u00a0<strong>especialistas em vape<\/strong> est\u00e3o prontos para o ajudar 24\/7.<\/p>\n<p data-start=\"559\" data-end=\"933\" data-is-last-node=\"\" data-is-only-node=\"\">Tamb\u00e9m temos alguns outros vapes populares com ecr\u00e3 como <a href=\"https:\/\/vapestornado.com\/pt\/product\/mesii-couple-50k-disposable-shisha-hookah-50000-puffs-vape-with-digital-display\/\">Mesii casal 50000<\/a>, <a href=\"https:\/\/vapestornado.com\/pt\/product\/wholesale-bang-beach-38000-puff-38k-vape-disposable-vaporizer-e-cig-at-cheap-prices\/\">Vape Descart\u00e1vel BANG BEACH<\/a>, <a href=\"https:\/\/vapestornado.com\/pt\/product\/waspe-aiviou-3-in-1-60000-puffs-disposable-vape-kit-best-price\/\">WASPE Triple 60000 Sopros<\/a>, e mais.<\/p>\n<\/div>\n<div class=\"relative p-1 rounded-sm flex items-center justify-center bg-token-main-surface-primary text-token-text-primary h-8 w-8\">\n<h2>FAQs para Bang King 30000<\/h2>\n<p class=\"\" data-start=\"2261\" data-end=\"2438\"><strong data-start=\"2261\" data-end=\"2321\">1. Quanto tempo dura o Mesii Vast Energy 30000 Sopros?<\/strong><br data-start=\"2321\" data-end=\"2324\" \/>Com um <strong data-start=\"2331\" data-end=\"2354\">capacidade de 30000 puffs<\/strong>, este vape foi concebido para uso prolongado, variando com base nos h\u00e1bitos de vaporiza\u00e7\u00e3o pessoais.<\/p>\n<p class=\"\" data-start=\"2440\" data-end=\"2641\"><strong data-start=\"2440\" data-end=\"2491\">2. Posso ajustar as configura\u00e7\u00f5es de pot\u00eancia e fluxo de ar?<\/strong><br data-start=\"2491\" data-end=\"2494\" \/>Sim, o dispositivo apresenta <strong data-start=\"2519\" data-end=\"2539\">quatro modos de pot\u00eancia<\/strong> (ECO, PLUS, PRO, MAX) e <strong data-start=\"2566\" data-end=\"2588\">fluxo de ar ajust\u00e1vel<\/strong>, permitindo-lhe personalizar a sua experi\u00eancia de vaping.<\/p>\n<p class=\"\" data-start=\"2643\" data-end=\"2828\"><strong data-start=\"2643\" data-end=\"2697\">3. Como verifico os n\u00edveis da bateria e do e-l\u00edquido?<\/strong><br data-start=\"2697\" data-end=\"2700\" \/>O <strong data-start=\"2704\" data-end=\"2735\">ecr\u00e3 digital de ecr\u00e3 inteiro<\/strong> fornece atualiza\u00e7\u00f5es em tempo real sobre a vida \u00fatil da bateria, n\u00edveis de \u00f3leo, tempo de vaporiza\u00e7\u00e3o e defini\u00e7\u00f5es de pot\u00eancia.<\/p>\n<p class=\"\" data-start=\"2830\" data-end=\"2989\"><strong data-start=\"2830\" data-end=\"2870\">4. O vape tem carregamento r\u00e1pido?<\/strong><br data-start=\"2870\" data-end=\"2873\" \/>Sim, o <strong data-start=\"2882\" data-end=\"2913\">Bateria recarreg\u00e1vel de 800mAh<\/strong> suporta <strong data-start=\"2923\" data-end=\"2946\">carregamento r\u00e1pido USB-C<\/strong>, garantindo um tempo de inatividade m\u00ednimo entre utiliza\u00e7\u00f5es.<\/p>\n<\/div>\n<\/div>\n<\/div>\n<\/div>","protected":false},"excerpt":{"rendered":"<p class=\"LC20lb MBeuO DKV0Md\">Bang King 30000 Pro Caixa de Vape Descart\u00e1vel \u00e0 Venda<br \/>\nBang King 30000 Puff Vape Box Mod por Grosso<br \/>\nBang King 30000 Melhor Vape por Grosso em Fran\u00e7a<\/p>\n<p><strong>Adicione o whatsapp da Amy para obter resposta certa e pre\u00e7o de desconto!<\/strong><\/p>\n<p><img fetchpriority=\"high\" decoding=\"async\" class=\"size-full wp-image-2932\" src=\"https:\/\/vapestornado.com\/wp-content\/uploads\/2024\/12\/Vape-Wholesale.jpg\" alt=\"Vape Atacado\" width=\"229\" height=\"300\" \/><\/p>\n<h3><a href=\"https:\/\/wa.me\/8617776015835\"><span style=\"color: #ff0000;\"><strong>WhatsApp: +86 17776015835<\/strong><\/span><\/a><\/h3>\n<p>&nbsp;<\/p>","protected":false},"featured_media":4019,"comment_status":"open","ping_status":"closed","template":"","meta":{"_acf_changed":false,"_uag_custom_page_level_css":"","_lmt_disableupdate":"no","_lmt_disable":"","_monsterinsights_skip_tracking":false,"_monsterinsights_sitenote_active":false,"_monsterinsights_sitenote_note":"","_monsterinsights_sitenote_category":0,"site-sidebar-layout":"default","site-content-layout":"","ast-site-content-layout":"default","site-content-style":"default","site-sidebar-style":"default","ast-global-header-display":"","ast-banner-title-visibility":"","ast-main-header-display":"","ast-hfb-above-header-display":"","ast-hfb-below-header-display":"","ast-hfb-mobile-header-display":"","site-post-title":"","ast-breadcrumbs-content":"","ast-featured-img":"","footer-sml-layout":"","ast-disable-related-posts":"","theme-transparent-header-meta":"default","adv-header-id-meta":"","stick-header-meta":"","header-above-stick-meta":"","header-main-stick-meta":"","header-below-stick-meta":"","astra-migrate-meta-layouts":"set","ast-page-background-enabled":"default","ast-page-background-meta":{"desktop":{"background-color":"","background-image":"","background-repeat":"repeat","background-position":"center center","background-size":"auto","background-attachment":"scroll","background-type":"","background-media":"","overlay-type":"","overlay-color":"","overlay-opacity":"","overlay-gradient":""},"tablet":{"background-color":"","background-image":"","background-repeat":"repeat","background-position":"center center","background-size":"auto","background-attachment":"scroll","background-type":"","background-media":"","overlay-type":"","overlay-color":"","overlay-opacity":"","overlay-gradient":""},"mobile":{"background-color":"","background-image":"","background-repeat":"repeat","background-position":"center center","background-size":"auto","background-attachment":"scroll","background-type":"","background-media":"","overlay-type":"","overlay-color":"","overlay-opacity":"","overlay-gradient":""}},"ast-content-background-meta":{"desktop":{"background-color":"var(--ast-global-color-5)","background-image":"","background-repeat":"repeat","background-position":"center center","background-size":"auto","background-attachment":"scroll","background-type":"","background-media":"","overlay-type":"","overlay-color":"","overlay-opacity":"","overlay-gradient":""},"tablet":{"background-color":"var(--ast-global-color-5)","background-image":"","background-repeat":"repeat","background-position":"center center","background-size":"auto","background-attachment":"scroll","background-type":"","background-media":"","overlay-type":"","overlay-color":"","overlay-opacity":"","overlay-gradient":""},"mobile":{"background-color":"var(--ast-global-color-5)","background-image":"","background-repeat":"repeat","background-position":"center center","background-size":"auto","background-attachment":"scroll","background-type":"","background-media":"","overlay-type":"","overlay-color":"","overlay-opacity":"","overlay-gradient":""}},"_joinchat":{"telephone":"17776015835"}},"product_brand":[],"product_cat":[67,149,151,143,277,146],"product_tag":[310,105,309,250,94],"class_list":{"0":"post-4048","1":"product","2":"type-product","3":"status-publish","4":"has-post-thumbnail","6":"product_cat-30000-puff","7":"product_cat-buy-disposable-vapes-in-austria","8":"product_cat-buy-disposable-vapes-in-france","9":"product_cat-dual-mesh-disposable-vapes","10":"product_cat-mesii-vape","11":"product_cat-rechargeable-disposable-vapes","12":"product_tag-airflow-adjustable-disposable-vape","13":"product_tag-digital-disposable-vape","14":"product_tag-mesii-vast-energy-30000","15":"product_tag-puff-30k","16":"product_tag-rechargeable-disposable-vape","17":"desktop-align-left","18":"tablet-align-left","19":"mobile-align-left","21":"first","22":"instock","23":"sale","24":"shipping-taxable","25":"purchasable","26":"product-type-simple"},"acf":[],"uagb_featured_image_src":{"full":["https:\/\/vapestornado.com\/wp-content\/uploads\/2025\/03\/Messi-Vast-Energy-30000-Puff-Disposable-Vape-E-Cig.webp",800,800,false],"thumbnail":["https:\/\/vapestornado.com\/wp-content\/uploads\/2025\/03\/Messi-Vast-Energy-30000-Puff-Disposable-Vape-E-Cig-150x150.webp",150,150,true],"medium":["https:\/\/vapestornado.com\/wp-content\/uploads\/2025\/03\/Messi-Vast-Energy-30000-Puff-Disposable-Vape-E-Cig-300x300.webp",300,300,true],"medium_large":["https:\/\/vapestornado.com\/wp-content\/uploads\/2025\/03\/Messi-Vast-Energy-30000-Puff-Disposable-Vape-E-Cig-768x768.webp",768,768,true],"large":["https:\/\/vapestornado.com\/wp-content\/uploads\/2025\/03\/Messi-Vast-Energy-30000-Puff-Disposable-Vape-E-Cig.webp",800,800,false],"1536x1536":["https:\/\/vapestornado.com\/wp-content\/uploads\/2025\/03\/Messi-Vast-Energy-30000-Puff-Disposable-Vape-E-Cig.webp",800,800,false],"2048x2048":["https:\/\/vapestornado.com\/wp-content\/uploads\/2025\/03\/Messi-Vast-Energy-30000-Puff-Disposable-Vape-E-Cig.webp",800,800,false],"trp-custom-language-flag":["https:\/\/vapestornado.com\/wp-content\/uploads\/2025\/03\/Messi-Vast-Energy-30000-Puff-Disposable-Vape-E-Cig.webp",12,12,false],"woocommerce_thumbnail":["https:\/\/vapestornado.com\/wp-content\/uploads\/2025\/03\/Messi-Vast-Energy-30000-Puff-Disposable-Vape-E-Cig-300x300.webp",300,300,true],"woocommerce_single":["https:\/\/vapestornado.com\/wp-content\/uploads\/2025\/03\/Messi-Vast-Energy-30000-Puff-Disposable-Vape-E-Cig-600x600.webp",600,600,true],"woocommerce_gallery_thumbnail":["https:\/\/vapestornado.com\/wp-content\/uploads\/2025\/03\/Messi-Vast-Energy-30000-Puff-Disposable-Vape-E-Cig-100x100.webp",100,100,true]},"uagb_author_info":{"display_name":"ESAMY","author_link":"https:\/\/vapestornado.com\/pt\/author\/"},"uagb_comment_info":0,"uagb_excerpt":"Bang King 30000 Pro Disposable Vape Box on Sale Wholesale Bang King 30000 Puff Vape Box Mod Wholesale Bang King 30000 Best Vape Wholesale in France Add Amy's whatsapp to get right reply and discount price! WhatsApp: +86 17776015835 &nbsp;","_links":{"self":[{"href":"https:\/\/vapestornado.com\/pt\/wp-json\/wp\/v2\/product\/4048","targetHints":{"allow":["GET"]}}],"collection":[{"href":"https:\/\/vapestornado.com\/pt\/wp-json\/wp\/v2\/product"}],"about":[{"href":"https:\/\/vapestornado.com\/pt\/wp-json\/wp\/v2\/types\/product"}],"replies":[{"embeddable":true,"href":"https:\/\/vapestornado.com\/pt\/wp-json\/wp\/v2\/comments?post=4048"}],"wp:featuredmedia":[{"embeddable":true,"href":"https:\/\/vapestornado.com\/pt\/wp-json\/wp\/v2\/media\/4019"}],"wp:attachment":[{"href":"https:\/\/vapestornado.com\/pt\/wp-json\/wp\/v2\/media?parent=4048"}],"wp:term":[{"taxonomy":"product_brand","embeddable":true,"href":"https:\/\/vapestornado.com\/pt\/wp-json\/wp\/v2\/product_brand?post=4048"},{"taxonomy":"product_cat","embeddable":true,"href":"https:\/\/vapestornado.com\/pt\/wp-json\/wp\/v2\/product_cat?post=4048"},{"taxonomy":"product_tag","embeddable":true,"href":"https:\/\/vapestornado.com\/pt\/wp-json\/wp\/v2\/product_tag?post=4048"}],"curies":[{"name":"wp","href":"https:\/\/api.w.org\/{rel}","templated":true}]}}