{"id":4047,"date":"2025-04-01T10:04:57","date_gmt":"2025-04-01T10:04:57","guid":{"rendered":"https:\/\/vapestornado.com\/?post_type=product&#038;p=4047"},"modified":"2025-08-23T12:00:28","modified_gmt":"2025-08-23T12:00:28","slug":"aivono-fatpro-22000-puffs-shisha-hookah-digital-screen-wholesaledisposables-vape-pod-shop-on-line-copy","status":"publish","type":"product","link":"https:\/\/vapestornado.com\/pt\/product\/aivono-fatpro-22000-puffs-shisha-hookah-digital-screen-wholesaledisposables-vape-pod-shop-on-line-copy\/","title":{"rendered":"AIVONO Fatpro 22000 Puffs Shisha Hookah Ecr\u00e3 Digital Atacado"},"content":{"rendered":"<h1 data-pm-slice=\"1 1 []\">AIVONO Fatpro 22000 Puffs Shisha Hookah Ecr\u00e3 Digital Atacado<\/h1>\n<p class=\"\" data-start=\"1287\" data-end=\"1418\">O <strong data-start=\"310\" data-end=\"362\">AIVONO Fatpro 22000 Puffs Vaporizador Shisha Descart\u00e1vel<\/strong> \u00e9 projetado para distribuidores e lojas de vape que procuram um dispositivo premium e duradouro. Fornecendo at\u00e9 <strong data-start=\"470\" data-end=\"486\">22.000 vaporiza\u00e7\u00f5es<\/strong> com uns generosos <strong data-start=\"503\" data-end=\"529\">capacidade de e-l\u00edquido de 28ml<\/strong>, este vaporizador estilo hookah garante uso prolongado e satisfa\u00e7\u00e3o consistente.<\/p>\n<p>Equipado com uma <strong data-start=\"629\" data-end=\"655\">ecr\u00e3 digital<\/strong>, os utilizadores podem facilmente monitorizar a dura\u00e7\u00e3o da bateria e os n\u00edveis de e-l\u00edquido em tempo real. O <strong data-start=\"733\" data-end=\"762\">tecnologia de resist\u00eancia de malha de 0.6\u03a9<\/strong> melhora a densidade do vapor e a riqueza do sabor, enquanto o <strong data-start=\"817\" data-end=\"845\">Porta recarreg\u00e1vel Tipo-C<\/strong> garante carregamentos r\u00e1pidos.<\/p>\n<p>Dispon\u00edvel em <strong data-start=\"896\" data-end=\"919\">10 sabores excitantes<\/strong>, desde misturas frutadas a op\u00e7\u00f5es geladas e inspiradas em doces, o AIVONO Fatpro 22K atende a diversos gostos. Com a sua combina\u00e7\u00e3o de <strong data-start=\"1047\" data-end=\"1123\">alta contagem de puffs, desempenho confi\u00e1vel e pre\u00e7os de atacado competitivos<\/strong>, \u00e9 uma excelente escolha para retalhistas que expandem o seu invent\u00e1rio com vaporizadores descart\u00e1veis a granel.<\/p>\n<p data-start=\"666\" data-end=\"1235\"><strong style=\"font-size: 16px;\"><span style=\"color: #ff0000;\">Adicione o WhatsApp da Amy para obter uma resposta imediata e um pre\u00e7o com desconto!<\/span><\/strong><\/p>\n<p><img fetchpriority=\"high\" decoding=\"async\" class=\"size-full wp-image-2932\" src=\"https:\/\/vapestornado.com\/wp-content\/uploads\/2024\/12\/Vape-Wholesale.jpg\" alt=\"Vape Atacado\" width=\"229\" height=\"300\" \/><\/p>\n<h3><a href=\"https:\/\/wa.me\/8617776015835\" target=\"_blank\" rel=\"noopener\"><span style=\"color: #ff0000;\"><strong>WhatsApp: +86 17776015835<\/strong><\/span><\/a><\/h3>\n<p>&nbsp;<\/p>\n<h2><strong>Principais Caracter\u00edsticas do Produto AIVONO Fatpro 22000<\/strong><\/h2>\n<ul>\n<li><strong>22.000 Puffs<\/strong>\u00a0\u2013 Um dos vapes descart\u00e1veis com maior dura\u00e7\u00e3o no mercado.<\/li>\n<li><strong>Capacidade de E-Liquid de 28mL<\/strong>\u00a0\u2013 Sem necessidade de recargas, apenas puro prazer de vaping.<\/li>\n<li><strong>Bateria Recarreg\u00e1vel de 600mAh<\/strong>\u00a0(Tecnologia Pure Cobalt Core) \u2013 Energia eficiente para uso prolongado.<\/li>\n<li><strong>Bobina de Malha de 0,6\u03a9<\/strong>\u00a0\u2013 Melhora o sabor e a produ\u00e7\u00e3o de vapor para uma experi\u00eancia premium.<\/li>\n<li><strong>Ecr\u00e3 Digital<\/strong>\u00a0\u2013 Monitoriza a dura\u00e7\u00e3o da bateria e os n\u00edveis de e-liquid para maior conveni\u00eancia.<\/li>\n<li><strong>Carregamento R\u00e1pido Tipo-C<\/strong>\u00a0\u2013 Recarga r\u00e1pida para sess\u00f5es ininterruptas.<\/li>\n<li><strong>Design DTL (Direto para o Pulm\u00e3o)<\/strong>\u00a0\u2013 Ideal para inala\u00e7\u00f5es profundas e satisfat\u00f3rias.<\/li>\n<li><strong>M\u00faltiplas Op\u00e7\u00f5es de Nicotina (0%\/2%\/3%\/5%)<\/strong>\u00a0\u2013 Atendendo a todas as prefer\u00eancias.<\/li>\n<li><strong>Leve<\/strong>\u00a0\u2013 F\u00e1cil de transportar para qualquer lugar.<\/li>\n<li><strong>Venda por grosso<\/strong>\u00a0\u2013 Encomendas em grandes quantidades dispon\u00edveis (200 unidades por caixa).<\/li>\n<\/ul>\n<h2 class=\"product-title\"><strong>Lista de Sabores AIVONO Fatpro 22k Puff Descart\u00e1veis<\/strong><\/h2>\n<article class=\"w-full text-token-text-primary focus-visible:outline-2 focus-visible:outline-offset-[-4px]\" dir=\"auto\" data-testid=\"conversation-turn-32\" data-scroll-anchor=\"false\">\n<div class=\"m-auto text-base py-[18px] px-6\">\n<div class=\"mx-auto flex flex-1 text-base gap-4 md:gap-5 lg:gap-6 md:max-w-3xl lg:max-w-[40rem] xl:max-w-[48rem]\">\n<div class=\"group\/conversation-turn relative flex w-full min-w-0 flex-col @xs\/thread:px-0 @sm\/thread:px-1.5 @md\/thread:px-4\">\n<div class=\"flex-col gap-1 md:gap-3\">\n<div class=\"flex max-w-full flex-col flex-grow\">\n<div class=\"min-h-8 text-message flex w-full flex-col items-end gap-2 whitespace-normal break-words text-start [.text-message+&amp;]:mt-5\" dir=\"auto\" data-message-author-role=\"user\" data-message-id=\"ffac41ca-1db4-431b-873a-32c4052956f1\">\n<div class=\"flex w-full flex-col gap-1 empty:hidden items-end rtl:items-start\">\n<div class=\"relative max-w-[var(--user-chat-width,70%)] rounded-3xl bg-token-message-surface px-5 py-2.5\">\n<div class=\"absolute bottom-0 right-full top-0 -mr-3.5 hidden pr-5 pt-2 [.group\/conversation-turn:hover_&amp;]:flex\">\n<div class=\"flex\">\n<article class=\"w-full text-token-text-primary focus-visible:outline-2 focus-visible:outline-offset-[-4px]\" dir=\"auto\" data-testid=\"conversation-turn-39\" data-scroll-anchor=\"true\">\n<div class=\"m-auto text-base py-[18px] px-6\">\n<div class=\"mx-auto flex flex-1 text-base gap-4 md:gap-5 lg:gap-6 md:max-w-3xl lg:max-w-[40rem] xl:max-w-[48rem]\">\n<div class=\"group\/conversation-turn relative flex w-full min-w-0 flex-col agent-turn @xs\/thread:px-0 @sm\/thread:px-1.5 @md\/thread:px-4\">\n<div class=\"flex-col gap-1 md:gap-3\">\n<div class=\"flex max-w-full flex-col flex-grow\">\n<div class=\"min-h-8 text-message flex w-full flex-col items-end gap-2 whitespace-normal break-words text-start [.text-message+&amp;]:mt-5\" dir=\"auto\" data-message-author-role=\"assistant\" data-message-id=\"55a23854-ec57-48dd-bd4f-6118f43d6241\" data-message-model-slug=\"gpt-4o\">\n<div class=\"flex w-full flex-col gap-1 empty:hidden first:pt-[3px]\">\n<div class=\"markdown prose w-full break-words dark:prose-invert light\">\n<p>Eleve a sua jornada de vaping com o\u00a0<strong>AIVONO Fatpro 22000 Tragados<\/strong>\u00a0e a sua sele\u00e7\u00e3o excecional de sabores artesanais. Cada variante \u00e9 habilmente misturada para proporcionar uma experi\u00eancia distinta e satisfat\u00f3ria, garantindo que cada vaporiza\u00e7\u00e3o seja t\u00e3o memor\u00e1vel quanto a anterior.<\/p>\n<p>1. \u00caxtase de Ma\u00e7\u00e3 G\u00e9mea: Um dueto perfeito de sabores de ma\u00e7\u00e3 vermelha e verde crocantes, combinando do\u00e7ura natural com uma acidez refrescante para uma vaporiza\u00e7\u00e3o revitalizante.<\/p>\n<p>2. Uva Gelada: Uvas roxas suculentas encontram um arrepio de menta estimulante, criando uma mistura sofisticada que \u00e9 simultaneamente frutada e refrescantemente fresca.<\/p>\n<p>3. Melancia \u00c1rtica: Os sabores de melancia ultra-doces s\u00e3o real\u00e7ados por um acabamento de mentol glacial, proporcionando a derradeira sensa\u00e7\u00e3o de saciar a sede.<\/p>\n<p>4. Mistura de Frutos Silvestres Congelados: Uma mistura vibrante de morangos, mirtilos e amoras, finalizada com uma expira\u00e7\u00e3o gelada para um arrepio frutado perfeitamente equilibrado.<\/p>\n<p>5. Pastilha El\u00e1stica de Mirtilo: Uma recria\u00e7\u00e3o divertida da pastilha el\u00e1stica cl\u00e1ssica, repleta de do\u00e7ura aut\u00eantica de mirtilo e um acabamento suave e mastig\u00e1vel.<\/p>\n<p>6. Fus\u00e3o de Frutos Silvestres Rubi: Cerejas deliciosas entrela\u00e7am-se com framboesas picantes, criando um perfil de sabor din\u00e2mico que \u00e9 simultaneamente ousado e irresistivelmente suculento.<\/p>\n<p>7. Para\u00edso de P\u00eassego Gelado: P\u00eassegos maduros e beijados pelo sol s\u00e3o acentuados por uma brisa de mentol gelada, tornando esta uma escapadela tropical durante todo o ano.<\/p>\n<p>8. Elixir Enigma: Uma mistura misteriosa e sedutora de frutos ex\u00f3ticos com subtis tons florais, concebida para intrigar e deliciar os sentidos.<\/p>\n<p>9. Paisagem On\u00edrica: Uma mistura cremosa e em camadas de notas tropicais e de frutos silvestres, oferecendo uma experi\u00eancia de vaporiza\u00e7\u00e3o suave e on\u00edrica.<\/p>\n<p>10. Explos\u00e3o de Morango: Repleto da do\u00e7ura natural de morangos acabados de colher, este sabor oferece um toque brilhante e suculento a cada inspira\u00e7\u00e3o.<\/p>\n<figure id=\"attachment_4020\" aria-describedby=\"caption-attachment-4020\" style=\"width: 800px\" class=\"wp-caption alignnone\"><img decoding=\"async\" class=\"wp-image-4020 size-full\" src=\"https:\/\/vapestornado.com\/wp-content\/uploads\/2025\/03\/AIVONO-22000-Disposable-Puff-Bar.webp\" alt=\"AIVONO 22000 Barra Descart\u00e1vel de Vaporiza\u00e7\u00f5es\" width=\"800\" height=\"800\" srcset=\"https:\/\/vapestornado.com\/wp-content\/uploads\/2025\/03\/AIVONO-22000-Disposable-Puff-Bar.webp 800w, https:\/\/vapestornado.com\/wp-content\/uploads\/2025\/03\/AIVONO-22000-Disposable-Puff-Bar-300x300.webp 300w, https:\/\/vapestornado.com\/wp-content\/uploads\/2025\/03\/AIVONO-22000-Disposable-Puff-Bar-150x150.webp 150w, https:\/\/vapestornado.com\/wp-content\/uploads\/2025\/03\/AIVONO-22000-Disposable-Puff-Bar-768x768.webp 768w, https:\/\/vapestornado.com\/wp-content\/uploads\/2025\/03\/AIVONO-22000-Disposable-Puff-Bar-600x600.webp 600w, https:\/\/vapestornado.com\/wp-content\/uploads\/2025\/03\/AIVONO-22000-Disposable-Puff-Bar-100x100.webp 100w\" sizes=\"(max-width: 800px) 100vw, 800px\" \/><figcaption id=\"caption-attachment-4020\" class=\"wp-caption-text\">AIVONO 22000 Barra Descart\u00e1vel de Vaporiza\u00e7\u00f5es<\/figcaption><\/figure>\n<p>&nbsp;<\/p>\n<\/div>\n<\/div>\n<\/div>\n<\/div>\n<\/div>\n<\/div>\n<\/div>\n<\/div>\n<\/article>\n<\/div>\n<\/div>\n<\/div>\n<\/div>\n<\/div>\n<\/div>\n<\/div>\n<\/div>\n<\/div>\n<\/div>\n<\/article>\n<h2>Por que escolher a Vapestornado para comprar AIVONO Fatpro 22000 Vaporiza\u00e7\u00f5es?<\/h2>\n<div class=\"flex-shrink-0 flex flex-col relative items-end\">\n<div class=\"pt-0\">\n<div class=\"gizmo-bot-avatar flex h-8 w-8 items-center justify-center overflow-hidden rounded-full\">\n<div class=\"relative p-1 rounded-sm flex items-center justify-center bg-token-main-surface-primary text-token-text-primary h-8 w-8\">\n<p>At\u00a0<strong>VapeTornado<\/strong>, orgulhamo-nos de oferecer\u00a0<strong>produtos de vaping premium a pre\u00e7os imbat\u00edveis<\/strong>\u2014e o AIVONO Fatpro 22000 n\u00e3o \u00e9 exce\u00e7\u00e3o! Eis por que deve comprar connosco:<\/p>\n<p><strong>Melhores Pre\u00e7os Grossistas<\/strong>\u00a0\u2013 Oferecemos\u00a0<strong>pre\u00e7os competitivos a granel<\/strong><span style=\"font-size: 16px;\">, tornando-nos a melhor escolha para revendedores e lojas de vape.<\/span><\/p>\n<p><strong>R\u00e1pido<\/strong>\u00a0\u2013 Receba a sua encomenda entregue\u00a0<strong>de forma r\u00e1pida e segura<\/strong>, com op\u00e7\u00f5es de envio para todo o mundo.<br \/>\n<strong>Produtos Aut\u00eanticos 100%<\/strong>\u00a0\u2013 Sem imita\u00e7\u00f5es\u2014apenas\u00a0<strong>Descart\u00e1veis genu\u00ednos WASPE Triple<\/strong>\u00a0com qualidade verificada.<br \/>\n<strong>Excelente Apoio ao Cliente<\/strong>\u00a0\u2013 Tem perguntas? Os nossos\u00a0<strong>especialistas em vape<\/strong> est\u00e3o prontos para o ajudar 24\/7.<\/p>\n<p data-start=\"559\" data-end=\"933\" data-is-last-node=\"\" data-is-only-node=\"\">Tamb\u00e9m temos alguns outros vapes populares com ecr\u00e3 como <a href=\"https:\/\/vapestornado.com\/pt\/product\/vapme-goat-40000-puff-40k-hookah-shisha-pen-price-wholesale-e-cigarette\/\">Vapme Cabra 40000 Shisha<\/a>, <a href=\"https:\/\/vapestornado.com\/pt\/product\/2025-new-vopk-ultra-40000-puffs-double-flavor-disposable-vape-factory-suppliers\/\">VOPK 40000 Vape Descart\u00e1vel 2 em 1<\/a>, <a href=\"https:\/\/vapestornado.com\/pt\/product\/bang-beach-22000-20k-puff-disposable-vape-pen-with-screen-reddit-hot\/\">Bang Praia 22000<\/a>, e mais.<\/p>\n<\/div>\n<div class=\"relative p-1 rounded-sm flex items-center justify-center bg-token-main-surface-primary text-token-text-primary h-8 w-8\">\n<h2>PERGUNTAS FREQUENTES<\/h2>\n<p><strong>1. Quanto tempo dura o AIVONO Fatpro 22000?<\/strong><\/p>\n<p>Com\u00a0<strong>22.000 vaporiza\u00e7\u00f5es<\/strong>, este dispositivo dura significativamente mais do que os descart\u00e1veis padr\u00e3o. Dependendo do uso, pode servir vapers moderados por semanas ou at\u00e9 meses.<\/p>\n<p><strong>2. O AIVONO Fatpro \u00e9 recarreg\u00e1vel?<\/strong><\/p>\n<p>Sim! Possui um\u00a0<strong>Porta recarreg\u00e1vel Tipo-C<\/strong>\u00a0e\u00a0<strong>Bateria de 600mAh<\/strong>, permitindo que utilize totalmente as\u00a0<strong>capacidade de e-l\u00edquido de 28mL<\/strong>\u00a0sem ficar sem energia.<\/p>\n<p><strong>3. Quais s\u00e3o as concentra\u00e7\u00f5es de nicotina dispon\u00edveis?<\/strong><\/p>\n<p>O AIVONO Fatpro oferece\u00a0<strong>0% (sem nicotina), 2%, 3% e 5% de sal de nicotina<\/strong>\u00a0op\u00e7\u00f5es, atendendo a todos os tipos de vapers.<\/p>\n<p><strong>4. Suporta inala\u00e7\u00f5es profundas nos pulm\u00f5es (DTL)?<\/strong><\/p>\n<p>Sim! O\u00a0<strong>bobina de malha de 0,6\u03a9<\/strong>\u00a0e\u00a0<strong>design DTL<\/strong>\u00a0torna-o ideal para inala\u00e7\u00f5es diretas para os pulm\u00f5es, produzindo\u00a0<strong>nuvens suaves e saborosas<\/strong>.<\/p>\n<\/div>\n<\/div>\n<\/div>\n<\/div>","protected":false},"excerpt":{"rendered":"<p class=\"LC20lb MBeuO DKV0Md\">O <strong data-start=\"1217\" data-end=\"1250\">AIVONO Fatpro 22K Vape de Shisha<\/strong> oferece 22.000 puffs, display digital e tecnologia de resist\u00eancia de malha. Uma \u00f3tima escolha para <strong data-start=\"1334\" data-end=\"1359\">encomendas de atacado a granel<\/strong>.<\/p>\n<p><strong>Adicione o whatsapp da Amy para obter resposta certa e pre\u00e7o de desconto!<\/strong><\/p>\n<p><img fetchpriority=\"high\" decoding=\"async\" class=\"size-full wp-image-2932\" src=\"https:\/\/vapestornado.com\/wp-content\/uploads\/2024\/12\/Vape-Wholesale.jpg\" alt=\"Vape Atacado\" width=\"229\" height=\"300\" \/><\/p>\n<h3><a href=\"https:\/\/wa.me\/8617776015835\"><span style=\"color: #ff0000;\"><strong>WhatsApp: +86 17776015835<\/strong><\/span><\/a><\/h3>\n<p>&nbsp;<\/p>","protected":false},"featured_media":4026,"comment_status":"open","ping_status":"closed","template":"","meta":{"_acf_changed":false,"_uag_custom_page_level_css":"","_lmt_disableupdate":"no","_lmt_disable":"","_monsterinsights_skip_tracking":false,"_monsterinsights_sitenote_active":false,"_monsterinsights_sitenote_note":"","_monsterinsights_sitenote_category":0,"site-sidebar-layout":"default","site-content-layout":"","ast-site-content-layout":"default","site-content-style":"default","site-sidebar-style":"default","ast-global-header-display":"","ast-banner-title-visibility":"","ast-main-header-display":"","ast-hfb-above-header-display":"","ast-hfb-below-header-display":"","ast-hfb-mobile-header-display":"","site-post-title":"","ast-breadcrumbs-content":"","ast-featured-img":"","footer-sml-layout":"","ast-disable-related-posts":"","theme-transparent-header-meta":"default","adv-header-id-meta":"","stick-header-meta":"","header-above-stick-meta":"","header-main-stick-meta":"","header-below-stick-meta":"","astra-migrate-meta-layouts":"set","ast-page-background-enabled":"default","ast-page-background-meta":{"desktop":{"background-color":"","background-image":"","background-repeat":"repeat","background-position":"center center","background-size":"auto","background-attachment":"scroll","background-type":"","background-media":"","overlay-type":"","overlay-color":"","overlay-opacity":"","overlay-gradient":""},"tablet":{"background-color":"","background-image":"","background-repeat":"repeat","background-position":"center center","background-size":"auto","background-attachment":"scroll","background-type":"","background-media":"","overlay-type":"","overlay-color":"","overlay-opacity":"","overlay-gradient":""},"mobile":{"background-color":"","background-image":"","background-repeat":"repeat","background-position":"center center","background-size":"auto","background-attachment":"scroll","background-type":"","background-media":"","overlay-type":"","overlay-color":"","overlay-opacity":"","overlay-gradient":""}},"ast-content-background-meta":{"desktop":{"background-color":"var(--ast-global-color-5)","background-image":"","background-repeat":"repeat","background-position":"center center","background-size":"auto","background-attachment":"scroll","background-type":"","background-media":"","overlay-type":"","overlay-color":"","overlay-opacity":"","overlay-gradient":""},"tablet":{"background-color":"var(--ast-global-color-5)","background-image":"","background-repeat":"repeat","background-position":"center center","background-size":"auto","background-attachment":"scroll","background-type":"","background-media":"","overlay-type":"","overlay-color":"","overlay-opacity":"","overlay-gradient":""},"mobile":{"background-color":"var(--ast-global-color-5)","background-image":"","background-repeat":"repeat","background-position":"center center","background-size":"auto","background-attachment":"scroll","background-type":"","background-media":"","overlay-type":"","overlay-color":"","overlay-opacity":"","overlay-gradient":""}},"_joinchat":{"telephone":"17776015835"}},"product_brand":[],"product_cat":[176,154,147],"product_tag":[308,105,284,296,94],"class_list":{"0":"post-4047","1":"product","2":"type-product","3":"status-publish","4":"has-post-thumbnail","6":"product_cat-aivono-vape","7":"product_cat-buy-disposable-vapes-in-netherlands","8":"product_cat-shisha-hookah-disposable-vapes","9":"product_tag-aivono-fatpro-22000","10":"product_tag-digital-disposable-vape","11":"product_tag-disposable-shisha","12":"product_tag-puff-bar","13":"product_tag-rechargeable-disposable-vape","14":"desktop-align-left","15":"tablet-align-left","16":"mobile-align-left","18":"first","19":"instock","20":"sale","21":"shipping-taxable","22":"purchasable","23":"product-type-simple"},"acf":[],"uagb_featured_image_src":{"full":["https:\/\/vapestornado.com\/wp-content\/uploads\/2025\/03\/Wholesale-Vape-Original-Ainovo-Aim-Fatpro-22000-Puffs.webp",800,800,false],"thumbnail":["https:\/\/vapestornado.com\/wp-content\/uploads\/2025\/03\/Wholesale-Vape-Original-Ainovo-Aim-Fatpro-22000-Puffs-150x150.webp",150,150,true],"medium":["https:\/\/vapestornado.com\/wp-content\/uploads\/2025\/03\/Wholesale-Vape-Original-Ainovo-Aim-Fatpro-22000-Puffs-300x300.webp",300,300,true],"medium_large":["https:\/\/vapestornado.com\/wp-content\/uploads\/2025\/03\/Wholesale-Vape-Original-Ainovo-Aim-Fatpro-22000-Puffs-768x768.webp",768,768,true],"large":["https:\/\/vapestornado.com\/wp-content\/uploads\/2025\/03\/Wholesale-Vape-Original-Ainovo-Aim-Fatpro-22000-Puffs.webp",800,800,false],"1536x1536":["https:\/\/vapestornado.com\/wp-content\/uploads\/2025\/03\/Wholesale-Vape-Original-Ainovo-Aim-Fatpro-22000-Puffs.webp",800,800,false],"2048x2048":["https:\/\/vapestornado.com\/wp-content\/uploads\/2025\/03\/Wholesale-Vape-Original-Ainovo-Aim-Fatpro-22000-Puffs.webp",800,800,false],"trp-custom-language-flag":["https:\/\/vapestornado.com\/wp-content\/uploads\/2025\/03\/Wholesale-Vape-Original-Ainovo-Aim-Fatpro-22000-Puffs.webp",12,12,false],"woocommerce_thumbnail":["https:\/\/vapestornado.com\/wp-content\/uploads\/2025\/03\/Wholesale-Vape-Original-Ainovo-Aim-Fatpro-22000-Puffs-300x300.webp",300,300,true],"woocommerce_single":["https:\/\/vapestornado.com\/wp-content\/uploads\/2025\/03\/Wholesale-Vape-Original-Ainovo-Aim-Fatpro-22000-Puffs-600x600.webp",600,600,true],"woocommerce_gallery_thumbnail":["https:\/\/vapestornado.com\/wp-content\/uploads\/2025\/03\/Wholesale-Vape-Original-Ainovo-Aim-Fatpro-22000-Puffs-100x100.webp",100,100,true]},"uagb_author_info":{"display_name":"ESAMY","author_link":"https:\/\/vapestornado.com\/pt\/author\/"},"uagb_comment_info":0,"uagb_excerpt":"The AIVONO Fatpro 22K Shisha Vape offers 22,000 puffs, digital display, and mesh coil technology. A great choice for bulk wholesale orders. Add Amy's whatsapp to get right reply and discount price! WhatsApp: +86 17776015835 &nbsp;","_links":{"self":[{"href":"https:\/\/vapestornado.com\/pt\/wp-json\/wp\/v2\/product\/4047","targetHints":{"allow":["GET"]}}],"collection":[{"href":"https:\/\/vapestornado.com\/pt\/wp-json\/wp\/v2\/product"}],"about":[{"href":"https:\/\/vapestornado.com\/pt\/wp-json\/wp\/v2\/types\/product"}],"replies":[{"embeddable":true,"href":"https:\/\/vapestornado.com\/pt\/wp-json\/wp\/v2\/comments?post=4047"}],"wp:featuredmedia":[{"embeddable":true,"href":"https:\/\/vapestornado.com\/pt\/wp-json\/wp\/v2\/media\/4026"}],"wp:attachment":[{"href":"https:\/\/vapestornado.com\/pt\/wp-json\/wp\/v2\/media?parent=4047"}],"wp:term":[{"taxonomy":"product_brand","embeddable":true,"href":"https:\/\/vapestornado.com\/pt\/wp-json\/wp\/v2\/product_brand?post=4047"},{"taxonomy":"product_cat","embeddable":true,"href":"https:\/\/vapestornado.com\/pt\/wp-json\/wp\/v2\/product_cat?post=4047"},{"taxonomy":"product_tag","embeddable":true,"href":"https:\/\/vapestornado.com\/pt\/wp-json\/wp\/v2\/product_tag?post=4047"}],"curies":[{"name":"wp","href":"https:\/\/api.w.org\/{rel}","templated":true}]}}