{"id":4013,"date":"2025-03-27T09:03:34","date_gmt":"2025-03-27T09:03:34","guid":{"rendered":"https:\/\/vapestornado.com\/?post_type=product&#038;p=4013"},"modified":"2025-12-16T09:46:56","modified_gmt":"2025-12-16T09:46:56","slug":"waspe-aiviou-3-in-1-60000-puffs-disposable-vape-kit-best-price","status":"publish","type":"product","link":"https:\/\/vapestornado.com\/pt\/product\/waspe-aiviou-3-in-1-60000-puffs-disposable-vape-kit-best-price\/","title":{"rendered":"Waspe Aiviou 3 em 1 60000 Puffs Kit Vape Descart\u00e1vel Melhor Pre\u00e7o"},"content":{"rendered":"<h1 data-pm-slice=\"1 1 []\">Kit de Vape Dispositivo Descart\u00e1vel Waspe 60000 Puffs 3 Sabores Alternativos + 54ml de E-L\u00edquido<\/h1>\n<p data-start=\"1232\" data-end=\"1466\">O <strong data-start=\"99\" data-end=\"134\">Waspe Aiviou 3 em 1 60000 Puffs<\/strong> foi criado para homens que n\u00e3o querem carregar dois ou tr\u00eas dispositivos apenas para evitar o t\u00e9dio de sabores. Voc\u00ea recebe <strong data-start=\"236\" data-end=\"279\">tr\u00eas c\u00e1psulas pr\u00e9-cheias de 18ml (54ml no total)<\/strong> em um s\u00f3 corpo, um <strong data-start=\"295\" data-end=\"320\">interruptor de sabores triplo<\/strong>e <strong data-start=\"326\" data-end=\"356\">desempenho de bobina de malha de 0,9\u03a9<\/strong> que permanece suave mesmo quando \u00e9 usado intensamente. Adicione o <strong data-start=\"410\" data-end=\"425\">ecr\u00e3 LED<\/strong> e <strong data-start=\"430\" data-end=\"468\">bateria recarreg\u00e1vel Type-C de 650mAh<\/strong>, e torna-se uma configura\u00e7\u00e3o de longa dura\u00e7\u00e3o que voc\u00ea pode realmente gerir dia a dia\u2014sem adivinha\u00e7\u00f5es, sem desperd\u00edcio de l\u00edquido.<\/p>\n<h3 data-start=\"772\" data-end=\"823\">Por que o Waspe 60000 Puff destaca-se entre os descart\u00e1veis de alta capacidade?<\/h3>\n<ul data-start=\"825\" data-end=\"2411\">\n<li data-start=\"825\" data-end=\"1147\">\n<p data-start=\"827\" data-end=\"1147\"><strong data-start=\"827\" data-end=\"866\">3 sabores sem precisar de extras.<\/strong> Isto <strong data-start=\"872\" data-end=\"900\">Vape descart\u00e1vel de 3 sabores<\/strong> usa um verdadeiro <strong data-start=\"913\" data-end=\"940\">sistema de troca 3-em-1<\/strong>, para que possa alternar entre perfis quando o seu gosto mudar. Para muitos utilizadores, essa \u00e9 a diferen\u00e7a entre terminar um dispositivo de alta capacidade e abandon\u00e1-lo a meio porque um sabor se torna cansativo.<\/p>\n<\/li>\n<li data-start=\"1149\" data-end=\"1502\">\n<p data-start=\"1151\" data-end=\"1502\"><strong data-start=\"1151\" data-end=\"1199\">Verdadeira resist\u00eancia apoiada por volume real de l\u00edquido.<\/strong> <strong data-start=\"1200\" data-end=\"1221\">Waspe 60000 Puffs<\/strong> n\u00e3o \u00e9 apenas um grande n\u00famero na embalagem\u2014<strong data-start=\"1257\" data-end=\"1274\">54ml (3\u00d718ml)<\/strong> \u00e9 dimensionado para uso a longo prazo. \u00c9 por isso que tem uma boa aceita\u00e7\u00e3o em mercados de alta rotatividade como <strong data-start=\"1361\" data-end=\"1416\">Pol\u00f3nia, Alemanha, Espanha, Fran\u00e7a e Pa\u00edses Baixos<\/strong>, especialmente para compradores que desejam menos substitui\u00e7\u00f5es e um custo por dia mais previs\u00edvel.<\/p>\n<\/li>\n<li data-start=\"1504\" data-end=\"1775\">\n<p data-start=\"1506\" data-end=\"1775\"><strong data-start=\"1506\" data-end=\"1551\">Estabilidade da bobina de malha durante sess\u00f5es longas.<\/strong> Com <strong data-start=\"1557\" data-end=\"1581\">Bobinas de malha de 0,9\u03a9 (\u00d73)<\/strong>, o vapor permanece suave e o sabor mant\u00e9m-se claro mais profundamente nos cartuchos. Isto \u00e9 importante para utilizadores intensivos que inalam continuamente\u2014o aquecimento por malha reduz a aresta aguda e seca que bobinas mais baratas podem desenvolver com o tempo.<\/p>\n<\/li>\n<li data-start=\"1777\" data-end=\"2070\">\n<p data-start=\"1779\" data-end=\"2070\"><strong data-start=\"1779\" data-end=\"1816\">O visor LED mant\u00e9m-no no controlo.<\/strong> O visor inteligente mostra o estado da bateria e do e-l\u00edquido, para que saiba se est\u00e1 pronto para um dia de trabalho longo ou se deve carregar primeiro. Este \u00e9 o tipo de detalhe pr\u00e1tico que as pessoas esperam de dispositivos que competem em <strong data-start=\"2027\" data-end=\"2055\">Classifica\u00e7\u00e3o de cigarro eletr\u00f3nico 2025<\/strong> conversas.<\/p>\n<\/li>\n<li data-start=\"2072\" data-end=\"2411\">\n<p data-start=\"2074\" data-end=\"2411\"><strong data-start=\"2074\" data-end=\"2129\">Conveni\u00eancia recarreg\u00e1vel que supera compras por impulso.<\/strong> Se a sua rotina envolve \u201c<strong data-start=\"2156\" data-end=\"2174\">Comprar cigarros<\/strong>\u201d paragens ou substitui\u00e7\u00f5es de \u00faltima hora, o design recarreg\u00e1vel Type-C ajuda a cortar esse ciclo. Para muitos clientes que <strong data-start=\"2287\" data-end=\"2310\">Compram vapor em Portugal<\/strong>, o valor \u00e9 simples: um dispositivo dura mais tempo, e voc\u00ea recarrega em vez de comprar novamente a cada poucos dias.<\/p>\n<\/li>\n<\/ul>\n<p data-start=\"666\" data-end=\"1235\"><strong style=\"font-size: 16px;\"><span style=\"color: #ff0000;\">Adicione o WhatsApp da Amy para obter uma resposta imediata e um pre\u00e7o com desconto!<\/span><\/strong><\/p>\n<p><img fetchpriority=\"high\" decoding=\"async\" class=\"size-full wp-image-2932\" src=\"https:\/\/vapestornado.com\/wp-content\/uploads\/2024\/12\/Vape-Wholesale.jpg\" alt=\"Vape Atacado\" width=\"229\" height=\"300\" \/><\/p>\n<h3><a href=\"https:\/\/wa.me\/8617776015835\" target=\"_blank\" rel=\"noopener\"><span style=\"color: #ff0000;\"><strong>WhatsApp: +86 17776015835<\/strong><\/span><\/a><\/h3>\n<p>&nbsp;<\/p>\n<h2><strong>Caracter\u00edsticas principais do produto Waspe Aiviou 3 em 1 60000 Puffs<\/strong><\/h2>\n<table>\n<thead>\n<tr>\n<th>Recurso<\/th>\n<th>especifica\u00e7\u00e3o<\/th>\n<th>como funciona<\/th>\n<\/tr>\n<\/thead>\n<tbody>\n<tr>\n<td>Nome do Produto<\/td>\n<td>Waspe Aiviou 3 em 1 60000 Puffs<\/td>\n<td>Kit de vaporizador descart\u00e1vel com triplo cartucho e troca de sabores.<\/td>\n<\/tr>\n<tr>\n<td>Capacidade de Puffs<\/td>\n<td>At\u00e9 60.000 tragadas<\/td>\n<td>Sa\u00edda de alta capacidade projetada para reduzir a frequ\u00eancia de substitui\u00e7\u00e3o.<\/td>\n<\/tr>\n<tr>\n<td>Sistema de Sabor<\/td>\n<td>Troca de sabor tripla 3-em-1<\/td>\n<td>Permite trocar de sabores instantaneamente sem trocar de dispositivo.<\/td>\n<\/tr>\n<tr>\n<td>Volume de E-l\u00edquido<\/td>\n<td>Total de 54ml (cartuchos de 18ml \u00d73)<\/td>\n<td>Grande fornecimento de l\u00edquido suporta uma longa vida \u00fatil e sess\u00f5es prolongadas.<\/td>\n<\/tr>\n<tr>\n<td>Sistema de Bobinas<\/td>\n<td>Bobina de malha de 0,9\u03a9 \u00d73<\/td>\n<td>Aquecimento uniforme melhora a suavidade e ajuda a manter o sabor consistente.<\/td>\n<\/tr>\n<tr>\n<td>Bateria<\/td>\n<td>Recarreg\u00e1vel de 650mAh<\/td>\n<td>Recarregar evita o descarte precoce antes de o l\u00edquido acabar.<\/td>\n<\/tr>\n<tr>\n<td>Carregamento<\/td>\n<td>carregamento r\u00e1pido Tipo-C<\/td>\n<td>Reabastecimentos r\u00e1pidos com cabos modernos comumente usados em Portugal.<\/td>\n<\/tr>\n<tr>\n<td>Ecr\u00e3<\/td>\n<td>Indicador LED de bateria e l\u00edquido<\/td>\n<td>Mostra o estado claramente para evitar surpresas durante o uso di\u00e1rio.<\/td>\n<\/tr>\n<tr>\n<td>Op\u00e7\u00f5es de Nicotina<\/td>\n<td>0% \/ 2% \/ 5%<\/td>\n<td>Sem nicotina, baixo ou mais forte impacto na garganta, dependendo da prefer\u00eancia.<\/td>\n<\/tr>\n<\/tbody>\n<\/table>\n<h2 class=\"product-title\"><strong>Lista de sabores dos Pods Descart\u00e1veis WASPE 60K 60000 Puffs<\/strong><\/h2>\n<article class=\"w-full text-token-text-primary focus-visible:outline-2 focus-visible:outline-offset-[-4px]\" dir=\"auto\" data-testid=\"conversation-turn-32\" data-scroll-anchor=\"false\">\n<div class=\"m-auto text-base py-[18px] px-6\">\n<div class=\"mx-auto flex flex-1 text-base gap-4 md:gap-5 lg:gap-6 md:max-w-3xl lg:max-w-[40rem] xl:max-w-[48rem]\">\n<div class=\"group\/conversation-turn relative flex w-full min-w-0 flex-col @xs\/thread:px-0 @sm\/thread:px-1.5 @md\/thread:px-4\">\n<div class=\"flex-col gap-1 md:gap-3\">\n<div class=\"flex max-w-full flex-col flex-grow\">\n<div class=\"min-h-8 text-message flex w-full flex-col items-end gap-2 whitespace-normal break-words text-start [.text-message+&amp;]:mt-5\" dir=\"auto\" data-message-author-role=\"user\" data-message-id=\"ffac41ca-1db4-431b-873a-32c4052956f1\">\n<div class=\"flex w-full flex-col gap-1 empty:hidden items-end rtl:items-start\">\n<div class=\"relative max-w-[var(--user-chat-width,70%)] rounded-3xl bg-token-message-surface px-5 py-2.5\">\n<div class=\"absolute bottom-0 right-full top-0 -mr-3.5 hidden pr-5 pt-2 [.group\/conversation-turn:hover_&amp;]:flex\">\n<div class=\"flex\">\n<article class=\"w-full text-token-text-primary focus-visible:outline-2 focus-visible:outline-offset-[-4px]\" dir=\"auto\" data-testid=\"conversation-turn-39\" data-scroll-anchor=\"true\">\n<div class=\"m-auto text-base py-[18px] px-6\">\n<div class=\"mx-auto flex flex-1 text-base gap-4 md:gap-5 lg:gap-6 md:max-w-3xl lg:max-w-[40rem] xl:max-w-[48rem]\">\n<div class=\"group\/conversation-turn relative flex w-full min-w-0 flex-col agent-turn @xs\/thread:px-0 @sm\/thread:px-1.5 @md\/thread:px-4\">\n<div class=\"flex-col gap-1 md:gap-3\">\n<div class=\"flex max-w-full flex-col flex-grow\">\n<div class=\"min-h-8 text-message flex w-full flex-col items-end gap-2 whitespace-normal break-words text-start [.text-message+&amp;]:mt-5\" dir=\"auto\" data-message-author-role=\"assistant\" data-message-id=\"55a23854-ec57-48dd-bd4f-6118f43d6241\" data-message-model-slug=\"gpt-4o\">\n<div class=\"flex w-full flex-col gap-1 empty:hidden first:pt-[3px]\">\n<div class=\"markdown prose w-full break-words dark:prose-invert light\">\n<p>1.Melancia Gelada<br \/>\n2. Morango Melancia<br \/>\n3. Mirtilo Gelo<br \/>\n4. Morango Framboesa Cereja<br \/>\n5. P\u00eassego Gelo<br \/>\n6. Red Bull Gelo<br \/>\n7. Bagas Mistas<br \/>\n8. Triplo Mel\u00e3o Gelo<br \/>\n9. Uva Gelo<br \/>\n10. Morango Banana<br \/>\n11. Cereja Cola Gelo<br \/>\n12. Mirtilo e Framboesa<\/p>\n<figure id=\"attachment_4688\" aria-describedby=\"caption-attachment-4688\" style=\"width: 225px\" class=\"wp-caption alignnone\"><img decoding=\"async\" class=\"size-medium wp-image-4688\" src=\"https:\/\/vapestornado.com\/wp-content\/uploads\/2025\/12\/WASPE-60000-PUFF-3-IN-1-Diposable-Vape-All-Flaovr-225x300.jpg\" alt=\"Waspe Aiviou 3 em 1 60000 Puffs Vape Dispositivo Descart\u00e1vel Todas as Sabores\" width=\"225\" height=\"300\" srcset=\"https:\/\/vapestornado.com\/wp-content\/uploads\/2025\/12\/WASPE-60000-PUFF-3-IN-1-Diposable-Vape-All-Flaovr-225x300.jpg 225w, https:\/\/vapestornado.com\/wp-content\/uploads\/2025\/12\/WASPE-60000-PUFF-3-IN-1-Diposable-Vape-All-Flaovr-768x1024.jpg 768w, https:\/\/vapestornado.com\/wp-content\/uploads\/2025\/12\/WASPE-60000-PUFF-3-IN-1-Diposable-Vape-All-Flaovr-1152x1536.jpg 1152w, https:\/\/vapestornado.com\/wp-content\/uploads\/2025\/12\/WASPE-60000-PUFF-3-IN-1-Diposable-Vape-All-Flaovr-9x12.jpg 9w, https:\/\/vapestornado.com\/wp-content\/uploads\/2025\/12\/WASPE-60000-PUFF-3-IN-1-Diposable-Vape-All-Flaovr-600x800.jpg 600w, https:\/\/vapestornado.com\/wp-content\/uploads\/2025\/12\/WASPE-60000-PUFF-3-IN-1-Diposable-Vape-All-Flaovr.jpg 1280w\" sizes=\"(max-width: 225px) 100vw, 225px\" \/><figcaption id=\"caption-attachment-4688\" class=\"wp-caption-text\">Waspe Aiviou 3 em 1 60000 Puffs Vape Dispositivo Descart\u00e1vel Todas as Sabores<\/figcaption><\/figure>\n<\/div>\n<\/div>\n<\/div>\n<\/div>\n<\/div>\n<\/div>\n<\/div>\n<\/div>\n<\/article>\n<\/div>\n<\/div>\n<\/div>\n<\/div>\n<\/div>\n<\/div>\n<\/div>\n<\/div>\n<\/div>\n<\/div>\n<\/article>\n<h2>Por que escolher a Vapestornado para comprar o Waspe 60k Puffs?<\/h2>\n<div class=\"flex-shrink-0 flex flex-col relative items-end\">\n<div class=\"pt-0\">\n<div class=\"gizmo-bot-avatar flex h-8 w-8 items-center justify-center overflow-hidden rounded-full\">\n<div class=\"relative p-1 rounded-sm flex items-center justify-center bg-token-main-surface-primary text-token-text-primary h-8 w-8\">\n<p>At\u00a0<strong>VapeTornado<\/strong>, orgulhamo-nos de oferecer\u00a0<strong>produtos de vaping premium a pre\u00e7os imbat\u00edveis<\/strong>\u2014e o Waspe Aiviou 3 em 1 60000 puffs n\u00e3o \u00e9 exce\u00e7\u00e3o! Eis porque deve comprar connosco:<\/p>\n<p><strong>Melhores Pre\u00e7os Grossistas<\/strong>\u00a0\u2013 Oferecemos\u00a0<strong>pre\u00e7os competitivos a granel<\/strong><span style=\"font-size: 16px;\">, tornando-nos a melhor escolha para revendedores e lojas de vape.<\/span><\/p>\n<p><strong>R\u00e1pido<\/strong>\u00a0\u2013 Receba a sua encomenda entregue\u00a0<strong>de forma r\u00e1pida e segura<\/strong>, com op\u00e7\u00f5es de envio para todo o mundo.<br \/>\n<strong>Produtos Aut\u00eanticos 100%<\/strong>\u00a0\u2013 Sem imita\u00e7\u00f5es\u2014apenas\u00a0<strong>Descart\u00e1veis genu\u00ednos WASPE Triple<\/strong>\u00a0com qualidade verificada.<br \/>\n<strong>Excelente Apoio ao Cliente<\/strong>\u00a0\u2013 Tem perguntas? Os nossos\u00a0<strong>especialistas em vape<\/strong> est\u00e3o prontos para o ajudar 24\/7.<\/p>\n<p><strong>N\u00e3o espere \u2014 encomende j\u00e1 o seu Waspe Aiviou 3 em 1 60000 puffs da VapeTornado e desfrute da m\u00e1xima satisfa\u00e7\u00e3o de vaporiza\u00e7\u00e3o!<\/strong><\/p>\n<p data-start=\"559\" data-end=\"933\" data-is-last-node=\"\" data-is-only-node=\"\">Tamb\u00e9m temos alguns outros vapes populares com ecr\u00e3 como <a href=\"https:\/\/vapestornado.com\/pt\/product\/mesii-couple-50k-disposable-shisha-hookah-50000-puffs-vape-with-digital-display\/\">Mesii casal 50000<\/a>, <a href=\"https:\/\/vapestornado.com\/pt\/product\/vopk-cool-9000-puffs-disposable-vapes-bar-puff-9k\/\">VOPK 9000 Puff Vape Descart\u00e1vel<\/a>, <a href=\"https:\/\/vapestornado.com\/pt\/product\/bang-beach-22000-20k-puff-disposable-vape-pen-with-screen-reddit-hot\/\">Bang Praia 22000<\/a>, e mais.<\/p>\n<\/div>\n<div class=\"relative p-1 rounded-sm flex items-center justify-center bg-token-main-surface-primary text-token-text-primary h-8 w-8\">\n<h2>PERGUNTAS FREQUENTES<\/h2>\n<ol data-start=\"3497\" data-end=\"4811\">\n<li data-start=\"3497\" data-end=\"3746\">\n<p data-start=\"3500\" data-end=\"3746\"><strong data-start=\"3500\" data-end=\"3596\">Como funciona a troca de triplo sabor do Waspe Aiviou 3 em 1 60000 Puffs durante o uso di\u00e1rio?<\/strong><br data-start=\"3596\" data-end=\"3599\" \/>Foi projetado para rota\u00e7\u00e3o r\u00e1pida de sabores dentro de um dispositivo, para que possa mudar o sabor sob demanda sem precisar carregar m\u00faltiplos vapes ou trocar hardware.<\/p>\n<\/li>\n<li data-start=\"3748\" data-end=\"4006\">\n<p data-start=\"3751\" data-end=\"4006\"><strong data-start=\"3751\" data-end=\"3847\">O setup do Waspe 60000 Puffs 54ml (3\u00d718ml) realmente dura mais do que os descart\u00e1veis padr\u00e3o?<\/strong><br data-start=\"3847\" data-end=\"3850\" \/>Sim \u2014 54ml de l\u00edquido total \u00e9 uma grande raz\u00e3o para durar mais. A vida \u00fatil real depende do comprimento e frequ\u00eancia de puxada, mas a capacidade \u00e9 dimensionada para uso prolongado.<\/p>\n<\/li>\n<li data-start=\"4008\" data-end=\"4250\">\n<p data-start=\"4011\" data-end=\"4250\"><strong data-start=\"4011\" data-end=\"4109\">Como os bobinas de malha de 0,9\u03a9 no vape descart\u00e1vel de 3 sabores afetam a suavidade do vapor ao longo do tempo?<\/strong><br data-start=\"4109\" data-end=\"4112\" \/>Bobinas de malha aquecem de forma mais uniforme do que bobinas de fio b\u00e1sico, o que ajuda a manter o vapor mais suave e reduz a aspereza durante sess\u00f5es intensas e repetidas.<\/p>\n<\/li>\n<li data-start=\"4252\" data-end=\"4531\">\n<p data-start=\"4255\" data-end=\"4531\"><strong data-start=\"4255\" data-end=\"4371\">O Waspe Aiviou 3 em 1 60K \u00e9 uma escolha inteligente para compradores que comparam ranking de cigarros eletr\u00f4nicos em estilo \u201cmelhores dispositivos\u201d de 2025?<\/strong><br data-start=\"4371\" data-end=\"4374\" \/>Compete em recursos pr\u00e1ticos que importam: troca de m\u00faltiplos sabores, grande volume total de l\u00edquido, energia recarreg\u00e1vel e um display LED de status para controle.<\/p>\n<\/li>\n<li data-start=\"4533\" data-end=\"4811\">\n<p data-start=\"4536\" data-end=\"4811\"><strong data-start=\"4536\" data-end=\"4636\">Por que os compradores de atacado de vapes descart\u00e1veis gostam do Waspe Aiviou 3 em 1 60000 Puffs para retalho em Portugal?<\/strong><br data-start=\"4636\" data-end=\"4639\" \/>\u00c9 f\u00e1cil de vender: especifica\u00e7\u00f5es claras no cabe\u00e7alho (60K puffs, 3 sabores, 54ml, recarreg\u00e1vel), op\u00e7\u00f5es amplas de nicotina e forte demanda repetida de usu\u00e1rios que desejam dispositivos de longa dura\u00e7\u00e3o.<\/p>\n<\/li>\n<\/ol>\n<\/div>\n<\/div>\n<\/div>\n<\/div>","protected":false},"excerpt":{"rendered":"<p class=\"LC20lb MBeuO DKV0Md\">Waspe Aiviou 3 em 1 kit de vaporizador descart\u00e1vel com 60000 tragos, com troca de 3 sabores, pods de 54ml (3\u00d718ml), bobinas de malha de 0,9\u03a9, visor LED e bateria recarreg\u00e1vel Type-C de 650mAh. Constru\u00eddo para uso prolongado, popular entre compradores de atacadistas de vaporizadores descart\u00e1veis e clientes que compram vapor em Portugal em vez de cigarros.<\/p>\n<p><img fetchpriority=\"high\" decoding=\"async\" class=\"size-full wp-image-2932\" src=\"https:\/\/vapestornado.com\/wp-content\/uploads\/2024\/12\/Vape-Wholesale.jpg\" alt=\"Vape Atacado\" width=\"229\" height=\"300\" \/><\/p>\n<h3><a href=\"https:\/\/wa.me\/8617776015835\"><span style=\"color: #ff0000;\"><strong>WhatsApp: +86 17776015835<\/strong><\/span><\/a><\/h3>\n<p>&nbsp;<\/p>","protected":false},"featured_media":4011,"comment_status":"open","ping_status":"closed","template":"","meta":{"_acf_changed":false,"_uag_custom_page_level_css":"","_lmt_disableupdate":"no","_lmt_disable":"","_monsterinsights_skip_tracking":false,"_monsterinsights_sitenote_active":false,"_monsterinsights_sitenote_note":"","_monsterinsights_sitenote_category":0,"site-sidebar-layout":"default","site-content-layout":"","ast-site-content-layout":"default","site-content-style":"default","site-sidebar-style":"default","ast-global-header-display":"","ast-banner-title-visibility":"","ast-main-header-display":"","ast-hfb-above-header-display":"","ast-hfb-below-header-display":"","ast-hfb-mobile-header-display":"","site-post-title":"","ast-breadcrumbs-content":"","ast-featured-img":"","footer-sml-layout":"","ast-disable-related-posts":"","theme-transparent-header-meta":"default","adv-header-id-meta":"","stick-header-meta":"","header-above-stick-meta":"","header-main-stick-meta":"","header-below-stick-meta":"","astra-migrate-meta-layouts":"set","ast-page-background-enabled":"default","ast-page-background-meta":{"desktop":{"background-color":"","background-image":"","background-repeat":"repeat","background-position":"center center","background-size":"auto","background-attachment":"scroll","background-type":"","background-media":"","overlay-type":"","overlay-color":"","overlay-opacity":"","overlay-gradient":""},"tablet":{"background-color":"","background-image":"","background-repeat":"repeat","background-position":"center center","background-size":"auto","background-attachment":"scroll","background-type":"","background-media":"","overlay-type":"","overlay-color":"","overlay-opacity":"","overlay-gradient":""},"mobile":{"background-color":"","background-image":"","background-repeat":"repeat","background-position":"center center","background-size":"auto","background-attachment":"scroll","background-type":"","background-media":"","overlay-type":"","overlay-color":"","overlay-opacity":"","overlay-gradient":""}},"ast-content-background-meta":{"desktop":{"background-color":"var(--ast-global-color-5)","background-image":"","background-repeat":"repeat","background-position":"center center","background-size":"auto","background-attachment":"scroll","background-type":"","background-media":"","overlay-type":"","overlay-color":"","overlay-opacity":"","overlay-gradient":""},"tablet":{"background-color":"var(--ast-global-color-5)","background-image":"","background-repeat":"repeat","background-position":"center center","background-size":"auto","background-attachment":"scroll","background-type":"","background-media":"","overlay-type":"","overlay-color":"","overlay-opacity":"","overlay-gradient":""},"mobile":{"background-color":"var(--ast-global-color-5)","background-image":"","background-repeat":"repeat","background-position":"center center","background-size":"auto","background-attachment":"scroll","background-type":"","background-media":"","overlay-type":"","overlay-color":"","overlay-opacity":"","overlay-gradient":""}},"_joinchat":{"telephone":"17776015835"}},"product_brand":[],"product_cat":[156,142,144,61,60],"product_tag":[105,94,301,299,300],"class_list":{"0":"post-4013","1":"product","2":"type-product","3":"status-publish","4":"has-post-thumbnail","6":"product_cat-buy-disposable-vapes-in-poland","7":"product_cat-digital-box-disposable-vapes","8":"product_cat-low-nicotine-disposable-vapes","9":"product_cat-vapme-shisha","10":"product_cat-waspe-fihp-vape","11":"product_tag-digital-disposable-vape","12":"product_tag-rechargeable-disposable-vape","13":"product_tag-vapor-wholesale","14":"product_tag-waspe-60k-puff","15":"product_tag-waspe-aiviou-3-in-1-60000","16":"desktop-align-left","17":"tablet-align-left","18":"mobile-align-left","20":"first","21":"instock","22":"sale","23":"shipping-taxable","24":"purchasable","25":"product-type-simple"},"acf":[],"uagb_featured_image_src":{"full":["https:\/\/vapestornado.com\/wp-content\/uploads\/2025\/03\/Waspe-Aiviou-3-in1-60k-60000-Puffs-Disposable-Vaper.webp",800,800,false],"thumbnail":["https:\/\/vapestornado.com\/wp-content\/uploads\/2025\/03\/Waspe-Aiviou-3-in1-60k-60000-Puffs-Disposable-Vaper-150x150.webp",150,150,true],"medium":["https:\/\/vapestornado.com\/wp-content\/uploads\/2025\/03\/Waspe-Aiviou-3-in1-60k-60000-Puffs-Disposable-Vaper-300x300.webp",300,300,true],"medium_large":["https:\/\/vapestornado.com\/wp-content\/uploads\/2025\/03\/Waspe-Aiviou-3-in1-60k-60000-Puffs-Disposable-Vaper-768x768.webp",768,768,true],"large":["https:\/\/vapestornado.com\/wp-content\/uploads\/2025\/03\/Waspe-Aiviou-3-in1-60k-60000-Puffs-Disposable-Vaper.webp",800,800,false],"1536x1536":["https:\/\/vapestornado.com\/wp-content\/uploads\/2025\/03\/Waspe-Aiviou-3-in1-60k-60000-Puffs-Disposable-Vaper.webp",800,800,false],"2048x2048":["https:\/\/vapestornado.com\/wp-content\/uploads\/2025\/03\/Waspe-Aiviou-3-in1-60k-60000-Puffs-Disposable-Vaper.webp",800,800,false],"trp-custom-language-flag":["https:\/\/vapestornado.com\/wp-content\/uploads\/2025\/03\/Waspe-Aiviou-3-in1-60k-60000-Puffs-Disposable-Vaper.webp",12,12,false],"woocommerce_thumbnail":["https:\/\/vapestornado.com\/wp-content\/uploads\/2025\/03\/Waspe-Aiviou-3-in1-60k-60000-Puffs-Disposable-Vaper-300x300.webp",300,300,true],"woocommerce_single":["https:\/\/vapestornado.com\/wp-content\/uploads\/2025\/03\/Waspe-Aiviou-3-in1-60k-60000-Puffs-Disposable-Vaper-600x600.webp",600,600,true],"woocommerce_gallery_thumbnail":["https:\/\/vapestornado.com\/wp-content\/uploads\/2025\/03\/Waspe-Aiviou-3-in1-60k-60000-Puffs-Disposable-Vaper-100x100.webp",100,100,true]},"uagb_author_info":{"display_name":"ESAMY","author_link":"https:\/\/vapestornado.com\/pt\/author\/"},"uagb_comment_info":1,"uagb_excerpt":"Waspe Aiviou 3 in 1 60000 Puffs disposable vape kit with 3 flavour switching, 54ml (3\u00d718ml) pods, 0.9\u03a9 mesh coils, LED display, and Type-C rechargeable 650mAh battery. Built for long use, popular with disposable vape wholesaler buyers and customers who Buy vapor in Poland instead of Buy cigarettes. WhatsApp: +86 17776015835 &nbsp;","_links":{"self":[{"href":"https:\/\/vapestornado.com\/pt\/wp-json\/wp\/v2\/product\/4013","targetHints":{"allow":["GET"]}}],"collection":[{"href":"https:\/\/vapestornado.com\/pt\/wp-json\/wp\/v2\/product"}],"about":[{"href":"https:\/\/vapestornado.com\/pt\/wp-json\/wp\/v2\/types\/product"}],"replies":[{"embeddable":true,"href":"https:\/\/vapestornado.com\/pt\/wp-json\/wp\/v2\/comments?post=4013"}],"wp:featuredmedia":[{"embeddable":true,"href":"https:\/\/vapestornado.com\/pt\/wp-json\/wp\/v2\/media\/4011"}],"wp:attachment":[{"href":"https:\/\/vapestornado.com\/pt\/wp-json\/wp\/v2\/media?parent=4013"}],"wp:term":[{"taxonomy":"product_brand","embeddable":true,"href":"https:\/\/vapestornado.com\/pt\/wp-json\/wp\/v2\/product_brand?post=4013"},{"taxonomy":"product_cat","embeddable":true,"href":"https:\/\/vapestornado.com\/pt\/wp-json\/wp\/v2\/product_cat?post=4013"},{"taxonomy":"product_tag","embeddable":true,"href":"https:\/\/vapestornado.com\/pt\/wp-json\/wp\/v2\/product_tag?post=4013"}],"curies":[{"name":"wp","href":"https:\/\/api.w.org\/{rel}","templated":true}]}}