{"id":3975,"date":"2025-03-25T07:58:28","date_gmt":"2025-03-25T07:58:28","guid":{"rendered":"https:\/\/vapestornado.com\/?post_type=product&#038;p=3975"},"modified":"2025-08-23T11:43:24","modified_gmt":"2025-08-23T11:43:24","slug":"2025-new-vopk-ultra-40000-puffs-double-flavor-disposable-vape-factory-suppliers","status":"publish","type":"product","link":"https:\/\/vapestornado.com\/pt\/product\/2025-new-vopk-ultra-40000-puffs-double-flavor-disposable-vape-factory-suppliers\/","title":{"rendered":"2025 Novo VOPK Ultra 40000 Puffs Vape Descart\u00e1vel de Sabor Duplo Fornecedores de F\u00e1brica"},"content":{"rendered":"<h1 data-pm-slice=\"1 1 []\">2025 Novo VOPK Ultra 40000 Puffs Vape Descart\u00e1vel de Sabor Duplo Fornecedores de F\u00e1brica<\/h1>\n<p data-start=\"140\" data-end=\"448\">O <strong data-start=\"144\" data-end=\"209\">2025 Novo VOPK Ultra 40000 Puffs Vape Descart\u00e1vel de Sabor Duplo<\/strong> \u00e9 projetado para retalhistas e distribuidores que procuram uma op\u00e7\u00e3o premium e duradoura para o seu invent\u00e1rio. Com at\u00e9 <strong data-start=\"324\" data-end=\"340\">40.000 puffs<\/strong>, este dispositivo de alta capacidade combina <strong data-start=\"377\" data-end=\"409\">desempenho DTL estilo hookah<\/strong> com um design elegante inspirado em SHISHA.<\/p>\n<p data-start=\"450\" data-end=\"859\">Equipado com um <strong data-start=\"467\" data-end=\"498\">bateria recarreg\u00e1vel de 850mAh<\/strong> e <strong data-start=\"505\" data-end=\"537\">Dep\u00f3sito de e-l\u00edquido pr\u00e9-cheio de 36ml<\/strong>, o VOPK Ultra garante um vaping prolongado sem substitui\u00e7\u00f5es frequentes. O seu <strong data-start=\"613\" data-end=\"635\">ecr\u00e3 digital RGB<\/strong> mant\u00e9m os utilizadores informados com atualiza\u00e7\u00f5es em tempo real sobre a bateria, o estado das puffs e as configura\u00e7\u00f5es de energia. O controlo de pot\u00eancia ajust\u00e1vel permite que os clientes ajustem a intensidade do seu vaping para sess\u00f5es de sabor suaves ou para a produ\u00e7\u00e3o de nuvens densas.<\/p>\n<p data-start=\"861\" data-end=\"1210\">A caracter\u00edstica de destaque \u00e9 a sua <strong data-start=\"889\" data-end=\"914\">sistema de bobina de malha qu\u00e1drupla<\/strong>, proporcionando um sabor e produ\u00e7\u00e3o de vapor aprimorados, garantindo que cada puff permane\u00e7a consistente. Com <strong data-start=\"1015\" data-end=\"1053\">sabores duplos incorporados num \u00fanico dispositivo<\/strong>, os utilizadores podem alternar facilmente entre perfis de sabor como <strong data-start=\"1113\" data-end=\"1165\">Morango Melancia<\/strong> or <strong data-start=\"1169\" data-end=\"1207\">Framboesa Azul Anan\u00e1s<\/strong>.<\/p>\n<p data-start=\"1212\" data-end=\"1603\">Dispon\u00edvel em <strong data-start=\"1225\" data-end=\"1266\">0%, 2%, 3% e 5% de nicotina<\/strong>, o VOPK Ultra 40K atende a todas as prefer\u00eancias do utilizador, desde entusiastas sem nicotina a vapers experientes. O carregamento r\u00e1pido <strong data-start=\"1378\" data-end=\"1397\">carregamento Tipo-C<\/strong> garante um tempo de inatividade m\u00ednimo, tornando-o altamente fi\u00e1vel para uso em movimento. Para os grossistas, este modelo oferece <strong data-start=\"1507\" data-end=\"1586\">fornecimento direto da f\u00e1brica, pre\u00e7os competitivos em grande quantidade e forte apelo ao cliente<\/strong> em toda a Europa.<\/p>\n<p data-start=\"666\" data-end=\"1235\"><strong style=\"font-size: 16px;\"><span style=\"color: #ff0000;\">Adicione o WhatsApp da Amy para obter uma resposta imediata e um pre\u00e7o com desconto!<\/span><\/strong><\/p>\n<p><img fetchpriority=\"high\" decoding=\"async\" class=\"size-full wp-image-2932\" src=\"https:\/\/vapestornado.com\/wp-content\/uploads\/2024\/12\/Vape-Wholesale.jpg\" alt=\"Vape Atacado\" width=\"229\" height=\"300\" \/><\/p>\n<h3><a href=\"https:\/\/wa.me\/8617776015835\" target=\"_blank\" rel=\"noopener\"><span style=\"color: #ff0000;\"><strong>WhatsApp: +86 17776015835<\/strong><\/span><\/a><\/h3>\n<p>&nbsp;<\/p>\n<h2><strong>Principais Caracter\u00edsticas do Produto VOPK Ultra 40000 Puffs<\/strong><\/h2>\n<p>Marca: Vopk Vapes<br \/>\nE-L\u00edquido: 36ml de l\u00edquido pr\u00e9-cheio<br \/>\nBateria: Bateria de 850mAh<br \/>\nPorta Tipo-C<br \/>\nAt\u00e9 40000 puffs<br \/>\nPot\u00eancia ajust\u00e1vel<br \/>\nEcr\u00e3 digital<br \/>\nN\u00edveis de nicotina 0% 2% 3% 5%<\/p>\n<figure id=\"attachment_3955\" aria-describedby=\"caption-attachment-3955\" style=\"width: 800px\" class=\"wp-caption alignnone\"><img decoding=\"async\" class=\"wp-image-3955 size-full\" src=\"https:\/\/vapestornado.com\/wp-content\/uploads\/2025\/03\/VOPK-Ultra-40k-40000-Puffs-Disposable-Vape-Dual-Flavors.webp\" alt=\"VOPK Ultra 40k 40000 Puffs Vape Descart\u00e1vel 2 Sabores\" width=\"800\" height=\"800\" srcset=\"https:\/\/vapestornado.com\/wp-content\/uploads\/2025\/03\/VOPK-Ultra-40k-40000-Puffs-Disposable-Vape-Dual-Flavors.webp 800w, https:\/\/vapestornado.com\/wp-content\/uploads\/2025\/03\/VOPK-Ultra-40k-40000-Puffs-Disposable-Vape-Dual-Flavors-300x300.webp 300w, https:\/\/vapestornado.com\/wp-content\/uploads\/2025\/03\/VOPK-Ultra-40k-40000-Puffs-Disposable-Vape-Dual-Flavors-150x150.webp 150w, https:\/\/vapestornado.com\/wp-content\/uploads\/2025\/03\/VOPK-Ultra-40k-40000-Puffs-Disposable-Vape-Dual-Flavors-768x768.webp 768w, https:\/\/vapestornado.com\/wp-content\/uploads\/2025\/03\/VOPK-Ultra-40k-40000-Puffs-Disposable-Vape-Dual-Flavors-600x600.webp 600w, https:\/\/vapestornado.com\/wp-content\/uploads\/2025\/03\/VOPK-Ultra-40k-40000-Puffs-Disposable-Vape-Dual-Flavors-100x100.webp 100w\" sizes=\"(max-width: 800px) 100vw, 800px\" \/><figcaption id=\"caption-attachment-3955\" class=\"wp-caption-text\">VOPK Ultra 40k 40000 Puffs Vape Descart\u00e1vel 2 Sabores<\/figcaption><\/figure>\n<p>&nbsp;<\/p>\n<h2 class=\"product-title\"><strong>Lista de Sabores da Caixa de Descart\u00e1veis VOPK Ultra 40000 Puffs<\/strong><\/h2>\n<article class=\"w-full text-token-text-primary focus-visible:outline-2 focus-visible:outline-offset-[-4px]\" dir=\"auto\" data-testid=\"conversation-turn-32\" data-scroll-anchor=\"false\">\n<div class=\"m-auto text-base py-[18px] px-6\">\n<div class=\"mx-auto flex flex-1 text-base gap-4 md:gap-5 lg:gap-6 md:max-w-3xl lg:max-w-[40rem] xl:max-w-[48rem]\">\n<div class=\"group\/conversation-turn relative flex w-full min-w-0 flex-col @xs\/thread:px-0 @sm\/thread:px-1.5 @md\/thread:px-4\">\n<div class=\"flex-col gap-1 md:gap-3\">\n<div class=\"flex max-w-full flex-col flex-grow\">\n<div class=\"min-h-8 text-message flex w-full flex-col items-end gap-2 whitespace-normal break-words text-start [.text-message+&amp;]:mt-5\" dir=\"auto\" data-message-author-role=\"user\" data-message-id=\"ffac41ca-1db4-431b-873a-32c4052956f1\">\n<div class=\"flex w-full flex-col gap-1 empty:hidden items-end rtl:items-start\">\n<div class=\"relative max-w-[var(--user-chat-width,70%)] rounded-3xl bg-token-message-surface px-5 py-2.5\">\n<div class=\"absolute bottom-0 right-full top-0 -mr-3.5 hidden pr-5 pt-2 [.group\/conversation-turn:hover_&amp;]:flex\">\n<div class=\"flex\">\n<article class=\"w-full text-token-text-primary focus-visible:outline-2 focus-visible:outline-offset-[-4px]\" dir=\"auto\" data-testid=\"conversation-turn-39\" data-scroll-anchor=\"true\">\n<div class=\"m-auto text-base py-[18px] px-6\">\n<div class=\"mx-auto flex flex-1 text-base gap-4 md:gap-5 lg:gap-6 md:max-w-3xl lg:max-w-[40rem] xl:max-w-[48rem]\">\n<div class=\"group\/conversation-turn relative flex w-full min-w-0 flex-col agent-turn @xs\/thread:px-0 @sm\/thread:px-1.5 @md\/thread:px-4\">\n<div class=\"flex-col gap-1 md:gap-3\">\n<div class=\"flex max-w-full flex-col flex-grow\">\n<div class=\"min-h-8 text-message flex w-full flex-col items-end gap-2 whitespace-normal break-words text-start [.text-message+&amp;]:mt-5\" dir=\"auto\" data-message-author-role=\"assistant\" data-message-id=\"55a23854-ec57-48dd-bd4f-6118f43d6241\" data-message-model-slug=\"gpt-4o\">\n<div class=\"flex w-full flex-col gap-1 empty:hidden first:pt-[3px]\">\n<div class=\"markdown prose w-full break-words dark:prose-invert light\">\n<p>1.Morango Melancia\/ Kiwi Maracuj\u00e1 Goiaba<br \/>\n2. Mirtilo Framboesa \/ P\u00eassego Manga Melancia<br \/>\n3. Urso de Gomas Blue Razz \/ Morango Kiwi<br \/>\n4. Blue Razz Cereja \/ Morango Framboesa<br \/>\n5. Lim\u00e3o Efervescente<br \/>\n6. Gelo de Melancia \/ Gelo de Blue Razz<br \/>\n7. Blue Razz Anan\u00e1s \/ Triplo Manga<br \/>\n8. Explos\u00e3o de Uva e Frutos Silvestres \/ Pera Ma\u00e7\u00e3 Framboesa<br \/>\n9. Morango Arando Cereja \/ Anan\u00e1s Maracuj\u00e1 Lima<br \/>\n10. Mirtilo Morango Mentol \/ Mirtilo Framboesa Mentol<\/p>\n<\/div>\n<\/div>\n<\/div>\n<\/div>\n<\/div>\n<\/div>\n<\/div>\n<\/div>\n<\/article>\n<\/div>\n<\/div>\n<\/div>\n<\/div>\n<\/div>\n<\/div>\n<\/div>\n<\/div>\n<\/div>\n<\/div>\n<\/article>\n<h2>Por que escolher a Vapestornado para comprar VOPK Ultra 40000 Puffs?<\/h2>\n<div class=\"flex-shrink-0 flex flex-col relative items-end\">\n<div class=\"pt-0\">\n<div class=\"gizmo-bot-avatar flex h-8 w-8 items-center justify-center overflow-hidden rounded-full\">\n<div class=\"relative p-1 rounded-sm flex items-center justify-center bg-token-main-surface-primary text-token-text-primary h-8 w-8\">\n<p data-start=\"88\" data-end=\"557\">Quando se trata de <strong data-start=\"105\" data-end=\"154\">\u00a0compra de vapes descart\u00e1veis de alta qualidade<\/strong>, <strong data-start=\"156\" data-end=\"172\">Vapestornado<\/strong> \u00e9 a fonte ideal para imbat\u00edveis <strong data-start=\"208\" data-end=\"271\">pre\u00e7os de f\u00e1brica, envio r\u00e1pido e servi\u00e7o de apoio ao cliente premium<\/strong>Comprar o VOPK Ultra 40000 Puffs na Vapestornado significa que obt\u00e9m <strong data-start=\"363\" data-end=\"400\">produtos aut\u00eanticos e 100% originais<\/strong> com o mais recente digital<strong data-start=\"417\" data-end=\"515\"> ecr\u00e3, conveni\u00eancia de carregamento Tipo-C, 2 em 1 sabor duplo e capacidade de 4000 puffs<\/strong>\u2014tudo a um baixo<strong data-start=\"527\" data-end=\"554\">\u00a0pre\u00e7os de grosso<\/strong>.<\/p>\n<p data-start=\"559\" data-end=\"933\" data-is-last-node=\"\" data-is-only-node=\"\">Tamb\u00e9m temos alguns outros vapes populares com ecr\u00e3 como <a href=\"https:\/\/vapestornado.com\/pt\/product\/mesii-couple-50k-disposable-shisha-hookah-50000-puffs-vape-with-digital-display\/\">Mesii casal 50000<\/a>, <a href=\"https:\/\/vapestornado.com\/pt\/product\/vopk-cool-9000-puffs-disposable-vapes-bar-puff-9k\/\">VOPK 9000 Puff Vape Descart\u00e1vel<\/a>, <a href=\"https:\/\/vapestornado.com\/pt\/product\/bang-beach-22000-20k-puff-disposable-vape-pen-with-screen-reddit-hot\/\">Bang Praia 22000<\/a>, e mais.<\/p>\n<\/div>\n<div class=\"relative p-1 rounded-sm flex items-center justify-center bg-token-main-surface-primary text-token-text-primary h-8 w-8\">\n<h2>PERGUNTAS FREQUENTES<\/h2>\n<ol data-start=\"1260\" data-end=\"2197\">\n<li class=\"\" data-start=\"1260\" data-end=\"1488\">\n<p class=\"\" data-start=\"1263\" data-end=\"1488\"><strong data-start=\"1263\" data-end=\"1301\">Como uso pods de vape descart\u00e1veis?<\/strong><br data-start=\"1301\" data-end=\"1304\" \/>Simplesmente <strong data-start=\"1314\" data-end=\"1347\">inalar atrav\u00e9s do bocal<\/strong>, e o dispositivo ir\u00e1 ativar automaticamente. A <strong data-start=\"1397\" data-end=\"1425\">defini\u00e7\u00e3o de pot\u00eancia ajust\u00e1vel<\/strong> permite-lhe ajustar a sua experi\u00eancia para o hit perfeito.<\/p>\n<\/li>\n<li class=\"\" data-start=\"1490\" data-end=\"1743\">\n<p class=\"\" data-start=\"1493\" data-end=\"1743\"><strong data-start=\"1493\" data-end=\"1555\">Como recarregar um vape descart\u00e1vel com um carregador Android?<\/strong><br data-start=\"1555\" data-end=\"1558\" \/>Se o seu vape tiver uma <strong data-start=\"1580\" data-end=\"1604\">porta de carregamento Tipo C<\/strong>, pode usar um <strong data-start=\"1620\" data-end=\"1648\">carregador Android padr\u00e3o<\/strong> para o recarregar. Certifique-se de que est\u00e1 a usar uma fonte de energia fi\u00e1vel para uma efici\u00eancia de carregamento ideal.<\/p>\n<\/li>\n<li class=\"\" data-start=\"1745\" data-end=\"1979\">\n<p class=\"\" data-start=\"1748\" data-end=\"1979\"><strong data-start=\"1748\" data-end=\"1808\">Posso levar um vape descart\u00e1vel num avi\u00e3o internacionalmente?<\/strong><br data-start=\"1808\" data-end=\"1811\" \/>Sim, mas este <strong data-start=\"1826\" data-end=\"1862\">deve estar na sua bagagem de m\u00e3o<\/strong>. Consulte a sua companhia a\u00e9rea para quaisquer regulamentos espec\u00edficos relativos a <strong data-start=\"1927\" data-end=\"1948\">produtos de nicotina<\/strong> no seu pa\u00eds de destino.<\/p>\n<\/li>\n<li class=\"\" data-start=\"1981\" data-end=\"2197\">\n<p class=\"\" data-start=\"1984\" data-end=\"2197\"><strong data-start=\"1984\" data-end=\"2033\">Como saber quando o meu vape descart\u00e1vel est\u00e1 vazio?<\/strong><br data-start=\"2033\" data-end=\"2036\" \/>Se o <strong data-start=\"2046\" data-end=\"2144\">sabor desvanecer, a produ\u00e7\u00e3o de vapor diminuir ou o ecr\u00e3 digital mostrar um indicador de e-l\u00edquido baixo<\/strong>, est\u00e1 na hora de <strong data-start=\"2159\" data-end=\"2194\">substituir ou recarregar o seu dispositivo<\/strong>.<\/p>\n<\/li>\n<\/ol>\n<\/div>\n<\/div>\n<\/div>\n<\/div>","protected":false},"excerpt":{"rendered":"<p class=\"LC20lb MBeuO DKV0Md\">O <strong data-start=\"1647\" data-end=\"1672\">VOPK Ultra 40000 Vape<\/strong> oferece sabores duplos, resist\u00eancias de malha qu\u00e1drupla e um ecr\u00e3 digital inteligente. Um descart\u00e1vel premium constru\u00eddo para <strong data-start=\"1771\" data-end=\"1828\">fornecedores grossistas de f\u00e1brica e encomendas em grande quantidade na Europa<\/strong>.<\/p>\n<p><strong>Adicione o whatsapp da Amy para obter resposta certa e pre\u00e7o de desconto!<\/strong><\/p>\n<p><img fetchpriority=\"high\" decoding=\"async\" class=\"size-full wp-image-2932\" src=\"https:\/\/vapestornado.com\/wp-content\/uploads\/2024\/12\/Vape-Wholesale.jpg\" alt=\"Vape Atacado\" width=\"229\" height=\"300\" \/><\/p>\n<h3><a href=\"https:\/\/wa.me\/8617776015835\"><span style=\"color: #ff0000;\"><strong>WhatsApp: +86 17776015835<\/strong><\/span><\/a><\/h3>\n<p>&nbsp;<\/p>","protected":false},"featured_media":3959,"comment_status":"open","ping_status":"closed","template":"","meta":{"_acf_changed":false,"_uag_custom_page_level_css":"","_lmt_disableupdate":"no","_lmt_disable":"","_monsterinsights_skip_tracking":false,"_monsterinsights_sitenote_active":false,"_monsterinsights_sitenote_note":"","_monsterinsights_sitenote_category":0,"site-sidebar-layout":"default","site-content-layout":"","ast-site-content-layout":"default","site-content-style":"default","site-sidebar-style":"default","ast-global-header-display":"","ast-banner-title-visibility":"","ast-main-header-display":"","ast-hfb-above-header-display":"","ast-hfb-below-header-display":"","ast-hfb-mobile-header-display":"","site-post-title":"","ast-breadcrumbs-content":"","ast-featured-img":"","footer-sml-layout":"","ast-disable-related-posts":"","theme-transparent-header-meta":"default","adv-header-id-meta":"","stick-header-meta":"","header-above-stick-meta":"","header-main-stick-meta":"","header-below-stick-meta":"","astra-migrate-meta-layouts":"set","ast-page-background-enabled":"default","ast-page-background-meta":{"desktop":{"background-color":"","background-image":"","background-repeat":"repeat","background-position":"center center","background-size":"auto","background-attachment":"scroll","background-type":"","background-media":"","overlay-type":"","overlay-color":"","overlay-opacity":"","overlay-gradient":""},"tablet":{"background-color":"","background-image":"","background-repeat":"repeat","background-position":"center center","background-size":"auto","background-attachment":"scroll","background-type":"","background-media":"","overlay-type":"","overlay-color":"","overlay-opacity":"","overlay-gradient":""},"mobile":{"background-color":"","background-image":"","background-repeat":"repeat","background-position":"center center","background-size":"auto","background-attachment":"scroll","background-type":"","background-media":"","overlay-type":"","overlay-color":"","overlay-opacity":"","overlay-gradient":""}},"ast-content-background-meta":{"desktop":{"background-color":"var(--ast-global-color-5)","background-image":"","background-repeat":"repeat","background-position":"center center","background-size":"auto","background-attachment":"scroll","background-type":"","background-media":"","overlay-type":"","overlay-color":"","overlay-opacity":"","overlay-gradient":""},"tablet":{"background-color":"var(--ast-global-color-5)","background-image":"","background-repeat":"repeat","background-position":"center center","background-size":"auto","background-attachment":"scroll","background-type":"","background-media":"","overlay-type":"","overlay-color":"","overlay-opacity":"","overlay-gradient":""},"mobile":{"background-color":"var(--ast-global-color-5)","background-image":"","background-repeat":"repeat","background-position":"center center","background-size":"auto","background-attachment":"scroll","background-type":"","background-media":"","overlay-type":"","overlay-color":"","overlay-opacity":"","overlay-gradient":""}},"_joinchat":{"telephone":"17776015835"}},"product_brand":[],"product_cat":[65,153,160,142,146,290],"product_tag":[261,165,291,294,94,293],"class_list":{"0":"post-3975","1":"product","2":"type-product","3":"status-publish","4":"has-post-thumbnail","6":"product_cat-40000-puff","7":"product_cat-buy-disposable-vapes-in-italy","8":"product_cat-buy-disposable-vapes-in-switzerland","9":"product_cat-digital-box-disposable-vapes","10":"product_cat-rechargeable-disposable-vapes","11":"product_cat-vopk-vape","12":"product_tag-2-in-1-double-flavor-vape","13":"product_tag-cheap-vapes","14":"product_tag-disposable-shisha-hookah","15":"product_tag-puff-40k","16":"product_tag-rechargeable-disposable-vape","17":"product_tag-vopk-ultra-40000","18":"desktop-align-left","19":"tablet-align-left","20":"mobile-align-left","22":"first","23":"instock","24":"sale","25":"shipping-taxable","26":"purchasable","27":"product-type-simple"},"acf":[],"uagb_featured_image_src":{"full":["https:\/\/vapestornado.com\/wp-content\/uploads\/2025\/03\/VOPK-ULTRA-40000-puffs-Disposable-Vape.webp",800,800,false],"thumbnail":["https:\/\/vapestornado.com\/wp-content\/uploads\/2025\/03\/VOPK-ULTRA-40000-puffs-Disposable-Vape-150x150.webp",150,150,true],"medium":["https:\/\/vapestornado.com\/wp-content\/uploads\/2025\/03\/VOPK-ULTRA-40000-puffs-Disposable-Vape-300x300.webp",300,300,true],"medium_large":["https:\/\/vapestornado.com\/wp-content\/uploads\/2025\/03\/VOPK-ULTRA-40000-puffs-Disposable-Vape-768x768.webp",768,768,true],"large":["https:\/\/vapestornado.com\/wp-content\/uploads\/2025\/03\/VOPK-ULTRA-40000-puffs-Disposable-Vape.webp",800,800,false],"1536x1536":["https:\/\/vapestornado.com\/wp-content\/uploads\/2025\/03\/VOPK-ULTRA-40000-puffs-Disposable-Vape.webp",800,800,false],"2048x2048":["https:\/\/vapestornado.com\/wp-content\/uploads\/2025\/03\/VOPK-ULTRA-40000-puffs-Disposable-Vape.webp",800,800,false],"trp-custom-language-flag":["https:\/\/vapestornado.com\/wp-content\/uploads\/2025\/03\/VOPK-ULTRA-40000-puffs-Disposable-Vape.webp",12,12,false],"woocommerce_thumbnail":["https:\/\/vapestornado.com\/wp-content\/uploads\/2025\/03\/VOPK-ULTRA-40000-puffs-Disposable-Vape-300x300.webp",300,300,true],"woocommerce_single":["https:\/\/vapestornado.com\/wp-content\/uploads\/2025\/03\/VOPK-ULTRA-40000-puffs-Disposable-Vape-600x600.webp",600,600,true],"woocommerce_gallery_thumbnail":["https:\/\/vapestornado.com\/wp-content\/uploads\/2025\/03\/VOPK-ULTRA-40000-puffs-Disposable-Vape-100x100.webp",100,100,true]},"uagb_author_info":{"display_name":"ESAMY","author_link":"https:\/\/vapestornado.com\/pt\/author\/"},"uagb_comment_info":0,"uagb_excerpt":"The VOPK Ultra 40000 Vape offers dual flavours, quad mesh coils, and a smart digital screen. A premium disposable built for factory wholesale suppliers and bulk orders in Europe. Add Amy's whatsapp to get right reply and discount price! WhatsApp: +86 17776015835 &nbsp;","_links":{"self":[{"href":"https:\/\/vapestornado.com\/pt\/wp-json\/wp\/v2\/product\/3975","targetHints":{"allow":["GET"]}}],"collection":[{"href":"https:\/\/vapestornado.com\/pt\/wp-json\/wp\/v2\/product"}],"about":[{"href":"https:\/\/vapestornado.com\/pt\/wp-json\/wp\/v2\/types\/product"}],"replies":[{"embeddable":true,"href":"https:\/\/vapestornado.com\/pt\/wp-json\/wp\/v2\/comments?post=3975"}],"wp:featuredmedia":[{"embeddable":true,"href":"https:\/\/vapestornado.com\/pt\/wp-json\/wp\/v2\/media\/3959"}],"wp:attachment":[{"href":"https:\/\/vapestornado.com\/pt\/wp-json\/wp\/v2\/media?parent=3975"}],"wp:term":[{"taxonomy":"product_brand","embeddable":true,"href":"https:\/\/vapestornado.com\/pt\/wp-json\/wp\/v2\/product_brand?post=3975"},{"taxonomy":"product_cat","embeddable":true,"href":"https:\/\/vapestornado.com\/pt\/wp-json\/wp\/v2\/product_cat?post=3975"},{"taxonomy":"product_tag","embeddable":true,"href":"https:\/\/vapestornado.com\/pt\/wp-json\/wp\/v2\/product_tag?post=3975"}],"curies":[{"name":"wp","href":"https:\/\/api.w.org\/{rel}","templated":true}]}}