{"id":3932,"date":"2025-03-21T07:53:01","date_gmt":"2025-03-21T07:53:01","guid":{"rendered":"https:\/\/vapestornado.com\/?post_type=product&#038;p=3932"},"modified":"2025-12-04T07:38:02","modified_gmt":"2025-12-04T07:38:02","slug":"uwin-twins-crystal-40000-40k-puff-double-taste-best-disposable-vapes-2025","status":"publish","type":"product","link":"https:\/\/vapestornado.com\/pt\/product\/uwin-twins-crystal-40000-40k-puff-double-taste-best-disposable-vapes-2025\/","title":{"rendered":"Uwin Twins Crystal 40000 40k Puff Duplo Sabor Melhores Vapes Descart\u00e1veis 2025"},"content":{"rendered":"<h2 data-pm-slice=\"1 1 []\">Uwin Twins Crystal 40000 Puff Vape Descart\u00e1vel de Duplo Sabor, Ecr\u00e3 Inteligente, Recarreg\u00e1vel por Type-C<\/h2>\n<p data-start=\"395\" data-end=\"690\"><span data-start=\"409\" data-end=\"458\">Queres uma de alta qualidade <\/span><strong data-start=\"409\" data-end=\"458\">vape descart\u00e1vel de 40000 Puff<\/strong> que dura semanas e n\u00e3o fica aborrecido a meio do caminho? A <strong data-start=\"524\" data-end=\"573\">Uwin Twins Crystal 40000 Puff Vaporizador Descart\u00e1vel<\/strong> \u00e9 constru\u00eddo para vapers que desejam <strong data-start=\"603\" data-end=\"623\">vida \u00fatil s\u00e9ria<\/strong> al\u00e9m disso <strong data-start=\"629\" data-end=\"652\">variedade real de sabores<\/strong> em um dispositivo limpo e de apar\u00eancia premium.<\/p>\n<h3 data-start=\"692\" data-end=\"734\">Por que este dispositivo de 40K Puff vale a pena<\/h3>\n<p data-start=\"735\" data-end=\"1079\"><strong data-start=\"735\" data-end=\"770\">1) Verdadeira longevidade de alta capacidade<\/strong><br data-start=\"770\" data-end=\"773\" \/>Com <strong data-start=\"778\" data-end=\"800\">at\u00e9 40.000 tragos<\/strong>, este \u00e9 um <strong data-start=\"821\" data-end=\"851\">vape descart\u00e1vel<\/strong> dispositivo de topo <strong data-start=\"1004\" data-end=\"1026\">projetado para uso a longo prazo. Comparado com modelos de 10k\u201320k, reduz drasticamente as substitui\u00e7\u00f5es, tornando-se uma escolha ideal para quem procura a <\/strong><strong data-start=\"1032\" data-end=\"1071\">melhor<\/strong> op\u00e7\u00e3o de vape descart\u00e1vel mais duradoura de 40k<\/p>\n<p data-start=\"1081\" data-end=\"1493\"><strong data-start=\"1081\" data-end=\"1131\">.<\/strong><br data-start=\"1131\" data-end=\"1134\" \/>2) Troca de sabor dupla (2-em-1 Duplo Sabor) <strong data-start=\"1144\" data-end=\"1187\">Este \u00e9 um<\/strong> Uwin Twins Crystal 40K vape de sabor duplo <strong data-start=\"1397\" data-end=\"1442\">vape descart\u00e1vel de duplo sabor<\/strong>, este dispositivo foi desenvolvido especificamente para essa experi\u00eancia.<\/p>\n<p data-start=\"1495\" data-end=\"1815\"><strong data-start=\"1495\" data-end=\"1543\">3) Sabor consistente desde o primeiro puff at\u00e9 ao \u00faltimo<\/strong><br data-start=\"1543\" data-end=\"1546\" \/>Os descart\u00e1veis de longa dura\u00e7\u00e3o costumam ter dificuldades com a perda de sabor. O Uwin Twins Crystal evita isso usando <strong data-start=\"1645\" data-end=\"1674\">tecnologia de bobina de malha dupla<\/strong>, mantendo o vapor suave e o sabor est\u00e1vel mesmo no fundo do tanque. \u00c9 por isso que os utilizadores frequentes o classificam como um dos modelos de alta capacidade mais fi\u00e1veis.<\/p>\n<p data-start=\"1817\" data-end=\"2065\"><strong data-start=\"1817\" data-end=\"1857\">4) Ecr\u00e3 LED inteligente para controlo total<\/strong><br data-start=\"1857\" data-end=\"1860\" \/>Chega de adivinha\u00e7\u00f5es. Este \u00e9 um <strong data-start=\"1888\" data-end=\"1935\">vape descart\u00e1vel com ecr\u00e3 LED 40000 puffs<\/strong>, mostrando a dura\u00e7\u00e3o da bateria em tempo real e o n\u00edvel de e-l\u00edquido. Sabes sempre quando est\u00e1s quase a acabar, quando recarregar e quanto tempo de vida ainda resta.<\/p>\n<p data-start=\"2067\" data-end=\"2337\"><strong data-start=\"2067\" data-end=\"2118\">5) Recarreg\u00e1vel via Type-C para aproveitar cada gota<\/strong><br data-start=\"2118\" data-end=\"2121\" \/>O <strong data-start=\"2125\" data-end=\"2143\">bateria de 850mAh<\/strong> al\u00e9m disso <strong data-start=\"2149\" data-end=\"2173\">carregamento r\u00e1pido Tipo-C<\/strong> garante uso at\u00e9 \u00e0 \u00faltima gota. Como um <strong data-start=\"2215\" data-end=\"2274\">descart\u00e1vel recarreg\u00e1vel<\/strong>, <strong data-start=\"2215\" data-end=\"2274\">Uwin Crystal 40000\u00a0 <\/strong>permite usar toda a capacidade de 32ml sem desperdi\u00e7ar puffs.<\/p>\n<p data-start=\"666\" data-end=\"1235\"><strong style=\"font-size: 16px;\"><span style=\"color: #ff0000;\">Adicione o WhatsApp da Amy para obter uma resposta imediata e um pre\u00e7o com desconto!<\/span><\/strong><\/p>\n<p><img fetchpriority=\"high\" decoding=\"async\" class=\"size-full wp-image-2932\" src=\"https:\/\/vapestornado.com\/wp-content\/uploads\/2024\/12\/Vape-Wholesale.jpg\" alt=\"Vape Atacado\" width=\"229\" height=\"300\" \/><\/p>\n<h3><a href=\"https:\/\/wa.me\/8617776015835\" target=\"_blank\" rel=\"noopener\"><span style=\"color: #ff0000;\"><strong>WhatsApp: +86 17776015835<\/strong><\/span><\/a><\/h3>\n<p>&nbsp;<\/p>\n<h2><strong>Caracter\u00edsticas principais do produto Uwin Twins Crystal 40000<\/strong><\/h2>\n<table>\n<thead>\n<tr>\n<th>Par\u00e2metro<\/th>\n<th align=\"right\">Especifica\u00e7\u00f5es<\/th>\n<th>Explica\u00e7\u00e3o Humana<\/th>\n<\/tr>\n<\/thead>\n<tbody>\n<tr>\n<td>Nome do Produto<\/td>\n<td align=\"right\">Uwin Twins Crystal 40000 Puff Vaporizador Descart\u00e1vel<\/td>\n<td>F\u00e1cil de identificar em pesquisas e prateleiras de retalho.<\/td>\n<\/tr>\n<tr>\n<td>Capacidade de Puffs<\/td>\n<td align=\"right\">At\u00e9 40.000 puffs<\/td>\n<td>Vape descart\u00e1vel de longa dura\u00e7\u00e3o que necessita de menos substitui\u00e7\u00f5es.<\/td>\n<\/tr>\n<tr>\n<td>Volume do l\u00edquido eletr\u00f3nico<\/td>\n<td align=\"right\">32ml<\/td>\n<td>Tanque grande suporta a contagem total de puffs sem necessidade de recargas.<\/td>\n<\/tr>\n<tr>\n<td>Sistema de Sabor<\/td>\n<td align=\"right\">Duplo Sabor 2-em-1<\/td>\n<td>Dois sabores num s\u00f3 dispositivo; troque a qualquer momento para variedade.<\/td>\n<\/tr>\n<tr>\n<td>Tipo de bobina<\/td>\n<td align=\"right\">Bobinas de Malha Dupla<\/td>\n<td>Aquecimento uniforme = sabor mais rico, fluxo de ar mais suave, menos notas queimadas.<\/td>\n<\/tr>\n<tr>\n<td>Bateria<\/td>\n<td align=\"right\">Recarreg\u00e1vel de 850mAh<\/td>\n<td>Grande o suficiente para uso com muitas baforadas; recarregue em vez de desperdi\u00e7ar l\u00edquido.<\/td>\n<\/tr>\n<tr>\n<td>Carregamento<\/td>\n<td align=\"right\">Carregamento R\u00e1pido USB Tipo-C<\/td>\n<td>Porta moderna com carregamento mais r\u00e1pido e acesso f\u00e1cil ao cabo.<\/td>\n<\/tr>\n<tr>\n<td>Ecr\u00e3<\/td>\n<td align=\"right\">Ecr\u00e3 LED inteligente<\/td>\n<td>Mostra o n\u00edvel de bateria + de l\u00edquido eletr\u00f3nico para que saiba sempre o que resta.<\/td>\n<\/tr>\n<tr>\n<td>Op\u00e7\u00f5es de Nicotina<\/td>\n<td align=\"right\">2% \/ 5%<\/td>\n<td>Adequado tanto para utilizadores casuais como para vaporizadores intensivos \u00e0 procura de hits mais fortes.<\/td>\n<\/tr>\n<tr>\n<td>Estilo de Vaping<\/td>\n<td align=\"right\">Tra\u00e7ado suave, vapor equilibrado<\/td>\n<td>Projetado para sess\u00f5es di\u00e1rias confort\u00e1veis e longas.<\/td>\n<\/tr>\n<\/tbody>\n<\/table>\n<figure id=\"attachment_3903\" aria-describedby=\"caption-attachment-3903\" style=\"width: 800px\" class=\"wp-caption alignnone\"><img decoding=\"async\" class=\"wp-image-3903 size-full\" src=\"https:\/\/vapestornado.com\/wp-content\/uploads\/2025\/03\/Best-Uwin-Twins-Crystal-40000-Puffs-Disposable-Vape.webp\" alt=\"Melhor Vape Descart\u00e1vel Uwin Twins Crystal 40000 Puffs\" width=\"800\" height=\"800\" srcset=\"https:\/\/vapestornado.com\/wp-content\/uploads\/2025\/03\/Best-Uwin-Twins-Crystal-40000-Puffs-Disposable-Vape.webp 800w, https:\/\/vapestornado.com\/wp-content\/uploads\/2025\/03\/Best-Uwin-Twins-Crystal-40000-Puffs-Disposable-Vape-300x300.webp 300w, https:\/\/vapestornado.com\/wp-content\/uploads\/2025\/03\/Best-Uwin-Twins-Crystal-40000-Puffs-Disposable-Vape-150x150.webp 150w, https:\/\/vapestornado.com\/wp-content\/uploads\/2025\/03\/Best-Uwin-Twins-Crystal-40000-Puffs-Disposable-Vape-768x768.webp 768w, https:\/\/vapestornado.com\/wp-content\/uploads\/2025\/03\/Best-Uwin-Twins-Crystal-40000-Puffs-Disposable-Vape-600x600.webp 600w, https:\/\/vapestornado.com\/wp-content\/uploads\/2025\/03\/Best-Uwin-Twins-Crystal-40000-Puffs-Disposable-Vape-100x100.webp 100w\" sizes=\"(max-width: 800px) 100vw, 800px\" \/><figcaption id=\"caption-attachment-3903\" class=\"wp-caption-text\">Melhor Vape Descart\u00e1vel Uwin Twins Crystal 40000 Puffs<\/figcaption><\/figure>\n<h2 class=\"product-title\"><strong>Lista de Sabores de Vape Uwin Twins Crystal 40000 de Sabor Duplo<\/strong><\/h2>\n<article class=\"w-full text-token-text-primary focus-visible:outline-2 focus-visible:outline-offset-[-4px]\" dir=\"auto\" data-testid=\"conversation-turn-32\" data-scroll-anchor=\"false\">\n<div class=\"m-auto text-base py-[18px] px-6\">\n<div class=\"mx-auto flex flex-1 text-base gap-4 md:gap-5 lg:gap-6 md:max-w-3xl lg:max-w-[40rem] xl:max-w-[48rem]\">\n<div class=\"group\/conversation-turn relative flex w-full min-w-0 flex-col @xs\/thread:px-0 @sm\/thread:px-1.5 @md\/thread:px-4\">\n<div class=\"flex-col gap-1 md:gap-3\">\n<div class=\"flex max-w-full flex-col flex-grow\">\n<div class=\"min-h-8 text-message flex w-full flex-col items-end gap-2 whitespace-normal break-words text-start [.text-message+&amp;]:mt-5\" dir=\"auto\" data-message-author-role=\"user\" data-message-id=\"ffac41ca-1db4-431b-873a-32c4052956f1\">\n<div class=\"flex w-full flex-col gap-1 empty:hidden items-end rtl:items-start\">\n<div class=\"relative max-w-[var(--user-chat-width,70%)] rounded-3xl bg-token-message-surface px-5 py-2.5\">\n<div class=\"absolute bottom-0 right-full top-0 -mr-3.5 hidden pr-5 pt-2 [.group\/conversation-turn:hover_&amp;]:flex\">\n<div class=\"flex\">\n<article class=\"w-full text-token-text-primary focus-visible:outline-2 focus-visible:outline-offset-[-4px]\" dir=\"auto\" data-testid=\"conversation-turn-39\" data-scroll-anchor=\"true\">\n<div class=\"m-auto text-base py-[18px] px-6\">\n<div class=\"mx-auto flex flex-1 text-base gap-4 md:gap-5 lg:gap-6 md:max-w-3xl lg:max-w-[40rem] xl:max-w-[48rem]\">\n<div class=\"group\/conversation-turn relative flex w-full min-w-0 flex-col agent-turn @xs\/thread:px-0 @sm\/thread:px-1.5 @md\/thread:px-4\">\n<div class=\"flex-col gap-1 md:gap-3\">\n<div class=\"flex max-w-full flex-col flex-grow\">\n<div class=\"min-h-8 text-message flex w-full flex-col items-end gap-2 whitespace-normal break-words text-start [.text-message+&amp;]:mt-5\" dir=\"auto\" data-message-author-role=\"assistant\" data-message-id=\"55a23854-ec57-48dd-bd4f-6118f43d6241\" data-message-model-slug=\"gpt-4o\">\n<div class=\"flex w-full flex-col gap-1 empty:hidden first:pt-[3px]\">\n<div class=\"markdown prose w-full break-words dark:prose-invert light\">\n<p>1.Mirtilo Gelado \/ P\u00eassego de Ver\u00e3o Gelado<br \/>\n2.Kiwi Maracuj\u00e1 Goiaba \/ Mirtilo Framboesa<br \/>\n3.Morango Kiwi \/ Uva Gelada<br \/>\n4.Kiwi Maracuj\u00e1 Goiaba \/ Duas Ma\u00e7\u00e3s<br \/>\n5.Morango Melancia \/ Lim\u00e3o Lima<br \/>\n6.Mirtilo Framboesa \/ Cereja Gelada<br \/>\n7.Morango Framboesa Cereja \/ Mr Blue<br \/>\n8.P\u00eassego Manga Anan\u00e1s \/ Red Bull<br \/>\n9.Melancia Gelada \/ Frutos Silvestres<br \/>\n10.Morango Banana \/ Love 66 (Maracuj\u00e1 Mel\u00e3o Gelado)<\/p>\n<\/div>\n<\/div>\n<\/div>\n<\/div>\n<\/div>\n<\/div>\n<\/div>\n<\/div>\n<\/article>\n<\/div>\n<\/div>\n<\/div>\n<\/div>\n<\/div>\n<\/div>\n<\/div>\n<\/div>\n<\/div>\n<\/div>\n<\/article>\n<h3>Porqu\u00ea escolher Vapestornado para a compra a granel do Vape Uwin Twins Crystal 40000?<\/h3>\n<div class=\"flex-shrink-0 flex flex-col relative items-end\">\n<div class=\"pt-0\">\n<div class=\"gizmo-bot-avatar flex h-8 w-8 items-center justify-center overflow-hidden rounded-full\">\n<div class=\"relative p-1 rounded-sm flex items-center justify-center bg-token-main-surface-primary text-token-text-primary h-8 w-8\">\n<p data-start=\"88\" data-end=\"557\">Quando se trata de <strong data-start=\"105\" data-end=\"154\">\u00a0compra de vapes descart\u00e1veis de alta qualidade<\/strong>, <strong data-start=\"156\" data-end=\"172\">Vapestornado<\/strong> \u00e9 a fonte ideal para imbat\u00edveis <strong data-start=\"208\" data-end=\"271\">pre\u00e7os de f\u00e1brica, envio r\u00e1pido e servi\u00e7o de apoio ao cliente premium<\/strong>. Comprar o Uwin Twins Crystal 40k da Vapestornado significa que obt\u00e9m <strong data-start=\"363\" data-end=\"400\">produtos aut\u00eanticos e 100% originais<\/strong> com o mais recente <strong data-start=\"417\" data-end=\"515\">tecnologia de ecr\u00e3 digital, conveni\u00eancia recarreg\u00e1vel Tipo-C e uma enorme capacidade de 25000 puffs<\/strong>\u2014tudo aos <strong data-start=\"527\" data-end=\"554\">pre\u00e7os grossistas mais baixos<\/strong>.<\/p>\n<p data-start=\"559\" data-end=\"933\" data-is-last-node=\"\" data-is-only-node=\"\">Tamb\u00e9m temos alguns outros vapes populares com ecr\u00e3 como <a href=\"https:\/\/vapestornado.com\/pt\/product\/bang-leader-50000-puffs-50k-2-in-1-double-flavor-digital-disposable-vape-bulk-price\/\">L\u00edder BANG 50000<\/a>, <a href=\"https:\/\/vapestornado.com\/pt\/product\/vopk-ultra-40000-puffs-2-in-1-digital-screen-rechargeable-disposable-vape\/\">VOPK 40000 Puff Vape Descart\u00e1vel<\/a>, <a href=\"https:\/\/vapestornado.com\/pt\/product\/vozol-gear-shisha-25k-25000-puffs-best-dtl-disposable-vape-hookah-cheap-price\/\">Vozol Gear Shisha 25000<\/a>, e mais.<\/p>\n<\/div>\n<div class=\"relative p-1 rounded-sm flex items-center justify-center bg-token-main-surface-primary text-token-text-primary h-8 w-8\">\n<h3>PERGUNTAS FREQUENTES<\/h3>\n<p data-start=\"1631\" data-end=\"2011\"><strong data-start=\"1631\" data-end=\"1735\">P: Preciso de um descart\u00e1vel que realmente dure\u2014ser\u00e1 que o vape descart\u00e1vel Uwin Crystal 40000, com sabor duplo e 40000 baforadas, aguenta o ritmo?<\/strong><br data-start=\"1735\" data-end=\"1738\" \/><strong data-start=\"1738\" data-end=\"1744\">A:<\/strong> Sim. O <strong data-start=\"1754\" data-end=\"1803\">Uwin Twins Crystal 40000 Puff Vaporizador Descart\u00e1vel<\/strong> \u00e9 constru\u00eddo para uso prolongado com <strong data-start=\"1835\" data-end=\"1857\">at\u00e9 40.000 tragos<\/strong> e <strong data-start=\"1864\" data-end=\"1892\">Capacidade pr\u00e9-preenchida de 32ml<\/strong>. Para a maioria dos vaporizadores, isso significa <strong data-start=\"1922\" data-end=\"1954\">semanas de sess\u00f5es consistentes<\/strong> em vez de substituir descart\u00e1veis menores a cada poucos dias.<\/p>\n<p data-start=\"2013\" data-end=\"2266\"><strong data-start=\"2013\" data-end=\"2073\">P: Um dispositivo de 40 mil baforadas perde sabor na metade do percurso?<\/strong><br data-start=\"2073\" data-end=\"2076\" \/><strong data-start=\"2076\" data-end=\"2082\">A:<\/strong> Isso \u00e9 comum com bobinas b\u00e1sicas, mas este dispositivo usa <strong data-start=\"2136\" data-end=\"2155\">bobinas de malha dupla<\/strong> que aquece o l\u00edquido eletr\u00f3nico de forma uniforme. O resultado \u00e9 <strong data-start=\"2197\" data-end=\"2241\">densidade de vapor est\u00e1vel e sabor mais suave<\/strong> desde a primeira tragada at\u00e9 \u00e0 \u00faltima.<\/p>\n<p data-start=\"2268\" data-end=\"2578\"><strong data-start=\"2268\" data-end=\"2326\">P: Fico entediado com um sabor. Preciso de dois dispositivos?<\/strong><br data-start=\"2326\" data-end=\"2329\" \/><strong data-start=\"2329\" data-end=\"2335\">A:<\/strong> N\u00e3o. O <strong data-start=\"2344\" data-end=\"2374\">Sistema de sabor duplo 2-em-1<\/strong> oferece-lhe <strong data-start=\"2385\" data-end=\"2412\">dois sabores numa vape<\/strong>, e pode alternar facilmente sempre que a sua prefer\u00eancia mudar. \u00c9 ideal para variedade durante o dia todo, viagens ou utilizadores que gostam de combinar um perfil doce com um gelado.<\/p>\n<p data-start=\"2580\" data-end=\"2830\"><strong data-start=\"2580\" data-end=\"2641\">P: Como sei quando \u00e9 hora de recarregar ou substituir?<\/strong><br data-start=\"2641\" data-end=\"2644\" \/><strong data-start=\"2644\" data-end=\"2650\">A:<\/strong> 2) Troca de sabor dupla (2-em-1 Duplo Sabor) <strong data-start=\"2661\" data-end=\"2696\">vape descart\u00e1vel com ecr\u00e3 LED<\/strong> que mostra <strong data-start=\"2708\" data-end=\"2752\">n\u00edveis de bateria e de e-l\u00edquido em tempo real<\/strong>. Vai sempre saber o que resta\u2014sem bateria descarregada surpresa, sem hits secos repentinos.<\/p>\n<p data-start=\"2832\" data-end=\"3096\"><strong data-start=\"2832\" data-end=\"2901\">P: A bateria vai durar tempo suficiente para uma contagem de tragadas t\u00e3o grande?<\/strong><br data-start=\"2901\" data-end=\"2904\" \/><strong data-start=\"2904\" data-end=\"2910\">A:<\/strong> Sim. O <strong data-start=\"2920\" data-end=\"2951\">bateria recarreg\u00e1vel de 850mAh<\/strong> \u00e9 projetado para suportar dispositivos de alta capacidade. E com <strong data-start=\"3007\" data-end=\"3031\">carregamento r\u00e1pido Tipo-C<\/strong>, pode recarregar rapidamente e continuar a usar toda a quantidade de l\u00edquido.<\/p>\n<p data-start=\"3364\" data-end=\"3670\"><strong data-start=\"3364\" data-end=\"3418\">P: Por que \u00e9 que este vape descart\u00e1vel 2-em-1 Uwin Crystal 40000 \u00e9 uma escolha forte para atacado em 2025?<\/strong><br data-start=\"3418\" data-end=\"3421\" \/><strong data-start=\"3421\" data-end=\"3427\">A:<\/strong> A procura por <strong data-start=\"3439\" data-end=\"3471\">vapes descart\u00e1veis de 40.000 tragadas<\/strong> est\u00e1 a aumentar na Europa porque os utilizadores querem maior durabilidade, conveni\u00eancia de sabor duplo e rastreio inteligente. O Uwin Crystal combina todos os tr\u00eas, tornando-o confi\u00e1vel para vendas repetidas e posicionamento premium.<\/p>\n<\/div>\n<\/div>\n<\/div>\n<\/div>","protected":false},"excerpt":{"rendered":"<p>Uwin Twins Crystal 40000 40k Puff Digital Vape Pre\u00e7o por grosso<br \/>\nUwin Twins Crystal 40k Puff Melhor Vape Descart\u00e1vel em Portugal<br \/>\nUwin Crystal 40000 40k Puff Pre\u00e7o Baixo Comprar online<\/p>\n<p><strong>Adicione o whatsapp da Amy para obter resposta certa e pre\u00e7o de desconto!<\/strong><\/p>\n<p><img fetchpriority=\"high\" decoding=\"async\" class=\"size-full wp-image-2932\" src=\"https:\/\/vapestornado.com\/wp-content\/uploads\/2024\/12\/Vape-Wholesale.jpg\" alt=\"Vape Atacado\" width=\"229\" height=\"300\" \/><\/p>\n<h3><a href=\"https:\/\/wa.me\/8617776015835\"><span style=\"color: #ff0000;\"><strong>WhatsApp: +86 17776015835<\/strong><\/span><\/a><\/h3>\n<p>&nbsp;<\/p>","protected":false},"featured_media":3908,"comment_status":"open","ping_status":"closed","template":"","meta":{"_acf_changed":false,"_uag_custom_page_level_css":"","_lmt_disableupdate":"no","_lmt_disable":"","_monsterinsights_skip_tracking":false,"_monsterinsights_sitenote_active":false,"_monsterinsights_sitenote_note":"","_monsterinsights_sitenote_category":0,"site-sidebar-layout":"default","site-content-layout":"","ast-site-content-layout":"default","site-content-style":"default","site-sidebar-style":"default","ast-global-header-display":"","ast-banner-title-visibility":"","ast-main-header-display":"","ast-hfb-above-header-display":"","ast-hfb-below-header-display":"","ast-hfb-mobile-header-display":"","site-post-title":"","ast-breadcrumbs-content":"","ast-featured-img":"","footer-sml-layout":"","ast-disable-related-posts":"","theme-transparent-header-meta":"default","adv-header-id-meta":"","stick-header-meta":"","header-above-stick-meta":"","header-main-stick-meta":"","header-below-stick-meta":"","astra-migrate-meta-layouts":"set","ast-page-background-enabled":"default","ast-page-background-meta":{"desktop":{"background-color":"","background-image":"","background-repeat":"repeat","background-position":"center center","background-size":"auto","background-attachment":"scroll","background-type":"","background-media":"","overlay-type":"","overlay-color":"","overlay-opacity":"","overlay-gradient":""},"tablet":{"background-color":"","background-image":"","background-repeat":"repeat","background-position":"center center","background-size":"auto","background-attachment":"scroll","background-type":"","background-media":"","overlay-type":"","overlay-color":"","overlay-opacity":"","overlay-gradient":""},"mobile":{"background-color":"","background-image":"","background-repeat":"repeat","background-position":"center center","background-size":"auto","background-attachment":"scroll","background-type":"","background-media":"","overlay-type":"","overlay-color":"","overlay-opacity":"","overlay-gradient":""}},"ast-content-background-meta":{"desktop":{"background-color":"var(--ast-global-color-5)","background-image":"","background-repeat":"repeat","background-position":"center center","background-size":"auto","background-attachment":"scroll","background-type":"","background-media":"","overlay-type":"","overlay-color":"","overlay-opacity":"","overlay-gradient":""},"tablet":{"background-color":"var(--ast-global-color-5)","background-image":"","background-repeat":"repeat","background-position":"center center","background-size":"auto","background-attachment":"scroll","background-type":"","background-media":"","overlay-type":"","overlay-color":"","overlay-opacity":"","overlay-gradient":""},"mobile":{"background-color":"var(--ast-global-color-5)","background-image":"","background-repeat":"repeat","background-position":"center center","background-size":"auto","background-attachment":"scroll","background-type":"","background-media":"","overlay-type":"","overlay-color":"","overlay-opacity":"","overlay-gradient":""}},"_joinchat":{"telephone":"17776015835"}},"product_brand":[],"product_cat":[19,65,151,154,141,142,233],"product_tag":[261,120,105,94,273,279,269],"class_list":{"0":"post-3932","1":"product","2":"type-product","3":"status-publish","4":"has-post-thumbnail","6":"product_cat-vapes","7":"product_cat-40000-puff","8":"product_cat-buy-disposable-vapes-in-france","9":"product_cat-buy-disposable-vapes-in-netherlands","10":"product_cat-crystal-disposable-vapes","11":"product_cat-digital-box-disposable-vapes","12":"product_cat-uwin-vape","13":"product_tag-2-in-1-double-flavor-vape","14":"product_tag-crystal-vape","15":"product_tag-digital-disposable-vape","16":"product_tag-rechargeable-disposable-vape","17":"product_tag-twins-flavor-vape-pod","18":"product_tag-uwin-twins-crystal-40000","19":"product_tag-vape-with-screen","20":"desktop-align-left","21":"tablet-align-left","22":"mobile-align-left","24":"first","25":"instock","26":"sale","27":"shipping-taxable","28":"purchasable","29":"product-type-simple"},"acf":[],"uagb_featured_image_src":{"full":["https:\/\/vapestornado.com\/wp-content\/uploads\/2025\/03\/Uwin-Twins-Crystal-40000-Puffs-Two-Flavors-in-Vape.webp",800,800,false],"thumbnail":["https:\/\/vapestornado.com\/wp-content\/uploads\/2025\/03\/Uwin-Twins-Crystal-40000-Puffs-Two-Flavors-in-Vape-150x150.webp",150,150,true],"medium":["https:\/\/vapestornado.com\/wp-content\/uploads\/2025\/03\/Uwin-Twins-Crystal-40000-Puffs-Two-Flavors-in-Vape-300x300.webp",300,300,true],"medium_large":["https:\/\/vapestornado.com\/wp-content\/uploads\/2025\/03\/Uwin-Twins-Crystal-40000-Puffs-Two-Flavors-in-Vape-768x768.webp",768,768,true],"large":["https:\/\/vapestornado.com\/wp-content\/uploads\/2025\/03\/Uwin-Twins-Crystal-40000-Puffs-Two-Flavors-in-Vape.webp",800,800,false],"1536x1536":["https:\/\/vapestornado.com\/wp-content\/uploads\/2025\/03\/Uwin-Twins-Crystal-40000-Puffs-Two-Flavors-in-Vape.webp",800,800,false],"2048x2048":["https:\/\/vapestornado.com\/wp-content\/uploads\/2025\/03\/Uwin-Twins-Crystal-40000-Puffs-Two-Flavors-in-Vape.webp",800,800,false],"trp-custom-language-flag":["https:\/\/vapestornado.com\/wp-content\/uploads\/2025\/03\/Uwin-Twins-Crystal-40000-Puffs-Two-Flavors-in-Vape.webp",12,12,false],"woocommerce_thumbnail":["https:\/\/vapestornado.com\/wp-content\/uploads\/2025\/03\/Uwin-Twins-Crystal-40000-Puffs-Two-Flavors-in-Vape-300x300.webp",300,300,true],"woocommerce_single":["https:\/\/vapestornado.com\/wp-content\/uploads\/2025\/03\/Uwin-Twins-Crystal-40000-Puffs-Two-Flavors-in-Vape-600x600.webp",600,600,true],"woocommerce_gallery_thumbnail":["https:\/\/vapestornado.com\/wp-content\/uploads\/2025\/03\/Uwin-Twins-Crystal-40000-Puffs-Two-Flavors-in-Vape-100x100.webp",100,100,true]},"uagb_author_info":{"display_name":"ESAMY","author_link":"https:\/\/vapestornado.com\/pt\/author\/"},"uagb_comment_info":0,"uagb_excerpt":"Uwin Twins Crystal 40000 40k Puff Digital Vape Wholesale Price Uwin Twins Crystal 40k Puff Best Disposable Vape in Netherlands Uwin Crystal 40000 40k Puff Cheap\u00a0Price Buy online Add Amy's whatsapp to get right reply and discount price! WhatsApp: +86 17776015835 &nbsp;","_links":{"self":[{"href":"https:\/\/vapestornado.com\/pt\/wp-json\/wp\/v2\/product\/3932","targetHints":{"allow":["GET"]}}],"collection":[{"href":"https:\/\/vapestornado.com\/pt\/wp-json\/wp\/v2\/product"}],"about":[{"href":"https:\/\/vapestornado.com\/pt\/wp-json\/wp\/v2\/types\/product"}],"replies":[{"embeddable":true,"href":"https:\/\/vapestornado.com\/pt\/wp-json\/wp\/v2\/comments?post=3932"}],"wp:featuredmedia":[{"embeddable":true,"href":"https:\/\/vapestornado.com\/pt\/wp-json\/wp\/v2\/media\/3908"}],"wp:attachment":[{"href":"https:\/\/vapestornado.com\/pt\/wp-json\/wp\/v2\/media?parent=3932"}],"wp:term":[{"taxonomy":"product_brand","embeddable":true,"href":"https:\/\/vapestornado.com\/pt\/wp-json\/wp\/v2\/product_brand?post=3932"},{"taxonomy":"product_cat","embeddable":true,"href":"https:\/\/vapestornado.com\/pt\/wp-json\/wp\/v2\/product_cat?post=3932"},{"taxonomy":"product_tag","embeddable":true,"href":"https:\/\/vapestornado.com\/pt\/wp-json\/wp\/v2\/product_tag?post=3932"}],"curies":[{"name":"wp","href":"https:\/\/api.w.org\/{rel}","templated":true}]}}