{"id":3863,"date":"2025-03-17T02:44:11","date_gmt":"2025-03-17T02:44:11","guid":{"rendered":"https:\/\/vapestornado.com\/?post_type=product&#038;p=3863"},"modified":"2025-08-22T11:44:19","modified_gmt":"2025-08-22T11:44:19","slug":"factory-wholesale-waspe-tornado-15000-puff-15k-vape-pen-kit","status":"publish","type":"product","link":"https:\/\/vapestornado.com\/pt\/product\/factory-wholesale-waspe-tornado-15000-puff-15k-vape-pen-kit\/","title":{"rendered":"Atacado de F\u00e1brica Waspe Tornado 15000 Puff 15K Kit de Caneta Vape"},"content":{"rendered":"<h1 data-pm-slice=\"1 1 []\">Atacado de F\u00e1brica Waspe Tornado 15000 Puff 15K Kit de Caneta Vape<\/h1>\n<h3 data-start=\"0\" data-end=\"98\"><strong data-start=\"4\" data-end=\"96\">Venda por Atacado de F\u00e1brica Kit de Caneta Vape Waspe Tornado Puff 15000 \u2013 Recarreg\u00e1vel<\/strong><\/h3>\n<p data-start=\"100\" data-end=\"562\">O <strong data-start=\"302\" data-end=\"343\">Waspe Tornado 15000 Puff Kit de Caneta Vape<\/strong> \u00e9 projetado para desempenho, conveni\u00eancia e valor de atacado. Com um <strong data-start=\"416\" data-end=\"442\">capacidade de e-l\u00edquido de 22ml<\/strong> e at\u00e9 <strong data-start=\"453\" data-end=\"469\">15.000 puffs<\/strong>, garante uso prolongado, tornando-o uma \u00f3tima escolha tanto para retalhistas quanto para utilizadores finais.<\/p>\n<h4 data-start=\"564\" data-end=\"618\"><strong data-start=\"569\" data-end=\"616\">15000 Baforadas \u2013 Satisfa\u00e7\u00e3o Prolongada<\/strong><\/h4>\n<p data-start=\"619\" data-end=\"834\">Com um impressionante <strong data-start=\"638\" data-end=\"665\">15,000 baforadas por dispositivo<\/strong>, o Waspe Tornado 15K garante <strong data-start=\"697\" data-end=\"717\">uso duradouro<\/strong>, tornando-o uma escolha econ\u00f3mica para <strong data-start=\"762\" data-end=\"793\">vapers casuais e retalhistas<\/strong> \u00e0 procura de <strong data-start=\"806\" data-end=\"831\">vapes descart\u00e1veis a granel<\/strong>.<\/p>\n<h4 data-start=\"836\" data-end=\"895\"><strong data-start=\"841\" data-end=\"893\">Bateria Recarreg\u00e1vel de 850mAh \u2013 Sem L\u00edquido Desperdi\u00e7ado<\/strong><\/h4>\n<p data-start=\"896\" data-end=\"1166\">Ao contr\u00e1rio dos descart\u00e1veis tradicionais, esta <strong data-start=\"933\" data-end=\"961\">caneta vape \u00e9 recarreg\u00e1vel<\/strong>, permitindo-lhe desfrutar de cada gota de <strong data-start=\"999\" data-end=\"1027\">l\u00edquido pr\u00e9-preenchido de 22ml<\/strong>. O <strong data-start=\"1033\" data-end=\"1051\">bateria de 850mAh<\/strong> fornece energia fi\u00e1vel e, com <strong data-start=\"1086\" data-end=\"1110\">carregamento r\u00e1pido Tipo-C<\/strong>, passar\u00e1 menos tempo \u00e0 espera e mais tempo a vaporizar.<\/p>\n<h4 data-start=\"1168\" data-end=\"1216\"><strong data-start=\"1173\" data-end=\"1214\">Ecr\u00e3 Digital LCD \u2013 Mantenha o Controlo<\/strong><\/h4>\n<p data-start=\"1217\" data-end=\"1406\">Esque\u00e7a as adivinhas sobre quando \u00e9 a hora de recarregar! O <strong data-start=\"1274\" data-end=\"1288\">ecr\u00e3 LCD<\/strong> incorporado d\u00e1-lhe atualiza\u00e7\u00f5es em tempo real sobre a sua <strong data-start=\"1325\" data-end=\"1361\">a dura\u00e7\u00e3o da bateria e os n\u00edveis de e-l\u00edquido<\/strong>, garantindo uma experi\u00eancia de vaporiza\u00e7\u00e3o sem complica\u00e7\u00f5es.<\/p>\n<h4 data-start=\"1408\" data-end=\"1475\"><strong data-start=\"1413\" data-end=\"1473\">Tecnologia de Bobina Mesh \u2013 Sabor M\u00e1ximo<\/strong><\/h4>\n<p data-start=\"1476\" data-end=\"1716\">Equipado com um <strong data-start=\"1493\" data-end=\"1515\">bobina de malha avan\u00e7ada<\/strong>, o Waspe 15000 oferece <strong data-start=\"1542\" data-end=\"1571\">sabores ricos e encorpados<\/strong> a cada sopro. Quer goste de vapes <strong data-start=\"1606\" data-end=\"1645\">frutados, gelados ou inspirados em refrigerantes<\/strong>, o <strong data-start=\"1651\" data-end=\"1674\">sele\u00e7\u00e3o de 12 sabores<\/strong> garante que h\u00e1 algo para todos.<\/p>\n<h4 data-start=\"1718\" data-end=\"1773\"><strong data-start=\"1723\" data-end=\"1771\">Op\u00e7\u00f5es de Concentra\u00e7\u00e3o de Nicotina \u2013 0%, 2%, 3%,<\/strong><\/h4>\n<p data-start=\"1774\" data-end=\"1901\">A pensar em todos os vapers, o Waspe Tornado 15000 oferece <strong data-start=\"1829\" data-end=\"1867\">Op\u00e7\u00f5es de m\u00faltiplas concentra\u00e7\u00f5es de nicotina<\/strong> para se adequar a diferentes prefer\u00eancias:<\/p>\n<ul data-start=\"1902\" data-end=\"2150\">\n<li data-start=\"1902\" data-end=\"1992\"><strong data-start=\"1904\" data-end=\"1926\">0% (Sem nicotina)<\/strong> \u2013 Ideal para os amantes de sabor que preferem uma experi\u00eancia pura e suave.<\/li>\n<li data-start=\"1993\" data-end=\"2059\"><strong data-start=\"1995\" data-end=\"2006\">2%<\/strong> \u2013 Concentra\u00e7\u00e3o de nicotina equilibrada para vapers moderados.<\/li>\n<li data-start=\"2060\" data-end=\"2150\"><strong data-start=\"2062\" data-end=\"2075\">5% (50mg)<\/strong> \u2013 Forte dose de nicotina para aqueles que desfrutam de uma sess\u00e3o de vaping mais intensa.<\/li>\n<\/ul>\n<h4 data-start=\"2152\" data-end=\"2204\"><strong data-start=\"2157\" data-end=\"2202\">Pre\u00e7o de Atacado<\/strong><\/h4>\n<p data-start=\"2205\" data-end=\"2410\">Perfeito para donos de lojas de vape, distribuidores e compradores a granel, o Waspe Tornado Puff 15000 est\u00e1 dispon\u00edvel em <strong data-start=\"2311\" data-end=\"2335\">pre\u00e7os de atacado baixos<\/strong>. Encomende a granel e <strong data-start=\"2355\" data-end=\"2407\">obtenha vapes descart\u00e1veis premium a custos imbat\u00edveis<\/strong>.<\/p>\n<p><strong><span style=\"color: #ff0000;\">Adicione o WhatsApp da Amy para obter uma resposta imediata e um pre\u00e7o com desconto!<\/span><\/strong><\/p>\n<p><img fetchpriority=\"high\" decoding=\"async\" class=\"size-full wp-image-2932\" src=\"https:\/\/vapestornado.com\/wp-content\/uploads\/2024\/12\/Vape-Wholesale.jpg\" alt=\"Vape Atacado\" width=\"229\" height=\"300\" \/><\/p>\n<h3><a href=\"https:\/\/wa.me\/8617776015835\" target=\"_blank\" rel=\"noopener\"><span style=\"color: #ff0000;\"><strong>WhatsApp: +86 17776015835<\/strong><\/span><\/a><\/h3>\n<p>&nbsp;<\/p>\n<h2><strong>Principais caracter\u00edsticas do produto Waspe Tornado 15000 Puffs<\/strong><\/h2>\n<p>Marca: WASPE<br \/>\nPuffs: 15000<br \/>\nBateria: 850mAh Recarreg\u00e1vel<br \/>\nEcr\u00e3: Ecr\u00e3 Digital LED<br \/>\nNicotina: 0% 2% 3% 5%<br \/>\nCapacidade de L\u00edquido: 22ml<br \/>\nBobina: Bobina de Malha<\/p>\n<figure id=\"attachment_3847\" aria-describedby=\"caption-attachment-3847\" style=\"width: 800px\" class=\"wp-caption alignnone\"><img decoding=\"async\" class=\"wp-image-3847 size-full\" src=\"https:\/\/vapestornado.com\/wp-content\/uploads\/2025\/03\/Tornado-15k-Puff-Waspe-Vape.webp\" alt=\"Vape Waspe Tornado 15k Puffs\" width=\"800\" height=\"800\" srcset=\"https:\/\/vapestornado.com\/wp-content\/uploads\/2025\/03\/Tornado-15k-Puff-Waspe-Vape.webp 800w, https:\/\/vapestornado.com\/wp-content\/uploads\/2025\/03\/Tornado-15k-Puff-Waspe-Vape-300x300.webp 300w, https:\/\/vapestornado.com\/wp-content\/uploads\/2025\/03\/Tornado-15k-Puff-Waspe-Vape-150x150.webp 150w, https:\/\/vapestornado.com\/wp-content\/uploads\/2025\/03\/Tornado-15k-Puff-Waspe-Vape-768x768.webp 768w, https:\/\/vapestornado.com\/wp-content\/uploads\/2025\/03\/Tornado-15k-Puff-Waspe-Vape-600x600.webp 600w, https:\/\/vapestornado.com\/wp-content\/uploads\/2025\/03\/Tornado-15k-Puff-Waspe-Vape-100x100.webp 100w\" sizes=\"(max-width: 800px) 100vw, 800px\" \/><figcaption id=\"caption-attachment-3847\" class=\"wp-caption-text\">Vape Waspe Tornado 15k Puffs<\/figcaption><\/figure>\n<h2 class=\"product-title\"><strong>Lista de Sabores do Vape Inteligente Waspe Tornado 15k<\/strong><\/h2>\n<article class=\"group\/turn w-full text-token-text-primary focus-visible:outline-2 focus-visible:outline-offset-[-4px]\" dir=\"auto\" data-testid=\"conversation-turn-61\" data-scroll-anchor=\"true\">\n<div class=\"text-base my-auto mx-auto py-[18px] px-6\">\n<div class=\"mx-auto flex flex-1 text-base gap-4 md:gap-5 lg:gap-6 md:max-w-3xl lg:max-w-[40rem] xl:max-w-[48rem]\">\n<div class=\"group\/conversation-turn relative flex w-full min-w-0 flex-col agent-turn @xs\/thread:px-0 @sm\/thread:px-1.5 @md\/thread:px-4\">\n<div class=\"flex-col gap-1 md:gap-3\">\n<div class=\"flex max-w-full flex-col flex-grow\">\n<div class=\"min-h-8 text-message relative flex w-full flex-col items-end gap-2 whitespace-normal break-words text-start [.text-message+&amp;]:mt-5\" dir=\"auto\" data-message-author-role=\"assistant\" data-message-id=\"762d7e41-70d5-4ddf-94cb-85ef5025d3a8\" data-message-model-slug=\"gpt-4o\">\n<div class=\"flex w-full flex-col gap-1 empty:hidden first:pt-[3px]\">\n<div class=\"markdown prose w-full break-words dark:prose-invert light\">\n<p>1. Melancia Gelada <strong><span style=\"color: #ff0000;\">&gt;&gt;&gt;&gt; Quente!<\/span><\/strong><br \/>\n2. Morango Melancia <strong><span style=\"color: #ff0000;\">&gt;&gt;&gt;&gt; Quente!<\/span><\/strong><br \/>\n3. Laranja Gasosa<br \/>\n4. Ma\u00e7\u00e3 Dupla<br \/>\n5. Morango Kiwi <strong><span style=\"color: #ff0000;\">&gt;&gt;&gt;&gt; Quente!<\/span><\/strong><br \/>\n6. Cereja Gelada<br \/>\n7. Uva Aloe<br \/>\n8. Frutos Silvestres <strong><span style=\"color: #ff0000;\">&gt;&gt;&gt;&gt; O melhor!<\/span><\/strong><br \/>\n9. Mirtilo Gelado<br \/>\n10. Morango Manga <strong><span style=\"color: #ff0000;\">&gt;&gt;&gt;&gt; Quente!<\/span><\/strong><br \/>\n11. Lim\u00e3o Framboesa Azul<br \/>\n12. P\u00eassego Gelado <strong><span style=\"color: #ff0000;\">&gt;&gt;&gt;&gt; Quente!<\/span><\/strong><\/p>\n<\/div>\n<\/div>\n<\/div>\n<\/div>\n<\/div>\n<\/div>\n<\/div>\n<\/div>\n<\/article>\n<article class=\"w-full text-token-text-primary focus-visible:outline-2 focus-visible:outline-offset-[-4px]\" dir=\"auto\" data-testid=\"conversation-turn-32\" data-scroll-anchor=\"false\">\n<div class=\"m-auto text-base py-[18px] px-6\">\n<div class=\"mx-auto flex flex-1 text-base gap-4 md:gap-5 lg:gap-6 md:max-w-3xl lg:max-w-[40rem] xl:max-w-[48rem]\">\n<div class=\"group\/conversation-turn relative flex w-full min-w-0 flex-col @xs\/thread:px-0 @sm\/thread:px-1.5 @md\/thread:px-4\">\n<div class=\"flex-col gap-1 md:gap-3\">\n<div class=\"flex max-w-full flex-col flex-grow\">\n<div class=\"min-h-8 text-message flex w-full flex-col items-end gap-2 whitespace-normal break-words text-start [.text-message+&amp;]:mt-5\" dir=\"auto\" data-message-author-role=\"user\" data-message-id=\"ffac41ca-1db4-431b-873a-32c4052956f1\">\n<div class=\"flex w-full flex-col gap-1 empty:hidden items-end rtl:items-start\">\n<div class=\"relative max-w-[var(--user-chat-width,70%)] rounded-3xl bg-token-message-surface px-5 py-2.5\">\n<div class=\"absolute bottom-0 right-full top-0 -mr-3.5 hidden pr-5 pt-2 [.group\/conversation-turn:hover_&amp;]:flex\">\n<div class=\"flex\">\n<article class=\"w-full text-token-text-primary focus-visible:outline-2 focus-visible:outline-offset-[-4px]\" dir=\"auto\" data-testid=\"conversation-turn-39\" data-scroll-anchor=\"true\">\n<div class=\"m-auto text-base py-[18px] px-6\">\n<div class=\"mx-auto flex flex-1 text-base gap-4 md:gap-5 lg:gap-6 md:max-w-3xl lg:max-w-[40rem] xl:max-w-[48rem]\">\n<div class=\"group\/conversation-turn relative flex w-full min-w-0 flex-col agent-turn @xs\/thread:px-0 @sm\/thread:px-1.5 @md\/thread:px-4\">\n<div class=\"flex-col gap-1 md:gap-3\">\n<div class=\"flex max-w-full flex-col flex-grow\">\n<div class=\"min-h-8 text-message flex w-full flex-col items-end gap-2 whitespace-normal break-words text-start [.text-message+&amp;]:mt-5\" dir=\"auto\" data-message-author-role=\"assistant\" data-message-id=\"55a23854-ec57-48dd-bd4f-6118f43d6241\" data-message-model-slug=\"gpt-4o\">\n<div class=\"flex w-full flex-col gap-1 empty:hidden first:pt-[3px]\">\n<div class=\"markdown prose w-full break-words dark:prose-invert light\"><\/div>\n<\/div>\n<\/div>\n<\/div>\n<\/div>\n<\/div>\n<\/div>\n<\/div>\n<\/article>\n<\/div>\n<\/div>\n<\/div>\n<\/div>\n<\/div>\n<\/div>\n<\/div>\n<\/div>\n<\/div>\n<\/div>\n<\/article>\n<h3>Por que escolher a Vapestornado para encomenda a granel de Vape Digital Waspe Tornado 15k?<\/h3>\n<div class=\"flex-shrink-0 flex flex-col relative items-end\">\n<div class=\"pt-0\">\n<div class=\"gizmo-bot-avatar flex h-8 w-8 items-center justify-center overflow-hidden rounded-full\">\n<div class=\"relative p-1 rounded-sm flex items-center justify-center bg-token-main-surface-primary text-token-text-primary h-8 w-8\">\n<p data-start=\"75\" data-end=\"479\">Quando se trata de <strong data-start=\"92\" data-end=\"117\">vapes descart\u00e1veis a granel<\/strong>, <strong data-start=\"119\" data-end=\"152\">A loja online de vape Vapestornado<\/strong> \u00e9 o destino ideal para <strong data-start=\"182\" data-end=\"202\">compradores por grosso<\/strong> \u00e0 procura de <strong data-start=\"215\" data-end=\"257\">pre\u00e7os acess\u00edveis e qualidade de primeira linha<\/strong>. N\u00f3s oferecemos <strong data-start=\"268\" data-end=\"299\">pre\u00e7os exclusivos de atacado<\/strong> no <strong data-start=\"307\" data-end=\"333\">Vape WASPE 15000 Puffs<\/strong>, permitindo que retalhistas e distribuidores se abaste\u00e7am de um dos mais procurados <strong data-start=\"412\" data-end=\"445\">vapes descart\u00e1veis recarreg\u00e1veis<\/strong> com um\/uma <strong data-start=\"453\" data-end=\"476\">ecr\u00e3 LCD digital<\/strong>.<\/p>\n<\/div>\n<div class=\"relative p-1 rounded-sm flex items-center justify-center bg-token-main-surface-primary text-token-text-primary h-8 w-8\">\n<h3>Perguntas Frequentes sobre o Cigarro Eletr\u00f3nico Descart\u00e1vel Waspe Tornado 15k<\/h3>\n<p data-start=\"2462\" data-end=\"2654\"><strong data-start=\"2462\" data-end=\"2522\">1. Quanto tempo dura o Vape Waspe Tornado Puff 15000?<\/strong><br data-start=\"2522\" data-end=\"2525\" \/>Com <strong data-start=\"2530\" data-end=\"2557\">15,000 baforadas por dispositivo<\/strong>, este vape foi concebido para uma utiliza\u00e7\u00e3o prolongada. A sua dura\u00e7\u00e3o real depende da frequ\u00eancia com que o utiliza.<\/p>\n<p data-start=\"2656\" data-end=\"2835\"><strong data-start=\"2656\" data-end=\"2706\">2. O Vape Waspe 15000 Puffs \u00e9 recarreg\u00e1vel?<\/strong><br data-start=\"2706\" data-end=\"2709\" \/>Sim! Possui uma <strong data-start=\"2729\" data-end=\"2760\">bateria recarreg\u00e1vel de 850mAh<\/strong> com <strong data-start=\"2766\" data-end=\"2785\">carregamento Tipo-C<\/strong>, garantindo a m\u00e1xima efici\u00eancia e o m\u00ednimo de desperd\u00edcio.<\/p>\n<p data-start=\"2837\" data-end=\"3005\"><strong data-start=\"2837\" data-end=\"2875\">3. O que o ecr\u00e3 LCD mostra?<\/strong><br data-start=\"2875\" data-end=\"2878\" \/>O <strong data-start=\"2882\" data-end=\"2896\">ecr\u00e3 LCD<\/strong> fornece atualiza\u00e7\u00f5es em tempo real sobre o <strong data-start=\"2927\" data-end=\"2963\">a dura\u00e7\u00e3o da bateria e os n\u00edveis de e-l\u00edquido<\/strong>, facilitando a monitoriza\u00e7\u00e3o do seu dispositivo.<\/p>\n<p data-start=\"3007\" data-end=\"3175\"><strong data-start=\"3007\" data-end=\"3052\">4. Que n\u00edveis de nicotina est\u00e3o dispon\u00edveis?<\/strong><br data-start=\"3052\" data-end=\"3055\" \/>Este vape vem em <strong data-start=\"3074\" data-end=\"3115\">0%, 2%, 3% e 5% de nicotina<\/strong>, permitindo aos utilizadores escolher o seu n\u00edvel de nicotina preferido.<\/p>\n<p data-start=\"3177\" data-end=\"3407\"><strong data-start=\"3177\" data-end=\"3244\">5. Onde posso comprar o Waspe Tornado 15000 a pre\u00e7os de revenda?<\/strong><br data-start=\"3244\" data-end=\"3247\" \/>Para <strong data-start=\"3251\" data-end=\"3293\">compras a granel e descontos para revenda<\/strong>, visite <strong data-start=\"3301\" data-end=\"3334\">A loja online de vape Vapestornado<\/strong>, a sua fonte de confian\u00e7a para <strong data-start=\"3360\" data-end=\"3404\">vapes descart\u00e1veis recarreg\u00e1veis acess\u00edveis<\/strong>.<\/p>\n<\/div>\n<\/div>\n<\/div>\n<\/div>","protected":false},"excerpt":{"rendered":"<p>Venda por atacado Waspe Tornado 15000 Baixa Nicotina Vaporizador Descart\u00e1vel<br \/>\nKit de Caneta Vape Descart\u00e1vel Waspe Tornado 15K Pre\u00e7o de F\u00e1brica<br \/>\nWASPE 15000 Pod Descart\u00e1vel com Ecr\u00e3 Digital Melhor Sabor em Promo\u00e7\u00e3o<\/p>\n<p><strong>Adicione o whatsapp da Amy para obter resposta certa e pre\u00e7o de desconto!<\/strong><\/p>\n<p><img fetchpriority=\"high\" decoding=\"async\" class=\"size-full wp-image-2932\" src=\"https:\/\/vapestornado.com\/wp-content\/uploads\/2024\/12\/Vape-Wholesale.jpg\" alt=\"Vape Atacado\" width=\"229\" height=\"300\" \/><\/p>\n<h3><a href=\"https:\/\/wa.me\/8617776015835\"><span style=\"color: #ff0000;\"><strong>WhatsApp: +86 17776015835<\/strong><\/span><\/a><\/h3>\n<p>&nbsp;<\/p>","protected":false},"featured_media":3846,"comment_status":"open","ping_status":"closed","template":"","meta":{"_acf_changed":false,"_uag_custom_page_level_css":"","_lmt_disableupdate":"no","_lmt_disable":"","_monsterinsights_skip_tracking":false,"_monsterinsights_sitenote_active":false,"_monsterinsights_sitenote_note":"","_monsterinsights_sitenote_category":0,"site-sidebar-layout":"default","site-content-layout":"","ast-site-content-layout":"default","site-content-style":"default","site-sidebar-style":"default","ast-global-header-display":"","ast-banner-title-visibility":"","ast-main-header-display":"","ast-hfb-above-header-display":"","ast-hfb-below-header-display":"","ast-hfb-mobile-header-display":"","site-post-title":"","ast-breadcrumbs-content":"","ast-featured-img":"","footer-sml-layout":"","ast-disable-related-posts":"","theme-transparent-header-meta":"default","adv-header-id-meta":"","stick-header-meta":"","header-above-stick-meta":"","header-main-stick-meta":"","header-below-stick-meta":"","astra-migrate-meta-layouts":"set","ast-page-background-enabled":"default","ast-page-background-meta":{"desktop":{"background-color":"","background-image":"","background-repeat":"repeat","background-position":"center center","background-size":"auto","background-attachment":"scroll","background-type":"","background-media":"","overlay-type":"","overlay-color":"","overlay-opacity":"","overlay-gradient":""},"tablet":{"background-color":"","background-image":"","background-repeat":"repeat","background-position":"center center","background-size":"auto","background-attachment":"scroll","background-type":"","background-media":"","overlay-type":"","overlay-color":"","overlay-opacity":"","overlay-gradient":""},"mobile":{"background-color":"","background-image":"","background-repeat":"repeat","background-position":"center center","background-size":"auto","background-attachment":"scroll","background-type":"","background-media":"","overlay-type":"","overlay-color":"","overlay-opacity":"","overlay-gradient":""}},"ast-content-background-meta":{"desktop":{"background-color":"var(--ast-global-color-5)","background-image":"","background-repeat":"repeat","background-position":"center center","background-size":"auto","background-attachment":"scroll","background-type":"","background-media":"","overlay-type":"","overlay-color":"","overlay-opacity":"","overlay-gradient":""},"tablet":{"background-color":"var(--ast-global-color-5)","background-image":"","background-repeat":"repeat","background-position":"center center","background-size":"auto","background-attachment":"scroll","background-type":"","background-media":"","overlay-type":"","overlay-color":"","overlay-opacity":"","overlay-gradient":""},"mobile":{"background-color":"var(--ast-global-color-5)","background-image":"","background-repeat":"repeat","background-position":"center center","background-size":"auto","background-attachment":"scroll","background-type":"","background-media":"","overlay-type":"","overlay-color":"","overlay-opacity":"","overlay-gradient":""}},"_joinchat":{"telephone":"17776015835"}},"product_brand":[],"product_cat":[19,71,152,154,142,148],"product_tag":[97,94,241,93,259,258],"class_list":{"0":"post-3863","1":"product","2":"type-product","3":"status-publish","4":"has-post-thumbnail","6":"product_cat-vapes","7":"product_cat-15000-puff","8":"product_cat-buy-disposable-vapes-in-cermany","9":"product_cat-buy-disposable-vapes-in-netherlands","10":"product_cat-digital-box-disposable-vapes","11":"product_cat-tornado-disposable-vapes","12":"product_tag-hot-sale-disposable-vape","13":"product_tag-rechargeable-disposable-vape","14":"product_tag-smart-screen-disposable-vape","15":"product_tag-vape-wholesale","16":"product_tag-waspe-tornado-15000","17":"product_tag-waspe-tornado-15k","18":"desktop-align-left","19":"tablet-align-left","20":"mobile-align-left","22":"first","23":"instock","24":"sale","25":"shipping-taxable","26":"purchasable","27":"product-type-simple"},"acf":[],"uagb_featured_image_src":{"full":["https:\/\/vapestornado.com\/wp-content\/uploads\/2025\/03\/Best-Selling-Disposable-Vape-Waspe-15000-Puffs.webp",800,800,false],"thumbnail":["https:\/\/vapestornado.com\/wp-content\/uploads\/2025\/03\/Best-Selling-Disposable-Vape-Waspe-15000-Puffs-150x150.webp",150,150,true],"medium":["https:\/\/vapestornado.com\/wp-content\/uploads\/2025\/03\/Best-Selling-Disposable-Vape-Waspe-15000-Puffs-300x300.webp",300,300,true],"medium_large":["https:\/\/vapestornado.com\/wp-content\/uploads\/2025\/03\/Best-Selling-Disposable-Vape-Waspe-15000-Puffs-768x768.webp",768,768,true],"large":["https:\/\/vapestornado.com\/wp-content\/uploads\/2025\/03\/Best-Selling-Disposable-Vape-Waspe-15000-Puffs.webp",800,800,false],"1536x1536":["https:\/\/vapestornado.com\/wp-content\/uploads\/2025\/03\/Best-Selling-Disposable-Vape-Waspe-15000-Puffs.webp",800,800,false],"2048x2048":["https:\/\/vapestornado.com\/wp-content\/uploads\/2025\/03\/Best-Selling-Disposable-Vape-Waspe-15000-Puffs.webp",800,800,false],"trp-custom-language-flag":["https:\/\/vapestornado.com\/wp-content\/uploads\/2025\/03\/Best-Selling-Disposable-Vape-Waspe-15000-Puffs.webp",12,12,false],"woocommerce_thumbnail":["https:\/\/vapestornado.com\/wp-content\/uploads\/2025\/03\/Best-Selling-Disposable-Vape-Waspe-15000-Puffs-300x300.webp",300,300,true],"woocommerce_single":["https:\/\/vapestornado.com\/wp-content\/uploads\/2025\/03\/Best-Selling-Disposable-Vape-Waspe-15000-Puffs-600x600.webp",600,600,true],"woocommerce_gallery_thumbnail":["https:\/\/vapestornado.com\/wp-content\/uploads\/2025\/03\/Best-Selling-Disposable-Vape-Waspe-15000-Puffs-100x100.webp",100,100,true]},"uagb_author_info":{"display_name":"ESAMY","author_link":"https:\/\/vapestornado.com\/pt\/author\/"},"uagb_comment_info":0,"uagb_excerpt":"Wholesale Waspe Tornado 15000 Puff Low Nicotine Disposable Vape Waspe Tornado 15K Disposable Vape Pen Kit\u00a0 Factory Price WASPE 15000 Digital Screen Disposable Pod Best Flavor on Sale Add Amy's whatsapp to get right reply and discount price! WhatsApp: +86 17776015835 &nbsp;","_links":{"self":[{"href":"https:\/\/vapestornado.com\/pt\/wp-json\/wp\/v2\/product\/3863","targetHints":{"allow":["GET"]}}],"collection":[{"href":"https:\/\/vapestornado.com\/pt\/wp-json\/wp\/v2\/product"}],"about":[{"href":"https:\/\/vapestornado.com\/pt\/wp-json\/wp\/v2\/types\/product"}],"replies":[{"embeddable":true,"href":"https:\/\/vapestornado.com\/pt\/wp-json\/wp\/v2\/comments?post=3863"}],"wp:featuredmedia":[{"embeddable":true,"href":"https:\/\/vapestornado.com\/pt\/wp-json\/wp\/v2\/media\/3846"}],"wp:attachment":[{"href":"https:\/\/vapestornado.com\/pt\/wp-json\/wp\/v2\/media?parent=3863"}],"wp:term":[{"taxonomy":"product_brand","embeddable":true,"href":"https:\/\/vapestornado.com\/pt\/wp-json\/wp\/v2\/product_brand?post=3863"},{"taxonomy":"product_cat","embeddable":true,"href":"https:\/\/vapestornado.com\/pt\/wp-json\/wp\/v2\/product_cat?post=3863"},{"taxonomy":"product_tag","embeddable":true,"href":"https:\/\/vapestornado.com\/pt\/wp-json\/wp\/v2\/product_tag?post=3863"}],"curies":[{"name":"wp","href":"https:\/\/api.w.org\/{rel}","templated":true}]}}