{"id":3859,"date":"2025-03-14T08:36:08","date_gmt":"2025-03-14T08:36:08","guid":{"rendered":"https:\/\/vapestornado.com\/?post_type=product&#038;p=3859"},"modified":"2025-08-23T12:40:31","modified_gmt":"2025-08-23T12:40:31","slug":"vapsolo-galaxy-30000-vapers-30k-puff-disposable-vape-e-cigarette-with-smart-screen","status":"publish","type":"product","link":"https:\/\/vapestornado.com\/pt\/product\/vapsolo-galaxy-30000-vapers-30k-puff-disposable-vape-e-cigarette-with-smart-screen\/","title":{"rendered":"Vapsolo Galaxy 30000 Vapers 30K Puff Cigarro Eletr\u00f3nico Descart\u00e1vel com Ecr\u00e3 Inteligente"},"content":{"rendered":"<h1 data-pm-slice=\"1 1 []\">Vapsolo Galaxy 30000 Vapers 30K Puff Cigarro Eletr\u00f3nico Descart\u00e1vel com Ecr\u00e3 Inteligente<\/h1>\n<p>&nbsp;<\/p>\n<p>O <strong data-start=\"343\" data-end=\"389\">Vapsolo Galaxy 30000 Puffs Vape Descart\u00e1vel<\/strong> define um novo padr\u00e3o para cigarros eletr\u00f3nicos premium, combinando <strong data-start=\"447\" data-end=\"517\">capacidade de longa dura\u00e7\u00e3o, um ecr\u00e3 t\u00e1til inteligente e fluxo de ar ajust\u00e1vel<\/strong> num \u00fanico dispositivo compacto. Oferecendo at\u00e9 <strong data-start=\"556\" data-end=\"572\">30.000 puffs<\/strong>, este vape foi constru\u00eddo para vapers que desejam resist\u00eancia e diversidade de sabores.<\/p>\n<p>O seu <strong data-start=\"663\" data-end=\"691\">ecr\u00e3 inteligente a cores<\/strong> fornece informa\u00e7\u00f5es em tempo real sobre a dura\u00e7\u00e3o da bateria e os n\u00edveis de e-l\u00edquido, enquanto o <strong data-start=\"769\" data-end=\"806\">Sistema de fluxo de ar ajust\u00e1vel de 4 n\u00edveis<\/strong> permite extra\u00e7\u00f5es personalizadas, desde toques MTL apertados at\u00e9 nuvens DTL suaves. Alimentado por um <strong data-start=\"901\" data-end=\"932\">bateria recarreg\u00e1vel de 850mAh<\/strong> com carregamento r\u00e1pido Type-C, o Galaxy 30K garante tempo de inatividade m\u00ednimo e m\u00e1xima conveni\u00eancia.<\/p>\n<p>Apresentando <strong data-start=\"1044\" data-end=\"1077\">designs exclusivos de cores de lavagem de tinta<\/strong> para cada sabor, este vape n\u00e3o s\u00f3 tem um bom desempenho, como tamb\u00e9m tem um aspeto deslumbrante. Pr\u00e9-cheio com <strong data-start=\"1172\" data-end=\"1192\">e-l\u00edquido premium<\/strong> e dispon\u00edvel em v\u00e1rias concentra\u00e7\u00f5es de nicotina, atende tanto utilizadores casuais como vapers pesados.<\/p>\n<p>Para retalhistas e distribuidores, o Galaxy 30K oferece um valor imbat\u00edvel em <strong data-start=\"1371\" data-end=\"1400\">pre\u00e7os de compra em massa por atacado<\/strong>, tornando-o um must-have em qualquer invent\u00e1rio de vape europeu.<\/p>\n<p><strong><span style=\"color: #ff0000;\">Adicione o WhatsApp da Amy para uma resposta r\u00e1pida e cup\u00e3o de vape!<\/span><\/strong><\/p>\n<p><img fetchpriority=\"high\" decoding=\"async\" class=\"size-full wp-image-2932\" src=\"https:\/\/vapestornado.com\/wp-content\/uploads\/2024\/12\/Vape-Wholesale.jpg\" alt=\"Vape Atacado\" width=\"229\" height=\"300\" \/><\/p>\n<h3><a href=\"https:\/\/wa.me\/8617776015835\" target=\"_blank\" rel=\"noopener\"><span style=\"color: #ff0000;\"><strong>WhatsApp: +86 17776015835<\/strong><\/span><\/a><\/h3>\n<p>&nbsp;<\/p>\n<h2><strong>Funcionalidades do Produto Vapsolo Galaxy 30000 Digital Box<\/strong><\/h2>\n<p>Puffs: 30000 puffs<br \/>\nResist\u00eancia de Malha Dupla 1.0ohm<br \/>\nBateria: 850mAh<br \/>\nE-l\u00edquido: 40ml<br \/>\nNicotina: 2%\/5% de Nicotina<br \/>\nRecarreg\u00e1vel Tipo-C<br \/>\nEcr\u00e3 com indicadores de \u00f3leo e bateria<\/p>\n<figure id=\"attachment_3854\" aria-describedby=\"caption-attachment-3854\" style=\"width: 800px\" class=\"wp-caption alignnone\"><img decoding=\"async\" class=\"wp-image-3854 size-full\" src=\"https:\/\/vapestornado.com\/wp-content\/uploads\/2025\/03\/Original-Vapsolo-30000-Puffs-Best-Flavor.webp\" alt=\"Vapsolo 30000 Puffs Original com o Melhor Sabor\" width=\"800\" height=\"800\" srcset=\"https:\/\/vapestornado.com\/wp-content\/uploads\/2025\/03\/Original-Vapsolo-30000-Puffs-Best-Flavor.webp 800w, https:\/\/vapestornado.com\/wp-content\/uploads\/2025\/03\/Original-Vapsolo-30000-Puffs-Best-Flavor-300x300.webp 300w, https:\/\/vapestornado.com\/wp-content\/uploads\/2025\/03\/Original-Vapsolo-30000-Puffs-Best-Flavor-150x150.webp 150w, https:\/\/vapestornado.com\/wp-content\/uploads\/2025\/03\/Original-Vapsolo-30000-Puffs-Best-Flavor-768x768.webp 768w, https:\/\/vapestornado.com\/wp-content\/uploads\/2025\/03\/Original-Vapsolo-30000-Puffs-Best-Flavor-600x600.webp 600w, https:\/\/vapestornado.com\/wp-content\/uploads\/2025\/03\/Original-Vapsolo-30000-Puffs-Best-Flavor-100x100.webp 100w\" sizes=\"(max-width: 800px) 100vw, 800px\" \/><figcaption id=\"caption-attachment-3854\" class=\"wp-caption-text\">Vapsolo 30000 Puffs Original com o Melhor Sabor<\/figcaption><\/figure>\n<h2 class=\"product-title\"><strong>Lista de Sabores Vapsolo Galaxy 30k<\/strong><\/h2>\n<p>&nbsp;<\/p>\n<p>1. Melancia Framboesa <strong><span style=\"color: #ff0000;\">&gt;&gt;&gt;&gt; Quente!<\/span><\/strong><\/p>\n<p>2. Framboesa Azul <strong><span style=\"color: #ff0000;\">&gt;&gt;&gt;&gt; O melhor!<\/span><\/strong><\/p>\n<p>3. Anan\u00e1s Coco<\/p>\n<p>4. Gelo de Melancia<\/p>\n<p>5. Lima-Lim\u00e3o<\/p>\n<p>6. Pitaya Gelo Negro<strong><span style=\"color: #ff0000;\">&gt;&gt;&gt;&gt; Quente!<\/span><\/strong><\/p>\n<p>7. Lim\u00e3o P\u00eassego<\/p>\n<p>8. Morango Framboesa Cereja Gelo <strong><span style=\"color: #ff0000;\">&gt;&gt;&gt;&gt; Quente!<\/span><\/strong><\/p>\n<p>9. Morango Kiwi<\/p>\n<p>10. Morango Redbull <strong><span style=\"color: #ff0000;\">&gt;&gt;&gt;&gt; Quente!<\/span><\/strong><\/p>\n<p>11. Banana com Morango<\/p>\n<p>12. Mel\u00e3o Triplo <strong><span style=\"color: #ff0000;\">&gt;&gt;&gt;&gt; Quente!<\/span><\/strong><\/p>\n<article class=\"w-full text-token-text-primary focus-visible:outline-2 focus-visible:outline-offset-[-4px]\" dir=\"auto\" data-testid=\"conversation-turn-32\" data-scroll-anchor=\"false\">\n<div class=\"m-auto text-base py-[18px] px-6\">\n<div class=\"mx-auto flex flex-1 text-base gap-4 md:gap-5 lg:gap-6 md:max-w-3xl lg:max-w-[40rem] xl:max-w-[48rem]\">\n<div class=\"group\/conversation-turn relative flex w-full min-w-0 flex-col @xs\/thread:px-0 @sm\/thread:px-1.5 @md\/thread:px-4\">\n<div class=\"flex-col gap-1 md:gap-3\">\n<div class=\"flex max-w-full flex-col flex-grow\">\n<div class=\"min-h-8 text-message flex w-full flex-col items-end gap-2 whitespace-normal break-words text-start [.text-message+&amp;]:mt-5\" dir=\"auto\" data-message-author-role=\"user\" data-message-id=\"ffac41ca-1db4-431b-873a-32c4052956f1\">\n<div class=\"flex w-full flex-col gap-1 empty:hidden items-end rtl:items-start\">\n<div class=\"relative max-w-[var(--user-chat-width,70%)] rounded-3xl bg-token-message-surface px-5 py-2.5\">\n<div class=\"absolute bottom-0 right-full top-0 -mr-3.5 hidden pr-5 pt-2 [.group\/conversation-turn:hover_&amp;]:flex\">\n<div class=\"flex\">\n<article class=\"w-full text-token-text-primary focus-visible:outline-2 focus-visible:outline-offset-[-4px]\" dir=\"auto\" data-testid=\"conversation-turn-39\" data-scroll-anchor=\"true\">\n<div class=\"m-auto text-base py-[18px] px-6\">\n<div class=\"mx-auto flex flex-1 text-base gap-4 md:gap-5 lg:gap-6 md:max-w-3xl lg:max-w-[40rem] xl:max-w-[48rem]\">\n<div class=\"group\/conversation-turn relative flex w-full min-w-0 flex-col agent-turn @xs\/thread:px-0 @sm\/thread:px-1.5 @md\/thread:px-4\">\n<div class=\"flex-col gap-1 md:gap-3\">\n<div class=\"flex max-w-full flex-col flex-grow\">\n<div class=\"min-h-8 text-message flex w-full flex-col items-end gap-2 whitespace-normal break-words text-start [.text-message+&amp;]:mt-5\" dir=\"auto\" data-message-author-role=\"assistant\" data-message-id=\"55a23854-ec57-48dd-bd4f-6118f43d6241\" data-message-model-slug=\"gpt-4o\">\n<div class=\"flex w-full flex-col gap-1 empty:hidden first:pt-[3px]\">\n<div class=\"markdown prose w-full break-words dark:prose-invert light\"><\/div>\n<\/div>\n<\/div>\n<\/div>\n<\/div>\n<\/div>\n<\/div>\n<\/div>\n<\/article>\n<\/div>\n<\/div>\n<\/div>\n<\/div>\n<\/div>\n<\/div>\n<\/div>\n<\/div>\n<\/div>\n<\/div>\n<\/article>\n<h2>Porqu\u00ea escolher a vapestornado para compra a granel de Vapsolo Galaxy 30000 Vape?<\/h2>\n<div class=\"flex-shrink-0 flex flex-col relative items-end\">\n<div class=\"pt-0\">\n<div class=\"gizmo-bot-avatar flex h-8 w-8 items-center justify-center overflow-hidden rounded-full\">\n<div class=\"relative p-1 rounded-sm flex items-center justify-center bg-token-main-surface-primary text-token-text-primary h-8 w-8\">\n<p>Bem-vindo \u00e0 vapestornado, a sua loja online de vapes de confian\u00e7a para vapes descart\u00e1veis premium. Com mais de 5 anos de experi\u00eancia, trazemos-lhe marcas populares de vapes descart\u00e1veis, como Fumot RandM Vape, Vapme, Bang Vape, Waspe Vape e WGA Vape, etc.<\/p>\n<p>A nossa gama inclui vapes descart\u00e1veis de sabor duplo de venda quente, como o <a href=\"https:\/\/vapestornado.com\/pt\/product\/waspe-fihp-36000-36k-puff-twins-flavor-rechargeable-disposable-vape-bulk-buy-at-wholesale-prices\/\">FIHP 36K Puff Sabores G\u00e9meos<\/a>, <a href=\"https:\/\/vapestornado.com\/pt\/product\/waspe-crystal-40000-puffs-40k-double-flavor-rechargeable-disposable-vapes-cheap-price\/\">WASPE Crystal 40k Sabor Duplo<\/a> e op\u00e7\u00f5es ricas em sabor como o <a href=\"https:\/\/vapestornado.com\/pt\/product\/razzbar-15000-puffs-rechargeable-disposable-vape-bulk-buy-at-cheap-prices\/\">RAZZBAR 15000 Puffs<\/a>Cada produto \u00e9 selecionado com foco na qualidade, valor e variedade, garantindo que encontre a combina\u00e7\u00e3o perfeita para as suas necessidades. Descubra um servi\u00e7o excecional e uma vasta gama de produtos de topo com pre\u00e7o de atacado na vapestornado.<\/p>\n<\/div>\n<h3><\/h3>\n<div class=\"relative p-1 rounded-sm flex items-center justify-center bg-token-main-surface-primary text-token-text-primary h-8 w-8\">\n<h2>Perguntas frequentes sobre o cigarro eletr\u00f3nico descart\u00e1vel Vapsolo Galaxy 30000<\/h2>\n<\/div>\n<\/div>\n<\/div>\n<\/div>\n<div class=\"flex-shrink-0 flex flex-col relative items-end\">\n<div class=\"pt-0\">\n<div class=\"gizmo-bot-avatar flex h-8 w-8 items-center justify-center overflow-hidden rounded-full\">\n<div class=\"relative p-1 rounded-sm flex items-center justify-center bg-token-main-surface-primary text-token-text-primary h-8 w-8\">\n<div class=\"mb-2 flex gap-3 empty:hidden -ml-2\">\n<ol data-start=\"1890\" data-end=\"2794\">\n<li data-start=\"1890\" data-end=\"2083\">\n<p data-start=\"1893\" data-end=\"1966\"><strong data-start=\"1893\" data-end=\"1964\">Onde posso comprar o Vapsolo Galaxy 30000 Puffs a pre\u00e7os de grosso?<\/strong><\/p>\n<ul data-start=\"1970\" data-end=\"2083\">\n<li data-start=\"1970\" data-end=\"2083\">Pode obter <strong data-start=\"1984\" data-end=\"2008\">ofertas exclusivas a granel<\/strong> na Vapestornado<strong data-start=\"2012\" data-end=\"2040\">\u00a0loja de vape online<\/strong>, a fonte confi\u00e1vel para vapes grossistas.<\/li>\n<\/ul>\n<\/li>\n<li data-start=\"2085\" data-end=\"2278\">\n<p data-start=\"2088\" data-end=\"2125\"><strong data-start=\"2088\" data-end=\"2123\">Como funciona o ecr\u00e3 inteligente?<\/strong><\/p>\n<ul data-start=\"2129\" data-end=\"2278\">\n<li data-start=\"2129\" data-end=\"2278\">O <strong data-start=\"2135\" data-end=\"2164\">ecr\u00e3 t\u00e1til inteligente<\/strong> fornece <strong data-start=\"2174\" data-end=\"2231\">atualiza\u00e7\u00f5es em tempo real sobre a dura\u00e7\u00e3o da bateria e os n\u00edveis de e-l\u00edquido<\/strong>, dando-lhe controlo total sobre o seu vape.<\/li>\n<\/ul>\n<\/li>\n<li data-start=\"2280\" data-end=\"2442\">\n<p data-start=\"2283\" data-end=\"2324\"><strong data-start=\"2283\" data-end=\"2322\">O Vapsolo Galaxy \u00e9 recarreg\u00e1vel?<\/strong><\/p>\n<ul data-start=\"2328\" data-end=\"2442\">\n<li data-start=\"2328\" data-end=\"2442\">Sim! O <strong data-start=\"2339\" data-end=\"2357\">bateria de 850mAh<\/strong> is <strong data-start=\"2361\" data-end=\"2384\">Recarreg\u00e1vel por Type-C<\/strong>, garantindo um desempenho duradouro com carregamento r\u00e1pido.<\/li>\n<\/ul>\n<\/li>\n<li data-start=\"2444\" data-end=\"2614\">\n<p data-start=\"2447\" data-end=\"2491\"><strong data-start=\"2447\" data-end=\"2489\">Posso ajustar o fluxo de ar neste vape?<\/strong><\/p>\n<ul data-start=\"2495\" data-end=\"2614\">\n<li data-start=\"2495\" data-end=\"2614\">Absolutamente! O <strong data-start=\"2513\" data-end=\"2543\">Ajuste de fluxo de ar de 4 n\u00edveis<\/strong> permite-lhe personalizar a sua tragada para uma experi\u00eancia de vaping perfeita.<\/li>\n<\/ul>\n<\/li>\n<li data-start=\"2616\" data-end=\"2794\">\n<p data-start=\"2619\" data-end=\"2666\"><strong data-start=\"2619\" data-end=\"2664\">Este vape est\u00e1 dispon\u00edvel para compra a granel?<\/strong><\/p>\n<ul data-start=\"2670\" data-end=\"2794\">\n<li data-start=\"2670\" data-end=\"2794\">Sim! O <strong data-start=\"2681\" data-end=\"2711\">Vapsolo Gal\u00e1xia 30000 Puffs<\/strong> \u00e9 ideal para <strong data-start=\"2725\" data-end=\"2745\">compradores por grosso<\/strong>, oferecendo <strong data-start=\"2756\" data-end=\"2791\">recursos de primeira linha a pre\u00e7os baixos<\/strong>.<\/li>\n<\/ul>\n<\/li>\n<\/ol>\n<h4>Como Encomendar?<\/h4>\n<p><strong>1. Que m\u00e9todos de pagamento aceita?<\/strong><br \/>\nAceitamos Transfer\u00eancia IBAN e <span style=\"font-size: 16px;\">Western Union<\/span>\u00a0para transa\u00e7\u00f5es seguras e convenientes.<\/p>\n<p><strong>2. Como posso rastrear a minha encomenda?<\/strong><br \/>\nAp\u00f3s o envio da sua encomenda, <span class=\"selectable-text copyable-text false\">manteremos a atualiza\u00e7\u00e3o do rastreio das cargas at\u00e9 que as receba<\/span>.<\/p>\n<p><strong>3. Qual \u00e9 o tempo estimado de envio?<\/strong><\/p>\n<ul>\n<li>Envio de <strong>Armaz\u00e9ns da China<\/strong> demora aproximadamente <strong>7-14 dias \u00fateis<\/strong>.<\/li>\n<li>Envio de <strong>Armaz\u00e9ns Europeus<\/strong> geralmente demora <strong>3-6 dias \u00fateis<\/strong>.<\/li>\n<\/ul>\n<p><strong>4. Como posso obter uma entrega mais r\u00e1pida?<\/strong><br \/>\nPara uma entrega mais r\u00e1pida, recomendamos encomendar a partir do nosso <strong>armaz\u00e9m Europeu<\/strong>, que oferece tempos de envio mais r\u00e1pidos.<\/p>\n<p><strong>5. Como devolvo um artigo?<\/strong><br \/>\nPara devolver um artigo, contacte a nossa equipa de apoio ao cliente para obter instru\u00e7\u00f5es detalhadas sobre o processo de devolu\u00e7\u00e3o.<\/p>\n<p><strong>6. Voc\u00eas oferecem envio internacional?<\/strong><br \/>\nSim, enviamos para a maioria dos pa\u00edses e tratamos do <strong>desalfandegamento<\/strong> para uma experi\u00eancia de entrega perfeita.<\/p>\n<p><strong>7. E se eu receber um produto danificado ou defeituoso?<\/strong><br \/>\nSe o seu artigo estiver danificado ou defeituoso, contacte o apoio ao cliente para obter um <strong>substitui\u00e7\u00e3o ou reembolso<\/strong>.<\/p>\n<p><strong>8. Como posso contactar o servi\u00e7o de apoio ao cliente?<\/strong><br \/>\nPode contactar-nos atrav\u00e9s de <strong>e-mail, WhatsApp ou chat ao vivo<\/strong> no nosso website para qualquer assist\u00eancia.<\/p>\n<\/div>\n<\/div>\n<\/div>\n<\/div>\n<\/div>","protected":false},"excerpt":{"rendered":"<p>Vapsolo Original 30000 Puffs Melhores Vaporizadores de Ecr\u00e3 Vape<br \/>\nVapsolo Galaxy Vapers 30K Puff Vape Descart\u00e1vel por Grosso de F\u00e1brica<br \/>\nVapsolo Galaxy 30000 Puff Smart Descart\u00e1veis Vape Pre\u00e7o a Granel<\/p>\n<p><strong>Adicione o whatsapp da Amy para obter resposta certa e pre\u00e7o de desconto!<\/strong><\/p>\n<p><img fetchpriority=\"high\" decoding=\"async\" class=\"size-full wp-image-2932\" src=\"https:\/\/vapestornado.com\/wp-content\/uploads\/2024\/12\/Vape-Wholesale.jpg\" alt=\"Vape Atacado\" width=\"229\" height=\"300\" \/><\/p>\n<h3><a href=\"https:\/\/wa.me\/8617776015835\"><span style=\"color: #ff0000;\"><strong>WhatsApp: +86 17776015835<\/strong><\/span><\/a><\/h3>\n<p>&nbsp;<\/p>","protected":false},"featured_media":3855,"comment_status":"open","ping_status":"closed","template":"","meta":{"_acf_changed":false,"_uag_custom_page_level_css":"","_lmt_disableupdate":"no","_lmt_disable":"","_monsterinsights_skip_tracking":false,"_monsterinsights_sitenote_active":false,"_monsterinsights_sitenote_note":"","_monsterinsights_sitenote_category":0,"site-sidebar-layout":"default","site-content-layout":"","ast-site-content-layout":"default","site-content-style":"default","site-sidebar-style":"default","ast-global-header-display":"","ast-banner-title-visibility":"","ast-main-header-display":"","ast-hfb-above-header-display":"","ast-hfb-below-header-display":"","ast-hfb-mobile-header-display":"","site-post-title":"","ast-breadcrumbs-content":"","ast-featured-img":"","footer-sml-layout":"","ast-disable-related-posts":"","theme-transparent-header-meta":"default","adv-header-id-meta":"","stick-header-meta":"","header-above-stick-meta":"","header-main-stick-meta":"","header-below-stick-meta":"","astra-migrate-meta-layouts":"set","ast-page-background-enabled":"default","ast-page-background-meta":{"desktop":{"background-color":"","background-image":"","background-repeat":"repeat","background-position":"center center","background-size":"auto","background-attachment":"scroll","background-type":"","background-media":"","overlay-type":"","overlay-color":"","overlay-opacity":"","overlay-gradient":""},"tablet":{"background-color":"","background-image":"","background-repeat":"repeat","background-position":"center center","background-size":"auto","background-attachment":"scroll","background-type":"","background-media":"","overlay-type":"","overlay-color":"","overlay-opacity":"","overlay-gradient":""},"mobile":{"background-color":"","background-image":"","background-repeat":"repeat","background-position":"center center","background-size":"auto","background-attachment":"scroll","background-type":"","background-media":"","overlay-type":"","overlay-color":"","overlay-opacity":"","overlay-gradient":""}},"ast-content-background-meta":{"desktop":{"background-color":"var(--ast-global-color-5)","background-image":"","background-repeat":"repeat","background-position":"center center","background-size":"auto","background-attachment":"scroll","background-type":"","background-media":"","overlay-type":"","overlay-color":"","overlay-opacity":"","overlay-gradient":""},"tablet":{"background-color":"var(--ast-global-color-5)","background-image":"","background-repeat":"repeat","background-position":"center center","background-size":"auto","background-attachment":"scroll","background-type":"","background-media":"","overlay-type":"","overlay-color":"","overlay-opacity":"","overlay-gradient":""},"mobile":{"background-color":"var(--ast-global-color-5)","background-image":"","background-repeat":"repeat","background-position":"center center","background-size":"auto","background-attachment":"scroll","background-type":"","background-media":"","overlay-type":"","overlay-color":"","overlay-opacity":"","overlay-gradient":""}},"_joinchat":{"telephone":"17776015835"}},"product_brand":[],"product_cat":[19,67,149,158,143,146,171],"product_tag":[105,97,250,94,241,93,249],"class_list":{"0":"post-3859","1":"product","2":"type-product","3":"status-publish","4":"has-post-thumbnail","6":"product_cat-vapes","7":"product_cat-30000-puff","8":"product_cat-buy-disposable-vapes-in-austria","9":"product_cat-buy-disposable-vapes-in-spain","10":"product_cat-dual-mesh-disposable-vapes","11":"product_cat-rechargeable-disposable-vapes","12":"product_cat-vapsolo-disposable-vapes","13":"product_tag-digital-disposable-vape","14":"product_tag-hot-sale-disposable-vape","15":"product_tag-puff-30k","16":"product_tag-rechargeable-disposable-vape","17":"product_tag-smart-screen-disposable-vape","18":"product_tag-vape-wholesale","19":"product_tag-vapsolo-galaxy-30000","20":"desktop-align-left","21":"tablet-align-left","22":"mobile-align-left","24":"first","25":"instock","26":"sale","27":"shipping-taxable","28":"purchasable","29":"product-type-simple"},"acf":[],"uagb_featured_image_src":{"full":["https:\/\/vapestornado.com\/wp-content\/uploads\/2025\/03\/Vapsolo-Galaxy-30k-30000-Puffs-Disposable-Vape.webp",800,800,false],"thumbnail":["https:\/\/vapestornado.com\/wp-content\/uploads\/2025\/03\/Vapsolo-Galaxy-30k-30000-Puffs-Disposable-Vape-150x150.webp",150,150,true],"medium":["https:\/\/vapestornado.com\/wp-content\/uploads\/2025\/03\/Vapsolo-Galaxy-30k-30000-Puffs-Disposable-Vape-300x300.webp",300,300,true],"medium_large":["https:\/\/vapestornado.com\/wp-content\/uploads\/2025\/03\/Vapsolo-Galaxy-30k-30000-Puffs-Disposable-Vape-768x768.webp",768,768,true],"large":["https:\/\/vapestornado.com\/wp-content\/uploads\/2025\/03\/Vapsolo-Galaxy-30k-30000-Puffs-Disposable-Vape.webp",800,800,false],"1536x1536":["https:\/\/vapestornado.com\/wp-content\/uploads\/2025\/03\/Vapsolo-Galaxy-30k-30000-Puffs-Disposable-Vape.webp",800,800,false],"2048x2048":["https:\/\/vapestornado.com\/wp-content\/uploads\/2025\/03\/Vapsolo-Galaxy-30k-30000-Puffs-Disposable-Vape.webp",800,800,false],"trp-custom-language-flag":["https:\/\/vapestornado.com\/wp-content\/uploads\/2025\/03\/Vapsolo-Galaxy-30k-30000-Puffs-Disposable-Vape.webp",12,12,false],"woocommerce_thumbnail":["https:\/\/vapestornado.com\/wp-content\/uploads\/2025\/03\/Vapsolo-Galaxy-30k-30000-Puffs-Disposable-Vape-300x300.webp",300,300,true],"woocommerce_single":["https:\/\/vapestornado.com\/wp-content\/uploads\/2025\/03\/Vapsolo-Galaxy-30k-30000-Puffs-Disposable-Vape-600x600.webp",600,600,true],"woocommerce_gallery_thumbnail":["https:\/\/vapestornado.com\/wp-content\/uploads\/2025\/03\/Vapsolo-Galaxy-30k-30000-Puffs-Disposable-Vape-100x100.webp",100,100,true]},"uagb_author_info":{"display_name":"ESAMY","author_link":"https:\/\/vapestornado.com\/pt\/author\/"},"uagb_comment_info":0,"uagb_excerpt":"Original Vapsolo 30000 Puffs Best Screen Vaporizers Vape Factory Wholesale Vapsolo Galaxy Vapers 30K Puff Disposable Vape Vapsolo Galaxy 30000 Puff Smart Disposables Vape Bulk Price Add Amy's whatsapp to get right reply and discount price! WhatsApp: +86 17776015835 &nbsp;","_links":{"self":[{"href":"https:\/\/vapestornado.com\/pt\/wp-json\/wp\/v2\/product\/3859","targetHints":{"allow":["GET"]}}],"collection":[{"href":"https:\/\/vapestornado.com\/pt\/wp-json\/wp\/v2\/product"}],"about":[{"href":"https:\/\/vapestornado.com\/pt\/wp-json\/wp\/v2\/types\/product"}],"replies":[{"embeddable":true,"href":"https:\/\/vapestornado.com\/pt\/wp-json\/wp\/v2\/comments?post=3859"}],"wp:featuredmedia":[{"embeddable":true,"href":"https:\/\/vapestornado.com\/pt\/wp-json\/wp\/v2\/media\/3855"}],"wp:attachment":[{"href":"https:\/\/vapestornado.com\/pt\/wp-json\/wp\/v2\/media?parent=3859"}],"wp:term":[{"taxonomy":"product_brand","embeddable":true,"href":"https:\/\/vapestornado.com\/pt\/wp-json\/wp\/v2\/product_brand?post=3859"},{"taxonomy":"product_cat","embeddable":true,"href":"https:\/\/vapestornado.com\/pt\/wp-json\/wp\/v2\/product_cat?post=3859"},{"taxonomy":"product_tag","embeddable":true,"href":"https:\/\/vapestornado.com\/pt\/wp-json\/wp\/v2\/product_tag?post=3859"}],"curies":[{"name":"wp","href":"https:\/\/api.w.org\/{rel}","templated":true}]}}