{"id":3753,"date":"2025-01-17T08:42:15","date_gmt":"2025-01-17T08:42:15","guid":{"rendered":"https:\/\/vapestornado.com\/?post_type=product&#038;p=3753"},"modified":"2025-08-23T09:30:14","modified_gmt":"2025-08-23T09:30:14","slug":"bang-tornado-40000-puffs-disposable-vape-big-smart-screen-vapor","status":"publish","type":"product","link":"https:\/\/vapestornado.com\/pt\/product\/bang-tornado-40000-puffs-disposable-vape-big-smart-screen-vapor\/","title":{"rendered":"Bang Tornado 40000 Puffs Vape Descart\u00e1vel Vapores com Grande Ecr\u00e3 Inteligente"},"content":{"rendered":"<h1>\u00a0Bang Tornado 40000 Puffs Vape Descart\u00e1vel Vapores com Grande Ecr\u00e3 Inteligente<\/h1>\n<p>&nbsp;<\/p>\n<div role=\"article\" data-tabster=\"{&quot;groupper&quot;:{&quot;tabbability&quot;:2},&quot;focusable&quot;:{}}\" data-content=\"ai-message\" aria-labelledby=\"64JRvXrTnY7mRmPkEQLLT-author 64JRvXrTnY7mRmPkEQLLT-content\">\n<div id=\"64JRvXrTnY7mRmPkEQLLT-content\">\n<p data-start=\"328\" data-end=\"622\">O <strong data-start=\"332\" data-end=\"376\">Bang Tornado 40000 Puffs Vaporizador Descart\u00e1vel<\/strong> \u00e9 constru\u00eddo para capacidade e desempenho avan\u00e7ado, tornando-o uma op\u00e7\u00e3o forte para compradores grossistas e lojas de vape. Com um <strong data-start=\"495\" data-end=\"528\">tanque de e-l\u00edquido pr\u00e9-cheio de 40ml<\/strong> e at\u00e9 <strong data-start=\"539\" data-end=\"555\">40.000 puffs<\/strong>, garante sess\u00f5es duradouras sem substitui\u00e7\u00f5es frequentes.<\/p>\n<p data-start=\"624\" data-end=\"892\">Alimentado por um <strong data-start=\"638\" data-end=\"669\">bateria recarreg\u00e1vel de 850mAh<\/strong> com <strong data-start=\"675\" data-end=\"699\">carregamento r\u00e1pido Tipo-C<\/strong>, o Bang Tornado 40K fornece energia consistente para uso prolongado. O seu <strong data-start=\"770\" data-end=\"795\">bobina de malha tripla de 0,5\u03a9<\/strong> melhora a densidade do vapor e a riqueza do sabor, proporcionando um aquecimento suave e uniforme a cada puxada.<\/p>\n<p data-start=\"894\" data-end=\"1089\">Concebido com uma <strong data-start=\"910\" data-end=\"940\">ecr\u00e3 grande e inteligente<\/strong>, os utilizadores podem monitorizar a pot\u00eancia e o uso em tempo real. A constru\u00e7\u00e3o ergon\u00f3mica e o design elegante tornam-no port\u00e1til, fi\u00e1vel e conveniente para o uso di\u00e1rio.<\/p>\n<p data-start=\"1091\" data-end=\"1294\">Para grossistas e distribuidores, o <strong data-start=\"1129\" data-end=\"1162\">Vape Tornado Bang 40000 Puffs<\/strong> combina alta capacidade de puffs, efici\u00eancia recarreg\u00e1vel e qualidade de constru\u00e7\u00e3o premium, oferecendo forte apelo de mercado e rentabilidade.<\/p>\n<p><img fetchpriority=\"high\" decoding=\"async\" class=\"size-medium wp-image-2951\" src=\"https:\/\/vapestornado.com\/wp-content\/uploads\/2024\/12\/Wholesale-Disposable-Vape-265x300.jpg\" alt=\"Vape Descart\u00e1vel por Grosso\" width=\"265\" height=\"300\" srcset=\"https:\/\/vapestornado.com\/wp-content\/uploads\/2024\/12\/Wholesale-Disposable-Vape-265x300.jpg 265w, https:\/\/vapestornado.com\/wp-content\/uploads\/2024\/12\/Wholesale-Disposable-Vape-768x871.jpg 768w, https:\/\/vapestornado.com\/wp-content\/uploads\/2024\/12\/Wholesale-Disposable-Vape-600x680.jpg 600w, https:\/\/vapestornado.com\/wp-content\/uploads\/2024\/12\/Wholesale-Disposable-Vape.jpg 823w\" sizes=\"(max-width: 265px) 100vw, 265px\" \/><\/p>\n<h5>Por favor, contacte o WhatsApp da Mandy para pre\u00e7o com desconto:<a href=\"https:\/\/wa.me\/8618077105796\" target=\"_blank\" rel=\"noopener\">+8618077105796<\/a><\/h5>\n<p>&nbsp;<\/p>\n<\/div>\n<\/div>\n<div class=\"mb-2 flex gap-3 empty:hidden -ml-2\">\n<h2 class=\"sr-proMainInfo-baseInfoH1 J-baseInfo-name\">\u00a0Bang 40000 Puffs vapes recarreg\u00e1veis Caracter\u00edsticas Principais:<\/h2>\n<ul>\n<li><strong>capacidade de 40ml de e-l\u00edquido<\/strong> para at\u00e9 <strong>40.000 puffs<\/strong><\/li>\n<li><strong>bateria recarreg\u00e1vel de 850mAh<\/strong> com <strong>porta de carregamento Tipo C<\/strong><\/li>\n<li><strong>Bobina de malha tripla de 0,5 ohm<\/strong> para um vapor suave e sabor aprimorado<\/li>\n<li><strong>Pot\u00eancia ajust\u00e1vel<\/strong> para uma experi\u00eancia de vaporiza\u00e7\u00e3o personalizada<\/li>\n<li><strong>De longa dura\u00e7\u00e3o<\/strong> e conveniente para uso prolongado<\/li>\n<li>Design elegante, <strong>design ergon\u00f3mico<\/strong> para portabilidade<\/li>\n<li>Ideal para vapers casuais e experientes<\/li>\n<\/ul>\n<\/div>\n<h2 class=\"sr-proMainInfo-baseInfoH1 J-baseInfo-name\">Sabor de Vapes por Atacado Bang Tornado 40000 Puffs:<\/h2>\n<p>1. Morango Melancia<br \/>\n2.Melancia<br \/>\n3.LOVE 66<br \/>\n4.Bebida Energ\u00e9tica<br \/>\n5.Morango Kiwi<br \/>\n6.Mirtilo Lim\u00e3o<br \/>\n7.Mirtilo Uvas<br \/>\n8. Mirtilo e Framboesa<br \/>\n9.Manga P\u00eassego<br \/>\n10.Amora Tripla<br \/>\n11.Ma\u00e7\u00e3 Dupla<br \/>\n12. Gelo de P\u00eassego<\/p>\n<div role=\"article\" data-tabster=\"{&quot;groupper&quot;:{&quot;tabbability&quot;:2},&quot;focusable&quot;:{}}\" data-content=\"ai-message\" aria-labelledby=\"dARUyEWDoEYhnSPXFwx5A-author dARUyEWDoEYhnSPXFwx5A-content\">\n<div id=\"dARUyEWDoEYhnSPXFwx5A-content\">\n<h3><strong>Porqu\u00ea Comprar <\/strong>Vaporizador Bang Tornado 40k Puffs <strong>da vapestornado?<\/strong><\/h3>\n<div class=\"flex max-w-full flex-col flex-grow\">\n<div class=\"min-h-8 text-message flex w-full flex-col items-end gap-2 whitespace-normal break-words text-start [.text-message+&amp;]:mt-5\" dir=\"auto\" data-message-author-role=\"assistant\" data-message-id=\"8ec0866b-3616-4b38-8c41-2e75d00fce2d\" data-message-model-slug=\"gpt-4o-mini\">\n<div class=\"flex w-full flex-col gap-1 empty:hidden first:pt-[3px]\">\n<div class=\"markdown prose w-full break-words dark:prose-invert light\">\n<ul>\n<li><strong>Qualidade Premium<\/strong>: vapestornado oferece Bang Tornado 40000 Puffs aut\u00eanticos e de alta qualidade, garantindo uma experi\u00eancia de vaping de primeira linha com vapor suave e sabor rico.<\/li>\n<li><strong>Pre\u00e7os Competitivos<\/strong>: Desfrute de pre\u00e7os de atacado competitivos para compras a granel, tornando-o ideal tanto para utilizadores individuais quanto para empresas.<\/li>\n<li><strong>Envio R\u00e1pido<\/strong>: vapestornado garante uma entrega r\u00e1pida e fi\u00e1vel, para que possa come\u00e7ar a desfrutar do seu produto sem demora.<\/li>\n<li><strong>Excelente Apoio ao Cliente<\/strong>: Equipa de apoio dedicada e pronta para ajudar com quaisquer perguntas ou preocupa\u00e7\u00f5es, garantindo uma experi\u00eancia de compra sem problemas.<\/li>\n<li><strong>Vasta Sele\u00e7\u00e3o<\/strong>: vapestornado oferece uma variedade de sabores e op\u00e7\u00f5es, permitindo-lhe escolher a combina\u00e7\u00e3o perfeita para as suas prefer\u00eancias.<\/li>\n<li><strong>Compras Seguras<\/strong>: Com um compromisso com a seguran\u00e7a do cliente, a vapestornado garante op\u00e7\u00f5es de pagamento e transa\u00e7\u00f5es seguras.<\/li>\n<\/ul>\n<\/div>\n<\/div>\n<\/div>\n<\/div>\n<div class=\"mb-2 flex gap-3 empty:hidden -ml-2\">\n<div class=\"items-center justify-start rounded-xl p-1 flex\"><\/div>\n<\/div>\n<\/div>\n<\/div>\n<h3>Perguntas Frequentes Sobre as Vapes Descart\u00e1veis Bang Tornado 40000 Puffs<\/h3>\n<ul>\n<li><strong>Quanto tempo dura o vape Bang tornado 40.000 Puffs?<\/strong><br \/>\nO Bang Tornado 40.000 Puffs dura at\u00e9 40.000 inala\u00e7\u00f5es, dependendo do uso. Com uma grande capacidade de 40ml de e-l\u00edquido, oferece uma experi\u00eancia de vaporiza\u00e7\u00e3o prolongada sem substitui\u00e7\u00f5es frequentes.<\/li>\n<li><strong>Como posso carregar os vapes Bang Tornado 40.000 Puffs?<\/strong><br \/>\nO dispositivo est\u00e1 equipado com uma <strong>bateria recarreg\u00e1vel de 850mAh<\/strong> e <strong>porta de carregamento Tipo C<\/strong>, permitindo um carregamento r\u00e1pido e eficiente quando a bateria est\u00e1 fraca.<\/li>\n<li><strong>Qual \u00e9 a resist\u00eancia da bobina no vape Bang Tornado 40.000 Puffs?<\/strong><br \/>\nO dispositivo usa uma <strong>Bobina de malha tripla de 0,5 ohm<\/strong> para uma produ\u00e7\u00e3o de vapor mais suave e sabor aprimorado, proporcionando uma experi\u00eancia de vaporiza\u00e7\u00e3o de alta qualidade.<\/li>\n<li><strong>Qual a concentra\u00e7\u00e3o de nicotina do Bang Tornado 40.000 Puffs com Pre\u00e7o Baixo?<\/strong><br \/>\nO Bang Tornado 40.000 Puffs geralmente vem em uma variedade de concentra\u00e7\u00f5es de nicotina (geralmente 2% ou 5%) para atender a diferentes prefer\u00eancias.<\/li>\n<\/ul>","protected":false},"excerpt":{"rendered":"<ul>\n<li><strong>Vape Descart\u00e1vel de Alta Gama Bang Tornado 40K Puffs<\/strong><\/li>\n<li><strong>Dispositivo Vape Recarreg\u00e1vel Dur\u00e1vel Bang Tornado 40K Puffs<\/strong><\/li>\n<li><strong>Cigarro Eletr\u00f3nico Bang Tornado 40K Puffs com C\u00e1psulas de Sabor de Gelo Personaliz\u00e1veis<\/strong><\/li>\n<\/ul>\n<figure id=\"attachment_2951\" aria-describedby=\"caption-attachment-2951\" style=\"width: 265px\" class=\"wp-caption alignnone\"><img fetchpriority=\"high\" decoding=\"async\" class=\"size-medium wp-image-2951\" src=\"https:\/\/vapestornado.com\/wp-content\/uploads\/2024\/12\/Wholesale-Disposable-Vape-265x300.jpg\" alt=\"Vape Descart\u00e1vel por Grosso\" width=\"265\" height=\"300\" srcset=\"https:\/\/vapestornado.com\/wp-content\/uploads\/2024\/12\/Wholesale-Disposable-Vape-265x300.jpg 265w, https:\/\/vapestornado.com\/wp-content\/uploads\/2024\/12\/Wholesale-Disposable-Vape-768x871.jpg 768w, https:\/\/vapestornado.com\/wp-content\/uploads\/2024\/12\/Wholesale-Disposable-Vape-600x680.jpg 600w, https:\/\/vapestornado.com\/wp-content\/uploads\/2024\/12\/Wholesale-Disposable-Vape.jpg 823w\" sizes=\"(max-width: 265px) 100vw, 265px\" \/><figcaption id=\"caption-attachment-2951\" class=\"wp-caption-text\">Por favor, contacte o WhatsApp da Mandy para pre\u00e7o com desconto\u00a0 <a href=\"https:\/\/wa.me\/8618077105796\">+8618077105796<\/a><\/figcaption><\/figure>\n<p>&nbsp;<\/p>","protected":false},"featured_media":3746,"comment_status":"open","ping_status":"closed","template":"","meta":{"_acf_changed":false,"_uag_custom_page_level_css":"","_lmt_disableupdate":"no","_lmt_disable":"","_monsterinsights_skip_tracking":false,"_monsterinsights_sitenote_active":false,"_monsterinsights_sitenote_note":"","_monsterinsights_sitenote_category":0,"site-sidebar-layout":"default","site-content-layout":"","ast-site-content-layout":"default","site-content-style":"default","site-sidebar-style":"default","ast-global-header-display":"","ast-banner-title-visibility":"","ast-main-header-display":"","ast-hfb-above-header-display":"","ast-hfb-below-header-display":"","ast-hfb-mobile-header-display":"","site-post-title":"","ast-breadcrumbs-content":"","ast-featured-img":"","footer-sml-layout":"","ast-disable-related-posts":"","theme-transparent-header-meta":"default","adv-header-id-meta":"","stick-header-meta":"","header-above-stick-meta":"","header-main-stick-meta":"","header-below-stick-meta":"","astra-migrate-meta-layouts":"set","ast-page-background-enabled":"default","ast-page-background-meta":{"desktop":{"background-color":"","background-image":"","background-repeat":"repeat","background-position":"center center","background-size":"auto","background-attachment":"scroll","background-type":"","background-media":"","overlay-type":"","overlay-color":"","overlay-opacity":"","overlay-gradient":""},"tablet":{"background-color":"","background-image":"","background-repeat":"repeat","background-position":"center center","background-size":"auto","background-attachment":"scroll","background-type":"","background-media":"","overlay-type":"","overlay-color":"","overlay-opacity":"","overlay-gradient":""},"mobile":{"background-color":"","background-image":"","background-repeat":"repeat","background-position":"center center","background-size":"auto","background-attachment":"scroll","background-type":"","background-media":"","overlay-type":"","overlay-color":"","overlay-opacity":"","overlay-gradient":""}},"ast-content-background-meta":{"desktop":{"background-color":"var(--ast-global-color-5)","background-image":"","background-repeat":"repeat","background-position":"center center","background-size":"auto","background-attachment":"scroll","background-type":"","background-media":"","overlay-type":"","overlay-color":"","overlay-opacity":"","overlay-gradient":""},"tablet":{"background-color":"var(--ast-global-color-5)","background-image":"","background-repeat":"repeat","background-position":"center center","background-size":"auto","background-attachment":"scroll","background-type":"","background-media":"","overlay-type":"","overlay-color":"","overlay-opacity":"","overlay-gradient":""},"mobile":{"background-color":"var(--ast-global-color-5)","background-image":"","background-repeat":"repeat","background-position":"center center","background-size":"auto","background-attachment":"scroll","background-type":"","background-media":"","overlay-type":"","overlay-color":"","overlay-opacity":"","overlay-gradient":""}},"_joinchat":[]},"product_brand":[],"product_cat":[140,65,62,151,154,159,146,148],"product_tag":[212,97,98],"class_list":{"0":"post-3753","1":"product","2":"type-product","3":"status-publish","4":"has-post-thumbnail","6":"product_cat-big-puffs-disposable-vapes","7":"product_cat-40000-puff","8":"product_cat-bang-vape","9":"product_cat-buy-disposable-vapes-in-france","10":"product_cat-buy-disposable-vapes-in-netherlands","11":"product_cat-buy-disposable-vapes-in-sweden","12":"product_cat-rechargeable-disposable-vapes","13":"product_cat-tornado-disposable-vapes","14":"product_tag-bang-vape-40000","15":"product_tag-hot-sale-disposable-vape","16":"product_tag-wholesale-price-disposable-vape","17":"desktop-align-left","18":"tablet-align-left","19":"mobile-align-left","21":"first","22":"instock","23":"sale","24":"shipping-taxable","25":"purchasable","26":"product-type-simple"},"acf":[],"uagb_featured_image_src":{"full":["https:\/\/vapestornado.com\/wp-content\/uploads\/2025\/01\/Bang-Tornado-40K-Puff-Adjustable-Power-Disposable-Vape.webp",800,800,false],"thumbnail":["https:\/\/vapestornado.com\/wp-content\/uploads\/2025\/01\/Bang-Tornado-40K-Puff-Adjustable-Power-Disposable-Vape-150x150.webp",150,150,true],"medium":["https:\/\/vapestornado.com\/wp-content\/uploads\/2025\/01\/Bang-Tornado-40K-Puff-Adjustable-Power-Disposable-Vape-300x300.webp",300,300,true],"medium_large":["https:\/\/vapestornado.com\/wp-content\/uploads\/2025\/01\/Bang-Tornado-40K-Puff-Adjustable-Power-Disposable-Vape-768x768.webp",768,768,true],"large":["https:\/\/vapestornado.com\/wp-content\/uploads\/2025\/01\/Bang-Tornado-40K-Puff-Adjustable-Power-Disposable-Vape.webp",800,800,false],"1536x1536":["https:\/\/vapestornado.com\/wp-content\/uploads\/2025\/01\/Bang-Tornado-40K-Puff-Adjustable-Power-Disposable-Vape.webp",800,800,false],"2048x2048":["https:\/\/vapestornado.com\/wp-content\/uploads\/2025\/01\/Bang-Tornado-40K-Puff-Adjustable-Power-Disposable-Vape.webp",800,800,false],"trp-custom-language-flag":["https:\/\/vapestornado.com\/wp-content\/uploads\/2025\/01\/Bang-Tornado-40K-Puff-Adjustable-Power-Disposable-Vape.webp",12,12,false],"woocommerce_thumbnail":["https:\/\/vapestornado.com\/wp-content\/uploads\/2025\/01\/Bang-Tornado-40K-Puff-Adjustable-Power-Disposable-Vape-300x300.webp",300,300,true],"woocommerce_single":["https:\/\/vapestornado.com\/wp-content\/uploads\/2025\/01\/Bang-Tornado-40K-Puff-Adjustable-Power-Disposable-Vape-600x600.webp",600,600,true],"woocommerce_gallery_thumbnail":["https:\/\/vapestornado.com\/wp-content\/uploads\/2025\/01\/Bang-Tornado-40K-Puff-Adjustable-Power-Disposable-Vape-100x100.webp",100,100,true]},"uagb_author_info":{"display_name":"ESMANDY","author_link":"https:\/\/vapestornado.com\/pt\/author\/"},"uagb_comment_info":0,"uagb_excerpt":"High-End Bang Tornado 40K Puff Disposable Vape Pen Durable Bang Tornado 40K Puffs Rechargeable Vape Device Bang Tornado 40K Puffs E-Cig with Customizable Ice Flavor Pods [caption id=\"attachment_2951\" align=\"alignnone\" width=\"265\"] Pls Contact Mandy's WhatsApp For Discount Price\u00a0 +8618077105796[\/caption] &nbsp;","_links":{"self":[{"href":"https:\/\/vapestornado.com\/pt\/wp-json\/wp\/v2\/product\/3753","targetHints":{"allow":["GET"]}}],"collection":[{"href":"https:\/\/vapestornado.com\/pt\/wp-json\/wp\/v2\/product"}],"about":[{"href":"https:\/\/vapestornado.com\/pt\/wp-json\/wp\/v2\/types\/product"}],"replies":[{"embeddable":true,"href":"https:\/\/vapestornado.com\/pt\/wp-json\/wp\/v2\/comments?post=3753"}],"wp:featuredmedia":[{"embeddable":true,"href":"https:\/\/vapestornado.com\/pt\/wp-json\/wp\/v2\/media\/3746"}],"wp:attachment":[{"href":"https:\/\/vapestornado.com\/pt\/wp-json\/wp\/v2\/media?parent=3753"}],"wp:term":[{"taxonomy":"product_brand","embeddable":true,"href":"https:\/\/vapestornado.com\/pt\/wp-json\/wp\/v2\/product_brand?post=3753"},{"taxonomy":"product_cat","embeddable":true,"href":"https:\/\/vapestornado.com\/pt\/wp-json\/wp\/v2\/product_cat?post=3753"},{"taxonomy":"product_tag","embeddable":true,"href":"https:\/\/vapestornado.com\/pt\/wp-json\/wp\/v2\/product_tag?post=3753"}],"curies":[{"name":"wp","href":"https:\/\/api.w.org\/{rel}","templated":true}]}}