{"id":3745,"date":"2025-01-14T09:29:58","date_gmt":"2025-01-14T09:29:58","guid":{"rendered":"https:\/\/vapestornado.com\/?post_type=product&#038;p=3745"},"modified":"2025-08-23T09:30:57","modified_gmt":"2025-08-23T09:30:57","slug":"high-capacity-bang-28000-puffs-disposable-e-cigarette","status":"publish","type":"product","link":"https:\/\/vapestornado.com\/pt\/product\/high-capacity-bang-28000-puffs-disposable-e-cigarette\/","title":{"rendered":"Cigarro Eletr\u00f3nico Descart\u00e1vel Bang 28000 Puffs de Alta Capacidade"},"content":{"rendered":"<h1>Cigarro Eletr\u00f3nico Descart\u00e1vel Bang 28000 Puffs de Alta Capacidade<\/h1>\n<p>&nbsp;<\/p>\n<div role=\"article\" data-tabster=\"{&quot;groupper&quot;:{&quot;tabbability&quot;:2},&quot;focusable&quot;:{}}\" data-content=\"ai-message\" aria-labelledby=\"64JRvXrTnY7mRmPkEQLLT-author 64JRvXrTnY7mRmPkEQLLT-content\">\n<div id=\"64JRvXrTnY7mRmPkEQLLT-content\">\n<p data-start=\"313\" data-end=\"602\">O <strong data-start=\"317\" data-end=\"353\">Vape Descart\u00e1vel Bang 28000 Puffs<\/strong> oferece desempenho e conveni\u00eancia prolongados com uma capacidade massiva <strong data-start=\"415\" data-end=\"439\">28.000 puffs<\/strong> e <strong data-start=\"446\" data-end=\"479\">30ml de e-l\u00edquido pr\u00e9-cheio<\/strong>. Utilizando <strong data-start=\"487\" data-end=\"520\">tecnologia avan\u00e7ada de resist\u00eancia de malha<\/strong>, garante um sabor consistente e uma produ\u00e7\u00e3o de vapor suave do in\u00edcio ao fim.<\/p>\n<p data-start=\"604\" data-end=\"814\">Dispon\u00edvel em <strong data-start=\"617\" data-end=\"656\">op\u00e7\u00f5es de nicotina de 0%, 2%, 3% e 5%<\/strong>, o Bang 28K atende a todas as prefer\u00eancias, enquanto a <strong data-start=\"708\" data-end=\"732\">n\u00edvel de gelo ajust\u00e1vel<\/strong> permite que os utilizadores personalizem a intensidade de arrefecimento para um efeito refrescante de mentol.<\/p>\n<p data-start=\"816\" data-end=\"1116\">Alimentado por uma <strong data-start=\"829\" data-end=\"860\">bateria recarreg\u00e1vel de 650mAh<\/strong> com <strong data-start=\"866\" data-end=\"890\">carregamento r\u00e1pido Tipo-C<\/strong>, este dispositivo minimiza o tempo de inatividade e suporta um uso confi\u00e1vel durante todo o dia. O seu <strong data-start=\"962\" data-end=\"1001\">fluxo de ar Direct-to-Lung (DTL)<\/strong> produz nuvens de vapor densas e sabores ousados, tornando-o ideal para vapers que desejam capacidade e desempenho.<\/p>\n<p data-start=\"1118\" data-end=\"1279\">Para grossistas e distribuidores, o <strong data-start=\"1156\" data-end=\"1181\">Vape Bang 28000 Puffs<\/strong> oferece um forte apelo com alta contagem de puffs, op\u00e7\u00f5es de personaliza\u00e7\u00e3o e qualidade de constru\u00e7\u00e3o confi\u00e1vel.<\/p>\n<hr data-start=\"1281\" data-end=\"1284\" \/>\n<h3 data-start=\"1286\" data-end=\"1312\">Meta Descri\u00e7\u00e3o SEO<\/h3>\n<\/div>\n<\/div>\n<div class=\"flex max-w-full flex-col flex-grow\">\n<div class=\"min-h-8 text-message flex w-full flex-col items-end gap-2 whitespace-normal break-words text-start [.text-message+&amp;]:mt-5\" dir=\"auto\" data-message-author-role=\"assistant\" data-message-id=\"cdb991c0-f594-4bff-b2d5-fbbdd7ce9e54\" data-message-model-slug=\"gpt-4o-mini\">\n<div class=\"flex w-full flex-col gap-1 empty:hidden first:pt-[3px]\">\n<div class=\"markdown prose w-full break-words dark:prose-invert light\"><\/div>\n<\/div>\n<\/div>\n<\/div>\n<div class=\"mb-2 flex gap-3 empty:hidden -ml-2\">\n<h2 class=\"sr-proMainInfo-baseInfoH1 J-baseInfo-name\">Principais caracter\u00edsticas dos vapes descart\u00e1veis Top Sale 28000 puff bang:<\/h2>\n<ul>\n<li><strong>Contagem de Puffs Enorme<\/strong>: Fornece at\u00e9 <strong>28.000 baforadas<\/strong>, proporcionando sess\u00f5es de vaporiza\u00e7\u00e3o prolongadas sem substitui\u00e7\u00f5es frequentes.<\/li>\n<li><strong>Capacidade Generosa de L\u00edquido<\/strong>: Pr\u00e9-cheio com <strong>30mL de l\u00edquido de vape de alta qualidade<\/strong> para um sabor consistente e produ\u00e7\u00e3o de vapor suave.<\/li>\n<li><strong>Concentra\u00e7\u00f5es de Nicotina Personaliz\u00e1veis<\/strong>: Dispon\u00edvel em <strong>0%, 2%, 3% ou 5% de nicotina<\/strong>, atendendo a diferentes prefer\u00eancias e necessidades de vaporiza\u00e7\u00e3o.<\/li>\n<li><strong>Bobina de Malha Avan\u00e7ada<\/strong>: Possui uma <strong>resist\u00eancia de malha de 1.0\u03a9<\/strong> para maior densidade de vapor, sabores intensos e tragadas suaves.<\/li>\n<li><strong>N\u00edvel de Gelo Ajust\u00e1vel<\/strong>: Personalize sua experi\u00eancia de vaporiza\u00e7\u00e3o com um <strong>efeito de arrefecimento ajust\u00e1vel<\/strong>, perfeito para uma refrescante sensa\u00e7\u00e3o de mentol.<\/li>\n<li><strong>Bateria Recarreg\u00e1vel<\/strong>: Alimentado por uma <strong>bateria recarreg\u00e1vel de 650mAh<\/strong>, garantindo um desempenho fi\u00e1vel durante a vida \u00fatil do dispositivo.<\/li>\n<li><strong>Carregamento R\u00e1pido Tipo-C<\/strong>: Equipado com <strong>tecnologia de carregamento r\u00e1pido Tipo-C<\/strong> para um tempo de inatividade m\u00ednimo e recargas eficientes.<\/li>\n<li><strong>Fluxo de Ar Direto para o Pulm\u00e3o (DTL)<\/strong>: Projetado para <strong>vaping DTL<\/strong>, proporcionando nuvens densas e sabores intensos.<\/li>\n<li><strong>Design Port\u00e1til e Elegante<\/strong>: Compacto, leve e elegante, tornando-o ideal para viagens ou uso di\u00e1rio.<\/li>\n<li><strong>Ecol\u00f3gico e Descart\u00e1vel<\/strong>: Projetado para conveni\u00eancia e sustentabilidade, oferecendo descarte sem complica\u00e7\u00f5es ap\u00f3s o uso.<\/li>\n<\/ul>\n<\/div>\n<p><img fetchpriority=\"high\" decoding=\"async\" class=\"wp-image-2951\" src=\"https:\/\/vapestornado.com\/wp-content\/uploads\/2024\/12\/Wholesale-Disposable-Vape-265x300.jpg\" alt=\"Vape Descart\u00e1vel por Grosso\" width=\"313\" height=\"354\" srcset=\"https:\/\/vapestornado.com\/wp-content\/uploads\/2024\/12\/Wholesale-Disposable-Vape-265x300.jpg 265w, https:\/\/vapestornado.com\/wp-content\/uploads\/2024\/12\/Wholesale-Disposable-Vape-768x871.jpg 768w, https:\/\/vapestornado.com\/wp-content\/uploads\/2024\/12\/Wholesale-Disposable-Vape-600x680.jpg 600w, https:\/\/vapestornado.com\/wp-content\/uploads\/2024\/12\/Wholesale-Disposable-Vape.jpg 823w\" sizes=\"(max-width: 313px) 100vw, 313px\" \/><\/p>\n<h5>Por favor, contacte o WhatsApp da Mandy para pre\u00e7o com desconto:<a href=\"https:\/\/wa.me\/8618077105796\" target=\"_blank\" rel=\"noopener\">+8618077105796<\/a><\/h5>\n<p>&nbsp;<\/p>\n<h3 class=\"sr-proMainInfo-baseInfoH1 J-baseInfo-name\">bangvape 28k Puffs Vapes por Atacado Sabor:<\/h3>\n<p>1. Morango Melancia<br \/>\n2. Gelo de Mirtilo<br \/>\n3.Sangue E Areia<br \/>\n4.Anan\u00e1s E C\u00f4co<br \/>\n5. Banana com Morango<br \/>\n6. Fruta Mista<br \/>\n7. Mirtilos e Framboesas<br \/>\n8.P\u00eassego Gelado<br \/>\n9.Manga P\u00eassego<br \/>\n10. Melancia<br \/>\n11. Gelo de Uva<br \/>\n12. Morango e Kiwi<\/p>\n<div role=\"article\" data-tabster=\"{&quot;groupper&quot;:{&quot;tabbability&quot;:2},&quot;focusable&quot;:{}}\" data-content=\"ai-message\" aria-labelledby=\"dARUyEWDoEYhnSPXFwx5A-author dARUyEWDoEYhnSPXFwx5A-content\">\n<div id=\"dARUyEWDoEYhnSPXFwx5A-content\">\n<h3><strong>Porqu\u00ea Comprar HQ Bang 28000 Puffs <\/strong>\u00a0vaporizadores\u00a0<strong>da vapestornado?<\/strong><\/h3>\n<ul>\n<li><strong>Produtos Aut\u00eanticos Garantidos<\/strong><br \/>\nvapestornado garante que recebe produtos originais <strong>Vape Bang 28000 Puffs<\/strong>, proporcionando qualidade premium e desempenho fi\u00e1vel em cada compra.<\/li>\n<li><strong>Pre\u00e7os Imbat\u00edveis<\/strong><br \/>\nDesfrute de pre\u00e7os competitivos e ofertas exclusivas em vapes descart\u00e1veis de alta capacidade, tornando a vapestornado o destino ideal para encomendas a granel ou individuais.<\/li>\n<li><strong>Envio R\u00e1pido para a Europa<\/strong><br \/>\nCom foco na conveni\u00eancia do cliente, a vapestornado oferece <strong>envio r\u00e1pido e fi\u00e1vel<\/strong> para pa\u00edses europeus, garantindo a entrega atempada.<\/li>\n<li><strong>Apoio ao Cliente<\/strong><br \/>\nBeneficie de <strong>servi\u00e7o de apoio ao cliente dedicado<\/strong> para ajudar com quaisquer quest\u00f5es, tornando a sua experi\u00eancia de compra tranquila e sem complica\u00e7\u00f5es.<\/li>\n<li><strong>Experi\u00eancia de Vaping de Topo<\/strong><br \/>\nAs vapes Bang 28000 Puffs apresentam tecnologia avan\u00e7ada <strong>tecnologia de resist\u00eancia de malha<\/strong>, <strong>n\u00edveis de gelo ajust\u00e1veis<\/strong>e <strong>Fluxo de ar Direct-to-Lung (DTL)<\/strong>, garantindo sabores intensos, nuvens densas e sensa\u00e7\u00f5es de arrefecimento personalizadas.<\/li>\n<li><strong>Ecol\u00f3gico e Conveniente<\/strong><br \/>\nvapestornado apoia a vaporiza\u00e7\u00e3o ambientalmente respons\u00e1vel com vapes descart\u00e1veis de alta qualidade projetados para uso sem complica\u00e7\u00f5es e f\u00e1cil descarte.<\/li>\n<\/ul>\n<\/div>\n<\/div>\n<h3>Perguntas Frequentes sobre o Novo Vape Bang 28000 Puffs<\/h3>\n<p><strong>1. Como posso rastrear o meu pedido de Bang 28000 Puffs?<\/strong><br \/>\nRastrear o seu pedido \u00e9 simples. Assim que o seu pedido for confirmado, receber\u00e1 um n\u00famero de rastreamento via WhatsApp. Use este n\u00famero no site da transportadora designada para monitorar o progresso da entrega da sua encomenda. Para assist\u00eancia adicional, sinta-se \u00e0 vontade para entrar em contacto com a nossa equipa de apoio ao cliente.<\/p>\n<p><strong>2. Posso especificar sabores para produtos selecionados aleatoriamente?<\/strong><br \/>\nSim, pode! Embora alguns pacotes de produtos venham com sabores pr\u00e9-selecionados, fazemos o nosso melhor para acomodar prefer\u00eancias de sabores espec\u00edficos. Basta deixar uma nota durante o checkout ou entrar em contacto com o nosso apoio ao cliente com o seu pedido. Garantiremos que os seus sabores preferidos sejam inclu\u00eddos, se estiverem em stock.<\/p>\n<p><strong>3. O que torna os vapes Bang 28000 Puffs \u00fanicos?<\/strong><br \/>\nO <strong>Vape Descart\u00e1vel Bang 28000 Puffs<\/strong> oferece uma contagem massiva de inala\u00e7\u00f5es, <strong>capacidade de e-l\u00edquido de 30 mL<\/strong>, n\u00edveis de gelo ajust\u00e1veis e tecnologia avan\u00e7ada de bobina de malha. Foi projetado para conveni\u00eancia, uso duradouro e uma experi\u00eancia de vaporiza\u00e7\u00e3o personaliz\u00e1vel.<\/p>","protected":false},"excerpt":{"rendered":"<ul>\n<li>Vape Descart\u00e1vel Premium Bang 28000 Puffs<\/li>\n<li>Vape Recarreg\u00e1vel de Longa Dura\u00e7\u00e3o Bang 28000 Puffs<\/li>\n<li>Cigarro Eletr\u00f3nico Bang 28000 Puffs com Pods de Gelo Ajust\u00e1veis<\/li>\n<\/ul>\n<figure id=\"attachment_2951\" aria-describedby=\"caption-attachment-2951\" style=\"width: 265px\" class=\"wp-caption alignnone\"><img decoding=\"async\" class=\"size-medium wp-image-2951\" src=\"https:\/\/vapestornado.com\/wp-content\/uploads\/2024\/12\/Wholesale-Disposable-Vape-265x300.jpg\" alt=\"Vape Descart\u00e1vel por Grosso\" width=\"265\" height=\"300\" srcset=\"https:\/\/vapestornado.com\/wp-content\/uploads\/2024\/12\/Wholesale-Disposable-Vape-265x300.jpg 265w, https:\/\/vapestornado.com\/wp-content\/uploads\/2024\/12\/Wholesale-Disposable-Vape-768x871.jpg 768w, https:\/\/vapestornado.com\/wp-content\/uploads\/2024\/12\/Wholesale-Disposable-Vape-600x680.jpg 600w, https:\/\/vapestornado.com\/wp-content\/uploads\/2024\/12\/Wholesale-Disposable-Vape.jpg 823w\" sizes=\"(max-width: 265px) 100vw, 265px\" \/><figcaption id=\"caption-attachment-2951\" class=\"wp-caption-text\">Por favor, contacte o WhatsApp da Mandy para pre\u00e7o com desconto\u00a0 <a href=\"https:\/\/wa.me\/8618077105796\">+8618077105796<\/a><\/figcaption><\/figure>\n<p>&nbsp;<\/p>","protected":false},"featured_media":3738,"comment_status":"open","ping_status":"closed","template":"","meta":{"_acf_changed":false,"_uag_custom_page_level_css":"","_lmt_disableupdate":"no","_lmt_disable":"","_monsterinsights_skip_tracking":false,"_monsterinsights_sitenote_active":false,"_monsterinsights_sitenote_note":"","_monsterinsights_sitenote_category":0,"site-sidebar-layout":"default","site-content-layout":"","ast-site-content-layout":"default","site-content-style":"default","site-sidebar-style":"default","ast-global-header-display":"","ast-banner-title-visibility":"","ast-main-header-display":"","ast-hfb-above-header-display":"","ast-hfb-below-header-display":"","ast-hfb-mobile-header-display":"","site-post-title":"","ast-breadcrumbs-content":"","ast-featured-img":"","footer-sml-layout":"","ast-disable-related-posts":"","theme-transparent-header-meta":"default","adv-header-id-meta":"","stick-header-meta":"","header-above-stick-meta":"","header-main-stick-meta":"","header-below-stick-meta":"","astra-migrate-meta-layouts":"set","ast-page-background-enabled":"default","ast-page-background-meta":{"desktop":{"background-color":"","background-image":"","background-repeat":"repeat","background-position":"center center","background-size":"auto","background-attachment":"scroll","background-type":"","background-media":"","overlay-type":"","overlay-color":"","overlay-opacity":"","overlay-gradient":""},"tablet":{"background-color":"","background-image":"","background-repeat":"repeat","background-position":"center center","background-size":"auto","background-attachment":"scroll","background-type":"","background-media":"","overlay-type":"","overlay-color":"","overlay-opacity":"","overlay-gradient":""},"mobile":{"background-color":"","background-image":"","background-repeat":"repeat","background-position":"center center","background-size":"auto","background-attachment":"scroll","background-type":"","background-media":"","overlay-type":"","overlay-color":"","overlay-opacity":"","overlay-gradient":""}},"ast-content-background-meta":{"desktop":{"background-color":"var(--ast-global-color-5)","background-image":"","background-repeat":"repeat","background-position":"center center","background-size":"auto","background-attachment":"scroll","background-type":"","background-media":"","overlay-type":"","overlay-color":"","overlay-opacity":"","overlay-gradient":""},"tablet":{"background-color":"var(--ast-global-color-5)","background-image":"","background-repeat":"repeat","background-position":"center center","background-size":"auto","background-attachment":"scroll","background-type":"","background-media":"","overlay-type":"","overlay-color":"","overlay-opacity":"","overlay-gradient":""},"mobile":{"background-color":"var(--ast-global-color-5)","background-image":"","background-repeat":"repeat","background-position":"center center","background-size":"auto","background-attachment":"scroll","background-type":"","background-media":"","overlay-type":"","overlay-color":"","overlay-opacity":"","overlay-gradient":""}},"_joinchat":{"telephone":"+8618077105796"}},"product_brand":[],"product_cat":[235,150,153,144],"product_tag":[236,97,98],"class_list":{"0":"post-3745","1":"product","2":"type-product","3":"status-publish","4":"has-post-thumbnail","6":"product_cat-28000-puff","7":"product_cat-buy-disposable-vapes-in-belgium","8":"product_cat-buy-disposable-vapes-in-italy","9":"product_cat-low-nicotine-disposable-vapes","10":"product_tag-bang-28000-puffs","11":"product_tag-hot-sale-disposable-vape","12":"product_tag-wholesale-price-disposable-vape","13":"desktop-align-left","14":"tablet-align-left","15":"mobile-align-left","17":"first","18":"instock","19":"sale","20":"shipping-taxable","21":"purchasable","22":"product-type-simple"},"acf":[],"uagb_featured_image_src":{"full":["https:\/\/vapestornado.com\/wp-content\/uploads\/2025\/01\/Bang-28000-Puffs-Ultimate-Long-Lasting-Vape.webp",800,800,false],"thumbnail":["https:\/\/vapestornado.com\/wp-content\/uploads\/2025\/01\/Bang-28000-Puffs-Ultimate-Long-Lasting-Vape-150x150.webp",150,150,true],"medium":["https:\/\/vapestornado.com\/wp-content\/uploads\/2025\/01\/Bang-28000-Puffs-Ultimate-Long-Lasting-Vape-300x300.webp",300,300,true],"medium_large":["https:\/\/vapestornado.com\/wp-content\/uploads\/2025\/01\/Bang-28000-Puffs-Ultimate-Long-Lasting-Vape-768x768.webp",768,768,true],"large":["https:\/\/vapestornado.com\/wp-content\/uploads\/2025\/01\/Bang-28000-Puffs-Ultimate-Long-Lasting-Vape.webp",800,800,false],"1536x1536":["https:\/\/vapestornado.com\/wp-content\/uploads\/2025\/01\/Bang-28000-Puffs-Ultimate-Long-Lasting-Vape.webp",800,800,false],"2048x2048":["https:\/\/vapestornado.com\/wp-content\/uploads\/2025\/01\/Bang-28000-Puffs-Ultimate-Long-Lasting-Vape.webp",800,800,false],"trp-custom-language-flag":["https:\/\/vapestornado.com\/wp-content\/uploads\/2025\/01\/Bang-28000-Puffs-Ultimate-Long-Lasting-Vape.webp",12,12,false],"woocommerce_thumbnail":["https:\/\/vapestornado.com\/wp-content\/uploads\/2025\/01\/Bang-28000-Puffs-Ultimate-Long-Lasting-Vape-300x300.webp",300,300,true],"woocommerce_single":["https:\/\/vapestornado.com\/wp-content\/uploads\/2025\/01\/Bang-28000-Puffs-Ultimate-Long-Lasting-Vape-600x600.webp",600,600,true],"woocommerce_gallery_thumbnail":["https:\/\/vapestornado.com\/wp-content\/uploads\/2025\/01\/Bang-28000-Puffs-Ultimate-Long-Lasting-Vape-100x100.webp",100,100,true]},"uagb_author_info":{"display_name":"ESMANDY","author_link":"https:\/\/vapestornado.com\/pt\/author\/"},"uagb_comment_info":0,"uagb_excerpt":"Premium Bang 28000 Puffs Disposable Vape Pen Long-Lasting Bang 28000 Puff Rechargeable Vape Bang 28000 Puffs E-Cigarette with Adjustable Ice Vape Pods [caption id=\"attachment_2951\" align=\"alignnone\" width=\"265\"] Pls Contact Mandy's WhatsApp For Discount Price\u00a0 +8618077105796[\/caption] &nbsp;","_links":{"self":[{"href":"https:\/\/vapestornado.com\/pt\/wp-json\/wp\/v2\/product\/3745","targetHints":{"allow":["GET"]}}],"collection":[{"href":"https:\/\/vapestornado.com\/pt\/wp-json\/wp\/v2\/product"}],"about":[{"href":"https:\/\/vapestornado.com\/pt\/wp-json\/wp\/v2\/types\/product"}],"replies":[{"embeddable":true,"href":"https:\/\/vapestornado.com\/pt\/wp-json\/wp\/v2\/comments?post=3745"}],"wp:featuredmedia":[{"embeddable":true,"href":"https:\/\/vapestornado.com\/pt\/wp-json\/wp\/v2\/media\/3738"}],"wp:attachment":[{"href":"https:\/\/vapestornado.com\/pt\/wp-json\/wp\/v2\/media?parent=3745"}],"wp:term":[{"taxonomy":"product_brand","embeddable":true,"href":"https:\/\/vapestornado.com\/pt\/wp-json\/wp\/v2\/product_brand?post=3745"},{"taxonomy":"product_cat","embeddable":true,"href":"https:\/\/vapestornado.com\/pt\/wp-json\/wp\/v2\/product_cat?post=3745"},{"taxonomy":"product_tag","embeddable":true,"href":"https:\/\/vapestornado.com\/pt\/wp-json\/wp\/v2\/product_tag?post=3745"}],"curies":[{"name":"wp","href":"https:\/\/api.w.org\/{rel}","templated":true}]}}