{"id":3734,"date":"2025-01-13T08:21:51","date_gmt":"2025-01-13T08:21:51","guid":{"rendered":"https:\/\/vapestornado.com\/?post_type=product&#038;p=3734"},"modified":"2025-08-23T09:32:47","modified_gmt":"2025-08-23T09:32:47","slug":"waspe-crystal-40000-puffs-40k-double-flavor-rechargeable-disposable-vapes-cheap-price","status":"publish","type":"product","link":"https:\/\/vapestornado.com\/pt\/product\/waspe-crystal-40000-puffs-40k-double-flavor-rechargeable-disposable-vapes-cheap-price\/","title":{"rendered":"WASPE Crystal 40000 Puffs 40k Vapes Descart\u00e1veis Recarreg\u00e1veis de Sabor Duplo Pre\u00e7o Barato"},"content":{"rendered":"<h1 class=\"product-title\">WASPE Crystal 40000 Puffs 40k Vapes Descart\u00e1veis Recarreg\u00e1veis de Sabor Duplo Pre\u00e7o Barato<\/h1>\n<p>O <strong>WASPE Crystal 40000 Puffs<\/strong> \u00e9 um de alta qualidade <strong>vape descart\u00e1vel recarreg\u00e1vel<\/strong> projetado para vapers que procuram uma experi\u00eancia prolongada, saborosa e personaliz\u00e1vel. Com a sua contagem massiva de baforadas, <strong>fluxo de ar ajust\u00e1vel<\/strong>, e inovadora <strong>tecnologia 2-sabores-em-1<\/strong> destaca-se entre os <strong>melhores marcas de vapes descart\u00e1veis<\/strong> a um incrivelmente <strong>pre\u00e7o de atacado barato<\/strong>.<\/p>\n<p>Com um impressionante <strong>40.000 puffs<\/strong>, este dispositivo oferece uma das capacidades mais altas no mercado de vaporizadores descart\u00e1veis, garantindo um prazer duradouro sem substitui\u00e7\u00f5es frequentes. A <strong>tecnologia de sabor duplo<\/strong> combina dois sabores complementares num \u00fanico dispositivo, permitindo aos utilizadores alternar entre eles sem esfor\u00e7o e desfrutar de uma experi\u00eancia de vaping din\u00e2mica.<\/p>\n<p data-start=\"598\" data-end=\"841\">O <strong data-start=\"602\" data-end=\"624\">sistema de sabor duplo<\/strong> permite aos utilizadores alternar entre duas misturas num \u00fanico dispositivo, proporcionando variedade e frescura em cada sess\u00e3o. Com <strong data-start=\"744\" data-end=\"766\">fluxo de ar ajust\u00e1vel<\/strong>, permite aos vaporizadores personalizar a sua inala\u00e7\u00e3o\u2014desde puxadas mais apertadas at\u00e9 nuvens mais suaves.<\/p>\n<p data-start=\"843\" data-end=\"1081\">Equipado com <strong data-start=\"857\" data-end=\"881\">bobinas duplas de malha 0,9\u03a9<\/strong>, o WASPE Crystal melhora a consist\u00eancia do sabor e a densidade do vapor. Dispon\u00edvel em <strong data-start=\"961\" data-end=\"998\">0%, 2% e 5% de concentra\u00e7\u00f5es de nicotina<\/strong>, adequando-se a diferentes prefer\u00eancias, desde uso sem nicotina at\u00e9 puxadas mais fortes na garganta.<\/p>\n<p data-start=\"1083\" data-end=\"1291\">Alimentado por um <strong data-start=\"1097\" data-end=\"1128\">bateria recarreg\u00e1vel de 850mAh<\/strong> com <strong data-start=\"1134\" data-end=\"1158\">carregamento r\u00e1pido Tipo-C<\/strong>, este dispositivo minimiza o tempo de inatividade. Um <strong data-start=\"1194\" data-end=\"1217\">ecr\u00e3 digital LED<\/strong> mostra os n\u00edveis de bateria e de e-l\u00edquido em tempo real, dando aos utilizadores controlo total.<\/p>\n<p data-start=\"1293\" data-end=\"1484\">Para atacadistas e varejistas, o <strong data-start=\"1328\" data-end=\"1354\">WASPE Crystal 40K Vape<\/strong> \u00e9 embalado de forma eficiente com <strong data-start=\"1384\" data-end=\"1424\">200 pe\u00e7as por palete e 10 por caixa<\/strong>, tornando-se uma op\u00e7\u00e3o de compra a granel econ\u00f3mica para distribui\u00e7\u00e3o.<\/p>\n<p>Para aqueles que procuram <strong>comprar a granel<\/strong>, o WASPE Crystal oferece excelentes op\u00e7\u00f5es de atacado com embalagens de <strong>200 pe\u00e7as por caixa e 10 pe\u00e7as por caixa pequena<\/strong>, tornando-o perfeito para retalhistas e distribuidores em Portugal. O peso bruto total de 22,5kg garante um envio eficiente e econ\u00f3mico para compradores em grandes quantidades.<\/p>\n<p><strong>Adicione o Whatsapp da Amy e obtenha uma resposta r\u00e1pida e um cup\u00e3o de vape!<\/strong><\/p>\n<p><img fetchpriority=\"high\" decoding=\"async\" class=\"size-full wp-image-2932\" src=\"https:\/\/vapestornado.com\/wp-content\/uploads\/2024\/12\/Vape-Wholesale.jpg\" alt=\"Vape Atacado\" width=\"229\" height=\"300\" \/><\/p>\n<h3><a href=\"https:\/\/wa.me\/8617776015835\" target=\"_blank\" rel=\"noopener\"><span style=\"color: #ff0000;\"><strong>WhatsApp: +86 17776015835<\/strong><\/span><\/a><\/h3>\n<p>&nbsp;<\/p>\n<h2><strong>Caracter\u00edsticas do Produto WASPE Crystal 40000<\/strong><\/h2>\n<ol>\n<li><strong>N\u00famero M\u00e1ximo de Baforadas<\/strong>: 40000<\/li>\n<li><strong>Sabores Duplos<\/strong>: 20000 Baforadas + 20000 Baforadas = 40000 Baforadas<\/li>\n<li><strong>Concentra\u00e7\u00e3o de Nicotina<\/strong>: 0% \/ 2% \/ 3% \/ 5%<\/li>\n<li><strong>Capacidade Pr\u00e9-preenchida<\/strong>: 32mL<\/li>\n<li><strong>Capacidade da bateria<\/strong>: 850mAh<\/li>\n<li><strong>Porta de Carregamento<\/strong>: USB Tipo-C<\/li>\n<li><strong>Funcionamento<\/strong>: Ativa\u00e7\u00e3o por Aspira\u00e7\u00e3o<\/li>\n<li><strong>Bobina de Malha Dupla de 0,9ohm<\/strong><\/li>\n<li><strong>Tela de Exibi\u00e7\u00e3o LED<\/strong><\/li>\n<li><strong>Indicador de N\u00edvel de Bateria<\/strong><\/li>\n<li><strong>Indicador de N\u00edvel de E-L\u00edquido<\/strong><\/li>\n<\/ol>\n<h2 class=\"product-title\"><strong>Lista de Sabores WASPE Crystal 40000<\/strong><\/h2>\n<p>1. Melancia Gelo<br \/>\n2. Red Bull Gelo<br \/>\n3. Morango Red Bull<br \/>\n4. Rebu\u00e7ado de Mirtilo<br \/>\n5. Morango Kiwi<br \/>\n6. Mirtilo Framboesa<br \/>\n7. Morango Framboesa Cereja<br \/>\n8. P\u00eassego Gelado<br \/>\n9. Morango Banana<br \/>\n10. Uva Gelada<br \/>\n11. Frutos Silvestres<br \/>\n12. Mirtilo Gelado<\/p>\n<h3 class=\"product-title\"><strong>An\u00e1lise Aprofundada da Lista de Sabores WASPE Crystal 40000 Puffs<\/strong><\/h3>\n<ol>\n<li><strong>Melancia Gelada<\/strong> \u2013 Uma mistura refrescante de melancia fresca com um toque picante de lim\u00e3o-lima.<\/li>\n<li><strong>Mirtilo Gelado<\/strong> \u2013 Mirtilos doces encontram o prazer efervescente da cola de cereja com um acabamento gelado.<\/li>\n<li><strong>Frutos Silvestres<\/strong> \u2013 Uma mistura frutada de frutos silvestres com o toque picante da limonada de framboesa.<\/li>\n<li><strong>Uva Gelada<\/strong> \u2013 Sabor de uva suculenta combinado com o exotismo gelado do gelo de drag\u00e3o preto.<\/li>\n<li><strong>Morango Banana<\/strong> \u2013 Uma fus\u00e3o tropical de banana cremosa, morango doce e abacaxi e coco gelados.<\/li>\n<li><strong>P\u00eassego Gelado<\/strong> \u2013 P\u00eassego gelado suave misturado com melancia e manga suculentas.<\/li>\n<li><strong>Morango Framboesa Cereja<\/strong> \u2013 Uma mistura deliciosa de morangos, framboesas, cerejas e o misterioso sabor Amor 666.<\/li>\n<li><strong>Mirtilo Framboesa<\/strong> \u2013 Mirtilos e framboesas doces misturados com p\u00eassego e frutos silvestres gelados.<\/li>\n<li><strong>Morango Kiwi<\/strong> \u2013 Uma deliciosa mistura de morangos doces com kiwi e cereja picantes.<\/li>\n<li><strong>Doce de Mirtilo<\/strong> \u2013 Uma do\u00e7ura de mirtilo tipo doce combinada com melancia de morango suculenta.<\/li>\n<li><strong>Morango Red Bull<\/strong> \u2013 Uma mistura \u00fanica de sabor energizante de Red Bull com cereja de mirtilo doce.<\/li>\n<li><strong>Red Bull Gelado<\/strong> \u2013 Um refrescante Red Bull gelado combinado com manga de morango doce.<\/li>\n<\/ol>\n<h3>Por que escolher a vapestornado para o atacado do WASPE Crystal 40000 Vape?<\/h3>\n<div class=\"flex-shrink-0 flex flex-col relative items-end\">\n<div class=\"pt-0\">\n<div class=\"gizmo-bot-avatar flex h-8 w-8 items-center justify-center overflow-hidden rounded-full\">\n<div class=\"relative p-1 rounded-sm flex items-center justify-center bg-token-main-surface-primary text-token-text-primary h-8 w-8\">\n<p>Bem-vindo \u00e0 vapestornado, a sua loja de vape online de confian\u00e7a para vapes descart\u00e1veis premium. Com mais de 5 anos de experi\u00eancia, trazemos-lhe marcas populares de vapes descart\u00e1veis, como Fumot RandM Vape, <a href=\"https:\/\/vapestornado.com\/pt\/product\/vapme-crystal-7000-puffs-rechargeable-disposable-vape-wholesale-cheap-price\/\">Vapme<\/a>, Bang Vape, Waspe Vape e WGA Vape, etc.<\/p>\n<p>A nossa gama inclui vapes de venda quente como o <a href=\"https:\/\/vapestornado.com\/pt\/product\/fumot-randm-tornado-15000-puffs-rechargeable-disposable-vape-wholesale\/\">RandM Tornado 15000<\/a>, e op\u00e7\u00f5es ricas em sabor como o <a href=\"https:\/\/vapestornado.com\/pt\/product\/waspe-40000-puffs-double-flavour-led-display-disposable-vape-wholesale\/\">WASPE Sabor Duplo 40000 Puffs<\/a> Cada produto \u00e9 selecionado com foco na qualidade, valor e variedade, garantindo que encontre a combina\u00e7\u00e3o perfeita para as suas necessidades. Descubra um servi\u00e7o excecional e uma vasta gama de produtos de topo com pre\u00e7o de atacado na vapestornado.<\/p>\n<\/div>\n<h3><\/h3>\n<div class=\"relative p-1 rounded-sm flex items-center justify-center bg-token-main-surface-primary text-token-text-primary h-8 w-8\">\n<h3>Perguntas Frequentes sobre o Cigarro Eletr\u00f3nico Descart\u00e1vel WASPE Crystal 40000<\/h3>\n<\/div>\n<\/div>\n<\/div>\n<\/div>\n<div class=\"flex-shrink-0 flex flex-col relative items-end\">\n<div class=\"pt-0\">\n<div class=\"gizmo-bot-avatar flex h-8 w-8 items-center justify-center overflow-hidden rounded-full\">\n<div class=\"relative p-1 rounded-sm flex items-center justify-center bg-token-main-surface-primary text-token-text-primary h-8 w-8\">\n<div class=\"mb-2 flex gap-3 empty:hidden -ml-2\">\n<ol>\n<li><strong>Quanto tempo leva para carregar totalmente o WASPE Crystal?<\/strong>\n<ul>\n<li>Com o carregamento r\u00e1pido Tipo-C, o dispositivo leva aproximadamente 1 hora para carregar totalmente.<\/li>\n<\/ul>\n<\/li>\n<li><strong>Onde posso comprar o WASPE Crystal a pre\u00e7o de atacado?<\/strong>\n<ul>\n<li>Pode compr\u00e1-lo a pre\u00e7os de atacado na vapestornado, que oferece \u00f3timas promo\u00e7\u00f5es e op\u00e7\u00f5es a granel.<\/li>\n<\/ul>\n<\/li>\n<li><strong>Como funciona o sistema de sabor duplo?<\/strong>\n<ul>\n<li>Basta ajustar as configura\u00e7\u00f5es de fluxo de ar para alternar facilmente entre os dois sabores.<\/li>\n<\/ul>\n<\/li>\n<li><strong>O WASPE Crystal \u00e9 adequado para iniciantes?<\/strong>\n<ul>\n<li>Sim, \u00e9 f\u00e1cil de usar e oferece uma op\u00e7\u00e3o de 0% de nicotina, tornando-o perfeito para iniciantes.<\/li>\n<\/ul>\n<\/li>\n<li><strong>Que tipo de carregamento o WASPE Crystal suporta?<\/strong>\n<ul>\n<li>Suporta carregamento Tipo-C, tornando-o compat\u00edvel com a maioria dos carregadores modernos.<\/li>\n<\/ul>\n<\/li>\n<\/ol>\n<h2>Como Encomendar?<\/h2>\n<p><strong>1. Que m\u00e9todos de pagamento aceita?<\/strong><br \/>\nAceitamos Transfer\u00eancia IBAN e <span style=\"font-size: 16px;\">Western Union<\/span>\u00a0para transa\u00e7\u00f5es seguras e convenientes.<\/p>\n<p><strong>2. Como posso rastrear a minha encomenda?<\/strong><br \/>\nAp\u00f3s o envio da sua encomenda, <span class=\"selectable-text copyable-text false\">manteremos a atualiza\u00e7\u00e3o do rastreio das cargas at\u00e9 que as receba<\/span>.<\/p>\n<p><strong>3. Qual \u00e9 o tempo estimado de envio?<\/strong><\/p>\n<ul>\n<li>Envio de <strong>Armaz\u00e9ns da China<\/strong> demora aproximadamente <strong>7-14 dias \u00fateis<\/strong>.<\/li>\n<li>Envio de <strong>Armaz\u00e9ns Europeus<\/strong> geralmente demora <strong>3-6 dias \u00fateis<\/strong>.<\/li>\n<\/ul>\n<p><strong>4. Como posso obter uma entrega mais r\u00e1pida?<\/strong><br \/>\nPara uma entrega mais r\u00e1pida, recomendamos encomendar a partir do nosso <strong>armaz\u00e9m Europeu<\/strong>, que oferece tempos de envio mais r\u00e1pidos.<\/p>\n<p><strong>5. Como devolvo um artigo?<\/strong><br \/>\nPara devolver um artigo, contacte a nossa equipa de apoio ao cliente para obter instru\u00e7\u00f5es detalhadas sobre o processo de devolu\u00e7\u00e3o.<\/p>\n<p><strong>6. Voc\u00eas oferecem envio internacional?<\/strong><br \/>\nSim, enviamos para a maioria dos pa\u00edses e tratamos do <strong>desalfandegamento<\/strong> para uma experi\u00eancia de entrega perfeita.<\/p>\n<p><strong>7. E se eu receber um produto danificado ou defeituoso?<\/strong><br \/>\nSe o seu artigo estiver danificado ou defeituoso, contacte o apoio ao cliente para obter um <strong>substitui\u00e7\u00e3o ou reembolso<\/strong>.<\/p>\n<p><strong>8. Como posso contactar o servi\u00e7o de apoio ao cliente?<\/strong><br \/>\nPode contactar-nos atrav\u00e9s de <strong>e-mail, WhatsApp ou chat ao vivo<\/strong> no nosso website para qualquer assist\u00eancia.<\/p>\n<\/div>\n<\/div>\n<\/div>\n<\/div>\n<\/div>","protected":false},"excerpt":{"rendered":"<p>Melhor Waspe Crystal Vape 40000 Puffs Sabores Duplos Baixo Teor de Nicotina Vaporizador Descart\u00e1vel Venda por Grosso<br \/>\nWASPE Crystal 40000 Puffs Sabor Duplo Visor LED Vaporizador Descart\u00e1vel Compra a Granel<br \/>\nWASPE Crystal 40000 Puffs 2 em 1 Sabor Vaporizadores Descart\u00e1veis Recarreg\u00e1veis Pre\u00e7o Barato<\/p>\n<p><strong>Adicione o WhatsApp da Amy para uma resposta r\u00e1pida e cup\u00e3o de vape!<\/strong><\/p>\n<p><img fetchpriority=\"high\" decoding=\"async\" class=\"size-full wp-image-2932\" src=\"https:\/\/vapestornado.com\/wp-content\/uploads\/2024\/12\/Vape-Wholesale.jpg\" alt=\"Vape Atacado\" width=\"229\" height=\"300\" \/><\/p>\n<h3><a href=\"https:\/\/wa.me\/8617776015835\"><span style=\"color: #ff0000;\"><strong>WhatsApp: +86 17776015835<\/strong><\/span><\/a><\/h3>\n<p>&nbsp;<\/p>","protected":false},"featured_media":3756,"comment_status":"open","ping_status":"closed","template":"","meta":{"_acf_changed":false,"_uag_custom_page_level_css":"","_lmt_disableupdate":"no","_lmt_disable":"","_monsterinsights_skip_tracking":false,"_monsterinsights_sitenote_active":false,"_monsterinsights_sitenote_note":"","_monsterinsights_sitenote_category":0,"site-sidebar-layout":"default","site-content-layout":"","ast-site-content-layout":"default","site-content-style":"default","site-sidebar-style":"default","ast-global-header-display":"","ast-banner-title-visibility":"","ast-main-header-display":"","ast-hfb-above-header-display":"","ast-hfb-below-header-display":"","ast-hfb-mobile-header-display":"","site-post-title":"","ast-breadcrumbs-content":"","ast-featured-img":"","footer-sml-layout":"","ast-disable-related-posts":"","theme-transparent-header-meta":"default","adv-header-id-meta":"","stick-header-meta":"","header-above-stick-meta":"","header-main-stick-meta":"","header-below-stick-meta":"","astra-migrate-meta-layouts":"set","ast-page-background-enabled":"default","ast-page-background-meta":{"desktop":{"background-color":"","background-image":"","background-repeat":"repeat","background-position":"center center","background-size":"auto","background-attachment":"scroll","background-type":"","background-media":"","overlay-type":"","overlay-color":"","overlay-opacity":"","overlay-gradient":""},"tablet":{"background-color":"","background-image":"","background-repeat":"repeat","background-position":"center center","background-size":"auto","background-attachment":"scroll","background-type":"","background-media":"","overlay-type":"","overlay-color":"","overlay-opacity":"","overlay-gradient":""},"mobile":{"background-color":"","background-image":"","background-repeat":"repeat","background-position":"center center","background-size":"auto","background-attachment":"scroll","background-type":"","background-media":"","overlay-type":"","overlay-color":"","overlay-opacity":"","overlay-gradient":""}},"ast-content-background-meta":{"desktop":{"background-color":"var(--ast-global-color-5)","background-image":"","background-repeat":"repeat","background-position":"center center","background-size":"auto","background-attachment":"scroll","background-type":"","background-media":"","overlay-type":"","overlay-color":"","overlay-opacity":"","overlay-gradient":""},"tablet":{"background-color":"var(--ast-global-color-5)","background-image":"","background-repeat":"repeat","background-position":"center center","background-size":"auto","background-attachment":"scroll","background-type":"","background-media":"","overlay-type":"","overlay-color":"","overlay-opacity":"","overlay-gradient":""},"mobile":{"background-color":"var(--ast-global-color-5)","background-image":"","background-repeat":"repeat","background-position":"center center","background-size":"auto","background-attachment":"scroll","background-type":"","background-media":"","overlay-type":"","overlay-color":"","overlay-opacity":"","overlay-gradient":""}},"_joinchat":{"telephone":"+8617776015835"}},"product_brand":[],"product_cat":[19,65,140,153,155,141,142,60],"product_tag":[120,97,94,93,237,163],"class_list":{"0":"post-3734","1":"product","2":"type-product","3":"status-publish","4":"has-post-thumbnail","6":"product_cat-vapes","7":"product_cat-40000-puff","8":"product_cat-big-puffs-disposable-vapes","9":"product_cat-buy-disposable-vapes-in-italy","10":"product_cat-buy-disposable-vapes-in-norway","11":"product_cat-crystal-disposable-vapes","12":"product_cat-digital-box-disposable-vapes","13":"product_cat-waspe-fihp-vape","14":"product_tag-crystal-vape","15":"product_tag-hot-sale-disposable-vape","16":"product_tag-rechargeable-disposable-vape","17":"product_tag-vape-wholesale","18":"product_tag-waspe-crystal-40000","19":"product_tag-waspe-vape","20":"desktop-align-left","21":"tablet-align-left","22":"mobile-align-left","24":"first","25":"instock","26":"sale","27":"shipping-taxable","28":"purchasable","29":"product-type-simple"},"acf":[],"uagb_featured_image_src":{"full":["https:\/\/vapestornado.com\/wp-content\/uploads\/2025\/01\/WASPE-40000-Puffs-Crystal-Disposable-Vape-Wholesale-Price.webp",1000,1000,false],"thumbnail":["https:\/\/vapestornado.com\/wp-content\/uploads\/2025\/01\/WASPE-40000-Puffs-Crystal-Disposable-Vape-Wholesale-Price-150x150.webp",150,150,true],"medium":["https:\/\/vapestornado.com\/wp-content\/uploads\/2025\/01\/WASPE-40000-Puffs-Crystal-Disposable-Vape-Wholesale-Price-300x300.webp",300,300,true],"medium_large":["https:\/\/vapestornado.com\/wp-content\/uploads\/2025\/01\/WASPE-40000-Puffs-Crystal-Disposable-Vape-Wholesale-Price-768x768.webp",768,768,true],"large":["https:\/\/vapestornado.com\/wp-content\/uploads\/2025\/01\/WASPE-40000-Puffs-Crystal-Disposable-Vape-Wholesale-Price.webp",1000,1000,false],"1536x1536":["https:\/\/vapestornado.com\/wp-content\/uploads\/2025\/01\/WASPE-40000-Puffs-Crystal-Disposable-Vape-Wholesale-Price.webp",1000,1000,false],"2048x2048":["https:\/\/vapestornado.com\/wp-content\/uploads\/2025\/01\/WASPE-40000-Puffs-Crystal-Disposable-Vape-Wholesale-Price.webp",1000,1000,false],"trp-custom-language-flag":["https:\/\/vapestornado.com\/wp-content\/uploads\/2025\/01\/WASPE-40000-Puffs-Crystal-Disposable-Vape-Wholesale-Price.webp",12,12,false],"woocommerce_thumbnail":["https:\/\/vapestornado.com\/wp-content\/uploads\/2025\/01\/WASPE-40000-Puffs-Crystal-Disposable-Vape-Wholesale-Price-300x300.webp",300,300,true],"woocommerce_single":["https:\/\/vapestornado.com\/wp-content\/uploads\/2025\/01\/WASPE-40000-Puffs-Crystal-Disposable-Vape-Wholesale-Price-600x600.webp",600,600,true],"woocommerce_gallery_thumbnail":["https:\/\/vapestornado.com\/wp-content\/uploads\/2025\/01\/WASPE-40000-Puffs-Crystal-Disposable-Vape-Wholesale-Price-100x100.webp",100,100,true]},"uagb_author_info":{"display_name":"ESAMY","author_link":"https:\/\/vapestornado.com\/pt\/author\/"},"uagb_comment_info":0,"uagb_excerpt":"Best Waspe Crystal Vape 40000 Puffs Dual Flavors Low Nicotine Disposable Vape Wholesale WASPE Crystal 40000 Puffs Double Flavor LED Display Disposable Vape Bulk Buy WASPE Crystal 40000 Puffs 2 in 1 Flavor Rechargeable Disposable Vapes Cheap Price Add Amy's whatsapp get right reply and vape vape coupon! WhatsApp: +86 17776015835 &nbsp;","_links":{"self":[{"href":"https:\/\/vapestornado.com\/pt\/wp-json\/wp\/v2\/product\/3734","targetHints":{"allow":["GET"]}}],"collection":[{"href":"https:\/\/vapestornado.com\/pt\/wp-json\/wp\/v2\/product"}],"about":[{"href":"https:\/\/vapestornado.com\/pt\/wp-json\/wp\/v2\/types\/product"}],"replies":[{"embeddable":true,"href":"https:\/\/vapestornado.com\/pt\/wp-json\/wp\/v2\/comments?post=3734"}],"wp:featuredmedia":[{"embeddable":true,"href":"https:\/\/vapestornado.com\/pt\/wp-json\/wp\/v2\/media\/3756"}],"wp:attachment":[{"href":"https:\/\/vapestornado.com\/pt\/wp-json\/wp\/v2\/media?parent=3734"}],"wp:term":[{"taxonomy":"product_brand","embeddable":true,"href":"https:\/\/vapestornado.com\/pt\/wp-json\/wp\/v2\/product_brand?post=3734"},{"taxonomy":"product_cat","embeddable":true,"href":"https:\/\/vapestornado.com\/pt\/wp-json\/wp\/v2\/product_cat?post=3734"},{"taxonomy":"product_tag","embeddable":true,"href":"https:\/\/vapestornado.com\/pt\/wp-json\/wp\/v2\/product_tag?post=3734"}],"curies":[{"name":"wp","href":"https:\/\/api.w.org\/{rel}","templated":true}]}}