{"id":3726,"date":"2025-01-13T07:22:44","date_gmt":"2025-01-13T07:22:44","guid":{"rendered":"https:\/\/vapestornado.com\/?post_type=product&#038;p=3726"},"modified":"2025-08-23T12:33:57","modified_gmt":"2025-08-23T12:33:57","slug":"bang-king-35k-35000-puffs-2-in-1-dual-flavour-disposable-vape-wholesale-cheap-price","status":"publish","type":"product","link":"https:\/\/vapestornado.com\/pt\/product\/bang-king-35k-35000-puffs-2-in-1-dual-flavour-disposable-vape-wholesale-cheap-price\/","title":{"rendered":"Bang King 35K 35000 Puffs 2 em 1 Vape Descart\u00e1vel de Sabor Duplo Pre\u00e7o Barato Grossista"},"content":{"rendered":"<h1 class=\"product-title\">Bang King 35K 35000 Puffs 2 em 1 Vape Descart\u00e1vel de Sabor Duplo Pre\u00e7o Barato Grossista<\/h1>\n<p>&nbsp;<\/p>\n<p>Porqu\u00ea o <strong>Bang King 35K 35000 Puffs 2 em 1 Vape Descart\u00e1vel com Sabor Duplo<\/strong> a ficar popular? Este dispositivo combina conveni\u00eancia, sabor e acessibilidade, tudo junto. Com um ecr\u00e3 digital elegante, uma contagem de puffs impressionante e dois sabores distintos num s\u00f3 dispositivo, este vape redefine o que os vapes descart\u00e1veis podem oferecer.<\/p>\n<p>Diga adeus \u00e0s substitui\u00e7\u00f5es frequentes! Com uns impressionantes <strong>35.000 puffs<\/strong>, o Bang King 35K garante uma satisfa\u00e7\u00e3o duradoura, tornando-o um dos mais <strong>vapes descart\u00e1veis populares<\/strong> no mercado. Por que se contentar com um sabor quando pode ter dois? Desfrute do <strong>design de sabor 2 em 1<\/strong>, permitindo-lhe alternar entre dois sabores incr\u00edveis num \u00fanico dispositivo. Saboreie o dobro do sabor, tudo num s\u00f3 pacote elegante. Mantenha-se no controlo com o <strong>ecr\u00e3 t\u00e1til LED<\/strong>. Mostra a dura\u00e7\u00e3o da bateria, os n\u00edveis de e-l\u00edquido e permite ajustar o fluxo de ar e as defini\u00e7\u00f5es de pot\u00eancia para uma experi\u00eancia personaliz\u00e1vel.<\/p>\n<p>Com tr\u00eas modos de fluxo de ar, pode ajustar facilmente a tra\u00e7\u00e3o para se adequar \u00e0 sua prefer\u00eancia. Quer prefira toques suaves ou robustos, este vape adapta-se a si. O <strong>bateria recarreg\u00e1vel de 700mAh<\/strong> e <strong>carregamento Tipo-C<\/strong> garante recargas r\u00e1pidas e eficientes, mantendo o seu dispositivo ligado durante todo o dia. O <strong>dep\u00f3sito de e-l\u00edquido de 35ML<\/strong> reduz a necessidade de recargas frequentes, oferecendo um vaping mais ininterrupto. Perfeito para compradores em grandes quantidades, o <strong>pre\u00e7o de atacado<\/strong> torna-o ideal para revendedores e entusiastas de vape que procuram o melhor neg\u00f3cio.<\/p>\n<p><span style=\"color: #ff0000;\"><strong>Adicione o Whatsapp da Amy e obtenha uma resposta r\u00e1pida e um cup\u00e3o de vape!<\/strong><\/span><\/p>\n<p><img fetchpriority=\"high\" decoding=\"async\" class=\"size-full wp-image-2932\" src=\"https:\/\/vapestornado.com\/wp-content\/uploads\/2024\/12\/Vape-Wholesale.jpg\" alt=\"Vape Atacado\" width=\"229\" height=\"300\" \/><\/p>\n<h3><a href=\"https:\/\/wa.me\/8617776015835\" target=\"_blank\" rel=\"noopener\"><span style=\"color: #ff0000;\"><strong>WhatsApp: +86 17776015835<\/strong><\/span><\/a><\/h3>\n<p>&nbsp;<\/p>\n<h2 class=\"product-title\"><strong>Caracter\u00edsticas do Produto Bang King 35K<\/strong><\/h2>\n<div role=\"article\" data-tabster=\"{&quot;groupper&quot;:{&quot;tabbability&quot;:2},&quot;focusable&quot;:{}}\" data-content=\"ai-message\" aria-labelledby=\"juhNTJ6o7Gk1cgwZMJgv2-author juhNTJ6o7Gk1cgwZMJgv2-content\">\n<div id=\"juhNTJ6o7Gk1cgwZMJgv2-content\">\n<div role=\"article\" data-tabster=\"{&quot;groupper&quot;:{&quot;tabbability&quot;:2},&quot;focusable&quot;:{}}\" data-content=\"ai-message\" aria-labelledby=\"x4EZuCZWrTbh3weWUt7CU-author x4EZuCZWrTbh3weWUt7CU-content\">\n<div id=\"x4EZuCZWrTbh3weWUt7CU-content\">\n<div class=\"flex max-w-full flex-col flex-grow\">\n<div class=\"min-h-8 text-message flex w-full flex-col items-end gap-2 whitespace-normal break-words text-start [.text-message+&amp;]:mt-5\" dir=\"auto\" data-message-author-role=\"assistant\" data-message-id=\"52c6e00a-252f-4104-805d-2f1a84739c71\" data-message-model-slug=\"gpt-4o\">\n<div class=\"flex w-full flex-col gap-1 empty:hidden first:pt-[3px]\">\n<div class=\"markdown prose w-full break-words dark:prose-invert light\">\n<div class=\"flex max-w-full flex-col flex-grow\">\n<div class=\"min-h-8 text-message flex w-full flex-col items-end gap-2 whitespace-normal break-words text-start [.text-message+&amp;]:mt-5\" dir=\"auto\" data-message-author-role=\"assistant\" data-message-id=\"3c321776-aace-4a97-95f3-35c104de1c0a\" data-message-model-slug=\"gpt-4o\">\n<div class=\"flex w-full flex-col gap-1 empty:hidden first:pt-[3px]\">\n<div class=\"markdown prose w-full break-words dark:prose-invert light\">\n<h3><\/h3>\n<ul>\n<li><strong>Puffs:<\/strong> At\u00e9 35.000<\/li>\n<li><strong>Bateria:<\/strong> 700mAh recarreg\u00e1vel com carregamento Tipo-C<\/li>\n<li><strong>Sabores:<\/strong> Sabor duplo num s\u00f3 dispositivo<\/li>\n<li><strong>Fluxo de ar:<\/strong> Personaliz\u00e1vel com tr\u00eas modos<\/li>\n<li><strong>Capacidade de E-L\u00edquido:<\/strong> 35ML<\/li>\n<li><strong>Ecr\u00e3 Digital:<\/strong> Ecr\u00e3 t\u00e1til LED para monitoriza\u00e7\u00e3o e ajustes<\/li>\n<li><strong>Portabilidade:<\/strong> Design leve, perfeito para levar para qualquer lugar<\/li>\n<\/ul>\n<\/div>\n<\/div>\n<\/div>\n<\/div>\n<\/div>\n<\/div>\n<\/div>\n<\/div>\n<div class=\"mb-2 flex gap-3 empty:hidden -ml-2\">\n<figure id=\"attachment_3733\" aria-describedby=\"caption-attachment-3733\" style=\"width: 800px\" class=\"wp-caption alignnone\"><img decoding=\"async\" class=\"wp-image-3733 size-full\" src=\"https:\/\/vapestornado.com\/wp-content\/uploads\/2025\/01\/Bangking-Vape-36000-Disposable-Vape-Wholesale.webp\" alt=\"Bangking Vape 35000 Vape Descart\u00e1vel por Grosso\" width=\"800\" height=\"800\" srcset=\"https:\/\/vapestornado.com\/wp-content\/uploads\/2025\/01\/Bangking-Vape-36000-Disposable-Vape-Wholesale.webp 800w, https:\/\/vapestornado.com\/wp-content\/uploads\/2025\/01\/Bangking-Vape-36000-Disposable-Vape-Wholesale-300x300.webp 300w, https:\/\/vapestornado.com\/wp-content\/uploads\/2025\/01\/Bangking-Vape-36000-Disposable-Vape-Wholesale-150x150.webp 150w, https:\/\/vapestornado.com\/wp-content\/uploads\/2025\/01\/Bangking-Vape-36000-Disposable-Vape-Wholesale-768x768.webp 768w, https:\/\/vapestornado.com\/wp-content\/uploads\/2025\/01\/Bangking-Vape-36000-Disposable-Vape-Wholesale-600x600.webp 600w, https:\/\/vapestornado.com\/wp-content\/uploads\/2025\/01\/Bangking-Vape-36000-Disposable-Vape-Wholesale-100x100.webp 100w\" sizes=\"(max-width: 800px) 100vw, 800px\" \/><figcaption id=\"caption-attachment-3733\" class=\"wp-caption-text\">Bangking Vape 35000 Vape Descart\u00e1vel por Grosso<\/figcaption><\/figure>\n<\/div>\n<\/div>\n<\/div>\n<\/div>\n<\/div>\n<h2 class=\"product-title\"><strong>Sabor Popular para Bang King 35K<\/strong><strong>\u00a0<\/strong><strong>100k<\/strong><\/h2>\n<p>Quer prefira uma escapadela tropical ou uma del\u00edcia gelada, <strong>Bangking 35000 Puffs Vape Descart\u00e1vel de Sabor Duplo<\/strong> tem a combina\u00e7\u00e3o perfeita para manter as suas papilas gustativas satisfeitas! Qual \u00e9 o sabor popular para BANG KING 35000 Vape? Por favor, veja o que os nossos clientes dizem.<\/p>\n<p>1.Blue Razz Ice + Juicy Peach Ice<br \/>\n2.Strawberry Watermelon + Watermelon Ice <span style=\"color: #ff0000;\"><strong>&gt;&gt;&gt;&gt; Quente !<\/strong><\/span><br \/>\n3. Morango Banana + Ma\u00e7\u00e3 Dupla<br \/>\n4. Gelo de Frutos Silvestres Triplos + Fruta Tropical<br \/>\n5. Bomba de Cereja + Gelo de Uva <span style=\"color: #ff0000;\"><strong>&gt;&gt;&gt;&gt; Quente !<\/strong><\/span><br \/>\n6. P\u00eassego Manga + Morango Manga<br \/>\n7. Lima Manga + Menta Fresca<br \/>\n8. Pop de Cereja + Mr Blue<br \/>\n9. Gelo de Drag\u00e3o Negro + Morango Kiwi<br \/>\n10. Red Bull + P\u00eassego Frutos Silvestres <span style=\"color: #ff0000;\"><strong>&gt;&gt;&gt;&gt; Quente !<\/strong><\/span><br \/>\n11. Lim\u00e3o Rosa + Mr Blue<br \/>\n12. Kiwi Maracuj\u00e1 Goiaba + Lim\u00e3o Cereja Azul<\/p>\n<div class=\"flex-shrink-0 flex flex-col relative items-end\">\n<div class=\"pt-0\">\n<div class=\"gizmo-bot-avatar flex h-8 w-8 items-center justify-center overflow-hidden rounded-full\">\n<div class=\"relative p-1 rounded-sm flex items-center justify-center bg-token-main-surface-primary text-token-text-primary h-8 w-8\">\n<h3>Perguntas Frequentes para Bang King 35K Puffs Recarreg\u00e1vel<strong>\u00a0<\/strong>Vape Descart\u00e1vel<\/h3>\n<h3><\/h3>\n<p><strong>1. Onde posso comprar Bang King 35K a pre\u00e7os de atacado na Alemanha?<\/strong><br \/>\nPode compr\u00e1-lo na Vapestornado<strong>\u00a0loja de vape online<\/strong> ou verificar com o seu distribuidor local para as melhores ofertas.<\/p>\n<p><strong>2. Como sei quando o e-l\u00edquido est\u00e1 a acabar?<\/strong><br \/>\nO <strong>ecr\u00e3 digital<\/strong> mostra os n\u00edveis de e-l\u00edquido, mantendo-o informado em todos os momentos.<\/p>\n<p><strong>3. Como recarrego o Bang King 35000?<\/strong><br \/>\nSimplesmente use o <strong>porta de carregamento Tipo C<\/strong> para um carregamento r\u00e1pido e sem complica\u00e7\u00f5es.<\/p>\n<p><strong>4. O que faz com que este vape Bang King 35k se destaque entre outras marcas de vape descart\u00e1veis?<\/strong><br \/>\nO <strong>design de sabor duplo<\/strong>, <strong>fluxo de ar personaliz\u00e1vel<\/strong>, e massivo <strong>35.000 puffs<\/strong> o diferenciam, tornando-o um dos <strong>vapes descart\u00e1veis mais populares<\/strong>.<\/p>\n<p><strong>5. Posso ajustar o fluxo de ar \u00e0 minha prefer\u00eancia?<\/strong><br \/>\nSim! O dispositivo oferece <strong>tr\u00eas modos de fluxo de ar<\/strong> para garantir que obt\u00e9m a tiragem perfeita sempre.<\/p>\n<p><strong>6. Os sabores s\u00e3o adequados para prefer\u00eancias de baixo teor de nicotina?<\/strong><br \/>\nAbsolutamente. O Bang King 35K oferece <strong>n\u00edveis de nicotina personaliz\u00e1veis<\/strong> em 0%, 2% e 5%.<\/p>\n<div class=\"flex max-w-full flex-col flex-grow\">\n<div class=\"min-h-8 text-message flex w-full flex-col items-end gap-2 whitespace-normal break-words text-start [.text-message+&amp;]:mt-5\" dir=\"auto\" data-message-author-role=\"assistant\" data-message-id=\"4dc48248-df95-45bd-b800-6dedb43cf7f1\" data-message-model-slug=\"gpt-4o\">\n<div class=\"flex w-full flex-col gap-1 empty:hidden first:pt-[3px]\"><\/div>\n<\/div>\n<\/div>\n<\/div>\n<\/div>\n<\/div>\n<\/div>\n<div class=\"flex-shrink-0 flex flex-col relative items-end\">\n<div class=\"pt-0\">\n<div class=\"gizmo-bot-avatar flex h-8 w-8 items-center justify-center overflow-hidden rounded-full\">\n<div class=\"relative p-1 rounded-sm flex items-center justify-center bg-token-main-surface-primary text-token-text-primary h-8 w-8\">\n<div class=\"mb-2 flex gap-3 empty:hidden -ml-2\">\n<div role=\"article\" data-tabster=\"{&quot;groupper&quot;:{&quot;tabbability&quot;:2},&quot;focusable&quot;:{}}\" data-content=\"ai-message\" aria-labelledby=\"Vdt5ez4X7Tg813x6rFVha-author Vdt5ez4X7Tg813x6rFVha-content\">\n<div id=\"Vdt5ez4X7Tg813x6rFVha-content\">\n<div role=\"article\" data-tabster=\"{&quot;groupper&quot;:{&quot;tabbability&quot;:2},&quot;focusable&quot;:{}}\" data-content=\"ai-message\" aria-labelledby=\"o968oC7CEo2fGHsGdsRYC-author o968oC7CEo2fGHsGdsRYC-content\">\n<div id=\"o968oC7CEo2fGHsGdsRYC-content\">\n<h3>Porqu\u00ea escolher a vapestornado para Uwin Crystal 20000 Shisha Hookah Disposable Vape Wholesale?<\/h3>\n<div class=\"flex-shrink-0 flex flex-col relative items-end\">\n<div class=\"pt-0\">\n<div class=\"gizmo-bot-avatar flex h-8 w-8 items-center justify-center overflow-hidden rounded-full\">\n<div class=\"relative p-1 rounded-sm flex items-center justify-center bg-token-main-surface-primary text-token-text-primary h-8 w-8\">\n<p>Na crescente competi\u00e7\u00e3o na ind\u00fastria de vapes descart\u00e1veis, a vapestornado, uma plataforma global l\u00edder em solu\u00e7\u00f5es de cigarros eletr\u00f3nicos por grosso, introduziu o inovador vape descart\u00e1vel Bang King 35K Puffs. Com o seu design de cristal apelativo e funcionalidades multifuncionais, este produto inovador combina estilo com funcionalidade. Oferecendo uma vasta sele\u00e7\u00e3o de sabores frutados, pretende satisfazer os diversos gostos dos vapers.<\/p>\n<p>A vapestornado \u00e9 a sua loja de vape online de confian\u00e7a para vapes descart\u00e1veis de alta qualidade. Trazemos-lhe marcas de vape descart\u00e1veis de venda quente, como Waspe Vape, e WGA Vape, Fumot RandM Vape, Vozol Vape, Bang Vape, etc.<\/p>\n<p>A nossa gama inclui os vapes descart\u00e1veis mais populares, como o <a href=\"https:\/\/vapestornado.com\/pt\/product\/randm-tornado-30000-puffs-music-rechargeable-disposable-vape-pen-wholesale\/\">Randm Tornado 30000<\/a>, e op\u00e7\u00f5es ricas em sabor como o <a href=\"https:\/\/vapestornado.com\/pt\/product\/uwin-crystal-20000-shisha-hookah-20k-puffs-disposable-vape-factory-cheap-price\/\"> Uwin Crystal 20000 Puffs<\/a> . Cada produto \u00e9 escolhido com foco na qualidade, valor e variedade, garantindo que encontra a combina\u00e7\u00e3o perfeita para as suas necessidades. Descubra um servi\u00e7o excecional e uma vasta gama de produtos de topo a pre\u00e7o de grosso na vapestornado.<\/p>\n<\/div>\n<p>&nbsp;<\/p>\n<p><strong>Outros Vapes Descart\u00e1veis Mais Vendidos<\/strong><\/p>\n<p><a href=\"https:\/\/vapestornado.com\/pt\/product\/fumot-randm-tornado-25000-puffs-touch-disposable-vape-wholesale-online\/\">Fumot 25000 Puffs <span style=\"color: #ff0000;\"><strong>&gt;&gt;&gt;&gt; Ir !<\/strong><\/span><\/a><\/p>\n<p><a href=\"https:\/\/vapestornado.com\/pt\/product\/bang-36000-smart-disposable-vape-wholesale-shop-online\/\">Bang 36000 Puffs<span style=\"color: #ff0000;\"><strong>&gt;&gt;&gt;&gt; Ir !<\/strong><\/span><\/a><\/p>\n<p><a href=\"https:\/\/vapestornado.com\/pt\/product\/randm-tornado-9000-puffs-rechargeable-disposable-vape-wholesale-online\/\">RandM Tornado 9000 <span style=\"color: #ff0000;\"><strong>&gt;&gt;&gt;&gt; Ir !<\/strong><\/span><\/a><\/p>\n<\/div>\n<\/div>\n<\/div>\n<p>&nbsp;<\/p>\n<\/div>\n<\/div>\n<\/div>\n<\/div>\n<\/div>\n<\/div>\n<\/div>\n<\/div>\n<\/div>","protected":false},"excerpt":{"rendered":"<p>Bang King 35000 Puffs Ecr\u00e3 Inteligente Descart\u00e1vel por Grosso<br \/>\nBang King 35000 Puffs Vape Descart\u00e1vel Compra a Granel<br \/>\nBang King Tornado 35000 35K Puffs Caneta Vape Descart\u00e1vel<\/p>\n<p><strong>Adicione o WhatsApp da Amy para uma resposta r\u00e1pida e cup\u00e3o de vape!<\/strong><\/p>\n<p><img fetchpriority=\"high\" decoding=\"async\" class=\"size-full wp-image-2932\" src=\"https:\/\/vapestornado.com\/wp-content\/uploads\/2024\/12\/Vape-Wholesale.jpg\" alt=\"Vape Atacado\" width=\"229\" height=\"300\" \/><\/p>\n<h3><a href=\"https:\/\/wa.me\/8617776015835\"><span style=\"color: #ff0000;\"><strong>WhatsApp: +86 17776015835<\/strong><\/span><\/a><\/h3>\n<p>&nbsp;<\/p>","protected":false},"featured_media":3731,"comment_status":"open","ping_status":"closed","template":"","meta":{"_acf_changed":false,"_uag_custom_page_level_css":"","_lmt_disableupdate":"no","_lmt_disable":"","_monsterinsights_skip_tracking":false,"_monsterinsights_sitenote_active":false,"_monsterinsights_sitenote_note":"","_monsterinsights_sitenote_category":0,"site-sidebar-layout":"default","site-content-layout":"","ast-site-content-layout":"default","site-content-style":"default","site-sidebar-style":"default","ast-global-header-display":"","ast-banner-title-visibility":"","ast-main-header-display":"","ast-hfb-above-header-display":"","ast-hfb-below-header-display":"","ast-hfb-mobile-header-display":"","site-post-title":"","ast-breadcrumbs-content":"","ast-featured-img":"","footer-sml-layout":"","ast-disable-related-posts":"","theme-transparent-header-meta":"default","adv-header-id-meta":"","stick-header-meta":"","header-above-stick-meta":"","header-main-stick-meta":"","header-below-stick-meta":"","astra-migrate-meta-layouts":"set","ast-page-background-enabled":"default","ast-page-background-meta":{"desktop":{"background-color":"","background-image":"","background-repeat":"repeat","background-position":"center center","background-size":"auto","background-attachment":"scroll","background-type":"","background-media":"","overlay-type":"","overlay-color":"","overlay-opacity":"","overlay-gradient":""},"tablet":{"background-color":"","background-image":"","background-repeat":"repeat","background-position":"center center","background-size":"auto","background-attachment":"scroll","background-type":"","background-media":"","overlay-type":"","overlay-color":"","overlay-opacity":"","overlay-gradient":""},"mobile":{"background-color":"","background-image":"","background-repeat":"repeat","background-position":"center center","background-size":"auto","background-attachment":"scroll","background-type":"","background-media":"","overlay-type":"","overlay-color":"","overlay-opacity":"","overlay-gradient":""}},"ast-content-background-meta":{"desktop":{"background-color":"var(--ast-global-color-5)","background-image":"","background-repeat":"repeat","background-position":"center center","background-size":"auto","background-attachment":"scroll","background-type":"","background-media":"","overlay-type":"","overlay-color":"","overlay-opacity":"","overlay-gradient":""},"tablet":{"background-color":"var(--ast-global-color-5)","background-image":"","background-repeat":"repeat","background-position":"center center","background-size":"auto","background-attachment":"scroll","background-type":"","background-media":"","overlay-type":"","overlay-color":"","overlay-opacity":"","overlay-gradient":""},"mobile":{"background-color":"var(--ast-global-color-5)","background-image":"","background-repeat":"repeat","background-position":"center center","background-size":"auto","background-attachment":"scroll","background-type":"","background-media":"","overlay-type":"","overlay-color":"","overlay-opacity":"","overlay-gradient":""}},"_joinchat":{"telephone":"+8617776015835"}},"product_brand":[],"product_cat":[175,63,153,155,159,143,146],"product_tag":[196,234,165,198,97,166,94],"class_list":{"0":"post-3726","1":"product","2":"type-product","3":"status-publish","4":"has-post-thumbnail","6":"product_cat-35000-puff","7":"product_cat-bangking","8":"product_cat-buy-disposable-vapes-in-italy","9":"product_cat-buy-disposable-vapes-in-norway","10":"product_cat-buy-disposable-vapes-in-sweden","11":"product_cat-dual-mesh-disposable-vapes","12":"product_cat-rechargeable-disposable-vapes","13":"product_tag-bang-vape","14":"product_tag-bangking-35000","15":"product_tag-cheap-vapes","16":"product_tag-double-flavor-disposable-vape","17":"product_tag-hot-sale-disposable-vape","18":"product_tag-low-nicotine-vape","19":"product_tag-rechargeable-disposable-vape","20":"desktop-align-left","21":"tablet-align-left","22":"mobile-align-left","24":"first","25":"instock","26":"sale","27":"shipping-taxable","28":"purchasable","29":"product-type-simple"},"acf":[],"uagb_featured_image_src":{"full":["https:\/\/vapestornado.com\/wp-content\/uploads\/2025\/01\/Bang-Vape-Bangking-36k-Disposable-Vape-Bulk-Price.webp",800,800,false],"thumbnail":["https:\/\/vapestornado.com\/wp-content\/uploads\/2025\/01\/Bang-Vape-Bangking-36k-Disposable-Vape-Bulk-Price-150x150.webp",150,150,true],"medium":["https:\/\/vapestornado.com\/wp-content\/uploads\/2025\/01\/Bang-Vape-Bangking-36k-Disposable-Vape-Bulk-Price-300x300.webp",300,300,true],"medium_large":["https:\/\/vapestornado.com\/wp-content\/uploads\/2025\/01\/Bang-Vape-Bangking-36k-Disposable-Vape-Bulk-Price-768x768.webp",768,768,true],"large":["https:\/\/vapestornado.com\/wp-content\/uploads\/2025\/01\/Bang-Vape-Bangking-36k-Disposable-Vape-Bulk-Price.webp",800,800,false],"1536x1536":["https:\/\/vapestornado.com\/wp-content\/uploads\/2025\/01\/Bang-Vape-Bangking-36k-Disposable-Vape-Bulk-Price.webp",800,800,false],"2048x2048":["https:\/\/vapestornado.com\/wp-content\/uploads\/2025\/01\/Bang-Vape-Bangking-36k-Disposable-Vape-Bulk-Price.webp",800,800,false],"trp-custom-language-flag":["https:\/\/vapestornado.com\/wp-content\/uploads\/2025\/01\/Bang-Vape-Bangking-36k-Disposable-Vape-Bulk-Price.webp",12,12,false],"woocommerce_thumbnail":["https:\/\/vapestornado.com\/wp-content\/uploads\/2025\/01\/Bang-Vape-Bangking-36k-Disposable-Vape-Bulk-Price-300x300.webp",300,300,true],"woocommerce_single":["https:\/\/vapestornado.com\/wp-content\/uploads\/2025\/01\/Bang-Vape-Bangking-36k-Disposable-Vape-Bulk-Price-600x600.webp",600,600,true],"woocommerce_gallery_thumbnail":["https:\/\/vapestornado.com\/wp-content\/uploads\/2025\/01\/Bang-Vape-Bangking-36k-Disposable-Vape-Bulk-Price-100x100.webp",100,100,true]},"uagb_author_info":{"display_name":"ESAMY","author_link":"https:\/\/vapestornado.com\/pt\/author\/"},"uagb_comment_info":0,"uagb_excerpt":"Bang King 35000 Puffs Smart Screen Wholesale Disposable Bang King 35000 Puffs Disposable Vape Bulk Buy Bang King Tornado 35000 35K Puffs Disposable Vape Pen Add Amy's whatsapp get right reply and vape coupon! WhatsApp: +86 17776015835 &nbsp;","_links":{"self":[{"href":"https:\/\/vapestornado.com\/pt\/wp-json\/wp\/v2\/product\/3726","targetHints":{"allow":["GET"]}}],"collection":[{"href":"https:\/\/vapestornado.com\/pt\/wp-json\/wp\/v2\/product"}],"about":[{"href":"https:\/\/vapestornado.com\/pt\/wp-json\/wp\/v2\/types\/product"}],"replies":[{"embeddable":true,"href":"https:\/\/vapestornado.com\/pt\/wp-json\/wp\/v2\/comments?post=3726"}],"wp:featuredmedia":[{"embeddable":true,"href":"https:\/\/vapestornado.com\/pt\/wp-json\/wp\/v2\/media\/3731"}],"wp:attachment":[{"href":"https:\/\/vapestornado.com\/pt\/wp-json\/wp\/v2\/media?parent=3726"}],"wp:term":[{"taxonomy":"product_brand","embeddable":true,"href":"https:\/\/vapestornado.com\/pt\/wp-json\/wp\/v2\/product_brand?post=3726"},{"taxonomy":"product_cat","embeddable":true,"href":"https:\/\/vapestornado.com\/pt\/wp-json\/wp\/v2\/product_cat?post=3726"},{"taxonomy":"product_tag","embeddable":true,"href":"https:\/\/vapestornado.com\/pt\/wp-json\/wp\/v2\/product_tag?post=3726"}],"curies":[{"name":"wp","href":"https:\/\/api.w.org\/{rel}","templated":true}]}}