{"id":3700,"date":"2025-01-07T09:47:56","date_gmt":"2025-01-07T09:47:56","guid":{"rendered":"https:\/\/vapestornado.com\/?post_type=product&#038;p=3700"},"modified":"2025-08-23T09:34:23","modified_gmt":"2025-08-23T09:34:23","slug":"wholesale-price-bang-king-35000-puffs-tornado-vape","status":"publish","type":"product","link":"https:\/\/vapestornado.com\/pt\/product\/wholesale-price-bang-king-35000-puffs-tornado-vape\/","title":{"rendered":"Pre\u00e7o de Atacado Bang King 35000 Puffs Tornado Vape"},"content":{"rendered":"<h1>Pre\u00e7o de Atacado Bang King 35000 Puffs Tornado Vape<\/h1>\n<p>&nbsp;<\/p>\n<div role=\"article\" data-tabster=\"{&quot;groupper&quot;:{&quot;tabbability&quot;:2},&quot;focusable&quot;:{}}\" data-content=\"ai-message\" aria-labelledby=\"64JRvXrTnY7mRmPkEQLLT-author 64JRvXrTnY7mRmPkEQLLT-content\">\n<div id=\"64JRvXrTnY7mRmPkEQLLT-content\">\n<p data-start=\"302\" data-end=\"548\">O <strong data-start=\"306\" data-end=\"347\">Bang King 35000 Puffs Vape Descart\u00e1vel<\/strong> oferece capacidade, desempenho e sabor suave num \u00fanico dispositivo. Com at\u00e9 <strong data-start=\"424\" data-end=\"440\">35.000 puffs<\/strong> e <strong data-start=\"447\" data-end=\"480\">23 ml de dep\u00f3sito de e-l\u00edquido pr\u00e9-cheio<\/strong>, proporciona uma utiliza\u00e7\u00e3o duradoura, mantendo um sabor consistente.<\/p>\n<p data-start=\"550\" data-end=\"829\">Equipado com uma <strong data-start=\"566\" data-end=\"584\">bobina de malha de 0,6\u03a9<\/strong>, o Bang King 35K garante um vapor rico e um fluxo de ar constante. Um <strong data-start=\"645\" data-end=\"677\">bateria recarreg\u00e1vel integrada de 1000mAh<\/strong> com <strong data-start=\"683\" data-end=\"707\">carregamento r\u00e1pido Tipo-C<\/strong> suporta sess\u00f5es ininterruptas, enquanto <strong data-start=\"747\" data-end=\"775\">prote\u00e7\u00e3o anti-queima a seco<\/strong> evita baforadas secas para uma experi\u00eancia de vaping fi\u00e1vel.<\/p>\n<p data-start=\"831\" data-end=\"1092\">Dispon\u00edvel em <strong data-start=\"844\" data-end=\"885\">0%, 2%, 3% e 5% de nicotina<\/strong>, adequa-se tanto a utilizadores leves como a utilizadores intensivos. Embalado <strong data-start=\"933\" data-end=\"972\">10 unidades por caixa e 200 unidades por embalagem<\/strong>, o Bang King 35000 \u00e9 ideal para distribui\u00e7\u00e3o grossista e compradores a granel que procuram um produto de alta procura <strong data-start=\"1068\" data-end=\"1089\">Vaporizador de 35 000 Baforadas<\/strong><\/p>\n<p>Compre agora em <strong>Vapebulkp.com<\/strong> para experimentar o desempenho e a qualidade incompar\u00e1veis do Bang King 35.000 Puffs.<\/p>\n<\/div>\n<\/div>\n<p><img fetchpriority=\"high\" decoding=\"async\" class=\"alignleft wp-image-2951 size-medium\" src=\"https:\/\/vapestornado.com\/wp-content\/uploads\/2024\/12\/Wholesale-Disposable-Vape-265x300.jpg\" alt=\"Vape Descart\u00e1vel por Grosso\" width=\"265\" height=\"300\" srcset=\"https:\/\/vapestornado.com\/wp-content\/uploads\/2024\/12\/Wholesale-Disposable-Vape-265x300.jpg 265w, https:\/\/vapestornado.com\/wp-content\/uploads\/2024\/12\/Wholesale-Disposable-Vape-768x871.jpg 768w, https:\/\/vapestornado.com\/wp-content\/uploads\/2024\/12\/Wholesale-Disposable-Vape-600x680.jpg 600w, https:\/\/vapestornado.com\/wp-content\/uploads\/2024\/12\/Wholesale-Disposable-Vape.jpg 823w\" sizes=\"(max-width: 265px) 100vw, 265px\" \/><\/p>\n<h5>Por favor, contacte o WhatsApp da Mandy para pre\u00e7o com desconto:<a href=\"https:\/\/wa.me\/8618077105796\" target=\"_blank\" rel=\"noopener\">+8618077105796<\/a><\/h5>\n<div class=\"flex max-w-full flex-col flex-grow\">\n<div class=\"min-h-8 text-message flex w-full flex-col items-end gap-2 whitespace-normal break-words text-start [.text-message+&amp;]:mt-5\" dir=\"auto\" data-message-author-role=\"assistant\" data-message-id=\"cdb991c0-f594-4bff-b2d5-fbbdd7ce9e54\" data-message-model-slug=\"gpt-4o-mini\">\n<div class=\"flex w-full flex-col gap-1 empty:hidden first:pt-[3px]\">\n<div class=\"markdown prose w-full break-words dark:prose-invert light\"><\/div>\n<\/div>\n<\/div>\n<\/div>\n<div class=\"mb-2 flex gap-3 empty:hidden -ml-2\">\n<h2 class=\"sr-proMainInfo-baseInfoH1 J-baseInfo-name\">Venda por grosso de Smart Vape Bang King 35k Puffs Principais caracter\u00edsticas:<\/h2>\n<ul>\n<li><strong>Capacidade de Puffs Incompar\u00e1vel<\/strong>: Desfrute de <strong>35.000 puffs<\/strong>, perfeito para uso prolongado sem substitui\u00e7\u00f5es frequentes.<\/li>\n<li><strong>Volume Generoso de E-L\u00edquido<\/strong>: Pr\u00e9-cheio com <strong>23ml de sumo de vape premium<\/strong> para um sabor consistente.<\/li>\n<li><strong>Bateria Recarreg\u00e1vel<\/strong>: Alimentado por uma <strong>bateria de 1000mAh<\/strong> com <strong>carregamento r\u00e1pido Tipo-C<\/strong>.<\/li>\n<li><strong>Tecnologia de Bobina Mesh<\/strong>: Avan\u00e7ado <strong>bobina de malha de 0,6\u03a9<\/strong> garante um vapor rico, suave e denso.<\/li>\n<li><strong>Concentra\u00e7\u00f5es de Nicotina Personaliz\u00e1veis<\/strong>: Dispon\u00edvel em <strong>0%, 2%, 3% e 5% de sal de nicotina<\/strong> para se adequar a todas as prefer\u00eancias.<\/li>\n<li><strong>Prote\u00e7\u00e3o Anti-Queimadura a Seco<\/strong>: Evita o sobreaquecimento e as passagens a seco para uma experi\u00eancia de vaping mais segura e suave.<\/li>\n<li><strong>Embalagem grossista<\/strong>: Embalado convenientemente como <strong>10 unidades por caixa e 200 unidades por embalagem<\/strong>, ideal para compradores pessoais e em grandes quantidades.<\/li>\n<\/ul>\n<\/div>\n<h2 class=\"sr-proMainInfo-baseInfoH1 J-baseInfo-name\">Sabor do VAPOR BANGKING 35000PUFF:<\/h2>\n<p>1. morango manga<br \/>\n2. love66<br \/>\n3. gelo de framboesa azul<br \/>\n4. morango melancia<br \/>\n5. hortel\u00e3 de lim\u00e3o<br \/>\n6. ma\u00e7\u00e3 dupla<br \/>\n7. bebida energ\u00e9tica<br \/>\n8. gelo de p\u00eassego<br \/>\n9. morango kiwi<br \/>\n10. gelo de uva<br \/>\n11. gelo de mirtilo<br \/>\n12. melancia<\/p>\n<div role=\"article\" data-tabster=\"{&quot;groupper&quot;:{&quot;tabbability&quot;:2},&quot;focusable&quot;:{}}\" data-content=\"ai-message\" aria-labelledby=\"dARUyEWDoEYhnSPXFwx5A-author dARUyEWDoEYhnSPXFwx5A-content\">\n<div id=\"dARUyEWDoEYhnSPXFwx5A-content\">\n<h2><strong>Por que comprar vapes Bang King 35000puff da vapestornado?<\/strong><\/h2>\n<ul>\n<li><strong>Qualidade Confian\u00e7a<\/strong>: vapestornado \u00e9 um distribuidor l\u00edder de <strong>vapes descart\u00e1veis premium<\/strong>, garantindo que voc\u00ea receba produtos aut\u00eanticos e de alta qualidade.<\/li>\n<li><strong>Pre\u00e7os Competitivos<\/strong>: Obtenha as melhores ofertas de atacado e pre\u00e7os em massa para o Bang King 35.000 Puffs.<\/li>\n<li><strong>Envio R\u00e1pido<\/strong>: Entregamos rapidamente em toda a Europa, garantindo que seus produtos cheguem a tempo.<\/li>\n<li><strong>Suporte ao Cliente Excecional<\/strong>: Nossa equipa est\u00e1 dispon\u00edvel para ajudar com perguntas, garantindo uma experi\u00eancia de compra tranquila.<\/li>\n<li><strong>Sele\u00e7\u00e3o Abrangente<\/strong>: Explore uma ampla gama de <strong>cigarros eletr\u00f3nicos descart\u00e1veis de alta qualidade<\/strong> para atender a todas as prefer\u00eancias de vaping.<\/li>\n<\/ul>\n<\/div>\n<\/div>\n<h2>Perguntas frequentes sobre cigarros eletr\u00f3nicos descart\u00e1veis de longa dura\u00e7\u00e3o Bang Vape 35000 Puff<\/h2>\n<h4><strong>1. Quanto tempo dura o Bang Vape King 35000 Puffs?<\/strong><\/h4>\n<p>O Bang King foi concebido para fornecer at\u00e9 <strong>35.000 puffs<\/strong>, tornando-o um dos vapes descart\u00e1veis mais duradouros do mercado. O tempo de utiliza\u00e7\u00e3o depender\u00e1 da sua frequ\u00eancia de vaping e dura\u00e7\u00e3o da puff.<\/p>\n<h4><strong>2. Posso recarregar o Hot Sale Vape Bang King 35000 Puffs?<\/strong><\/h4>\n<p>Sim, este dispositivo possui uma <strong>porta de carregamento Tipo C<\/strong> e <strong>bateria recarreg\u00e1vel integrada de 1000mAh<\/strong>, garantindo que pode desfrutar de todos os 35.000 puffs sem interrup\u00e7\u00f5es.<\/p>\n<h4><strong>3. O que torna o Bang 35000 puffvape diferente de outros vapes descart\u00e1veis?<\/strong><\/h4>\n<p>A sua combina\u00e7\u00e3o de <strong>capacidade de 35.000 puffs<\/strong>, <strong>23ml de volume de e-l\u00edquido<\/strong>, <strong>tecnologia de resist\u00eancia de malha<\/strong>e <strong>prote\u00e7\u00e3o anti-queima a seco<\/strong> distingue-o como um cigarro eletr\u00f3nico descart\u00e1vel de topo.<\/p>","protected":false},"excerpt":{"rendered":"<p>Explore os pre\u00e7os de revenda para Bang King 35000 Puffs Tornado Vape em Vapebulkp.com. Com 35.000 puffs, 23ml de e-l\u00edquido, bateria de 1000mAh, carregamento Tipo-C e tecnologia anti-queima a seco. Ideal para encomendas em grandes quantidades com op\u00e7\u00f5es de nicotina personaliz\u00e1veis (0%, 2%, 3%, 5%). Compre hoje mesmo vapes descart\u00e1veis premium!<\/p>\n<figure id=\"attachment_2951\" aria-describedby=\"caption-attachment-2951\" style=\"width: 265px\" class=\"wp-caption alignnone\"><img decoding=\"async\" class=\"size-medium wp-image-2951\" src=\"https:\/\/vapestornado.com\/wp-content\/uploads\/2024\/12\/Wholesale-Disposable-Vape-265x300.jpg\" alt=\"Vape Descart\u00e1vel por Grosso\" width=\"265\" height=\"300\" srcset=\"https:\/\/vapestornado.com\/wp-content\/uploads\/2024\/12\/Wholesale-Disposable-Vape-265x300.jpg 265w, https:\/\/vapestornado.com\/wp-content\/uploads\/2024\/12\/Wholesale-Disposable-Vape-768x871.jpg 768w, https:\/\/vapestornado.com\/wp-content\/uploads\/2024\/12\/Wholesale-Disposable-Vape-600x680.jpg 600w, https:\/\/vapestornado.com\/wp-content\/uploads\/2024\/12\/Wholesale-Disposable-Vape.jpg 823w\" sizes=\"(max-width: 265px) 100vw, 265px\" \/><figcaption id=\"caption-attachment-2951\" class=\"wp-caption-text\">Por favor, contacte o WhatsApp da Mandy para pre\u00e7o com desconto\u00a0 <a href=\"https:\/\/wa.me\/8618077105796\">+8618077105796<\/a><\/figcaption><\/figure>\n<p>&nbsp;<\/p>","protected":false},"featured_media":3702,"comment_status":"open","ping_status":"closed","template":"","meta":{"_acf_changed":false,"_uag_custom_page_level_css":"","_lmt_disableupdate":"no","_lmt_disable":"","_monsterinsights_skip_tracking":false,"_monsterinsights_sitenote_active":false,"_monsterinsights_sitenote_note":"","_monsterinsights_sitenote_category":0,"site-sidebar-layout":"default","site-content-layout":"","ast-site-content-layout":"default","site-content-style":"default","site-sidebar-style":"default","ast-global-header-display":"","ast-banner-title-visibility":"","ast-main-header-display":"","ast-hfb-above-header-display":"","ast-hfb-below-header-display":"","ast-hfb-mobile-header-display":"","site-post-title":"","ast-breadcrumbs-content":"","ast-featured-img":"","footer-sml-layout":"","ast-disable-related-posts":"","theme-transparent-header-meta":"default","adv-header-id-meta":"","stick-header-meta":"","header-above-stick-meta":"","header-main-stick-meta":"","header-below-stick-meta":"","astra-migrate-meta-layouts":"set","ast-page-background-enabled":"default","ast-page-background-meta":{"desktop":{"background-color":"","background-image":"","background-repeat":"repeat","background-position":"center center","background-size":"auto","background-attachment":"scroll","background-type":"","background-media":"","overlay-type":"","overlay-color":"","overlay-opacity":"","overlay-gradient":""},"tablet":{"background-color":"","background-image":"","background-repeat":"repeat","background-position":"center center","background-size":"auto","background-attachment":"scroll","background-type":"","background-media":"","overlay-type":"","overlay-color":"","overlay-opacity":"","overlay-gradient":""},"mobile":{"background-color":"","background-image":"","background-repeat":"repeat","background-position":"center center","background-size":"auto","background-attachment":"scroll","background-type":"","background-media":"","overlay-type":"","overlay-color":"","overlay-opacity":"","overlay-gradient":""}},"ast-content-background-meta":{"desktop":{"background-color":"var(--ast-global-color-5)","background-image":"","background-repeat":"repeat","background-position":"center center","background-size":"auto","background-attachment":"scroll","background-type":"","background-media":"","overlay-type":"","overlay-color":"","overlay-opacity":"","overlay-gradient":""},"tablet":{"background-color":"var(--ast-global-color-5)","background-image":"","background-repeat":"repeat","background-position":"center center","background-size":"auto","background-attachment":"scroll","background-type":"","background-media":"","overlay-type":"","overlay-color":"","overlay-opacity":"","overlay-gradient":""},"mobile":{"background-color":"var(--ast-global-color-5)","background-image":"","background-repeat":"repeat","background-position":"center center","background-size":"auto","background-attachment":"scroll","background-type":"","background-media":"","overlay-type":"","overlay-color":"","overlay-opacity":"","overlay-gradient":""}},"_joinchat":{"telephone":"+8618077105796"}},"product_brand":[],"product_cat":[175,63,140,158,159],"product_tag":[223,97,98],"class_list":{"0":"post-3700","1":"product","2":"type-product","3":"status-publish","4":"has-post-thumbnail","6":"product_cat-35000-puff","7":"product_cat-bangking","8":"product_cat-big-puffs-disposable-vapes","9":"product_cat-buy-disposable-vapes-in-spain","10":"product_cat-buy-disposable-vapes-in-sweden","11":"product_tag-bang-king-vape-35000","12":"product_tag-hot-sale-disposable-vape","13":"product_tag-wholesale-price-disposable-vape","14":"desktop-align-left","15":"tablet-align-left","16":"mobile-align-left","18":"first","19":"instock","20":"sale","21":"shipping-taxable","22":"purchasable","23":"product-type-simple"},"acf":[],"uagb_featured_image_src":{"full":["https:\/\/vapestornado.com\/wp-content\/uploads\/2025\/01\/Bang-Vape-35000-Puffs-Disposable-Vape-Hot-Sale-In-Germany.webp",800,800,false],"thumbnail":["https:\/\/vapestornado.com\/wp-content\/uploads\/2025\/01\/Bang-Vape-35000-Puffs-Disposable-Vape-Hot-Sale-In-Germany-150x150.webp",150,150,true],"medium":["https:\/\/vapestornado.com\/wp-content\/uploads\/2025\/01\/Bang-Vape-35000-Puffs-Disposable-Vape-Hot-Sale-In-Germany-300x300.webp",300,300,true],"medium_large":["https:\/\/vapestornado.com\/wp-content\/uploads\/2025\/01\/Bang-Vape-35000-Puffs-Disposable-Vape-Hot-Sale-In-Germany-768x768.webp",768,768,true],"large":["https:\/\/vapestornado.com\/wp-content\/uploads\/2025\/01\/Bang-Vape-35000-Puffs-Disposable-Vape-Hot-Sale-In-Germany.webp",800,800,false],"1536x1536":["https:\/\/vapestornado.com\/wp-content\/uploads\/2025\/01\/Bang-Vape-35000-Puffs-Disposable-Vape-Hot-Sale-In-Germany.webp",800,800,false],"2048x2048":["https:\/\/vapestornado.com\/wp-content\/uploads\/2025\/01\/Bang-Vape-35000-Puffs-Disposable-Vape-Hot-Sale-In-Germany.webp",800,800,false],"trp-custom-language-flag":["https:\/\/vapestornado.com\/wp-content\/uploads\/2025\/01\/Bang-Vape-35000-Puffs-Disposable-Vape-Hot-Sale-In-Germany.webp",12,12,false],"woocommerce_thumbnail":["https:\/\/vapestornado.com\/wp-content\/uploads\/2025\/01\/Bang-Vape-35000-Puffs-Disposable-Vape-Hot-Sale-In-Germany-300x300.webp",300,300,true],"woocommerce_single":["https:\/\/vapestornado.com\/wp-content\/uploads\/2025\/01\/Bang-Vape-35000-Puffs-Disposable-Vape-Hot-Sale-In-Germany-600x600.webp",600,600,true],"woocommerce_gallery_thumbnail":["https:\/\/vapestornado.com\/wp-content\/uploads\/2025\/01\/Bang-Vape-35000-Puffs-Disposable-Vape-Hot-Sale-In-Germany-100x100.webp",100,100,true]},"uagb_author_info":{"display_name":"ESMANDY","author_link":"https:\/\/vapestornado.com\/pt\/author\/"},"uagb_comment_info":0,"uagb_excerpt":"Explore wholesale prices for Bang King 35000 Puffs Tornado Vape at Vapebulkp.com. Featuring 35,000 puffs, 23ml e-liquid, 1000mAh battery, Type-C charging, and anti-dry burn technology. Ideal for bulk orders with customizable nicotine options (0%, 2%, 3%, 5%). Shop premium disposable vapes today! [caption id=\"attachment_2951\" align=\"alignnone\" width=\"265\"] Pls Contact Mandy's WhatsApp For Discount Price\u00a0 +8618077105796[\/caption] &nbsp;","_links":{"self":[{"href":"https:\/\/vapestornado.com\/pt\/wp-json\/wp\/v2\/product\/3700","targetHints":{"allow":["GET"]}}],"collection":[{"href":"https:\/\/vapestornado.com\/pt\/wp-json\/wp\/v2\/product"}],"about":[{"href":"https:\/\/vapestornado.com\/pt\/wp-json\/wp\/v2\/types\/product"}],"replies":[{"embeddable":true,"href":"https:\/\/vapestornado.com\/pt\/wp-json\/wp\/v2\/comments?post=3700"}],"wp:featuredmedia":[{"embeddable":true,"href":"https:\/\/vapestornado.com\/pt\/wp-json\/wp\/v2\/media\/3702"}],"wp:attachment":[{"href":"https:\/\/vapestornado.com\/pt\/wp-json\/wp\/v2\/media?parent=3700"}],"wp:term":[{"taxonomy":"product_brand","embeddable":true,"href":"https:\/\/vapestornado.com\/pt\/wp-json\/wp\/v2\/product_brand?post=3700"},{"taxonomy":"product_cat","embeddable":true,"href":"https:\/\/vapestornado.com\/pt\/wp-json\/wp\/v2\/product_cat?post=3700"},{"taxonomy":"product_tag","embeddable":true,"href":"https:\/\/vapestornado.com\/pt\/wp-json\/wp\/v2\/product_tag?post=3700"}],"curies":[{"name":"wp","href":"https:\/\/api.w.org\/{rel}","templated":true}]}}