{"id":3690,"date":"2025-01-06T09:55:58","date_gmt":"2025-01-06T09:55:58","guid":{"rendered":"https:\/\/vapestornado.com\/?post_type=product&#038;p=3690"},"modified":"2025-08-23T09:35:59","modified_gmt":"2025-08-23T09:35:59","slug":"wholesale-price-bang-beach-20000-puffs-high-quality-vape-pods","status":"publish","type":"product","link":"https:\/\/vapestornado.com\/pt\/product\/wholesale-price-bang-beach-20000-puffs-high-quality-vape-pods\/","title":{"rendered":"Pre\u00e7o de Atacado Bang Beach 20000 Puffs de Alta Qualidade C\u00e1psulas de Vape"},"content":{"rendered":"<h1>Pre\u00e7o de Atacado Bang Beach 20000 Puffs de Alta Qualidade C\u00e1psulas de Vape<\/h1>\n<p>&nbsp;<\/p>\n<div role=\"article\" data-tabster=\"{&quot;groupper&quot;:{&quot;tabbability&quot;:2},&quot;focusable&quot;:{}}\" data-content=\"ai-message\" aria-labelledby=\"64JRvXrTnY7mRmPkEQLLT-author 64JRvXrTnY7mRmPkEQLLT-content\">\n<div id=\"64JRvXrTnY7mRmPkEQLLT-content\">\n<p data-start=\"323\" data-end=\"588\">O <strong data-start=\"327\" data-end=\"369\">Bang Beach 20000 Puffs Vape Descart\u00e1vel<\/strong> combina grande capacidade, tecnologia inteligente e design elegante para uma op\u00e7\u00e3o de vaping fi\u00e1vel. Com at\u00e9 <strong data-start=\"473\" data-end=\"489\">20.000 puffs<\/strong> e <strong data-start=\"496\" data-end=\"529\">35 ml de dep\u00f3sito de e-l\u00edquido pr\u00e9-cheio<\/strong>, proporciona uma utiliza\u00e7\u00e3o prolongada sem substitui\u00e7\u00f5es frequentes.<\/p>\n<p data-start=\"590\" data-end=\"854\">Alimentado por uma <strong data-start=\"603\" data-end=\"634\">bateria recarreg\u00e1vel de 650mAh<\/strong> com <strong data-start=\"640\" data-end=\"664\">carregamento r\u00e1pido Tipo-C<\/strong>, o Bang Beach 20K garante um desempenho consistente ao longo do dia. O <strong data-start=\"740\" data-end=\"767\">ecr\u00e3 inteligente integrado<\/strong> fornece atualiza\u00e7\u00f5es em tempo real sobre a dura\u00e7\u00e3o da bateria e a utiliza\u00e7\u00e3o de puffs, mantendo os utilizadores no controlo.<\/p>\n<p data-start=\"856\" data-end=\"1041\">Dispon\u00edvel em <strong data-start=\"869\" data-end=\"910\">0%, 2%, 3% e 5% de nicotina<\/strong>, satisfaz diferentes prefer\u00eancias, enquanto o <strong data-start=\"958\" data-end=\"987\">design ergon\u00f3mico gradiente<\/strong> torna-o apelativo e confort\u00e1vel de segurar.<\/p>\n<p data-start=\"1043\" data-end=\"1235\">Para atacadistas e varejistas, o <strong data-start=\"1078\" data-end=\"1109\">Bang Beach Vape 20000 Puffs<\/strong> oferece uma forte combina\u00e7\u00e3o de capacidade, design e valor grossista, tornando-o uma escolha competitiva no mercado de vapes descart\u00e1veis.<\/p>\n<figure id=\"attachment_3691\" aria-describedby=\"caption-attachment-3691\" style=\"width: 676px\" class=\"wp-caption alignnone\"><img fetchpriority=\"high\" decoding=\"async\" class=\"wp-image-3691\" src=\"https:\/\/vapestornado.com\/wp-content\/uploads\/2025\/01\/Bang-Beach-20000-puff-vape-best-sale-Germany.jpg\" alt=\"Bang Beach 20000 Puffs vape mais vendido em Portugal\" width=\"676\" height=\"676\" srcset=\"https:\/\/vapestornado.com\/wp-content\/uploads\/2025\/01\/Bang-Beach-20000-puff-vape-best-sale-Germany.jpg 800w, https:\/\/vapestornado.com\/wp-content\/uploads\/2025\/01\/Bang-Beach-20000-puff-vape-best-sale-Germany-300x300.jpg 300w, https:\/\/vapestornado.com\/wp-content\/uploads\/2025\/01\/Bang-Beach-20000-puff-vape-best-sale-Germany-150x150.jpg 150w, https:\/\/vapestornado.com\/wp-content\/uploads\/2025\/01\/Bang-Beach-20000-puff-vape-best-sale-Germany-768x768.jpg 768w, https:\/\/vapestornado.com\/wp-content\/uploads\/2025\/01\/Bang-Beach-20000-puff-vape-best-sale-Germany-600x600.jpg 600w, https:\/\/vapestornado.com\/wp-content\/uploads\/2025\/01\/Bang-Beach-20000-puff-vape-best-sale-Germany-100x100.jpg 100w\" sizes=\"(max-width: 676px) 100vw, 676px\" \/><figcaption id=\"caption-attachment-3691\" class=\"wp-caption-text\">Bang Beach 20000 Puffs vape mais vendido em Portugal<\/figcaption><\/figure>\n<\/div>\n<\/div>\n<p><img decoding=\"async\" class=\"alignleft wp-image-2951 size-medium\" src=\"https:\/\/vapestornado.com\/wp-content\/uploads\/2024\/12\/Wholesale-Disposable-Vape-265x300.jpg\" alt=\"Vape Descart\u00e1vel por Grosso\" width=\"265\" height=\"300\" srcset=\"https:\/\/vapestornado.com\/wp-content\/uploads\/2024\/12\/Wholesale-Disposable-Vape-265x300.jpg 265w, https:\/\/vapestornado.com\/wp-content\/uploads\/2024\/12\/Wholesale-Disposable-Vape-768x871.jpg 768w, https:\/\/vapestornado.com\/wp-content\/uploads\/2024\/12\/Wholesale-Disposable-Vape-600x680.jpg 600w, https:\/\/vapestornado.com\/wp-content\/uploads\/2024\/12\/Wholesale-Disposable-Vape.jpg 823w\" sizes=\"(max-width: 265px) 100vw, 265px\" \/><\/p>\n<h5>Por favor, contacte o WhatsApp da Mandy para pre\u00e7o com desconto:<a href=\"https:\/\/wa.me\/8618077105796\" target=\"_blank\" rel=\"noopener\">+8618077105796<\/a><\/h5>\n<div class=\"flex max-w-full flex-col flex-grow\">\n<div class=\"min-h-8 text-message flex w-full flex-col items-end gap-2 whitespace-normal break-words text-start [.text-message+&amp;]:mt-5\" dir=\"auto\" data-message-author-role=\"assistant\" data-message-id=\"cdb991c0-f594-4bff-b2d5-fbbdd7ce9e54\" data-message-model-slug=\"gpt-4o-mini\">\n<div class=\"flex w-full flex-col gap-1 empty:hidden first:pt-[3px]\">\n<div class=\"markdown prose w-full break-words dark:prose-invert light\"><\/div>\n<\/div>\n<\/div>\n<\/div>\n<div class=\"mb-2 flex gap-3 empty:hidden -ml-2\">\n<h2>Bang Beach 20000 Puffs - Principais Funcionalidades:<\/h2>\n<ul>\n<li>Sess\u00f5es de vaping prolongadas com 20.000 inala\u00e7\u00f5es.<\/li>\n<li>Grande capacidade de 35ml de e-l\u00edquido para sabores ricos e duradouros.<\/li>\n<li>N\u00edveis de nicotina ajust\u00e1veis para uma satisfa\u00e7\u00e3o personalizada.<\/li>\n<li>Bateria potente de 650mAh para uso prolongado.<\/li>\n<li>Ecr\u00e3 inteligente para dados de uso em tempo real.<\/li>\n<li>Design elegante e ergon\u00f3mico com cores gradientes vibrantes.<\/li>\n<\/ul>\n<\/div>\n<h2>Bang Beach 20000 Puffs - Sabores:<\/h2>\n<p>1) Gelo de frutos silvestres triplos<br \/>\n2) Limonada rosa<br \/>\n3) Mirtilo e Framboesa<br \/>\n4) Frutos silvestres mistos<br \/>\n5) Morango e melancia<br \/>\n6) Morango gelado<br \/>\n7) Uva gelada<br \/>\n8) P\u00eassego e manga<br \/>\n9) Framboesa azul gelada<br \/>\n10) Ma\u00e7\u00e3 azeda<br \/>\n11) Melancia gelada<br \/>\n12) P\u00eassego gelado<\/p>\n<h2 data-pm-slice=\"1 1 []\">Porque \u00e9 que o vape Bang Beach Smart Screen 20000 Puffs se destaca?<\/h2>\n<p>O <strong>Bang Beach Smart Screen 20000<\/strong> \u00e9 mais do que apenas um vape descart\u00e1vel; \u00e9 um dispositivo de alto desempenho projetado para vapers que procuram qualidade e fiabilidade superiores. A sua extensa contagem de puffs, bateria robusta e pot\u00eancias de nicotina personaliz\u00e1veis tornam-no numa escolha vers\u00e1til para todas as prefer\u00eancias de vaping. Quer seja um utilizador experiente ou esteja apenas a come\u00e7ar, a funcionalidade de ecr\u00e3 inteligente e o design de f\u00e1cil utiliza\u00e7\u00e3o elevam a sua experi\u00eancia de vaping.<\/p>\n<div role=\"article\" data-tabster=\"{&quot;groupper&quot;:{&quot;tabbability&quot;:2},&quot;focusable&quot;:{}}\" data-content=\"ai-message\" aria-labelledby=\"dARUyEWDoEYhnSPXFwx5A-author dARUyEWDoEYhnSPXFwx5A-content\">\n<div id=\"dARUyEWDoEYhnSPXFwx5A-content\">\n<h2>Porqu\u00ea escolher o Bang Beach Smart Screen 20000 Puffs na <a href=\"https:\/\/vapestornado.com\/pt\/product\/bang-box-35k-puffs-high-capacity-long-lasting-disposable-vape\/\">vapestornado.com?<\/a><\/h2>\n<p>vapestornado.com \u00e9 o seu destino final para produtos de vaping premium, e o <strong>Bang Beach Smart Screen 20000 Puffs<\/strong> n\u00e3o \u00e9 exce\u00e7\u00e3o. Eis porque este dispositivo se destaca e porque vapestornado.com \u00e9 o melhor lugar para o comprar:<\/p>\n<h4><strong>*Qualidade Inigual\u00e1vel<\/strong><\/h4>\n<p>Na vapestornado.com, oferecemos apenas produtos de vaping aut\u00eanticos e de alta qualidade. O Bang Beach Smart Screen 20000 Puffs foi concebido a pensar na durabilidade e no desempenho, garantindo uma experi\u00eancia fi\u00e1vel e agrad\u00e1vel em cada utiliza\u00e7\u00e3o.<\/p>\n<h4><strong>*Pre\u00e7os Competitivos<\/strong><\/h4>\n<p>vapestornado.com oferece o Bang Beach Smart Screen 20000 Puffs a pre\u00e7os altamente competitivos, garantindo-lhe um excelente valor por um produto de ponta.<\/p>\n<h4><strong>*Entrega R\u00e1pida<\/strong><\/h4>\n<p>Desfrute de uma entrega r\u00e1pida e fi\u00e1vel em todas as regi\u00f5es, garantindo que a sua experi\u00eancia de vaping nunca seja adiada.<\/p>\n<h4><strong>*Apoio Centrado no Cliente<\/strong><\/h4>\n<p>A nossa dedicada equipa de apoio est\u00e1 pronta para o ajudar com qualquer quest\u00e3o, garantindo uma experi\u00eancia de compra tranquila.<\/p>\n<p>Melhore a sua experi\u00eancia de vaping hoje com o <strong>Vapes Recarreg\u00e1veis Bang Beach Vape 20k Puffs<\/strong>, dispon\u00edvel exclusivamente em vapestornado.com\u2014o seu parceiro de confian\u00e7a para tudo relacionado com vaping!<\/p>\n<p>Melhore a sua experi\u00eancia de vaping hoje com o <strong>C\u00e1psulas de vape Bang Beach 20000 Puffs<\/strong>, dispon\u00edvel exclusivamente em vapestornado.com\u2014o seu parceiro de confian\u00e7a para tudo relacionado com vaping!<\/p>\n<\/div>\n<\/div>\n<h2>FAQs Sobre Compra a Granel de Vapes Bang Beach Vape 20000 Puffs<\/h2>\n<p><strong>1. Como posso fazer uma encomenda a granel de Bang Beach vape 20000 Puffs?<\/strong><br \/>\nVisite um fornecedor de confian\u00e7a como vapestornado.com, navegue na p\u00e1gina do produto Bang Beach Vape e selecione a op\u00e7\u00e3o de quantidade a granel. Em alternativa, contacte a equipa de servi\u00e7o ao cliente para obter assist\u00eancia com grandes encomendas.<\/p>\n<p><strong>2. Quais s\u00e3o as op\u00e7\u00f5es de envio para encomendas a granel de bangvape 20000puff?<\/strong><br \/>\nAs encomendas a granel s\u00e3o enviadas de forma segura para proteger o produto durante o transporte. Muitos fornecedores oferecem op\u00e7\u00f5es de envio expresso e servi\u00e7os de rastreamento para garantir a entrega atempada.<\/p>\n<p><strong>3. O Bang Beach Vape 20000 puffs vapes \u00e9 adequado para distribui\u00e7\u00e3o por grosso?<\/strong><br \/>\nCom certeza. Com as suas funcionalidades avan\u00e7adas, desempenho duradouro e design elegante, o Bang Beach Vape 20000 \u00e9 muito atraente para os consumidores, o que o torna uma excelente escolha para a distribui\u00e7\u00e3o por grosso.<\/p>\n<p><strong>4. Como posso ter a certeza de que estou a comprar produtos aut\u00eanticos do Bang Beach Vape?<\/strong><br \/>\nCompre sempre a fornecedores de confian\u00e7a ou distribuidores autorizados como vapestornado.com para garantir a autenticidade e a qualidade. Evite vendedores n\u00e3o verificados para evitar produtos contrafeitos.<\/p>","protected":false},"excerpt":{"rendered":"<p>O Bang Beach 20000 Puffs oferece at\u00e9 20.000 inala\u00e7\u00f5es, 35ml de e-l\u00edquido pr\u00e9-carregado, n\u00edveis de nicotina personaliz\u00e1veis (0%, 2%, 3%, 5%), uma bateria recarreg\u00e1vel de 650mAh e um ecr\u00e3 inteligente para monitorizar o uso. Um vape elegante e duradouro, perfeito para todas as necessidades de vaping.<\/p>\n<figure id=\"attachment_2951\" aria-describedby=\"caption-attachment-2951\" style=\"width: 265px\" class=\"wp-caption alignnone\"><img decoding=\"async\" class=\"size-medium wp-image-2951\" src=\"https:\/\/vapestornado.com\/wp-content\/uploads\/2024\/12\/Wholesale-Disposable-Vape-265x300.jpg\" alt=\"Vape Descart\u00e1vel por Grosso\" width=\"265\" height=\"300\" srcset=\"https:\/\/vapestornado.com\/wp-content\/uploads\/2024\/12\/Wholesale-Disposable-Vape-265x300.jpg 265w, https:\/\/vapestornado.com\/wp-content\/uploads\/2024\/12\/Wholesale-Disposable-Vape-768x871.jpg 768w, https:\/\/vapestornado.com\/wp-content\/uploads\/2024\/12\/Wholesale-Disposable-Vape-600x680.jpg 600w, https:\/\/vapestornado.com\/wp-content\/uploads\/2024\/12\/Wholesale-Disposable-Vape.jpg 823w\" sizes=\"(max-width: 265px) 100vw, 265px\" \/><figcaption id=\"caption-attachment-2951\" class=\"wp-caption-text\">Por favor, contacte o WhatsApp da Mandy para pre\u00e7o com desconto\u00a0 <a href=\"https:\/\/wa.me\/8618077105796\">+8618077105796<\/a><\/figcaption><\/figure>\n<p>&nbsp;<\/p>","protected":false},"featured_media":3693,"comment_status":"open","ping_status":"closed","template":"","meta":{"_acf_changed":false,"_uag_custom_page_level_css":"","_lmt_disableupdate":"no","_lmt_disable":"","_monsterinsights_skip_tracking":false,"_monsterinsights_sitenote_active":false,"_monsterinsights_sitenote_note":"","_monsterinsights_sitenote_category":0,"site-sidebar-layout":"default","site-content-layout":"","ast-site-content-layout":"default","site-content-style":"default","site-sidebar-style":"default","ast-global-header-display":"","ast-banner-title-visibility":"","ast-main-header-display":"","ast-hfb-above-header-display":"","ast-hfb-below-header-display":"","ast-hfb-mobile-header-display":"","site-post-title":"","ast-breadcrumbs-content":"","ast-featured-img":"","footer-sml-layout":"","ast-disable-related-posts":"","theme-transparent-header-meta":"default","adv-header-id-meta":"","stick-header-meta":"","header-above-stick-meta":"","header-main-stick-meta":"","header-below-stick-meta":"","astra-migrate-meta-layouts":"set","ast-page-background-enabled":"default","ast-page-background-meta":{"desktop":{"background-color":"","background-image":"","background-repeat":"repeat","background-position":"center center","background-size":"auto","background-attachment":"scroll","background-type":"","background-media":"","overlay-type":"","overlay-color":"","overlay-opacity":"","overlay-gradient":""},"tablet":{"background-color":"","background-image":"","background-repeat":"repeat","background-position":"center center","background-size":"auto","background-attachment":"scroll","background-type":"","background-media":"","overlay-type":"","overlay-color":"","overlay-opacity":"","overlay-gradient":""},"mobile":{"background-color":"","background-image":"","background-repeat":"repeat","background-position":"center center","background-size":"auto","background-attachment":"scroll","background-type":"","background-media":"","overlay-type":"","overlay-color":"","overlay-opacity":"","overlay-gradient":""}},"ast-content-background-meta":{"desktop":{"background-color":"var(--ast-global-color-5)","background-image":"","background-repeat":"repeat","background-position":"center center","background-size":"auto","background-attachment":"scroll","background-type":"","background-media":"","overlay-type":"","overlay-color":"","overlay-opacity":"","overlay-gradient":""},"tablet":{"background-color":"var(--ast-global-color-5)","background-image":"","background-repeat":"repeat","background-position":"center center","background-size":"auto","background-attachment":"scroll","background-type":"","background-media":"","overlay-type":"","overlay-color":"","overlay-opacity":"","overlay-gradient":""},"mobile":{"background-color":"var(--ast-global-color-5)","background-image":"","background-repeat":"repeat","background-position":"center center","background-size":"auto","background-attachment":"scroll","background-type":"","background-media":"","overlay-type":"","overlay-color":"","overlay-opacity":"","overlay-gradient":""}},"_joinchat":{"telephone":"+8618077105796"}},"product_brand":[],"product_cat":[69,62,151,157],"product_tag":[229,97,98],"class_list":{"0":"post-3690","1":"product","2":"type-product","3":"status-publish","4":"has-post-thumbnail","6":"product_cat-20000-puff","7":"product_cat-bang-vape","8":"product_cat-buy-disposable-vapes-in-france","9":"product_cat-buy-disposable-vapes-in-portugal","10":"product_tag-bang-beach-20000-puffs","11":"product_tag-hot-sale-disposable-vape","12":"product_tag-wholesale-price-disposable-vape","13":"desktop-align-left","14":"tablet-align-left","15":"mobile-align-left","17":"first","18":"instock","19":"sale","20":"shipping-taxable","21":"purchasable","22":"product-type-simple"},"acf":[],"uagb_featured_image_src":{"full":["https:\/\/vapestornado.com\/wp-content\/uploads\/2025\/01\/Bang-Beach-20000-puff-vape-good-sale-Germany.webp",800,800,false],"thumbnail":["https:\/\/vapestornado.com\/wp-content\/uploads\/2025\/01\/Bang-Beach-20000-puff-vape-good-sale-Germany-150x150.webp",150,150,true],"medium":["https:\/\/vapestornado.com\/wp-content\/uploads\/2025\/01\/Bang-Beach-20000-puff-vape-good-sale-Germany-300x300.webp",300,300,true],"medium_large":["https:\/\/vapestornado.com\/wp-content\/uploads\/2025\/01\/Bang-Beach-20000-puff-vape-good-sale-Germany-768x768.webp",768,768,true],"large":["https:\/\/vapestornado.com\/wp-content\/uploads\/2025\/01\/Bang-Beach-20000-puff-vape-good-sale-Germany.webp",800,800,false],"1536x1536":["https:\/\/vapestornado.com\/wp-content\/uploads\/2025\/01\/Bang-Beach-20000-puff-vape-good-sale-Germany.webp",800,800,false],"2048x2048":["https:\/\/vapestornado.com\/wp-content\/uploads\/2025\/01\/Bang-Beach-20000-puff-vape-good-sale-Germany.webp",800,800,false],"trp-custom-language-flag":["https:\/\/vapestornado.com\/wp-content\/uploads\/2025\/01\/Bang-Beach-20000-puff-vape-good-sale-Germany.webp",12,12,false],"woocommerce_thumbnail":["https:\/\/vapestornado.com\/wp-content\/uploads\/2025\/01\/Bang-Beach-20000-puff-vape-good-sale-Germany-300x300.webp",300,300,true],"woocommerce_single":["https:\/\/vapestornado.com\/wp-content\/uploads\/2025\/01\/Bang-Beach-20000-puff-vape-good-sale-Germany-600x600.webp",600,600,true],"woocommerce_gallery_thumbnail":["https:\/\/vapestornado.com\/wp-content\/uploads\/2025\/01\/Bang-Beach-20000-puff-vape-good-sale-Germany-100x100.webp",100,100,true]},"uagb_author_info":{"display_name":"ESMANDY","author_link":"https:\/\/vapestornado.com\/pt\/author\/"},"uagb_comment_info":0,"uagb_excerpt":"Bang Beach 20000 Puffs offers up to 20,000 puffs, a 35ml pre-filled e-liquid, customizable nicotine levels (0%, 2%, 3%, 5%), a 650mAh rechargeable battery, and a smart screen for tracking usage. Stylish and long-lasting vape, perfect for every vaping need. [caption id=\"attachment_2951\" align=\"alignnone\" width=\"265\"] Pls Contact Mandy's WhatsApp For Discount Price\u00a0 +8618077105796[\/caption] &nbsp;","_links":{"self":[{"href":"https:\/\/vapestornado.com\/pt\/wp-json\/wp\/v2\/product\/3690","targetHints":{"allow":["GET"]}}],"collection":[{"href":"https:\/\/vapestornado.com\/pt\/wp-json\/wp\/v2\/product"}],"about":[{"href":"https:\/\/vapestornado.com\/pt\/wp-json\/wp\/v2\/types\/product"}],"replies":[{"embeddable":true,"href":"https:\/\/vapestornado.com\/pt\/wp-json\/wp\/v2\/comments?post=3690"}],"wp:featuredmedia":[{"embeddable":true,"href":"https:\/\/vapestornado.com\/pt\/wp-json\/wp\/v2\/media\/3693"}],"wp:attachment":[{"href":"https:\/\/vapestornado.com\/pt\/wp-json\/wp\/v2\/media?parent=3690"}],"wp:term":[{"taxonomy":"product_brand","embeddable":true,"href":"https:\/\/vapestornado.com\/pt\/wp-json\/wp\/v2\/product_brand?post=3690"},{"taxonomy":"product_cat","embeddable":true,"href":"https:\/\/vapestornado.com\/pt\/wp-json\/wp\/v2\/product_cat?post=3690"},{"taxonomy":"product_tag","embeddable":true,"href":"https:\/\/vapestornado.com\/pt\/wp-json\/wp\/v2\/product_tag?post=3690"}],"curies":[{"name":"wp","href":"https:\/\/api.w.org\/{rel}","templated":true}]}}