{"id":3668,"date":"2025-01-03T09:09:38","date_gmt":"2025-01-03T09:09:38","guid":{"rendered":"https:\/\/vapestornado.com\/?post_type=product&#038;p=3668"},"modified":"2025-08-23T10:46:05","modified_gmt":"2025-08-23T10:46:05","slug":"wholesale-waspe-40000-puffs-dual-flavor-disposable-vape","status":"publish","type":"product","link":"https:\/\/vapestornado.com\/pt\/product\/wholesale-waspe-40000-puffs-dual-flavor-disposable-vape\/","title":{"rendered":"Waspe 40000 Puffs Vape Descart\u00e1vel de Sabor Duplo por Grosso"},"content":{"rendered":"<h1>Waspe 40000 Puffs Vape Descart\u00e1vel de Sabor Duplo por Grosso<\/h1>\n<p data-start=\"276\" data-end=\"565\">O <strong data-start=\"280\" data-end=\"329\">Vaporizador Descart\u00e1vel de Sabor Duplo Waspe 40000 Puffs<\/strong> \u00e9 constru\u00eddo para grossistas e retalhistas que procuram um dispositivo de alta capacidade com caracter\u00edsticas \u00fanicas. Oferecendo at\u00e9 <strong data-start=\"437\" data-end=\"453\">40.000 puffs<\/strong> e <strong data-start=\"460\" data-end=\"482\">Tanque de e-l\u00edquido de 36ml<\/strong>, este vaporizador oferece uma utiliza\u00e7\u00e3o prolongada, reduzindo a necessidade de substitui\u00e7\u00f5es frequentes.<\/p>\n<p data-start=\"567\" data-end=\"847\">O seu <strong data-start=\"571\" data-end=\"593\">sistema de sabor duplo<\/strong> permite aos utilizadores alternar entre dois perfis de sabor num \u00fanico dispositivo, aumentando a variedade e o apelo ao cliente. Equipado com uma <strong data-start=\"721\" data-end=\"752\">bateria recarreg\u00e1vel de 850mAh<\/strong> e <strong data-start=\"757\" data-end=\"781\">carregamento r\u00e1pido Tipo-C<\/strong>, o Waspe 40K garante um desempenho fi\u00e1vel ao longo do dia.<\/p>\n<p data-start=\"849\" data-end=\"1132\">O <strong data-start=\"853\" data-end=\"874\">visor LED inteligente<\/strong> mant\u00e9m os utilizadores informados sobre a dura\u00e7\u00e3o da bateria e os n\u00edveis de e-l\u00edquido, enquanto as <strong data-start=\"946\" data-end=\"965\">resist\u00eancias de malha de 0,9\u03a9<\/strong> oferecem uma produ\u00e7\u00e3o de vapor suave e um sabor intenso. Dispon\u00edvel em <strong data-start=\"1028\" data-end=\"1060\">Concentra\u00e7\u00f5es de nicotina 2% e 5%<\/strong>, satisfaz tanto os utilizadores mais leves como aqueles que preferem um impacto mais forte.<\/p>\n<p data-start=\"1134\" data-end=\"1325\">Para os distribuidores europeus, o <strong data-start=\"1165\" data-end=\"1197\">Vaporizador de Sabor Duplo Waspe 40000<\/strong> combina grande capacidade, design moderno e <strong data-start=\"1242\" data-end=\"1275\">pre\u00e7os de atacado competitivos<\/strong>, tornando-o uma escolha rent\u00e1vel para encomendas em grandes quantidades.<\/p>\n<p><img fetchpriority=\"high\" decoding=\"async\" class=\"alignnone size-medium wp-image-4246\" src=\"https:\/\/vapestornado.com\/wp-content\/uploads\/2024\/12\/Waspe-DOUBLE-FLAVOUR-40k-Vape-Discount-Price-300x234.jpg\" alt=\"Waspe SABOR DUPLO 40k Vape Pre\u00e7o com Desconto\" width=\"300\" height=\"234\" srcset=\"https:\/\/vapestornado.com\/wp-content\/uploads\/2024\/12\/Waspe-DOUBLE-FLAVOUR-40k-Vape-Discount-Price-300x234.jpg 300w, https:\/\/vapestornado.com\/wp-content\/uploads\/2024\/12\/Waspe-DOUBLE-FLAVOUR-40k-Vape-Discount-Price-1024x799.jpg 1024w, https:\/\/vapestornado.com\/wp-content\/uploads\/2024\/12\/Waspe-DOUBLE-FLAVOUR-40k-Vape-Discount-Price-768x600.jpg 768w, https:\/\/vapestornado.com\/wp-content\/uploads\/2024\/12\/Waspe-DOUBLE-FLAVOUR-40k-Vape-Discount-Price-15x12.jpg 15w, https:\/\/vapestornado.com\/wp-content\/uploads\/2024\/12\/Waspe-DOUBLE-FLAVOUR-40k-Vape-Discount-Price-600x468.jpg 600w, https:\/\/vapestornado.com\/wp-content\/uploads\/2024\/12\/Waspe-DOUBLE-FLAVOUR-40k-Vape-Discount-Price.jpg 1500w\" sizes=\"(max-width: 300px) 100vw, 300px\" \/><\/p>\n<h3>Detalhe do Produto<\/h3>\n<p>Puffs: 40000 Puffs<br \/>\nSabor Duplo<br \/>\nBobina de Malha: 0.9ohm+0.9ohm<br \/>\nE-l\u00edquido: 36ml<br \/>\nNicotina: 0%\/2%\/5%<br \/>\nBateria: 850mah<br \/>\nRecarreg\u00e1vel: Tipo C<br \/>\nEcr\u00e3 LED<br \/>\nPeso do produto: 120g\/pcs Tamanho do produto: 61*31*115mm<br \/>\nQTD: 160pcs\/ctn, 10pcs\/caixa<br \/>\nP.B.: 20kg<\/p>\n<h3><strong>Waspe 40000 Puffs Sabor Duplo<\/strong> Caracter\u00edsticas<\/h3>\n<ol>\n<li><strong>Sistema de Sabor Duplo:<\/strong> Desfrute de dois sabores distintos num \u00fanico dispositivo para uma experi\u00eancia de vaping \u00fanica.<\/li>\n<li><strong>Contagem Massiva de Puffs:<\/strong> Oferece at\u00e9 40.000 puffs por dispositivo para uso prolongado.<\/li>\n<li><strong>Bateria Recarreg\u00e1vel:<\/strong> Capacidade de 850mAh com carregamento r\u00e1pido Tipo-C.<\/li>\n<li><strong>Alta Capacidade de E-L\u00edquido:<\/strong> 36ml de e-l\u00edquido garantem sess\u00f5es de vaping ininterruptas.<\/li>\n<li><strong>Tecnologia de resist\u00eancia de malha:<\/strong> Resist\u00eancias de 0,9 ohm para sabor aprimorado e produ\u00e7\u00e3o de vapor suave.<\/li>\n<\/ol>\n<h3>Lista de Sabores<\/h3>\n<ol start=\"1\" data-spread=\"false\" data-pm-slice=\"3 3 []\">\n<li>Melancia Gelada \/ Lima Lim\u00e3o<\/li>\n<li>Cereja Efervescente Gelada \/ Algod\u00e3o Doce de Mirtilo<\/li>\n<li>Morango Melancia \/ Mirtilo Framboesa<\/li>\n<li>Red Bull Gelado \/ Morango Manga<\/li>\n<li>P\u00eassego Gelado \/ Abacaxi Manga P\u00eassego<\/li>\n<li>Uva Gelada \/ Morango Kiwi<\/li>\n<li>Frutos Silvestres Mistos \/ Ma\u00e7\u00e3 Dupla Gelada<\/li>\n<li>Limonada de Framboesa Azul \/ Chiclete de Melancia<\/li>\n<li>Morango Framboesa Cereja \/ Love 666<\/li>\n<li>Morango Banana \/ Abacaxi Coco Gelado<\/li>\n<li>Chiclete de Morango Melancia \/ Fruta Mista<\/li>\n<li>Coca-Cola Cereja Gelada \/ Rebu\u00e7ado de Morango Framboesa<\/li>\n<li>Framboesa Ma\u00e7\u00e3 Azeda \/ Big Bang de Morango<\/li>\n<li>P\u00eassego Frutos Silvestres \/ Melancia Manga P\u00eassego<\/li>\n<li>Groselha Ice \/ Drag\u00e3o Negro Ice<\/li>\n<li>Morango Cereja \/ Kiwi Fruta da Paix\u00e3o Guava<\/li>\n<\/ol>\n<h4><strong>Top 5 Sabores<\/strong><\/h4>\n<ol start=\"1\" data-spread=\"false\">\n<li><strong>Melancia Ice \/ Lim\u00e3o Lima:<\/strong> Uma explos\u00e3o refrescante de frutas de ver\u00e3o com um toque c\u00edtrico.<\/li>\n<li><strong>Cereja Fizz Ice \/ Algod\u00e3o Doce de Mirtilo:<\/strong> Perfei\u00e7\u00e3o doce e efervescente para os amantes de sobremesas.<\/li>\n<li><strong>Morango Melancia \/ Mirtilo Framboesa:<\/strong> Uma mistura frutada que \u00e9 doce e picante.<\/li>\n<li><strong>Red Bull Ice \/ Morango Manga:<\/strong> Energizante e tropical, perfeito para um est\u00edmulo.<\/li>\n<li><strong>Gelo de P\u00eassego \/ P\u00eassego Manga Abacaxi:<\/strong> Um trio tropical com um final fresco e gelado.<\/li>\n<\/ol>\n<h2 data-start=\"135\" data-end=\"179\">Compara\u00e7\u00e3o da S\u00e9rie WASPE (Guia Grossista)<\/h2>\n<p data-start=\"181\" data-end=\"206\"><strong data-start=\"181\" data-end=\"204\">WASPE Tornado 15000<\/strong><\/p>\n<ul data-start=\"207\" data-end=\"569\">\n<li data-start=\"207\" data-end=\"224\">\n<p data-start=\"209\" data-end=\"224\">Puffs: 15.000<\/p>\n<\/li>\n<li data-start=\"225\" data-end=\"257\">\n<p data-start=\"227\" data-end=\"257\">Bateria: 850mAh recarreg\u00e1vel<\/p>\n<\/li>\n<li data-start=\"258\" data-end=\"285\">\n<p data-start=\"260\" data-end=\"285\">Capacidade de E-l\u00edquido: 25ml<\/p>\n<\/li>\n<li data-start=\"286\" data-end=\"310\">\n<p data-start=\"288\" data-end=\"310\">Tipo de Resist\u00eancia: Mesh 0.8\u03a9<\/p>\n<\/li>\n<li data-start=\"311\" data-end=\"382\">\n<p data-start=\"313\" data-end=\"382\">Principais Caracter\u00edsticas: Ecr\u00e3 digital, design compacto, carregamento r\u00e1pido Tipo-C<\/p>\n<\/li>\n<li data-start=\"383\" data-end=\"419\">\n<p data-start=\"385\" data-end=\"419\">Op\u00e7\u00f5es de Nicotina: 0%, 2%, 3%, 5%<\/p>\n<\/li>\n<li data-start=\"420\" data-end=\"499\">\n<p data-start=\"422\" data-end=\"499\">Clientes-Alvo: Utilizadores iniciantes, retalhistas que procuram stock acess\u00edvel<\/p>\n<\/li>\n<li data-start=\"500\" data-end=\"569\">\n<p data-start=\"502\" data-end=\"569\">Palavras-chave de Venda por Grosso: Waspe 15K vape descart\u00e1vel, caneta vape por grosso<\/p>\n<\/li>\n<\/ul>\n<hr data-start=\"571\" data-end=\"574\" \/>\n<p data-start=\"576\" data-end=\"601\"><strong data-start=\"576\" data-end=\"599\">WASPE 25000 Digital<\/strong><\/p>\n<ul data-start=\"602\" data-end=\"1000\">\n<li data-start=\"602\" data-end=\"619\">\n<p data-start=\"604\" data-end=\"619\">Puffs: 25.000<\/p>\n<\/li>\n<li data-start=\"620\" data-end=\"652\">\n<p data-start=\"622\" data-end=\"652\">Bateria: 850mAh recarreg\u00e1vel<\/p>\n<\/li>\n<li data-start=\"653\" data-end=\"680\">\n<p data-start=\"655\" data-end=\"680\">Capacidade de E-l\u00edquido: 28ml<\/p>\n<\/li>\n<li data-start=\"681\" data-end=\"705\">\n<p data-start=\"683\" data-end=\"705\">Tipo de Resist\u00eancia: Mesh 1.0\u03a9<\/p>\n<\/li>\n<li data-start=\"706\" data-end=\"794\">\n<p data-start=\"708\" data-end=\"794\">Principais Caracter\u00edsticas: Ecr\u00e3 LED inteligente, interruptor de sabor duplo, design recarreg\u00e1vel ecol\u00f3gico<\/p>\n<\/li>\n<li data-start=\"795\" data-end=\"831\">\n<p data-start=\"797\" data-end=\"831\">Op\u00e7\u00f5es de Nicotina: 0%, 2%, 3%, 5%<\/p>\n<\/li>\n<li data-start=\"832\" data-end=\"919\">\n<p data-start=\"834\" data-end=\"919\">Clientes-Alvo: Retalhistas que visam compradores de gama m\u00e9dia, distribuidores em Portugal<\/p>\n<\/li>\n<li data-start=\"920\" data-end=\"1000\">\n<p data-start=\"922\" data-end=\"1000\">Palavras-chave de Venda por Grosso: Waspe 25K vape digital, venda por grosso de descart\u00e1veis de sabor duplo<\/p>\n<\/li>\n<\/ul>\n<hr data-start=\"1002\" data-end=\"1005\" \/>\n<p data-start=\"1007\" data-end=\"1042\"><strong data-start=\"1007\" data-end=\"1040\">WASPE FIHP 30000 Ecr\u00e3 Inteligente<\/strong><\/p>\n<ul data-start=\"1043\" data-end=\"1431\">\n<li data-start=\"1043\" data-end=\"1060\">\n<p data-start=\"1045\" data-end=\"1060\">Puffs: 30.000<\/p>\n<\/li>\n<li data-start=\"1061\" data-end=\"1093\">\n<p data-start=\"1063\" data-end=\"1093\">Bateria: 850mAh recarreg\u00e1vel<\/p>\n<\/li>\n<li data-start=\"1094\" data-end=\"1121\">\n<p data-start=\"1096\" data-end=\"1121\">Capacidade de E-l\u00edquido: 28ml<\/p>\n<\/li>\n<li data-start=\"1122\" data-end=\"1158\">\n<p data-start=\"1124\" data-end=\"1158\">Tipo de Resist\u00eancia: Dual Mesh 1.0\u03a9 + 1.0\u03a9<\/p>\n<\/li>\n<li data-start=\"1159\" data-end=\"1246\">\n<p data-start=\"1161\" data-end=\"1246\">Principais Caracter\u00edsticas: Ecr\u00e3 inteligente, dois modos de vaping (Regular<\/p>\n<\/li>\n<li data-start=\"1247\" data-end=\"1275\">\n<p data-start=\"1249\" data-end=\"1275\">Op\u00e7\u00f5es de Nicotina: 2%, 5%<\/p>\n<\/li>\n<li data-start=\"1276\" data-end=\"1352\">\n<p data-start=\"1278\" data-end=\"1352\">Clientes-Alvo: Lojas focadas em produtos premium, entusiastas de sabor<\/p>\n<\/li>\n<li data-start=\"1353\" data-end=\"1431\">\n<p data-start=\"1355\" data-end=\"1431\">Palavras-chave de Venda por Grosso: Waspe FIHP 30K vape, venda por grosso de descart\u00e1veis com ecr\u00e3 inteligente<\/p>\n<\/li>\n<\/ul>\n<hr data-start=\"1433\" data-end=\"1436\" \/>\n<p data-start=\"1438\" data-end=\"1467\"><strong data-start=\"1438\" data-end=\"1465\">WASPE 40000 Sabor Duplo<\/strong><\/p>\n<ul data-start=\"1468\" data-end=\"1847\">\n<li data-start=\"1468\" data-end=\"1485\">\n<p data-start=\"1470\" data-end=\"1485\">Puffs: 40.000<\/p>\n<\/li>\n<li data-start=\"1486\" data-end=\"1518\">\n<p data-start=\"1488\" data-end=\"1518\">Bateria: 850mAh recarreg\u00e1vel<\/p>\n<\/li>\n<li data-start=\"1519\" data-end=\"1546\">\n<p data-start=\"1521\" data-end=\"1546\">Capacidade de E-l\u00edquido: 36ml<\/p>\n<\/li>\n<li data-start=\"1547\" data-end=\"1576\">\n<p data-start=\"1549\" data-end=\"1576\">Tipo de Resist\u00eancia: Dual Mesh 0.9\u03a9<\/p>\n<\/li>\n<li data-start=\"1577\" data-end=\"1655\">\n<p data-start=\"1579\" data-end=\"1655\">Caracter\u00edsticas Principais: Sistema de sabor duplo, display LED inteligente, capacidade de longa dura\u00e7\u00e3o<\/p>\n<\/li>\n<li data-start=\"1656\" data-end=\"1684\">\n<p data-start=\"1658\" data-end=\"1684\">Op\u00e7\u00f5es de Nicotina: 2%, 5%<\/p>\n<\/li>\n<li data-start=\"1685\" data-end=\"1762\">\n<p data-start=\"1687\" data-end=\"1762\">Clientes Alvo: Utilizadores intensivos, distribuidores que procuram dispositivos de longa dura\u00e7\u00e3o<\/p>\n<\/li>\n<li data-start=\"1763\" data-end=\"1847\">\n<p data-start=\"1765\" data-end=\"1847\">Palavras-chave de Venda por Grosso: Waspe 40K vape de sabor duplo, vape descart\u00e1vel por grosso Europa<\/p>\n<\/li>\n<\/ul>\n<h3 data-pm-slice=\"1 3 []\"><strong>Perguntas Frequentes<\/strong><\/h3>\n<ol start=\"1\" data-spread=\"true\">\n<li><strong>Quanto tempo dura o Vape Descart\u00e1vel Waspe 40000 Puffs?<\/strong> Com at\u00e9 40.000 puffs, pode durar semanas ou at\u00e9 meses, dependendo do uso.<\/li>\n<li><strong>O Vape Descart\u00e1vel Waspe 40000 Puffs \u00e9 recarreg\u00e1vel?<\/strong> Sim, possui uma bateria recarreg\u00e1vel de 850mAh com uma porta de carregamento Tipo-C.<\/li>\n<li><strong>Quais s\u00e3o os n\u00edveis de nicotina dispon\u00edveis?<\/strong> Escolha entre 0%, 2% ou 5% de nicotina para corresponder \u00e0s suas necessidades.<\/li>\n<li><strong>O dispositivo suporta sabores duplos?<\/strong> Sim, vem com um sistema de sabor duplo para uma experi\u00eancia de vaping aprimorada.<\/li>\n<li><strong>O que destaca o Waspe 40000 Puffs?<\/strong> A sua enorme contagem de puffs, sabores duplos, bateria recarreg\u00e1vel e qualidade de constru\u00e7\u00e3o superior o diferenciam.<\/li>\n<\/ol>\n<h4>WASPE 40000 Vapes de Sabor Duplo por grosso Contacte-nos e obtenha desconto agora!<a href=\"https:\/\/wa.me\/8618077105750\" target=\"_blank\" rel=\"noopener\">+8618077105750<\/a><\/h4>\n<p><img decoding=\"async\" class=\"size-large wp-image-2921\" src=\"https:\/\/vapestornado.com\/wp-content\/uploads\/2024\/11\/20062b3a285f900e79520aad496b94d-887x1024.jpg\" alt=\"vapestornado Vicky\" width=\"887\" height=\"1024\" srcset=\"https:\/\/vapestornado.com\/wp-content\/uploads\/2024\/11\/20062b3a285f900e79520aad496b94d-887x1024.jpg 887w, https:\/\/vapestornado.com\/wp-content\/uploads\/2024\/11\/20062b3a285f900e79520aad496b94d-260x300.jpg 260w, https:\/\/vapestornado.com\/wp-content\/uploads\/2024\/11\/20062b3a285f900e79520aad496b94d-768x887.jpg 768w, https:\/\/vapestornado.com\/wp-content\/uploads\/2024\/11\/20062b3a285f900e79520aad496b94d-600x693.jpg 600w, https:\/\/vapestornado.com\/wp-content\/uploads\/2024\/11\/20062b3a285f900e79520aad496b94d.jpg 1080w\" sizes=\"(max-width: 887px) 100vw, 887px\" \/><\/p>","protected":false},"excerpt":{"rendered":"<p data-start=\"1365\" data-end=\"1535\">O <strong data-start=\"1369\" data-end=\"1395\">Vaporizador Waspe 40000 Puffs<\/strong> oferece sabores duplos, capacidade de 36ml e um ecr\u00e3 LED inteligente. Uma escolha recarreg\u00e1vel e de longa dura\u00e7\u00e3o para <strong data-start=\"1496\" data-end=\"1532\">mercados grossistas de vaporizadores na Europa<\/strong>.<\/p>\n<p><strong><span style=\"color: #ff0000;\">(o pre\u00e7o no nosso site n\u00e3o inclui o custo de envio, por favor contacte-me para obter o pre\u00e7o total e o seu desconto!)<\/span><\/strong><\/p>\n<p><img decoding=\"async\" class=\"size-medium wp-image-2921\" src=\"https:\/\/vapestornado.com\/wp-content\/uploads\/2024\/11\/20062b3a285f900e79520aad496b94d-260x300.jpg\" alt=\"vapestornado Vicky\" width=\"260\" height=\"300\" srcset=\"https:\/\/vapestornado.com\/wp-content\/uploads\/2024\/11\/20062b3a285f900e79520aad496b94d-260x300.jpg 260w, https:\/\/vapestornado.com\/wp-content\/uploads\/2024\/11\/20062b3a285f900e79520aad496b94d-887x1024.jpg 887w, https:\/\/vapestornado.com\/wp-content\/uploads\/2024\/11\/20062b3a285f900e79520aad496b94d-768x887.jpg 768w, https:\/\/vapestornado.com\/wp-content\/uploads\/2024\/11\/20062b3a285f900e79520aad496b94d-600x693.jpg 600w, https:\/\/vapestornado.com\/wp-content\/uploads\/2024\/11\/20062b3a285f900e79520aad496b94d.jpg 1080w\" sizes=\"(max-width: 260px) 100vw, 260px\" \/><\/p>","protected":false},"featured_media":4245,"comment_status":"open","ping_status":"closed","template":"","meta":{"_acf_changed":false,"_uag_custom_page_level_css":"","_lmt_disableupdate":"no","_lmt_disable":"","_monsterinsights_skip_tracking":false,"_monsterinsights_sitenote_active":false,"_monsterinsights_sitenote_note":"","_monsterinsights_sitenote_category":0,"site-sidebar-layout":"default","site-content-layout":"","ast-site-content-layout":"default","site-content-style":"default","site-sidebar-style":"default","ast-global-header-display":"","ast-banner-title-visibility":"","ast-main-header-display":"","ast-hfb-above-header-display":"","ast-hfb-below-header-display":"","ast-hfb-mobile-header-display":"","site-post-title":"","ast-breadcrumbs-content":"","ast-featured-img":"","footer-sml-layout":"","ast-disable-related-posts":"","theme-transparent-header-meta":"default","adv-header-id-meta":"","stick-header-meta":"","header-above-stick-meta":"","header-main-stick-meta":"","header-below-stick-meta":"","astra-migrate-meta-layouts":"set","ast-page-background-enabled":"default","ast-page-background-meta":{"desktop":{"background-color":"","background-image":"","background-repeat":"repeat","background-position":"center center","background-size":"auto","background-attachment":"scroll","background-type":"","background-media":"","overlay-type":"","overlay-color":"","overlay-opacity":"","overlay-gradient":""},"tablet":{"background-color":"","background-image":"","background-repeat":"repeat","background-position":"center center","background-size":"auto","background-attachment":"scroll","background-type":"","background-media":"","overlay-type":"","overlay-color":"","overlay-opacity":"","overlay-gradient":""},"mobile":{"background-color":"","background-image":"","background-repeat":"repeat","background-position":"center center","background-size":"auto","background-attachment":"scroll","background-type":"","background-media":"","overlay-type":"","overlay-color":"","overlay-opacity":"","overlay-gradient":""}},"ast-content-background-meta":{"desktop":{"background-color":"var(--ast-global-color-5)","background-image":"","background-repeat":"repeat","background-position":"center center","background-size":"auto","background-attachment":"scroll","background-type":"","background-media":"","overlay-type":"","overlay-color":"","overlay-opacity":"","overlay-gradient":""},"tablet":{"background-color":"var(--ast-global-color-5)","background-image":"","background-repeat":"repeat","background-position":"center center","background-size":"auto","background-attachment":"scroll","background-type":"","background-media":"","overlay-type":"","overlay-color":"","overlay-opacity":"","overlay-gradient":""},"mobile":{"background-color":"var(--ast-global-color-5)","background-image":"","background-repeat":"repeat","background-position":"center center","background-size":"auto","background-attachment":"scroll","background-type":"","background-media":"","overlay-type":"","overlay-color":"","overlay-opacity":"","overlay-gradient":""}},"_joinchat":{"telephone":"+8618077105750"}},"product_brand":[],"product_cat":[140,65,152,154,155,158,160,143,60],"product_tag":[],"class_list":{"0":"post-3668","1":"product","2":"type-product","3":"status-publish","4":"has-post-thumbnail","6":"product_cat-big-puffs-disposable-vapes","7":"product_cat-40000-puff","8":"product_cat-buy-disposable-vapes-in-cermany","9":"product_cat-buy-disposable-vapes-in-netherlands","10":"product_cat-buy-disposable-vapes-in-norway","11":"product_cat-buy-disposable-vapes-in-spain","12":"product_cat-buy-disposable-vapes-in-switzerland","13":"product_cat-dual-mesh-disposable-vapes","14":"product_cat-waspe-fihp-vape","15":"desktop-align-left","16":"tablet-align-left","17":"mobile-align-left","19":"first","20":"instock","21":"sale","22":"shipping-taxable","23":"purchasable","24":"product-type-simple"},"acf":[],"uagb_featured_image_src":{"full":["https:\/\/vapestornado.com\/wp-content\/uploads\/2024\/12\/Waspe-DOUBLE-FLAVOUR-40k-Vape-Cheap-Price.jpg",1500,1500,false],"thumbnail":["https:\/\/vapestornado.com\/wp-content\/uploads\/2024\/12\/Waspe-DOUBLE-FLAVOUR-40k-Vape-Cheap-Price-150x150.jpg",150,150,true],"medium":["https:\/\/vapestornado.com\/wp-content\/uploads\/2024\/12\/Waspe-DOUBLE-FLAVOUR-40k-Vape-Cheap-Price-300x300.jpg",300,300,true],"medium_large":["https:\/\/vapestornado.com\/wp-content\/uploads\/2024\/12\/Waspe-DOUBLE-FLAVOUR-40k-Vape-Cheap-Price-768x768.jpg",768,768,true],"large":["https:\/\/vapestornado.com\/wp-content\/uploads\/2024\/12\/Waspe-DOUBLE-FLAVOUR-40k-Vape-Cheap-Price-1024x1024.jpg",1024,1024,true],"1536x1536":["https:\/\/vapestornado.com\/wp-content\/uploads\/2024\/12\/Waspe-DOUBLE-FLAVOUR-40k-Vape-Cheap-Price.jpg",1500,1500,false],"2048x2048":["https:\/\/vapestornado.com\/wp-content\/uploads\/2024\/12\/Waspe-DOUBLE-FLAVOUR-40k-Vape-Cheap-Price.jpg",1500,1500,false],"trp-custom-language-flag":["https:\/\/vapestornado.com\/wp-content\/uploads\/2024\/12\/Waspe-DOUBLE-FLAVOUR-40k-Vape-Cheap-Price-12x12.jpg",12,12,true],"woocommerce_thumbnail":["https:\/\/vapestornado.com\/wp-content\/uploads\/2024\/12\/Waspe-DOUBLE-FLAVOUR-40k-Vape-Cheap-Price-300x300.jpg",300,300,true],"woocommerce_single":["https:\/\/vapestornado.com\/wp-content\/uploads\/2024\/12\/Waspe-DOUBLE-FLAVOUR-40k-Vape-Cheap-Price-600x600.jpg",600,600,true],"woocommerce_gallery_thumbnail":["https:\/\/vapestornado.com\/wp-content\/uploads\/2024\/12\/Waspe-DOUBLE-FLAVOUR-40k-Vape-Cheap-Price-100x100.jpg",100,100,true]},"uagb_author_info":{"display_name":"ESvicky","author_link":"https:\/\/vapestornado.com\/pt\/author\/"},"uagb_comment_info":0,"uagb_excerpt":"The Waspe 40000 Puffs Vape offers dual flavors, 36ml capacity, and a smart LED screen. A long-lasting, rechargeable choice for wholesale vape markets in Europe. (our website price not include shipping cost, please contact me to get whole price and your disccount!)","_links":{"self":[{"href":"https:\/\/vapestornado.com\/pt\/wp-json\/wp\/v2\/product\/3668","targetHints":{"allow":["GET"]}}],"collection":[{"href":"https:\/\/vapestornado.com\/pt\/wp-json\/wp\/v2\/product"}],"about":[{"href":"https:\/\/vapestornado.com\/pt\/wp-json\/wp\/v2\/types\/product"}],"replies":[{"embeddable":true,"href":"https:\/\/vapestornado.com\/pt\/wp-json\/wp\/v2\/comments?post=3668"}],"wp:featuredmedia":[{"embeddable":true,"href":"https:\/\/vapestornado.com\/pt\/wp-json\/wp\/v2\/media\/4245"}],"wp:attachment":[{"href":"https:\/\/vapestornado.com\/pt\/wp-json\/wp\/v2\/media?parent=3668"}],"wp:term":[{"taxonomy":"product_brand","embeddable":true,"href":"https:\/\/vapestornado.com\/pt\/wp-json\/wp\/v2\/product_brand?post=3668"},{"taxonomy":"product_cat","embeddable":true,"href":"https:\/\/vapestornado.com\/pt\/wp-json\/wp\/v2\/product_cat?post=3668"},{"taxonomy":"product_tag","embeddable":true,"href":"https:\/\/vapestornado.com\/pt\/wp-json\/wp\/v2\/product_tag?post=3668"}],"curies":[{"name":"wp","href":"https:\/\/api.w.org\/{rel}","templated":true}]}}