{"id":3661,"date":"2025-01-03T08:52:12","date_gmt":"2025-01-03T08:52:12","guid":{"rendered":"https:\/\/vapestornado.com\/?post_type=product&#038;p=3661"},"modified":"2025-08-23T09:37:36","modified_gmt":"2025-08-23T09:37:36","slug":"cheap-price-razz-bar-25000-puffs-wholesale-vape","status":"publish","type":"product","link":"https:\/\/vapestornado.com\/pt\/product\/cheap-price-razz-bar-25000-puffs-wholesale-vape\/","title":{"rendered":"Pre\u00e7o Barato RAZZ BAR 25000 Puffs Vape por Grosso"},"content":{"rendered":"<h1>Pre\u00e7o Barato RAZZ BAR 25000 Puffs Vape por Grosso<\/h1>\n<div role=\"article\" data-tabster=\"{&quot;groupper&quot;:{&quot;tabbability&quot;:2},&quot;focusable&quot;:{}}\" data-content=\"ai-message\" aria-labelledby=\"64JRvXrTnY7mRmPkEQLLT-author 64JRvXrTnY7mRmPkEQLLT-content\">\n<div id=\"64JRvXrTnY7mRmPkEQLLT-content\">\n<div role=\"article\" data-tabster=\"{&quot;groupper&quot;:{&quot;tabbability&quot;:2},&quot;focusable&quot;:{}}\" data-content=\"ai-message\" aria-labelledby=\"64JRvXrTnY7mRmPkEQLLT-author 64JRvXrTnY7mRmPkEQLLT-content\">\n<div id=\"64JRvXrTnY7mRmPkEQLLT-content\">\n<p>O <strong>Vape Descart\u00e1vel RAZZ BAR 25000 Puffs<\/strong> \u00e9 uma inova\u00e7\u00e3o para entusiastas de vaping e revendedores. Projetado com a inova\u00e7\u00e3o no seu n\u00facleo, este dispositivo de alta capacidade oferece uma combina\u00e7\u00e3o perfeita de qualidade, estilo e acessibilidade. Com uma impressionante contagem de <strong>25.000 inala\u00e7\u00f5es<\/strong>, garante um prazer prolongado, tornando-o perfeito para aqueles que procuram um valor a longo prazo.<\/p>\n<p>Cada unidade possui uma <strong>bateria recarreg\u00e1vel de 650mAh<\/strong>, complementada pela tecnologia de carregamento r\u00e1pida e confi\u00e1vel <strong>Type-C<\/strong>, garantindo que esteja sempre pronto para usar onde quer que v\u00e1. A sua <strong>tecnologia de resist\u00eancia de malha<\/strong> amplifica cada sabor, fornecendo nuvens suaves e densas que melhoram a sua satisfa\u00e7\u00e3o ao vapear.<\/p>\n<p>Dispon\u00edvel em <strong>16 sabores irresist\u00edveis<\/strong> e infundido com <strong>nicotina de sal 2% ou 5%<\/strong>, o RAZZ BAR atende a diversas prefer\u00eancias de sabor. O seu design leve e port\u00e1til torna-o ideal tanto para utilizadores casuais como para vapers dedicados.<\/p>\n<p>Para empresas, o RAZZ BAR \u00e9 um sonho de revenda, embalado em <strong>200 unidades por caixa<\/strong> para distribui\u00e7\u00e3o eficiente a granel. Com os seus pre\u00e7os competitivos e caracter\u00edsticas premium, este produto \u00e9 um 'must-have' para expandir o seu stock.<\/p>\n<p>Eleve o seu jogo de vaping ou abaste\u00e7a as suas prateleiras com o <strong>RAZZ BAR 25000 Inala\u00e7\u00f5es<\/strong>, o equil\u00edbrio perfeito entre desempenho e acessibilidade. N\u00e3o perca a oportunidade de oferecer um produto que redefine o mercado de vapes descart\u00e1veis!<\/p>\n<\/div>\n<\/div>\n<figure id=\"attachment_3686\" aria-describedby=\"caption-attachment-3686\" style=\"width: 531px\" class=\"wp-caption alignnone\"><img fetchpriority=\"high\" decoding=\"async\" class=\"wp-image-3686\" src=\"https:\/\/vapestornado.com\/wp-content\/uploads\/2025\/01\/RAZZ-BAR-25000-Puffs-Lemon-Lime.webp\" alt=\"RAZZ BAR 25000 Puffs Lim\u00e3o Lima\" width=\"531\" height=\"531\" srcset=\"https:\/\/vapestornado.com\/wp-content\/uploads\/2025\/01\/RAZZ-BAR-25000-Puffs-Lemon-Lime.webp 800w, https:\/\/vapestornado.com\/wp-content\/uploads\/2025\/01\/RAZZ-BAR-25000-Puffs-Lemon-Lime-300x300.webp 300w, https:\/\/vapestornado.com\/wp-content\/uploads\/2025\/01\/RAZZ-BAR-25000-Puffs-Lemon-Lime-150x150.webp 150w, https:\/\/vapestornado.com\/wp-content\/uploads\/2025\/01\/RAZZ-BAR-25000-Puffs-Lemon-Lime-768x768.webp 768w, https:\/\/vapestornado.com\/wp-content\/uploads\/2025\/01\/RAZZ-BAR-25000-Puffs-Lemon-Lime-600x600.webp 600w, https:\/\/vapestornado.com\/wp-content\/uploads\/2025\/01\/RAZZ-BAR-25000-Puffs-Lemon-Lime-100x100.webp 100w\" sizes=\"(max-width: 531px) 100vw, 531px\" \/><figcaption id=\"caption-attachment-3686\" class=\"wp-caption-text\">RAZZ BAR 25000 Puffs Lim\u00e3o Lima<\/figcaption><\/figure>\n<\/div>\n<\/div>\n<p><img decoding=\"async\" class=\"alignleft wp-image-2951 size-medium\" src=\"https:\/\/vapestornado.com\/wp-content\/uploads\/2024\/12\/Wholesale-Disposable-Vape-265x300.jpg\" alt=\"Vape Descart\u00e1vel por Grosso\" width=\"265\" height=\"300\" srcset=\"https:\/\/vapestornado.com\/wp-content\/uploads\/2024\/12\/Wholesale-Disposable-Vape-265x300.jpg 265w, https:\/\/vapestornado.com\/wp-content\/uploads\/2024\/12\/Wholesale-Disposable-Vape-768x871.jpg 768w, https:\/\/vapestornado.com\/wp-content\/uploads\/2024\/12\/Wholesale-Disposable-Vape-600x680.jpg 600w, https:\/\/vapestornado.com\/wp-content\/uploads\/2024\/12\/Wholesale-Disposable-Vape.jpg 823w\" sizes=\"(max-width: 265px) 100vw, 265px\" \/><\/p>\n<h5>Por favor, contacte o WhatsApp da Mandy para pre\u00e7o com desconto:<a href=\"https:\/\/wa.me\/8618077105796\" target=\"_blank\" rel=\"noopener\">+8618077105796<\/a><\/h5>\n<div class=\"flex max-w-full flex-col flex-grow\">\n<div class=\"min-h-8 text-message flex w-full flex-col items-end gap-2 whitespace-normal break-words text-start [.text-message+&amp;]:mt-5\" dir=\"auto\" data-message-author-role=\"assistant\" data-message-id=\"cdb991c0-f594-4bff-b2d5-fbbdd7ce9e54\" data-message-model-slug=\"gpt-4o-mini\">\n<div class=\"flex w-full flex-col gap-1 empty:hidden first:pt-[3px]\">\n<div class=\"markdown prose w-full break-words dark:prose-invert light\"><\/div>\n<\/div>\n<\/div>\n<\/div>\n<div class=\"mb-2 flex gap-3 empty:hidden -ml-2\">\n<h2>Caracter\u00edsticas Principais do Razz bar 25000puffs:<\/h2>\n<ul>\n<li><strong>Teor de Nicotina:<\/strong> Dispon\u00edvel em 2% e 5% de nicotina de sal para uma experi\u00eancia de vaporiza\u00e7\u00e3o personalizada.<\/li>\n<li><strong>Contagem de Puffs:<\/strong> At\u00e9 <strong>25.000 puffs<\/strong>, garantindo uma longevidade incompar\u00e1vel.<\/li>\n<li><strong>Sabores:<\/strong> Escolha entre <strong>16 sabores premium<\/strong>, cada um criado para a m\u00e1xima satisfa\u00e7\u00e3o.<\/li>\n<li><strong>Bateria:<\/strong> <strong>bateria recarreg\u00e1vel de 650mAh<\/strong> com eficiente <strong>carregamento r\u00e1pido Tipo-C<\/strong> para uso ininterrupto.<\/li>\n<li><strong>Tecnologia:<\/strong> Integrado <strong>tecnologia de resist\u00eancia de malha<\/strong> oferece vapor consistente e suave, e um sabor intensificado.<\/li>\n<li><strong>Embalagem:<\/strong> Convenientemente embalado com <strong>200 unidades por caixa<\/strong> para encomendas em grandes quantidades.<\/li>\n<\/ul>\n<\/div>\n<h2>Sabores de Vape Pods Mais Vendidos do RAZZBAR 25000 Puffs:<\/h2>\n<p>1. P\u00eassego Gelado<br \/>\n2. Morango Banana<br \/>\n3. Uva Red Bull<br \/>\n4. Mirtilo Gelado<br \/>\n5. Melancia Gelada<br \/>\n6. Frutos Tropicais Gelados<br \/>\n7.Frutos tropicais<br \/>\n8.Morangos kiwi<br \/>\n9.Gelo de morango<br \/>\n10.Frutos silvestres mistos<br \/>\n11.Morangos framboesa cereja gelo<br \/>\n12. Love 66<br \/>\n13.Gelo de drag\u00e3o preto<br \/>\n14. Lima-Lim\u00e3o<br \/>\n15.Mirtilos framboesa \u00e1cida<br \/>\n16.Pastilha el\u00e1stica de morango e melancia<\/p>\n<div role=\"article\" data-tabster=\"{&quot;groupper&quot;:{&quot;tabbability&quot;:2},&quot;focusable&quot;:{}}\" data-content=\"ai-message\" aria-labelledby=\"dARUyEWDoEYhnSPXFwx5A-author dARUyEWDoEYhnSPXFwx5A-content\">\n<div id=\"dARUyEWDoEYhnSPXFwx5A-content\">\n<h2>Porqu\u00ea escolher o RAZZ BAR 25000 Puffs <strong>\u00a0<\/strong>at <a href=\"https:\/\/vapestornado.com\/pt\/product\/bang-box-35k-puffs-high-capacity-long-lasting-disposable-vape\/\">vapestornado.com?<\/a><\/h2>\n<h4><strong>*Longevidade inigual\u00e1vel<\/strong><\/h4>\n<p>O <strong>RAZZ BAR 25000 Inala\u00e7\u00f5es<\/strong> foi projetado para a durabilidade, fornecendo at\u00e9 <strong>25.000 puffs<\/strong> por dispositivo. Isto torna-o a melhor escolha para vapers que d\u00e3o prioridade a um desempenho duradouro, sem a necessidade de substitui\u00e7\u00f5es constantes.<\/p>\n<h4><strong>*Qualidade Superior a Pre\u00e7os Competitivos<\/strong><\/h4>\n<p>At <strong>vapestornado.com<\/strong>, oferecemos o RAZZ BAR a pre\u00e7os de grossista imbat\u00edveis, tornando-o uma op\u00e7\u00e3o econ\u00f3mica tanto para retalhistas como para compradores individuais. Desfrute de tecnologia de vaporiza\u00e7\u00e3o premium sem gastar muito.<\/p>\n<h4><strong>*Op\u00e7\u00f5es de Sabor Diversificadas<\/strong><\/h4>\n<p>Com <strong>16 sabores vibrantes<\/strong> dispon\u00edveis, h\u00e1 algo para todos. Desde misturas de frutas a mentol refrescante, cada sabor \u00e9 elaborado para proporcionar uma experi\u00eancia rica e satisfat\u00f3ria.<\/p>\n<h4><strong>*Caracter\u00edsticas Avan\u00e7adas<\/strong><\/h4>\n<p>O <strong>bateria recarreg\u00e1vel de 650mAh<\/strong>, combinado com <strong>carregamento r\u00e1pido Tipo-C<\/strong> e <strong>tecnologia de resist\u00eancia de malha<\/strong>, garante um desempenho consistente, produ\u00e7\u00e3o de vapor suave e intensidade de sabor arrojada a cada baforada.<\/p>\n<h4><strong>*Parceiro Grossista de Confian\u00e7a<\/strong><\/h4>\n<p>vapestornado.com \u00e9 um fornecedor de confian\u00e7a na ind\u00fastria do vapor, oferecendo <strong>transa\u00e7\u00f5es seguras<\/strong>, <strong>envio r\u00e1pido<\/strong>, e suporte ao cliente dedicado. Com embalagens a granel de <strong>200 unidades por caixa<\/strong>, abastecer o seu invent\u00e1rio nunca foi t\u00e3o f\u00e1cil.<\/p>\n<h4><strong>*Design Ecol\u00f3gico<\/strong><\/h4>\n<p>O RAZZ BAR possui tecnologia recarreg\u00e1vel, o que reduz o desperd\u00edcio e apoia um estilo de vida de vaporiza\u00e7\u00e3o mais sustent\u00e1vel.<\/p>\n<p>Escolha o <strong>RAZZ BAR 25000 Inala\u00e7\u00f5es<\/strong> at <strong>vapestornado.com<\/strong> para uma solu\u00e7\u00e3o de vaporiza\u00e7\u00e3o premium que oferece valor, inova\u00e7\u00e3o e sabor excecionais em cada baforada!<\/p>\n<\/div>\n<\/div>\n<h2>Perguntas Frequentes Sobre o RAZZ BAR VAPE 25000 Puffs<\/h2>\n<p><strong>1. Quanto tempo dura o RAZZ BAR 25000 Puffs?<\/strong><br \/>\nO RAZZ BAR 25000 Puffs fornece at\u00e9 25.000 baforadas, o que o torna um dos vapes descart\u00e1veis mais dur\u00e1veis dispon\u00edveis. A sua longevidade depende dos h\u00e1bitos de utiliza\u00e7\u00e3o individuais, mas geralmente dura v\u00e1rias semanas ou mesmo meses para utilizadores moderados.<\/p>\n<p><strong>2. Posso recarregar o vape RAZZ BAR 25000 puffs v\u00e1rias vezes?<\/strong><br \/>\nSim, o RAZZ BAR est\u00e1 equipado com uma bateria recarreg\u00e1vel de 650mAh que pode ser recarregada v\u00e1rias vezes. Foi projetado para garantir um desempenho consistente ao longo da sua vida \u00fatil, para que o possa usar at\u00e9 o e-l\u00edquido acabar completamente.<\/p>\n<p><strong>3. O cabo de carregamento Tipo-C est\u00e1 inclu\u00eddo com o RAZZ BAR 25k puff?<\/strong><br \/>\nO RAZZ BAR vem com uma porta de carregamento Tipo-C integrada, permitindo um carregamento conveniente e r\u00e1pido. No entanto, o pacote n\u00e3o inclui um cabo de carregamento, por isso precisar\u00e1 de usar um cabo Tipo-C padr\u00e3o para recarregar.<\/p>\n<p><strong>4. Qual \u00e9 a melhor forma de manter o desempenho ideal para o 25000 Puffs Vape Para RAZZ BAR?<\/strong><br \/>\nPara manter o RAZZ BAR a funcionar no seu melhor, carregue-o regularmente usando um cabo Tipo-C e evite sobrecarregar a bateria. Guarde o dispositivo num local fresco e seco, longe do calor ou da luz solar direta. Certifique-se de que a porta de carregamento permanece limpa e livre de poeira. Al\u00e9m disso, permita que o dispositivo descanse entre sess\u00f5es longas de vapor para evitar o sobreaquecimento.<\/p>","protected":false},"excerpt":{"rendered":"<p><strong>Vape RAZZ BAR 25000 Puffs Venda a Retalho<\/strong> a pre\u00e7os imbat\u00edveis. Oferecendo 16 sabores premium, bateria recarreg\u00e1vel de 650mAh e 25.000 inala\u00e7\u00f5es para uma satisfa\u00e7\u00e3o duradoura!<\/p>\n<figure id=\"attachment_2951\" aria-describedby=\"caption-attachment-2951\" style=\"width: 265px\" class=\"wp-caption alignnone\"><img decoding=\"async\" class=\"size-medium wp-image-2951\" src=\"https:\/\/vapestornado.com\/wp-content\/uploads\/2024\/12\/Wholesale-Disposable-Vape-265x300.jpg\" alt=\"Vape Descart\u00e1vel por Grosso\" width=\"265\" height=\"300\" srcset=\"https:\/\/vapestornado.com\/wp-content\/uploads\/2024\/12\/Wholesale-Disposable-Vape-265x300.jpg 265w, https:\/\/vapestornado.com\/wp-content\/uploads\/2024\/12\/Wholesale-Disposable-Vape-768x871.jpg 768w, https:\/\/vapestornado.com\/wp-content\/uploads\/2024\/12\/Wholesale-Disposable-Vape-600x680.jpg 600w, https:\/\/vapestornado.com\/wp-content\/uploads\/2024\/12\/Wholesale-Disposable-Vape.jpg 823w\" sizes=\"(max-width: 265px) 100vw, 265px\" \/><figcaption id=\"caption-attachment-2951\" class=\"wp-caption-text\">Por favor, contacte o WhatsApp da Mandy para pre\u00e7o com desconto\u00a0 <a href=\"https:\/\/wa.me\/8618077105796\">+8618077105796<\/a><\/figcaption><\/figure>\n<p>&nbsp;<\/p>","protected":false},"featured_media":3687,"comment_status":"open","ping_status":"closed","template":"","meta":{"_acf_changed":false,"_uag_custom_page_level_css":"","_lmt_disableupdate":"no","_lmt_disable":"","_monsterinsights_skip_tracking":false,"_monsterinsights_sitenote_active":false,"_monsterinsights_sitenote_note":"","_monsterinsights_sitenote_category":0,"site-sidebar-layout":"default","site-content-layout":"","ast-site-content-layout":"default","site-content-style":"default","site-sidebar-style":"default","ast-global-header-display":"","ast-banner-title-visibility":"","ast-main-header-display":"","ast-hfb-above-header-display":"","ast-hfb-below-header-display":"","ast-hfb-mobile-header-display":"","site-post-title":"","ast-breadcrumbs-content":"","ast-featured-img":"","footer-sml-layout":"","ast-disable-related-posts":"","theme-transparent-header-meta":"default","adv-header-id-meta":"","stick-header-meta":"","header-above-stick-meta":"","header-main-stick-meta":"","header-below-stick-meta":"","astra-migrate-meta-layouts":"set","ast-page-background-enabled":"default","ast-page-background-meta":{"desktop":{"background-color":"","background-image":"","background-repeat":"repeat","background-position":"center center","background-size":"auto","background-attachment":"scroll","background-type":"","background-media":"","overlay-type":"","overlay-color":"","overlay-opacity":"","overlay-gradient":""},"tablet":{"background-color":"","background-image":"","background-repeat":"repeat","background-position":"center center","background-size":"auto","background-attachment":"scroll","background-type":"","background-media":"","overlay-type":"","overlay-color":"","overlay-opacity":"","overlay-gradient":""},"mobile":{"background-color":"","background-image":"","background-repeat":"repeat","background-position":"center center","background-size":"auto","background-attachment":"scroll","background-type":"","background-media":"","overlay-type":"","overlay-color":"","overlay-opacity":"","overlay-gradient":""}},"ast-content-background-meta":{"desktop":{"background-color":"var(--ast-global-color-5)","background-image":"","background-repeat":"repeat","background-position":"center center","background-size":"auto","background-attachment":"scroll","background-type":"","background-media":"","overlay-type":"","overlay-color":"","overlay-opacity":"","overlay-gradient":""},"tablet":{"background-color":"var(--ast-global-color-5)","background-image":"","background-repeat":"repeat","background-position":"center center","background-size":"auto","background-attachment":"scroll","background-type":"","background-media":"","overlay-type":"","overlay-color":"","overlay-opacity":"","overlay-gradient":""},"mobile":{"background-color":"var(--ast-global-color-5)","background-image":"","background-repeat":"repeat","background-position":"center center","background-size":"auto","background-attachment":"scroll","background-type":"","background-media":"","overlay-type":"","overlay-color":"","overlay-opacity":"","overlay-gradient":""}},"_joinchat":{"telephone":"+8618077105796"}},"product_brand":[],"product_cat":[68,149,153,158,146],"product_tag":[97,228],"class_list":{"0":"post-3661","1":"product","2":"type-product","3":"status-publish","4":"has-post-thumbnail","6":"product_cat-25000-puff","7":"product_cat-buy-disposable-vapes-in-austria","8":"product_cat-buy-disposable-vapes-in-italy","9":"product_cat-buy-disposable-vapes-in-spain","10":"product_cat-rechargeable-disposable-vapes","11":"product_tag-hot-sale-disposable-vape","12":"product_tag-razz-bar-25000-puffs","13":"desktop-align-left","14":"tablet-align-left","15":"mobile-align-left","17":"first","18":"instock","19":"sale","20":"shipping-taxable","21":"purchasable","22":"product-type-simple"},"acf":[],"uagb_featured_image_src":{"full":["https:\/\/vapestornado.com\/wp-content\/uploads\/2025\/01\/RAZZ-BAR-25000-Puffs-Black-Dragon-ice-GEEK-BAR.webp",800,800,false],"thumbnail":["https:\/\/vapestornado.com\/wp-content\/uploads\/2025\/01\/RAZZ-BAR-25000-Puffs-Black-Dragon-ice-GEEK-BAR-150x150.webp",150,150,true],"medium":["https:\/\/vapestornado.com\/wp-content\/uploads\/2025\/01\/RAZZ-BAR-25000-Puffs-Black-Dragon-ice-GEEK-BAR-300x300.webp",300,300,true],"medium_large":["https:\/\/vapestornado.com\/wp-content\/uploads\/2025\/01\/RAZZ-BAR-25000-Puffs-Black-Dragon-ice-GEEK-BAR-768x768.webp",768,768,true],"large":["https:\/\/vapestornado.com\/wp-content\/uploads\/2025\/01\/RAZZ-BAR-25000-Puffs-Black-Dragon-ice-GEEK-BAR.webp",800,800,false],"1536x1536":["https:\/\/vapestornado.com\/wp-content\/uploads\/2025\/01\/RAZZ-BAR-25000-Puffs-Black-Dragon-ice-GEEK-BAR.webp",800,800,false],"2048x2048":["https:\/\/vapestornado.com\/wp-content\/uploads\/2025\/01\/RAZZ-BAR-25000-Puffs-Black-Dragon-ice-GEEK-BAR.webp",800,800,false],"trp-custom-language-flag":["https:\/\/vapestornado.com\/wp-content\/uploads\/2025\/01\/RAZZ-BAR-25000-Puffs-Black-Dragon-ice-GEEK-BAR.webp",12,12,false],"woocommerce_thumbnail":["https:\/\/vapestornado.com\/wp-content\/uploads\/2025\/01\/RAZZ-BAR-25000-Puffs-Black-Dragon-ice-GEEK-BAR-300x300.webp",300,300,true],"woocommerce_single":["https:\/\/vapestornado.com\/wp-content\/uploads\/2025\/01\/RAZZ-BAR-25000-Puffs-Black-Dragon-ice-GEEK-BAR-600x600.webp",600,600,true],"woocommerce_gallery_thumbnail":["https:\/\/vapestornado.com\/wp-content\/uploads\/2025\/01\/RAZZ-BAR-25000-Puffs-Black-Dragon-ice-GEEK-BAR-100x100.webp",100,100,true]},"uagb_author_info":{"display_name":"ESMANDY","author_link":"https:\/\/vapestornado.com\/pt\/author\/"},"uagb_comment_info":0,"uagb_excerpt":"RAZZ BAR 25000 Puffs Wholesale Vape at unbeatable prices. Offering 16 premium flavors, 650mAh rechargeable battery, and 25,000 puffs for long-lasting satisfaction! [caption id=\"attachment_2951\" align=\"alignnone\" width=\"265\"] Pls Contact Mandy's WhatsApp For Discount Price\u00a0 +8618077105796[\/caption] &nbsp;","_links":{"self":[{"href":"https:\/\/vapestornado.com\/pt\/wp-json\/wp\/v2\/product\/3661","targetHints":{"allow":["GET"]}}],"collection":[{"href":"https:\/\/vapestornado.com\/pt\/wp-json\/wp\/v2\/product"}],"about":[{"href":"https:\/\/vapestornado.com\/pt\/wp-json\/wp\/v2\/types\/product"}],"replies":[{"embeddable":true,"href":"https:\/\/vapestornado.com\/pt\/wp-json\/wp\/v2\/comments?post=3661"}],"wp:featuredmedia":[{"embeddable":true,"href":"https:\/\/vapestornado.com\/pt\/wp-json\/wp\/v2\/media\/3687"}],"wp:attachment":[{"href":"https:\/\/vapestornado.com\/pt\/wp-json\/wp\/v2\/media?parent=3661"}],"wp:term":[{"taxonomy":"product_brand","embeddable":true,"href":"https:\/\/vapestornado.com\/pt\/wp-json\/wp\/v2\/product_brand?post=3661"},{"taxonomy":"product_cat","embeddable":true,"href":"https:\/\/vapestornado.com\/pt\/wp-json\/wp\/v2\/product_cat?post=3661"},{"taxonomy":"product_tag","embeddable":true,"href":"https:\/\/vapestornado.com\/pt\/wp-json\/wp\/v2\/product_tag?post=3661"}],"curies":[{"name":"wp","href":"https:\/\/api.w.org\/{rel}","templated":true}]}}