{"id":3624,"date":"2025-01-02T07:15:34","date_gmt":"2025-01-02T07:15:34","guid":{"rendered":"https:\/\/vapestornado.com\/?post_type=product&#038;p=3624"},"modified":"2025-08-23T11:39:50","modified_gmt":"2025-08-23T11:39:50","slug":"vozol-star-20000-puffs-disposable-vape-2-low-nicotine-bulk-buy-wholesale-cheap-price","status":"publish","type":"product","link":"https:\/\/vapestornado.com\/pt\/product\/vozol-star-20000-puffs-disposable-vape-2-low-nicotine-bulk-buy-wholesale-cheap-price\/","title":{"rendered":"VOZOL Star 20000 Puffs Vaporizador Descart\u00e1vel 2% Baixo Teor de Nicotina Compra a Granel por Grosso Pre\u00e7o Barato"},"content":{"rendered":"<h1 class=\"product-title\">VOZOL Star 20000 Puffs Vaporizador Descart\u00e1vel 2% Baixo Teor de Nicotina Compra a Granel por Grosso Pre\u00e7o Barato<\/h1>\n<p data-start=\"197\" data-end=\"530\">O <strong data-start=\"201\" data-end=\"243\">VOZOL Star 20000 Puffs Vape Descart\u00e1vel<\/strong> \u00e9 um dispositivo inovador constru\u00eddo para vapers e <strong data-start=\"289\" data-end=\"315\">distribuidores grossistas<\/strong> que querem algo \u00fanico na prateleira. Sendo o primeiro descart\u00e1vel do mundo com um <strong data-start=\"395\" data-end=\"421\">ecr\u00e3 espelhado HD de 2,2\u201d<\/strong>, oferece um design futurista e funcionalidade pr\u00e1tica, destacando-se em qualquer linha de retalho.<\/p>\n<p data-start=\"532\" data-end=\"840\">Com at\u00e9 <strong data-start=\"543\" data-end=\"559\">20.000 puffs<\/strong>, o Star \u00e9 alimentado por um <strong data-start=\"586\" data-end=\"617\">bateria recarreg\u00e1vel de 650mAh<\/strong> e <strong data-start=\"624\" data-end=\"657\">dep\u00f3sito de e-l\u00edquido pr\u00e9-cheio de 24 ml<\/strong>, garantindo um desempenho prolongado. O <strong data-start=\"694\" data-end=\"719\">sistema de bobina de malha dupla<\/strong> produz um sabor rico e nuvens densas, enquanto as defini\u00e7\u00f5es ajust\u00e1veis permitem aos utilizadores personalizar as suas sess\u00f5es de vaping.<\/p>\n<p data-start=\"842\" data-end=\"1136\">O <strong data-start=\"846\" data-end=\"874\">ecr\u00e3 a cores interativo<\/strong> mostra a contagem de puffs, o n\u00edvel da bateria e o e-l\u00edquido restante em tempo real, dando aos clientes controlo total sobre a sua experi\u00eancia. O seu acabamento elegante e moderno torna-o particularmente apelativo para as faixas et\u00e1rias mais jovens na Alemanha, Fran\u00e7a, Espanha e outros mercados da UE.<\/p>\n<p data-start=\"1138\" data-end=\"1324\">Para grossistas, o <strong data-start=\"1159\" data-end=\"1177\">VOZOL Star 20K<\/strong> combina funcionalidades avan\u00e7adas, utiliza\u00e7\u00e3o duradoura e pre\u00e7os competitivos a granel, tornando-o um vape descart\u00e1vel de venda forte para distribui\u00e7\u00e3o europeia.<\/p>\n<p><strong>Encomendar VOZOL Star 20000 Vape Descart\u00e1vel<\/strong> online em <strong>vapestornado loja de vape online<\/strong>\u00a0e desfrute de servi\u00e7os de entrega \u00fanicos em <strong>Alemanha<\/strong>, <strong>Pa\u00edses Baixos<\/strong>, <strong>Fran\u00e7a<\/strong>, <strong>It\u00e1lia<\/strong>, <strong>Espanha<\/strong>, <strong>Portugal<\/strong>, <strong>Su\u00e9cia<\/strong>, <strong>Pol\u00f3nia<\/strong>, <strong>B\u00e9lgica<\/strong>, <strong>\u00c1ustria<\/strong>, <strong>Noruega<\/strong>, <strong>Dinamarca<\/strong>, <strong>Finl\u00e2ndia<\/strong>, <strong>Portugal<\/strong>, <strong>Hungria<\/strong>, e mais.<\/p>\n<p>&nbsp;<\/p>\n<p><span style=\"color: #ff0000;\"><strong>Adicione o Whatsapp da Amy e obtenha uma resposta r\u00e1pida e um cup\u00e3o de vape!<\/strong><\/span><\/p>\n<p><img fetchpriority=\"high\" decoding=\"async\" class=\"size-full wp-image-2932\" src=\"https:\/\/vapestornado.com\/wp-content\/uploads\/2024\/12\/Vape-Wholesale.jpg\" alt=\"Vape Atacado\" width=\"229\" height=\"300\" \/><\/p>\n<h3><a href=\"https:\/\/wa.me\/8617776015835\" target=\"_blank\" rel=\"noopener\"><span style=\"color: #ff0000;\"><strong>WhatsApp: +86 17776015835<\/strong><\/span><\/a><\/h3>\n<p>&nbsp;<\/p>\n<h2 class=\"product-title\"><strong>Caracter\u00edsticas do Produto VOZOL Star 20000<\/strong><\/h2>\n<div role=\"article\" data-tabster=\"{&quot;groupper&quot;:{&quot;tabbability&quot;:2},&quot;focusable&quot;:{}}\" data-content=\"ai-message\" aria-labelledby=\"juhNTJ6o7Gk1cgwZMJgv2-author juhNTJ6o7Gk1cgwZMJgv2-content\">\n<div id=\"juhNTJ6o7Gk1cgwZMJgv2-content\">\n<div role=\"article\" data-tabster=\"{&quot;groupper&quot;:{&quot;tabbability&quot;:2},&quot;focusable&quot;:{}}\" data-content=\"ai-message\" aria-labelledby=\"x4EZuCZWrTbh3weWUt7CU-author x4EZuCZWrTbh3weWUt7CU-content\">\n<div id=\"x4EZuCZWrTbh3weWUt7CU-content\">\n<div class=\"flex max-w-full flex-col flex-grow\">\n<div class=\"min-h-8 text-message flex w-full flex-col items-end gap-2 whitespace-normal break-words text-start [.text-message+&amp;]:mt-5\" dir=\"auto\" data-message-author-role=\"assistant\" data-message-id=\"52c6e00a-252f-4104-805d-2f1a84739c71\" data-message-model-slug=\"gpt-4o\">\n<div class=\"flex w-full flex-col gap-1 empty:hidden first:pt-[3px]\">\n<div class=\"markdown prose w-full break-words dark:prose-invert light\">\n<p>&nbsp;<\/p>\n<ol>\n<li><strong>Ecr\u00e3 HD Espelhado de 2,2\u2033<\/strong>: Ecr\u00e3 claro e interativo para f\u00e1cil acompanhamento das estat\u00edsticas de vaporiza\u00e7\u00e3o.<\/li>\n<li><strong>Tecnologia de Bobina de Malha Dupla<\/strong>: Melhora a intensidade do sabor e garante uma produ\u00e7\u00e3o de vapor consistente.<\/li>\n<li><strong>At\u00e9 20.000 Inala\u00e7\u00f5es<\/strong>: Experi\u00eancia de vaporiza\u00e7\u00e3o de longa dura\u00e7\u00e3o com desempenho personaliz\u00e1vel.<\/li>\n<li><strong>Bateria Recarreg\u00e1vel de 650mAh<\/strong>: Carregamento r\u00e1pido para uso prolongado com tempo de inatividade m\u00ednimo.<\/li>\n<li><strong>Capacidade de 24mL de L\u00edquido<\/strong>: Fornece l\u00edquido suficiente para sess\u00f5es prolongadas sem recargas frequentes.<\/li>\n<li><strong>Design Transparente<\/strong>: Visualize o l\u00edquido restante para maior conveni\u00eancia e facilidade de uso.<\/li>\n<\/ol>\n<figure id=\"attachment_3630\" aria-describedby=\"caption-attachment-3630\" style=\"width: 800px\" class=\"wp-caption alignnone\"><img decoding=\"async\" class=\"wp-image-3630 size-full\" src=\"https:\/\/vapestornado.com\/wp-content\/uploads\/2025\/01\/Vozol-Star-20000-Puff-Rechargeable-Disposable-Vape.webp\" alt=\"Vozol Star 20000 Inala\u00e7\u00f5es Vape Descart\u00e1vel Recarreg\u00e1vel\" width=\"800\" height=\"800\" srcset=\"https:\/\/vapestornado.com\/wp-content\/uploads\/2025\/01\/Vozol-Star-20000-Puff-Rechargeable-Disposable-Vape.webp 800w, https:\/\/vapestornado.com\/wp-content\/uploads\/2025\/01\/Vozol-Star-20000-Puff-Rechargeable-Disposable-Vape-300x300.webp 300w, https:\/\/vapestornado.com\/wp-content\/uploads\/2025\/01\/Vozol-Star-20000-Puff-Rechargeable-Disposable-Vape-150x150.webp 150w, https:\/\/vapestornado.com\/wp-content\/uploads\/2025\/01\/Vozol-Star-20000-Puff-Rechargeable-Disposable-Vape-768x768.webp 768w, https:\/\/vapestornado.com\/wp-content\/uploads\/2025\/01\/Vozol-Star-20000-Puff-Rechargeable-Disposable-Vape-600x600.webp 600w, https:\/\/vapestornado.com\/wp-content\/uploads\/2025\/01\/Vozol-Star-20000-Puff-Rechargeable-Disposable-Vape-100x100.webp 100w\" sizes=\"(max-width: 800px) 100vw, 800px\" \/><figcaption id=\"caption-attachment-3630\" class=\"wp-caption-text\">Vozol Star 20000 Inala\u00e7\u00f5es Vape Descart\u00e1vel Recarreg\u00e1vel<\/figcaption><\/figure>\n<\/div>\n<\/div>\n<\/div>\n<\/div>\n<div class=\"mb-2 flex gap-3 empty:hidden -ml-2\"><\/div>\n<\/div>\n<\/div>\n<\/div>\n<\/div>\n<h2 class=\"product-title\"><strong>Sabor Popular para VOZOL Star 20000<\/strong><strong>\u00a0<\/strong><strong>100k<\/strong><\/h2>\n<p>O Vozol Star 20000 oferece uma gama diversificada e entusiasmante de op\u00e7\u00f5es para a sua linha de produtos, atendendo a v\u00e1rias prefer\u00eancias de sabor! Por favor, encontre o sabor popular de acordo com a nossa data de vendas e feedback do cliente.<\/p>\n<p>1. Lim\u00e3o e Menta<br \/>\n2.Bagascada<span style=\"color: #ff0000;\"> <strong>&gt;&gt;&gt; Quente!<\/strong><\/span><br \/>\n3. Morango e Manga<br \/>\n4. Manga Gelo<br \/>\n5. Manga, Anan\u00e1s e Toranja<br \/>\n6. Gelo de Uva<span style=\"color: #ff0000;\"><strong>&gt;&gt;&gt; Quente!<\/strong><\/span><br \/>\n7. P\u00eassego Gelado<br \/>\n8. Lim\u00e3o e Lima<br \/>\n9.Melancia Gelada <span style=\"color: #ff0000;\"><strong>&gt;&gt;&gt; Quente!<\/strong><\/span><br \/>\n10. Pitaia, Banana e Cereja<br \/>\n11. Ma\u00e7\u00e3 Dupla Gelo<br \/>\n12.Limonada de Cereja<br \/>\n13. Melancia Morango<br \/>\n14.Gelo de Framboesa Azul <span style=\"color: #ff0000;\"><strong>&gt;&gt;&gt; Quente!<\/strong><\/span><br \/>\n15.Tempestade de Mirtilo<br \/>\n16.Mojito Azul <span style=\"color: #ff0000;\"><strong>&gt;&gt;&gt; Melhor!<\/strong><\/span><br \/>\n17.Melancia e Framboesa<br \/>\n18.Fogo de Lava<\/p>\n<p>&nbsp;<\/p>\n<div class=\"flex-shrink-0 flex flex-col relative items-end\">\n<div class=\"pt-0\">\n<div class=\"gizmo-bot-avatar flex h-8 w-8 items-center justify-center overflow-hidden rounded-full\">\n<div class=\"relative p-1 rounded-sm flex items-center justify-center bg-token-main-surface-primary text-token-text-primary h-8 w-8\">\n<h2>Perguntas Frequentes sobre VOZOL Star 20k<strong>\u00a0<\/strong>Vape Descart\u00e1vel<\/h2>\n<p>&nbsp;<\/p>\n<ol>\n<li><strong>Quanto tempo dura o VOZOL Star 20000?<\/strong><br \/>\nO VOZOL Star oferece at\u00e9 <strong>20.000 puffs<\/strong>, proporcionando uma experi\u00eancia de longa dura\u00e7\u00e3o para vapers intensos.<\/li>\n<li><strong>Qual \u00e9 o objetivo do ecr\u00e3 HD espelhado de 2,2\u2033?<\/strong><br \/>\nO <strong>ecr\u00e3 espelhado HD de 2.2\u2033<\/strong> exibe informa\u00e7\u00f5es importantes como contagem de baforadas, dura\u00e7\u00e3o da bateria e n\u00edveis de e-l\u00edquido para uma experi\u00eancia interativa e amig\u00e1vel ao utilizador.<\/li>\n<li><strong>Como a tecnologia de bobina de malha dupla melhora a experi\u00eancia de vaporiza\u00e7\u00e3o?<\/strong><br \/>\nO <strong>tecnologia de bobina de malha dupla<\/strong> aumenta a intensidade do sabor e garante uma produ\u00e7\u00e3o de vapor consistente, proporcionando aos utilizadores uma experi\u00eancia mais suave e rica.<\/li>\n<li><strong>O VOZOL Star \u00e9 recarreg\u00e1vel?<\/strong><br \/>\nSim, o dispositivo vem com um <strong>bateria recarreg\u00e1vel de 650mAh<\/strong> e pode ser rapidamente recarregado para minimizar o tempo de inatividade.<\/li>\n<li><strong>Quanto e-l\u00edquido o VOZOL Star comporta?<\/strong><br \/>\nO <strong>VOZOL Star<\/strong> tem uma <strong>capacidade de e-l\u00edquido de 24mL<\/strong>, o que \u00e9 ideal para sess\u00f5es de vaporiza\u00e7\u00e3o prolongadas.<\/li>\n<li><strong>Onde posso comprar o VOZOL Star 20000 Puffs?<\/strong><br \/>\nO <strong>VOZOL Estrela 20000 Puffs<\/strong> est\u00e1 dispon\u00edvel para compra online em <strong>vapestornado<\/strong>, com servi\u00e7os de entrega para v\u00e1rios pa\u00edses europeus, incluindo Portugal. <strong>Alemanha<\/strong>, <strong>Fran\u00e7a<\/strong>, <strong>It\u00e1lia<\/strong>, e mais.<\/li>\n<\/ol>\n<div class=\"flex max-w-full flex-col flex-grow\"><\/div>\n<\/div>\n<\/div>\n<\/div>\n<\/div>\n<div class=\"flex-shrink-0 flex flex-col relative items-end\">\n<div class=\"pt-0\">\n<div class=\"gizmo-bot-avatar flex h-8 w-8 items-center justify-center overflow-hidden rounded-full\">\n<div class=\"relative p-1 rounded-sm flex items-center justify-center bg-token-main-surface-primary text-token-text-primary h-8 w-8\">\n<div class=\"mb-2 flex gap-3 empty:hidden -ml-2\">\n<div role=\"article\" data-tabster=\"{&quot;groupper&quot;:{&quot;tabbability&quot;:2},&quot;focusable&quot;:{}}\" data-content=\"ai-message\" aria-labelledby=\"Vdt5ez4X7Tg813x6rFVha-author Vdt5ez4X7Tg813x6rFVha-content\">\n<div id=\"Vdt5ez4X7Tg813x6rFVha-content\">\n<div role=\"article\" data-tabster=\"{&quot;groupper&quot;:{&quot;tabbability&quot;:2},&quot;focusable&quot;:{}}\" data-content=\"ai-message\" aria-labelledby=\"o968oC7CEo2fGHsGdsRYC-author o968oC7CEo2fGHsGdsRYC-content\">\n<div id=\"o968oC7CEo2fGHsGdsRYC-content\">\n<h2>Porqu\u00ea escolher a vapestornado para a venda por grosso do VOZOL Star 20k Puffs?<\/h2>\n<div class=\"flex-shrink-0 flex flex-col relative items-end\">\n<div class=\"pt-0\">\n<div class=\"gizmo-bot-avatar flex h-8 w-8 items-center justify-center overflow-hidden rounded-full\">\n<div class=\"relative p-1 rounded-sm flex items-center justify-center bg-token-main-surface-primary text-token-text-primary h-8 w-8\">\n<p>Bem-vindo \u00e0 vapestornado, a sua loja de vape online de confian\u00e7a para vapes descart\u00e1veis premium. Com mais de 5 anos de experi\u00eancia, trazemos-lhe marcas populares de vapes descart\u00e1veis, como Fumot RandM Vape, <a href=\"https:\/\/vapestornado.com\/pt\/product-category\/vapme-shisha\/\">Vapme<\/a>, Bang Vape, Waspe Vape e WGA Vape, etc.<\/p>\n<p>A nossa gama inclui vapes de venda quente como o <a href=\"https:\/\/vapestornado.com\/pt\/product\/randm-12000-puffs-fumot-digital-disposable-vape-wholesale-price\/\">RandM Tornado 12000<\/a>, e op\u00e7\u00f5es ricas em sabor como o <a href=\"https:\/\/vapestornado.com\/pt\/product\/wga-crystal-pro-max-extra-15000-puffs-rechargeable-disposable-vape-wholesale-bulk-buy\/\">\u00a0Cristal WGA 15k Puffs<\/a> Cada produto \u00e9 selecionado com foco na qualidade, valor e variedade, garantindo que encontre a combina\u00e7\u00e3o perfeita para as suas necessidades. Descubra um servi\u00e7o excecional e uma vasta gama de produtos de topo com pre\u00e7o de atacado na vapestornado.<\/p>\n<\/div>\n<p>&nbsp;<\/p>\n<p><strong>Outros Vapes Descart\u00e1veis Mais Vendidos<\/strong><\/p>\n<p><a href=\"https:\/\/vapestornado.com\/pt\/product\/vozol-vista-20000-vape-rechargeable-disposable-vape-wholesale-cheap-price\/\">VOZOL VISTA 20000 Puffs <span style=\"color: #ff0000;\"><strong>&gt;&gt;&gt;&gt; Ir !<\/strong><\/span><\/a><\/p>\n<p><a href=\"https:\/\/vapestornado.com\/pt\/product\/vozol-gear-power-20k-20000-puffs-vape-rechargeable-disposable-box-bulk-buy-cheap-price\/\">VOZOL Star 20000<span style=\"color: #ff0000;\"><strong>&gt;&gt;&gt;&gt; Ir !<\/strong><\/span><\/a><\/p>\n<p><a href=\"https:\/\/vapestornado.com\/pt\/product\/puff-25k-bang-king-25000-puffs-rechargeable-disposable-vape-wholesale-bulk-buy\/\">Bang King 25000 <span style=\"color: #ff0000;\"><strong>&gt;&gt;&gt;&gt; Ir !<\/strong><\/span><\/a><\/p>\n<\/div>\n<\/div>\n<\/div>\n<p>&nbsp;<\/p>\n<\/div>\n<\/div>\n<\/div>\n<\/div>\n<\/div>\n<\/div>\n<\/div>\n<\/div>\n<\/div>","protected":false},"excerpt":{"rendered":"<p>VOZOL Star 20000 Puffs 2% Low Nicotine Vape Descart\u00e1vel Venda por Grosso<br \/>\nVOZOL Star 20000 Puff Vape Descart\u00e1vel com Ecr\u00e3 Digital Compra a Granel<br \/>\nVOZOL Star 20k Vape Descart\u00e1vel Recarreg\u00e1vel Pre\u00e7o Baixo<\/p>\n<p><strong>Adicione o WhatsApp da Amy para uma resposta r\u00e1pida e cup\u00e3o de vape!<\/strong><\/p>\n<p><img fetchpriority=\"high\" decoding=\"async\" class=\"size-full wp-image-2932\" src=\"https:\/\/vapestornado.com\/wp-content\/uploads\/2024\/12\/Vape-Wholesale.jpg\" alt=\"Vape Atacado\" width=\"229\" height=\"300\" \/><\/p>\n<h3><a href=\"https:\/\/wa.me\/8617776015835\"><span style=\"color: #ff0000;\"><strong>WhatsApp: +86 17776015835<\/strong><\/span><\/a><\/h3>\n<p>&nbsp;<\/p>","protected":false},"featured_media":3625,"comment_status":"open","ping_status":"closed","template":"","meta":{"_acf_changed":false,"_uag_custom_page_level_css":"","_lmt_disableupdate":"no","_lmt_disable":"","_monsterinsights_skip_tracking":false,"_monsterinsights_sitenote_active":false,"_monsterinsights_sitenote_note":"","_monsterinsights_sitenote_category":0,"site-sidebar-layout":"default","site-content-layout":"","ast-site-content-layout":"default","site-content-style":"default","site-sidebar-style":"default","ast-global-header-display":"","ast-banner-title-visibility":"","ast-main-header-display":"","ast-hfb-above-header-display":"","ast-hfb-below-header-display":"","ast-hfb-mobile-header-display":"","site-post-title":"","ast-breadcrumbs-content":"","ast-featured-img":"","footer-sml-layout":"","ast-disable-related-posts":"","theme-transparent-header-meta":"default","adv-header-id-meta":"","stick-header-meta":"","header-above-stick-meta":"","header-main-stick-meta":"","header-below-stick-meta":"","astra-migrate-meta-layouts":"set","ast-page-background-enabled":"default","ast-page-background-meta":{"desktop":{"background-color":"","background-image":"","background-repeat":"repeat","background-position":"center center","background-size":"auto","background-attachment":"scroll","background-type":"","background-media":"","overlay-type":"","overlay-color":"","overlay-opacity":"","overlay-gradient":""},"tablet":{"background-color":"","background-image":"","background-repeat":"repeat","background-position":"center center","background-size":"auto","background-attachment":"scroll","background-type":"","background-media":"","overlay-type":"","overlay-color":"","overlay-opacity":"","overlay-gradient":""},"mobile":{"background-color":"","background-image":"","background-repeat":"repeat","background-position":"center center","background-size":"auto","background-attachment":"scroll","background-type":"","background-media":"","overlay-type":"","overlay-color":"","overlay-opacity":"","overlay-gradient":""}},"ast-content-background-meta":{"desktop":{"background-color":"var(--ast-global-color-5)","background-image":"","background-repeat":"repeat","background-position":"center center","background-size":"auto","background-attachment":"scroll","background-type":"","background-media":"","overlay-type":"","overlay-color":"","overlay-opacity":"","overlay-gradient":""},"tablet":{"background-color":"var(--ast-global-color-5)","background-image":"","background-repeat":"repeat","background-position":"center center","background-size":"auto","background-attachment":"scroll","background-type":"","background-media":"","overlay-type":"","overlay-color":"","overlay-opacity":"","overlay-gradient":""},"mobile":{"background-color":"var(--ast-global-color-5)","background-image":"","background-repeat":"repeat","background-position":"center center","background-size":"auto","background-attachment":"scroll","background-type":"","background-media":"","overlay-type":"","overlay-color":"","overlay-opacity":"","overlay-gradient":""}},"_joinchat":{"telephone":"+8617776015835"}},"product_brand":[],"product_cat":[69,154,155,157,160,142,146,57],"product_tag":[165,105,97,166,94,222,221,220],"class_list":{"0":"post-3624","1":"product","2":"type-product","3":"status-publish","4":"has-post-thumbnail","6":"product_cat-20000-puff","7":"product_cat-buy-disposable-vapes-in-netherlands","8":"product_cat-buy-disposable-vapes-in-norway","9":"product_cat-buy-disposable-vapes-in-portugal","10":"product_cat-buy-disposable-vapes-in-switzerland","11":"product_cat-digital-box-disposable-vapes","12":"product_cat-rechargeable-disposable-vapes","13":"product_cat-vozol-vape","14":"product_tag-cheap-vapes","15":"product_tag-digital-disposable-vape","16":"product_tag-hot-sale-disposable-vape","17":"product_tag-low-nicotine-vape","18":"product_tag-rechargeable-disposable-vape","19":"product_tag-vozol-gear-power-20000","20":"product_tag-vozol-gear-power-20k","21":"product_tag-vozol-vape","22":"desktop-align-left","23":"tablet-align-left","24":"mobile-align-left","26":"first","27":"instock","28":"sale","29":"shipping-taxable","30":"purchasable","31":"product-type-simple"},"acf":[],"uagb_featured_image_src":{"full":["https:\/\/vapestornado.com\/wp-content\/uploads\/2025\/01\/Vozol-Star-20000-Puff-Disposable-Vape-Love-777-Flavor.webp",800,800,false],"thumbnail":["https:\/\/vapestornado.com\/wp-content\/uploads\/2025\/01\/Vozol-Star-20000-Puff-Disposable-Vape-Love-777-Flavor-150x150.webp",150,150,true],"medium":["https:\/\/vapestornado.com\/wp-content\/uploads\/2025\/01\/Vozol-Star-20000-Puff-Disposable-Vape-Love-777-Flavor-300x300.webp",300,300,true],"medium_large":["https:\/\/vapestornado.com\/wp-content\/uploads\/2025\/01\/Vozol-Star-20000-Puff-Disposable-Vape-Love-777-Flavor-768x768.webp",768,768,true],"large":["https:\/\/vapestornado.com\/wp-content\/uploads\/2025\/01\/Vozol-Star-20000-Puff-Disposable-Vape-Love-777-Flavor.webp",800,800,false],"1536x1536":["https:\/\/vapestornado.com\/wp-content\/uploads\/2025\/01\/Vozol-Star-20000-Puff-Disposable-Vape-Love-777-Flavor.webp",800,800,false],"2048x2048":["https:\/\/vapestornado.com\/wp-content\/uploads\/2025\/01\/Vozol-Star-20000-Puff-Disposable-Vape-Love-777-Flavor.webp",800,800,false],"trp-custom-language-flag":["https:\/\/vapestornado.com\/wp-content\/uploads\/2025\/01\/Vozol-Star-20000-Puff-Disposable-Vape-Love-777-Flavor.webp",12,12,false],"woocommerce_thumbnail":["https:\/\/vapestornado.com\/wp-content\/uploads\/2025\/01\/Vozol-Star-20000-Puff-Disposable-Vape-Love-777-Flavor-300x300.webp",300,300,true],"woocommerce_single":["https:\/\/vapestornado.com\/wp-content\/uploads\/2025\/01\/Vozol-Star-20000-Puff-Disposable-Vape-Love-777-Flavor-600x600.webp",600,600,true],"woocommerce_gallery_thumbnail":["https:\/\/vapestornado.com\/wp-content\/uploads\/2025\/01\/Vozol-Star-20000-Puff-Disposable-Vape-Love-777-Flavor-100x100.webp",100,100,true]},"uagb_author_info":{"display_name":"ESAMY","author_link":"https:\/\/vapestornado.com\/pt\/author\/"},"uagb_comment_info":0,"uagb_excerpt":"VOZOL Star 20000 Puffs 2% Low Nicotine Disposable Vape Wholesale VOZOL Star 20000 Puff \u00a0Digital Display Disposable Vape Bulk Buy VOZOL Star 20k Rechargeable Disposable Vape Cheap Price Add Amy's whatsapp get right reply and vape coupon! WhatsApp: +86 17776015835 &nbsp;","_links":{"self":[{"href":"https:\/\/vapestornado.com\/pt\/wp-json\/wp\/v2\/product\/3624","targetHints":{"allow":["GET"]}}],"collection":[{"href":"https:\/\/vapestornado.com\/pt\/wp-json\/wp\/v2\/product"}],"about":[{"href":"https:\/\/vapestornado.com\/pt\/wp-json\/wp\/v2\/types\/product"}],"replies":[{"embeddable":true,"href":"https:\/\/vapestornado.com\/pt\/wp-json\/wp\/v2\/comments?post=3624"}],"wp:featuredmedia":[{"embeddable":true,"href":"https:\/\/vapestornado.com\/pt\/wp-json\/wp\/v2\/media\/3625"}],"wp:attachment":[{"href":"https:\/\/vapestornado.com\/pt\/wp-json\/wp\/v2\/media?parent=3624"}],"wp:term":[{"taxonomy":"product_brand","embeddable":true,"href":"https:\/\/vapestornado.com\/pt\/wp-json\/wp\/v2\/product_brand?post=3624"},{"taxonomy":"product_cat","embeddable":true,"href":"https:\/\/vapestornado.com\/pt\/wp-json\/wp\/v2\/product_cat?post=3624"},{"taxonomy":"product_tag","embeddable":true,"href":"https:\/\/vapestornado.com\/pt\/wp-json\/wp\/v2\/product_tag?post=3624"}],"curies":[{"name":"wp","href":"https:\/\/api.w.org\/{rel}","templated":true}]}}