{"id":3614,"date":"2025-01-02T03:10:17","date_gmt":"2025-01-02T03:10:17","guid":{"rendered":"https:\/\/vapestornado.com\/?post_type=product&#038;p=3614"},"modified":"2025-08-23T12:23:25","modified_gmt":"2025-08-23T12:23:25","slug":"vozol-gear-power-20k-20000-puffs-vape-rechargeable-disposable-box-bulk-buy-cheap-price","status":"publish","type":"product","link":"https:\/\/vapestornado.com\/pt\/product\/vozol-gear-power-20k-20000-puffs-vape-rechargeable-disposable-box-bulk-buy-cheap-price\/","title":{"rendered":"Vozol Gear Power 20K 20000 Puffs Vape Descart\u00e1vel Recarreg\u00e1vel Caixa Compra a Granel Pre\u00e7o Barato"},"content":{"rendered":"<h1 class=\"product-title\">Vozol Gear Power 20K 20000 Puffs Vape Descart\u00e1vel Recarreg\u00e1vel Caixa Compra a Granel Pre\u00e7o Barato<\/h1>\n<p>O VOZOL GEAR POWER 20k vem pr\u00e9-carregado com uns impressionantes <strong>20 mL de e-l\u00edquido<\/strong>, tornando-o ideal at\u00e9 para os utilizadores mais ass\u00edduos, durando mais de uma semana. Oferece <strong>tr\u00eas op\u00e7\u00f5es de for\u00e7a de nicotina<\/strong>\u20140 mg, 20 mg e 50 mg\u2014e est\u00e1 dispon\u00edvel em <strong>20 sabores \u00fanicos<\/strong>, atendendo a uma ampla gama de prefer\u00eancias.<\/p>\n<p>O dispositivo apresenta um <strong>bateria recarreg\u00e1vel de 650 mAh<\/strong>, garantindo um desempenho consistente. Carrega rapidamente via USB-C e inclui <strong>bobinas duplas de malha com tecnologia S.i.L.C (Suave, Id\u00eantico, Duradouro, Limpo)<\/strong>, proporcionando uma experi\u00eancia de vaping suave e consistente com sabor e produ\u00e7\u00e3o de vapor aprimorados.<\/p>\n<p>Projetado para versatilidade, o GEAR POWER oferece dois modos de pot\u00eancia. <strong>Modo ECO<\/strong> oferece at\u00e9 <strong>20.000 puffs<\/strong>, ideal para uso prolongado, enquanto o <strong>Modo POWER<\/strong> prioriza um sabor mais rico e vapor mais denso, proporcionando cerca de <strong>12.000 puffs<\/strong>.<\/p>\n<p>O ecr\u00e3 intuitivo <strong>ecr\u00e3 LED<\/strong> mostra o modo atual, a percentagem de bateria restante e o n\u00edvel de e-l\u00edquido, facilitando a monitoriza\u00e7\u00e3o do uso. Para maior higiene, o dispositivo vem com uma <strong>tampa de silicone<\/strong> para proteger o bocal quando n\u00e3o estiver a ser utilizado.<\/p>\n<p>Combinando desempenho excecional, conveni\u00eancia e um design elegante, o VOZOL GEAR POWER \u00e9 a escolha perfeita para vapers que procuram um dispositivo descart\u00e1vel fi\u00e1vel e de alta qualidade.<\/p>\n<p>&nbsp;<\/p>\n<p><span style=\"color: #ff0000;\"><strong>Adicione o Whatsapp da Amy e obtenha uma resposta r\u00e1pida e um cup\u00e3o de vape!<\/strong><\/span><\/p>\n<p><img fetchpriority=\"high\" decoding=\"async\" class=\"size-full wp-image-2932\" src=\"https:\/\/vapestornado.com\/wp-content\/uploads\/2024\/12\/Vape-Wholesale.jpg\" alt=\"Vape Atacado\" width=\"229\" height=\"300\" \/><\/p>\n<h3><a href=\"https:\/\/wa.me\/8617776015835\" target=\"_blank\" rel=\"noopener\"><span style=\"color: #ff0000;\"><strong>WhatsApp: +86 17776015835<\/strong><\/span><\/a><\/h3>\n<p>&nbsp;<\/p>\n<h2 class=\"product-title\"><strong>Caracter\u00edsticas do Produto VOZOL Gear Power 20K<\/strong><\/h2>\n<div role=\"article\" data-tabster=\"{&quot;groupper&quot;:{&quot;tabbability&quot;:2},&quot;focusable&quot;:{}}\" data-content=\"ai-message\" aria-labelledby=\"juhNTJ6o7Gk1cgwZMJgv2-author juhNTJ6o7Gk1cgwZMJgv2-content\">\n<div id=\"juhNTJ6o7Gk1cgwZMJgv2-content\">\n<div role=\"article\" data-tabster=\"{&quot;groupper&quot;:{&quot;tabbability&quot;:2},&quot;focusable&quot;:{}}\" data-content=\"ai-message\" aria-labelledby=\"x4EZuCZWrTbh3weWUt7CU-author x4EZuCZWrTbh3weWUt7CU-content\">\n<div id=\"x4EZuCZWrTbh3weWUt7CU-content\">\n<div class=\"flex max-w-full flex-col flex-grow\">\n<div class=\"min-h-8 text-message flex w-full flex-col items-end gap-2 whitespace-normal break-words text-start [.text-message+&amp;]:mt-5\" dir=\"auto\" data-message-author-role=\"assistant\" data-message-id=\"52c6e00a-252f-4104-805d-2f1a84739c71\" data-message-model-slug=\"gpt-4o\">\n<div class=\"flex w-full flex-col gap-1 empty:hidden first:pt-[3px]\">\n<div class=\"markdown prose w-full break-words dark:prose-invert light\">\n<p>&nbsp;<\/p>\n<ul>\n<li><strong>Capacidade Enorme de L\u00edquido<\/strong>: Pr\u00e9-cheio com 20 mL de e-l\u00edquido, dura mais de uma semana, mesmo para utilizadores frequentes.<\/li>\n<li><strong>Op\u00e7\u00f5es de Nicotina<\/strong>: Dispon\u00edvel em <strong>0, 20 e 50 mg<\/strong> de concentra\u00e7\u00f5es em 20 sabores \u00fanicos.<\/li>\n<li><strong>Bateria Recarreg\u00e1vel<\/strong>: Inclui uma bateria de 650 mAh, recarreg\u00e1vel via USB-C.<\/li>\n<li><strong>Bobinas Avan\u00e7adas<\/strong>: Bobinas duplas de malha com a <strong>tecnologia S.i.L.C<\/strong> garantem baforadas suaves e consistentes.<\/li>\n<\/ul>\n<p><strong>Modos de Pot\u00eancia Dupla para Versatilidade<\/strong><\/p>\n<ul>\n<li><strong>Modo ECO<\/strong>: Oferece at\u00e9 <strong>20.000 puffs<\/strong> para uma utiliza\u00e7\u00e3o prolongada.<\/li>\n<li><strong>Modo POWER<\/strong>: Proporciona um sabor mais rico e vapor mais denso, com cerca de <strong>12.000 puffs<\/strong>.<\/li>\n<\/ul>\n<\/div>\n<\/div>\n<\/div>\n<\/div>\n<div class=\"mb-2 flex gap-3 empty:hidden -ml-2\">\n<figure id=\"attachment_3610\" aria-describedby=\"caption-attachment-3610\" style=\"width: 1000px\" class=\"wp-caption alignnone\"><img decoding=\"async\" class=\"wp-image-3610 size-full\" src=\"https:\/\/vapestornado.com\/wp-content\/uploads\/2025\/01\/VOZOL-Gear-Power-20000-Disposable-Bulk-Buy.jpg\" alt=\"Compra a Granel do Descart\u00e1vel VOZOL Gear Power 20000\" width=\"1000\" height=\"1000\" srcset=\"https:\/\/vapestornado.com\/wp-content\/uploads\/2025\/01\/VOZOL-Gear-Power-20000-Disposable-Bulk-Buy.jpg 1000w, https:\/\/vapestornado.com\/wp-content\/uploads\/2025\/01\/VOZOL-Gear-Power-20000-Disposable-Bulk-Buy-300x300.jpg 300w, https:\/\/vapestornado.com\/wp-content\/uploads\/2025\/01\/VOZOL-Gear-Power-20000-Disposable-Bulk-Buy-150x150.jpg 150w, https:\/\/vapestornado.com\/wp-content\/uploads\/2025\/01\/VOZOL-Gear-Power-20000-Disposable-Bulk-Buy-768x768.jpg 768w, https:\/\/vapestornado.com\/wp-content\/uploads\/2025\/01\/VOZOL-Gear-Power-20000-Disposable-Bulk-Buy-600x600.jpg 600w, https:\/\/vapestornado.com\/wp-content\/uploads\/2025\/01\/VOZOL-Gear-Power-20000-Disposable-Bulk-Buy-100x100.jpg 100w\" sizes=\"(max-width: 1000px) 100vw, 1000px\" \/><figcaption id=\"caption-attachment-3610\" class=\"wp-caption-text\">Compra a Granel do Descart\u00e1vel VOZOL Gear Power 20000<\/figcaption><\/figure>\n<\/div>\n<\/div>\n<\/div>\n<\/div>\n<\/div>\n<h2 class=\"product-title\"><strong>Sabores Populares para o VOZOL Gear Power 20000<\/strong><strong>\u00a0<\/strong><strong>100k<\/strong><\/h2>\n<p>O Vozol Star 20000 oferece uma gama diversificada e entusiasmante de op\u00e7\u00f5es para a sua linha de produtos, atendendo a v\u00e1rias prefer\u00eancias de sabor! Por favor, encontre o sabor popular de acordo com a nossa data de vendas e feedback do cliente.<\/p>\n<p>1. Lim\u00e3o e Menta<br \/>\n2.Bagascada <span style=\"color: #ff0000;\"><strong>&gt;&gt;&gt; Quente!<\/strong><\/span><br \/>\n3. Morango e Manga<br \/>\n4. Manga Gelo<br \/>\n5. Manga, Anan\u00e1s e Toranja<br \/>\n6. Gelo de Uva<span style=\"color: #ff0000;\"><strong>&gt;&gt;&gt; Quente!<\/strong><\/span><br \/>\n7. P\u00eassego Gelado<br \/>\n8. Lim\u00e3o e Lima<br \/>\n9.Melancia Gelada<br \/>\n10. Pitaia, Banana e Cereja <span style=\"color: #ff0000;\"><strong>&gt;&gt;&gt; Quente!<\/strong><\/span><br \/>\n11. Ma\u00e7\u00e3 Dupla Gelo<br \/>\n12.Limonada de Cereja<br \/>\n13. Melancia Morango<br \/>\n14.Gelo de Framboesa Azul <span style=\"color: #ff0000;\"><strong>&gt;&gt;&gt; Melhor!<\/strong><\/span><br \/>\n15.Tempestade de Mirtilo<br \/>\n16.Mojito Azul <span style=\"color: #ff0000;\"><strong>&gt;&gt;&gt; Quente!<\/strong><\/span><br \/>\n17.Melancia e Framboesa<br \/>\n18.Fogo de Lava<\/p>\n<div class=\"flex-shrink-0 flex flex-col relative items-end\">\n<div class=\"pt-0\">\n<div class=\"gizmo-bot-avatar flex h-8 w-8 items-center justify-center overflow-hidden rounded-full\">\n<div class=\"relative p-1 rounded-sm flex items-center justify-center bg-token-main-surface-primary text-token-text-primary h-8 w-8\">\n<h2>FAQs para o VOZOL Gear Power 20K<strong>\u00a0<\/strong>Vape Descart\u00e1vel<\/h2>\n<p>&nbsp;<\/p>\n<div class=\"flex max-w-full flex-col flex-grow\">\n<div class=\"min-h-8 text-message flex w-full flex-col items-end gap-2 whitespace-normal break-words text-start [.text-message+&amp;]:mt-5\" dir=\"auto\" data-message-author-role=\"assistant\" data-message-id=\"4dc48248-df95-45bd-b800-6dedb43cf7f1\" data-message-model-slug=\"gpt-4o\">\n<div class=\"flex w-full flex-col gap-1 empty:hidden first:pt-[3px]\">\n<div class=\"markdown prose w-full break-words dark:prose-invert light\">\n<ol>\n<li><strong>Quanto tempo dura o VOZOL GEAR POWER?<\/strong><br \/>\nO VOZOL GEAR POWER oferece at\u00e9 <strong>20.000 puffs<\/strong> em Modo ECO e cerca de <strong>12.000 puffs<\/strong> em Modo POWER, dependendo dos h\u00e1bitos de utiliza\u00e7\u00e3o. Com a sua capacidade de 20 mL de e-l\u00edquido, pode durar mais de uma semana para utilizadores intensivos.<\/li>\n<li><strong>Que concentra\u00e7\u00f5es de nicotina est\u00e3o dispon\u00edveis para o VOZOL GEAR POWER 20k?<\/strong><br \/>\nO GEAR POWER 20k est\u00e1 dispon\u00edvel em <strong>0 mg, 20 mg e 50 mg de nicotina<\/strong>, tornando-o adequado para v\u00e1rias prefer\u00eancias e necessidades de nicotina.<\/li>\n<li><strong>Posso recarregar o GEAR POWER e como o fa\u00e7o?<\/strong><br \/>\nSim, o dispositivo possui uma <strong>bateria recarreg\u00e1vel de 650 mAh<\/strong>. Pode ser facilmente recarregado usando um <strong>cabo USB-C<\/strong>, garantindo uma utiliza\u00e7\u00e3o ininterrupta.<\/li>\n<li><strong>Quais sabores est\u00e3o dispon\u00edveis para o VOZOL GEAR POWER 20000?<\/strong><br \/>\nO GEAR POWER est\u00e1 dispon\u00edvel em <strong>20 sabores \u00fanicos<\/strong>, variando de frutados e doces a cl\u00e1ssicos e intensos, atendendo a uma ampla gama de prefer\u00eancias de sabor.<\/li>\n<li><strong>Como o VOZOL 20000 garante sabor consistente e produ\u00e7\u00e3o de vapor?<\/strong><br \/>\nO dispositivo est\u00e1 equipado com <strong>bobinas de malha dupla e tecnologia S.i.L.C (Suave, Id\u00eantico, Duradouro, Limpo)<\/strong>, garantindo tragadas suaves e consistentes com sabor e produ\u00e7\u00e3o de vapor aprimorados.<\/li>\n<li><strong>Que recursos tornam o GEAR POWER f\u00e1cil de usar?<\/strong><br \/>\nO GEAR POWER inclui um <strong>ecr\u00e3 LED brilhante<\/strong> mostrando o modo de energia, percentagem da bateria e n\u00edvel de e-l\u00edquido. Tamb\u00e9m vem com uma <strong>tampa de silicone<\/strong> para manter o bocal limpo quando n\u00e3o estiver em uso, adicionando conveni\u00eancia e higiene.<\/li>\n<\/ol>\n<\/div>\n<\/div>\n<\/div>\n<\/div>\n<\/div>\n<\/div>\n<\/div>\n<\/div>\n<div class=\"flex-shrink-0 flex flex-col relative items-end\">\n<div class=\"pt-0\">\n<div class=\"gizmo-bot-avatar flex h-8 w-8 items-center justify-center overflow-hidden rounded-full\">\n<div class=\"relative p-1 rounded-sm flex items-center justify-center bg-token-main-surface-primary text-token-text-primary h-8 w-8\">\n<div class=\"mb-2 flex gap-3 empty:hidden -ml-2\">\n<div role=\"article\" data-tabster=\"{&quot;groupper&quot;:{&quot;tabbability&quot;:2},&quot;focusable&quot;:{}}\" data-content=\"ai-message\" aria-labelledby=\"Vdt5ez4X7Tg813x6rFVha-author Vdt5ez4X7Tg813x6rFVha-content\">\n<div id=\"Vdt5ez4X7Tg813x6rFVha-content\">\n<div role=\"article\" data-tabster=\"{&quot;groupper&quot;:{&quot;tabbability&quot;:2},&quot;focusable&quot;:{}}\" data-content=\"ai-message\" aria-labelledby=\"o968oC7CEo2fGHsGdsRYC-author o968oC7CEo2fGHsGdsRYC-content\">\n<div id=\"o968oC7CEo2fGHsGdsRYC-content\">\n<h2>Porqu\u00ea escolher a vapestornado para o Atacado de Vapes VOZOL 20K Puffs?<\/h2>\n<div class=\"flex-shrink-0 flex flex-col relative items-end\">\n<div class=\"pt-0\">\n<div class=\"gizmo-bot-avatar flex h-8 w-8 items-center justify-center overflow-hidden rounded-full\">\n<div class=\"relative p-1 rounded-sm flex items-center justify-center bg-token-main-surface-primary text-token-text-primary h-8 w-8\">\n<p>Bem-vindo \u00e0 vapestornado, a sua loja de vape online de confian\u00e7a para vapes descart\u00e1veis premium. Com mais de 5 anos de experi\u00eancia, trazemos-lhe marcas populares de vapes descart\u00e1veis, como Fumot RandM Vape, <a href=\"https:\/\/vapestornado.com\/pt\/product-category\/vapme-shisha\/\">Vapme<\/a>, Bang Vape, Waspe Vape e WGA Vape, etc.<\/p>\n<p>A nossa gama inclui vapes de venda quente como o <a href=\"https:\/\/vapestornado.com\/pt\/product\/randm-12000-puffs-fumot-digital-disposable-vape-wholesale-price\/\">RandM Tornado 12000<\/a>, e op\u00e7\u00f5es ricas em sabor como o <a href=\"https:\/\/vapestornado.com\/pt\/product\/wga-crystal-pro-max-extra-15000-puffs-rechargeable-disposable-vape-wholesale-bulk-buy\/\">\u00a0Cristal WGA 15k Puffs<\/a> Cada produto \u00e9 selecionado com foco na qualidade, valor e variedade, garantindo que encontre a combina\u00e7\u00e3o perfeita para as suas necessidades. Descubra um servi\u00e7o excecional e uma vasta gama de produtos de topo com pre\u00e7o de atacado na vapestornado.<\/p>\n<\/div>\n<p>&nbsp;<\/p>\n<p><strong>Outros Vapes Descart\u00e1veis Mais Vendidos<\/strong><\/p>\n<p><a href=\"https:\/\/vapestornado.com\/pt\/product\/vozol-vista-20000-vape-rechargeable-disposable-vape-wholesale-cheap-price\/\">VOZOL VISTA 20000 Puffs <span style=\"color: #ff0000;\"><strong>&gt;&gt;&gt;&gt; Ir !<\/strong><\/span><\/a><\/p>\n<p><a href=\"https:\/\/vapestornado.com\/pt\/product\/vopk-ultra-40000-puffs-2-in-1-digital-screen-rechargeable-disposable-vape\/\">VOPK 40000 Sabor Duplo<span style=\"color: #ff0000;\"><strong>&gt;&gt;&gt;&gt; Ir !<\/strong><\/span><\/a><\/p>\n<p><a href=\"https:\/\/vapestornado.com\/pt\/product\/puff-25k-bang-king-25000-puffs-rechargeable-disposable-vape-wholesale-bulk-buy\/\">Bang King 25000 <span style=\"color: #ff0000;\"><strong>&gt;&gt;&gt;&gt; Ir !<\/strong><\/span><\/a><\/p>\n<\/div>\n<\/div>\n<\/div>\n<p>&nbsp;<\/p>\n<\/div>\n<\/div>\n<\/div>\n<\/div>\n<\/div>\n<\/div>\n<\/div>\n<\/div>\n<\/div>","protected":false},"excerpt":{"rendered":"<p>VOZOL Gear Power 20K Puffs 2% Baixo Teor de Nicotina Vape Descart\u00e1vel Venda por Atacado<br \/>\nVOZOL Gear Power 20000 Puffs Visor Digital Vape Descart\u00e1vel Compra a Granel<br \/>\nVOZOL Gear Power 20k Vape Descart\u00e1vel Recarreg\u00e1vel Pre\u00e7o Barato<\/p>\n<p><strong>Adicione o WhatsApp da Amy para uma resposta r\u00e1pida e cup\u00e3o de vape!<\/strong><\/p>\n<p><img fetchpriority=\"high\" decoding=\"async\" class=\"size-full wp-image-2932\" src=\"https:\/\/vapestornado.com\/wp-content\/uploads\/2024\/12\/Vape-Wholesale.jpg\" alt=\"Vape Atacado\" width=\"229\" height=\"300\" \/><\/p>\n<h3><a href=\"https:\/\/wa.me\/8617776015835\"><span style=\"color: #ff0000;\"><strong>WhatsApp: +86 17776015835<\/strong><\/span><\/a><\/h3>\n<p>&nbsp;<\/p>","protected":false},"featured_media":3611,"comment_status":"open","ping_status":"closed","template":"","meta":{"_acf_changed":false,"_uag_custom_page_level_css":"","_lmt_disableupdate":"no","_lmt_disable":"","_monsterinsights_skip_tracking":false,"_monsterinsights_sitenote_active":false,"_monsterinsights_sitenote_note":"","_monsterinsights_sitenote_category":0,"site-sidebar-layout":"default","site-content-layout":"","ast-site-content-layout":"default","site-content-style":"default","site-sidebar-style":"default","ast-global-header-display":"","ast-banner-title-visibility":"","ast-main-header-display":"","ast-hfb-above-header-display":"","ast-hfb-below-header-display":"","ast-hfb-mobile-header-display":"","site-post-title":"","ast-breadcrumbs-content":"","ast-featured-img":"","footer-sml-layout":"","ast-disable-related-posts":"","theme-transparent-header-meta":"default","adv-header-id-meta":"","stick-header-meta":"","header-above-stick-meta":"","header-main-stick-meta":"","header-below-stick-meta":"","astra-migrate-meta-layouts":"set","ast-page-background-enabled":"default","ast-page-background-meta":{"desktop":{"background-color":"","background-image":"","background-repeat":"repeat","background-position":"center center","background-size":"auto","background-attachment":"scroll","background-type":"","background-media":"","overlay-type":"","overlay-color":"","overlay-opacity":"","overlay-gradient":""},"tablet":{"background-color":"","background-image":"","background-repeat":"repeat","background-position":"center center","background-size":"auto","background-attachment":"scroll","background-type":"","background-media":"","overlay-type":"","overlay-color":"","overlay-opacity":"","overlay-gradient":""},"mobile":{"background-color":"","background-image":"","background-repeat":"repeat","background-position":"center center","background-size":"auto","background-attachment":"scroll","background-type":"","background-media":"","overlay-type":"","overlay-color":"","overlay-opacity":"","overlay-gradient":""}},"ast-content-background-meta":{"desktop":{"background-color":"var(--ast-global-color-5)","background-image":"","background-repeat":"repeat","background-position":"center center","background-size":"auto","background-attachment":"scroll","background-type":"","background-media":"","overlay-type":"","overlay-color":"","overlay-opacity":"","overlay-gradient":""},"tablet":{"background-color":"var(--ast-global-color-5)","background-image":"","background-repeat":"repeat","background-position":"center center","background-size":"auto","background-attachment":"scroll","background-type":"","background-media":"","overlay-type":"","overlay-color":"","overlay-opacity":"","overlay-gradient":""},"mobile":{"background-color":"var(--ast-global-color-5)","background-image":"","background-repeat":"repeat","background-position":"center center","background-size":"auto","background-attachment":"scroll","background-type":"","background-media":"","overlay-type":"","overlay-color":"","overlay-opacity":"","overlay-gradient":""}},"_joinchat":{"telephone":"+8617776015835"}},"product_brand":[],"product_cat":[69,140,150,154,158,143,144,146,57],"product_tag":[165,105,97,166,94,222,221,220],"class_list":{"0":"post-3614","1":"product","2":"type-product","3":"status-publish","4":"has-post-thumbnail","6":"product_cat-20000-puff","7":"product_cat-big-puffs-disposable-vapes","8":"product_cat-buy-disposable-vapes-in-belgium","9":"product_cat-buy-disposable-vapes-in-netherlands","10":"product_cat-buy-disposable-vapes-in-spain","11":"product_cat-dual-mesh-disposable-vapes","12":"product_cat-low-nicotine-disposable-vapes","13":"product_cat-rechargeable-disposable-vapes","14":"product_cat-vozol-vape","15":"product_tag-cheap-vapes","16":"product_tag-digital-disposable-vape","17":"product_tag-hot-sale-disposable-vape","18":"product_tag-low-nicotine-vape","19":"product_tag-rechargeable-disposable-vape","20":"product_tag-vozol-gear-power-20000","21":"product_tag-vozol-gear-power-20k","22":"product_tag-vozol-vape","23":"desktop-align-left","24":"tablet-align-left","25":"mobile-align-left","27":"first","28":"instock","29":"sale","30":"shipping-taxable","31":"purchasable","32":"product-type-simple"},"acf":[],"uagb_featured_image_src":{"full":["https:\/\/vapestornado.com\/wp-content\/uploads\/2025\/01\/VOZOL-Gear-Power-20000-Disposable-Wholesale-Price.jpg",1000,1000,false],"thumbnail":["https:\/\/vapestornado.com\/wp-content\/uploads\/2025\/01\/VOZOL-Gear-Power-20000-Disposable-Wholesale-Price-150x150.jpg",150,150,true],"medium":["https:\/\/vapestornado.com\/wp-content\/uploads\/2025\/01\/VOZOL-Gear-Power-20000-Disposable-Wholesale-Price-300x300.jpg",300,300,true],"medium_large":["https:\/\/vapestornado.com\/wp-content\/uploads\/2025\/01\/VOZOL-Gear-Power-20000-Disposable-Wholesale-Price-768x768.jpg",768,768,true],"large":["https:\/\/vapestornado.com\/wp-content\/uploads\/2025\/01\/VOZOL-Gear-Power-20000-Disposable-Wholesale-Price.jpg",1000,1000,false],"1536x1536":["https:\/\/vapestornado.com\/wp-content\/uploads\/2025\/01\/VOZOL-Gear-Power-20000-Disposable-Wholesale-Price.jpg",1000,1000,false],"2048x2048":["https:\/\/vapestornado.com\/wp-content\/uploads\/2025\/01\/VOZOL-Gear-Power-20000-Disposable-Wholesale-Price.jpg",1000,1000,false],"trp-custom-language-flag":["https:\/\/vapestornado.com\/wp-content\/uploads\/2025\/01\/VOZOL-Gear-Power-20000-Disposable-Wholesale-Price.jpg",12,12,false],"woocommerce_thumbnail":["https:\/\/vapestornado.com\/wp-content\/uploads\/2025\/01\/VOZOL-Gear-Power-20000-Disposable-Wholesale-Price-300x300.jpg",300,300,true],"woocommerce_single":["https:\/\/vapestornado.com\/wp-content\/uploads\/2025\/01\/VOZOL-Gear-Power-20000-Disposable-Wholesale-Price-600x600.jpg",600,600,true],"woocommerce_gallery_thumbnail":["https:\/\/vapestornado.com\/wp-content\/uploads\/2025\/01\/VOZOL-Gear-Power-20000-Disposable-Wholesale-Price-100x100.jpg",100,100,true]},"uagb_author_info":{"display_name":"ESAMY","author_link":"https:\/\/vapestornado.com\/pt\/author\/"},"uagb_comment_info":0,"uagb_excerpt":"VOZOL Gear Power 20K\u00a0 Puffs 2% Low Nicotine Disposable Vape Wholesale VOZOL Gear Power 20000 Puff \u00a0Digital Display Disposable Vape Bulk Buy VOZOL Gear Power 20k Rechargeable Disposable Vape Cheap Price Add Amy's whatsapp get right reply and vape coupon! WhatsApp: +86 17776015835 &nbsp;","_links":{"self":[{"href":"https:\/\/vapestornado.com\/pt\/wp-json\/wp\/v2\/product\/3614","targetHints":{"allow":["GET"]}}],"collection":[{"href":"https:\/\/vapestornado.com\/pt\/wp-json\/wp\/v2\/product"}],"about":[{"href":"https:\/\/vapestornado.com\/pt\/wp-json\/wp\/v2\/types\/product"}],"replies":[{"embeddable":true,"href":"https:\/\/vapestornado.com\/pt\/wp-json\/wp\/v2\/comments?post=3614"}],"wp:featuredmedia":[{"embeddable":true,"href":"https:\/\/vapestornado.com\/pt\/wp-json\/wp\/v2\/media\/3611"}],"wp:attachment":[{"href":"https:\/\/vapestornado.com\/pt\/wp-json\/wp\/v2\/media?parent=3614"}],"wp:term":[{"taxonomy":"product_brand","embeddable":true,"href":"https:\/\/vapestornado.com\/pt\/wp-json\/wp\/v2\/product_brand?post=3614"},{"taxonomy":"product_cat","embeddable":true,"href":"https:\/\/vapestornado.com\/pt\/wp-json\/wp\/v2\/product_cat?post=3614"},{"taxonomy":"product_tag","embeddable":true,"href":"https:\/\/vapestornado.com\/pt\/wp-json\/wp\/v2\/product_tag?post=3614"}],"curies":[{"name":"wp","href":"https:\/\/api.w.org\/{rel}","templated":true}]}}