{"id":3598,"date":"2024-12-31T09:02:37","date_gmt":"2024-12-31T09:02:37","guid":{"rendered":"https:\/\/vapestornado.com\/?post_type=product&#038;p=3598"},"modified":"2025-08-23T12:23:15","modified_gmt":"2025-08-23T12:23:15","slug":"vozol-vista-20000-vape-rechargeable-disposable-vape-wholesale-cheap-price","status":"publish","type":"product","link":"https:\/\/vapestornado.com\/pt\/product\/vozol-vista-20000-vape-rechargeable-disposable-vape-wholesale-cheap-price\/","title":{"rendered":"Vozol Vista 20000 Vape Descart\u00e1vel Recarreg\u00e1vel Caixa Pre\u00e7o Baixo Atacado"},"content":{"rendered":"<h1 class=\"product-title\">Vozol Vista 20000 Vape Descart\u00e1vel Recarreg\u00e1vel Venda por Grosso Pre\u00e7o Barato<\/h1>\n<p>O <strong data-start=\"324\" data-end=\"374\">Vozol Vista 20000 Vaporizador Descart\u00e1vel Recarreg\u00e1vel<\/strong> oferece desempenho premium com tecnologia avan\u00e7ada e design elegante, tornando-o um must-have para compradores grossistas em toda a Europa. Oferecendo at\u00e9 <strong data-start=\"522\" data-end=\"538\">20.000 puffs<\/strong>, este dispositivo \u00e9 constru\u00eddo com um <strong data-start=\"568\" data-end=\"599\">bateria recarreg\u00e1vel de 650mAh<\/strong> e <strong data-start=\"604\" data-end=\"628\">carregamento r\u00e1pido Tipo-C<\/strong>, garantindo sess\u00f5es ininterruptas e tempo de inatividade m\u00ednimo.<\/p>\n<p>Apresentando <strong data-start=\"703\" data-end=\"732\">tecnologia de bobina de malha dupla<\/strong>, cada puff \u00e9 suave, saboroso e consistente. O <strong data-start=\"787\" data-end=\"814\">controlo de pot\u00eancia de 6 n\u00edveis<\/strong> e <strong data-start=\"819\" data-end=\"848\">sistema de fluxo de ar ajust\u00e1vel<\/strong> permitem que os utilizadores personalizem a sa\u00edda de vapor, desde nuvens fortes a um pux\u00e3o mais suave. Um moderno <strong data-start=\"934\" data-end=\"958\">ecr\u00e3 a cores<\/strong> mostra a dura\u00e7\u00e3o da bateria e as configura\u00e7\u00f5es de pot\u00eancia em tempo real, dando aos utilizadores controlo total sobre a sua experi\u00eancia de vaping.<\/p>\n<p>Compacto, port\u00e1til e visualmente impressionante, o Vozol Vista 20K foi projetado para conveni\u00eancia e estilo. Dispon\u00edvel em v\u00e1rios sabores e op\u00e7\u00f5es de nicotina, atende a diversas prefer\u00eancias, mantendo a qualidade premium. Com <strong data-start=\"1305\" data-end=\"1337\">pre\u00e7os grossistas de vaporizadores baratos<\/strong>, \u00e9 perfeito para revendedores, distribuidores e propriet\u00e1rios de lojas de vaporizadores que desejam oferecer aos clientes a melhor combina\u00e7\u00e3o de desempenho, design e valor.<\/p>\n<p><span style=\"color: #ff0000;\"><strong>Adicione o Whatsapp da Amy e obtenha uma resposta r\u00e1pida e um cup\u00e3o de vape!<\/strong><\/span><\/p>\n<p><img fetchpriority=\"high\" decoding=\"async\" class=\"size-full wp-image-2932\" src=\"https:\/\/vapestornado.com\/wp-content\/uploads\/2024\/12\/Vape-Wholesale.jpg\" alt=\"Vape Atacado\" width=\"229\" height=\"300\" \/><\/p>\n<h3><a href=\"https:\/\/wa.me\/8617776015835\" target=\"_blank\" rel=\"noopener\"><span style=\"color: #ff0000;\"><strong>WhatsApp: +86 17776015835<\/strong><\/span><\/a><\/h3>\n<p>&nbsp;<\/p>\n<h2 class=\"product-title\"><strong>Caracter\u00edsticas do Produto Vozol Vista 20000<\/strong><\/h2>\n<div role=\"article\" data-tabster=\"{&quot;groupper&quot;:{&quot;tabbability&quot;:2},&quot;focusable&quot;:{}}\" data-content=\"ai-message\" aria-labelledby=\"juhNTJ6o7Gk1cgwZMJgv2-author juhNTJ6o7Gk1cgwZMJgv2-content\">\n<div id=\"juhNTJ6o7Gk1cgwZMJgv2-content\">\n<div role=\"article\" data-tabster=\"{&quot;groupper&quot;:{&quot;tabbability&quot;:2},&quot;focusable&quot;:{}}\" data-content=\"ai-message\" aria-labelledby=\"x4EZuCZWrTbh3weWUt7CU-author x4EZuCZWrTbh3weWUt7CU-content\">\n<div id=\"x4EZuCZWrTbh3weWUt7CU-content\">\n<div class=\"flex max-w-full flex-col flex-grow\">\n<div class=\"min-h-8 text-message flex w-full flex-col items-end gap-2 whitespace-normal break-words text-start [.text-message+&amp;]:mt-5\" dir=\"auto\" data-message-author-role=\"assistant\" data-message-id=\"52c6e00a-252f-4104-805d-2f1a84739c71\" data-message-model-slug=\"gpt-4o\">\n<div class=\"flex w-full flex-col gap-1 empty:hidden first:pt-[3px]\">\n<div class=\"markdown prose w-full break-words dark:prose-invert light\">\n<h4><\/h4>\n<ul>\n<li><strong>Elevada Contagem de Puffs<\/strong>: Desfrute de at\u00e9 <strong>14,000<\/strong> e <strong>20.000 puffs<\/strong> para uma utiliza\u00e7\u00e3o prolongada.<\/li>\n<li><strong>Controlo de Pot\u00eancia de 6 N\u00edveis<\/strong>: Personalize a sua experi\u00eancia de vaporiza\u00e7\u00e3o com pot\u00eancia ajust\u00e1vel.<\/li>\n<li><strong>Inala\u00e7\u00f5es Suaves<\/strong>: A tecnologia avan\u00e7ada de fluxo de ar garante uma inala\u00e7\u00e3o suave e consistente.<\/li>\n<li><strong>Port\u00e1til<\/strong>: Um design compacto e elegante que \u00e9 f\u00e1cil de transportar e perfeito para usar em movimento.<\/li>\n<li><strong>Bobina de Malha Dupla<\/strong>: Experimente um sabor aprimorado e uma produ\u00e7\u00e3o de vapor superior.<\/li>\n<li><strong>Ecr\u00e3 a Cores<\/strong>: O ecr\u00e3 de f\u00e1cil leitura garante uma \u00f3tima experi\u00eancia para o utilizador.<\/li>\n<\/ul>\n<\/div>\n<\/div>\n<\/div>\n<\/div>\n<div class=\"mb-2 flex gap-3 empty:hidden -ml-2\">\n<p>&nbsp;<\/p>\n<\/div>\n<\/div>\n<\/div>\n<\/div>\n<\/div>\n<h2 class=\"product-title\"><strong>Sabor Popular para Vozol Vista 20000<\/strong><strong>\u00a0<\/strong><strong>100k<\/strong><\/h2>\n<p>O Vozol Star 20000 oferece uma gama diversificada e entusiasmante de op\u00e7\u00f5es para a sua linha de produtos, atendendo a v\u00e1rias prefer\u00eancias de sabor! Por favor, encontre o sabor popular de acordo com a nossa data de vendas e feedback do cliente.<\/p>\n<ol>\n<li><strong>Cola de Cereja<\/strong><br \/>\nUma mistura perfeita do cl\u00e1ssico sabor de cereja e de cola refrescante, oferecendo um sabor doce, mas n\u00e3o excessivamente a\u00e7ucarado, que traz uma sensa\u00e7\u00e3o de bebida nost\u00e1lgica.<\/li>\n<li><strong>P\u00eassego Gelado <span style=\"color: #ff0000;\">&gt;&gt;&gt;&gt; Quente !<\/span><\/strong><br \/>\nO sabor doce e suculento de p\u00eassegos maduros combinado com uma sensa\u00e7\u00e3o de gelo refrescante, criando uma experi\u00eancia suave e refrescante que \u00e9 perfeita para dias quentes.<\/li>\n<li><strong>Ma\u00e7\u00e3 Azeda Gelo<\/strong><br \/>\nSabor de ma\u00e7\u00e3 verde \u00e1cida combinado com um efeito de gelo refrescante, proporcionando um equil\u00edbrio n\u00edtido, azedo e doce que refresca a cada inala\u00e7\u00e3o.<\/li>\n<li><strong>Menta Miami<\/strong><br \/>\nUm sabor de menta fresco e revigorante, proporcionando uma brisa refrescante como o ar do oceano, perfeito para uma vaporiza\u00e7\u00e3o refrescante e energizante.<\/li>\n<li><strong>Uva Ice<\/strong><br \/>\nSabor de uva rico e doce com um toque de gelo, oferecendo um sabor encorpado que \u00e9 saboroso e refrescante, ideal para quem adora experi\u00eancias de vaporiza\u00e7\u00e3o frutadas.<\/li>\n<li><strong>Gelo de Melancia <span style=\"color: #ff0000;\">&gt;&gt;&gt;&gt; Quente !<\/span><\/strong><br \/>\nUm sabor suculento de melancia combinado com um efeito de gelo, proporcionando uma experi\u00eancia de ver\u00e3o doce e refrescante a cada inala\u00e7\u00e3o.<\/li>\n<li><strong>Framboesa Azul Gelada <span style=\"color: #ff0000;\">&gt;&gt;&gt;&gt; O melhor !<\/span><\/strong><br \/>\nUma mistura de mirtilos doces e framboesas \u00e1cidas com um efeito refrescante, que oferece um sabor a bagas refrescante e vibrante, simultaneamente doce e picante.<\/li>\n<li><strong>P\u00eassego Manga Melancia<\/strong><br \/>\nUm trio tropical de p\u00eassegos maduros, mangas suculentas e melancia refrescante, que oferece um sabor frutado, doce e em camadas, perfeito para os amantes de fruta.<\/li>\n<li><strong>Morango Manga<\/strong><br \/>\nA do\u00e7ura natural dos morangos maduros combinada com a riqueza ex\u00f3tica da manga, proporcionando uma experi\u00eancia frutada, suave e equilibrada.<\/li>\n<li><strong>Melancia Framboesa<\/strong><br \/>\nUma combina\u00e7\u00e3o refrescante de framboesas \u00e1cidas e melancia doce e suculenta, que cria uma experi\u00eancia de vaporiza\u00e7\u00e3o frutada e hidratante com um equil\u00edbrio de sabores perfeito.<\/li>\n<li><strong>VZBull <span style=\"color: #ff0000;\">&gt;&gt;&gt;&gt; Quente !<\/span><\/strong><br \/>\nUm sabor ousado, inspirado em bebida energ\u00e9tica, que \u00e9 doce com uma ligeira acidez, oferecendo o sabor refrescante e energizante de uma bebida energ\u00e9tica cl\u00e1ssica.<\/li>\n<li><strong>Chiclete de Melancia<\/strong><br \/>\nUma mistura nost\u00e1lgica de melancia suculenta e pastilha el\u00e1stica doce, que proporciona um sabor divertido, semelhante a rebu\u00e7ado, que \u00e9 simultaneamente frutado e divertido.<\/li>\n<li><strong>Frutos Silvestres Mistos <span style=\"color: #ff0000;\">&gt;&gt;&gt;&gt; Quente !<\/span><\/strong><br \/>\nUma mistura de v\u00e1rias bagas, que oferece uma experi\u00eancia frutada rica, \u00e1cida e doce, com camadas de sabor que s\u00e3o perfeitas para quem gosta de misturas de bagas.<\/li>\n<li><strong>Lima-Lim\u00e3o<\/strong><br \/>\nUma mistura picante e \u00e1cida de lim\u00e3o e lima, que oferece uma vaporiza\u00e7\u00e3o c\u00edtrica e refrescante, que \u00e9 simultaneamente \u00e1cida e refrescante, perfeita para os amantes de citrinos.<\/li>\n<li><strong>Morango Framboesa Cereja Manga Gelo<\/strong><br \/>\nUma mistura complexa de morango, framboesa, cereja e manga, com um efeito gelado refrescante, proporcionando uma experi\u00eancia frutada, doce e revigorante a cada baforada.<\/li>\n<li><strong>Banana de Fruta do Drag\u00e3o e Cereja<\/strong><br \/>\nUma combina\u00e7\u00e3o \u00fanica de fruta do drag\u00e3o, banana e cereja, que oferece um perfil de sabor tropical e ex\u00f3tico, que \u00e9 doce, suave e cremoso com um toque de acidez.<\/li>\n<li><strong>Flor de Sabugueiro e Toranja<\/strong><br \/>\nUm delicado sabor de flor de sabugueiro, combinado com a acidez da toranja, criando um sabor refrescante, floral e c\u00edtrico que \u00e9 \u00fanico e calmante.<\/li>\n<li><strong>Lava de Fogo<\/strong><br \/>\nUm sabor ardente e ousado, com um ligeiro toque picante, que oferece uma experi\u00eancia de vapor intensa e cheia de calor, perfeita para quem aprecia sabores fortes e aventureiros.<\/li>\n<\/ol>\n<figure id=\"attachment_3586\" aria-describedby=\"caption-attachment-3586\" style=\"width: 1024px\" class=\"wp-caption alignnone\"><img decoding=\"async\" class=\"wp-image-3586 size-large\" src=\"https:\/\/vapestornado.com\/wp-content\/uploads\/2024\/12\/Vozol-Vista-20000-Disposable-Pod-Device-1024x1024.jpg\" alt=\"Dispositivo Pod Descart\u00e1vel Vozol Vista 20000\" width=\"1024\" height=\"1024\" srcset=\"https:\/\/vapestornado.com\/wp-content\/uploads\/2024\/12\/Vozol-Vista-20000-Disposable-Pod-Device-1024x1024.jpg 1024w, https:\/\/vapestornado.com\/wp-content\/uploads\/2024\/12\/Vozol-Vista-20000-Disposable-Pod-Device-300x300.jpg 300w, https:\/\/vapestornado.com\/wp-content\/uploads\/2024\/12\/Vozol-Vista-20000-Disposable-Pod-Device-150x150.jpg 150w, https:\/\/vapestornado.com\/wp-content\/uploads\/2024\/12\/Vozol-Vista-20000-Disposable-Pod-Device-768x768.jpg 768w, https:\/\/vapestornado.com\/wp-content\/uploads\/2024\/12\/Vozol-Vista-20000-Disposable-Pod-Device-600x600.jpg 600w, https:\/\/vapestornado.com\/wp-content\/uploads\/2024\/12\/Vozol-Vista-20000-Disposable-Pod-Device-100x100.jpg 100w, https:\/\/vapestornado.com\/wp-content\/uploads\/2024\/12\/Vozol-Vista-20000-Disposable-Pod-Device.jpg 1126w\" sizes=\"(max-width: 1024px) 100vw, 1024px\" \/><figcaption id=\"caption-attachment-3586\" class=\"wp-caption-text\">Dispositivo Pod Descart\u00e1vel Vozol Vista 20000<\/figcaption><\/figure>\n<div class=\"flex-shrink-0 flex flex-col relative items-end\">\n<div class=\"pt-0\">\n<div class=\"gizmo-bot-avatar flex h-8 w-8 items-center justify-center overflow-hidden rounded-full\">\n<div class=\"relative p-1 rounded-sm flex items-center justify-center bg-token-main-surface-primary text-token-text-primary h-8 w-8\">\n<h2>Perguntas Frequentes sobre o Vozol Vista 20000<strong>\u00a0<\/strong>Vape Descart\u00e1vel<\/h2>\n<div class=\"flex max-w-full flex-col flex-grow\">\n<div class=\"min-h-8 text-message flex w-full flex-col items-end gap-2 whitespace-normal break-words text-start [.text-message+&amp;]:mt-5\" dir=\"auto\" data-message-author-role=\"assistant\" data-message-id=\"4dc48248-df95-45bd-b800-6dedb43cf7f1\" data-message-model-slug=\"gpt-4o\">\n<div class=\"flex w-full flex-col gap-1 empty:hidden first:pt-[3px]\">\n<div class=\"markdown prose w-full break-words dark:prose-invert light\">\n<p><strong>1. O que torna a s\u00e9rie Vozol Vista 20000 diferente de outros vapes descart\u00e1veis?<\/strong><br \/>\nA s\u00e9rie Vozol Vista destaca-se pela sua alta contagem de baforadas (at\u00e9 14.000 a 20.000 baforadas), controlo de pot\u00eancia de 6 n\u00edveis e tecnologia de resist\u00eancia de malha dupla, garantindo uma tragada mais suave e consistente com sabor e produ\u00e7\u00e3o de vapor aprimorados. Al\u00e9m disso, o design elegante e port\u00e1til torna-o ideal para vaporizar em movimento.<\/p>\n<p><strong>2. Quanto tempo duram os dispositivos da s\u00e9rie Vozol Vista 20k?<\/strong><br \/>\nDependendo do modelo que escolher, os dispositivos Vozol Vista oferecem umas impressionantes 14.000 a 20.000 baforadas, proporcionando um uso prolongado. Isso significa que pode desfrutar do seu dispositivo por um per\u00edodo significativo antes de precisar de uma substitui\u00e7\u00e3o.<\/p>\n<p><strong>3. Posso personalizar a experi\u00eancia de vaporiza\u00e7\u00e3o com o Vozol Vista 20k?<\/strong><br \/>\nSim! A s\u00e9rie Vozol Vista apresenta controlo de pot\u00eancia de 6 n\u00edveis, permitindo que ajuste as configura\u00e7\u00f5es de pot\u00eancia para corresponder ao seu estilo de vaporiza\u00e7\u00e3o preferido. Quer prefira uma tragada mais suave e leve ou uma baforada mais intensa e saborosa.<\/p>\n<p><strong>4. Que sabores est\u00e3o dispon\u00edveis no Vozol Vista 20000?<\/strong><br \/>\nA s\u00e9rie Vozol Vista oferece uma ampla gama de sabores entusiasmantes, incluindo op\u00e7\u00f5es como Cola de Cereja, P\u00eassego Gelado, Ma\u00e7\u00e3 Azeda Gelada, Frutos Silvestres, Pastilha El\u00e1stica de Melancia e muitos mais. Quer aprecie sabores frutados, mentolados ou at\u00e9 mesmo inspirados em bebidas energ\u00e9ticas, h\u00e1 algo para todos.<\/p>\n<p><strong>5. Os dispositivos Vozol Vista s\u00e3o port\u00e1teis e f\u00e1ceis de usar?<\/strong><br \/>\nCom certeza! A s\u00e9rie Vozol Vista apresenta um design elegante e port\u00e1til, tornando-o f\u00e1cil de transportar para onde quer que v\u00e1. Al\u00e9m disso, com o seu ecr\u00e3 a cores para exibi\u00e7\u00f5es f\u00e1ceis de ler, o dispositivo oferece uma experi\u00eancia de utilizador intuitiva, tornando-o ideal tanto para iniciantes como para vapers experientes.<\/p>\n<\/div>\n<\/div>\n<\/div>\n<\/div>\n<\/div>\n<\/div>\n<\/div>\n<\/div>\n<div class=\"flex-shrink-0 flex flex-col relative items-end\">\n<div class=\"pt-0\">\n<div class=\"gizmo-bot-avatar flex h-8 w-8 items-center justify-center overflow-hidden rounded-full\">\n<div class=\"relative p-1 rounded-sm flex items-center justify-center bg-token-main-surface-primary text-token-text-primary h-8 w-8\">\n<div class=\"mb-2 flex gap-3 empty:hidden -ml-2\">\n<div role=\"article\" data-tabster=\"{&quot;groupper&quot;:{&quot;tabbability&quot;:2},&quot;focusable&quot;:{}}\" data-content=\"ai-message\" aria-labelledby=\"Vdt5ez4X7Tg813x6rFVha-author Vdt5ez4X7Tg813x6rFVha-content\">\n<div id=\"Vdt5ez4X7Tg813x6rFVha-content\">\n<div role=\"article\" data-tabster=\"{&quot;groupper&quot;:{&quot;tabbability&quot;:2},&quot;focusable&quot;:{}}\" data-content=\"ai-message\" aria-labelledby=\"o968oC7CEo2fGHsGdsRYC-author o968oC7CEo2fGHsGdsRYC-content\">\n<div id=\"o968oC7CEo2fGHsGdsRYC-content\">\n<p>&nbsp;<\/p>\n<h2>Porqu\u00ea escolher a vapestornado para Atacado de Vapes FIHP 15000 Puffs?<\/h2>\n<div class=\"flex-shrink-0 flex flex-col relative items-end\">\n<div class=\"pt-0\">\n<div class=\"gizmo-bot-avatar flex h-8 w-8 items-center justify-center overflow-hidden rounded-full\">\n<div class=\"relative p-1 rounded-sm flex items-center justify-center bg-token-main-surface-primary text-token-text-primary h-8 w-8\">\n<p>Bem-vindo \u00e0 vapestornado, a sua loja de vape online de confian\u00e7a para vapes descart\u00e1veis premium. Com mais de 5 anos de experi\u00eancia, trazemos-lhe marcas populares de vapes descart\u00e1veis, como Fumot RandM Vape, <a href=\"https:\/\/vapestornado.com\/pt\/product-category\/vapme-shisha\/\">Vapme<\/a>, Bang Vape, Waspe Vape e WGA Vape, etc.<\/p>\n<p>A nossa gama inclui vapes de venda quente como o <a href=\"https:\/\/vapestornado.com\/pt\/product\/randm-12000-puffs-fumot-digital-disposable-vape-wholesale-price\/\">RandM Tornado 12000<\/a>, e op\u00e7\u00f5es ricas em sabor como o <a href=\"https:\/\/vapestornado.com\/pt\/product\/wga-crystal-pro-max-extra-15000-puffs-rechargeable-disposable-vape-wholesale-bulk-buy\/\">\u00a0Cristal WGA 15k Puffs<\/a> Cada produto \u00e9 selecionado com foco na qualidade, valor e variedade, garantindo que encontre a combina\u00e7\u00e3o perfeita para as suas necessidades. Descubra um servi\u00e7o excecional e uma vasta gama de produtos de topo com pre\u00e7o de atacado na vapestornado.<\/p>\n<\/div>\n<p>&nbsp;<\/p>\n<p><strong>Outros Vapes Descart\u00e1veis Mais Vendidos<\/strong><\/p>\n<p><a href=\"https:\/\/vapestornado.com\/pt\/product\/bang-vape-35000-puffs-low-nicotine-bulk-buy-rechargeable-disposable-vapes-box-wholesale-price\/\">Vape Bang 40000 Baforadas <span style=\"color: #ff0000;\"><strong>&gt;&gt;&gt;&gt; Ir !<\/strong><\/span><\/a><\/p>\n<p><a href=\"https:\/\/vapestornado.com\/pt\/product\/vopk-ultra-40000-puffs-2-in-1-digital-screen-rechargeable-disposable-vape\/\">VOPK 40000 Sabor Duplo<span style=\"color: #ff0000;\"><strong>&gt;&gt;&gt;&gt; Ir !<\/strong><\/span><\/a><\/p>\n<p><a href=\"https:\/\/vapestornado.com\/pt\/product\/puff-25k-bang-king-25000-puffs-rechargeable-disposable-vape-wholesale-bulk-buy\/\">Bang King 25000 <span style=\"color: #ff0000;\"><strong>&gt;&gt;&gt;&gt; Ir !<\/strong><\/span><\/a><\/p>\n<\/div>\n<\/div>\n<\/div>\n<p>&nbsp;<\/p>\n<\/div>\n<\/div>\n<\/div>\n<\/div>\n<\/div>\n<\/div>\n<\/div>\n<\/div>\n<\/div>","protected":false},"excerpt":{"rendered":"<p>Vozol Vista 20000 Puffs Vape Descart\u00e1vel Venda por Grosso<br \/>\nVozol Vista 20000 Vape Descart\u00e1vel Recarreg\u00e1vel<br \/>\nVozol Vista 20000 Puffs Pod Descart\u00e1vel Compra a Granel<\/p>\n<p><strong>Adicione o WhatsApp da Amy para uma resposta r\u00e1pida e cup\u00e3o de vape!<\/strong><\/p>\n<p><img fetchpriority=\"high\" decoding=\"async\" class=\"size-full wp-image-2932\" src=\"https:\/\/vapestornado.com\/wp-content\/uploads\/2024\/12\/Vape-Wholesale.jpg\" alt=\"Vape Atacado\" width=\"229\" height=\"300\" \/><\/p>\n<h3><a href=\"https:\/\/wa.me\/8617776015835\"><span style=\"color: #ff0000;\"><strong>WhatsApp: +86 17776015835<\/strong><\/span><\/a><\/h3>\n<p>&nbsp;<\/p>","protected":false},"featured_media":3588,"comment_status":"open","ping_status":"closed","template":"","meta":{"_acf_changed":false,"_uag_custom_page_level_css":"","_lmt_disableupdate":"no","_lmt_disable":"","_monsterinsights_skip_tracking":false,"_monsterinsights_sitenote_active":false,"_monsterinsights_sitenote_note":"","_monsterinsights_sitenote_category":0,"site-sidebar-layout":"default","site-content-layout":"","ast-site-content-layout":"default","site-content-style":"default","site-sidebar-style":"default","ast-global-header-display":"","ast-banner-title-visibility":"","ast-main-header-display":"","ast-hfb-above-header-display":"","ast-hfb-below-header-display":"","ast-hfb-mobile-header-display":"","site-post-title":"","ast-breadcrumbs-content":"","ast-featured-img":"","footer-sml-layout":"","ast-disable-related-posts":"","theme-transparent-header-meta":"default","adv-header-id-meta":"","stick-header-meta":"","header-above-stick-meta":"","header-main-stick-meta":"","header-below-stick-meta":"","astra-migrate-meta-layouts":"set","ast-page-background-enabled":"default","ast-page-background-meta":{"desktop":{"background-color":"","background-image":"","background-repeat":"repeat","background-position":"center center","background-size":"auto","background-attachment":"scroll","background-type":"","background-media":"","overlay-type":"","overlay-color":"","overlay-opacity":"","overlay-gradient":""},"tablet":{"background-color":"","background-image":"","background-repeat":"repeat","background-position":"center center","background-size":"auto","background-attachment":"scroll","background-type":"","background-media":"","overlay-type":"","overlay-color":"","overlay-opacity":"","overlay-gradient":""},"mobile":{"background-color":"","background-image":"","background-repeat":"repeat","background-position":"center center","background-size":"auto","background-attachment":"scroll","background-type":"","background-media":"","overlay-type":"","overlay-color":"","overlay-opacity":"","overlay-gradient":""}},"ast-content-background-meta":{"desktop":{"background-color":"var(--ast-global-color-5)","background-image":"","background-repeat":"repeat","background-position":"center center","background-size":"auto","background-attachment":"scroll","background-type":"","background-media":"","overlay-type":"","overlay-color":"","overlay-opacity":"","overlay-gradient":""},"tablet":{"background-color":"var(--ast-global-color-5)","background-image":"","background-repeat":"repeat","background-position":"center center","background-size":"auto","background-attachment":"scroll","background-type":"","background-media":"","overlay-type":"","overlay-color":"","overlay-opacity":"","overlay-gradient":""},"mobile":{"background-color":"var(--ast-global-color-5)","background-image":"","background-repeat":"repeat","background-position":"center center","background-size":"auto","background-attachment":"scroll","background-type":"","background-media":"","overlay-type":"","overlay-color":"","overlay-opacity":"","overlay-gradient":""}},"_joinchat":{"telephone":"+8617776015835"}},"product_brand":[],"product_cat":[69,152,153,143,144,57],"product_tag":[165,105,97,166,94,220,219],"class_list":{"0":"post-3598","1":"product","2":"type-product","3":"status-publish","4":"has-post-thumbnail","6":"product_cat-20000-puff","7":"product_cat-buy-disposable-vapes-in-cermany","8":"product_cat-buy-disposable-vapes-in-italy","9":"product_cat-dual-mesh-disposable-vapes","10":"product_cat-low-nicotine-disposable-vapes","11":"product_cat-vozol-vape","12":"product_tag-cheap-vapes","13":"product_tag-digital-disposable-vape","14":"product_tag-hot-sale-disposable-vape","15":"product_tag-low-nicotine-vape","16":"product_tag-rechargeable-disposable-vape","17":"product_tag-vozol-vape","18":"product_tag-vozol-vista-20000","19":"desktop-align-left","20":"tablet-align-left","21":"mobile-align-left","23":"first","24":"instock","25":"sale","26":"shipping-taxable","27":"purchasable","28":"product-type-simple"},"acf":[],"uagb_featured_image_src":{"full":["https:\/\/vapestornado.com\/wp-content\/uploads\/2024\/12\/Vozol-Vista-20000-Disposable-Vape-Wholesale.jpg",1126,1126,false],"thumbnail":["https:\/\/vapestornado.com\/wp-content\/uploads\/2024\/12\/Vozol-Vista-20000-Disposable-Vape-Wholesale-150x150.jpg",150,150,true],"medium":["https:\/\/vapestornado.com\/wp-content\/uploads\/2024\/12\/Vozol-Vista-20000-Disposable-Vape-Wholesale-300x300.jpg",300,300,true],"medium_large":["https:\/\/vapestornado.com\/wp-content\/uploads\/2024\/12\/Vozol-Vista-20000-Disposable-Vape-Wholesale-768x768.jpg",768,768,true],"large":["https:\/\/vapestornado.com\/wp-content\/uploads\/2024\/12\/Vozol-Vista-20000-Disposable-Vape-Wholesale-1024x1024.jpg",1024,1024,true],"1536x1536":["https:\/\/vapestornado.com\/wp-content\/uploads\/2024\/12\/Vozol-Vista-20000-Disposable-Vape-Wholesale.jpg",1126,1126,false],"2048x2048":["https:\/\/vapestornado.com\/wp-content\/uploads\/2024\/12\/Vozol-Vista-20000-Disposable-Vape-Wholesale.jpg",1126,1126,false],"trp-custom-language-flag":["https:\/\/vapestornado.com\/wp-content\/uploads\/2024\/12\/Vozol-Vista-20000-Disposable-Vape-Wholesale.jpg",12,12,false],"woocommerce_thumbnail":["https:\/\/vapestornado.com\/wp-content\/uploads\/2024\/12\/Vozol-Vista-20000-Disposable-Vape-Wholesale-300x300.jpg",300,300,true],"woocommerce_single":["https:\/\/vapestornado.com\/wp-content\/uploads\/2024\/12\/Vozol-Vista-20000-Disposable-Vape-Wholesale-600x600.jpg",600,600,true],"woocommerce_gallery_thumbnail":["https:\/\/vapestornado.com\/wp-content\/uploads\/2024\/12\/Vozol-Vista-20000-Disposable-Vape-Wholesale-100x100.jpg",100,100,true]},"uagb_author_info":{"display_name":"ESAMY","author_link":"https:\/\/vapestornado.com\/pt\/author\/"},"uagb_comment_info":0,"uagb_excerpt":"Vozol Vista 20000 Puffs Disposable Vape Wholesale Vozol Vista 20000 Vape Rechargeable Disposable Vape Vozol Vista 20000 Puffs Disposable Pod Device Bulk Buy Add Amy's whatsapp get right reply and vape coupon! WhatsApp: +86 17776015835 &nbsp;","_links":{"self":[{"href":"https:\/\/vapestornado.com\/pt\/wp-json\/wp\/v2\/product\/3598","targetHints":{"allow":["GET"]}}],"collection":[{"href":"https:\/\/vapestornado.com\/pt\/wp-json\/wp\/v2\/product"}],"about":[{"href":"https:\/\/vapestornado.com\/pt\/wp-json\/wp\/v2\/types\/product"}],"replies":[{"embeddable":true,"href":"https:\/\/vapestornado.com\/pt\/wp-json\/wp\/v2\/comments?post=3598"}],"wp:featuredmedia":[{"embeddable":true,"href":"https:\/\/vapestornado.com\/pt\/wp-json\/wp\/v2\/media\/3588"}],"wp:attachment":[{"href":"https:\/\/vapestornado.com\/pt\/wp-json\/wp\/v2\/media?parent=3598"}],"wp:term":[{"taxonomy":"product_brand","embeddable":true,"href":"https:\/\/vapestornado.com\/pt\/wp-json\/wp\/v2\/product_brand?post=3598"},{"taxonomy":"product_cat","embeddable":true,"href":"https:\/\/vapestornado.com\/pt\/wp-json\/wp\/v2\/product_cat?post=3598"},{"taxonomy":"product_tag","embeddable":true,"href":"https:\/\/vapestornado.com\/pt\/wp-json\/wp\/v2\/product_tag?post=3598"}],"curies":[{"name":"wp","href":"https:\/\/api.w.org\/{rel}","templated":true}]}}