{"id":3516,"date":"2024-12-28T08:28:08","date_gmt":"2024-12-28T08:28:08","guid":{"rendered":"https:\/\/vapestornado.com\/?post_type=product&#038;p=3516"},"modified":"2025-08-23T12:18:00","modified_gmt":"2025-08-23T12:18:00","slug":"tornado-vape-fihp-15000-puffs-2-low-nicotine-disposable-vape-wholesale","status":"publish","type":"product","link":"https:\/\/vapestornado.com\/pt\/product\/tornado-vape-fihp-15000-puffs-2-low-nicotine-disposable-vape-wholesale\/","title":{"rendered":"Tornado Vape FIHP 15000 Puffs 2% Vape Descart\u00e1vel de Baixa Nicotina por Atacado"},"content":{"rendered":"<h1 class=\"product-title\">Tornado Vape FIHP 15000 Puffs 2% Vape Descart\u00e1vel de Baixa Nicotina por Atacado<\/h1>\n<p>O <strong data-start=\"325\" data-end=\"352\">Vape Tornado FIHP 15000<\/strong> \u00e9 concebido para vapers que desejam <strong data-start=\"385\" data-end=\"450\">desempenho duradouro, sabor suave e qualidade fi\u00e1vel<\/strong> a um pre\u00e7o acess\u00edvel para revenda. Com at\u00e9 <strong data-start=\"493\" data-end=\"509\">15.000 puffs<\/strong>, este vape descart\u00e1vel elimina substitui\u00e7\u00f5es constantes, tornando-o econ\u00f3mico tanto para utilizadores como para retalhistas.<\/p>\n<p>Pr\u00e9-cheio com <strong data-start=\"646\" data-end=\"666\">22ml de e-l\u00edquido<\/strong> e dispon\u00edvel em <strong data-start=\"684\" data-end=\"716\">Concentra\u00e7\u00f5es de nicotina 2% e 5%<\/strong>, adapta-se a diferentes necessidades de vaping \u2014 desde sess\u00f5es mais leves a uma satisfa\u00e7\u00e3o mais forte. Alimentado por uma <strong data-start=\"811\" data-end=\"842\">bateria recarreg\u00e1vel de 650mAh<\/strong> com <strong data-start=\"848\" data-end=\"872\">carregamento r\u00e1pido Tipo-C<\/strong>, o FIHP 15K mant\u00e9m-no a vapear sem interrup\u00e7\u00f5es.<\/p>\n<p>O seu <strong data-start=\"940\" data-end=\"958\">resist\u00eancia de malha de 1.0\u03a9<\/strong> garante um vapor ousado e saboroso, enquanto o <strong data-start=\"1000\" data-end=\"1029\">sistema de fluxo de ar ajust\u00e1vel<\/strong> permite aos utilizadores ajustar a sua tiragem para estilos MTL ou DTL. Com <strong data-start=\"1090\" data-end=\"1122\">10 sabores cuidadosamente elaborados<\/strong>, este dispositivo oferece muita variedade para todos os paladares.<\/p>\n<p>Compacto, elegante e constru\u00eddo com a conveni\u00eancia em mente, o <strong data-start=\"1248\" data-end=\"1270\">FIHP Tornado 15000<\/strong> \u00e9 ideal para <strong data-start=\"1284\" data-end=\"1309\">encomendas por atacado em grande quantidade<\/strong> em toda a Europa, dando aos retalhistas um vape descart\u00e1vel fi\u00e1vel e de alta procura para oferecer aos seus clientes.<\/p>\n<p>&nbsp;<\/p>\n<p><span style=\"color: #ff0000;\"><strong>Adicione o Whatsapp da Amy e obtenha uma resposta r\u00e1pida e um cup\u00e3o de vape!<\/strong><\/span><\/p>\n<p><img fetchpriority=\"high\" decoding=\"async\" class=\"size-full wp-image-2932\" src=\"https:\/\/vapestornado.com\/wp-content\/uploads\/2024\/12\/Vape-Wholesale.jpg\" alt=\"Vape Atacado\" width=\"229\" height=\"300\" \/><\/p>\n<h3><a href=\"https:\/\/wa.me\/8617776015835\" target=\"_blank\" rel=\"noopener\"><span style=\"color: #ff0000;\"><strong>WhatsApp: +86 17776015835<\/strong><\/span><\/a><\/h3>\n<p>&nbsp;<\/p>\n<h2 class=\"product-title\"><strong>Caracter\u00edsticas do Produto Tornado Vape FIHP 15000<\/strong><\/h2>\n<div role=\"article\" data-tabster=\"{&quot;groupper&quot;:{&quot;tabbability&quot;:2},&quot;focusable&quot;:{}}\" data-content=\"ai-message\" aria-labelledby=\"juhNTJ6o7Gk1cgwZMJgv2-author juhNTJ6o7Gk1cgwZMJgv2-content\">\n<div id=\"juhNTJ6o7Gk1cgwZMJgv2-content\">\n<div role=\"article\" data-tabster=\"{&quot;groupper&quot;:{&quot;tabbability&quot;:2},&quot;focusable&quot;:{}}\" data-content=\"ai-message\" aria-labelledby=\"x4EZuCZWrTbh3weWUt7CU-author x4EZuCZWrTbh3weWUt7CU-content\">\n<div id=\"x4EZuCZWrTbh3weWUt7CU-content\">\n<div class=\"flex max-w-full flex-col flex-grow\">\n<div class=\"min-h-8 text-message flex w-full flex-col items-end gap-2 whitespace-normal break-words text-start [.text-message+&amp;]:mt-5\" dir=\"auto\" data-message-author-role=\"assistant\" data-message-id=\"52c6e00a-252f-4104-805d-2f1a84739c71\" data-message-model-slug=\"gpt-4o\">\n<div class=\"flex w-full flex-col gap-1 empty:hidden first:pt-[3px]\">\n<div class=\"markdown prose w-full break-words dark:prose-invert light\">\n<h4><\/h4>\n<ul>\n<li><strong>Contagem Massiva de Puffs:<\/strong> Um \u00fanico dispositivo fornece dias de vaporiza\u00e7\u00e3o cont\u00ednua.<\/li>\n<li><strong>N\u00edveis de Nicotina Personalizados:<\/strong> Adapte a sua experi\u00eancia com op\u00e7\u00f5es que correspondem \u00e0s suas prefer\u00eancias.<\/li>\n<li><strong>Design Recarreg\u00e1vel:<\/strong> Conveniente e ecol\u00f3gico com carregamento Tipo-C.<\/li>\n<li><strong>Sabores Vers\u00e1teis:<\/strong> Uma variedade de escolhas garante que n\u00e3o haja fadiga de sabor.<\/li>\n<li><strong>F\u00e1cil de Usar:<\/strong> Elegante, leve e perfeito para usar em movimento.<\/li>\n<\/ul>\n<\/div>\n<\/div>\n<\/div>\n<\/div>\n<div class=\"mb-2 flex gap-3 empty:hidden -ml-2\">\n<p>&nbsp;<\/p>\n<\/div>\n<\/div>\n<\/div>\n<\/div>\n<\/div>\n<h2 class=\"product-title\"><strong>Sabor Popular para FIHP 15000\u00a0<\/strong><strong>Tornado\u00a0<\/strong><strong>100k<\/strong><\/h2>\n<p>01. Senhor azul \u00a0 <span style=\"color: #ff0000;\"><strong>&gt;&gt;&gt;&gt; Quente !<\/strong><\/span><br \/>\n02. Mirtilo Gelado<br \/>\n03. Melancia Gelada<br \/>\n04. Bebida Energ\u00e9tica<br \/>\n05. Uva Gelo<br \/>\n06. P\u00eassego Gelo<br \/>\n07. Kiwi Maracuj\u00e1 Goiaba \u00a0 <span style=\"color: #ff0000;\"><strong>&gt;&gt;&gt;&gt; Quente !<\/strong><\/span><br \/>\n08. Morango Kiwi<br \/>\n09. P\u00eassego Manga Anan\u00e1s<br \/>\n10. Morango Framboesa Cereja <span style=\"color: #ff0000;\"><strong>&gt;&gt;&gt;&gt; O melhor !<\/strong><\/span><\/p>\n<figure id=\"attachment_3562\" aria-describedby=\"caption-attachment-3562\" style=\"width: 1000px\" class=\"wp-caption alignnone\"><img decoding=\"async\" class=\"wp-image-3562 size-full\" src=\"https:\/\/vapestornado.com\/wp-content\/uploads\/2024\/12\/Tornado-15k-Vape-FIHP-Bulk-Buy.webp\" alt=\"Tornado 15k Vape FIHP Compra a Granel\" width=\"1000\" height=\"1000\" srcset=\"https:\/\/vapestornado.com\/wp-content\/uploads\/2024\/12\/Tornado-15k-Vape-FIHP-Bulk-Buy.webp 1000w, https:\/\/vapestornado.com\/wp-content\/uploads\/2024\/12\/Tornado-15k-Vape-FIHP-Bulk-Buy-300x300.webp 300w, https:\/\/vapestornado.com\/wp-content\/uploads\/2024\/12\/Tornado-15k-Vape-FIHP-Bulk-Buy-150x150.webp 150w, https:\/\/vapestornado.com\/wp-content\/uploads\/2024\/12\/Tornado-15k-Vape-FIHP-Bulk-Buy-768x768.webp 768w, https:\/\/vapestornado.com\/wp-content\/uploads\/2024\/12\/Tornado-15k-Vape-FIHP-Bulk-Buy-600x600.webp 600w, https:\/\/vapestornado.com\/wp-content\/uploads\/2024\/12\/Tornado-15k-Vape-FIHP-Bulk-Buy-100x100.webp 100w\" sizes=\"(max-width: 1000px) 100vw, 1000px\" \/><figcaption id=\"caption-attachment-3562\" class=\"wp-caption-text\">Tornado 15k Vape FIHP Compra a Granel<\/figcaption><\/figure>\n<div class=\"flex-shrink-0 flex flex-col relative items-end\">\n<div class=\"pt-0\">\n<div class=\"gizmo-bot-avatar flex h-8 w-8 items-center justify-center overflow-hidden rounded-full\">\n<div class=\"relative p-1 rounded-sm flex items-center justify-center bg-token-main-surface-primary text-token-text-primary h-8 w-8\">\n<h3>Perguntas Frequentes sobre o FIHP 15000 <strong>Tornado <\/strong>Vape Descart\u00e1vel<\/h3>\n<div class=\"flex max-w-full flex-col flex-grow\">\n<div class=\"min-h-8 text-message flex w-full flex-col items-end gap-2 whitespace-normal break-words text-start [.text-message+&amp;]:mt-5\" dir=\"auto\" data-message-author-role=\"assistant\" data-message-id=\"4dc48248-df95-45bd-b800-6dedb43cf7f1\" data-message-model-slug=\"gpt-4o\">\n<div class=\"flex w-full flex-col gap-1 empty:hidden first:pt-[3px]\">\n<div class=\"markdown prose w-full break-words dark:prose-invert light\">\n<h3><\/h3>\n<p>1. <strong>Quantas inala\u00e7\u00f5es posso esperar do FIHP 15000?<\/strong><\/p>\n<p>O FIHP 15000 Inala\u00e7\u00f5es foi concebido para fornecer at\u00e9 <strong>15.000 puffs<\/strong>, garantindo uma experi\u00eancia de vaping duradoura sem a necessidade de recargas ou substitui\u00e7\u00f5es frequentes.<\/p>\n<p>2. <strong>Quais s\u00e3o as concentra\u00e7\u00f5es de nicotina dispon\u00edveis para o FIHP 15000?<\/strong><\/p>\n<p>O FIHP 15000 vem com uma <strong>cartucho de 22ml de e-l\u00edquido pr\u00e9-preenchido<\/strong> dispon\u00edvel em duas concentra\u00e7\u00f5es de nicotina: <strong>2% e 5% de nicotina<\/strong>. Isso permite-lhe escolher a intensidade que melhor se adapta \u00e0 sua prefer\u00eancia.<\/p>\n<p>3. <strong>O FIHP 15000 \u00e9 recarreg\u00e1vel e qual o m\u00e9todo de carregamento que utiliza?<\/strong><\/p>\n<p>Sim, o FIHP 15000 possui uma <strong>bateria recarreg\u00e1vel de 650mAh<\/strong> e suporta <strong>carregamento r\u00e1pido Tipo-C<\/strong>, tornando-o conveniente para recarregar sempre que necess\u00e1rio.<\/p>\n<p>4. <strong>Quais s\u00e3o os sabores dispon\u00edveis para o FIHP 15000?<\/strong><\/p>\n<p>O FIHP 15000 oferece <strong>10 sabores deliciosos<\/strong>, incluindo Strawberry Ice, Watermelon Kiwi, Mango Passionfruit e Cola Ice. Com tanta variedade, h\u00e1 um sabor para cada prefer\u00eancia de gosto!<\/p>\n<p>5. <strong>Onde posso comprar o FIHP 15000 Puffs a pre\u00e7o de atacado?<\/strong><\/p>\n<p>Pode comprar o FIHP 15000 Puffs em <strong>pre\u00e7os de grosso<\/strong> de <strong>vapestornado loja de vape online<\/strong>, uma fonte confi\u00e1vel para produtos de vaping premium.<\/p>\n<\/div>\n<\/div>\n<\/div>\n<\/div>\n<div class=\"mb-2 flex gap-3 empty:hidden -ml-2\">\n<div class=\"items-center justify-start rounded-xl p-1 flex\"><\/div>\n<\/div>\n<\/div>\n<\/div>\n<\/div>\n<\/div>\n<div class=\"flex-shrink-0 flex flex-col relative items-end\">\n<div class=\"pt-0\">\n<div class=\"gizmo-bot-avatar flex h-8 w-8 items-center justify-center overflow-hidden rounded-full\">\n<div class=\"relative p-1 rounded-sm flex items-center justify-center bg-token-main-surface-primary text-token-text-primary h-8 w-8\">\n<div class=\"mb-2 flex gap-3 empty:hidden -ml-2\">\n<div role=\"article\" data-tabster=\"{&quot;groupper&quot;:{&quot;tabbability&quot;:2},&quot;focusable&quot;:{}}\" data-content=\"ai-message\" aria-labelledby=\"Vdt5ez4X7Tg813x6rFVha-author Vdt5ez4X7Tg813x6rFVha-content\">\n<div id=\"Vdt5ez4X7Tg813x6rFVha-content\">\n<div role=\"article\" data-tabster=\"{&quot;groupper&quot;:{&quot;tabbability&quot;:2},&quot;focusable&quot;:{}}\" data-content=\"ai-message\" aria-labelledby=\"o968oC7CEo2fGHsGdsRYC-author o968oC7CEo2fGHsGdsRYC-content\">\n<div id=\"o968oC7CEo2fGHsGdsRYC-content\">\n<p>&nbsp;<\/p>\n<h3>Porqu\u00ea escolher a vapestornado para Atacado de Vapes FIHP 15000 Puffs?<\/h3>\n<div class=\"flex-shrink-0 flex flex-col relative items-end\">\n<div class=\"pt-0\">\n<div class=\"gizmo-bot-avatar flex h-8 w-8 items-center justify-center overflow-hidden rounded-full\">\n<div class=\"relative p-1 rounded-sm flex items-center justify-center bg-token-main-surface-primary text-token-text-primary h-8 w-8\">\n<p>Bem-vindo \u00e0 vapestornado, a sua loja de vape online de confian\u00e7a para vapes descart\u00e1veis premium. Com mais de 5 anos de experi\u00eancia, trazemos-lhe marcas populares de vapes descart\u00e1veis, como Fumot RandM Vape, <a href=\"https:\/\/vapestornado.com\/pt\/product-category\/vapme-shisha\/\">Vapme<\/a>, Bang Vape, Waspe Vape e WGA Vape, etc.<\/p>\n<p>A nossa gama inclui vapes de venda quente como o <a href=\"https:\/\/vapestornado.com\/pt\/product\/randm-12000-puffs-fumot-digital-disposable-vape-wholesale-price\/\">RandM Tornado 12000<\/a>, e op\u00e7\u00f5es ricas em sabor como o <a href=\"https:\/\/vapestornado.com\/pt\/product\/wga-crystal-pro-max-extra-15000-puffs-rechargeable-disposable-vape-wholesale-bulk-buy\/\">\u00a0Cristal WGA 15k Puffs<\/a> Cada produto \u00e9 selecionado com foco na qualidade, valor e variedade, garantindo que encontre a combina\u00e7\u00e3o perfeita para as suas necessidades. Descubra um servi\u00e7o excecional e uma vasta gama de produtos de topo com pre\u00e7o de atacado na vapestornado.<\/p>\n<\/div>\n<p>&nbsp;<\/p>\n<p><strong>Outros Vapes Descart\u00e1veis Mais Vendidos<\/strong><\/p>\n<p><a href=\"https:\/\/vapestornado.com\/pt\/product\/bang-vape-35000-puffs-low-nicotine-bulk-buy-rechargeable-disposable-vapes-box-wholesale-price\/\">Bang Vape 35000 Puffs <span style=\"color: #ff0000;\"><strong>&gt;&gt;&gt;&gt; Ir !<\/strong><\/span><\/a><\/p>\n<p><a href=\"https:\/\/vapestornado.com\/pt\/product\/vopk-ultra-40000-puffs-2-in-1-digital-screen-rechargeable-disposable-vape\/\">VOPK 40000 Sabor Duplo<span style=\"color: #ff0000;\"><strong>&gt;&gt;&gt;&gt; Ir !<\/strong><\/span><\/a><\/p>\n<p><a href=\"https:\/\/vapestornado.com\/pt\/product\/bood-twins-46000-puff-double-flavour-low-nicotine-disposable-vape-wholesale-bulk-buy-price\/\">Bood Twins 46000<span style=\"color: #ff0000;\"><strong>&gt;&gt;&gt;&gt; Ir !<\/strong><\/span><\/a><\/p>\n<\/div>\n<\/div>\n<\/div>\n<p>&nbsp;<\/p>\n<\/div>\n<\/div>\n<\/div>\n<\/div>\n<\/div>\n<\/div>\n<\/div>\n<\/div>\n<\/div>","protected":false},"excerpt":{"rendered":"<p>Vape Tornado FIHP 15000 Puffs 21% Baixo N\u00edvel de Nicotina Venda a Grosso<br \/>\nVape Tornado 15k FIHP Ecr\u00e3 Digital Vape Descart\u00e1vel Venda a Granel<br \/>\nVape Tornado Descart\u00e1vel Recarreg\u00e1vel FIHP 15000 Puffs<\/p>\n<p><strong>Adicione o WhatsApp da Amy para uma resposta r\u00e1pida e cup\u00e3o de vape!<\/strong><\/p>\n<p><img fetchpriority=\"high\" decoding=\"async\" class=\"size-full wp-image-2932\" src=\"https:\/\/vapestornado.com\/wp-content\/uploads\/2024\/12\/Vape-Wholesale.jpg\" alt=\"Vape Atacado\" width=\"229\" height=\"300\" \/><\/p>\n<h3><a href=\"https:\/\/wa.me\/8617776015835\"><span style=\"color: #ff0000;\"><strong>WhatsApp: +86 17776015835<\/strong><\/span><\/a><\/h3>\n<p>&nbsp;<\/p>","protected":false},"featured_media":3561,"comment_status":"open","ping_status":"closed","template":"","meta":{"_acf_changed":false,"_uag_custom_page_level_css":"","_lmt_disableupdate":"no","_lmt_disable":"","_monsterinsights_skip_tracking":false,"_monsterinsights_sitenote_active":false,"_monsterinsights_sitenote_note":"","_monsterinsights_sitenote_category":0,"site-sidebar-layout":"default","site-content-layout":"","ast-site-content-layout":"default","site-content-style":"default","site-sidebar-style":"default","ast-global-header-display":"","ast-banner-title-visibility":"","ast-main-header-display":"","ast-hfb-above-header-display":"","ast-hfb-below-header-display":"","ast-hfb-mobile-header-display":"","site-post-title":"","ast-breadcrumbs-content":"","ast-featured-img":"","footer-sml-layout":"","ast-disable-related-posts":"","theme-transparent-header-meta":"default","adv-header-id-meta":"","stick-header-meta":"","header-above-stick-meta":"","header-main-stick-meta":"","header-below-stick-meta":"","astra-migrate-meta-layouts":"set","ast-page-background-enabled":"default","ast-page-background-meta":{"desktop":{"background-color":"","background-image":"","background-repeat":"repeat","background-position":"center center","background-size":"auto","background-attachment":"scroll","background-type":"","background-media":"","overlay-type":"","overlay-color":"","overlay-opacity":"","overlay-gradient":""},"tablet":{"background-color":"","background-image":"","background-repeat":"repeat","background-position":"center center","background-size":"auto","background-attachment":"scroll","background-type":"","background-media":"","overlay-type":"","overlay-color":"","overlay-opacity":"","overlay-gradient":""},"mobile":{"background-color":"","background-image":"","background-repeat":"repeat","background-position":"center center","background-size":"auto","background-attachment":"scroll","background-type":"","background-media":"","overlay-type":"","overlay-color":"","overlay-opacity":"","overlay-gradient":""}},"ast-content-background-meta":{"desktop":{"background-color":"var(--ast-global-color-5)","background-image":"","background-repeat":"repeat","background-position":"center center","background-size":"auto","background-attachment":"scroll","background-type":"","background-media":"","overlay-type":"","overlay-color":"","overlay-opacity":"","overlay-gradient":""},"tablet":{"background-color":"var(--ast-global-color-5)","background-image":"","background-repeat":"repeat","background-position":"center center","background-size":"auto","background-attachment":"scroll","background-type":"","background-media":"","overlay-type":"","overlay-color":"","overlay-opacity":"","overlay-gradient":""},"mobile":{"background-color":"var(--ast-global-color-5)","background-image":"","background-repeat":"repeat","background-position":"center center","background-size":"auto","background-attachment":"scroll","background-type":"","background-media":"","overlay-type":"","overlay-color":"","overlay-opacity":"","overlay-gradient":""}},"_joinchat":{"telephone":"+8617776015835"}},"product_brand":[],"product_cat":[19,71,150,160,143,146,148],"product_tag":[165,105,215,97,166,94,114,216],"class_list":{"0":"post-3516","1":"product","2":"type-product","3":"status-publish","4":"has-post-thumbnail","6":"product_cat-vapes","7":"product_cat-15000-puff","8":"product_cat-buy-disposable-vapes-in-belgium","9":"product_cat-buy-disposable-vapes-in-switzerland","10":"product_cat-dual-mesh-disposable-vapes","11":"product_cat-rechargeable-disposable-vapes","12":"product_cat-tornado-disposable-vapes","13":"product_tag-cheap-vapes","14":"product_tag-digital-disposable-vape","15":"product_tag-fihp-15000","16":"product_tag-hot-sale-disposable-vape","17":"product_tag-low-nicotine-vape","18":"product_tag-rechargeable-disposable-vape","19":"product_tag-tornado-vape","20":"product_tag-tornado-vape-fihp-15000","21":"desktop-align-left","22":"tablet-align-left","23":"mobile-align-left","25":"first","26":"instock","27":"sale","28":"shipping-taxable","29":"purchasable","30":"product-type-simple"},"acf":[],"uagb_featured_image_src":{"full":["https:\/\/vapestornado.com\/wp-content\/uploads\/2024\/12\/FIHP-15000-Puffs-Vape.webp",1000,1000,false],"thumbnail":["https:\/\/vapestornado.com\/wp-content\/uploads\/2024\/12\/FIHP-15000-Puffs-Vape-150x150.webp",150,150,true],"medium":["https:\/\/vapestornado.com\/wp-content\/uploads\/2024\/12\/FIHP-15000-Puffs-Vape-300x300.webp",300,300,true],"medium_large":["https:\/\/vapestornado.com\/wp-content\/uploads\/2024\/12\/FIHP-15000-Puffs-Vape-768x768.webp",768,768,true],"large":["https:\/\/vapestornado.com\/wp-content\/uploads\/2024\/12\/FIHP-15000-Puffs-Vape.webp",1000,1000,false],"1536x1536":["https:\/\/vapestornado.com\/wp-content\/uploads\/2024\/12\/FIHP-15000-Puffs-Vape.webp",1000,1000,false],"2048x2048":["https:\/\/vapestornado.com\/wp-content\/uploads\/2024\/12\/FIHP-15000-Puffs-Vape.webp",1000,1000,false],"trp-custom-language-flag":["https:\/\/vapestornado.com\/wp-content\/uploads\/2024\/12\/FIHP-15000-Puffs-Vape.webp",12,12,false],"woocommerce_thumbnail":["https:\/\/vapestornado.com\/wp-content\/uploads\/2024\/12\/FIHP-15000-Puffs-Vape-300x300.webp",300,300,true],"woocommerce_single":["https:\/\/vapestornado.com\/wp-content\/uploads\/2024\/12\/FIHP-15000-Puffs-Vape-600x600.webp",600,600,true],"woocommerce_gallery_thumbnail":["https:\/\/vapestornado.com\/wp-content\/uploads\/2024\/12\/FIHP-15000-Puffs-Vape-100x100.webp",100,100,true]},"uagb_author_info":{"display_name":"ESAMY","author_link":"https:\/\/vapestornado.com\/pt\/author\/"},"uagb_comment_info":0,"uagb_excerpt":"Tornado Vape FIHP 15000 Puffs 2% Low Nicotine Wholesale Tornado Vape 15k FIHP Digital Display Disposable Vape Bulk Buy FIHP 15000 Puffs Tornado Rechargeable Disposable Vapey Add Amy's whatsapp get right reply and vape coupon! WhatsApp: +86 17776015835 &nbsp;","_links":{"self":[{"href":"https:\/\/vapestornado.com\/pt\/wp-json\/wp\/v2\/product\/3516","targetHints":{"allow":["GET"]}}],"collection":[{"href":"https:\/\/vapestornado.com\/pt\/wp-json\/wp\/v2\/product"}],"about":[{"href":"https:\/\/vapestornado.com\/pt\/wp-json\/wp\/v2\/types\/product"}],"replies":[{"embeddable":true,"href":"https:\/\/vapestornado.com\/pt\/wp-json\/wp\/v2\/comments?post=3516"}],"wp:featuredmedia":[{"embeddable":true,"href":"https:\/\/vapestornado.com\/pt\/wp-json\/wp\/v2\/media\/3561"}],"wp:attachment":[{"href":"https:\/\/vapestornado.com\/pt\/wp-json\/wp\/v2\/media?parent=3516"}],"wp:term":[{"taxonomy":"product_brand","embeddable":true,"href":"https:\/\/vapestornado.com\/pt\/wp-json\/wp\/v2\/product_brand?post=3516"},{"taxonomy":"product_cat","embeddable":true,"href":"https:\/\/vapestornado.com\/pt\/wp-json\/wp\/v2\/product_cat?post=3516"},{"taxonomy":"product_tag","embeddable":true,"href":"https:\/\/vapestornado.com\/pt\/wp-json\/wp\/v2\/product_tag?post=3516"}],"curies":[{"name":"wp","href":"https:\/\/api.w.org\/{rel}","templated":true}]}}