{"id":3515,"date":"2024-12-28T08:19:21","date_gmt":"2024-12-28T08:19:21","guid":{"rendered":"https:\/\/vapestornado.com\/?post_type=product&#038;p=3515"},"modified":"2025-08-23T12:19:13","modified_gmt":"2025-08-23T12:19:13","slug":"uwin-shisha-hookah-crystal-20000-puffs-new-vape-bulk-price","status":"publish","type":"product","link":"https:\/\/vapestornado.com\/pt\/product\/uwin-shisha-hookah-crystal-20000-puffs-new-vape-bulk-price\/","title":{"rendered":"Uwin SHISHA HOOKAH Crystal 20000 Puffs Novo Vape Pre\u00e7o a Granel"},"content":{"rendered":"<h1>Uwin SHISHA HOOKAH Crystal 20000 Puffs Novo Vape Pre\u00e7o a Granel<\/h1>\n<p>O <strong data-start=\"291\" data-end=\"333\">Uwin Shisha Hookah Cristal 20000 Puffs<\/strong> \u00e9 um vape descart\u00e1vel premium projetado para retalhistas e distribuidores que procuram <strong data-start=\"415\" data-end=\"438\">solu\u00e7\u00f5es de vape a granel<\/strong> com forte procura em toda a Europa. Cada dispositivo oferece at\u00e9 <strong data-start=\"500\" data-end=\"523\">20.000 puffs suaves<\/strong>, pr\u00e9-cheio com <strong data-start=\"541\" data-end=\"561\">25ml de e-l\u00edquido<\/strong> e alimentado por uma <strong data-start=\"580\" data-end=\"618\">bateria de cobalto recarreg\u00e1vel de 850mAh<\/strong> com carregamento <strong data-start=\"629\" data-end=\"648\">carregamento Tipo-C<\/strong>.<\/p>\n<p>Dispon\u00edvel em <strong data-start=\"672\" data-end=\"713\">0%, 2%, 3% e 5% de nicotina<\/strong>, oferece flexibilidade para cada tipo de cliente. O <strong data-start=\"769\" data-end=\"793\">tecnologia de resist\u00eancia de malha<\/strong> garante um sabor rico e nuvens densas, enquanto o <strong data-start=\"842\" data-end=\"867\">design de shisha de cristal<\/strong> adiciona um apelo moderno e elegante.<\/p>\n<p>Com <strong data-start=\"913\" data-end=\"940\">12 sabores mais vendidos<\/strong> e embalagens pr\u00e1ticas de venda por grosso (<strong data-start=\"976\" data-end=\"1019\">10 unidades\/caixa, 200 unidades\/caixa, 20,3 kg\/caixa<\/strong>), o Uwin Crystal 20K foi constru\u00eddo tanto para <strong data-start=\"1061\" data-end=\"1109\">prateleiras de retalho como para grandes encomendas de distribui\u00e7\u00e3o<\/strong>. Compacto, mas potente, combina <strong data-start=\"1145\" data-end=\"1192\">fiabilidade, desempenho e acessibilidade<\/strong>, tornando-o um dos vapes de venda por grosso mais competitivos na categoria de 20 mil puffs.<img fetchpriority=\"high\" decoding=\"async\" class=\"wp-image-3531\" style=\"font-style: inherit; font-weight: 600;\" src=\"https:\/\/vapestornado.com\/wp-content\/uploads\/2024\/12\/UWIN-VAPES-HOOKAH-Crystal-20000-Puffs-Grape-ice.jpg\" alt=\"UWIN VAPES CACHIMBO de \u00c1GUA Crystal 20000 Vapores Uva gelo\" width=\"473\" height=\"473\" srcset=\"https:\/\/vapestornado.com\/wp-content\/uploads\/2024\/12\/UWIN-VAPES-HOOKAH-Crystal-20000-Puffs-Grape-ice.jpg 800w, https:\/\/vapestornado.com\/wp-content\/uploads\/2024\/12\/UWIN-VAPES-HOOKAH-Crystal-20000-Puffs-Grape-ice-300x300.jpg 300w, https:\/\/vapestornado.com\/wp-content\/uploads\/2024\/12\/UWIN-VAPES-HOOKAH-Crystal-20000-Puffs-Grape-ice-150x150.jpg 150w, https:\/\/vapestornado.com\/wp-content\/uploads\/2024\/12\/UWIN-VAPES-HOOKAH-Crystal-20000-Puffs-Grape-ice-768x768.jpg 768w, https:\/\/vapestornado.com\/wp-content\/uploads\/2024\/12\/UWIN-VAPES-HOOKAH-Crystal-20000-Puffs-Grape-ice-600x600.jpg 600w, https:\/\/vapestornado.com\/wp-content\/uploads\/2024\/12\/UWIN-VAPES-HOOKAH-Crystal-20000-Puffs-Grape-ice-100x100.jpg 100w\" sizes=\"(max-width: 473px) 100vw, 473px\" \/><\/p>\n<div role=\"article\" data-tabster=\"{&quot;groupper&quot;:{&quot;tabbability&quot;:2},&quot;focusable&quot;:{}}\" data-content=\"ai-message\" aria-labelledby=\"64JRvXrTnY7mRmPkEQLLT-author 64JRvXrTnY7mRmPkEQLLT-content\">\n<div id=\"64JRvXrTnY7mRmPkEQLLT-content\">UWIN VAPES CACHIMBO de \u00c1GUA Crystal 20000 Vapores Uva gelo<\/div>\n<\/div>\n<p><img decoding=\"async\" class=\"alignleft wp-image-2951 size-medium\" src=\"https:\/\/vapestornado.com\/wp-content\/uploads\/2024\/12\/Wholesale-Disposable-Vape-265x300.jpg\" alt=\"Vape Descart\u00e1vel por Grosso\" width=\"265\" height=\"300\" srcset=\"https:\/\/vapestornado.com\/wp-content\/uploads\/2024\/12\/Wholesale-Disposable-Vape-265x300.jpg 265w, https:\/\/vapestornado.com\/wp-content\/uploads\/2024\/12\/Wholesale-Disposable-Vape-768x871.jpg 768w, https:\/\/vapestornado.com\/wp-content\/uploads\/2024\/12\/Wholesale-Disposable-Vape-600x680.jpg 600w, https:\/\/vapestornado.com\/wp-content\/uploads\/2024\/12\/Wholesale-Disposable-Vape.jpg 823w\" sizes=\"(max-width: 265px) 100vw, 265px\" \/><\/p>\n<h6>Por favor, contacte o WhatsApp da Mandy para pre\u00e7o com desconto:<a href=\"https:\/\/wa.me\/8618077105796\" target=\"_blank\" rel=\"noopener\">+8618077105796<\/a><\/h6>\n<div class=\"flex max-w-full flex-col flex-grow\">\n<div class=\"min-h-8 text-message flex w-full flex-col items-end gap-2 whitespace-normal break-words text-start [.text-message+&amp;]:mt-5\" dir=\"auto\" data-message-author-role=\"assistant\" data-message-id=\"cdb991c0-f594-4bff-b2d5-fbbdd7ce9e54\" data-message-model-slug=\"gpt-4o-mini\">\n<div class=\"flex w-full flex-col gap-1 empty:hidden first:pt-[3px]\">\n<div class=\"markdown prose w-full break-words dark:prose-invert light\"><\/div>\n<\/div>\n<\/div>\n<\/div>\n<div class=\"mb-2 flex gap-3 empty:hidden -ml-2\">\n<h2><strong>Uwin VAPE SHISHA Crystal 20000 Vapores <\/strong>Caracter\u00edsticas not\u00e1veis:<\/h2>\n<ul>\n<li><strong>N\u00edveis de Nicotina<\/strong>: 0%, 2%, 3%, 5%<\/li>\n<li><strong>Sopros<\/strong>: At\u00e9 20.000<\/li>\n<li><strong>L\u00edquido<\/strong>: Capacidade de 25ml<\/li>\n<li><strong>Bateria<\/strong>: 850mAh recarreg\u00e1vel, porta Tipo-C<\/li>\n<li><strong>Bobina<\/strong>: Bobina de malha para sabor rico<\/li>\n<li><strong>Sabores<\/strong>: 12 op\u00e7\u00f5es<\/li>\n<li><strong>Embalagem<\/strong>: 10 unid\/caixa, 200 unid\/caixa de cart\u00e3o<\/li>\n<li><strong>Especifica\u00e7\u00f5es da caixa de cart\u00e3o<\/strong>: 20,3 kg, 39,5 \u00d7 39 \u00d7 30,5 cm<\/li>\n<li><strong>Estilo de Vaping<\/strong>: Direto para o pulm\u00e3o (DTL)<\/li>\n<\/ul>\n<\/div>\n<h2><strong>Uwin SHISHA CACHIMBO de \u00c1GUA Crystal VAPES 20k Vapores<\/strong> Lista de Sabores:<\/h2>\n<p>1. Mirtilo no gelo<br \/>\n2.Kiwi maracuj\u00e1 goiaba<br \/>\n3.Morango kiwi<br \/>\n4.Frutos silvestres mistos<br \/>\n5.Morango melancia<br \/>\n6.Gelo de uva<br \/>\n7. Gelo de melancia<br \/>\n8.Gelo de cereja<br \/>\n9.Gelo de morango<br \/>\n10.Gelo de p\u00eassego<br \/>\n11.Mirtilo e framboesa<br \/>\n12. Love 66<\/p>\n<div role=\"article\" data-tabster=\"{&quot;groupper&quot;:{&quot;tabbability&quot;:2},&quot;focusable&quot;:{}}\" data-content=\"ai-message\" aria-labelledby=\"dARUyEWDoEYhnSPXFwx5A-author dARUyEWDoEYhnSPXFwx5A-content\">\n<div id=\"dARUyEWDoEYhnSPXFwx5A-content\">\n<h2>Porqu\u00ea escolher o <strong>Uwin SHISHA HOOKAH Cristal 20000 Puffs <\/strong>at <a href=\"https:\/\/vapestornado.com\/pt\/product\/bang-box-35k-puffs-high-capacity-long-lasting-disposable-vape\/\">vapestornado.com?<\/a><\/h2>\n<p>Se procura vapes descart\u00e1veis premium a pre\u00e7os competitivos, o vapestornado.com \u00e9 a sua fonte de confian\u00e7a para o <strong>Uwin Shisha Cristal 20000 Puff<\/strong>. Eis por que motivo este produto e a nossa plataforma se destacam:<\/p>\n<ul>\n<li><strong>Longevidade Excecional<\/strong><br \/>\nO Uwin Shisha Hookah Crystal oferece at\u00e9 <strong>20.000 puffs<\/strong>, tornando-o um dos vapes descart\u00e1veis de maior dura\u00e7\u00e3o no mercado. Perfeito para vapers \u00e1vidos e para quem procura uma utiliza\u00e7\u00e3o prolongada.<\/li>\n<li><strong>Op\u00e7\u00f5es Diversificadas de Nicotina<\/strong><br \/>\nPara atender a todas as prefer\u00eancias, este vape est\u00e1 dispon\u00edvel em <strong>0%, 2%, 3% e 5% de nicotina<\/strong>, tornando-o ideal tanto para utilizadores ocasionais como para utilizadores regulares.<\/li>\n<li><strong>Variedade de Sabores<\/strong><br \/>\nEscolha entre <strong>12 sabores premium<\/strong>, cuidadosamente elaborados para satisfazer uma variedade de gostos, desde os favoritos frutados at\u00e9 \u00e0s misturas frescas de mentol.<\/li>\n<li><strong>Tecnologia Avan\u00e7ada<\/strong><br \/>\nEquipado com uma <strong>resist\u00eancia de malha<\/strong> e <strong>bateria de cobalto recarreg\u00e1vel de 850mAh<\/strong>, o dispositivo oferece vapor suave, sabor rico e carregamento r\u00e1pido e conveniente atrav\u00e9s de um <strong>Tipo-C<\/strong>.<\/li>\n<li><strong>Conveni\u00eancia no Atacado<\/strong><br \/>\nEm vapestornado.com, desfrute de op\u00e7\u00f5es de embalagens a granel com <strong>10 pe\u00e7as por caixa<\/strong> e <strong>200 unidades por caixa<\/strong>, perfeitas para retalhistas e distribuidores.<\/li>\n<li><strong>Fornecedor Confi\u00e1vel<\/strong><br \/>\nvapestornado.com \u00e9 conhecido pelo seu servi\u00e7o fi\u00e1vel, produtos genu\u00ednos e pre\u00e7os competitivos, tornando-o a plataforma de elei\u00e7\u00e3o para vapes de alta qualidade.<\/li>\n<\/ul>\n<\/div>\n<\/div>\n<h2>Perguntas Frequentes Sobre <strong>Uwin SHISHA HOOKAH Cristal 20000 Puffs <\/strong>Pods de Vape<\/h2>\n<p>&nbsp;<\/p>\n<p><strong>1. Quantas inala\u00e7\u00f5es posso obter do Uwin Shisha Hookah Vapes 20k puff?<\/strong><br \/>\nCada pod oferece at\u00e9 <strong>20.000 puffs<\/strong>, tornando-o uma op\u00e7\u00e3o de longa dura\u00e7\u00e3o para vaping regular.<\/p>\n<p><strong>2. Quais s\u00e3o as concentra\u00e7\u00f5es de nicotina dispon\u00edveis para Uwin Crystal 20000 Puffs?<\/strong><br \/>\nO Uwin Shisha Hookah Crystal vem em <strong>0%, 2%, 3% e 5%<\/strong> op\u00e7\u00f5es para se adequar a diferentes prefer\u00eancias.<\/p>\n<p><strong>3. Quanto e-l\u00edquido cont\u00e9m o Uwin Crystal Vapes 20k Puffs?<\/strong><br \/>\nCada pod vem pr\u00e9-cheio com <strong>25ml de e-l\u00edquido premium<\/strong> para uso prolongado.<\/p>\n<p><strong>4. Quanto tempo demora a entregar os Vape Pods Uwin Shisha Hookah Crystal 20000 Puffs para o meu pa\u00eds?<\/strong><br \/>\nO tempo de entrega varia dependendo da sua localiza\u00e7\u00e3o e do m\u00e9todo de envio selecionado. Para pa\u00edses europeus, o envio padr\u00e3o geralmente demora 10<strong>\u201315 dias \u00fateis.<\/strong> Se houver feriados, o tempo de entrega da encomenda ser\u00e1 atrasado.<\/p>\n<p><strong>5. Como posso seguir a minha encomenda?<\/strong><br \/>\nAssim que a sua encomenda for enviada, ir\u00e1 receber um n\u00famero de seguimento do fornecedor ou retalhista. Utilize-o para monitorizar o progresso da sua entrega.<\/p>","protected":false},"excerpt":{"rendered":"<p>Uwin Shisha Hookah Crystal 20000 Puffs Vape, pre\u00e7os a granel, sabores premium, recarreg\u00e1vel, 2% ou 5% de nicotina, ecol\u00f3gico. Perfeito para compradores grossistas em Portugal.<\/p>\n<figure id=\"attachment_2951\" aria-describedby=\"caption-attachment-2951\" style=\"width: 265px\" class=\"wp-caption alignnone\"><img decoding=\"async\" class=\"size-medium wp-image-2951\" src=\"https:\/\/vapestornado.com\/wp-content\/uploads\/2024\/12\/Wholesale-Disposable-Vape-265x300.jpg\" alt=\"Vape Descart\u00e1vel por Grosso\" width=\"265\" height=\"300\" srcset=\"https:\/\/vapestornado.com\/wp-content\/uploads\/2024\/12\/Wholesale-Disposable-Vape-265x300.jpg 265w, https:\/\/vapestornado.com\/wp-content\/uploads\/2024\/12\/Wholesale-Disposable-Vape-768x871.jpg 768w, https:\/\/vapestornado.com\/wp-content\/uploads\/2024\/12\/Wholesale-Disposable-Vape-600x680.jpg 600w, https:\/\/vapestornado.com\/wp-content\/uploads\/2024\/12\/Wholesale-Disposable-Vape.jpg 823w\" sizes=\"(max-width: 265px) 100vw, 265px\" \/><figcaption id=\"caption-attachment-2951\" class=\"wp-caption-text\">Por favor, contacte o WhatsApp da Mandy para pre\u00e7o com desconto\u00a0 <a href=\"https:\/\/wa.me\/8618077105796\">+8618077105796<\/a><\/figcaption><\/figure>\n<p>&nbsp;<\/p>","protected":false},"featured_media":3520,"comment_status":"open","ping_status":"closed","template":"","meta":{"_acf_changed":false,"_uag_custom_page_level_css":"","_lmt_disableupdate":"no","_lmt_disable":"","_monsterinsights_skip_tracking":false,"_monsterinsights_sitenote_active":false,"_monsterinsights_sitenote_note":"","_monsterinsights_sitenote_category":0,"site-sidebar-layout":"default","site-content-layout":"","ast-site-content-layout":"default","site-content-style":"default","site-sidebar-style":"default","ast-global-header-display":"","ast-banner-title-visibility":"","ast-main-header-display":"","ast-hfb-above-header-display":"","ast-hfb-below-header-display":"","ast-hfb-mobile-header-display":"","site-post-title":"","ast-breadcrumbs-content":"","ast-featured-img":"","footer-sml-layout":"","ast-disable-related-posts":"","theme-transparent-header-meta":"default","adv-header-id-meta":"","stick-header-meta":"","header-above-stick-meta":"","header-main-stick-meta":"","header-below-stick-meta":"","astra-migrate-meta-layouts":"set","ast-page-background-enabled":"default","ast-page-background-meta":{"desktop":{"background-color":"","background-image":"","background-repeat":"repeat","background-position":"center center","background-size":"auto","background-attachment":"scroll","background-type":"","background-media":"","overlay-type":"","overlay-color":"","overlay-opacity":"","overlay-gradient":""},"tablet":{"background-color":"","background-image":"","background-repeat":"repeat","background-position":"center center","background-size":"auto","background-attachment":"scroll","background-type":"","background-media":"","overlay-type":"","overlay-color":"","overlay-opacity":"","overlay-gradient":""},"mobile":{"background-color":"","background-image":"","background-repeat":"repeat","background-position":"center center","background-size":"auto","background-attachment":"scroll","background-type":"","background-media":"","overlay-type":"","overlay-color":"","overlay-opacity":"","overlay-gradient":""}},"ast-content-background-meta":{"desktop":{"background-color":"var(--ast-global-color-5)","background-image":"","background-repeat":"repeat","background-position":"center center","background-size":"auto","background-attachment":"scroll","background-type":"","background-media":"","overlay-type":"","overlay-color":"","overlay-opacity":"","overlay-gradient":""},"tablet":{"background-color":"var(--ast-global-color-5)","background-image":"","background-repeat":"repeat","background-position":"center center","background-size":"auto","background-attachment":"scroll","background-type":"","background-media":"","overlay-type":"","overlay-color":"","overlay-opacity":"","overlay-gradient":""},"mobile":{"background-color":"var(--ast-global-color-5)","background-image":"","background-repeat":"repeat","background-position":"center center","background-size":"auto","background-attachment":"scroll","background-type":"","background-media":"","overlay-type":"","overlay-color":"","overlay-opacity":"","overlay-gradient":""}},"_joinchat":{"telephone":"+8618077105796"}},"product_brand":[],"product_cat":[69,150,151,153,157,141],"product_tag":[97,217],"class_list":{"0":"post-3515","1":"product","2":"type-product","3":"status-publish","4":"has-post-thumbnail","6":"product_cat-20000-puff","7":"product_cat-buy-disposable-vapes-in-belgium","8":"product_cat-buy-disposable-vapes-in-france","9":"product_cat-buy-disposable-vapes-in-italy","10":"product_cat-buy-disposable-vapes-in-portugal","11":"product_cat-crystal-disposable-vapes","12":"product_tag-hot-sale-disposable-vape","13":"product_tag-uwin-shisha-hookah-crystal-20000-puffs","14":"desktop-align-left","15":"tablet-align-left","16":"mobile-align-left","18":"first","19":"instock","20":"sale","21":"shipping-taxable","22":"purchasable","23":"product-type-simple"},"acf":[],"uagb_featured_image_src":{"full":["https:\/\/vapestornado.com\/wp-content\/uploads\/2024\/12\/Good-Sale-UWIN-HOOKAH-Crystal-20000-Puffs-Watermelon-ice.jpg",800,800,false],"thumbnail":["https:\/\/vapestornado.com\/wp-content\/uploads\/2024\/12\/Good-Sale-UWIN-HOOKAH-Crystal-20000-Puffs-Watermelon-ice-150x150.jpg",150,150,true],"medium":["https:\/\/vapestornado.com\/wp-content\/uploads\/2024\/12\/Good-Sale-UWIN-HOOKAH-Crystal-20000-Puffs-Watermelon-ice-300x300.jpg",300,300,true],"medium_large":["https:\/\/vapestornado.com\/wp-content\/uploads\/2024\/12\/Good-Sale-UWIN-HOOKAH-Crystal-20000-Puffs-Watermelon-ice-768x768.jpg",768,768,true],"large":["https:\/\/vapestornado.com\/wp-content\/uploads\/2024\/12\/Good-Sale-UWIN-HOOKAH-Crystal-20000-Puffs-Watermelon-ice.jpg",800,800,false],"1536x1536":["https:\/\/vapestornado.com\/wp-content\/uploads\/2024\/12\/Good-Sale-UWIN-HOOKAH-Crystal-20000-Puffs-Watermelon-ice.jpg",800,800,false],"2048x2048":["https:\/\/vapestornado.com\/wp-content\/uploads\/2024\/12\/Good-Sale-UWIN-HOOKAH-Crystal-20000-Puffs-Watermelon-ice.jpg",800,800,false],"trp-custom-language-flag":["https:\/\/vapestornado.com\/wp-content\/uploads\/2024\/12\/Good-Sale-UWIN-HOOKAH-Crystal-20000-Puffs-Watermelon-ice.jpg",12,12,false],"woocommerce_thumbnail":["https:\/\/vapestornado.com\/wp-content\/uploads\/2024\/12\/Good-Sale-UWIN-HOOKAH-Crystal-20000-Puffs-Watermelon-ice-300x300.jpg",300,300,true],"woocommerce_single":["https:\/\/vapestornado.com\/wp-content\/uploads\/2024\/12\/Good-Sale-UWIN-HOOKAH-Crystal-20000-Puffs-Watermelon-ice-600x600.jpg",600,600,true],"woocommerce_gallery_thumbnail":["https:\/\/vapestornado.com\/wp-content\/uploads\/2024\/12\/Good-Sale-UWIN-HOOKAH-Crystal-20000-Puffs-Watermelon-ice-100x100.jpg",100,100,true]},"uagb_author_info":{"display_name":"ESMANDY","author_link":"https:\/\/vapestornado.com\/pt\/author\/"},"uagb_comment_info":0,"uagb_excerpt":"Uwin Shisha Hookah Crystal 20000 Puffs Vape, bulk prices, premium flavors, rechargeable, 2%5% nicotine, eco-friendly. Perfect for wholesale buyers in Europe. [caption id=\"attachment_2951\" align=\"alignnone\" width=\"265\"] Pls Contact Mandy's WhatsApp For Discount Price\u00a0 +8618077105796[\/caption] &nbsp;","_links":{"self":[{"href":"https:\/\/vapestornado.com\/pt\/wp-json\/wp\/v2\/product\/3515","targetHints":{"allow":["GET"]}}],"collection":[{"href":"https:\/\/vapestornado.com\/pt\/wp-json\/wp\/v2\/product"}],"about":[{"href":"https:\/\/vapestornado.com\/pt\/wp-json\/wp\/v2\/types\/product"}],"replies":[{"embeddable":true,"href":"https:\/\/vapestornado.com\/pt\/wp-json\/wp\/v2\/comments?post=3515"}],"wp:featuredmedia":[{"embeddable":true,"href":"https:\/\/vapestornado.com\/pt\/wp-json\/wp\/v2\/media\/3520"}],"wp:attachment":[{"href":"https:\/\/vapestornado.com\/pt\/wp-json\/wp\/v2\/media?parent=3515"}],"wp:term":[{"taxonomy":"product_brand","embeddable":true,"href":"https:\/\/vapestornado.com\/pt\/wp-json\/wp\/v2\/product_brand?post=3515"},{"taxonomy":"product_cat","embeddable":true,"href":"https:\/\/vapestornado.com\/pt\/wp-json\/wp\/v2\/product_cat?post=3515"},{"taxonomy":"product_tag","embeddable":true,"href":"https:\/\/vapestornado.com\/pt\/wp-json\/wp\/v2\/product_tag?post=3515"}],"curies":[{"name":"wp","href":"https:\/\/api.w.org\/{rel}","templated":true}]}}